{"id":6554,"date":"2025-11-21T11:06:35","date_gmt":"2025-11-21T11:06:35","guid":{"rendered":"https:\/\/chemgramx.com\/?post_type=product&#038;p=6554"},"modified":"2025-11-21T11:07:28","modified_gmt":"2025-11-21T11:07:28","slug":"kup-u-49900-online","status":"publish","type":"product","link":"https:\/\/chemgramx.com\/pl\/product\/u-49900-online-kaufen\/","title":{"rendered":"Kup U-49900 online"},"content":{"rendered":"<p data-start=\"476\" data-end=\"977\">U-49900 to syntetyczny zwi\u0105zek chemiczny, kt\u00f3ry jest badany w ramach bada\u0144 farmakologicznych i toksykologicznych. Jest to jeden z tzw. <strong data-start=\"636\" data-end=\"654\">Analogi opioid\u00f3w<\/strong> i zosta\u0142 pierwotnie opracowany w celu lepszego zrozumienia interakcji syntetycznych cz\u0105steczek z receptorami opioidowymi. Ze wzgl\u0119du na strukturalne podobie\u0144stwo do znanych substancji, takich jak U-47700 lub fentanyl, U-49900 by\u0142 przedmiotem licznych bada\u0144 dotycz\u0105cych powinowactwa do receptor\u00f3w, potencjalnej toksyczno\u015bci i metabolizmu.<\/p>\n<p data-start=\"979\" data-end=\"1266\">Z naukowego punktu widzenia badania nad takimi cz\u0105steczkami dostarczaj\u0105 cennych danych na temat <strong data-start=\"1069\" data-end=\"1117\">molekularny <a href=\"\/product\/impvp-online-kaufen\/\">Mechanizmy<\/a> modulacja b\u00f3lu<\/strong> i biochemiczne podstawy dzia\u0142ania opioid\u00f3w. Nacisk nie jest po\u0142o\u017cony na zastosowanie kliniczne, ale na badania podstawowe.<\/p>\n<h2 data-start=\"1273\" data-end=\"1322\">W\u0142a\u015bciwo\u015bci chemiczne i farmakologiczne<\/h2>\n<p data-start=\"1324\" data-end=\"1668\">U-49900 nale\u017cy do grupy <strong data-start=\"1354\" data-end=\"1392\">opioidy na bazie difenyloetyloaminy<\/strong>. Charakteryzuj\u0105 si\u0119 one wysokim powinowactwem wi\u0105zania do receptor\u00f3w \u00b5-opioidowych, kt\u00f3re odpowiadaj\u0105 za dzia\u0142anie przeciwb\u00f3lowe. W analizach laboratoryjnych cz\u0105steczki te wykorzystywane s\u0105 do por\u00f3wnywania struktur wp\u0142ywaj\u0105cych na aktywacj\u0119 receptor\u00f3w, ich skuteczno\u015b\u0107 i selektywno\u015b\u0107.<\/p>\n<p data-start=\"1670\" data-end=\"1977\">Jego znaczenie farmakologiczne polega na mo\u017cliwo\u015bci, <strong data-start=\"1728\" data-end=\"1757\">Zale\u017cno\u015bci mi\u0119dzy efektem a struktur\u0105<\/strong> w celu opracowania przysz\u0142ych \u015brodk\u00f3w przeciwb\u00f3lowych w bardziej ukierunkowany i bezpieczniejszy spos\u00f3b. Jednak substancja ta ma <strong data-start=\"1872\" data-end=\"1902\">Niejasny profil bezpiecze\u0144stwa<\/strong> i dlatego jest przeznaczony wy\u0142\u0105cznie do cel\u00f3w bada\u0144 przedklinicznych.<\/p>\n<h2 data-start=\"1984\" data-end=\"2019\">Typowe zastosowania badawcze<\/h2>\n<p data-start=\"2021\" data-end=\"2140\">U-49900 jest stosowany g\u0142\u00f3wnie w laboratoriach analitycznych i farmakologicznych. S\u0142u\u017cy do analizy:<\/p>\n<ul data-start=\"2142\" data-end=\"2363\">\n<li data-start=\"2142\" data-end=\"2193\">\n<p data-start=\"2144\" data-end=\"2193\">Powinowactwo wi\u0105zania receptora i sygnalizacja<\/p>\n<\/li>\n<li data-start=\"2194\" data-end=\"2250\">\n<p data-start=\"2196\" data-end=\"2250\">Badania por\u00f3wnawcze z innymi syntetycznymi opioidami<\/p>\n<\/li>\n<li data-start=\"2251\" data-end=\"2296\">\n<p data-start=\"2253\" data-end=\"2296\">Rozw\u00f3j kryminalistycznych metod wykrywania<\/p>\n<\/li>\n<li data-start=\"2297\" data-end=\"2363\">\n<p data-start=\"2299\" data-end=\"2363\">Analizy profilu toksykologicznego w kontek\u015bcie bada\u0144 przedklinicznych<\/p>\n<\/li>\n<\/ul>\n<p data-start=\"2365\" data-end=\"2526\">Te podej\u015bcia badawcze pomagaj\u0105 zrozumie\u0107 ryzyko i mechanizmy molekularne syntetycznych opioid\u00f3w oraz poprawi\u0107 przysz\u0142e standardy bezpiecze\u0144stwa.<\/p>\n<h2 data-start=\"2533\" data-end=\"2575\">Wytyczne dotycz\u0105ce bezpiecze\u0144stwa i obs\u0142ugi<\/h2>\n<p data-start=\"2577\" data-end=\"2745\">Poniewa\u017c U-49900 jest silnie dzia\u0142aj\u0105cym zwi\u0105zkiem, nale\u017cy zachowa\u0107 szczeg\u00f3ln\u0105 ostro\u017cno\u015b\u0107 podczas obchodzenia si\u0119 z nim. Praca mo\u017ce by\u0107 wykonywana wy\u0142\u0105cznie w <strong data-start=\"2699\" data-end=\"2733\"><a href=\"\/product\/d-tertylone-online-kaufen\/\">certyfikowany<\/a> \u015arodowiska laboratoryjne<\/strong> mie\u0107 miejsce.<\/p>\n<p data-start=\"2747\" data-end=\"2790\">Zalecane \u015brodki bezpiecze\u0144stwa obejmuj\u0105:<\/p>\n<ul data-start=\"2791\" data-end=\"3042\">\n<li data-start=\"2791\" data-end=\"2861\">\n<p data-start=\"2793\" data-end=\"2861\">\u015arodki ochrony osobistej (r\u0119kawice, ochrona dr\u00f3g oddechowych, fartuch laboratoryjny)<\/p>\n<\/li>\n<li data-start=\"2862\" data-end=\"2924\">\n<p data-start=\"2864\" data-end=\"2924\">Korzystanie z dygestori\u00f3w chemicznych lub system\u00f3w zamkni\u0119tych<\/p>\n<\/li>\n<li data-start=\"2925\" data-end=\"2980\">\n<p data-start=\"2927\" data-end=\"2980\">Dokumentacja wszystkich etap\u00f3w pracy i materia\u0142\u00f3w<\/p>\n<\/li>\n<li data-start=\"2981\" data-end=\"3042\">\n<p data-start=\"2983\" data-end=\"3042\">Bezpieczne przechowywanie w szczelnie zamkni\u0119tych, oznakowanych pojemnikach<\/p>\n<\/li>\n<\/ul>\n<p data-start=\"3044\" data-end=\"3211\">Zgodno\u015b\u0107 z tymi wytycznymi chroni badaczy przed niezamierzonym nara\u017ceniem i zapewnia, \u017ce procesy laboratoryjne przebiegaj\u0105 w spos\u00f3b identyfikowalny i zgodny z przepisami.<\/p>\n<h2 data-start=\"3218\" data-end=\"3254\">Zapewnienie jako\u015bci i analiza<\/h2>\n<p data-start=\"3256\" data-end=\"3444\">Wysokie standardy jako\u015bci s\u0105 niezb\u0119dne dla wiarygodno\u015bci naukowej. Ka\u017cda pr\u00f3bka laboratoryjna powinna by\u0107 weryfikowana przez niezale\u017cne analizy.<br data-start=\"3400\" data-end=\"3403\" \/>Typowe dokumenty testowe obejmuj\u0105<\/p>\n<ul data-start=\"3446\" data-end=\"3668\">\n<li data-start=\"3446\" data-end=\"3515\">\n<p data-start=\"3448\" data-end=\"3515\"><strong data-start=\"3448\" data-end=\"3482\">COA (certyfikat analizy):<\/strong> Dowodzi to\u017csamo\u015bci i czysto\u015bci.<\/p>\n<\/li>\n<li data-start=\"3516\" data-end=\"3588\">\n<p data-start=\"3518\" data-end=\"3588\"><strong data-start=\"3518\" data-end=\"3531\">MSDS\/SDS:<\/strong> Zawiera dane dotycz\u0105ce bezpiecze\u0144stwa obchodzenia si\u0119 i utylizacji.<\/p>\n<\/li>\n<li data-start=\"3589\" data-end=\"3668\">\n<p data-start=\"3591\" data-end=\"3668\"><strong data-start=\"3591\" data-end=\"3627\">Analizy HPLC, GC\/MS i NMR:<\/strong> Zapewnienie dok\u0142adno\u015bci analitycznej.<\/p>\n<\/li>\n<\/ul>\n<p data-start=\"3670\" data-end=\"3780\">Tylko przy u\u017cyciu tych przetestowanych materia\u0142\u00f3w mo\u017cna osi\u0105gn\u0105\u0107 powtarzalne wyniki bada\u0144.<\/p>\n<h2 data-start=\"3670\" data-end=\"3780\">Ramy prawne i etyczne<\/h2>\n<p data-start=\"3826\" data-end=\"4160\">Klasyfikacja prawna U-49900 r\u00f3\u017cni si\u0119 w zale\u017cno\u015bci od kraju. W Niemczech i w du\u017cej cz\u0119\u015bci Europy substancja ta jest klasyfikowana jako <strong data-start=\"3953\" data-end=\"4004\">analogiczne przepisy ustawy o \u015brodkach odurzaj\u0105cych<\/strong>, kt\u00f3ra zakazuje produkcji, handlu i nieautoryzowanego posiadania. W USA i Kanadzie jest on cz\u0119sto u\u017cywany jako <strong data-start=\"4119\" data-end=\"4146\">kontrolowany analog<\/strong> skategoryzowane.<\/p>\n<p data-start=\"4162\" data-end=\"4481\">Badacze musz\u0105 zatem poinformowa\u0107 si\u0119 przed rozpocz\u0119ciem ka\u017cdego projektu o <strong data-start=\"4238\" data-end=\"4315\">przepisy krajowe, zezwolenia instytucjonalne i wytyczne etyczne<\/strong> inform. Tylko praca w jasno okre\u015blonych ramach prawnych gwarantuje bezpiecze\u0144stwo, identyfikowalno\u015b\u0107 i odpowiedzialno\u015b\u0107 naukow\u0105.<\/p>\n<h2 data-start=\"4488\" data-end=\"4498\">Wnioski<\/h2>\n<p data-start=\"4500\" data-end=\"4900\">U-49900 jest wa\u017cn\u0105 substancj\u0105 badawcz\u0105, kt\u00f3ra jest stosowana w farmakologii przedklinicznej do badania <strong data-start=\"4605\" data-end=\"4637\">Interakcje receptor\u00f3w opioidowych<\/strong> s\u0142u\u017cy. Jego wysoka skuteczno\u015b\u0107 i ograniczone dane sprawiaj\u0105, \u017ce jest wa\u017cnym, ale wra\u017cliwym przedmiotem bada\u0144. Substancja ta mo\u017ce by\u0107 stosowana wy\u0142\u0105cznie w kontrolowanych laboratoriach, zgodnie z surowymi wymogami dotycz\u0105cymi bezpiecze\u0144stwa i dokumentacji.<\/p>\n<p data-start=\"4902\" data-end=\"5181\">Badania nad U-49900 przyczyniaj\u0105 si\u0119 do zrozumienia mechanizm\u00f3w dzia\u0142ania syntetycznych opioid\u00f3w i mog\u0105 pom\u00f3c w d\u0142u\u017cszej perspektywie, <strong data-start=\"5039\" data-end=\"5069\">nowe, bezpieczniejsze leki przeciwb\u00f3lowe<\/strong> rozwija\u0107. Odpowiedzialne, przejrzyste i zgodne z prawem podej\u015bcie ma tutaj kluczowe znaczenie.<\/p>","protected":false},"excerpt":{"rendered":"<p><strong>U-49900<\/strong> to wysokiej jako\u015bci zwi\u0105zek syntetyczny, idealny do bada\u0144 naukowych. Dzi\u0119ki wyj\u0105tkowej czysto\u015bci i stabilno\u015bci wspiera badania nad w\u0142a\u015bciwo\u015bciami farmakologicznymi i interakcjami molekularnymi. Idealny do zastosowa\u0144 laboratoryjnych, niedopuszczony do spo\u017cycia przez ludzi.<\/p>","protected":false},"featured_media":6591,"comment_status":"open","ping_status":"closed","template":"","meta":{"_joinchat":[]},"product_brand":[],"product_cat":[1800],"product_tag":[2182,2210,2218,2216,2217,2211,2215,2213,2214,2212],"class_list":{"0":"post-6554","1":"product","2":"type-product","3":"status-publish","4":"has-post-thumbnail","6":"product_cat-sedatives","7":"product_tag-synthetische-chemikalien","8":"product_tag-u-49900","9":"product_tag-u-49900-chemikalien","10":"product_tag-u-49900-forschung","11":"product_tag-u-49900-fur-forschung","12":"product_tag-u-49900-kaufen","13":"product_tag-u-49900-kristalle","14":"product_tag-u-49900-online","15":"product_tag-u-49900-pulver","16":"product_tag-u-49900-zum-verkauf","18":"first","19":"instock","20":"shipping-taxable","21":"purchasable","22":"product-type-variable"},"yoast_head":"<!-- This site is optimized with the Yoast SEO plugin v27.5 - https:\/\/yoast.com\/product\/yoast-seo-wordpress\/ -->\n<title>U-49900 | Premium-Chemikalie f\u00fcr anspruchsvolle<\/title>\n<meta name=\"description\" content=\"Erforschen Sie mit U-49900 eine pr\u00e4zise synthetische Verbindung f\u00fcr Laborstudien. H\u00f6chste Reinheit und Stabilit\u00e4t. Nur f\u00fcr wissenschaftliche Zwecke entwickelt.\" \/>\n<meta name=\"robots\" content=\"index, follow, max-snippet:-1, max-image-preview:large, max-video-preview:-1\" \/>\n<link rel=\"canonical\" href=\"https:\/\/chemgramx.com\/pl\/produkt-1\/kup-u-49900-online\/\" \/>\n<meta property=\"og:locale\" content=\"pl_PL\" \/>\n<meta property=\"og:type\" content=\"article\" \/>\n<meta property=\"og:title\" content=\"U-49900 | Premium-Chemikalie f\u00fcr anspruchsvolle\" \/>\n<meta property=\"og:description\" content=\"Erforschen Sie mit U-49900 eine pr\u00e4zise synthetische Verbindung f\u00fcr Laborstudien. H\u00f6chste Reinheit und Stabilit\u00e4t. Nur f\u00fcr wissenschaftliche Zwecke entwickelt.\" \/>\n<meta property=\"og:url\" content=\"https:\/\/chemgramx.com\/pl\/produkt-1\/kup-u-49900-online\/\" \/>\n<meta property=\"og:site_name\" content=\"Chemgramx\" \/>\n<meta property=\"article:modified_time\" content=\"2025-11-21T11:07:28+00:00\" \/>\n<meta property=\"og:image\" content=\"https:\/\/chemgramx.com\/wp-content\/uploads\/2025\/11\/u49900.png\" \/>\n\t<meta property=\"og:image:width\" content=\"600\" \/>\n\t<meta property=\"og:image:height\" content=\"400\" \/>\n\t<meta property=\"og:image:type\" content=\"image\/png\" \/>\n<meta name=\"twitter:card\" content=\"summary_large_image\" \/>\n<meta name=\"twitter:label1\" content=\"Szacowany czas czytania\" \/>\n\t<meta name=\"twitter:data1\" content=\"3 minuty\" \/>\n<script type=\"application\/ld+json\" class=\"yoast-schema-graph\">{\"@context\":\"https:\\\/\\\/schema.org\",\"@graph\":[{\"@type\":\"WebPage\",\"@id\":\"https:\\\/\\\/chemgramx.com\\\/product\\\/u-49900-online-kaufen\\\/\",\"url\":\"https:\\\/\\\/chemgramx.com\\\/product\\\/u-49900-online-kaufen\\\/\",\"name\":\"U-49900 | Premium-Chemikalie f\u00fcr anspruchsvolle\",\"isPartOf\":{\"@id\":\"https:\\\/\\\/chemgramx.com\\\/#website\"},\"primaryImageOfPage\":{\"@id\":\"https:\\\/\\\/chemgramx.com\\\/product\\\/u-49900-online-kaufen\\\/#primaryimage\"},\"image\":{\"@id\":\"https:\\\/\\\/chemgramx.com\\\/product\\\/u-49900-online-kaufen\\\/#primaryimage\"},\"thumbnailUrl\":\"https:\\\/\\\/chemgramx.com\\\/wp-content\\\/uploads\\\/2025\\\/11\\\/u49900.png\",\"datePublished\":\"2025-11-21T11:06:35+00:00\",\"dateModified\":\"2025-11-21T11:07:28+00:00\",\"description\":\"Erforschen Sie mit U-49900 eine pr\u00e4zise synthetische Verbindung f\u00fcr Laborstudien. H\u00f6chste Reinheit und Stabilit\u00e4t. Nur f\u00fcr wissenschaftliche Zwecke entwickelt.\",\"breadcrumb\":{\"@id\":\"https:\\\/\\\/chemgramx.com\\\/product\\\/u-49900-online-kaufen\\\/#breadcrumb\"},\"inLanguage\":\"pl-PL\",\"potentialAction\":[{\"@type\":\"ReadAction\",\"target\":[\"https:\\\/\\\/chemgramx.com\\\/product\\\/u-49900-online-kaufen\\\/\"]}]},{\"@type\":\"ImageObject\",\"inLanguage\":\"pl-PL\",\"@id\":\"https:\\\/\\\/chemgramx.com\\\/product\\\/u-49900-online-kaufen\\\/#primaryimage\",\"url\":\"https:\\\/\\\/chemgramx.com\\\/wp-content\\\/uploads\\\/2025\\\/11\\\/u49900.png\",\"contentUrl\":\"https:\\\/\\\/chemgramx.com\\\/wp-content\\\/uploads\\\/2025\\\/11\\\/u49900.png\",\"width\":600,\"height\":400},{\"@type\":\"BreadcrumbList\",\"@id\":\"https:\\\/\\\/chemgramx.com\\\/product\\\/u-49900-online-kaufen\\\/#breadcrumb\",\"itemListElement\":[{\"@type\":\"ListItem\",\"position\":1,\"name\":\"Home\",\"item\":\"https:\\\/\\\/chemgramx.com\\\/\"},{\"@type\":\"ListItem\",\"position\":2,\"name\":\"Shop\",\"item\":\"https:\\\/\\\/chemgramx.com\\\/shop\\\/\"},{\"@type\":\"ListItem\",\"position\":3,\"name\":\"U-49900 online kaufen\"}]},{\"@type\":\"WebSite\",\"@id\":\"https:\\\/\\\/chemgramx.com\\\/#website\",\"url\":\"https:\\\/\\\/chemgramx.com\\\/\",\"name\":\"Chemgramx\",\"description\":\"\",\"publisher\":{\"@id\":\"https:\\\/\\\/chemgramx.com\\\/#organization\"},\"potentialAction\":[{\"@type\":\"SearchAction\",\"target\":{\"@type\":\"EntryPoint\",\"urlTemplate\":\"https:\\\/\\\/chemgramx.com\\\/?s={search_term_string}\"},\"query-input\":{\"@type\":\"PropertyValueSpecification\",\"valueRequired\":true,\"valueName\":\"search_term_string\"}}],\"inLanguage\":\"pl-PL\"},{\"@type\":\"Organization\",\"@id\":\"https:\\\/\\\/chemgramx.com\\\/#organization\",\"name\":\"Chemgramx\",\"url\":\"https:\\\/\\\/chemgramx.com\\\/\",\"logo\":{\"@type\":\"ImageObject\",\"inLanguage\":\"pl-PL\",\"@id\":\"https:\\\/\\\/chemgramx.com\\\/#\\\/schema\\\/logo\\\/image\\\/\",\"url\":\"https:\\\/\\\/chemgramx.com\\\/wp-content\\\/uploads\\\/2024\\\/10\\\/final-logo.png\",\"contentUrl\":\"https:\\\/\\\/chemgramx.com\\\/wp-content\\\/uploads\\\/2024\\\/10\\\/final-logo.png\",\"width\":250,\"height\":48,\"caption\":\"Chemgramx\"},\"image\":{\"@id\":\"https:\\\/\\\/chemgramx.com\\\/#\\\/schema\\\/logo\\\/image\\\/\"}}]}<\/script>\n<!-- \/ Yoast SEO plugin. -->","yoast_head_json":{"title":"U-49900 | Chemia premium dla wymagaj\u0105cych","description":"Poznaj precyzyjny zwi\u0105zek syntetyczny do bada\u0144 laboratoryjnych z U-49900. Najwy\u017csza czysto\u015b\u0107 i stabilno\u015b\u0107. Opracowany wy\u0142\u0105cznie do cel\u00f3w naukowych.","robots":{"index":"index","follow":"follow","max-snippet":"max-snippet:-1","max-image-preview":"max-image-preview:large","max-video-preview":"max-video-preview:-1"},"canonical":"https:\/\/chemgramx.com\/pl\/produkt-1\/kup-u-49900-online\/","og_locale":"pl_PL","og_type":"article","og_title":"U-49900 | Premium-Chemikalie f\u00fcr anspruchsvolle","og_description":"Erforschen Sie mit U-49900 eine pr\u00e4zise synthetische Verbindung f\u00fcr Laborstudien. H\u00f6chste Reinheit und Stabilit\u00e4t. Nur f\u00fcr wissenschaftliche Zwecke entwickelt.","og_url":"https:\/\/chemgramx.com\/pl\/produkt-1\/kup-u-49900-online\/","og_site_name":"Chemgramx","article_modified_time":"2025-11-21T11:07:28+00:00","og_image":[{"width":600,"height":400,"url":"https:\/\/chemgramx.com\/wp-content\/uploads\/2025\/11\/u49900.png","type":"image\/png"}],"twitter_card":"summary_large_image","twitter_misc":{"Szacowany czas czytania":"3 minuty"},"schema":{"@context":"https:\/\/schema.org","@graph":[{"@type":"WebPage","@id":"https:\/\/chemgramx.com\/product\/u-49900-online-kaufen\/","url":"https:\/\/chemgramx.com\/product\/u-49900-online-kaufen\/","name":"U-49900 | Chemia premium dla wymagaj\u0105cych","isPartOf":{"@id":"https:\/\/chemgramx.com\/#website"},"primaryImageOfPage":{"@id":"https:\/\/chemgramx.com\/product\/u-49900-online-kaufen\/#primaryimage"},"image":{"@id":"https:\/\/chemgramx.com\/product\/u-49900-online-kaufen\/#primaryimage"},"thumbnailUrl":"https:\/\/chemgramx.com\/wp-content\/uploads\/2025\/11\/u49900.png","datePublished":"2025-11-21T11:06:35+00:00","dateModified":"2025-11-21T11:07:28+00:00","description":"Poznaj precyzyjny zwi\u0105zek syntetyczny do bada\u0144 laboratoryjnych z U-49900. Najwy\u017csza czysto\u015b\u0107 i stabilno\u015b\u0107. Opracowany wy\u0142\u0105cznie do cel\u00f3w naukowych.","breadcrumb":{"@id":"https:\/\/chemgramx.com\/product\/u-49900-online-kaufen\/#breadcrumb"},"inLanguage":"pl-PL","potentialAction":[{"@type":"ReadAction","target":["https:\/\/chemgramx.com\/product\/u-49900-online-kaufen\/"]}]},{"@type":"ImageObject","inLanguage":"pl-PL","@id":"https:\/\/chemgramx.com\/product\/u-49900-online-kaufen\/#primaryimage","url":"https:\/\/chemgramx.com\/wp-content\/uploads\/2025\/11\/u49900.png","contentUrl":"https:\/\/chemgramx.com\/wp-content\/uploads\/2025\/11\/u49900.png","width":600,"height":400},{"@type":"BreadcrumbList","@id":"https:\/\/chemgramx.com\/product\/u-49900-online-kaufen\/#breadcrumb","itemListElement":[{"@type":"ListItem","position":1,"name":"Home","item":"https:\/\/chemgramx.com\/"},{"@type":"ListItem","position":2,"name":"Shop","item":"https:\/\/chemgramx.com\/shop\/"},{"@type":"ListItem","position":3,"name":"U-49900 online kaufen"}]},{"@type":"WebSite","@id":"https:\/\/chemgramx.com\/#website","url":"https:\/\/chemgramx.com\/","name":"Chemgramx","description":"","publisher":{"@id":"https:\/\/chemgramx.com\/#organization"},"potentialAction":[{"@type":"SearchAction","target":{"@type":"EntryPoint","urlTemplate":"https:\/\/chemgramx.com\/?s={search_term_string}"},"query-input":{"@type":"PropertyValueSpecification","valueRequired":true,"valueName":"search_term_string"}}],"inLanguage":"pl-PL"},{"@type":"Organization","@id":"https:\/\/chemgramx.com\/#organization","name":"Chemgramx","url":"https:\/\/chemgramx.com\/","logo":{"@type":"ImageObject","inLanguage":"pl-PL","@id":"https:\/\/chemgramx.com\/#\/schema\/logo\/image\/","url":"https:\/\/chemgramx.com\/wp-content\/uploads\/2024\/10\/final-logo.png","contentUrl":"https:\/\/chemgramx.com\/wp-content\/uploads\/2024\/10\/final-logo.png","width":250,"height":48,"caption":"Chemgramx"},"image":{"@id":"https:\/\/chemgramx.com\/#\/schema\/logo\/image\/"}}]}},"_links":{"self":[{"href":"https:\/\/chemgramx.com\/pl\/wp-json\/wp\/v2\/product\/6554","targetHints":{"allow":["GET"]}}],"collection":[{"href":"https:\/\/chemgramx.com\/pl\/wp-json\/wp\/v2\/product"}],"about":[{"href":"https:\/\/chemgramx.com\/pl\/wp-json\/wp\/v2\/types\/product"}],"replies":[{"embeddable":true,"href":"https:\/\/chemgramx.com\/pl\/wp-json\/wp\/v2\/comments?post=6554"}],"wp:featuredmedia":[{"embeddable":true,"href":"https:\/\/chemgramx.com\/pl\/wp-json\/wp\/v2\/media\/6591"}],"wp:attachment":[{"href":"https:\/\/chemgramx.com\/pl\/wp-json\/wp\/v2\/media?parent=6554"}],"wp:term":[{"taxonomy":"product_brand","embeddable":true,"href":"https:\/\/chemgramx.com\/pl\/wp-json\/wp\/v2\/product_brand?post=6554"},{"taxonomy":"product_cat","embeddable":true,"href":"https:\/\/chemgramx.com\/pl\/wp-json\/wp\/v2\/product_cat?post=6554"},{"taxonomy":"product_tag","embeddable":true,"href":"https:\/\/chemgramx.com\/pl\/wp-json\/wp\/v2\/product_tag?post=6554"}],"curies":[{"name":"wp","href":"https:\/\/api.w.org\/{rel}","templated":true}]}}