{"id":6658,"date":"2025-11-21T11:07:58","date_gmt":"2025-11-21T11:07:58","guid":{"rendered":"https:\/\/chemgramx.com\/?post_type=product&#038;p=6658"},"modified":"2025-11-21T11:08:38","modified_gmt":"2025-11-21T11:08:38","slug":"kup-eam-2201-online","status":"publish","type":"product","link":"https:\/\/chemgramx.com\/pl\/product\/eam-2201-online-kaufen\/","title":{"rendered":"Kup EAM-2201 online"},"content":{"rendered":"<p data-path-to-node=\"3\"><b>Kup EAM-2201 online<\/b> umo\u017cliwia laboratoriom naukowym dost\u0119p do wysoce specjalistycznych syntetycznych chemikali\u00f3w badawczych. <b>Specjalnie<\/b> Substancja ta zosta\u0142a opracowana z my\u015bl\u0105 o wymagaj\u0105cych eksperymentach farmakologicznych. <b>Dlatego<\/b> Produkt ten znany jest ze swojej wyj\u0105tkowej czysto\u015bci chemicznej i stabilno\u015bci. <b>To<\/b> zapewnia niezawodn\u0105 i powtarzaln\u0105 wydajno\u015b\u0107 w z\u0142o\u017conych badaniach naukowych. <b>Ponadto<\/b> EAM-2201 idealnie nadaje si\u0119 do precyzyjnej analizy receptor\u00f3w kannabinoidowych, kt\u00f3re stanowi\u0105 g\u0142\u00f3wny przedmiot bada\u0144 neurobiologicznych.<\/p>\n<h2>Czym jest EAM-2201? Profil dla naukowc\u00f3w<\/h2>\n<p data-path-to-node=\"5\"><b>Przede wszystkim<\/b> Nale\u017cy zauwa\u017cy\u0107, \u017ce EAM-2201, nale\u017c\u0105cy chemicznie do klasy syntetycznych kannabinoid\u00f3w (SC), jest wa\u017cn\u0105 cz\u0105steczk\u0105. <b>S\u0142u\u017cy<\/b> jako ligand w analizie receptor\u00f3w. <b>W konsekwencji<\/b> staje si\u0119 <b>EAM-2201 na sprzeda\u017c<\/b> stosowany w profesjonalnych laboratoriach na ca\u0142ym \u015bwiecie. <b>Ka\u017cda partia<\/b> poddawane s\u0105 rygorystycznym kontrolom jako\u015bci. <b>Ta procedura<\/b> zapewnia, \u017ce <b>Kup EAM-2201 online<\/b> spe\u0142nia najwy\u017csze standardy dotycz\u0105ce eksperyment\u00f3w analitycznych. Decyduj\u0105ce znaczenie ma stabilny sk\u0142ad chemiczny. <b>Poniewa\u017c<\/b> umo\u017cliwia wysok\u0105 precyzj\u0119 podczas d\u0142ugotrwa\u0142ych i powtarzalnych eksperyment\u00f3w.<\/p>\n<h3>G\u0142\u00f3wne obszary zastosowa\u0144 w badaniach naukowych<\/h3>\n<p data-path-to-node=\"7\">G\u0142\u00f3wnym zastosowaniem EAM-2201 jest badanie uk\u0142adu endokannabinoidowego (ECS). <b>Konkretnie<\/b> Naukowcy wykorzystuj\u0105 t\u0119 substancj\u0119 do nast\u0119puj\u0105cych kluczowych bada\u0144:<\/p>\n<ol start=\"1\" data-path-to-node=\"8\">\n<li>\n<p data-path-to-node=\"8,0,0\"><b>Badania powinowactwa receptor\u00f3w:<\/b> EAM-2201 s\u0142u\u017cy do okre\u015blania si\u0142y wi\u0105zania z receptorami kannabinoidowymi (CB1 i CB2). <b>To<\/b> ma fundamentalne znaczenie dla opracowywania nowych lek\u00f3w.<\/p>\n<\/li>\n<li>\n<p data-path-to-node=\"8,1,0\"><b>Analizy transdukcji sygna\u0142u:<\/b> <b>Ponadto<\/b> badane jest, w jaki spos\u00f3b EAM-2201 wp\u0142ywa na wewn\u0105trzkom\u00f3rkowe szlaki sygna\u0142owe. <b>Obejmuje to<\/b> aktywacja bia\u0142ek G.<\/p>\n<\/li>\n<li>\n<p data-path-to-node=\"8,2,0\"><b>Toksykologia por\u00f3wnawcza:<\/b> Substancja ta jest cz\u0119sto por\u00f3wnywana z endogennymi kannabinoidami. <b>Celem jest<\/b>, ocenia\u0107 potencjalne profile toksyczno\u015bci w warunkach przedklinicznych. <b>Tak wi\u0119c<\/b> badania przyczyniaj\u0105 si\u0119 do bezpiecze\u0144stwa.<\/p>\n<\/li>\n<li>\n<p data-path-to-node=\"8,3,0\"><b>Badania proces\u00f3w neurologicznych:<\/b> Badania analizuj\u0105 rol\u0119 ECS w odczuwaniu b\u00f3lu, stanach zapalnych i zaburzeniach neurologicznych. <b>EAM-2201<\/b> pe\u0142ni tutaj rol\u0119 wa\u017cnego markera chemicznego.<\/p>\n<\/li>\n<\/ol>\n<h2>Zarz\u0105dzanie jako\u015bci\u0105 i integralno\u015b\u0107 chemiczna<\/h2>\n<p data-path-to-node=\"10\">Czysto\u015b\u0107 chemikali\u00f3w badawczych ma zasadnicze znaczenie dla uzyskania prawid\u0142owych wynik\u00f3w. <b>Dlatego<\/b> ka\u017cdy zakup musi by\u0107 <b>Kup EAM-2201 online<\/b> towarzysz\u0105 im rygorystyczne \u015brodki kontroli jako\u015bci.<\/p>\n<h3>G\u0142\u00f3wne cechy i zalety dla naukowc\u00f3w<\/h3>\n<ul data-path-to-node=\"12\">\n<li>\n<p data-path-to-node=\"12,0,0\"><b>Wysoka czysto\u015b\u0107:<\/b> Gwarantuje precyzyjne i wiarygodne wyniki laboratoryjne. <b>To<\/b> minimalizuje ryzyko powstawania artefakt\u00f3w.<\/p>\n<\/li>\n<li>\n<p data-path-to-node=\"12,1,0\"><b>Stabilny sk\u0142ad:<\/b> Idealny do d\u0142ugoterminowych bada\u0144. <b>Poniewa\u017c<\/b> zapewnia sta\u0142e warunki przez ca\u0142y czas trwania eksperymentu.<\/p>\n<\/li>\n<li>\n<p data-path-to-node=\"12,2,0\"><b>Sprawdzona jako\u015b\u0107:<\/b> Ka\u017cda partia jest poddawana \u015bcis\u0142ej kontroli. <b>Nale\u017c\u0105 do nich<\/b> Analizy za pomoc\u0105 HPLC lub spektrometrii masowej. <b>To<\/b> zapewnia sp\u00f3jno\u015b\u0107 partii.<\/p>\n<\/li>\n<li>\n<p data-path-to-node=\"12,3,0\"><b>Wy\u0142\u0105cznie do u\u017cytku laboratoryjnego:<\/b> <b>Co jest wa\u017cne<\/b>, \u017ce produkt nadaje si\u0119 wy\u0142\u0105cznie do cel\u00f3w badawczych i testowych.<\/p>\n<\/li>\n<\/ul>\n<h2>Optymalne zaopatrzenie: lista kontrolna<\/h2>\n<p data-path-to-node=\"14\">Naukowcy i laboratoria \u015bwiadomie decyduj\u0105 si\u0119 na, <b>Kup EAM-2201 online<\/b> chcie\u0107. <b>Pow\u00f3d<\/b> to sprawny dost\u0119p do sprawdzonych produkt\u00f3w. <b>Dodatkowo<\/b> sklepy internetowe oferuj\u0105 laboratoriom istotne korzy\u015bci logistyczne i finansowe.<\/p>\n<h2>Na co laboratoria powinny zwr\u00f3ci\u0107 uwag\u0119 przy zakupie<\/h2>\n<p data-path-to-node=\"16\">The <b>Najlepsze miejsce, aby kupi\u0107 EAM-2201 online<\/b>, jest u zaufanych dostawc\u00f3w. <b>Te<\/b> musz\u0105 spe\u0142nia\u0107 nast\u0119puj\u0105ce kryteria:<\/p>\n<ul data-path-to-node=\"17\">\n<li>\n<p data-path-to-node=\"17,0,0\"><b>Certyfikacja:<\/b> Dostarczaj\u0105 raporty laboratoryjne. <b>Te<\/b> potwierdzaj\u0105 to\u017csamo\u015b\u0107 chemiczn\u0105 i czysto\u015b\u0107.<\/p>\n<\/li>\n<li>\n<p data-path-to-node=\"17,1,0\"><b>Wysy\u0142ka i dyskrecja:<\/b> Oferuj\u0105 bezpieczne i dyskretne opcje wysy\u0142ki. <b>Tak wi\u0119c<\/b> gwarantuje si\u0119 przestrzeganie wszystkich przepis\u00f3w dotycz\u0105cych transportu.<\/p>\n<\/li>\n<li>\n<p data-path-to-node=\"17,2,0\"><b>Przejrzyste ceny:<\/b> Koszty s\u0105 przejrzyste i \u0142atwe do por\u00f3wnania. <b>To<\/b> umo\u017cliwia efektywne planowanie bud\u017cetu.<\/p>\n<\/li>\n<li>\n<p data-path-to-node=\"17,3,0\"><b>Bezpieczne metody p\u0142atno\u015bci:<\/b> <b>EAM-2201 kupi\u0107 tanio online<\/b> nie powinno nigdy odbywa\u0107 si\u0119 kosztem bezpiecze\u0144stwa transakcji.<\/p>\n<\/li>\n<\/ul>\n<p data-path-to-node=\"18\"><b>Przed z\u0142o\u017ceniem zam\u00f3wienia<\/b> naukowcy powinni zawsze <a href=\"\/product\/4-fmc-bestellung-online\/\">dost\u0119pno\u015b\u0107<\/a> i sprawdzi\u0107 aktualne ceny. <b>Tak po prostu<\/b> w <b>Zam\u00f3wienie EAM-2201<\/b> do bezpiecznego i wydajnego procesu.<\/p>\n<h2 data-start=\"1849\" data-end=\"1859\">Wnioski<\/h2>\n<p data-start=\"1861\" data-end=\"2138\">Kup EAM-2201 online oferuje laboratoriom i badaczom wysokiej jako\u015bci, stabiln\u0105 i niezawodn\u0105 substancj\u0119 chemiczn\u0105 do zaawansowanych eksperyment\u00f3w. Dzi\u0119ki sprawdzonej jako\u015bci i precyzyjnemu sk\u0142adowi, EAM-2201 na sprzeda\u017c jest idealnym wyborem do profesjonalnych zastosowa\u0144 badawczych.<\/p>","protected":false},"excerpt":{"rendered":"<p style=\"text-align: center;\">EAM-2201<\/p>\n<hr \/>\n<p>EAM-2201 to syntetyczna substancja chemiczna do bada\u0144 naukowych o wysokiej czysto\u015bci i stabilno\u015bci do precyzyjnych eksperyment\u00f3w. Produkt ten jest idealny do bada\u0144 farmakologicznych i analiz receptor\u00f3w. Ka\u017cda partia jest dok\u0142adnie testowana pod k\u0105tem jako\u015bci i niezawodno\u015bci. Zaprojektowany wy\u0142\u0105cznie do u\u017cytku laboratoryjnego, z naciskiem na bezpiecze\u0144stwo.<\/p>","protected":false},"featured_media":6688,"comment_status":"open","ping_status":"closed","template":"","meta":{"_joinchat":[]},"product_brand":[],"product_cat":[1794],"product_tag":[1807,1813,1808,1811,1812,1810,1809,188,1814,333],"class_list":{"0":"post-6658","1":"product","2":"type-product","3":"status-publish","4":"has-post-thumbnail","6":"product_cat-am-serie","7":"product_tag-eam-2201","8":"product_tag-eam-2201-chemikalien","9":"product_tag-eam-2201-kaufen","10":"product_tag-eam-2201-kristalle","11":"product_tag-eam-2201-online","12":"product_tag-eam-2201-pulver","13":"product_tag-eam-2201-zum-verkauf","14":"product_tag-forschungschemikalien","15":"product_tag-forschungsstoffe-kaufen","16":"product_tag-synthetische-cannabinoide","18":"first","19":"instock","20":"shipping-taxable","21":"purchasable","22":"product-type-variable"},"yoast_head":"<!-- This site is optimized with the Yoast SEO plugin v27.5 - https:\/\/yoast.com\/product\/yoast-seo-wordpress\/ -->\n<title>EAM-2201: Einkaufsstrategien f\u00fcr intelligente Kunden<\/title>\n<meta name=\"description\" content=\"Der Kauf von EAM-2201 war noch nie so einfach! Besuchen Sie unsere Website und entdecken Sie tolle Angebote.\" \/>\n<meta name=\"robots\" content=\"index, follow, max-snippet:-1, max-image-preview:large, max-video-preview:-1\" \/>\n<link rel=\"canonical\" href=\"https:\/\/chemgramx.com\/pl\/produkt-1\/kup-eam-2201-online\/\" \/>\n<meta property=\"og:locale\" content=\"pl_PL\" \/>\n<meta property=\"og:type\" content=\"article\" \/>\n<meta property=\"og:title\" content=\"EAM-2201: Einkaufsstrategien f\u00fcr intelligente Kunden\" \/>\n<meta property=\"og:description\" content=\"Der Kauf von EAM-2201 war noch nie so einfach! Besuchen Sie unsere Website und entdecken Sie tolle Angebote.\" \/>\n<meta property=\"og:url\" content=\"https:\/\/chemgramx.com\/pl\/produkt-1\/kup-eam-2201-online\/\" \/>\n<meta property=\"og:site_name\" content=\"Chemgramx\" \/>\n<meta property=\"article:modified_time\" content=\"2025-11-21T11:08:38+00:00\" \/>\n<meta property=\"og:image\" content=\"https:\/\/chemgramx.com\/wp-content\/uploads\/2025\/11\/eam2201.png\" \/>\n\t<meta property=\"og:image:width\" content=\"600\" \/>\n\t<meta property=\"og:image:height\" content=\"400\" \/>\n\t<meta property=\"og:image:type\" content=\"image\/png\" \/>\n<meta name=\"twitter:card\" content=\"summary_large_image\" \/>\n<meta name=\"twitter:label1\" content=\"Szacowany czas czytania\" \/>\n\t<meta name=\"twitter:data1\" content=\"3 minuty\" \/>\n<script type=\"application\/ld+json\" class=\"yoast-schema-graph\">{\"@context\":\"https:\\\/\\\/schema.org\",\"@graph\":[{\"@type\":\"WebPage\",\"@id\":\"https:\\\/\\\/chemgramx.com\\\/product\\\/eam-2201-online-kaufen\\\/\",\"url\":\"https:\\\/\\\/chemgramx.com\\\/product\\\/eam-2201-online-kaufen\\\/\",\"name\":\"EAM-2201: Einkaufsstrategien f\u00fcr intelligente Kunden\",\"isPartOf\":{\"@id\":\"https:\\\/\\\/chemgramx.com\\\/#website\"},\"primaryImageOfPage\":{\"@id\":\"https:\\\/\\\/chemgramx.com\\\/product\\\/eam-2201-online-kaufen\\\/#primaryimage\"},\"image\":{\"@id\":\"https:\\\/\\\/chemgramx.com\\\/product\\\/eam-2201-online-kaufen\\\/#primaryimage\"},\"thumbnailUrl\":\"https:\\\/\\\/chemgramx.com\\\/wp-content\\\/uploads\\\/2025\\\/11\\\/eam2201.png\",\"datePublished\":\"2025-11-21T11:07:58+00:00\",\"dateModified\":\"2025-11-21T11:08:38+00:00\",\"description\":\"Der Kauf von EAM-2201 war noch nie so einfach! Besuchen Sie unsere Website und entdecken Sie tolle Angebote.\",\"breadcrumb\":{\"@id\":\"https:\\\/\\\/chemgramx.com\\\/product\\\/eam-2201-online-kaufen\\\/#breadcrumb\"},\"inLanguage\":\"pl-PL\",\"potentialAction\":[{\"@type\":\"ReadAction\",\"target\":[\"https:\\\/\\\/chemgramx.com\\\/product\\\/eam-2201-online-kaufen\\\/\"]}]},{\"@type\":\"ImageObject\",\"inLanguage\":\"pl-PL\",\"@id\":\"https:\\\/\\\/chemgramx.com\\\/product\\\/eam-2201-online-kaufen\\\/#primaryimage\",\"url\":\"https:\\\/\\\/chemgramx.com\\\/wp-content\\\/uploads\\\/2025\\\/11\\\/eam2201.png\",\"contentUrl\":\"https:\\\/\\\/chemgramx.com\\\/wp-content\\\/uploads\\\/2025\\\/11\\\/eam2201.png\",\"width\":600,\"height\":400},{\"@type\":\"BreadcrumbList\",\"@id\":\"https:\\\/\\\/chemgramx.com\\\/product\\\/eam-2201-online-kaufen\\\/#breadcrumb\",\"itemListElement\":[{\"@type\":\"ListItem\",\"position\":1,\"name\":\"Home\",\"item\":\"https:\\\/\\\/chemgramx.com\\\/\"},{\"@type\":\"ListItem\",\"position\":2,\"name\":\"Shop\",\"item\":\"https:\\\/\\\/chemgramx.com\\\/shop\\\/\"},{\"@type\":\"ListItem\",\"position\":3,\"name\":\"EAM-2201 online kaufen\"}]},{\"@type\":\"WebSite\",\"@id\":\"https:\\\/\\\/chemgramx.com\\\/#website\",\"url\":\"https:\\\/\\\/chemgramx.com\\\/\",\"name\":\"Chemgramx\",\"description\":\"\",\"publisher\":{\"@id\":\"https:\\\/\\\/chemgramx.com\\\/#organization\"},\"potentialAction\":[{\"@type\":\"SearchAction\",\"target\":{\"@type\":\"EntryPoint\",\"urlTemplate\":\"https:\\\/\\\/chemgramx.com\\\/?s={search_term_string}\"},\"query-input\":{\"@type\":\"PropertyValueSpecification\",\"valueRequired\":true,\"valueName\":\"search_term_string\"}}],\"inLanguage\":\"pl-PL\"},{\"@type\":\"Organization\",\"@id\":\"https:\\\/\\\/chemgramx.com\\\/#organization\",\"name\":\"Chemgramx\",\"url\":\"https:\\\/\\\/chemgramx.com\\\/\",\"logo\":{\"@type\":\"ImageObject\",\"inLanguage\":\"pl-PL\",\"@id\":\"https:\\\/\\\/chemgramx.com\\\/#\\\/schema\\\/logo\\\/image\\\/\",\"url\":\"https:\\\/\\\/chemgramx.com\\\/wp-content\\\/uploads\\\/2024\\\/10\\\/final-logo.png\",\"contentUrl\":\"https:\\\/\\\/chemgramx.com\\\/wp-content\\\/uploads\\\/2024\\\/10\\\/final-logo.png\",\"width\":250,\"height\":48,\"caption\":\"Chemgramx\"},\"image\":{\"@id\":\"https:\\\/\\\/chemgramx.com\\\/#\\\/schema\\\/logo\\\/image\\\/\"}}]}<\/script>\n<!-- \/ Yoast SEO plugin. -->","yoast_head_json":{"title":"EAM-2201: Strategie zakupowe dla inteligentnych klient\u00f3w","description":"Zakup EAM-2201 nigdy nie by\u0142 tak prosty! Odwied\u017a nasz\u0105 stron\u0119 internetow\u0105 i odkryj atrakcyjne oferty.","robots":{"index":"index","follow":"follow","max-snippet":"max-snippet:-1","max-image-preview":"max-image-preview:large","max-video-preview":"max-video-preview:-1"},"canonical":"https:\/\/chemgramx.com\/pl\/produkt-1\/kup-eam-2201-online\/","og_locale":"pl_PL","og_type":"article","og_title":"EAM-2201: Einkaufsstrategien f\u00fcr intelligente Kunden","og_description":"Der Kauf von EAM-2201 war noch nie so einfach! Besuchen Sie unsere Website und entdecken Sie tolle Angebote.","og_url":"https:\/\/chemgramx.com\/pl\/produkt-1\/kup-eam-2201-online\/","og_site_name":"Chemgramx","article_modified_time":"2025-11-21T11:08:38+00:00","og_image":[{"width":600,"height":400,"url":"https:\/\/chemgramx.com\/wp-content\/uploads\/2025\/11\/eam2201.png","type":"image\/png"}],"twitter_card":"summary_large_image","twitter_misc":{"Szacowany czas czytania":"3 minuty"},"schema":{"@context":"https:\/\/schema.org","@graph":[{"@type":"WebPage","@id":"https:\/\/chemgramx.com\/product\/eam-2201-online-kaufen\/","url":"https:\/\/chemgramx.com\/product\/eam-2201-online-kaufen\/","name":"EAM-2201: Strategie zakupowe dla inteligentnych klient\u00f3w","isPartOf":{"@id":"https:\/\/chemgramx.com\/#website"},"primaryImageOfPage":{"@id":"https:\/\/chemgramx.com\/product\/eam-2201-online-kaufen\/#primaryimage"},"image":{"@id":"https:\/\/chemgramx.com\/product\/eam-2201-online-kaufen\/#primaryimage"},"thumbnailUrl":"https:\/\/chemgramx.com\/wp-content\/uploads\/2025\/11\/eam2201.png","datePublished":"2025-11-21T11:07:58+00:00","dateModified":"2025-11-21T11:08:38+00:00","description":"Zakup EAM-2201 nigdy nie by\u0142 tak prosty! Odwied\u017a nasz\u0105 stron\u0119 internetow\u0105 i odkryj atrakcyjne oferty.","breadcrumb":{"@id":"https:\/\/chemgramx.com\/product\/eam-2201-online-kaufen\/#breadcrumb"},"inLanguage":"pl-PL","potentialAction":[{"@type":"ReadAction","target":["https:\/\/chemgramx.com\/product\/eam-2201-online-kaufen\/"]}]},{"@type":"ImageObject","inLanguage":"pl-PL","@id":"https:\/\/chemgramx.com\/product\/eam-2201-online-kaufen\/#primaryimage","url":"https:\/\/chemgramx.com\/wp-content\/uploads\/2025\/11\/eam2201.png","contentUrl":"https:\/\/chemgramx.com\/wp-content\/uploads\/2025\/11\/eam2201.png","width":600,"height":400},{"@type":"BreadcrumbList","@id":"https:\/\/chemgramx.com\/product\/eam-2201-online-kaufen\/#breadcrumb","itemListElement":[{"@type":"ListItem","position":1,"name":"Home","item":"https:\/\/chemgramx.com\/"},{"@type":"ListItem","position":2,"name":"Shop","item":"https:\/\/chemgramx.com\/shop\/"},{"@type":"ListItem","position":3,"name":"EAM-2201 online kaufen"}]},{"@type":"WebSite","@id":"https:\/\/chemgramx.com\/#website","url":"https:\/\/chemgramx.com\/","name":"Chemgramx","description":"","publisher":{"@id":"https:\/\/chemgramx.com\/#organization"},"potentialAction":[{"@type":"SearchAction","target":{"@type":"EntryPoint","urlTemplate":"https:\/\/chemgramx.com\/?s={search_term_string}"},"query-input":{"@type":"PropertyValueSpecification","valueRequired":true,"valueName":"search_term_string"}}],"inLanguage":"pl-PL"},{"@type":"Organization","@id":"https:\/\/chemgramx.com\/#organization","name":"Chemgramx","url":"https:\/\/chemgramx.com\/","logo":{"@type":"ImageObject","inLanguage":"pl-PL","@id":"https:\/\/chemgramx.com\/#\/schema\/logo\/image\/","url":"https:\/\/chemgramx.com\/wp-content\/uploads\/2024\/10\/final-logo.png","contentUrl":"https:\/\/chemgramx.com\/wp-content\/uploads\/2024\/10\/final-logo.png","width":250,"height":48,"caption":"Chemgramx"},"image":{"@id":"https:\/\/chemgramx.com\/#\/schema\/logo\/image\/"}}]}},"_links":{"self":[{"href":"https:\/\/chemgramx.com\/pl\/wp-json\/wp\/v2\/product\/6658","targetHints":{"allow":["GET"]}}],"collection":[{"href":"https:\/\/chemgramx.com\/pl\/wp-json\/wp\/v2\/product"}],"about":[{"href":"https:\/\/chemgramx.com\/pl\/wp-json\/wp\/v2\/types\/product"}],"replies":[{"embeddable":true,"href":"https:\/\/chemgramx.com\/pl\/wp-json\/wp\/v2\/comments?post=6658"}],"wp:featuredmedia":[{"embeddable":true,"href":"https:\/\/chemgramx.com\/pl\/wp-json\/wp\/v2\/media\/6688"}],"wp:attachment":[{"href":"https:\/\/chemgramx.com\/pl\/wp-json\/wp\/v2\/media?parent=6658"}],"wp:term":[{"taxonomy":"product_brand","embeddable":true,"href":"https:\/\/chemgramx.com\/pl\/wp-json\/wp\/v2\/product_brand?post=6658"},{"taxonomy":"product_cat","embeddable":true,"href":"https:\/\/chemgramx.com\/pl\/wp-json\/wp\/v2\/product_cat?post=6658"},{"taxonomy":"product_tag","embeddable":true,"href":"https:\/\/chemgramx.com\/pl\/wp-json\/wp\/v2\/product_tag?post=6658"}],"curies":[{"name":"wp","href":"https:\/\/api.w.org\/{rel}","templated":true}]}}