{"id":6660,"date":"2025-11-21T11:07:59","date_gmt":"2025-11-21T11:07:59","guid":{"rendered":"https:\/\/chemgramx.com\/?post_type=product&#038;p=6660"},"modified":"2025-11-21T11:08:48","modified_gmt":"2025-11-21T11:08:48","slug":"kup-3me-fentanyl-online","status":"publish","type":"product","link":"https:\/\/chemgramx.com\/pl\/product\/3me-fentanyl-online-kaufen\/","title":{"rendered":"Kup 3me-Fentanyl online"},"content":{"rendered":"<p data-start=\"211\" data-end=\"761\">3me-Fentanyl to silny syntetyczny opioid z rodziny fentanylu, stosowany w badaniach naukowych i analizach chemicznych. Chemicznie znany jako 3-metylofentanyl, nale\u017cy do grupy silnie dzia\u0142aj\u0105cych analog\u00f3w fentanylu. Ze wzgl\u0119du na swoj\u0105 unikaln\u0105 struktur\u0119 jest znacznie skuteczniejszy ni\u017c konwencjonalny fentanyl. Zosta\u0142 pierwotnie opracowany w ramach bada\u0144 chemicznych i oferuje naukowcom cenne informacje na temat receptor\u00f3w opioidowych i ich mechanizm\u00f3w dzia\u0142ania.<\/p>\n<p data-start=\"763\" data-end=\"936\"><a href=\"https:\/\/chemgramx.com\/product\/3me-fentanyl\/\">Kup prawdziwy lub fa\u0142szywy fentanyl 3ME<\/a> chcemy wykorzysta\u0107 je do zrozumienia wi\u0105zania si\u0119 z receptorami opioidowymi \u00b5 i przeprowadzenia nowych bada\u0144 farmakologicznych.<\/p>\n<h2 data-start=\"943\" data-end=\"1018\">Kup 3me-Fentanyl online ju\u017c teraz \u2013 3me-Fentanyl dost\u0119pny w sprzeda\u017cy<\/h2>\n<p data-start=\"1020\" data-end=\"1269\">Je\u015bli chcesz kupi\u0107 wysokiej jako\u015bci 3me Fentanyl online, to trafi\u0142e\u015b we w\u0142a\u015bciwe miejsce. Oferujemy 3me Fentanyl w sprzeda\u017cy z gwarancj\u0105 wysokiej czysto\u015bci i jako\u015bci, idealnie nadaj\u0105cy si\u0119 do profesjonalnych bada\u0144 i analiz.<\/p>\n<p data-start=\"1271\" data-end=\"1628\">U nas kupisz 3me-Fentanyl online \u2013 bezpiecznie, dyskretnie i niezawodnie. Zapoznaj si\u0119 z nasz\u0105 ofert\u0105, zam\u00f3w bezpo\u015brednio od profesjonalnego dostawcy i skorzystaj z najlepszych warunk\u00f3w. Najlepsze miejsce na zakup 3me-Fentanylu online \u2013 bezpo\u015brednio od eksperta. Kup tanio 3me-Fentanyl online ju\u017c teraz i skorzystaj z ekskluzywnych rabat\u00f3w.<\/p>\n<h2 data-start=\"1635\" data-end=\"1681\">Dlaczego warto kupi\u0107 3me Fentanyl online u nas?<\/h2>\n<ul data-start=\"1683\" data-end=\"2037\">\n<li data-start=\"1683\" data-end=\"1749\">\n<p data-start=\"1685\" data-end=\"1749\">Testowane laboratoryjnie w celu zapewnienia najwy\u017cszej jako\u015bci bada\u0144.<\/p>\n<\/li>\n<li data-start=\"1750\" data-end=\"1807\">\n<p data-start=\"1752\" data-end=\"1807\">Szybka i dyskretna wysy\u0142ka w neutralnym opakowaniu<\/p>\n<\/li>\n<li data-start=\"1808\" data-end=\"1852\">\n<p data-start=\"1810\" data-end=\"1852\">M\u00e9todos de pago flexibles y seguros<\/p>\n<\/li>\n<li data-start=\"1853\" data-end=\"1923\">\n<p data-start=\"1855\" data-end=\"1923\">Prix attractif du 3me-Fentanyl pour les commandes individuelles et group\u00e9es<\/p>\n<\/li>\n<li data-start=\"1924\" data-end=\"1969\">\n<p data-start=\"1926\" data-end=\"1969\">Servicio de atenci\u00f3n al cliente competente para todas las preguntas.<\/p>\n<\/li>\n<li data-start=\"1970\" data-end=\"2037\">\n<p data-start=\"1972\" data-end=\"2037\">Mo\u017cliwo\u015b\u0107 zakupu prawdziwego lub podrobionego 3me-fentanylu na sprzeda\u017c<\/p>\n<\/li>\n<\/ul>\n<h2 data-start=\"2044\" data-end=\"2079\">Pochodzenie i profil chemiczny<\/h2>\n<p data-start=\"2081\" data-end=\"2378\">3me-fentanyl zosta\u0142 po raz pierwszy zsyntetyzowany w latach 70. XX wieku w ramach bada\u0144 medycznych i chemicznych. Strukturalnie substancja ta nale\u017cy do rodziny pochodnych fentanylu i r\u00f3\u017cni si\u0119 grup\u0105 metylow\u0105 3-metylow\u0105, kt\u00f3ra umo\u017cliwia silniejsze wi\u0105zanie z receptorem \u00b5-opioidowym.<\/p>\n<p data-start=\"2380\" data-end=\"2538\">Taka struktura sprawia, \u017ce jest ona szczeg\u00f3lnie cenna dla naukowc\u00f3w zajmuj\u0105cych si\u0119 badaniem wi\u0105zania receptor\u00f3w i opracowywaniem nowych podej\u015b\u0107 w badaniach nad b\u00f3lem.<\/p>\n<h2 data-start=\"2545\" data-end=\"2577\">Zastosowanie 3me-fentanylu<\/h2>\n<p data-start=\"2579\" data-end=\"2777\">3me-Fentanyl jest u\u017cywany wy\u0142\u0105cznie do cel\u00f3w bada\u0144 naukowych. Instytucje badawcze i laboratoria, kt\u00f3re zastanawiaj\u0105 si\u0119, gdzie kupi\u0107 3me-Fentanyl, korzystaj\u0105 z naszych us\u0142ug w zakresie:<\/p>\n<ul data-start=\"2779\" data-end=\"2944\">\n<li data-start=\"2779\" data-end=\"2814\">\n<p data-start=\"2781\" data-end=\"2814\">Neurofarmacologisch onderzoek<\/p>\n<\/li>\n<li data-start=\"2815\" data-end=\"2847\">\n<p data-start=\"2817\" data-end=\"2847\">badania chemiczne<\/p>\n<\/li>\n<li data-start=\"2848\" data-end=\"2892\">\n<p data-start=\"2850\" data-end=\"2892\">Podstawowe badania nad receptorami opioidowymi<\/p>\n<\/li>\n<li data-start=\"2893\" data-end=\"2944\">\n<p data-start=\"2895\" data-end=\"2944\">An\u00e1lisis toxicol\u00f3gicos en el \u00e1mbito forense<\/p>\n<\/li>\n<\/ul>\n<h2 data-start=\"2951\" data-end=\"3006\">Jak i gdzie mog\u0119 zam\u00f3wi\u0107 3me-Fentanyl online?<\/h2>\n<p data-start=\"3008\" data-end=\"3218\">Mo\u017cesz u nas zam\u00f3wi\u0107 oryginalny lub podrobiony 3me Fentanyl \u2013 szybko, bezpiecznie i dyskretnie. Nasz przyjazny u\u017cytkownikowi sklep oferuje elastyczne opcje p\u0142atno\u015bci oraz wysy\u0142k\u0119 na ca\u0142y \u015bwiat w neutralnym opakowaniu.<\/p>\n<h2 data-start=\"3225\" data-end=\"3272\">Zalety zakupu 3me-Fentanyl online<\/h2>\n<ul data-start=\"3274\" data-end=\"3528\">\n<li data-start=\"3274\" data-end=\"3332\">\n<p data-start=\"3276\" data-end=\"3332\">Kupuj bezpo\u015brednio, bez po\u015brednik\u00f3w, aby uzyska\u0107 lepsze ceny<\/p>\n<\/li>\n<li data-start=\"3333\" data-end=\"3385\">\n<p data-start=\"3335\" data-end=\"3385\">Snelle en discrete verzending wereldwijd<\/p>\n<\/li>\n<li data-start=\"3386\" data-end=\"3436\">\n<p data-start=\"3388\" data-end=\"3436\">Acc\u00e8s \u00e0 des remises exclusives et des offres sp\u00e9ciales<\/p>\n<\/li>\n<li data-start=\"3437\" data-end=\"3489\">\n<p data-start=\"3439\" data-end=\"3489\">Precio justo de 3me-Fentanyl para cada pedido<\/p>\n<\/li>\n<li data-start=\"3490\" data-end=\"3528\">\n<p data-start=\"3492\" data-end=\"3528\">Des conseils comp\u00e9tents d'experts<\/p>\n<\/li>\n<\/ul>\n<h2 data-start=\"3535\" data-end=\"3576\">Jak wybra\u0107 odpowiedniego dostawc\u0119<\/h2>\n<p data-start=\"3578\" data-end=\"3715\">Zw\u0142aszcza w przypadku silnie dzia\u0142aj\u0105cych substancji chemicznych wykorzystywanych w badaniach, takich jak 3me-fentanyl, kluczowe jest skorzystanie ze wsparcia godnego zaufania partnera.<\/p>\n<p data-start=\"3717\" data-end=\"3745\">Wa\u017cne kryteria wyboru:<\/p>\n<ul data-start=\"3746\" data-end=\"3918\">\n<li data-start=\"3746\" data-end=\"3788\">\n<p data-start=\"3748\" data-end=\"3788\">Certificados de calidad y pureza probados<\/p>\n<\/li>\n<li data-start=\"3789\" data-end=\"3845\">\n<p data-start=\"3791\" data-end=\"3845\">Env\u00edo confiable: r\u00e1pido, discreto y asegurado<\/p>\n<\/li>\n<li data-start=\"3846\" data-end=\"3874\">\n<p data-start=\"3848\" data-end=\"3874\">M\u00e9todos de pago flexibles y seguros<\/p>\n<\/li>\n<li data-start=\"3875\" data-end=\"3918\">\n<p data-start=\"3877\" data-end=\"3918\">Apoyo personalizado para su investigaci\u00f3n<\/p>\n<\/li>\n<\/ul>\n<h2 data-start=\"3925\" data-end=\"3935\">Wnioski<\/h2>\n<p data-start=\"3937\" data-end=\"4240\">Je\u015bli chcesz kupi\u0107 3me Fentanyl online, nasz sklep jest Twoim pierwszym wyborem. Oferujemy sprawdzon\u0105 jako\u015b\u0107, uczciwe ceny 3me Fentanylu, dyskretn\u0105 wysy\u0142k\u0119 i absolutne bezpiecze\u0144stwo. Dzi\u0119ki naszej ofercie oryginalnego i podrobionego 3me Fentanylu na sprzeda\u017c, wspieramy Twoje badania na najwy\u017cszym poziomie.<\/p>","protected":false},"excerpt":{"rendered":"<p><strong>3ME-Fentanyl<\/strong> to zwi\u0105zek chemiczny o wysokiej czysto\u015bci, wykorzystywany w badaniach naukowych do badania efekt\u00f3w farmakologicznych i w\u0142a\u015bciwo\u015bci pochodnych fentanylu. Substancja ta jest stosowana wy\u0142\u0105cznie w kontrolowanych warunkach laboratoryjnych i nie jest przeznaczona do spo\u017cycia przez ludzi.<\/p>","protected":false},"featured_media":6690,"comment_status":"open","ping_status":"closed","template":"","meta":{"_joinchat":[]},"product_brand":[],"product_cat":[1803],"product_tag":[2079,2085,2080,2083,2084,2082,2081,2070,188,1814],"class_list":{"0":"post-6660","1":"product","2":"type-product","3":"status-publish","4":"has-post-thumbnail","6":"product_cat-andere","7":"product_tag-3me-fentanyl","8":"product_tag-3me-fentanyl-chemikalien","9":"product_tag-3me-fentanyl-kaufen","10":"product_tag-3me-fentanyl-kristalle","11":"product_tag-3me-fentanyl-online","12":"product_tag-3me-fentanyl-pulver","13":"product_tag-3me-fentanyl-zum-verkauf","14":"product_tag-fentanyl-derivate","15":"product_tag-forschungschemikalien","16":"product_tag-forschungsstoffe-kaufen","18":"first","19":"instock","20":"shipping-taxable","21":"purchasable","22":"product-type-variable"},"yoast_head":"<!-- This site is optimized with the Yoast SEO plugin v27.5 - https:\/\/yoast.com\/product\/yoast-seo-wordpress\/ -->\n<title>3ME-Fentanyl online kaufen \u2013 3ME-Fentanyl zu verkaufen<\/title>\n<meta name=\"description\" content=\"Wenn Sie 3me-Fentanyl online ohne Rezept kaufen m\u00f6chten, ist chemgramx.com der beste Ort, um 3me-Fentanyl online zu kaufen, 3me-Fentanyl zu verkaufen, 3me-Fentanyl online zum besten Preis. Jetzt bestellen!\" \/>\n<meta name=\"robots\" content=\"index, follow, max-snippet:-1, max-image-preview:large, max-video-preview:-1\" \/>\n<link rel=\"canonical\" href=\"https:\/\/chemgramx.com\/pl\/produkt-1\/kup-3me-fentanyl-online\/\" \/>\n<meta property=\"og:locale\" content=\"pl_PL\" \/>\n<meta property=\"og:type\" content=\"article\" \/>\n<meta property=\"og:title\" content=\"3ME-Fentanyl online kaufen \u2013 3ME-Fentanyl zu verkaufen\" \/>\n<meta property=\"og:description\" content=\"Wenn Sie 3me-Fentanyl online ohne Rezept kaufen m\u00f6chten, ist chemgramx.com der beste Ort, um 3me-Fentanyl online zu kaufen, 3me-Fentanyl zu verkaufen, 3me-Fentanyl online zum besten Preis. Jetzt bestellen!\" \/>\n<meta property=\"og:url\" content=\"https:\/\/chemgramx.com\/pl\/produkt-1\/kup-3me-fentanyl-online\/\" \/>\n<meta property=\"og:site_name\" content=\"Chemgramx\" \/>\n<meta property=\"article:modified_time\" content=\"2025-11-21T11:08:48+00:00\" \/>\n<meta property=\"og:image\" content=\"https:\/\/chemgramx.com\/wp-content\/uploads\/2025\/11\/3me.png\" \/>\n\t<meta property=\"og:image:width\" content=\"600\" \/>\n\t<meta property=\"og:image:height\" content=\"400\" \/>\n\t<meta property=\"og:image:type\" content=\"image\/png\" \/>\n<meta name=\"twitter:card\" content=\"summary_large_image\" \/>\n<meta name=\"twitter:label1\" content=\"Szacowany czas czytania\" \/>\n\t<meta name=\"twitter:data1\" content=\"3 minuty\" \/>\n<script type=\"application\/ld+json\" class=\"yoast-schema-graph\">{\"@context\":\"https:\\\/\\\/schema.org\",\"@graph\":[{\"@type\":\"WebPage\",\"@id\":\"https:\\\/\\\/chemgramx.com\\\/product\\\/3me-fentanyl-online-kaufen\\\/\",\"url\":\"https:\\\/\\\/chemgramx.com\\\/product\\\/3me-fentanyl-online-kaufen\\\/\",\"name\":\"3ME-Fentanyl online kaufen \u2013 3ME-Fentanyl zu verkaufen\",\"isPartOf\":{\"@id\":\"https:\\\/\\\/chemgramx.com\\\/#website\"},\"primaryImageOfPage\":{\"@id\":\"https:\\\/\\\/chemgramx.com\\\/product\\\/3me-fentanyl-online-kaufen\\\/#primaryimage\"},\"image\":{\"@id\":\"https:\\\/\\\/chemgramx.com\\\/product\\\/3me-fentanyl-online-kaufen\\\/#primaryimage\"},\"thumbnailUrl\":\"https:\\\/\\\/chemgramx.com\\\/wp-content\\\/uploads\\\/2025\\\/11\\\/3me.png\",\"datePublished\":\"2025-11-21T11:07:59+00:00\",\"dateModified\":\"2025-11-21T11:08:48+00:00\",\"description\":\"Wenn Sie 3me-Fentanyl online ohne Rezept kaufen m\u00f6chten, ist chemgramx.com der beste Ort, um 3me-Fentanyl online zu kaufen, 3me-Fentanyl zu verkaufen, 3me-Fentanyl online zum besten Preis. Jetzt bestellen!\",\"breadcrumb\":{\"@id\":\"https:\\\/\\\/chemgramx.com\\\/product\\\/3me-fentanyl-online-kaufen\\\/#breadcrumb\"},\"inLanguage\":\"pl-PL\",\"potentialAction\":[{\"@type\":\"ReadAction\",\"target\":[\"https:\\\/\\\/chemgramx.com\\\/product\\\/3me-fentanyl-online-kaufen\\\/\"]}]},{\"@type\":\"ImageObject\",\"inLanguage\":\"pl-PL\",\"@id\":\"https:\\\/\\\/chemgramx.com\\\/product\\\/3me-fentanyl-online-kaufen\\\/#primaryimage\",\"url\":\"https:\\\/\\\/chemgramx.com\\\/wp-content\\\/uploads\\\/2025\\\/11\\\/3me.png\",\"contentUrl\":\"https:\\\/\\\/chemgramx.com\\\/wp-content\\\/uploads\\\/2025\\\/11\\\/3me.png\",\"width\":600,\"height\":400},{\"@type\":\"BreadcrumbList\",\"@id\":\"https:\\\/\\\/chemgramx.com\\\/product\\\/3me-fentanyl-online-kaufen\\\/#breadcrumb\",\"itemListElement\":[{\"@type\":\"ListItem\",\"position\":1,\"name\":\"Home\",\"item\":\"https:\\\/\\\/chemgramx.com\\\/\"},{\"@type\":\"ListItem\",\"position\":2,\"name\":\"Shop\",\"item\":\"https:\\\/\\\/chemgramx.com\\\/shop\\\/\"},{\"@type\":\"ListItem\",\"position\":3,\"name\":\"3me-Fentanyl online kaufen\"}]},{\"@type\":\"WebSite\",\"@id\":\"https:\\\/\\\/chemgramx.com\\\/#website\",\"url\":\"https:\\\/\\\/chemgramx.com\\\/\",\"name\":\"Chemgramx\",\"description\":\"\",\"publisher\":{\"@id\":\"https:\\\/\\\/chemgramx.com\\\/#organization\"},\"potentialAction\":[{\"@type\":\"SearchAction\",\"target\":{\"@type\":\"EntryPoint\",\"urlTemplate\":\"https:\\\/\\\/chemgramx.com\\\/?s={search_term_string}\"},\"query-input\":{\"@type\":\"PropertyValueSpecification\",\"valueRequired\":true,\"valueName\":\"search_term_string\"}}],\"inLanguage\":\"pl-PL\"},{\"@type\":\"Organization\",\"@id\":\"https:\\\/\\\/chemgramx.com\\\/#organization\",\"name\":\"Chemgramx\",\"url\":\"https:\\\/\\\/chemgramx.com\\\/\",\"logo\":{\"@type\":\"ImageObject\",\"inLanguage\":\"pl-PL\",\"@id\":\"https:\\\/\\\/chemgramx.com\\\/#\\\/schema\\\/logo\\\/image\\\/\",\"url\":\"https:\\\/\\\/chemgramx.com\\\/wp-content\\\/uploads\\\/2024\\\/10\\\/final-logo.png\",\"contentUrl\":\"https:\\\/\\\/chemgramx.com\\\/wp-content\\\/uploads\\\/2024\\\/10\\\/final-logo.png\",\"width\":250,\"height\":48,\"caption\":\"Chemgramx\"},\"image\":{\"@id\":\"https:\\\/\\\/chemgramx.com\\\/#\\\/schema\\\/logo\\\/image\\\/\"}}]}<\/script>\n<!-- \/ Yoast SEO plugin. -->","yoast_head_json":{"title":"Kup 3ME Fentanyl online \u2013 3ME Fentanyl na sprzeda\u017c","description":"Je\u015bli chcesz kupi\u0107 3me-Fentanyl online bez recepty, chemgramx.com to najlepsze miejsce, gdzie mo\u017cesz kupi\u0107 3me-Fentanyl online, sprzeda\u0107 3me-Fentanyl i kupi\u0107 3me-Fentanyl online w najlepszej cenie. Zam\u00f3w teraz!","robots":{"index":"index","follow":"follow","max-snippet":"max-snippet:-1","max-image-preview":"max-image-preview:large","max-video-preview":"max-video-preview:-1"},"canonical":"https:\/\/chemgramx.com\/pl\/produkt-1\/kup-3me-fentanyl-online\/","og_locale":"pl_PL","og_type":"article","og_title":"3ME-Fentanyl online kaufen \u2013 3ME-Fentanyl zu verkaufen","og_description":"Wenn Sie 3me-Fentanyl online ohne Rezept kaufen m\u00f6chten, ist chemgramx.com der beste Ort, um 3me-Fentanyl online zu kaufen, 3me-Fentanyl zu verkaufen, 3me-Fentanyl online zum besten Preis. Jetzt bestellen!","og_url":"https:\/\/chemgramx.com\/pl\/produkt-1\/kup-3me-fentanyl-online\/","og_site_name":"Chemgramx","article_modified_time":"2025-11-21T11:08:48+00:00","og_image":[{"width":600,"height":400,"url":"https:\/\/chemgramx.com\/wp-content\/uploads\/2025\/11\/3me.png","type":"image\/png"}],"twitter_card":"summary_large_image","twitter_misc":{"Szacowany czas czytania":"3 minuty"},"schema":{"@context":"https:\/\/schema.org","@graph":[{"@type":"WebPage","@id":"https:\/\/chemgramx.com\/product\/3me-fentanyl-online-kaufen\/","url":"https:\/\/chemgramx.com\/product\/3me-fentanyl-online-kaufen\/","name":"Kup 3ME Fentanyl online \u2013 3ME Fentanyl na sprzeda\u017c","isPartOf":{"@id":"https:\/\/chemgramx.com\/#website"},"primaryImageOfPage":{"@id":"https:\/\/chemgramx.com\/product\/3me-fentanyl-online-kaufen\/#primaryimage"},"image":{"@id":"https:\/\/chemgramx.com\/product\/3me-fentanyl-online-kaufen\/#primaryimage"},"thumbnailUrl":"https:\/\/chemgramx.com\/wp-content\/uploads\/2025\/11\/3me.png","datePublished":"2025-11-21T11:07:59+00:00","dateModified":"2025-11-21T11:08:48+00:00","description":"Je\u015bli chcesz kupi\u0107 3me-Fentanyl online bez recepty, chemgramx.com to najlepsze miejsce, gdzie mo\u017cesz kupi\u0107 3me-Fentanyl online, sprzeda\u0107 3me-Fentanyl i kupi\u0107 3me-Fentanyl online w najlepszej cenie. Zam\u00f3w teraz!","breadcrumb":{"@id":"https:\/\/chemgramx.com\/product\/3me-fentanyl-online-kaufen\/#breadcrumb"},"inLanguage":"pl-PL","potentialAction":[{"@type":"ReadAction","target":["https:\/\/chemgramx.com\/product\/3me-fentanyl-online-kaufen\/"]}]},{"@type":"ImageObject","inLanguage":"pl-PL","@id":"https:\/\/chemgramx.com\/product\/3me-fentanyl-online-kaufen\/#primaryimage","url":"https:\/\/chemgramx.com\/wp-content\/uploads\/2025\/11\/3me.png","contentUrl":"https:\/\/chemgramx.com\/wp-content\/uploads\/2025\/11\/3me.png","width":600,"height":400},{"@type":"BreadcrumbList","@id":"https:\/\/chemgramx.com\/product\/3me-fentanyl-online-kaufen\/#breadcrumb","itemListElement":[{"@type":"ListItem","position":1,"name":"Home","item":"https:\/\/chemgramx.com\/"},{"@type":"ListItem","position":2,"name":"Shop","item":"https:\/\/chemgramx.com\/shop\/"},{"@type":"ListItem","position":3,"name":"3me-Fentanyl online kaufen"}]},{"@type":"WebSite","@id":"https:\/\/chemgramx.com\/#website","url":"https:\/\/chemgramx.com\/","name":"Chemgramx","description":"","publisher":{"@id":"https:\/\/chemgramx.com\/#organization"},"potentialAction":[{"@type":"SearchAction","target":{"@type":"EntryPoint","urlTemplate":"https:\/\/chemgramx.com\/?s={search_term_string}"},"query-input":{"@type":"PropertyValueSpecification","valueRequired":true,"valueName":"search_term_string"}}],"inLanguage":"pl-PL"},{"@type":"Organization","@id":"https:\/\/chemgramx.com\/#organization","name":"Chemgramx","url":"https:\/\/chemgramx.com\/","logo":{"@type":"ImageObject","inLanguage":"pl-PL","@id":"https:\/\/chemgramx.com\/#\/schema\/logo\/image\/","url":"https:\/\/chemgramx.com\/wp-content\/uploads\/2024\/10\/final-logo.png","contentUrl":"https:\/\/chemgramx.com\/wp-content\/uploads\/2024\/10\/final-logo.png","width":250,"height":48,"caption":"Chemgramx"},"image":{"@id":"https:\/\/chemgramx.com\/#\/schema\/logo\/image\/"}}]}},"_links":{"self":[{"href":"https:\/\/chemgramx.com\/pl\/wp-json\/wp\/v2\/product\/6660","targetHints":{"allow":["GET"]}}],"collection":[{"href":"https:\/\/chemgramx.com\/pl\/wp-json\/wp\/v2\/product"}],"about":[{"href":"https:\/\/chemgramx.com\/pl\/wp-json\/wp\/v2\/types\/product"}],"replies":[{"embeddable":true,"href":"https:\/\/chemgramx.com\/pl\/wp-json\/wp\/v2\/comments?post=6660"}],"wp:featuredmedia":[{"embeddable":true,"href":"https:\/\/chemgramx.com\/pl\/wp-json\/wp\/v2\/media\/6690"}],"wp:attachment":[{"href":"https:\/\/chemgramx.com\/pl\/wp-json\/wp\/v2\/media?parent=6660"}],"wp:term":[{"taxonomy":"product_brand","embeddable":true,"href":"https:\/\/chemgramx.com\/pl\/wp-json\/wp\/v2\/product_brand?post=6660"},{"taxonomy":"product_cat","embeddable":true,"href":"https:\/\/chemgramx.com\/pl\/wp-json\/wp\/v2\/product_cat?post=6660"},{"taxonomy":"product_tag","embeddable":true,"href":"https:\/\/chemgramx.com\/pl\/wp-json\/wp\/v2\/product_tag?post=6660"}],"curies":[{"name":"wp","href":"https:\/\/api.w.org\/{rel}","templated":true}]}}