{"id":6661,"date":"2025-11-21T11:07:59","date_gmt":"2025-11-21T11:07:59","guid":{"rendered":"https:\/\/chemgramx.com\/?post_type=product&#038;p=6661"},"modified":"2025-11-21T11:08:48","modified_gmt":"2025-11-21T11:08:48","slug":"4-metoksymetylofentanyl-kupic-online","status":"publish","type":"product","link":"https:\/\/chemgramx.com\/pl\/product\/4-methoxymethylfentanyl-online-kaufen\/","title":{"rendered":"Kup 4-metoksymetylofentanyl online"},"content":{"rendered":"<p data-start=\"235\" data-end=\"715\">4-Metoksymetylofentanyl (4-metylometoksyetylofentanyl) to pochodna fentanylu opracowana do cel\u00f3w badawczych w celu zbadania dzia\u0142ania opioidowych lek\u00f3w przeciwb\u00f3lowych. Struktura chemiczna 4-Metoksymetylofentanyl jest modyfikowana w celu wywierania specyficznego dzia\u0142ania farmakologicznego na o\u015brodkowy uk\u0142ad nerwowy. Podobnie jak inne pochodne fentanylu, substancja ta charakteryzuje si\u0119 wysok\u0105 si\u0142\u0105 dzia\u0142ania, co czyni j\u0105 cennym obiektem bada\u0144.<\/p>\n<p data-start=\"717\" data-end=\"1238\">Naukowcy, kt\u00f3rzy <a href=\"https:\/\/chemgramx.com\/product\/4-methoxymethylfentanyl\/\">4-metoksymetylofentanyl<\/a> Wykorzystuj\u0105 go g\u0142\u00f3wnie do badania receptor\u00f3w opioidowych i wp\u0142ywu fentanylu na organizm cz\u0142owieka. Laboratoria naukowe wykorzystuj\u0105 4-metoksymetylofentanyl do sprzeda\u017cy w celu poprawy leczenia b\u00f3lu oraz analizy potencjalnych zagro\u017ce\u0144 i skutk\u00f3w ubocznych zwi\u0105zanych ze stosowaniem pochodnych fentanylu. Substancja ta pomaga r\u00f3wnie\u017c lepiej zrozumie\u0107 mechanizmy rozwoju tolerancji i potencja\u0142 uzale\u017cniaj\u0105cy.<\/p>\n<h2 data-start=\"1240\" data-end=\"1279\"><strong data-start=\"1243\" data-end=\"1279\">Bezpiecze\u0144stwo i wykorzystanie badawcze<\/strong><\/h2>\n<p data-start=\"1281\" data-end=\"1642\">Zakup 4-metoksymetylofentanylu online powinien by\u0107 dokonywany wy\u0142\u0105cznie w celach naukowych. Nigdy nie powinien by\u0107 spo\u017cywany przez ludzi i jest dozwolony wy\u0142\u0105cznie w \u015bci\u015ble kontrolowanych warunkach laboratoryjnych. Naukowcy cz\u0119sto zadaj\u0105 sobie pytanie: gdzie mog\u0119 bezpiecznie kupi\u0107 4-metoksymetylofentanyl? Nasz sprawdzony sklep internetowy oferuje wiarygodne \u017ar\u00f3d\u0142o.<\/p>\n<p data-start=\"1644\" data-end=\"1899\">Je\u015bli zamawiasz prawdziwy lub podrobiony 4-metoksymetylofentanyl, pami\u0119taj, \u017ce jest on zatwierdzony wy\u0142\u0105cznie do cel\u00f3w badawczych i musi by\u0107 stosowany pod nadzorem specjalisty w odpowiednim laboratorium. Niew\u0142a\u015bciwe obchodzenie si\u0119 z nim mo\u017ce by\u0107 szkodliwe dla zdrowia.<\/p>\n<h2 data-start=\"1901\" data-end=\"1936\"><strong data-start=\"1904\" data-end=\"1934\">G\u0142\u00f3wne cechy i korzy\u015bci<\/strong><\/h2>\n<ul data-start=\"1938\" data-end=\"2243\">\n<li data-start=\"1938\" data-end=\"2008\">\n<p data-start=\"1940\" data-end=\"2008\">Wysoka moc: Do badania wp\u0142ywu na receptory opioidowe<\/p>\n<\/li>\n<li data-start=\"2009\" data-end=\"2101\">\n<p data-start=\"2011\" data-end=\"2101\">Bada chemiczne i farmakologiczne skutki fentanylenu<\/p>\n<\/li>\n<li data-start=\"2102\" data-end=\"2170\">\n<p data-start=\"2104\" data-end=\"2170\">Nadaje si\u0119 tylko do bada\u0144 naukowych<\/p>\n<\/li>\n<li data-start=\"2171\" data-end=\"2243\">\n<p data-start=\"2173\" data-end=\"2243\">Ka\u017cda partia jest testowana pod k\u0105tem czysto\u015bci i jako\u015bci<\/p>\n<\/li>\n<\/ul>\n<h2 data-start=\"2245\" data-end=\"2298\"><strong data-start=\"2248\" data-end=\"2296\">Dlaczego warto kupi\u0107 4-metoksymetylofentanyl online?<\/strong><\/h2>\n<p data-start=\"2300\" data-end=\"2415\">Naukowcy poszukuj\u0105cy najlepszego miejsca na zakup 4-metoksymetylofentanylu czerpi\u0105 korzy\u015bci z nast\u0119puj\u0105cych zalet:<\/p>\n<ul data-start=\"2417\" data-end=\"2676\">\n<li data-start=\"2417\" data-end=\"2459\">\n<p data-start=\"2419\" data-end=\"2459\">Snelle en discrete verzending wereldwijd<\/p>\n<\/li>\n<li data-start=\"2460\" data-end=\"2513\">\n<p data-start=\"2462\" data-end=\"2513\">M\u00e9todos de pago flexibles y seguros<\/p>\n<\/li>\n<li data-start=\"2514\" data-end=\"2599\">\n<p data-start=\"2516\" data-end=\"2599\">Condiciones atractivas y precio de 4-MetoximetilFentanilo para pedidos al por mayor<\/p>\n<\/li>\n<li data-start=\"2600\" data-end=\"2676\">\n<p data-start=\"2602\" data-end=\"2676\">Ekskluzywne zni\u017cki przy zakupie 4-metoksymetylofentanylu online<\/p>\n<\/li>\n<\/ul>\n<h2 data-start=\"2678\" data-end=\"2692\"><strong data-start=\"2681\" data-end=\"2690\">Wnioski<\/strong><\/h2>\n<p data-start=\"2694\" data-end=\"3071\">Kupuj\u0105c 4-metoksymetylofentanyl online, kluczowe jest, aby zamawia\u0107 go wy\u0142\u0105cznie od zaufanego dostawcy. Nasz sklep oferuje sprawdzon\u0105 jako\u015b\u0107, uczciwe ceny 4-metoksymetylofentanyl i niezawodn\u0105 wysy\u0142k\u0119. Dzi\u0119ki naszej us\u0142udze otrzymasz prawdziwy lub podrobiony 4-metoksymetylofentanyl na sprzeda\u017c, przeznaczony wy\u0142\u0105cznie do rzetelnych cel\u00f3w badawczych.<\/p>","protected":false},"excerpt":{"rendered":"<p><strong>4-metoksymetylofentanyl<\/strong> to silnie dzia\u0142aj\u0105ca pochodna fentanylu, wykorzystywana w badaniach naukowych w celu zbadania przeciwb\u00f3lowych i farmakologicznych w\u0142a\u015bciwo\u015bci fentanylu. Substancja ta jest przeznaczona wy\u0142\u0105cznie do bada\u0144 w kontrolowanych \u015brodowiskach laboratoryjnych i nie mo\u017ce by\u0107 stosowana do spo\u017cycia przez ludzi.<\/p>","protected":false},"featured_media":6691,"comment_status":"open","ping_status":"closed","template":"","meta":{"_joinchat":[]},"product_brand":[],"product_cat":[1803],"product_tag":[800,2072,809,2069,2071,2068,2067,2070,188,1814],"class_list":{"0":"post-6661","1":"product","2":"type-product","3":"status-publish","4":"has-post-thumbnail","6":"product_cat-andere","7":"product_tag-4-methoxymethylfentanyl","8":"product_tag-4-methoxymethylfentanyl-chemikalien","9":"product_tag-4-methoxymethylfentanyl-kaufen","10":"product_tag-4-methoxymethylfentanyl-kristalle","11":"product_tag-4-methoxymethylfentanyl-online","12":"product_tag-4-methoxymethylfentanyl-pulver","13":"product_tag-4-methoxymethylfentanyl-zum-verkauf","14":"product_tag-fentanyl-derivate","15":"product_tag-forschungschemikalien","16":"product_tag-forschungsstoffe-kaufen","18":"first","19":"instock","20":"shipping-taxable","21":"purchasable","22":"product-type-variable"},"yoast_head":"<!-- This site is optimized with the Yoast SEO plugin v27.5 - https:\/\/yoast.com\/product\/yoast-seo-wordpress\/ -->\n<title>4-Methoxymethylfentanyl online kaufen | Chemgramx<\/title>\n<meta name=\"description\" content=\"Ihre Bestellung von 4-Methoxymethylfentanyl zu verkaufen liegt in unserer Verantwortung. Wir werden Ihre Bestellung zum Kauf von 4-Methoxymethylfentanyl ber\u00fccksichtigen und Sie in kurzer Zeit erreichen. Geben Sie jetzt Gro\u00dfbestellungen auf!\" \/>\n<meta name=\"robots\" content=\"index, follow, max-snippet:-1, max-image-preview:large, max-video-preview:-1\" \/>\n<link rel=\"canonical\" href=\"https:\/\/chemgramx.com\/pl\/produkt-1\/4-metoksymetylofentanyl-kupic-online\/\" \/>\n<meta property=\"og:locale\" content=\"pl_PL\" \/>\n<meta property=\"og:type\" content=\"article\" \/>\n<meta property=\"og:title\" content=\"4-Methoxymethylfentanyl online kaufen | Chemgramx\" \/>\n<meta property=\"og:description\" content=\"Ihre Bestellung von 4-Methoxymethylfentanyl zu verkaufen liegt in unserer Verantwortung. Wir werden Ihre Bestellung zum Kauf von 4-Methoxymethylfentanyl ber\u00fccksichtigen und Sie in kurzer Zeit erreichen. Geben Sie jetzt Gro\u00dfbestellungen auf!\" \/>\n<meta property=\"og:url\" content=\"https:\/\/chemgramx.com\/pl\/produkt-1\/4-metoksymetylofentanyl-kupic-online\/\" \/>\n<meta property=\"og:site_name\" content=\"Chemgramx\" \/>\n<meta property=\"article:modified_time\" content=\"2025-11-21T11:08:48+00:00\" \/>\n<meta property=\"og:image\" content=\"https:\/\/chemgramx.com\/wp-content\/uploads\/2025\/11\/4-MethoxymethylFentanyl.png\" \/>\n\t<meta property=\"og:image:width\" content=\"600\" \/>\n\t<meta property=\"og:image:height\" content=\"400\" \/>\n\t<meta property=\"og:image:type\" content=\"image\/png\" \/>\n<meta name=\"twitter:card\" content=\"summary_large_image\" \/>\n<meta name=\"twitter:label1\" content=\"Szacowany czas czytania\" \/>\n\t<meta name=\"twitter:data1\" content=\"2 minuty\" \/>\n<script type=\"application\/ld+json\" class=\"yoast-schema-graph\">{\"@context\":\"https:\\\/\\\/schema.org\",\"@graph\":[{\"@type\":\"WebPage\",\"@id\":\"https:\\\/\\\/chemgramx.com\\\/product\\\/4-methoxymethylfentanyl-online-kaufen\\\/\",\"url\":\"https:\\\/\\\/chemgramx.com\\\/product\\\/4-methoxymethylfentanyl-online-kaufen\\\/\",\"name\":\"4-Methoxymethylfentanyl online kaufen | Chemgramx\",\"isPartOf\":{\"@id\":\"https:\\\/\\\/chemgramx.com\\\/#website\"},\"primaryImageOfPage\":{\"@id\":\"https:\\\/\\\/chemgramx.com\\\/product\\\/4-methoxymethylfentanyl-online-kaufen\\\/#primaryimage\"},\"image\":{\"@id\":\"https:\\\/\\\/chemgramx.com\\\/product\\\/4-methoxymethylfentanyl-online-kaufen\\\/#primaryimage\"},\"thumbnailUrl\":\"https:\\\/\\\/chemgramx.com\\\/wp-content\\\/uploads\\\/2025\\\/11\\\/4-MethoxymethylFentanyl.png\",\"datePublished\":\"2025-11-21T11:07:59+00:00\",\"dateModified\":\"2025-11-21T11:08:48+00:00\",\"description\":\"Ihre Bestellung von 4-Methoxymethylfentanyl zu verkaufen liegt in unserer Verantwortung. Wir werden Ihre Bestellung zum Kauf von 4-Methoxymethylfentanyl ber\u00fccksichtigen und Sie in kurzer Zeit erreichen. Geben Sie jetzt Gro\u00dfbestellungen auf!\",\"breadcrumb\":{\"@id\":\"https:\\\/\\\/chemgramx.com\\\/product\\\/4-methoxymethylfentanyl-online-kaufen\\\/#breadcrumb\"},\"inLanguage\":\"pl-PL\",\"potentialAction\":[{\"@type\":\"ReadAction\",\"target\":[\"https:\\\/\\\/chemgramx.com\\\/product\\\/4-methoxymethylfentanyl-online-kaufen\\\/\"]}]},{\"@type\":\"ImageObject\",\"inLanguage\":\"pl-PL\",\"@id\":\"https:\\\/\\\/chemgramx.com\\\/product\\\/4-methoxymethylfentanyl-online-kaufen\\\/#primaryimage\",\"url\":\"https:\\\/\\\/chemgramx.com\\\/wp-content\\\/uploads\\\/2025\\\/11\\\/4-MethoxymethylFentanyl.png\",\"contentUrl\":\"https:\\\/\\\/chemgramx.com\\\/wp-content\\\/uploads\\\/2025\\\/11\\\/4-MethoxymethylFentanyl.png\",\"width\":600,\"height\":400},{\"@type\":\"BreadcrumbList\",\"@id\":\"https:\\\/\\\/chemgramx.com\\\/product\\\/4-methoxymethylfentanyl-online-kaufen\\\/#breadcrumb\",\"itemListElement\":[{\"@type\":\"ListItem\",\"position\":1,\"name\":\"Home\",\"item\":\"https:\\\/\\\/chemgramx.com\\\/\"},{\"@type\":\"ListItem\",\"position\":2,\"name\":\"Shop\",\"item\":\"https:\\\/\\\/chemgramx.com\\\/shop\\\/\"},{\"@type\":\"ListItem\",\"position\":3,\"name\":\"4-MethoxymethylFentanyl online kaufen\"}]},{\"@type\":\"WebSite\",\"@id\":\"https:\\\/\\\/chemgramx.com\\\/#website\",\"url\":\"https:\\\/\\\/chemgramx.com\\\/\",\"name\":\"Chemgramx\",\"description\":\"\",\"publisher\":{\"@id\":\"https:\\\/\\\/chemgramx.com\\\/#organization\"},\"potentialAction\":[{\"@type\":\"SearchAction\",\"target\":{\"@type\":\"EntryPoint\",\"urlTemplate\":\"https:\\\/\\\/chemgramx.com\\\/?s={search_term_string}\"},\"query-input\":{\"@type\":\"PropertyValueSpecification\",\"valueRequired\":true,\"valueName\":\"search_term_string\"}}],\"inLanguage\":\"pl-PL\"},{\"@type\":\"Organization\",\"@id\":\"https:\\\/\\\/chemgramx.com\\\/#organization\",\"name\":\"Chemgramx\",\"url\":\"https:\\\/\\\/chemgramx.com\\\/\",\"logo\":{\"@type\":\"ImageObject\",\"inLanguage\":\"pl-PL\",\"@id\":\"https:\\\/\\\/chemgramx.com\\\/#\\\/schema\\\/logo\\\/image\\\/\",\"url\":\"https:\\\/\\\/chemgramx.com\\\/wp-content\\\/uploads\\\/2024\\\/10\\\/final-logo.png\",\"contentUrl\":\"https:\\\/\\\/chemgramx.com\\\/wp-content\\\/uploads\\\/2024\\\/10\\\/final-logo.png\",\"width\":250,\"height\":48,\"caption\":\"Chemgramx\"},\"image\":{\"@id\":\"https:\\\/\\\/chemgramx.com\\\/#\\\/schema\\\/logo\\\/image\\\/\"}}]}<\/script>\n<!-- \/ Yoast SEO plugin. -->","yoast_head_json":{"title":"4-metoksymetylofentanyl online kaufen | Chemgramx","description":"Sprzeda\u017c Twojego zam\u00f3wienia na 4-metoksymetylofentanyl jest nasz\u0105 odpowiedzialno\u015bci\u0105. Przetworzymy Twoje zam\u00f3wienie na zakup 4-metoksymetylofentanylu i dostarczymy je do Ciebie niezw\u0142ocznie. Z\u0142\u00f3\u017c zam\u00f3wienie hurtowe ju\u017c teraz!","robots":{"index":"index","follow":"follow","max-snippet":"max-snippet:-1","max-image-preview":"max-image-preview:large","max-video-preview":"max-video-preview:-1"},"canonical":"https:\/\/chemgramx.com\/pl\/produkt-1\/4-metoksymetylofentanyl-kupic-online\/","og_locale":"pl_PL","og_type":"article","og_title":"4-Methoxymethylfentanyl online kaufen | Chemgramx","og_description":"Ihre Bestellung von 4-Methoxymethylfentanyl zu verkaufen liegt in unserer Verantwortung. Wir werden Ihre Bestellung zum Kauf von 4-Methoxymethylfentanyl ber\u00fccksichtigen und Sie in kurzer Zeit erreichen. Geben Sie jetzt Gro\u00dfbestellungen auf!","og_url":"https:\/\/chemgramx.com\/pl\/produkt-1\/4-metoksymetylofentanyl-kupic-online\/","og_site_name":"Chemgramx","article_modified_time":"2025-11-21T11:08:48+00:00","og_image":[{"width":600,"height":400,"url":"https:\/\/chemgramx.com\/wp-content\/uploads\/2025\/11\/4-MethoxymethylFentanyl.png","type":"image\/png"}],"twitter_card":"summary_large_image","twitter_misc":{"Szacowany czas czytania":"2 minuty"},"schema":{"@context":"https:\/\/schema.org","@graph":[{"@type":"WebPage","@id":"https:\/\/chemgramx.com\/product\/4-methoxymethylfentanyl-online-kaufen\/","url":"https:\/\/chemgramx.com\/product\/4-methoxymethylfentanyl-online-kaufen\/","name":"4-metoksymetylofentanyl online kaufen | Chemgramx","isPartOf":{"@id":"https:\/\/chemgramx.com\/#website"},"primaryImageOfPage":{"@id":"https:\/\/chemgramx.com\/product\/4-methoxymethylfentanyl-online-kaufen\/#primaryimage"},"image":{"@id":"https:\/\/chemgramx.com\/product\/4-methoxymethylfentanyl-online-kaufen\/#primaryimage"},"thumbnailUrl":"https:\/\/chemgramx.com\/wp-content\/uploads\/2025\/11\/4-MethoxymethylFentanyl.png","datePublished":"2025-11-21T11:07:59+00:00","dateModified":"2025-11-21T11:08:48+00:00","description":"Sprzeda\u017c Twojego zam\u00f3wienia na 4-metoksymetylofentanyl jest nasz\u0105 odpowiedzialno\u015bci\u0105. Przetworzymy Twoje zam\u00f3wienie na zakup 4-metoksymetylofentanylu i dostarczymy je do Ciebie niezw\u0142ocznie. Z\u0142\u00f3\u017c zam\u00f3wienie hurtowe ju\u017c teraz!","breadcrumb":{"@id":"https:\/\/chemgramx.com\/product\/4-methoxymethylfentanyl-online-kaufen\/#breadcrumb"},"inLanguage":"pl-PL","potentialAction":[{"@type":"ReadAction","target":["https:\/\/chemgramx.com\/product\/4-methoxymethylfentanyl-online-kaufen\/"]}]},{"@type":"ImageObject","inLanguage":"pl-PL","@id":"https:\/\/chemgramx.com\/product\/4-methoxymethylfentanyl-online-kaufen\/#primaryimage","url":"https:\/\/chemgramx.com\/wp-content\/uploads\/2025\/11\/4-MethoxymethylFentanyl.png","contentUrl":"https:\/\/chemgramx.com\/wp-content\/uploads\/2025\/11\/4-MethoxymethylFentanyl.png","width":600,"height":400},{"@type":"BreadcrumbList","@id":"https:\/\/chemgramx.com\/product\/4-methoxymethylfentanyl-online-kaufen\/#breadcrumb","itemListElement":[{"@type":"ListItem","position":1,"name":"Home","item":"https:\/\/chemgramx.com\/"},{"@type":"ListItem","position":2,"name":"Shop","item":"https:\/\/chemgramx.com\/shop\/"},{"@type":"ListItem","position":3,"name":"4-MethoxymethylFentanyl online kaufen"}]},{"@type":"WebSite","@id":"https:\/\/chemgramx.com\/#website","url":"https:\/\/chemgramx.com\/","name":"Chemgramx","description":"","publisher":{"@id":"https:\/\/chemgramx.com\/#organization"},"potentialAction":[{"@type":"SearchAction","target":{"@type":"EntryPoint","urlTemplate":"https:\/\/chemgramx.com\/?s={search_term_string}"},"query-input":{"@type":"PropertyValueSpecification","valueRequired":true,"valueName":"search_term_string"}}],"inLanguage":"pl-PL"},{"@type":"Organization","@id":"https:\/\/chemgramx.com\/#organization","name":"Chemgramx","url":"https:\/\/chemgramx.com\/","logo":{"@type":"ImageObject","inLanguage":"pl-PL","@id":"https:\/\/chemgramx.com\/#\/schema\/logo\/image\/","url":"https:\/\/chemgramx.com\/wp-content\/uploads\/2024\/10\/final-logo.png","contentUrl":"https:\/\/chemgramx.com\/wp-content\/uploads\/2024\/10\/final-logo.png","width":250,"height":48,"caption":"Chemgramx"},"image":{"@id":"https:\/\/chemgramx.com\/#\/schema\/logo\/image\/"}}]}},"_links":{"self":[{"href":"https:\/\/chemgramx.com\/pl\/wp-json\/wp\/v2\/product\/6661","targetHints":{"allow":["GET"]}}],"collection":[{"href":"https:\/\/chemgramx.com\/pl\/wp-json\/wp\/v2\/product"}],"about":[{"href":"https:\/\/chemgramx.com\/pl\/wp-json\/wp\/v2\/types\/product"}],"replies":[{"embeddable":true,"href":"https:\/\/chemgramx.com\/pl\/wp-json\/wp\/v2\/comments?post=6661"}],"wp:featuredmedia":[{"embeddable":true,"href":"https:\/\/chemgramx.com\/pl\/wp-json\/wp\/v2\/media\/6691"}],"wp:attachment":[{"href":"https:\/\/chemgramx.com\/pl\/wp-json\/wp\/v2\/media?parent=6661"}],"wp:term":[{"taxonomy":"product_brand","embeddable":true,"href":"https:\/\/chemgramx.com\/pl\/wp-json\/wp\/v2\/product_brand?post=6661"},{"taxonomy":"product_cat","embeddable":true,"href":"https:\/\/chemgramx.com\/pl\/wp-json\/wp\/v2\/product_cat?post=6661"},{"taxonomy":"product_tag","embeddable":true,"href":"https:\/\/chemgramx.com\/pl\/wp-json\/wp\/v2\/product_tag?post=6661"}],"curies":[{"name":"wp","href":"https:\/\/api.w.org\/{rel}","templated":true}]}}