{"id":6663,"date":"2025-11-21T11:07:59","date_gmt":"2025-11-21T11:07:59","guid":{"rendered":"https:\/\/chemgramx.com\/?post_type=product&#038;p=6663"},"modified":"2025-11-21T11:08:49","modified_gmt":"2025-11-21T11:08:49","slug":"4-kup-fma-online","status":"publish","type":"product","link":"https:\/\/chemgramx.com\/pl\/product\/4-fma-online-kaufen\/","title":{"rendered":"Kup 4-FMA online"},"content":{"rendered":"<p data-start=\"169\" data-end=\"726\">4-FMA, znana r\u00f3wnie\u017c jako 4-fluorometamfetamina, to syntetyczna substancja z klasy podstawionych amfetamin. Chemicznie spokrewniona ze znanymi zwi\u0105zkami, takimi jak metamfetamina, 4-FMA r\u00f3\u017cni si\u0119 obecno\u015bci\u0105 grupy fluorowej w czwartej pozycji pier\u015bcienia aromatycznego. Naukowcy ceni\u0105 4-FMA za jego dzia\u0142anie pobudzaj\u0105ce i empatogenne. 4-FMA jest szczeg\u00f3lnie interesuj\u0105ca dla bada\u0144 neurochemicznych i farmakologicznych badaj\u0105cych wp\u0142yw fluorowanych amfetamin na o\u015brodkowy uk\u0142ad nerwowy.<\/p>\n<p data-start=\"728\" data-end=\"1010\">Wielu badaczy decyduje si\u0119 na zakup 4-FMA online lub zakup prawdziwego lub podrobionego 4-FMA do bada\u0144 por\u00f3wnawczych. Ka\u017cdy, kto zastanawia si\u0119, gdzie kupi\u0107 4-FMA, znajdzie u nas najlepsz\u0105 opcj\u0119. Nasz sklep to najlepsze miejsce do zakupu 4-FMA, z potwierdzon\u0105 jako\u015bci\u0105 i dyskretn\u0105 wysy\u0142k\u0105.<\/p>\n<h3 data-start=\"1017\" data-end=\"1060\">4-FMA na sprzeda\u017c \u2013 Zam\u00f3w online ju\u017c teraz<\/h3>\n<p data-start=\"1062\" data-end=\"1318\">Szukasz najwy\u017cszej jako\u015bci 4-FMA na sprzeda\u017c? U nas mo\u017cesz bezpiecznie i \u0142atwo zam\u00f3wi\u0107 prawdziwy lub podrobiony 4-FMA do swoich bada\u0144. Oferujemy uczciwe ceny 4-FMA i mo\u017cliwo\u015b\u0107 taniego zakupu 4-FMA online w r\u00f3\u017cnych ilo\u015bciach.<\/p>\n<p data-start=\"1320\" data-end=\"1475\">Niezale\u017cnie od tego, czy chodzi o indywidualne zam\u00f3wienia, czy ilo\u015bci hurtowe - nasza oferta oryginalnych lub podrobionych 4-FMA na sprzeda\u017c jest skierowana do laboratori\u00f3w, uniwersytet\u00f3w i instytut\u00f3w badawczych.<\/p>\n<h3 data-start=\"1482\" data-end=\"1519\">Zalety zakupu 4-FMA online<\/h3>\n<ul data-start=\"1521\" data-end=\"1852\">\n<li data-start=\"1521\" data-end=\"1567\">\n<p data-start=\"1523\" data-end=\"1567\">4-FMA na sprzeda\u017c z certyfikatem czysto\u015bci<\/p>\n<\/li>\n<li data-start=\"1568\" data-end=\"1638\">\n<p data-start=\"1570\" data-end=\"1638\">Mo\u017cliwo\u015b\u0107 zakupu 4-FMA online na korzystnych warunkach<\/p>\n<\/li>\n<li data-start=\"1639\" data-end=\"1695\">\n<p data-start=\"1641\" data-end=\"1695\">Bezpieczny i dyskretny zakup 4-FMA online na ca\u0142ym \u015bwiecie<\/p>\n<\/li>\n<li data-start=\"1696\" data-end=\"1733\">\n<p data-start=\"1698\" data-end=\"1733\">Elastyczno\u015b\u0107 w metodach p\u0142atno\u015bci<\/p>\n<\/li>\n<li data-start=\"1734\" data-end=\"1795\">\n<p data-start=\"1736\" data-end=\"1795\">Wieloletnie do\u015bwiadczenie w handlu chemikaliami badawczymi<\/p>\n<\/li>\n<li data-start=\"1796\" data-end=\"1852\">\n<p data-start=\"1798\" data-end=\"1852\">Przejrzysta cena 4-FMA bez ukrytych koszt\u00f3w<\/p>\n<\/li>\n<\/ul>\n<h3 data-start=\"1859\" data-end=\"1893\">Pochodzenie i profil chemiczny<\/h3>\n<p data-start=\"1895\" data-end=\"2180\">4-FMA zosta\u0142a opracowana w ramach bada\u0144 eksperymentalnych i nale\u017cy do rodziny podstawionych amfetamin. Grupa fluorowa na czwartej pozycji nadaje tej substancji szczeg\u00f3lne w\u0142a\u015bciwo\u015bci farmakologiczne, kt\u00f3re czyni\u0105 j\u0105 interesuj\u0105c\u0105 dla bada\u0144 naukowych.<\/p>\n<p data-start=\"2182\" data-end=\"2327\">Laboratoria kupuj\u0105ce 4-FMA online wykorzystuj\u0105 t\u0119 substancj\u0119 przede wszystkim do badania mechanizm\u00f3w neuroprzeka\u017anik\u00f3w w o\u015brodkowym uk\u0142adzie nerwowym.<\/p>\n<h3 data-start=\"2334\" data-end=\"2358\">Wykorzystanie 4-FMA<\/h3>\n<p data-start=\"2360\" data-end=\"2599\">4-FMA jest u\u017cywany wy\u0142\u0105cznie do cel\u00f3w badawczych. Wielu naukowc\u00f3w poszukuje <a href=\"https:\/\/chemgramx.com\/product\/4-fma\/\">Kup 4-FMA online<\/a> lub kupi\u0107 prawdziwy lub fa\u0142szywy 4-FMA, aby przeprowadzi\u0107 szczeg\u00f3\u0142owe badania por\u00f3wnawcze z innymi pochodnymi amfetaminy.<\/p>\n<p data-start=\"2601\" data-end=\"2636\">Typowe obszary bada\u0144 to:<\/p>\n<ul data-start=\"2638\" data-end=\"2803\">\n<li data-start=\"2638\" data-end=\"2676\">\n<p data-start=\"2640\" data-end=\"2676\">Fundamenteel neurochemisch onderzoek<\/p>\n<\/li>\n<li data-start=\"2677\" data-end=\"2711\">\n<p data-start=\"2679\" data-end=\"2711\">Psychofarmacologische studies<\/p>\n<\/li>\n<li data-start=\"2712\" data-end=\"2753\">\n<p data-start=\"2714\" data-end=\"2753\">Badania analityczne i kryminalistyczne<\/p>\n<\/li>\n<li data-start=\"2754\" data-end=\"2803\">\n<p data-start=\"2756\" data-end=\"2803\">Badania por\u00f3wnawcze z pokrewnymi amfetaminami<\/p>\n<\/li>\n<\/ul>\n<h3 data-start=\"2810\" data-end=\"2847\">Jak i gdzie mo\u017cna kupi\u0107 4-FMA?<\/h3>\n<p data-start=\"2849\" data-end=\"3126\">Wiele laboratori\u00f3w i badaczy zastanawia si\u0119, gdzie kupi\u0107 4-FMA. W naszym sklepie znajdziesz wszystko, czego potrzebujesz: od certyfikowanej jako\u015bci 4-FMA na sprzeda\u017c, po uczciwe ceny 4-FMA oraz mo\u017cliwo\u015b\u0107 zam\u00f3wienia oryginalnego lub podrobionego 4-FMA do cel\u00f3w naukowych.<\/p>\n<p data-start=\"3128\" data-end=\"3220\">Dzi\u0119ki naszym us\u0142ugom jeste\u015bmy najlepszym miejscem do zakupu 4-FMA \u2013 niezawodnym, dyskretnym i bezpiecznym.<\/p>\n<h3 data-start=\"3227\" data-end=\"3236\">Wnioski<\/h3>\n<p data-start=\"3238\" data-end=\"3686\">Je\u015bli chcesz, upewnij si\u0119, \u017ce kupujesz od zweryfikowanej czysto\u015bci i renomowanych dostawc\u00f3w. Nasz sklep oferuje nie tylko 4-FMA na sprzeda\u017c, ale tak\u017ce mo\u017cliwo\u015b\u0107 zakupu 4-FMA tanio online, z przejrzystymi cenami i wysy\u0142k\u0105 na ca\u0142y \u015bwiat. Niezale\u017cnie od tego, czy chcesz zam\u00f3wi\u0107 oryginalne lub podrobione 4-FMA do bada\u0144 por\u00f3wnawczych, czy te\u017c oryginalne lub podrobione 4-FMA na sprzeda\u017c hurtow\u0105, jeste\u015bmy partnerem, na kt\u00f3rym mo\u017cesz polega\u0107.<\/p>","protected":false},"excerpt":{"rendered":"<p><strong>4-FMA<\/strong> (4-fluorometyloamfetamina) to syntetyczna pochodna amfetaminy stosowana w badaniach naukowych do badania wp\u0142ywu stymulant\u00f3w na ludzki uk\u0142ad nerwowy. Substancja ta jest dozwolona wy\u0142\u0105cznie w laboratoriach badawczych i nie mo\u017ce by\u0107 stosowana do spo\u017cycia przez ludzi.<\/p>","protected":false},"featured_media":6700,"comment_status":"open","ping_status":"closed","template":"","meta":{"_joinchat":[]},"product_brand":[],"product_cat":[1804],"product_tag":[2055,2061,2056,2059,2060,2058,2057,188,1814,248],"class_list":{"0":"post-6663","1":"product","2":"type-product","3":"status-publish","4":"has-post-thumbnail","6":"product_cat-amphetam","7":"product_tag-4-fma","8":"product_tag-4-fma-chemikalien","9":"product_tag-4-fma-kaufen","10":"product_tag-4-fma-kristalle","11":"product_tag-4-fma-online","12":"product_tag-4-fma-pulver","13":"product_tag-4-fma-zum-verkauf","14":"product_tag-forschungschemikalien","15":"product_tag-forschungsstoffe-kaufen","16":"product_tag-synthetische-stimulanzien","18":"first","19":"instock","20":"shipping-taxable","21":"purchasable","22":"product-type-variable"},"yoast_head":"<!-- This site is optimized with the Yoast SEO plugin v27.5 - https:\/\/yoast.com\/product\/yoast-seo-wordpress\/ -->\n<title>4-FMA online kaufen \u2013 4-FMA zu verkaufen | chemgramx<\/title>\n<meta name=\"description\" content=\"Wenn Sie 4-FMA kaufen m\u00f6chten, sind wir die richtige Wahl f\u00fcr Sie. Unsere Mitarbeiter helfen Ihnen, 4-FMA g\u00fcnstig online zu kaufen. Bestellen Sie bei uns!\" \/>\n<meta name=\"robots\" content=\"index, follow, max-snippet:-1, max-image-preview:large, max-video-preview:-1\" \/>\n<link rel=\"canonical\" href=\"https:\/\/chemgramx.com\/pl\/produkt-1\/4-kup-fma-online\/\" \/>\n<meta property=\"og:locale\" content=\"pl_PL\" \/>\n<meta property=\"og:type\" content=\"article\" \/>\n<meta property=\"og:title\" content=\"4-FMA online kaufen \u2013 4-FMA zu verkaufen | chemgramx\" \/>\n<meta property=\"og:description\" content=\"Wenn Sie 4-FMA kaufen m\u00f6chten, sind wir die richtige Wahl f\u00fcr Sie. Unsere Mitarbeiter helfen Ihnen, 4-FMA g\u00fcnstig online zu kaufen. Bestellen Sie bei uns!\" \/>\n<meta property=\"og:url\" content=\"https:\/\/chemgramx.com\/pl\/produkt-1\/4-kup-fma-online\/\" \/>\n<meta property=\"og:site_name\" content=\"Chemgramx\" \/>\n<meta property=\"article:modified_time\" content=\"2025-11-21T11:08:49+00:00\" \/>\n<meta property=\"og:image\" content=\"https:\/\/chemgramx.com\/wp-content\/uploads\/2025\/11\/4fma.png\" \/>\n\t<meta property=\"og:image:width\" content=\"600\" \/>\n\t<meta property=\"og:image:height\" content=\"400\" \/>\n\t<meta property=\"og:image:type\" content=\"image\/png\" \/>\n<meta name=\"twitter:card\" content=\"summary_large_image\" \/>\n<meta name=\"twitter:label1\" content=\"Szacowany czas czytania\" \/>\n\t<meta name=\"twitter:data1\" content=\"3 minuty\" \/>\n<script type=\"application\/ld+json\" class=\"yoast-schema-graph\">{\"@context\":\"https:\\\/\\\/schema.org\",\"@graph\":[{\"@type\":\"WebPage\",\"@id\":\"https:\\\/\\\/chemgramx.com\\\/product\\\/4-fma-online-kaufen\\\/\",\"url\":\"https:\\\/\\\/chemgramx.com\\\/product\\\/4-fma-online-kaufen\\\/\",\"name\":\"4-FMA online kaufen \u2013 4-FMA zu verkaufen | chemgramx\",\"isPartOf\":{\"@id\":\"https:\\\/\\\/chemgramx.com\\\/#website\"},\"primaryImageOfPage\":{\"@id\":\"https:\\\/\\\/chemgramx.com\\\/product\\\/4-fma-online-kaufen\\\/#primaryimage\"},\"image\":{\"@id\":\"https:\\\/\\\/chemgramx.com\\\/product\\\/4-fma-online-kaufen\\\/#primaryimage\"},\"thumbnailUrl\":\"https:\\\/\\\/chemgramx.com\\\/wp-content\\\/uploads\\\/2025\\\/11\\\/4fma.png\",\"datePublished\":\"2025-11-21T11:07:59+00:00\",\"dateModified\":\"2025-11-21T11:08:49+00:00\",\"description\":\"Wenn Sie 4-FMA kaufen m\u00f6chten, sind wir die richtige Wahl f\u00fcr Sie. Unsere Mitarbeiter helfen Ihnen, 4-FMA g\u00fcnstig online zu kaufen. Bestellen Sie bei uns!\",\"breadcrumb\":{\"@id\":\"https:\\\/\\\/chemgramx.com\\\/product\\\/4-fma-online-kaufen\\\/#breadcrumb\"},\"inLanguage\":\"pl-PL\",\"potentialAction\":[{\"@type\":\"ReadAction\",\"target\":[\"https:\\\/\\\/chemgramx.com\\\/product\\\/4-fma-online-kaufen\\\/\"]}]},{\"@type\":\"ImageObject\",\"inLanguage\":\"pl-PL\",\"@id\":\"https:\\\/\\\/chemgramx.com\\\/product\\\/4-fma-online-kaufen\\\/#primaryimage\",\"url\":\"https:\\\/\\\/chemgramx.com\\\/wp-content\\\/uploads\\\/2025\\\/11\\\/4fma.png\",\"contentUrl\":\"https:\\\/\\\/chemgramx.com\\\/wp-content\\\/uploads\\\/2025\\\/11\\\/4fma.png\",\"width\":600,\"height\":400},{\"@type\":\"BreadcrumbList\",\"@id\":\"https:\\\/\\\/chemgramx.com\\\/product\\\/4-fma-online-kaufen\\\/#breadcrumb\",\"itemListElement\":[{\"@type\":\"ListItem\",\"position\":1,\"name\":\"Home\",\"item\":\"https:\\\/\\\/chemgramx.com\\\/\"},{\"@type\":\"ListItem\",\"position\":2,\"name\":\"Shop\",\"item\":\"https:\\\/\\\/chemgramx.com\\\/shop\\\/\"},{\"@type\":\"ListItem\",\"position\":3,\"name\":\"4-FMA Online Kaufen\"}]},{\"@type\":\"WebSite\",\"@id\":\"https:\\\/\\\/chemgramx.com\\\/#website\",\"url\":\"https:\\\/\\\/chemgramx.com\\\/\",\"name\":\"Chemgramx\",\"description\":\"\",\"publisher\":{\"@id\":\"https:\\\/\\\/chemgramx.com\\\/#organization\"},\"potentialAction\":[{\"@type\":\"SearchAction\",\"target\":{\"@type\":\"EntryPoint\",\"urlTemplate\":\"https:\\\/\\\/chemgramx.com\\\/?s={search_term_string}\"},\"query-input\":{\"@type\":\"PropertyValueSpecification\",\"valueRequired\":true,\"valueName\":\"search_term_string\"}}],\"inLanguage\":\"pl-PL\"},{\"@type\":\"Organization\",\"@id\":\"https:\\\/\\\/chemgramx.com\\\/#organization\",\"name\":\"Chemgramx\",\"url\":\"https:\\\/\\\/chemgramx.com\\\/\",\"logo\":{\"@type\":\"ImageObject\",\"inLanguage\":\"pl-PL\",\"@id\":\"https:\\\/\\\/chemgramx.com\\\/#\\\/schema\\\/logo\\\/image\\\/\",\"url\":\"https:\\\/\\\/chemgramx.com\\\/wp-content\\\/uploads\\\/2024\\\/10\\\/final-logo.png\",\"contentUrl\":\"https:\\\/\\\/chemgramx.com\\\/wp-content\\\/uploads\\\/2024\\\/10\\\/final-logo.png\",\"width\":250,\"height\":48,\"caption\":\"Chemgramx\"},\"image\":{\"@id\":\"https:\\\/\\\/chemgramx.com\\\/#\\\/schema\\\/logo\\\/image\\\/\"}}]}<\/script>\n<!-- \/ Yoast SEO plugin. -->","yoast_head_json":{"title":"Kup 4-FMA online \u2013 4-FMA na sprzeda\u017c | chemgramx","description":"Je\u015bli chcesz kupi\u0107 4-FMA, jeste\u015bmy dla Ciebie odpowiednim wyborem. Nasi pracownicy pomog\u0105 Ci kupi\u0107 4-FMA online w atrakcyjnej cenie. Zam\u00f3w u nas!","robots":{"index":"index","follow":"follow","max-snippet":"max-snippet:-1","max-image-preview":"max-image-preview:large","max-video-preview":"max-video-preview:-1"},"canonical":"https:\/\/chemgramx.com\/pl\/produkt-1\/4-kup-fma-online\/","og_locale":"pl_PL","og_type":"article","og_title":"4-FMA online kaufen \u2013 4-FMA zu verkaufen | chemgramx","og_description":"Wenn Sie 4-FMA kaufen m\u00f6chten, sind wir die richtige Wahl f\u00fcr Sie. Unsere Mitarbeiter helfen Ihnen, 4-FMA g\u00fcnstig online zu kaufen. Bestellen Sie bei uns!","og_url":"https:\/\/chemgramx.com\/pl\/produkt-1\/4-kup-fma-online\/","og_site_name":"Chemgramx","article_modified_time":"2025-11-21T11:08:49+00:00","og_image":[{"width":600,"height":400,"url":"https:\/\/chemgramx.com\/wp-content\/uploads\/2025\/11\/4fma.png","type":"image\/png"}],"twitter_card":"summary_large_image","twitter_misc":{"Szacowany czas czytania":"3 minuty"},"schema":{"@context":"https:\/\/schema.org","@graph":[{"@type":"WebPage","@id":"https:\/\/chemgramx.com\/product\/4-fma-online-kaufen\/","url":"https:\/\/chemgramx.com\/product\/4-fma-online-kaufen\/","name":"Kup 4-FMA online \u2013 4-FMA na sprzeda\u017c | chemgramx","isPartOf":{"@id":"https:\/\/chemgramx.com\/#website"},"primaryImageOfPage":{"@id":"https:\/\/chemgramx.com\/product\/4-fma-online-kaufen\/#primaryimage"},"image":{"@id":"https:\/\/chemgramx.com\/product\/4-fma-online-kaufen\/#primaryimage"},"thumbnailUrl":"https:\/\/chemgramx.com\/wp-content\/uploads\/2025\/11\/4fma.png","datePublished":"2025-11-21T11:07:59+00:00","dateModified":"2025-11-21T11:08:49+00:00","description":"Je\u015bli chcesz kupi\u0107 4-FMA, jeste\u015bmy dla Ciebie odpowiednim wyborem. Nasi pracownicy pomog\u0105 Ci kupi\u0107 4-FMA online w atrakcyjnej cenie. Zam\u00f3w u nas!","breadcrumb":{"@id":"https:\/\/chemgramx.com\/product\/4-fma-online-kaufen\/#breadcrumb"},"inLanguage":"pl-PL","potentialAction":[{"@type":"ReadAction","target":["https:\/\/chemgramx.com\/product\/4-fma-online-kaufen\/"]}]},{"@type":"ImageObject","inLanguage":"pl-PL","@id":"https:\/\/chemgramx.com\/product\/4-fma-online-kaufen\/#primaryimage","url":"https:\/\/chemgramx.com\/wp-content\/uploads\/2025\/11\/4fma.png","contentUrl":"https:\/\/chemgramx.com\/wp-content\/uploads\/2025\/11\/4fma.png","width":600,"height":400},{"@type":"BreadcrumbList","@id":"https:\/\/chemgramx.com\/product\/4-fma-online-kaufen\/#breadcrumb","itemListElement":[{"@type":"ListItem","position":1,"name":"Home","item":"https:\/\/chemgramx.com\/"},{"@type":"ListItem","position":2,"name":"Shop","item":"https:\/\/chemgramx.com\/shop\/"},{"@type":"ListItem","position":3,"name":"4-FMA Online Kaufen"}]},{"@type":"WebSite","@id":"https:\/\/chemgramx.com\/#website","url":"https:\/\/chemgramx.com\/","name":"Chemgramx","description":"","publisher":{"@id":"https:\/\/chemgramx.com\/#organization"},"potentialAction":[{"@type":"SearchAction","target":{"@type":"EntryPoint","urlTemplate":"https:\/\/chemgramx.com\/?s={search_term_string}"},"query-input":{"@type":"PropertyValueSpecification","valueRequired":true,"valueName":"search_term_string"}}],"inLanguage":"pl-PL"},{"@type":"Organization","@id":"https:\/\/chemgramx.com\/#organization","name":"Chemgramx","url":"https:\/\/chemgramx.com\/","logo":{"@type":"ImageObject","inLanguage":"pl-PL","@id":"https:\/\/chemgramx.com\/#\/schema\/logo\/image\/","url":"https:\/\/chemgramx.com\/wp-content\/uploads\/2024\/10\/final-logo.png","contentUrl":"https:\/\/chemgramx.com\/wp-content\/uploads\/2024\/10\/final-logo.png","width":250,"height":48,"caption":"Chemgramx"},"image":{"@id":"https:\/\/chemgramx.com\/#\/schema\/logo\/image\/"}}]}},"_links":{"self":[{"href":"https:\/\/chemgramx.com\/pl\/wp-json\/wp\/v2\/product\/6663","targetHints":{"allow":["GET"]}}],"collection":[{"href":"https:\/\/chemgramx.com\/pl\/wp-json\/wp\/v2\/product"}],"about":[{"href":"https:\/\/chemgramx.com\/pl\/wp-json\/wp\/v2\/types\/product"}],"replies":[{"embeddable":true,"href":"https:\/\/chemgramx.com\/pl\/wp-json\/wp\/v2\/comments?post=6663"}],"wp:featuredmedia":[{"embeddable":true,"href":"https:\/\/chemgramx.com\/pl\/wp-json\/wp\/v2\/media\/6700"}],"wp:attachment":[{"href":"https:\/\/chemgramx.com\/pl\/wp-json\/wp\/v2\/media?parent=6663"}],"wp:term":[{"taxonomy":"product_brand","embeddable":true,"href":"https:\/\/chemgramx.com\/pl\/wp-json\/wp\/v2\/product_brand?post=6663"},{"taxonomy":"product_cat","embeddable":true,"href":"https:\/\/chemgramx.com\/pl\/wp-json\/wp\/v2\/product_cat?post=6663"},{"taxonomy":"product_tag","embeddable":true,"href":"https:\/\/chemgramx.com\/pl\/wp-json\/wp\/v2\/product_tag?post=6663"}],"curies":[{"name":"wp","href":"https:\/\/api.w.org\/{rel}","templated":true}]}}