{"id":6736,"date":"2025-11-21T11:08:50","date_gmt":"2025-11-21T11:08:50","guid":{"rendered":"https:\/\/chemgramx.com\/?post_type=product&#038;p=6736"},"modified":"2025-11-21T11:09:14","modified_gmt":"2025-11-21T11:09:14","slug":"kup-2c-b-online","status":"publish","type":"product","link":"https:\/\/chemgramx.com\/pl\/product\/2c-b-online-kaufen\/","title":{"rendered":"Kup 2C-B online"},"content":{"rendered":"<p>Klasa <b>2C-fenyloetyloamina<\/b>, opracowany przez chemika Alexandra Shulgina, reprezentuje fundamentaln\u0105 dziedzin\u0119 w <b>Neurofarmakologia<\/b>. <b>2C-B<\/b> jest syntetyczn\u0105 substancj\u0105 chemiczn\u0105, kt\u00f3ra <b>wy\u0142\u0105cznie<\/b> jest przeznaczony do bada\u0144 naukowych i analiz farmakologicznych w \u015bci\u015ble kontrolowanych \u015brodowiskach laboratoryjnych. Ze wzgl\u0119du na zr\u00f3wnowa\u017con\u0105 struktur\u0119 molekularn\u0105 i specyficzne powinowactwo do receptor\u00f3w centralnych, 2C-B s\u0142u\u017cy jako niezb\u0119dny system modelowy w badaniach farmakologicznych. <b>badania serotoninergiczne<\/b> i badanie zjawisk \u015bwiadomo\u015bci.<\/p>\n<p>Substancja jest <b>wy\u0142\u0105cznie do bada\u0144 analitycznych i naukowych<\/b> oferowane. Podkre\u015blamy, \u017ce 2C-B, ze wzgl\u0119du na swoj\u0105 aktywno\u015b\u0107 farmakologiczn\u0105 <b>Najbardziej rygorystyczne protoko\u0142y bezpiecze\u0144stwa i prawne<\/b> podlega i <b>nieprzeznaczone do spo\u017cycia przez ludzi<\/b> jest.<\/p>\n<h2>Struktura chemiczna, farmakologia i w\u0142a\u015bciwo\u015bci<\/h2>\n<p>Przejrzysto\u015b\u0107 strukturalna 2C-B jest kluczem do jego znaczenia w badaniach analitycznych i farmakologicznych. Dok\u0142adna konfiguracja umo\u017cliwia precyzyjne badania korelacji struktury chemicznej i efektu biologicznego.<\/p>\n<h3>Czym jest 2C-B?<\/h3>\n<p><b>2C-B<\/b> (Pe\u0142na nazwa chemiczna: <b>4-bromo-2,5-dimetoksyfenetyloamina<\/b>) nale\u017cy do klasy <b>Fenyloetyloaminy<\/b>. Struktura molekularna jest zdefiniowana przez:<\/p>\n<ul>\n<li><b>Szkielet fenetyloaminowy:<\/b> Szkielet wielu neuroprzeka\u017anik\u00f3w monoaminowych.<\/li>\n<li><b>Podstawienie dimetoksy:<\/b> The <span class=\"math-inline\" data-math=\"mathbf{2,5}\">{2,5}<\/span>&#8211;<b>Grupy dimetoksylowe<\/b> na pier\u015bcieniu fenylowym s\u0105 charakterystyczne dla rodziny 2C i wp\u0142ywaj\u0105 na powinowactwo do receptora.<\/li>\n<li><b>Zast\u0105pienie bromu:<\/b> The <span class=\"math-inline\" data-math=\"mathbf{4}\">{4}<\/span>&#8211;<b>Grupa bromowa<\/b> na pier\u015bcieniu fenylowym ma decyduj\u0105ce znaczenie dla nazewnictwa i selektywno\u015bci farmakologicznej. Wp\u0142ywa na lipofilowo\u015b\u0107, a tym samym na stabilno\u015b\u0107 metaboliczn\u0105.<\/li>\n<\/ul>\n<p>Ta konfiguracja chemiczna oznacza, \u017ce 2C-B jest cz\u0119sto opisywany w raportach badawczych jako zwi\u0105zek z <b>zr\u00f3wnowa\u017cona mieszanka efekt\u00f3w wizualnych i intensywno\u015bci emocjonalnej<\/b> jest opisany, co czyni go poszukiwanym materia\u0142em dla <b>Badania podstawowe<\/b> w dziedzinie psychofarmakologii.<\/p>\n<p>&nbsp;<\/p>\n<h3>Molekularny spos\u00f3b dzia\u0142ania i znaczenie badawcze<\/h3>\n<p>G\u0142\u00f3wne znaczenie badawcze 2C-B polega na jego wysokim powinowactwie do <b><span class=\"math-inline\" data-math=\"mathbf{5-HT_{2A}}\">$mathbf{5-HT_{2A}}$<\/span>-receptor<\/b>, g\u0142\u00f3wny cel w neurochemii.<\/p>\n<ol start=\"1\">\n<li><b>Badania analityczne w psychofarmakologii:<\/b> Materia\u0142 jest u\u017cywany jako <b>Standard odniesienia<\/b> u\u017cywany do <span class=\"math-inline\" data-math=\"mathbf{K_i}\">f{K_i}$<\/span>-(sta\u0142e hamowania wi\u0105zania) i <span class=\"math-inline\" data-math=\"mathbf{EC_{50}}\">50<\/span>-(si\u0142a dzia\u0142ania) na r\u00f3\u017cnych receptorach serotoninergicznych.<\/li>\n<li><b>Badania nad interakcj\u0105 z receptorami serotoninergicznymi:<\/b> Badanie mechanizm\u00f3w molekularnych, za pomoc\u0105 kt\u00f3rych 2C-B reguluje transdukcj\u0119 sygna\u0142u <span class=\"math-inline\" data-math=\"mathbf{5-HT_{2A}}\">{5-HT_{2A}}$<\/span>-receptor jest modulowany.<\/li>\n<li><b>Badania metaboliczne:<\/b> Analiza biochemicznych szlak\u00f3w degradacji i roli enzym\u00f3w detoksykacyjnych (np. CYP450) w celu okre\u015blenia okresu p\u00f3\u0142trwania i potencjalnie aktywnych metabolit\u00f3w.<\/li>\n<\/ol>\n<h2>Zapewnienie jako\u015bci analitycznej i wymagania laboratoryjne<\/h2>\n<p>Integralno\u015b\u0107 bada\u0144 wymaga maksymalnej czysto\u015bci i pe\u0142nej dokumentacji u\u017cytego materia\u0142u, kt\u00f3rego jako\u015b\u0107 jest gwarantowana przez nowoczesne metody analityczne.<\/p>\n<h3>Zapewnienie jako\u015bci i sp\u00f3jno\u015bci partii<\/h3>\n<p>Materia\u0142 badawczy musi mie\u0107 czysto\u015b\u0107 chemiczn\u0105 wynosz\u0105c\u0105 <span class=\"math-inline\" data-math=\"mathbf{ge 98%}\">$mathbf{ge 98%}$<\/span> mie\u0107. Zapewnienie jako\u015bci obejmuje<\/p>\n<ul>\n<li><b>Dokumentacja analityczna:<\/b> Dostawa z <b>kompletne certyfikaty analizy (CoA)<\/b>, kt\u00f3re potwierdzaj\u0105 czysto\u015b\u0107 i to\u017csamo\u015b\u0107 (HPLC, GC\/MS).<\/li>\n<li><b>Sp\u00f3jno\u015b\u0107 partii:<\/b> Zapewnienie <b>sta\u0142a jako\u015b\u0107<\/b> w r\u00f3\u017cnych partiach produkcyjnych, co ma kluczowe znaczenie dla odtwarzalno\u015bci bada\u0144 d\u0142ugoterminowych.<\/li>\n<\/ul>\n<h3>Wymagania dotycz\u0105ce przechowywania i bezpiecze\u0144stwa<\/h3>\n<p>Ze wzgl\u0119du na chemiczn\u0105 niestabilno\u015b\u0107 fenetyloamin na \u015bwiat\u0142o i tlen, konieczne jest ich ostro\u017cne przechowywanie:<\/p>\n<ul>\n<li><b>Przechowywanie:<\/b> Materia\u0142 powinien <b>Chronione przed \u015bwiat\u0142em<\/b>, <b>fajny<\/b> (najlepiej <span class=\"math-inline\" data-math=\"mathbf{-20^circ C}\">$mathbf{-20^circ C}$<\/span>) i <b>suchy<\/b> by\u0107 przechowywane.<\/li>\n<li><b>Protoko\u0142y bezpiecze\u0144stwa:<\/b> Prace musz\u0105 by\u0107 wykonywane w <b>Zgodno\u015b\u0107 z GLP<\/b> ustanowienie. <b>\u015arodki ochrony indywidualnej<\/b> (fartuch laboratoryjny, r\u0119kawice, okulary ochronne) s\u0105 obowi\u0105zkowe. Obs\u0142uga proszku wymaga pracy pod <b>Dygestorium chemiczne<\/b>.<\/li>\n<\/ul>\n<h2>Ramy regulacyjne i odpowiedzialno\u015b\u0107 etyczna<\/h2>\n<p>Wymogi prawne i regulacyjne dotycz\u0105ce 2C-B s\u0105 bardzo z\u0142o\u017cone i wymagaj\u0105 \u015bcis\u0142ego przestrzegania przez instytucje badawcze.<\/p>\n<h3>Status prawny (zale\u017cny od jurysdykcji)<\/h3>\n<p>Status prawny 2C-B jest bardzo zr\u00f3\u017cnicowany w skali mi\u0119dzynarodowej:<\/p>\n<ul>\n<li>W wielu krajach zalicza si\u0119 do <b>substancje kontrolowane<\/b> (np. przepisy dotycz\u0105ce narkotyk\u00f3w).<\/li>\n<li>W innych regionach jest to <b>legalnie dost\u0119pny jako substancja chemiczna do bada\u0144<\/b>, o ile zamierzone zastosowanie pozostaje \u015bci\u015ble ograniczone do laboratorium.<\/li>\n<\/ul>\n<p><b>Obowi\u0105zkowe zobowi\u0105zanie:<\/b> Instytucje badawcze musz\u0105 <b>zawsze przestrzegaj lokalnych przepis\u00f3w<\/b> i obowi\u0105zuj\u0105cymi przepisami prawa przed zakupem materia\u0142\u00f3w. Nabywca ponosi wy\u0142\u0105czn\u0105 odpowiedzialno\u015b\u0107 za przestrzeganie przepis\u00f3w prawa obowi\u0105zuj\u0105cych w jego jurysdykcji.<\/p>\n<h3>Kontrola przej\u0119\u0107 i informacje o zam\u00f3wieniach<\/h3>\n<p>Nabycie 2C-B jest ograniczone do udokumentowanych bada\u0144 naukowych.<\/p>\n<ul>\n<li><b>Certyfikat instytutu:<\/b> Dokumentacja instytucji badawczej lub laboratorium jest obowi\u0105zkowa.<\/li>\n<li><b>Przeznaczenie:<\/b> Nale\u017cy przed\u0142o\u017cy\u0107 naukowy opis projektu badawczego.<\/li>\n<\/ul>\n<h3 data-start=\"3313\" data-end=\"3323\">Wnioski<\/h3>\n<p data-start=\"3325\" data-end=\"3627\">Ka\u017cdy, kto chce kupi\u0107 2C-B, skorzysta z atrakcyjnych cen, szerokiego wyboru oraz bezpiecznej i dyskretnej wysy\u0142ki. Dzi\u0119ki niezawodnemu dostawcy ca\u0142y proces sk\u0142adania zam\u00f3wienia jest profesjonalny i bezpieczny. Zamawiaj 2C-B tylko ze sprawdzonych \u017ar\u00f3de\u0142, aby zagwarantowa\u0107 najwy\u017csz\u0105 jako\u015b\u0107 i czysto\u015b\u0107.<\/p>","protected":false},"excerpt":{"rendered":"<p style=\"text-align: left;\">2C-B to syntetyczny zwi\u0105zek chemiczny przeznaczony do bada\u0144 laboratoryjnych. Produkt ten znany jest z doskona\u0142ej czysto\u015bci i stabilno\u015bci i idealnie nadaje si\u0119 do bada\u0144 farmakologicznych i analiz chemicznych. Ka\u017cda partia jest dok\u0142adnie testowana, aby zapewni\u0107 wiarygodne i sp\u00f3jne wyniki. Przeznaczony wy\u0142\u0105cznie do u\u017cytku laboratoryjnego i naukowego.<\/p>","protected":false},"featured_media":6764,"comment_status":"open","ping_status":"closed","template":"","meta":{"_joinchat":[]},"product_brand":[],"product_cat":[1795],"product_tag":[1884,1888,1218,1887,1237,1886,1885,188,1814,1841],"class_list":{"0":"post-6736","1":"product","2":"type-product","3":"status-publish","4":"has-post-thumbnail","6":"product_cat-2c-serie","7":"product_tag-2c-b","8":"product_tag-2c-b-chemikalien","9":"product_tag-2c-b-kaufen","10":"product_tag-2c-b-kristalle","11":"product_tag-2c-b-online","12":"product_tag-2c-b-pulver","13":"product_tag-2c-b-zum-verkauf","14":"product_tag-forschungschemikalien","15":"product_tag-forschungsstoffe-kaufen","16":"product_tag-synthetische-phenethylamine","18":"first","19":"instock","20":"shipping-taxable","21":"purchasable","22":"product-type-variable"},"yoast_head":"<!-- This site is optimized with the Yoast SEO plugin v27.5 - https:\/\/yoast.com\/product\/yoast-seo-wordpress\/ -->\n<title>2C-B online kaufen \u2013 2C-B zu verkaufen | chemgramx<\/title>\n<meta name=\"description\" content=\"Wenn Sie 2c-b online kaufen m\u00f6chten, besuchen Sie unseren Chemgramx-Onlineshop. Wir haben hochwertige Produkte wie 2c-b zu verkaufen. Bestellen Sie jetzt!\" \/>\n<meta name=\"robots\" content=\"index, follow, max-snippet:-1, max-image-preview:large, max-video-preview:-1\" \/>\n<link rel=\"canonical\" href=\"https:\/\/chemgramx.com\/pl\/produkt-1\/kup-2c-b-online\/\" \/>\n<meta property=\"og:locale\" content=\"pl_PL\" \/>\n<meta property=\"og:type\" content=\"article\" \/>\n<meta property=\"og:title\" content=\"2C-B online kaufen \u2013 2C-B zu verkaufen | chemgramx\" \/>\n<meta property=\"og:description\" content=\"Wenn Sie 2c-b online kaufen m\u00f6chten, besuchen Sie unseren Chemgramx-Onlineshop. Wir haben hochwertige Produkte wie 2c-b zu verkaufen. Bestellen Sie jetzt!\" \/>\n<meta property=\"og:url\" content=\"https:\/\/chemgramx.com\/pl\/produkt-1\/kup-2c-b-online\/\" \/>\n<meta property=\"og:site_name\" content=\"Chemgramx\" \/>\n<meta property=\"article:modified_time\" content=\"2025-11-21T11:09:14+00:00\" \/>\n<meta property=\"og:image\" content=\"https:\/\/chemgramx.com\/wp-content\/uploads\/2025\/11\/2cb.jpg\" \/>\n\t<meta property=\"og:image:width\" content=\"600\" \/>\n\t<meta property=\"og:image:height\" content=\"400\" \/>\n\t<meta property=\"og:image:type\" content=\"image\/jpeg\" \/>\n<meta name=\"twitter:card\" content=\"summary_large_image\" \/>\n<meta name=\"twitter:label1\" content=\"Szacowany czas czytania\" \/>\n\t<meta name=\"twitter:data1\" content=\"3 minuty\" \/>\n<script type=\"application\/ld+json\" class=\"yoast-schema-graph\">{\"@context\":\"https:\\\/\\\/schema.org\",\"@graph\":[{\"@type\":\"WebPage\",\"@id\":\"https:\\\/\\\/chemgramx.com\\\/product\\\/2c-b-online-kaufen\\\/\",\"url\":\"https:\\\/\\\/chemgramx.com\\\/product\\\/2c-b-online-kaufen\\\/\",\"name\":\"2C-B online kaufen \u2013 2C-B zu verkaufen | chemgramx\",\"isPartOf\":{\"@id\":\"https:\\\/\\\/chemgramx.com\\\/#website\"},\"primaryImageOfPage\":{\"@id\":\"https:\\\/\\\/chemgramx.com\\\/product\\\/2c-b-online-kaufen\\\/#primaryimage\"},\"image\":{\"@id\":\"https:\\\/\\\/chemgramx.com\\\/product\\\/2c-b-online-kaufen\\\/#primaryimage\"},\"thumbnailUrl\":\"https:\\\/\\\/chemgramx.com\\\/wp-content\\\/uploads\\\/2025\\\/11\\\/2cb.jpg\",\"datePublished\":\"2025-11-21T11:08:50+00:00\",\"dateModified\":\"2025-11-21T11:09:14+00:00\",\"description\":\"Wenn Sie 2c-b online kaufen m\u00f6chten, besuchen Sie unseren Chemgramx-Onlineshop. Wir haben hochwertige Produkte wie 2c-b zu verkaufen. Bestellen Sie jetzt!\",\"breadcrumb\":{\"@id\":\"https:\\\/\\\/chemgramx.com\\\/product\\\/2c-b-online-kaufen\\\/#breadcrumb\"},\"inLanguage\":\"pl-PL\",\"potentialAction\":[{\"@type\":\"ReadAction\",\"target\":[\"https:\\\/\\\/chemgramx.com\\\/product\\\/2c-b-online-kaufen\\\/\"]}]},{\"@type\":\"ImageObject\",\"inLanguage\":\"pl-PL\",\"@id\":\"https:\\\/\\\/chemgramx.com\\\/product\\\/2c-b-online-kaufen\\\/#primaryimage\",\"url\":\"https:\\\/\\\/chemgramx.com\\\/wp-content\\\/uploads\\\/2025\\\/11\\\/2cb.jpg\",\"contentUrl\":\"https:\\\/\\\/chemgramx.com\\\/wp-content\\\/uploads\\\/2025\\\/11\\\/2cb.jpg\",\"width\":600,\"height\":400},{\"@type\":\"BreadcrumbList\",\"@id\":\"https:\\\/\\\/chemgramx.com\\\/product\\\/2c-b-online-kaufen\\\/#breadcrumb\",\"itemListElement\":[{\"@type\":\"ListItem\",\"position\":1,\"name\":\"Home\",\"item\":\"https:\\\/\\\/chemgramx.com\\\/\"},{\"@type\":\"ListItem\",\"position\":2,\"name\":\"Shop\",\"item\":\"https:\\\/\\\/chemgramx.com\\\/shop\\\/\"},{\"@type\":\"ListItem\",\"position\":3,\"name\":\"2C-B online kaufen\"}]},{\"@type\":\"WebSite\",\"@id\":\"https:\\\/\\\/chemgramx.com\\\/#website\",\"url\":\"https:\\\/\\\/chemgramx.com\\\/\",\"name\":\"Chemgramx\",\"description\":\"\",\"publisher\":{\"@id\":\"https:\\\/\\\/chemgramx.com\\\/#organization\"},\"potentialAction\":[{\"@type\":\"SearchAction\",\"target\":{\"@type\":\"EntryPoint\",\"urlTemplate\":\"https:\\\/\\\/chemgramx.com\\\/?s={search_term_string}\"},\"query-input\":{\"@type\":\"PropertyValueSpecification\",\"valueRequired\":true,\"valueName\":\"search_term_string\"}}],\"inLanguage\":\"pl-PL\"},{\"@type\":\"Organization\",\"@id\":\"https:\\\/\\\/chemgramx.com\\\/#organization\",\"name\":\"Chemgramx\",\"url\":\"https:\\\/\\\/chemgramx.com\\\/\",\"logo\":{\"@type\":\"ImageObject\",\"inLanguage\":\"pl-PL\",\"@id\":\"https:\\\/\\\/chemgramx.com\\\/#\\\/schema\\\/logo\\\/image\\\/\",\"url\":\"https:\\\/\\\/chemgramx.com\\\/wp-content\\\/uploads\\\/2024\\\/10\\\/final-logo.png\",\"contentUrl\":\"https:\\\/\\\/chemgramx.com\\\/wp-content\\\/uploads\\\/2024\\\/10\\\/final-logo.png\",\"width\":250,\"height\":48,\"caption\":\"Chemgramx\"},\"image\":{\"@id\":\"https:\\\/\\\/chemgramx.com\\\/#\\\/schema\\\/logo\\\/image\\\/\"}}]}<\/script>\n<!-- \/ Yoast SEO plugin. -->","yoast_head_json":{"title":"Kup 2C-B online \u2013 2C-B na sprzeda\u017c | chemgramx","description":"Je\u015bli chcesz kupi\u0107 2c-b online, odwied\u017a nasz sklep internetowy Chemgramx. Oferujemy wysokiej jako\u015bci produkty, takie jak 2c-b, w sprzeda\u017cy. Zam\u00f3w ju\u017c teraz!","robots":{"index":"index","follow":"follow","max-snippet":"max-snippet:-1","max-image-preview":"max-image-preview:large","max-video-preview":"max-video-preview:-1"},"canonical":"https:\/\/chemgramx.com\/pl\/produkt-1\/kup-2c-b-online\/","og_locale":"pl_PL","og_type":"article","og_title":"2C-B online kaufen \u2013 2C-B zu verkaufen | chemgramx","og_description":"Wenn Sie 2c-b online kaufen m\u00f6chten, besuchen Sie unseren Chemgramx-Onlineshop. Wir haben hochwertige Produkte wie 2c-b zu verkaufen. Bestellen Sie jetzt!","og_url":"https:\/\/chemgramx.com\/pl\/produkt-1\/kup-2c-b-online\/","og_site_name":"Chemgramx","article_modified_time":"2025-11-21T11:09:14+00:00","og_image":[{"width":600,"height":400,"url":"https:\/\/chemgramx.com\/wp-content\/uploads\/2025\/11\/2cb.jpg","type":"image\/jpeg"}],"twitter_card":"summary_large_image","twitter_misc":{"Szacowany czas czytania":"3 minuty"},"schema":{"@context":"https:\/\/schema.org","@graph":[{"@type":"WebPage","@id":"https:\/\/chemgramx.com\/product\/2c-b-online-kaufen\/","url":"https:\/\/chemgramx.com\/product\/2c-b-online-kaufen\/","name":"Kup 2C-B online \u2013 2C-B na sprzeda\u017c | chemgramx","isPartOf":{"@id":"https:\/\/chemgramx.com\/#website"},"primaryImageOfPage":{"@id":"https:\/\/chemgramx.com\/product\/2c-b-online-kaufen\/#primaryimage"},"image":{"@id":"https:\/\/chemgramx.com\/product\/2c-b-online-kaufen\/#primaryimage"},"thumbnailUrl":"https:\/\/chemgramx.com\/wp-content\/uploads\/2025\/11\/2cb.jpg","datePublished":"2025-11-21T11:08:50+00:00","dateModified":"2025-11-21T11:09:14+00:00","description":"Je\u015bli chcesz kupi\u0107 2c-b online, odwied\u017a nasz sklep internetowy Chemgramx. Oferujemy wysokiej jako\u015bci produkty, takie jak 2c-b, w sprzeda\u017cy. Zam\u00f3w ju\u017c teraz!","breadcrumb":{"@id":"https:\/\/chemgramx.com\/product\/2c-b-online-kaufen\/#breadcrumb"},"inLanguage":"pl-PL","potentialAction":[{"@type":"ReadAction","target":["https:\/\/chemgramx.com\/product\/2c-b-online-kaufen\/"]}]},{"@type":"ImageObject","inLanguage":"pl-PL","@id":"https:\/\/chemgramx.com\/product\/2c-b-online-kaufen\/#primaryimage","url":"https:\/\/chemgramx.com\/wp-content\/uploads\/2025\/11\/2cb.jpg","contentUrl":"https:\/\/chemgramx.com\/wp-content\/uploads\/2025\/11\/2cb.jpg","width":600,"height":400},{"@type":"BreadcrumbList","@id":"https:\/\/chemgramx.com\/product\/2c-b-online-kaufen\/#breadcrumb","itemListElement":[{"@type":"ListItem","position":1,"name":"Home","item":"https:\/\/chemgramx.com\/"},{"@type":"ListItem","position":2,"name":"Shop","item":"https:\/\/chemgramx.com\/shop\/"},{"@type":"ListItem","position":3,"name":"2C-B online kaufen"}]},{"@type":"WebSite","@id":"https:\/\/chemgramx.com\/#website","url":"https:\/\/chemgramx.com\/","name":"Chemgramx","description":"","publisher":{"@id":"https:\/\/chemgramx.com\/#organization"},"potentialAction":[{"@type":"SearchAction","target":{"@type":"EntryPoint","urlTemplate":"https:\/\/chemgramx.com\/?s={search_term_string}"},"query-input":{"@type":"PropertyValueSpecification","valueRequired":true,"valueName":"search_term_string"}}],"inLanguage":"pl-PL"},{"@type":"Organization","@id":"https:\/\/chemgramx.com\/#organization","name":"Chemgramx","url":"https:\/\/chemgramx.com\/","logo":{"@type":"ImageObject","inLanguage":"pl-PL","@id":"https:\/\/chemgramx.com\/#\/schema\/logo\/image\/","url":"https:\/\/chemgramx.com\/wp-content\/uploads\/2024\/10\/final-logo.png","contentUrl":"https:\/\/chemgramx.com\/wp-content\/uploads\/2024\/10\/final-logo.png","width":250,"height":48,"caption":"Chemgramx"},"image":{"@id":"https:\/\/chemgramx.com\/#\/schema\/logo\/image\/"}}]}},"_links":{"self":[{"href":"https:\/\/chemgramx.com\/pl\/wp-json\/wp\/v2\/product\/6736","targetHints":{"allow":["GET"]}}],"collection":[{"href":"https:\/\/chemgramx.com\/pl\/wp-json\/wp\/v2\/product"}],"about":[{"href":"https:\/\/chemgramx.com\/pl\/wp-json\/wp\/v2\/types\/product"}],"replies":[{"embeddable":true,"href":"https:\/\/chemgramx.com\/pl\/wp-json\/wp\/v2\/comments?post=6736"}],"wp:featuredmedia":[{"embeddable":true,"href":"https:\/\/chemgramx.com\/pl\/wp-json\/wp\/v2\/media\/6764"}],"wp:attachment":[{"href":"https:\/\/chemgramx.com\/pl\/wp-json\/wp\/v2\/media?parent=6736"}],"wp:term":[{"taxonomy":"product_brand","embeddable":true,"href":"https:\/\/chemgramx.com\/pl\/wp-json\/wp\/v2\/product_brand?post=6736"},{"taxonomy":"product_cat","embeddable":true,"href":"https:\/\/chemgramx.com\/pl\/wp-json\/wp\/v2\/product_cat?post=6736"},{"taxonomy":"product_tag","embeddable":true,"href":"https:\/\/chemgramx.com\/pl\/wp-json\/wp\/v2\/product_tag?post=6736"}],"curies":[{"name":"wp","href":"https:\/\/api.w.org\/{rel}","templated":true}]}}