{"id":6737,"date":"2025-11-21T11:08:50","date_gmt":"2025-11-21T11:08:50","guid":{"rendered":"https:\/\/chemgramx.com\/?post_type=product&#038;p=6737"},"modified":"2025-11-21T11:09:25","modified_gmt":"2025-11-21T11:09:25","slug":"zamow-2c-c-online","status":"publish","type":"product","link":"https:\/\/chemgramx.com\/pl\/produkt-2\/zamow-2c-c-online\/","title":{"rendered":"Zam\u00f3w online 2C-C"},"content":{"rendered":"<p>Klasa chemiczna <b>2C-fenyloetyloamina<\/b>, kt\u00f3rego pocz\u0105tki si\u0119gaj\u0105 fundamentalnej pracy Alexandra Shulgina, stanowi wa\u017cn\u0105 dziedzin\u0119 w <b>Neurofarmakologia<\/b> reprezentuj\u0105. <b>2C-C<\/b> jest syntetyczn\u0105 substancj\u0105 chemiczn\u0105, kt\u00f3ra <b>wy\u0142\u0105cznie<\/b> jest przeznaczony do bada\u0144 naukowych i analiz farmakologicznych w \u015bci\u015ble kontrolowanych \u015brodowiskach laboratoryjnych. Ze wzgl\u0119du na unikalne po\u0142\u0105czenie przejrzysto\u015bci molekularnej i specyficznej interakcji z receptorem, 2C-C s\u0142u\u017cy jako niezb\u0119dny system modelowy w badaniach naukowych. <b>badania serotoninergiczne<\/b>.<\/p>\n<p>Substancja jest <b>wy\u0142\u0105cznie do bada\u0144 analitycznych i naukowych<\/b> oferowane. Podkre\u015blamy, \u017ce 2C-C, ze wzgl\u0119du na swoj\u0105 aktywno\u015b\u0107 farmakologiczn\u0105 <b>Najbardziej rygorystyczne protoko\u0142y bezpiecze\u0144stwa i prawne<\/b> podlega i <b>nieprzeznaczone do spo\u017cycia przez ludzi<\/b> jest.<\/p>\n<h2>Struktura chemiczna, farmakologia i w\u0142a\u015bciwo\u015bci<\/h2>\n<p>Zrozumienie struktury chemicznej 2C-C i jej wp\u0142ywu na neurobiologi\u0119 jest g\u0142\u00f3wnym celem bada\u0144.<\/p>\n<h3>Czym jest 2C-C?<\/h3>\n<p><b>2C-C<\/b> (Pe\u0142na nazwa chemiczna: <b>4-chloro-2,5-dimetoksyfenetyloamina<\/b>) to psychodeliczny <b>Pochodna fenetyloaminy<\/b> z rodziny 2C. Struktura molekularna jest zdefiniowana przez<\/p>\n<ul>\n<li><b>Szkielet fenetyloaminowy:<\/b> Podstawa wielu neuroprzeka\u017anik\u00f3w monoaminowych.<\/li>\n<li><b>Podstawienie dimetoksy:<\/b> The-<b>Grupy dimetoksylowe<\/b> na pier\u015bcieniu fenylowym to typowe cechy, kt\u00f3re sprzyjaj\u0105 powinowactwu do receptor\u00f3w serotoninowych.<\/li>\n<li><b>Zast\u0119powanie chloru:<\/b> The-<b>Grupa chlorowa<\/b> s\u0142u\u017cy jako podstawnik, kt\u00f3ry wp\u0142ywa na lipofilowo\u015b\u0107, a tym samym na losy metaboliczne i przepuszczalno\u015b\u0107 bariery krew-m\u00f3zg.<\/li>\n<\/ul>\n<p>Ta konfiguracja chemiczna oznacza, \u017ce 2C-C jest cz\u0119sto wymieniana w raportach dotycz\u0105cych wynik\u00f3w bada\u0144. <b>subtelne zmys\u0142y <a href=\"\/pl\/produkt-2\/meksykanska-kokaina\/\">Zmiany<\/a><\/b> z <b>jasna percepcja umys\u0142owa<\/b> \u0142\u0105czy to, co jest dost\u0119pne do bada\u0144 nad <b>receptory serotoninergiczne<\/b> a ich modulacja jest szczeg\u00f3lnie interesuj\u0105ca.<\/p>\n<h3>Molekularny spos\u00f3b dzia\u0142ania i znaczenie badawcze<\/h3>\n<p>G\u0142\u00f3wne znaczenie badawcze 2C-C polega na jego wysokim powinowactwie do <b><span class=\"math-inline\" data-math=\"mathbf{5-HT_{2A}}\">{5-HT_{2A}}<\/span>-receptor<\/b>, g\u0142\u00f3wny cel w psychofarmakologii.<\/p>\n<ul>\n<li><b>Wi\u0105zanie receptora:<\/b> Badania nad <b>wi\u0105zanie receptor\u00f3w neurochemicznych<\/b> okre\u015bli\u0107 <span class=\"math-inline\" data-math=\"mathbf{K_i}\">{K_i}<\/span>-warto\u015bci i <span class=\"math-inline\" data-math=\"mathbf{EC_{50}}\">{EC_{50<\/span>-w celu okre\u015blenia selektywno\u015bci funkcjonalnej i si\u0142y wi\u0105zania do <span class=\"math-inline\" data-math=\"mathbf{5-HT_{2A}}\">5-HT_{2A}<\/span><b>-receptor<\/b> w celu ustalenia.<\/li>\n<li><b>Analiza psychofarmakologiczna:<\/b> <b>Badania w dziedzinie psychofarmakologii psychodelicznej<\/b> wykorzystuje 2C-C jako model do badania korelacji mi\u0119dzy struktur\u0105 molekularn\u0105 a subiektywnym efektem w modelach przedklinicznych.<\/li>\n<li><b>Stabilno\u015b\u0107 metaboliczna:<\/b> Analizy badaj\u0105 <b>Stabilno\u015b\u0107 metaboliczna<\/b> cz\u0105steczki przeciwko oksydazom monoaminowym (MAO) i enzymom cytochromu P450.<\/li>\n<\/ul>\n<h2>Zapewnienie jako\u015bci analitycznej i wymagania laboratoryjne<\/h2>\n<p>Integralno\u015b\u0107 bada\u0144 wymaga maksymalnej czysto\u015bci i pe\u0142nej dokumentacji u\u017cytego materia\u0142u.<\/p>\n<h3>Charakterystyka jako\u015bciowa materia\u0142u badawczego<\/h3>\n<ul>\n<li><b>Gwarancja czysto\u015bci:<\/b> Czysto\u015b\u0107 chemiczna proszku 2C-C musi wynosi\u0107 <span class=\"math-inline\" data-math=\"mathbf{ge 98%}\">\u00a098%<\/span>\u00a0kwota. Osi\u0105ga si\u0119 to poprzez <b>Analiza HPLC<\/b> potwierdzone.<\/li>\n<li><b>Dokumentacja analityczna:<\/b> Ka\u017cda partia musi by\u0107 oznaczona <b>kompletne certyfikaty analizy (CoA)<\/b> kt\u00f3re potwierdzaj\u0105 czysto\u015b\u0107 i to\u017csamo\u015b\u0107 (np. za pomoc\u0105 GC\/MS lub NMR).<\/li>\n<li><b>Sp\u00f3jno\u015b\u0107:<\/b> <b>Sta\u0142a sp\u00f3jno\u015b\u0107 partii<\/b> ma zasadnicze znaczenie dla zapewnienia powtarzalno\u015bci serii test\u00f3w.<\/li>\n<\/ul>\n<h3>Wymagania dotycz\u0105ce przechowywania i bezpiecze\u0144stwa<\/h3>\n<p>Ze wzgl\u0119du na chemiczn\u0105 natur\u0119 fenetyloamin, ostro\u017cne przechowywanie ma kluczowe znaczenie dla d\u0142ugoterminowej stabilno\u015bci:<\/p>\n<ul>\n<li><b>Przechowywanie:<\/b> Materia\u0142 powinien <b>Chronione przed \u015bwiat\u0142em<\/b>, <b>fajny<\/b> (najlepiej w zamra\u017carce, <span class=\"math-inline\" data-math=\"mathbf{-20^circ C}\">-20 C<\/span>) i <b>suchy<\/b> aby zapobiec utlenianiu i rozk\u0142adowi.<\/li>\n<li><b>Protoko\u0142y bezpiecze\u0144stwa:<\/b> Prace musz\u0105 by\u0107 wykonywane w <b>Zgodno\u015b\u0107 z GLP<\/b> ustanowienie. <b>\u015arodki ochrony indywidualnej<\/b> (fartuch laboratoryjny, r\u0119kawice, okulary ochronne) s\u0105 obowi\u0105zkowe. Obs\u0142uga proszku wymaga pracy pod <b>Dygestorium chemiczne<\/b>.<\/li>\n<\/ul>\n<h2>Ramy regulacyjne i odpowiedzialno\u015b\u0107 etyczna<\/h2>\n<p>Wymogi prawne i regulacyjne dotycz\u0105ce 2C-C s\u0105 bardzo z\u0142o\u017cone i wymagaj\u0105 \u015bcis\u0142ego przestrzegania przez instytucje badawcze.<\/p>\n<h3>Status prawny (zale\u017cny od jurysdykcji)<\/h3>\n<p>Status prawny 2C-C r\u00f3\u017cni si\u0119 znacznie na arenie mi\u0119dzynarodowej, poniewa\u017c jest on uznawany w wielu krajach w ramach <b>przepisy dotycz\u0105ce kontroli \u015brodk\u00f3w psychotropowych<\/b> lub <b>Prawa analogowe NpSG<\/b> spada.<\/p>\n<ul>\n<li>W niekt\u00f3rych regionach substancja dla <b>Legalne do cel\u00f3w badawczych<\/b>, pod warunkiem, \u017ce u\u017cycie jest \u015bci\u015ble ograniczone do analizy laboratoryjnej.<\/li>\n<li>W innych krajach jest to <b>ca\u0142kowicie nielegalne<\/b> i podlega ustawie o \u015brodkach odurzaj\u0105cych.<\/li>\n<\/ul>\n<p><b>Obowi\u0105zkowa odpowiedzialno\u015b\u0107:<\/b> Instytucje badawcze musz\u0105 <b>przed zakupem nale\u017cy sprawdzi\u0107 obowi\u0105zuj\u0105ce przepisy danej jurysdykcji<\/b>. Kupuj\u0105cy ponosi wy\u0142\u0105czn\u0105 odpowiedzialno\u015b\u0107 za zgodno\u015b\u0107 z prawem.<\/p>\n<h3>Dost\u0119pne ilo\u015bci dla laboratori\u00f3w<\/h3>\n<p>Renomowani dostawcy oferuj\u0105 szerok\u0105 gam\u0119 opakowa\u0144 spe\u0142niaj\u0105cych r\u00f3\u017cne potrzeby badawcze:<\/p>\n<ul>\n<li><b>Ma\u0142e ilo\u015bci:<\/b> Do serii test\u00f3w i opracowywania metod.<\/li>\n<li><b>Wi\u0119ksze ilo\u015bci:<\/b> Do szeroko zakrojonych prac laboratoryjnych i standard\u00f3w analitycznych.<\/li>\n<\/ul>\n<p><b>Uwaga:<\/b> 2C-C to <b>wy\u0142\u0105cznie do cel\u00f3w badawczych<\/b> oraz <b>nieprzeznaczone do spo\u017cycia przez ludzi<\/b>. Zakup musi by\u0107 autoryzowany przez urz\u0119dnika <b>Dokumentacja instytutu<\/b> oraz <b>Opis naukowy projektu badawczego<\/b> by\u0107 zaj\u0119te.<\/p>\n<h2>Wnioski:<\/h2>\n<p>2C-C s\u0142u\u017cy jako wa\u017cny system modelowy w neurofarmakologii do rozszyfrowania mechanizm\u00f3w receptor\u00f3w serotoninergicznych. Laboratoria i instytucje naukowe, kt\u00f3re potrzebuj\u0105 tego wysokiej jako\u015bci materia\u0142u do analiz i eksperyment\u00f3w, korzystaj\u0105 ze sprawdzonej jako\u015bci. Proces zakupu musi by\u0107 zorganizowany profesjonalnie i bezpiecznie, przy czym <b>Najwy\u017cszy priorytet<\/b> zawsze na <b>Zgodno\u015b\u0107 ze wszystkimi przepisami i protoko\u0142ami bezpiecze\u0144stwa<\/b> k\u0142amstwa.<\/p>","protected":false},"excerpt":{"rendered":"<p>2C-C<\/p>\n<p>2C-C to syntetyczny zwi\u0105zek chemiczny do bada\u0144 naukowych. Produkt ten jest znany ze swojej czysto\u015bci i stabilno\u015bci, dzi\u0119ki czemu idealnie nadaje si\u0119 do bada\u0144 farmakologicznych i analiz laboratoryjnych. Ka\u017cda partia jest dok\u0142adnie testowana, aby zapewni\u0107 wiarygodne i sp\u00f3jne wyniki. Wy\u0142\u0105cznie do u\u017cytku laboratoryjnego.<\/p>","protected":false},"featured_media":6765,"comment_status":"open","ping_status":"closed","template":"","meta":{"_joinchat":[]},"product_brand":[],"product_cat":[1795],"product_tag":[1877,1883,1878,1881,1882,1880,1879,188,1814,1841],"class_list":{"0":"post-6737","1":"product","2":"type-product","3":"status-publish","4":"has-post-thumbnail","6":"product_cat-2c-serie","7":"product_tag-2c-c","8":"product_tag-2c-c-chemikalien","9":"product_tag-2c-c-kaufen","10":"product_tag-2c-c-kristalle","11":"product_tag-2c-c-online","12":"product_tag-2c-c-pulver","13":"product_tag-2c-c-zum-verkauf","14":"product_tag-forschungschemikalien","15":"product_tag-forschungsstoffe-kaufen","16":"product_tag-synthetische-phenethylamine","18":"first","19":"instock","20":"shipping-taxable","21":"purchasable","22":"product-type-variable"},"yoast_head":"<!-- This site is optimized with the Yoast SEO plugin v26.3 - https:\/\/yoast.com\/wordpress\/plugins\/seo\/ -->\n<title>2C-C online kaufen \u2013 2C-C zu verkaufen | chemgramx<\/title>\n<meta name=\"description\" content=\"Unser Chemgramx-Onlineshop bietet 2C-C in bester Qualit\u00e4t zum Verkauf an. Wenn Sie 2C-C online kaufen m\u00f6chten, k\u00f6nnen wir Ihnen in jeder Hinsicht helfen. Bestellen Sie noch heute!\" \/>\n<meta name=\"robots\" content=\"noindex, follow, max-snippet:-1, max-image-preview:large, max-video-preview:-1\" \/>\n<meta property=\"og:locale\" content=\"pl_PL\" \/>\n<meta property=\"og:type\" content=\"article\" \/>\n<meta property=\"og:title\" content=\"2C-C online kaufen \u2013 2C-C zu verkaufen | chemgramx\" \/>\n<meta property=\"og:description\" content=\"Unser Chemgramx-Onlineshop bietet 2C-C in bester Qualit\u00e4t zum Verkauf an. Wenn Sie 2C-C online kaufen m\u00f6chten, k\u00f6nnen wir Ihnen in jeder Hinsicht helfen. Bestellen Sie noch heute!\" \/>\n<meta property=\"og:url\" content=\"https:\/\/chemgramx.com\/pl\/produkt-2\/zamow-2c-c-online\/\" \/>\n<meta property=\"og:site_name\" content=\"Chemgramx\" \/>\n<meta property=\"article:modified_time\" content=\"2025-11-21T11:09:25+00:00\" \/>\n<meta property=\"og:image\" content=\"https:\/\/chemgramx.com\/wp-content\/uploads\/2025\/11\/2cc.jpg\" \/>\n\t<meta property=\"og:image:width\" content=\"600\" \/>\n\t<meta property=\"og:image:height\" content=\"400\" \/>\n\t<meta property=\"og:image:type\" content=\"image\/jpeg\" \/>\n<meta name=\"twitter:card\" content=\"summary_large_image\" \/>\n<meta name=\"twitter:label1\" content=\"Szacowany czas czytania\" \/>\n\t<meta name=\"twitter:data1\" content=\"4 minuty\" \/>\n<script type=\"application\/ld+json\" class=\"yoast-schema-graph\">{\"@context\":\"https:\/\/schema.org\",\"@graph\":[{\"@type\":\"WebPage\",\"@id\":\"https:\/\/chemgramx.com\/product\/2c-c-online-bestellen\/\",\"url\":\"https:\/\/chemgramx.com\/product\/2c-c-online-bestellen\/\",\"name\":\"2C-C online kaufen \u2013 2C-C zu verkaufen | chemgramx\",\"isPartOf\":{\"@id\":\"https:\/\/chemgramx.com\/#website\"},\"primaryImageOfPage\":{\"@id\":\"https:\/\/chemgramx.com\/product\/2c-c-online-bestellen\/#primaryimage\"},\"image\":{\"@id\":\"https:\/\/chemgramx.com\/product\/2c-c-online-bestellen\/#primaryimage\"},\"thumbnailUrl\":\"https:\/\/chemgramx.com\/wp-content\/uploads\/2025\/11\/2cc.jpg\",\"datePublished\":\"2025-11-21T11:08:50+00:00\",\"dateModified\":\"2025-11-21T11:09:25+00:00\",\"description\":\"Unser Chemgramx-Onlineshop bietet 2C-C in bester Qualit\u00e4t zum Verkauf an. Wenn Sie 2C-C online kaufen m\u00f6chten, k\u00f6nnen wir Ihnen in jeder Hinsicht helfen. Bestellen Sie noch heute!\",\"breadcrumb\":{\"@id\":\"https:\/\/chemgramx.com\/product\/2c-c-online-bestellen\/#breadcrumb\"},\"inLanguage\":\"pl-PL\",\"potentialAction\":[{\"@type\":\"ReadAction\",\"target\":[\"https:\/\/chemgramx.com\/product\/2c-c-online-bestellen\/\"]}]},{\"@type\":\"ImageObject\",\"inLanguage\":\"pl-PL\",\"@id\":\"https:\/\/chemgramx.com\/product\/2c-c-online-bestellen\/#primaryimage\",\"url\":\"https:\/\/chemgramx.com\/wp-content\/uploads\/2025\/11\/2cc.jpg\",\"contentUrl\":\"https:\/\/chemgramx.com\/wp-content\/uploads\/2025\/11\/2cc.jpg\",\"width\":600,\"height\":400},{\"@type\":\"BreadcrumbList\",\"@id\":\"https:\/\/chemgramx.com\/product\/2c-c-online-bestellen\/#breadcrumb\",\"itemListElement\":[{\"@type\":\"ListItem\",\"position\":1,\"name\":\"Home\",\"item\":\"https:\/\/chemgramx.com\/\"},{\"@type\":\"ListItem\",\"position\":2,\"name\":\"Shop\",\"item\":\"https:\/\/chemgramx.com\/shop\/\"},{\"@type\":\"ListItem\",\"position\":3,\"name\":\"2C-C Online bestellen\"}]},{\"@type\":\"WebSite\",\"@id\":\"https:\/\/chemgramx.com\/#website\",\"url\":\"https:\/\/chemgramx.com\/\",\"name\":\"Chemgramx\",\"description\":\"\",\"publisher\":{\"@id\":\"https:\/\/chemgramx.com\/#organization\"},\"potentialAction\":[{\"@type\":\"SearchAction\",\"target\":{\"@type\":\"EntryPoint\",\"urlTemplate\":\"https:\/\/chemgramx.com\/?s={search_term_string}\"},\"query-input\":{\"@type\":\"PropertyValueSpecification\",\"valueRequired\":true,\"valueName\":\"search_term_string\"}}],\"inLanguage\":\"pl-PL\"},{\"@type\":\"Organization\",\"@id\":\"https:\/\/chemgramx.com\/#organization\",\"name\":\"Chemgramx\",\"url\":\"https:\/\/chemgramx.com\/\",\"logo\":{\"@type\":\"ImageObject\",\"inLanguage\":\"pl-PL\",\"@id\":\"https:\/\/chemgramx.com\/#\/schema\/logo\/image\/\",\"url\":\"https:\/\/chemgramx.com\/wp-content\/uploads\/2024\/10\/final-logo.png\",\"contentUrl\":\"https:\/\/chemgramx.com\/wp-content\/uploads\/2024\/10\/final-logo.png\",\"width\":250,\"height\":48,\"caption\":\"Chemgramx\"},\"image\":{\"@id\":\"https:\/\/chemgramx.com\/#\/schema\/logo\/image\/\"}}]}<\/script>\n<!-- \/ Yoast SEO plugin. -->","yoast_head_json":{"title":"Kup 2C-C online \u2013 2C-C na sprzeda\u017c | chemgramx","description":"Nasz sklep internetowy Chemgramx oferuje najwy\u017cszej jako\u015bci 2C-C w sprzeda\u017cy. Je\u015bli chcesz kupi\u0107 2C-C online, s\u0142u\u017cymy pomoc\u0105 w ka\u017cdym calu. Zam\u00f3w ju\u017c dzi\u015b!","robots":{"index":"noindex","follow":"follow","max-snippet":"max-snippet:-1","max-image-preview":"max-image-preview:large","max-video-preview":"max-video-preview:-1"},"og_locale":"pl_PL","og_type":"article","og_title":"2C-C online kaufen \u2013 2C-C zu verkaufen | chemgramx","og_description":"Unser Chemgramx-Onlineshop bietet 2C-C in bester Qualit\u00e4t zum Verkauf an. Wenn Sie 2C-C online kaufen m\u00f6chten, k\u00f6nnen wir Ihnen in jeder Hinsicht helfen. Bestellen Sie noch heute!","og_url":"https:\/\/chemgramx.com\/pl\/produkt-2\/zamow-2c-c-online\/","og_site_name":"Chemgramx","article_modified_time":"2025-11-21T11:09:25+00:00","og_image":[{"width":600,"height":400,"url":"https:\/\/chemgramx.com\/wp-content\/uploads\/2025\/11\/2cc.jpg","type":"image\/jpeg"}],"twitter_card":"summary_large_image","twitter_misc":{"Szacowany czas czytania":"4 minuty"},"schema":{"@context":"https:\/\/schema.org","@graph":[{"@type":"WebPage","@id":"https:\/\/chemgramx.com\/product\/2c-c-online-bestellen\/","url":"https:\/\/chemgramx.com\/product\/2c-c-online-bestellen\/","name":"Kup 2C-C online \u2013 2C-C na sprzeda\u017c | chemgramx","isPartOf":{"@id":"https:\/\/chemgramx.com\/#website"},"primaryImageOfPage":{"@id":"https:\/\/chemgramx.com\/product\/2c-c-online-bestellen\/#primaryimage"},"image":{"@id":"https:\/\/chemgramx.com\/product\/2c-c-online-bestellen\/#primaryimage"},"thumbnailUrl":"https:\/\/chemgramx.com\/wp-content\/uploads\/2025\/11\/2cc.jpg","datePublished":"2025-11-21T11:08:50+00:00","dateModified":"2025-11-21T11:09:25+00:00","description":"Nasz sklep internetowy Chemgramx oferuje najwy\u017cszej jako\u015bci 2C-C w sprzeda\u017cy. Je\u015bli chcesz kupi\u0107 2C-C online, s\u0142u\u017cymy pomoc\u0105 w ka\u017cdym calu. Zam\u00f3w ju\u017c dzi\u015b!","breadcrumb":{"@id":"https:\/\/chemgramx.com\/product\/2c-c-online-bestellen\/#breadcrumb"},"inLanguage":"pl-PL","potentialAction":[{"@type":"ReadAction","target":["https:\/\/chemgramx.com\/product\/2c-c-online-bestellen\/"]}]},{"@type":"ImageObject","inLanguage":"pl-PL","@id":"https:\/\/chemgramx.com\/product\/2c-c-online-bestellen\/#primaryimage","url":"https:\/\/chemgramx.com\/wp-content\/uploads\/2025\/11\/2cc.jpg","contentUrl":"https:\/\/chemgramx.com\/wp-content\/uploads\/2025\/11\/2cc.jpg","width":600,"height":400},{"@type":"BreadcrumbList","@id":"https:\/\/chemgramx.com\/product\/2c-c-online-bestellen\/#breadcrumb","itemListElement":[{"@type":"ListItem","position":1,"name":"Home","item":"https:\/\/chemgramx.com\/"},{"@type":"ListItem","position":2,"name":"Shop","item":"https:\/\/chemgramx.com\/shop\/"},{"@type":"ListItem","position":3,"name":"2C-C Online bestellen"}]},{"@type":"WebSite","@id":"https:\/\/chemgramx.com\/#website","url":"https:\/\/chemgramx.com\/","name":"Chemgramx","description":"","publisher":{"@id":"https:\/\/chemgramx.com\/#organization"},"potentialAction":[{"@type":"SearchAction","target":{"@type":"EntryPoint","urlTemplate":"https:\/\/chemgramx.com\/?s={search_term_string}"},"query-input":{"@type":"PropertyValueSpecification","valueRequired":true,"valueName":"search_term_string"}}],"inLanguage":"pl-PL"},{"@type":"Organization","@id":"https:\/\/chemgramx.com\/#organization","name":"Chemgramx","url":"https:\/\/chemgramx.com\/","logo":{"@type":"ImageObject","inLanguage":"pl-PL","@id":"https:\/\/chemgramx.com\/#\/schema\/logo\/image\/","url":"https:\/\/chemgramx.com\/wp-content\/uploads\/2024\/10\/final-logo.png","contentUrl":"https:\/\/chemgramx.com\/wp-content\/uploads\/2024\/10\/final-logo.png","width":250,"height":48,"caption":"Chemgramx"},"image":{"@id":"https:\/\/chemgramx.com\/#\/schema\/logo\/image\/"}}]}},"_links":{"self":[{"href":"https:\/\/chemgramx.com\/pl\/wp-json\/wp\/v2\/product\/6737","targetHints":{"allow":["GET"]}}],"collection":[{"href":"https:\/\/chemgramx.com\/pl\/wp-json\/wp\/v2\/product"}],"about":[{"href":"https:\/\/chemgramx.com\/pl\/wp-json\/wp\/v2\/types\/product"}],"replies":[{"embeddable":true,"href":"https:\/\/chemgramx.com\/pl\/wp-json\/wp\/v2\/comments?post=6737"}],"wp:featuredmedia":[{"embeddable":true,"href":"https:\/\/chemgramx.com\/pl\/wp-json\/wp\/v2\/media\/6765"}],"wp:attachment":[{"href":"https:\/\/chemgramx.com\/pl\/wp-json\/wp\/v2\/media?parent=6737"}],"wp:term":[{"taxonomy":"product_brand","embeddable":true,"href":"https:\/\/chemgramx.com\/pl\/wp-json\/wp\/v2\/product_brand?post=6737"},{"taxonomy":"product_cat","embeddable":true,"href":"https:\/\/chemgramx.com\/pl\/wp-json\/wp\/v2\/product_cat?post=6737"},{"taxonomy":"product_tag","embeddable":true,"href":"https:\/\/chemgramx.com\/pl\/wp-json\/wp\/v2\/product_tag?post=6737"}],"curies":[{"name":"wp","href":"https:\/\/api.w.org\/{rel}","templated":true}]}}