{"id":6739,"date":"2025-11-21T11:08:51","date_gmt":"2025-11-21T11:08:51","guid":{"rendered":"https:\/\/chemgramx.com\/?post_type=product&#038;p=6739"},"modified":"2025-11-21T11:09:26","modified_gmt":"2025-11-21T11:09:26","slug":"kup-2c-h-online","status":"publish","type":"product","link":"https:\/\/chemgramx.com\/pl\/product\/2c-h-online-kaufen\/","title":{"rendered":"Kup 2C-H online"},"content":{"rendered":"<p data-path-to-node=\"1\"><b>2C-H<\/b> - chemicznie znany jako <b>2,5-dimetoksyfenetyloamina (2,5-DMPEA)<\/b> - jest istotn\u0105, strukturalnie czyst\u0105 i poszukiwan\u0105 na ca\u0142ym \u015bwiecie pochodn\u0105 z <b>Rodzina fenetyloamin<\/b>. Jako centralny <b>Cz\u0105steczka bazowa<\/b> s\u0142ynny <b>Seria chemiczna 2C<\/b> 2C-H zajmuje kluczow\u0105 pozycj\u0119 w badaniach naukowych. W przeciwie\u0144stwie do swoich podstawionych krewnych, 2C-H jest przede wszystkim badany nie ze wzgl\u0119du na jego niewielki bezpo\u015bredni efekt, ale ze wzgl\u0119du na jego <b>Niezast\u0105piona rola jako wszechstronny chemiczny materia\u0142 wyj\u015bciowy i wysoce niezawodna cz\u0105steczka prekursorowa<\/b> w wymagaj\u0105cych laboratoriach naukowych i chemicznych na ca\u0142ym \u015bwiecie.<\/p>\n<p data-path-to-node=\"2\">Je\u015bli laboratorium <b>Kup wysokiej jako\u015bci 2C-H online<\/b> chcia\u0142by <b>badania analityczne, kryminalistyczne analizy por\u00f3wnawcze lub z\u0142o\u017cone syntezy organiczne<\/b> w klasie fenyloetyloaminy, oferujemy zweryfikowane \u017ar\u00f3d\u0142o o wysokiej czysto\u015bci. Produkt ten jest zoptymalizowany pod wzgl\u0119dem jako\u015bci i specjalnie zaprojektowany do u\u017cytku przez wykwalifikowanych specjalist\u00f3w w \u015bci\u015ble kontrolowanych \u015brodowiskach badawczych.<\/p>\n<h4>Co to jest 2C-H? Definicja molekularna (2,5-dimetoksyfenetyloamina)<\/h4>\n<p data-path-to-node=\"6\">2C-H (pe\u0142na nazwa chemiczna: 2,5-dimetoksyfenyloetyloamina) to <b>Po\u0142\u0105czenie macierzyste<\/b> (niepodstawiony analog) ca\u0142ej klasy fenetyloamin, kt\u00f3re s\u0105 szeroko udokumentowane w literaturze naukowej. Struktura 2C-H zapewnia doskona\u0142\u0105 podstaw\u0119 chemiczn\u0105 (szkielet) dla <b>Synteza ca\u0142ej rodziny 2C<\/b>, w tym znane cz\u0105steczki, takie jak<\/p>\n<ul data-path-to-node=\"7\">\n<li>\n<p data-path-to-node=\"7,0,0\"><a href=\"\/product\/2c-b-online-kaufen\/\"><b>2C-B<\/b><\/a> (4-bromo-2,5-dimetoksyfenetyloamina)<\/p>\n<\/li>\n<li>\n<p data-path-to-node=\"7,1,0\"><a href=\"\/product\/2c-h-online-kaufen\/\"><b>2C-I<\/b><\/a> (4 jodo-2,5-dimetoksyfenetyloamina)<\/p>\n<\/li>\n<li>\n<p data-path-to-node=\"7,2,0\"><b>2C-E<\/b> (4-etylo-2,5-dimetoksyfenetyloamina)<\/p>\n<\/li>\n<\/ul>\n<p data-path-to-node=\"8\">Dzi\u0119ki ukierunkowanym modyfikacjom chemicznym, szczeg\u00f3lnie w pozycji 4 pier\u015bcienia benzenowego, chemicy mog\u0105 wytwarza\u0107 po\u017c\u0105dane produkty ko\u0144cowe serii 2C z 2C-H. To sprawia, \u017ce <b>niezb\u0119dne narz\u0119dzie<\/b> dla bada\u0144 nad <b>Zale\u017cno\u015bci struktura-aktywno\u015b\u0107 (SAR)<\/b> w chemii i farmakologii.<\/p>\n<div data-path-to-node=\"9\">\n<div class=\"math-block\" data-math=\"text{2C-H: } text{2,5-Dimethoxyphenethylamin} quad text{(Das zentrale Grundger\u00fcst)}\">{2C-H) 2,5-dimetoksyfenetyloamina} {(Centralny szkielet)}<\/div>\n<\/div>\n<p data-path-to-node=\"10\"><b>Uwaga dotycz\u0105ca efektu:<\/b> Chocia\u017c 2C-H jest strukturalnie powi\u0105zany, sam wykazuje tylko jeden <b>Bardzo niski lub brak efektu psychoaktywnego<\/b>. Jest interesuj\u0105cy dla badaczy, poniewa\u017c s\u0142u\u017cy jako stabilny, zdefiniowany blok konstrukcyjny - jest <b>wyra\u017anie nie s\u0105 przeznaczone do spo\u017cycia przez ludzi.<\/b><\/p>\n<h3>G\u0142\u00f3wne obszary zastosowa\u0144 w badaniach i analityce<\/h3>\n<p data-path-to-node=\"13\">Wysoki popyt na <b>2C-H na sprzeda\u017c<\/b> wynika bezpo\u015brednio z jego znaczenia w specjalistycznych \u015brodowiskach laboratoryjnych:<\/p>\n<ol start=\"1\" data-path-to-node=\"14\">\n<li>\n<p data-path-to-node=\"14,0,0\"><b>Synteza chemiczna i derywatyzacja:<\/b> Jest to najwa\u017cniejsza aplikacja. Laboratoria <b>rz\u0119du 2C-H<\/b> w wi\u0119kszych ilo\u015bciach w celu wykorzystania go jako <b>Cz\u0105steczka prekursora<\/b> do wykorzystania. Produkcja nowych lub rzadkich pochodnych fenetyloaminy do bada\u0144 cz\u0119sto rozpoczyna si\u0119 od 2C-H o wysokiej czysto\u015bci jako punktu wyj\u015bcia. Jako\u015b\u0107 2C-H w du\u017cej mierze determinuje czysto\u015b\u0107 i powodzenie kolejnych, cz\u0119sto z\u0142o\u017conych etap\u00f3w syntezy.<\/p>\n<\/li>\n<li>\n<p data-path-to-node=\"14,1,0\"><b>Badania kryminalistyczne i toksykologiczne:<\/b> Laboratoria analityczne wymagaj\u0105 <b>2C-H<\/b> jak <b>Standard odniesienia<\/b>. Poniewa\u017c jego pochodne s\u0105 cz\u0119sto przedmiotem bada\u0144 kryminalistycznych, cz\u0105steczka bazowa jest wykorzystywana do <b>Kalibracja i walidacja<\/b> metod analizy, takich jak <b>Chromatografia gazowa ze spektrometri\u0105 mas (GC-MS)<\/b> lub <b>Chromatografia cieczowa (HPLC)<\/b>. Pomaga to wyra\u017anie zidentyfikowa\u0107 inne podstawione zwi\u0105zki 2C.<\/p>\n<\/li>\n<li>\n<p data-path-to-node=\"14,2,0\"><b>Badania metaboliczne:<\/b> Naukowcy wykorzystuj\u0105 2C-H do analizy potencja\u0142u <b>\u015acie\u017cki metabolizmu<\/b> chemikali\u00f3w 2C w og\u00f3le. Wiedza o tym, jak podstawowa struktura cz\u0105steczki jest przetwarzana w organizmie, ma kluczowe znaczenie dla zrozumienia toksykologii i farmakokinetyki ca\u0142ej klasy.<\/p>\n<\/li>\n<\/ol>\n<h3>Kup 2C-H online: Zalety dla laboratori\u00f3w<\/h3>\n<p data-path-to-node=\"17\">Dla laboratori\u00f3w, kt\u00f3re ceni\u0105 sobie wydajno\u015b\u0107 i niezawodno\u015b\u0107, zakup <b>2C-H online<\/b> wyspecjalizowanych dostawc\u00f3w chemikali\u00f3w badawczych:<\/p>\n<ol start=\"1\" data-path-to-node=\"18\">\n<li>\n<p data-path-to-node=\"18,0,0\"><b>Gwarantowana czysto\u015b\u0107 produktu:<\/b> Najwy\u017cszym priorytetem jest jako\u015b\u0107. Renomowane \u017ar\u00f3d\u0142a internetowe zapewniaj\u0105, \u017ce oferowany 2C-H ma <b>Certyfikowana czysto\u015b\u0107<\/b> (cz\u0119sto <span class=\"math-inline\" data-math=\"geq 98%\">$geq 98%$<\/span> lub wy\u017csza), co potwierdzaj\u0105 metody analityczne, takie jak NMR i LC-MS. Ma to kluczowe znaczenie dla unikni\u0119cia zanieczyszcze\u0144, kt\u00f3re mog\u0142yby zafa\u0142szowa\u0107 wyniki bada\u0144.<\/p>\n<\/li>\n<li>\n<p data-path-to-node=\"18,1,0\"><b>Atrakcyjna cena i elastyczno\u015b\u0107 2C-H:<\/b> Ze wzgl\u0119du na bezpo\u015bredni dost\u0119p i globaln\u0105 logistyk\u0119, dostawcy online cz\u0119sto mog\u0105 zaoferowa\u0107 znacznie ni\u017csz\u0105 cen\u0119. <b>uczciwa cena 2C-H<\/b> oferta. Korzystasz r\u00f3wnie\u017c z elastycznych ilo\u015bci zam\u00f3wie\u0144 - od ma\u0142ych ilo\u015bci do bada\u0144 pilota\u017cowych po du\u017ce ilo\u015bci do rozleg\u0142ych projekt\u00f3w syntezy. To sprawia, \u017ce jeste\u015bmy <b>Najlepsze miejsce do zakupu 2C-H online<\/b>.<\/p>\n<\/li>\n<li>\n<p data-path-to-node=\"18,2,0\"><b>Dyskretna i szybka dostawa na ca\u0142ym \u015bwiecie:<\/b> Rozumiemy potrzeb\u0119 dyskretnych i bezpiecznych dostaw chemikali\u00f3w badawczych. W <b>Kup 2C-H online<\/b> gwarantujemy:<\/p>\n<ul data-path-to-node=\"18,2,1\">\n<li>\n<p data-path-to-node=\"18,2,1,0,0\"><b>Neutralne opakowanie:<\/b> Paczka nie jest zewn\u0119trznie rozpoznawalna jako przesy\u0142ka chemiczna.<\/p>\n<\/li>\n<li>\n<p data-path-to-node=\"18,2,1,1,0\"><b>Identyfikowalno\u015b\u0107:<\/b> Ka\u017cde zam\u00f3wienie jest wysy\u0142ane z funkcj\u0105 \u015bledzenia przesy\u0142ki, dzi\u0119ki czemu mo\u017cna przez ca\u0142y czas kontrolowa\u0107 status dostawy.<\/p>\n<\/li>\n<li>\n<p data-path-to-node=\"18,2,1,2,0\"><b>Szybka logistyka:<\/b> Wydajne opcje wysy\u0142ki gwarantuj\u0105, \u017ce materia\u0142y badawcze dotr\u0105 do laboratorium na czas.<\/p>\n<\/li>\n<\/ul>\n<\/li>\n<\/ol>\n<h3>Instrukcje dotycz\u0105ce zgodno\u015bci i bezpiecze\u0144stwa<\/h3>\n<p data-path-to-node=\"21\">Zanim <b>rz\u0119du 2C-H<\/b>, nale\u017cy zwr\u00f3ci\u0107 uwag\u0119 na nast\u0119puj\u0105ce aspekty:<\/p>\n<ol start=\"1\" data-path-to-node=\"22\">\n<li>\n<p data-path-to-node=\"22,0,0\"><b>Sprawdzanie statusu prawnego:<\/b> The <b>Status prawny 2C-H<\/b> nie jest znormalizowany na poziomie mi\u0119dzynarodowym. Chocia\u017c jest on wykorzystywany jako surowiec, w niekt\u00f3rych regionach mo\u017ce by\u0107 wykorzystywany zgodnie z lokalnymi przepisami. <b>Prawa analogowe<\/b> lub przepis\u00f3w dotycz\u0105cych substancji psychotropowych. <b>Ka\u017cdy kupuj\u0105cy jest zobowi\u0105zany<\/b>, do sprawdzenia i przestrzegania obowi\u0105zuj\u0105cych przepis\u00f3w i regulacji importowych w swoim kraju lub regionie przed z\u0142o\u017ceniem zam\u00f3wienia. Sprzedajemy ten produkt <b>wy\u0142\u0105cznie do cel\u00f3w badawczych i analitycznych<\/b> do uprawnionych instytucji badawczych.<\/p>\n<\/li>\n<li>\n<p data-path-to-node=\"22,1,0\"><b>Bezpieczne przechowywanie i obs\u0142uga:<\/b> Poni\u017csze punkty maj\u0105 zasadnicze znaczenie dla bezpiecze\u0144stwa w laboratorium:<\/p>\n<ul data-path-to-node=\"22,1,1\">\n<li>\n<p data-path-to-node=\"22,1,1,0,0\"><b>Przechowywanie:<\/b> Przechowywa\u0107 2C-H w <b>ch\u0142odne, suche i ciemne miejsce<\/b> aby zapewni\u0107 stabilno\u015b\u0107 chemiczn\u0105.<\/p>\n<\/li>\n<li>\n<p data-path-to-node=\"22,1,1,1,0\"><b>\u015aRODKI OCHRONY INDYWIDUALNEJ:<\/b> Podczas pracy z produktem nale\u017cy zawsze nosi\u0107 odpowiednie \u015brodki ochrony osobistej (r\u0119kawice, fartuch laboratoryjny, okulary ochronne).<\/p>\n<\/li>\n<li>\n<p data-path-to-node=\"22,1,1,2,0\"><b>Cel:<\/b> Produkt mo\u017ce <b>pod \u017cadnym pozorem<\/b> s\u0105 wykorzystywane do spo\u017cycia przez ludzi lub zwierz\u0119ta.<\/p>\n<\/li>\n<\/ul>\n<\/li>\n<\/ol>\n<h3 data-start=\"3492\" data-end=\"3502\">Wnioski<\/h3>\n<p data-start=\"3504\" data-end=\"3726\">Je\u015bli chcesz kupi\u0107 2C-H online, skorzystasz z wysokiej jako\u015bci produktu, dyskretnej dostawy i uczciwej ceny 2C-H. Dzi\u0119ki do\u015bwiadczonemu dostawcy proces zakupu jest bezpieczny i niezawodny.<\/p>\n<p data-start=\"3728\" data-end=\"3889\">Kup 2C-H online ju\u017c teraz, korzystaj\u0105c z wiarygodnego \u017ar\u00f3d\u0142a i ciesz si\u0119 sprawdzon\u0105 jako\u015bci\u0105, profesjonaln\u0105 obs\u0142ug\u0105 oraz dyskretn\u0105 wysy\u0142k\u0105 na ca\u0142y \u015bwiat.<\/p>","protected":false},"excerpt":{"rendered":"<p style=\"text-align: center;\"><strong>2C-H<\/strong><\/p>\n<hr \/>\n<p>2C-H to syntetyczny zwi\u0105zek chemiczny, idealny do zaawansowanych bada\u0144 naukowych. Produkt ten charakteryzuje si\u0119 wysok\u0105 czysto\u015bci\u0105 i stabilno\u015bci\u0105, dzi\u0119ki czemu idealnie nadaje si\u0119 do bada\u0144 farmakologicznych i analiz chemicznych. Ka\u017cda partia jest dok\u0142adnie testowana, aby zapewni\u0107 niezawodno\u015b\u0107 i sp\u00f3jne wyniki. Wy\u0142\u0105cznie do u\u017cytku laboratoryjnego.<\/p>","protected":false},"featured_media":6767,"comment_status":"open","ping_status":"closed","template":"","meta":{"_joinchat":[]},"product_brand":[],"product_cat":[1795],"product_tag":[1865,1871,1866,1869,1870,1868,1867,188,1814,1841],"class_list":{"0":"post-6739","1":"product","2":"type-product","3":"status-publish","4":"has-post-thumbnail","6":"product_cat-2c-serie","7":"product_tag-2c-h","8":"product_tag-2c-h-chemikalien","9":"product_tag-2c-h-kaufen","10":"product_tag-2c-h-kristalle","11":"product_tag-2c-h-online","12":"product_tag-2c-h-pulver","13":"product_tag-2c-h-zum-verkauf","14":"product_tag-forschungschemikalien","15":"product_tag-forschungsstoffe-kaufen","16":"product_tag-synthetische-phenethylamine","18":"first","19":"instock","20":"shipping-taxable","21":"purchasable","22":"product-type-variable"},"yoast_head":"<!-- This site is optimized with the Yoast SEO plugin v27.5 - https:\/\/yoast.com\/product\/yoast-seo-wordpress\/ -->\n<title>2C-H online kaufen \u2013 2C-H zu verkaufen | chemgramx<\/title>\n<meta name=\"description\" content=\"Ihre Anforderung, 2c-h online zu kaufen, kann in unserem Online-Shop erf\u00fcllt werden, da wir hier 2c-h zu verkaufen haben. Geben Sie Ihre Bestellung auf und erhalten Sie jeden Tag g\u00fcnstige Angebote. Jetzt bestellen!\" \/>\n<meta name=\"robots\" content=\"index, follow, max-snippet:-1, max-image-preview:large, max-video-preview:-1\" \/>\n<link rel=\"canonical\" href=\"https:\/\/chemgramx.com\/pl\/produkt-1\/kup-2c-h-online\/\" \/>\n<meta property=\"og:locale\" content=\"pl_PL\" \/>\n<meta property=\"og:type\" content=\"article\" \/>\n<meta property=\"og:title\" content=\"2C-H online kaufen \u2013 2C-H zu verkaufen | chemgramx\" \/>\n<meta property=\"og:description\" content=\"Ihre Anforderung, 2c-h online zu kaufen, kann in unserem Online-Shop erf\u00fcllt werden, da wir hier 2c-h zu verkaufen haben. Geben Sie Ihre Bestellung auf und erhalten Sie jeden Tag g\u00fcnstige Angebote. Jetzt bestellen!\" \/>\n<meta property=\"og:url\" content=\"https:\/\/chemgramx.com\/pl\/produkt-1\/kup-2c-h-online\/\" \/>\n<meta property=\"og:site_name\" content=\"Chemgramx\" \/>\n<meta property=\"article:modified_time\" content=\"2025-11-21T11:09:26+00:00\" \/>\n<meta property=\"og:image\" content=\"https:\/\/chemgramx.com\/wp-content\/uploads\/2025\/11\/2ch.jpg\" \/>\n\t<meta property=\"og:image:width\" content=\"600\" \/>\n\t<meta property=\"og:image:height\" content=\"400\" \/>\n\t<meta property=\"og:image:type\" content=\"image\/jpeg\" \/>\n<meta name=\"twitter:card\" content=\"summary_large_image\" \/>\n<meta name=\"twitter:label1\" content=\"Szacowany czas czytania\" \/>\n\t<meta name=\"twitter:data1\" content=\"4 minuty\" \/>\n<script type=\"application\/ld+json\" class=\"yoast-schema-graph\">{\"@context\":\"https:\\\/\\\/schema.org\",\"@graph\":[{\"@type\":\"WebPage\",\"@id\":\"https:\\\/\\\/chemgramx.com\\\/product\\\/2c-h-online-kaufen\\\/\",\"url\":\"https:\\\/\\\/chemgramx.com\\\/product\\\/2c-h-online-kaufen\\\/\",\"name\":\"2C-H online kaufen \u2013 2C-H zu verkaufen | chemgramx\",\"isPartOf\":{\"@id\":\"https:\\\/\\\/chemgramx.com\\\/#website\"},\"primaryImageOfPage\":{\"@id\":\"https:\\\/\\\/chemgramx.com\\\/product\\\/2c-h-online-kaufen\\\/#primaryimage\"},\"image\":{\"@id\":\"https:\\\/\\\/chemgramx.com\\\/product\\\/2c-h-online-kaufen\\\/#primaryimage\"},\"thumbnailUrl\":\"https:\\\/\\\/chemgramx.com\\\/wp-content\\\/uploads\\\/2025\\\/11\\\/2ch.jpg\",\"datePublished\":\"2025-11-21T11:08:51+00:00\",\"dateModified\":\"2025-11-21T11:09:26+00:00\",\"description\":\"Ihre Anforderung, 2c-h online zu kaufen, kann in unserem Online-Shop erf\u00fcllt werden, da wir hier 2c-h zu verkaufen haben. Geben Sie Ihre Bestellung auf und erhalten Sie jeden Tag g\u00fcnstige Angebote. Jetzt bestellen!\",\"breadcrumb\":{\"@id\":\"https:\\\/\\\/chemgramx.com\\\/product\\\/2c-h-online-kaufen\\\/#breadcrumb\"},\"inLanguage\":\"pl-PL\",\"potentialAction\":[{\"@type\":\"ReadAction\",\"target\":[\"https:\\\/\\\/chemgramx.com\\\/product\\\/2c-h-online-kaufen\\\/\"]}]},{\"@type\":\"ImageObject\",\"inLanguage\":\"pl-PL\",\"@id\":\"https:\\\/\\\/chemgramx.com\\\/product\\\/2c-h-online-kaufen\\\/#primaryimage\",\"url\":\"https:\\\/\\\/chemgramx.com\\\/wp-content\\\/uploads\\\/2025\\\/11\\\/2ch.jpg\",\"contentUrl\":\"https:\\\/\\\/chemgramx.com\\\/wp-content\\\/uploads\\\/2025\\\/11\\\/2ch.jpg\",\"width\":600,\"height\":400},{\"@type\":\"BreadcrumbList\",\"@id\":\"https:\\\/\\\/chemgramx.com\\\/product\\\/2c-h-online-kaufen\\\/#breadcrumb\",\"itemListElement\":[{\"@type\":\"ListItem\",\"position\":1,\"name\":\"Home\",\"item\":\"https:\\\/\\\/chemgramx.com\\\/\"},{\"@type\":\"ListItem\",\"position\":2,\"name\":\"Shop\",\"item\":\"https:\\\/\\\/chemgramx.com\\\/shop\\\/\"},{\"@type\":\"ListItem\",\"position\":3,\"name\":\"2C-H Online kaufen\"}]},{\"@type\":\"WebSite\",\"@id\":\"https:\\\/\\\/chemgramx.com\\\/#website\",\"url\":\"https:\\\/\\\/chemgramx.com\\\/\",\"name\":\"Chemgramx\",\"description\":\"\",\"publisher\":{\"@id\":\"https:\\\/\\\/chemgramx.com\\\/#organization\"},\"potentialAction\":[{\"@type\":\"SearchAction\",\"target\":{\"@type\":\"EntryPoint\",\"urlTemplate\":\"https:\\\/\\\/chemgramx.com\\\/?s={search_term_string}\"},\"query-input\":{\"@type\":\"PropertyValueSpecification\",\"valueRequired\":true,\"valueName\":\"search_term_string\"}}],\"inLanguage\":\"pl-PL\"},{\"@type\":\"Organization\",\"@id\":\"https:\\\/\\\/chemgramx.com\\\/#organization\",\"name\":\"Chemgramx\",\"url\":\"https:\\\/\\\/chemgramx.com\\\/\",\"logo\":{\"@type\":\"ImageObject\",\"inLanguage\":\"pl-PL\",\"@id\":\"https:\\\/\\\/chemgramx.com\\\/#\\\/schema\\\/logo\\\/image\\\/\",\"url\":\"https:\\\/\\\/chemgramx.com\\\/wp-content\\\/uploads\\\/2024\\\/10\\\/final-logo.png\",\"contentUrl\":\"https:\\\/\\\/chemgramx.com\\\/wp-content\\\/uploads\\\/2024\\\/10\\\/final-logo.png\",\"width\":250,\"height\":48,\"caption\":\"Chemgramx\"},\"image\":{\"@id\":\"https:\\\/\\\/chemgramx.com\\\/#\\\/schema\\\/logo\\\/image\\\/\"}}]}<\/script>\n<!-- \/ Yoast SEO plugin. -->","yoast_head_json":{"title":"Kup 2C-H online \u2013 2C-H na sprzeda\u017c | chemgramx","description":"Tw\u00f3j zakup 2c-h online mo\u017ce zosta\u0107 zrealizowany w naszym sklepie internetowym, poniewa\u017c mamy 2c-h w sprzeda\u017cy. Z\u0142\u00f3\u017c zam\u00f3wienie i korzystaj z atrakcyjnych ofert ka\u017cdego dnia. Zam\u00f3w ju\u017c teraz!","robots":{"index":"index","follow":"follow","max-snippet":"max-snippet:-1","max-image-preview":"max-image-preview:large","max-video-preview":"max-video-preview:-1"},"canonical":"https:\/\/chemgramx.com\/pl\/produkt-1\/kup-2c-h-online\/","og_locale":"pl_PL","og_type":"article","og_title":"2C-H online kaufen \u2013 2C-H zu verkaufen | chemgramx","og_description":"Ihre Anforderung, 2c-h online zu kaufen, kann in unserem Online-Shop erf\u00fcllt werden, da wir hier 2c-h zu verkaufen haben. Geben Sie Ihre Bestellung auf und erhalten Sie jeden Tag g\u00fcnstige Angebote. Jetzt bestellen!","og_url":"https:\/\/chemgramx.com\/pl\/produkt-1\/kup-2c-h-online\/","og_site_name":"Chemgramx","article_modified_time":"2025-11-21T11:09:26+00:00","og_image":[{"width":600,"height":400,"url":"https:\/\/chemgramx.com\/wp-content\/uploads\/2025\/11\/2ch.jpg","type":"image\/jpeg"}],"twitter_card":"summary_large_image","twitter_misc":{"Szacowany czas czytania":"4 minuty"},"schema":{"@context":"https:\/\/schema.org","@graph":[{"@type":"WebPage","@id":"https:\/\/chemgramx.com\/product\/2c-h-online-kaufen\/","url":"https:\/\/chemgramx.com\/product\/2c-h-online-kaufen\/","name":"Kup 2C-H online \u2013 2C-H na sprzeda\u017c | chemgramx","isPartOf":{"@id":"https:\/\/chemgramx.com\/#website"},"primaryImageOfPage":{"@id":"https:\/\/chemgramx.com\/product\/2c-h-online-kaufen\/#primaryimage"},"image":{"@id":"https:\/\/chemgramx.com\/product\/2c-h-online-kaufen\/#primaryimage"},"thumbnailUrl":"https:\/\/chemgramx.com\/wp-content\/uploads\/2025\/11\/2ch.jpg","datePublished":"2025-11-21T11:08:51+00:00","dateModified":"2025-11-21T11:09:26+00:00","description":"Tw\u00f3j zakup 2c-h online mo\u017ce zosta\u0107 zrealizowany w naszym sklepie internetowym, poniewa\u017c mamy 2c-h w sprzeda\u017cy. Z\u0142\u00f3\u017c zam\u00f3wienie i korzystaj z atrakcyjnych ofert ka\u017cdego dnia. Zam\u00f3w ju\u017c teraz!","breadcrumb":{"@id":"https:\/\/chemgramx.com\/product\/2c-h-online-kaufen\/#breadcrumb"},"inLanguage":"pl-PL","potentialAction":[{"@type":"ReadAction","target":["https:\/\/chemgramx.com\/product\/2c-h-online-kaufen\/"]}]},{"@type":"ImageObject","inLanguage":"pl-PL","@id":"https:\/\/chemgramx.com\/product\/2c-h-online-kaufen\/#primaryimage","url":"https:\/\/chemgramx.com\/wp-content\/uploads\/2025\/11\/2ch.jpg","contentUrl":"https:\/\/chemgramx.com\/wp-content\/uploads\/2025\/11\/2ch.jpg","width":600,"height":400},{"@type":"BreadcrumbList","@id":"https:\/\/chemgramx.com\/product\/2c-h-online-kaufen\/#breadcrumb","itemListElement":[{"@type":"ListItem","position":1,"name":"Home","item":"https:\/\/chemgramx.com\/"},{"@type":"ListItem","position":2,"name":"Shop","item":"https:\/\/chemgramx.com\/shop\/"},{"@type":"ListItem","position":3,"name":"2C-H Online kaufen"}]},{"@type":"WebSite","@id":"https:\/\/chemgramx.com\/#website","url":"https:\/\/chemgramx.com\/","name":"Chemgramx","description":"","publisher":{"@id":"https:\/\/chemgramx.com\/#organization"},"potentialAction":[{"@type":"SearchAction","target":{"@type":"EntryPoint","urlTemplate":"https:\/\/chemgramx.com\/?s={search_term_string}"},"query-input":{"@type":"PropertyValueSpecification","valueRequired":true,"valueName":"search_term_string"}}],"inLanguage":"pl-PL"},{"@type":"Organization","@id":"https:\/\/chemgramx.com\/#organization","name":"Chemgramx","url":"https:\/\/chemgramx.com\/","logo":{"@type":"ImageObject","inLanguage":"pl-PL","@id":"https:\/\/chemgramx.com\/#\/schema\/logo\/image\/","url":"https:\/\/chemgramx.com\/wp-content\/uploads\/2024\/10\/final-logo.png","contentUrl":"https:\/\/chemgramx.com\/wp-content\/uploads\/2024\/10\/final-logo.png","width":250,"height":48,"caption":"Chemgramx"},"image":{"@id":"https:\/\/chemgramx.com\/#\/schema\/logo\/image\/"}}]}},"_links":{"self":[{"href":"https:\/\/chemgramx.com\/pl\/wp-json\/wp\/v2\/product\/6739","targetHints":{"allow":["GET"]}}],"collection":[{"href":"https:\/\/chemgramx.com\/pl\/wp-json\/wp\/v2\/product"}],"about":[{"href":"https:\/\/chemgramx.com\/pl\/wp-json\/wp\/v2\/types\/product"}],"replies":[{"embeddable":true,"href":"https:\/\/chemgramx.com\/pl\/wp-json\/wp\/v2\/comments?post=6739"}],"wp:featuredmedia":[{"embeddable":true,"href":"https:\/\/chemgramx.com\/pl\/wp-json\/wp\/v2\/media\/6767"}],"wp:attachment":[{"href":"https:\/\/chemgramx.com\/pl\/wp-json\/wp\/v2\/media?parent=6739"}],"wp:term":[{"taxonomy":"product_brand","embeddable":true,"href":"https:\/\/chemgramx.com\/pl\/wp-json\/wp\/v2\/product_brand?post=6739"},{"taxonomy":"product_cat","embeddable":true,"href":"https:\/\/chemgramx.com\/pl\/wp-json\/wp\/v2\/product_cat?post=6739"},{"taxonomy":"product_tag","embeddable":true,"href":"https:\/\/chemgramx.com\/pl\/wp-json\/wp\/v2\/product_tag?post=6739"}],"curies":[{"name":"wp","href":"https:\/\/api.w.org\/{rel}","templated":true}]}}