{"id":6741,"date":"2025-11-21T11:08:51","date_gmt":"2025-11-21T11:08:51","guid":{"rendered":"https:\/\/chemgramx.com\/?post_type=product&#038;p=6741"},"modified":"2025-11-21T11:09:26","modified_gmt":"2025-11-21T11:09:26","slug":"kup-2c-p-online","status":"publish","type":"product","link":"https:\/\/chemgramx.com\/pl\/product\/2c-p-online-kaufen\/","title":{"rendered":"Kup 2C-P online"},"content":{"rendered":"<p>Klasa <b>2C-fenyloetyloamina<\/b>, kt\u00f3rych badania chemiczne by\u0142y w znacznym stopniu prowadzone przez Alexandra Shulgina, stanowi\u0105 wa\u017cny obszar bada\u0144 nad <b>neurofarmakologia uk\u0142adu serotoninergicznego<\/b> reprezentuj\u0105. <b>2C-P<\/b> jest syntetyczn\u0105 substancj\u0105 chemiczn\u0105, kt\u00f3ra <b>wy\u0142\u0105cznie<\/b> jest przeznaczony do bada\u0144 analitycznych i naukowych w \u015bci\u015ble kontrolowanych \u015brodowiskach laboratoryjnych. Ze wzgl\u0119du na swoj\u0105 specyfik\u0119 <b>Podstawienie propylu<\/b> i zwi\u0105zane z tym w\u0142a\u015bciwo\u015bci farmakologiczne, 2C-P s\u0142u\u017cy jako niezb\u0119dny system modelowy w <b>Badania nad receptorami<\/b>. Ta substancja o wysokiej czysto\u015bci jest <b>wy\u0142\u0105cznie do bada\u0144 analitycznych i naukowych<\/b> oferowane. Podkre\u015blamy, \u017ce 2C-P, ze wzgl\u0119du na swoj\u0105 znan\u0105 aktywno\u015b\u0107 farmakologiczn\u0105 <b>Najbardziej rygorystyczne protoko\u0142y bezpiecze\u0144stwa i prawne<\/b> podlega i <b>nieprzeznaczone do spo\u017cycia przez ludzi<\/b> jest.<\/p>\n<h2>Profil chemiczny, pochodzenie i znaczenie farmakologiczne<\/h2>\n<p>Zrozumienie struktury chemicznej 2C-P i jego wp\u0142ywu na o\u015brodkowy uk\u0142ad nerwowy jest g\u0142\u00f3wnym celem bada\u0144, w kt\u00f3rych materia\u0142 ten jest wykorzystywany. <b>2C-P<\/b> (Pe\u0142na nazwa chemiczna: <b>2,5-dimetoksy-4-propylofenetyloamina<\/b>) nale\u017cy do klasy <b>Fenyloetyloaminy<\/b> i zosta\u0142a udokumentowana przez Alexandra Shulgina w jego pracy \u201ePiHKAL\u201c.<\/p>\n<p>Struktura molekularna wynikaj\u0105ca z <b>Szkielet fenetyloaminowy<\/b> i <b>Grupy dimetoksylowe<\/b> sk\u0142ada si\u0119 z <strong><span class=\"math-inline\" data-math=\"mathbf{4}\">4<\/span><\/strong>&#8211;<b>Grupa propylowa<\/b> na pier\u015bcieniu fenylowym. Ten d\u0142u\u017cszy \u0142a\u0144cuch alkilowy jest specyficzn\u0105 modyfikacj\u0105, kt\u00f3ra nadaje 2C-P jego unikalne w\u0142a\u015bciwo\u015bci. W szczeg\u00f3lno\u015bci grupa propylowa wp\u0142ywa na <b>Lipofilia<\/b> cz\u0105steczki i jest uwa\u017cany za g\u0142\u00f3wny czynnik dla <b>Wyj\u0105tkowo d\u0142ugi czas dzia\u0142ania<\/b>, kt\u00f3re s\u0105 publikowane w raportach badawczych z <b>Godziny<\/b> jest wskazany. Ze wzgl\u0119du na swoj\u0105 si\u0142\u0119 dzia\u0142ania i d\u0142ugotrwa\u0142\u0105 skuteczno\u015b\u0107, 2C-P jest stosowany w badaniach maj\u0105cych na celu <b>Mechanizmy modulacji synaptycznej<\/b> i <b>Odczulanie receptor\u00f3w<\/b> do zbadania.<\/p>\n<h3>Molekularny spos\u00f3b dzia\u0142ania i zastosowania badawcze<\/h3>\n<p>G\u0142\u00f3wne znaczenie badawcze 2C-P polega na jego powinowactwie do <b>receptory serotoninergiczne<\/b> i jego d\u0142ugotrwa\u0142y efekt.<\/p>\n<ul>\n<li><b>Badania neuronaukowe i badania nad zmianami \u015bwiadomo\u015bci:<\/b> Substancja ta jest u\u017cywana do analizy <b>aktywno\u015b\u0107 funkcjonalna<\/b> i <b>Kinetyka wi\u0105zania<\/b> receptor\u00f3w serotoninergicznych i mechanizm\u00f3w molekularnych le\u017c\u0105cych u podstaw g\u0142\u0119bokich zmian opisanych w raportach z bada\u0144. <b>efekty wizualne<\/b> s\u0105 podstaw\u0105.<\/li>\n<li><b>Analityczne i chemiczne testy laboratoryjne:<\/b> Materia\u0142 s\u0142u\u017cy jako <b>standard analityczny<\/b> do opracowywania i walidacji metod wykrywania przy u\u017cyciu <b>HPLC<\/b> lub <b>GC\/MS<\/b>. Jest r\u00f3wnie\u017c u\u017cywany do ustalania widm referencyjnych do identyfikacji nieznanych pr\u00f3bek w zastosowaniach kryminalistycznych.<\/li>\n<li><b>Efekt d\u0142ugoterminowy:<\/b> D\u0142ugotrwa\u0142a skuteczno\u015b\u0107 2C-P czyni go wa\u017cnym narz\u0119dziem w badaniach, kt\u00f3re badaj\u0105 <b>podstawy molekularne<\/b> d\u0142ugotrwa\u0142ych efekt\u00f3w sensorycznych, w przeciwie\u0144stwie do kr\u00f3tko dzia\u0142aj\u0105cych analog\u00f3w.<\/li>\n<li><b>Badania nad metabolizmem:<\/b> Badania maj\u0105ce na celu okre\u015blenie stabilno\u015bci metabolicznej grupy propylowej i powsta\u0142ych metabolit\u00f3w w uk\u0142adach in vitro.<\/li>\n<\/ul>\n<h2>Zapewnienie jako\u015bci analitycznej i wymagania laboratoryjne<\/h2>\n<p>Integralno\u015b\u0107 bada\u0144 wymaga najwy\u017cszego poziomu czysto\u015bci (<span class=\"math-inline\" data-math=\"mathbf{ge 98%}\"> 98%<\/span>) i pe\u0142n\u0105 dokumentacj\u0119 materia\u0142u.<\/p>\n<h3>Charakterystyka jako\u015bciowa materia\u0142u badawczego<\/h3>\n<p>Aby zoptymalizowa\u0107 <b>Sta\u0142a sp\u00f3jno\u015b\u0107 partii<\/b> Czysto\u015b\u0107 chemiczna proszku 2C-P musi by\u0107 zagwarantowana przez <a href=\"\/product\/diplomat-hash-online-kaufen\/\"><b>Testy laboratoryjne<\/b> <\/a>potwierdzi\u0142y, \u017ce czysto\u015b\u0107 <b><span class=\"math-inline\" data-math=\"mathbf{ge 98%}\">\u00a098%<\/span><\/b>\u00a0gwarancja. Ka\u017cda partia jest oznaczona etykiet\u0105 <b>kompletne certyfikaty analizy (CoA)<\/b> kt\u00f3re potwierdzaj\u0105 czysto\u015b\u0107 i to\u017csamo\u015b\u0107.<\/p>\n<h3>Wymagania dotycz\u0105ce przechowywania i bezpiecze\u0144stwa<\/h3>\n<p>Post\u0119powanie z tym silnym materia\u0142em wymaga \u015bcis\u0142ej zgodno\u015bci ze standardami GLP. <b>Niezb\u0119dne \u015brodki bezpiecze\u0144stwa<\/b> zawsze obejmuj\u0105 noszenie <b>\u015arodki ochrony indywidualnej (\u015aOI)<\/b> takich jak fartuch laboratoryjny, r\u0119kawice i okulary ochronne. Z proszkiem nale\u017cy obchodzi\u0107 si\u0119 pod <b>Dygestorium chemiczne<\/b> aby zapobiec nara\u017ceniu.<\/p>\n<p>The <b>Optymalne przechowywanie<\/b> materia\u0142u jest r\u00f3wnie\u017c krytyczna: powinna <b>fajny<\/b> (najlepiej <span class=\"math-inline\" data-math=\"mathbf{-20^circ C}\">-20 C<\/span>) i <b>suchy<\/b> by\u0107 przechowywane. Wa\u017cna jest r\u00f3wnie\u017c <b>Ochrona przed \u015bwiat\u0142em<\/b> poprzez przechowywanie w <b>ciemne, nieprzezroczyste pojemniki<\/b>, poniewa\u017c fenetyloaminy s\u0105 wra\u017cliwe na \u015bwiat\u0142o.<\/p>\n<h2>Ramy regulacyjne i odpowiedzialno\u015b\u0107 etyczna<\/h2>\n<p>Wymogi prawne i regulacyjne dotycz\u0105ce 2C-P s\u0105 bardzo z\u0142o\u017cone i wymagaj\u0105 \u015bcis\u0142ego przestrzegania przez instytucje badawcze.<\/p>\n<h3>Status prawny i kontrola nabycia<\/h3>\n<p>The <b>Status prawny<\/b> 2C-P r\u00f3\u017cni si\u0119 znacznie w skali mi\u0119dzynarodowej: w wielu regionach spada poni\u017cej <b>substancje kontrolowane<\/b> (np. przepisy dotycz\u0105ce narkotyk\u00f3w). The <b>Obowi\u0105zkowe zobowi\u0105zanie<\/b> organizacji badawczej, <b>przed nabyciem nale\u017cy sprawdzi\u0107 obowi\u0105zuj\u0105ce przepisy danej jurysdykcji.<\/b>\u00a0poniewa\u017c nabywca ponosi wy\u0142\u0105czn\u0105 odpowiedzialno\u015b\u0107 za zgodno\u015b\u0107 z prawem. Zakup wymaga <b>Certyfikat instytutu<\/b> oraz <b>naukowy <a href=\"\/product\/columbia-kokainblocke\/\">Opis<\/a> projektu badawczego<\/b>.<\/p>\n<p><b>Wa\u017cna uwaga:<\/b> 2C-P to <b>wy\u0142\u0105cznie do cel\u00f3w badawczych<\/b> oraz <b>nieprzeznaczone do spo\u017cycia przez ludzi<\/b>. Ka\u017cde nieautoryzowane u\u017cycie stanowi powa\u017cne naruszenie.<\/p>\n<h2>Wnioski<\/h2>\n<p>2C-P s\u0142u\u017cy jako unikalny system modelowy w neurofarmakologii do rozszyfrowania mechanizm\u00f3w d\u0142ugotrwa\u0142ej modulacji synaptycznej. Laboratoria i instytucje naukowe, kt\u00f3re wymagaj\u0105 tego wysokiej jako\u015bci materia\u0142u do analiz i eksperyment\u00f3w, musz\u0105 zapewni\u0107 najwy\u017csz\u0105 jako\u015b\u0107 i \u015bcis\u0142\u0105 kontrol\u0119 jako\u015bci. <b>Zgodno\u015b\u0107 ze wszystkimi przepisami i protoko\u0142ami bezpiecze\u0144stwa<\/b> gwarancja.<\/p>","protected":false},"excerpt":{"rendered":"<p>2C-P<\/p>\n<p>2C-P to syntetyczna substancja chemiczna do bada\u0144 naukowych, znana z wysokiej czysto\u015bci i stabilno\u015bci. Produkt ten jest idealny do bada\u0144 farmakologicznych i analiz chemicznych. Ka\u017cda partia jest dok\u0142adnie testowana, aby zapewni\u0107 niezawodno\u015b\u0107 i sp\u00f3jne wyniki. Wy\u0142\u0105cznie do u\u017cytku laboratoryjnego i nie nadaje si\u0119 do spo\u017cycia przez ludzi.<\/p>","protected":false},"featured_media":6769,"comment_status":"open","ping_status":"closed","template":"","meta":{"_joinchat":[]},"product_brand":[],"product_cat":[1795],"product_tag":[1851,1857,1852,1855,1856,1854,1853,188,1814,1841],"class_list":{"0":"post-6741","1":"product","2":"type-product","3":"status-publish","4":"has-post-thumbnail","6":"product_cat-2c-serie","7":"product_tag-2c-p","8":"product_tag-2c-p-chemikalien","9":"product_tag-2c-p-kaufen","10":"product_tag-2c-p-kristalle","11":"product_tag-2c-p-online","12":"product_tag-2c-p-pulver","13":"product_tag-2c-p-zum-verkauf","14":"product_tag-forschungschemikalien","15":"product_tag-forschungsstoffe-kaufen","16":"product_tag-synthetische-phenethylamine","18":"first","19":"instock","20":"shipping-taxable","21":"purchasable","22":"product-type-variable"},"yoast_head":"<!-- This site is optimized with the Yoast SEO plugin v27.5 - https:\/\/yoast.com\/product\/yoast-seo-wordpress\/ -->\n<title>2C-P online kaufen \u2013 2C-P zu verkaufen | chemgramx<\/title>\n<meta name=\"description\" content=\"Wenn Sie 2c-p online kaufen m\u00f6chten, kann Ihnen unser Chemgramx-Online-Shop helfen. Wir haben hier 2c-p zu den besten Preisen zu verkaufen. Geben Sie Ihre Bestellung auf und sichern Sie sich noch heute die neuesten Angebote!\" \/>\n<meta name=\"robots\" content=\"index, follow, max-snippet:-1, max-image-preview:large, max-video-preview:-1\" \/>\n<link rel=\"canonical\" href=\"https:\/\/chemgramx.com\/pl\/produkt-1\/kup-2c-p-online\/\" \/>\n<meta property=\"og:locale\" content=\"pl_PL\" \/>\n<meta property=\"og:type\" content=\"article\" \/>\n<meta property=\"og:title\" content=\"2C-P online kaufen \u2013 2C-P zu verkaufen | chemgramx\" \/>\n<meta property=\"og:description\" content=\"Wenn Sie 2c-p online kaufen m\u00f6chten, kann Ihnen unser Chemgramx-Online-Shop helfen. Wir haben hier 2c-p zu den besten Preisen zu verkaufen. Geben Sie Ihre Bestellung auf und sichern Sie sich noch heute die neuesten Angebote!\" \/>\n<meta property=\"og:url\" content=\"https:\/\/chemgramx.com\/pl\/produkt-1\/kup-2c-p-online\/\" \/>\n<meta property=\"og:site_name\" content=\"Chemgramx\" \/>\n<meta property=\"article:modified_time\" content=\"2025-11-21T11:09:26+00:00\" \/>\n<meta property=\"og:image\" content=\"https:\/\/chemgramx.com\/wp-content\/uploads\/2025\/11\/2cp.jpg\" \/>\n\t<meta property=\"og:image:width\" content=\"600\" \/>\n\t<meta property=\"og:image:height\" content=\"400\" \/>\n\t<meta property=\"og:image:type\" content=\"image\/jpeg\" \/>\n<meta name=\"twitter:card\" content=\"summary_large_image\" \/>\n<meta name=\"twitter:label1\" content=\"Szacowany czas czytania\" \/>\n\t<meta name=\"twitter:data1\" content=\"4 minuty\" \/>\n<script type=\"application\/ld+json\" class=\"yoast-schema-graph\">{\"@context\":\"https:\\\/\\\/schema.org\",\"@graph\":[{\"@type\":\"WebPage\",\"@id\":\"https:\\\/\\\/chemgramx.com\\\/product\\\/2c-p-online-kaufen\\\/\",\"url\":\"https:\\\/\\\/chemgramx.com\\\/product\\\/2c-p-online-kaufen\\\/\",\"name\":\"2C-P online kaufen \u2013 2C-P zu verkaufen | chemgramx\",\"isPartOf\":{\"@id\":\"https:\\\/\\\/chemgramx.com\\\/#website\"},\"primaryImageOfPage\":{\"@id\":\"https:\\\/\\\/chemgramx.com\\\/product\\\/2c-p-online-kaufen\\\/#primaryimage\"},\"image\":{\"@id\":\"https:\\\/\\\/chemgramx.com\\\/product\\\/2c-p-online-kaufen\\\/#primaryimage\"},\"thumbnailUrl\":\"https:\\\/\\\/chemgramx.com\\\/wp-content\\\/uploads\\\/2025\\\/11\\\/2cp.jpg\",\"datePublished\":\"2025-11-21T11:08:51+00:00\",\"dateModified\":\"2025-11-21T11:09:26+00:00\",\"description\":\"Wenn Sie 2c-p online kaufen m\u00f6chten, kann Ihnen unser Chemgramx-Online-Shop helfen. Wir haben hier 2c-p zu den besten Preisen zu verkaufen. Geben Sie Ihre Bestellung auf und sichern Sie sich noch heute die neuesten Angebote!\",\"breadcrumb\":{\"@id\":\"https:\\\/\\\/chemgramx.com\\\/product\\\/2c-p-online-kaufen\\\/#breadcrumb\"},\"inLanguage\":\"pl-PL\",\"potentialAction\":[{\"@type\":\"ReadAction\",\"target\":[\"https:\\\/\\\/chemgramx.com\\\/product\\\/2c-p-online-kaufen\\\/\"]}]},{\"@type\":\"ImageObject\",\"inLanguage\":\"pl-PL\",\"@id\":\"https:\\\/\\\/chemgramx.com\\\/product\\\/2c-p-online-kaufen\\\/#primaryimage\",\"url\":\"https:\\\/\\\/chemgramx.com\\\/wp-content\\\/uploads\\\/2025\\\/11\\\/2cp.jpg\",\"contentUrl\":\"https:\\\/\\\/chemgramx.com\\\/wp-content\\\/uploads\\\/2025\\\/11\\\/2cp.jpg\",\"width\":600,\"height\":400},{\"@type\":\"BreadcrumbList\",\"@id\":\"https:\\\/\\\/chemgramx.com\\\/product\\\/2c-p-online-kaufen\\\/#breadcrumb\",\"itemListElement\":[{\"@type\":\"ListItem\",\"position\":1,\"name\":\"Home\",\"item\":\"https:\\\/\\\/chemgramx.com\\\/\"},{\"@type\":\"ListItem\",\"position\":2,\"name\":\"Shop\",\"item\":\"https:\\\/\\\/chemgramx.com\\\/shop\\\/\"},{\"@type\":\"ListItem\",\"position\":3,\"name\":\"2C-P Online kaufen\"}]},{\"@type\":\"WebSite\",\"@id\":\"https:\\\/\\\/chemgramx.com\\\/#website\",\"url\":\"https:\\\/\\\/chemgramx.com\\\/\",\"name\":\"Chemgramx\",\"description\":\"\",\"publisher\":{\"@id\":\"https:\\\/\\\/chemgramx.com\\\/#organization\"},\"potentialAction\":[{\"@type\":\"SearchAction\",\"target\":{\"@type\":\"EntryPoint\",\"urlTemplate\":\"https:\\\/\\\/chemgramx.com\\\/?s={search_term_string}\"},\"query-input\":{\"@type\":\"PropertyValueSpecification\",\"valueRequired\":true,\"valueName\":\"search_term_string\"}}],\"inLanguage\":\"pl-PL\"},{\"@type\":\"Organization\",\"@id\":\"https:\\\/\\\/chemgramx.com\\\/#organization\",\"name\":\"Chemgramx\",\"url\":\"https:\\\/\\\/chemgramx.com\\\/\",\"logo\":{\"@type\":\"ImageObject\",\"inLanguage\":\"pl-PL\",\"@id\":\"https:\\\/\\\/chemgramx.com\\\/#\\\/schema\\\/logo\\\/image\\\/\",\"url\":\"https:\\\/\\\/chemgramx.com\\\/wp-content\\\/uploads\\\/2024\\\/10\\\/final-logo.png\",\"contentUrl\":\"https:\\\/\\\/chemgramx.com\\\/wp-content\\\/uploads\\\/2024\\\/10\\\/final-logo.png\",\"width\":250,\"height\":48,\"caption\":\"Chemgramx\"},\"image\":{\"@id\":\"https:\\\/\\\/chemgramx.com\\\/#\\\/schema\\\/logo\\\/image\\\/\"}}]}<\/script>\n<!-- \/ Yoast SEO plugin. -->","yoast_head_json":{"title":"Kup 2C-P online \u2013 2C-P na sprzeda\u017c | chemgramx","description":"Je\u015bli chcesz kupi\u0107 2c-p online, nasz sklep internetowy Chemgramx s\u0142u\u017cy pomoc\u0105. Oferujemy 2c-p w najlepszych cenach. Z\u0142\u00f3\u017c zam\u00f3wienie i skorzystaj z najnowszych ofert ju\u017c dzi\u015b!","robots":{"index":"index","follow":"follow","max-snippet":"max-snippet:-1","max-image-preview":"max-image-preview:large","max-video-preview":"max-video-preview:-1"},"canonical":"https:\/\/chemgramx.com\/pl\/produkt-1\/kup-2c-p-online\/","og_locale":"pl_PL","og_type":"article","og_title":"2C-P online kaufen \u2013 2C-P zu verkaufen | chemgramx","og_description":"Wenn Sie 2c-p online kaufen m\u00f6chten, kann Ihnen unser Chemgramx-Online-Shop helfen. Wir haben hier 2c-p zu den besten Preisen zu verkaufen. Geben Sie Ihre Bestellung auf und sichern Sie sich noch heute die neuesten Angebote!","og_url":"https:\/\/chemgramx.com\/pl\/produkt-1\/kup-2c-p-online\/","og_site_name":"Chemgramx","article_modified_time":"2025-11-21T11:09:26+00:00","og_image":[{"width":600,"height":400,"url":"https:\/\/chemgramx.com\/wp-content\/uploads\/2025\/11\/2cp.jpg","type":"image\/jpeg"}],"twitter_card":"summary_large_image","twitter_misc":{"Szacowany czas czytania":"4 minuty"},"schema":{"@context":"https:\/\/schema.org","@graph":[{"@type":"WebPage","@id":"https:\/\/chemgramx.com\/product\/2c-p-online-kaufen\/","url":"https:\/\/chemgramx.com\/product\/2c-p-online-kaufen\/","name":"Kup 2C-P online \u2013 2C-P na sprzeda\u017c | chemgramx","isPartOf":{"@id":"https:\/\/chemgramx.com\/#website"},"primaryImageOfPage":{"@id":"https:\/\/chemgramx.com\/product\/2c-p-online-kaufen\/#primaryimage"},"image":{"@id":"https:\/\/chemgramx.com\/product\/2c-p-online-kaufen\/#primaryimage"},"thumbnailUrl":"https:\/\/chemgramx.com\/wp-content\/uploads\/2025\/11\/2cp.jpg","datePublished":"2025-11-21T11:08:51+00:00","dateModified":"2025-11-21T11:09:26+00:00","description":"Je\u015bli chcesz kupi\u0107 2c-p online, nasz sklep internetowy Chemgramx s\u0142u\u017cy pomoc\u0105. Oferujemy 2c-p w najlepszych cenach. Z\u0142\u00f3\u017c zam\u00f3wienie i skorzystaj z najnowszych ofert ju\u017c dzi\u015b!","breadcrumb":{"@id":"https:\/\/chemgramx.com\/product\/2c-p-online-kaufen\/#breadcrumb"},"inLanguage":"pl-PL","potentialAction":[{"@type":"ReadAction","target":["https:\/\/chemgramx.com\/product\/2c-p-online-kaufen\/"]}]},{"@type":"ImageObject","inLanguage":"pl-PL","@id":"https:\/\/chemgramx.com\/product\/2c-p-online-kaufen\/#primaryimage","url":"https:\/\/chemgramx.com\/wp-content\/uploads\/2025\/11\/2cp.jpg","contentUrl":"https:\/\/chemgramx.com\/wp-content\/uploads\/2025\/11\/2cp.jpg","width":600,"height":400},{"@type":"BreadcrumbList","@id":"https:\/\/chemgramx.com\/product\/2c-p-online-kaufen\/#breadcrumb","itemListElement":[{"@type":"ListItem","position":1,"name":"Home","item":"https:\/\/chemgramx.com\/"},{"@type":"ListItem","position":2,"name":"Shop","item":"https:\/\/chemgramx.com\/shop\/"},{"@type":"ListItem","position":3,"name":"2C-P Online kaufen"}]},{"@type":"WebSite","@id":"https:\/\/chemgramx.com\/#website","url":"https:\/\/chemgramx.com\/","name":"Chemgramx","description":"","publisher":{"@id":"https:\/\/chemgramx.com\/#organization"},"potentialAction":[{"@type":"SearchAction","target":{"@type":"EntryPoint","urlTemplate":"https:\/\/chemgramx.com\/?s={search_term_string}"},"query-input":{"@type":"PropertyValueSpecification","valueRequired":true,"valueName":"search_term_string"}}],"inLanguage":"pl-PL"},{"@type":"Organization","@id":"https:\/\/chemgramx.com\/#organization","name":"Chemgramx","url":"https:\/\/chemgramx.com\/","logo":{"@type":"ImageObject","inLanguage":"pl-PL","@id":"https:\/\/chemgramx.com\/#\/schema\/logo\/image\/","url":"https:\/\/chemgramx.com\/wp-content\/uploads\/2024\/10\/final-logo.png","contentUrl":"https:\/\/chemgramx.com\/wp-content\/uploads\/2024\/10\/final-logo.png","width":250,"height":48,"caption":"Chemgramx"},"image":{"@id":"https:\/\/chemgramx.com\/#\/schema\/logo\/image\/"}}]}},"_links":{"self":[{"href":"https:\/\/chemgramx.com\/pl\/wp-json\/wp\/v2\/product\/6741","targetHints":{"allow":["GET"]}}],"collection":[{"href":"https:\/\/chemgramx.com\/pl\/wp-json\/wp\/v2\/product"}],"about":[{"href":"https:\/\/chemgramx.com\/pl\/wp-json\/wp\/v2\/types\/product"}],"replies":[{"embeddable":true,"href":"https:\/\/chemgramx.com\/pl\/wp-json\/wp\/v2\/comments?post=6741"}],"wp:featuredmedia":[{"embeddable":true,"href":"https:\/\/chemgramx.com\/pl\/wp-json\/wp\/v2\/media\/6769"}],"wp:attachment":[{"href":"https:\/\/chemgramx.com\/pl\/wp-json\/wp\/v2\/media?parent=6741"}],"wp:term":[{"taxonomy":"product_brand","embeddable":true,"href":"https:\/\/chemgramx.com\/pl\/wp-json\/wp\/v2\/product_brand?post=6741"},{"taxonomy":"product_cat","embeddable":true,"href":"https:\/\/chemgramx.com\/pl\/wp-json\/wp\/v2\/product_cat?post=6741"},{"taxonomy":"product_tag","embeddable":true,"href":"https:\/\/chemgramx.com\/pl\/wp-json\/wp\/v2\/product_tag?post=6741"}],"curies":[{"name":"wp","href":"https:\/\/api.w.org\/{rel}","templated":true}]}}