{"id":6743,"date":"2025-11-21T11:08:52","date_gmt":"2025-11-21T11:08:52","guid":{"rendered":"https:\/\/chemgramx.com\/?post_type=product&#038;p=6743"},"modified":"2025-11-21T11:09:50","modified_gmt":"2025-11-21T11:09:50","slug":"kup-2c-t-4-online","status":"publish","type":"product","link":"https:\/\/chemgramx.com\/pl\/product\/2c-t-4-online-kaufen\/","title":{"rendered":"Kup online 2C-T-4"},"content":{"rendered":"<p>Klasa <b>2C-fenyloetyloamina<\/b> i ich tioanalogi stanowi\u0105 wa\u017cne pole do bada\u0144 nad <b>neurofarmakologia uk\u0142adu serotoninergicznego<\/b> reprezentuj\u0105. <b>2C-T-4<\/b> jest syntetyczn\u0105 substancj\u0105 chemiczn\u0105, kt\u00f3ra <b>wy\u0142\u0105cznie<\/b> jest przeznaczony do bada\u0144 analitycznych i naukowych w \u015bci\u015ble kontrolowanych \u015brodowiskach laboratoryjnych. Ze wzgl\u0119du na jego <b>Struktura tiofenetyloaminy<\/b> i zwi\u0105zane z tym w\u0142a\u015bciwo\u015bci farmakologiczne, 2C-T-4 s\u0142u\u017cy jako podstawowy system modelowy w <b>Badania nad receptorami<\/b>.<\/p>\n<p>Ta substancja o wysokiej czysto\u015bci jest <b>wy\u0142\u0105cznie do bada\u0144 analitycznych i naukowych<\/b> oferowane. Podkre\u015blamy, \u017ce 2C-T-4, ze wzgl\u0119du na swoj\u0105 znan\u0105 aktywno\u015b\u0107 farmakologiczn\u0105 <b>Najbardziej rygorystyczne protoko\u0142y bezpiecze\u0144stwa i prawne<\/b> podlega i <b>nieprzeznaczone do spo\u017cycia przez ludzi<\/b> jest.<\/p>\n<h2>Profil chemiczny, pochodzenie i znaczenie farmakologiczne<\/h2>\n<p>Zrozumienie struktury chemicznej 2C-T-4 i jego wp\u0142ywu na neurobiologi\u0119 jest g\u0142\u00f3wnym celem bada\u0144, w kt\u00f3rych materia\u0142 ten jest wykorzystywany.<\/p>\n<h3>Pochodzenie i profil chemiczny<\/h3>\n<p><b>2C-T-4<\/b> (Pe\u0142na nazwa chemiczna: <b>2,5-dimetoksy-4-izopropylo-tiofenetyloamina<\/b>) nale\u017cy do klasy <b>Analogi tio<\/b> z fenetyloamin. Zosta\u0142 zsyntetyzowany przez Alexandra Shulgina i szczeg\u00f3\u0142owo udokumentowany w jego pracy \u201ePiHKAL\u201c.<\/p>\n<p>Struktura molekularna jest zdefiniowana przez<\/p>\n<ul>\n<li><b>Szkielet tiofenetyloaminowy:<\/b> W przeciwie\u0144stwie do czystych fenyloetyloamin, cz\u0105steczka ta zawiera atom siarki w \u0142a\u0144cuchu bocznym pier\u015bcienia fenylowego, co czyni j\u0105 <b>Analog tio<\/b> i wp\u0142ywa na jego lipofilno\u015b\u0107 i los metaboliczny.<\/li>\n<li><b>Podstawienie dimetoksy:<\/b> The <span class=\"math-inline\" data-math=\"mathbf{2,5}\">2,5<\/span>&#8211;<b>Grupy dimetoksylowe<\/b> na pier\u015bcieniu fenylowym s\u0105 charakterystyczne dla rodziny 2C i wp\u0142ywaj\u0105 na powinowactwo do receptor\u00f3w serotoninowych.<\/li>\n<li><b>Podstawienie izopropylotio:<\/b> The <span class=\"math-inline\" data-math=\"mathbf{4}\">4<\/span>&#8211;<b>Grupa izopropylotio<\/b> na pier\u015bcieniu fenylowym jest specyficzn\u0105 modyfikacj\u0105, kt\u00f3ra nadaje 2C-T-4 unikalne w\u0142a\u015bciwo\u015bci.<\/li>\n<\/ul>\n<p>Ta konfiguracja chemiczna prowadzi do tego, \u017ce 2C-T-4 jest uznawany w raportach badawczych za jego <b>wyr\u00f3\u017cniaj\u0105ce si\u0119 efekty wizualne<\/b> oraz <b>wzmocnienie sensoryczne<\/b> znany, kt\u00f3ry oferuje ekscytuj\u0105ce mo\u017cliwo\u015bci dla <b>badania neurochemiczne i psychologiczne<\/b> oferty.<\/p>\n<h3>Molekularny spos\u00f3b dzia\u0142ania i zastosowania badawcze<\/h3>\n<p>G\u0142\u00f3wne znaczenie badawcze 2C-T-4 polega na jego powinowactwie do <b>receptory serotoninergiczne<\/b>.<\/p>\n<p><b>1. badania w dziedzinie neurochemii i psychologii:<\/b><\/p>\n<ul>\n<li><b>Wi\u0105zanie receptora:<\/b> Substancja ta jest u\u017cywana do analizy <b>aktywno\u015b\u0107 funkcjonalna<\/b> i <b>Kinetyka wi\u0105zania<\/b> na receptorach serotoninowych.<\/li>\n<li><b>Badania nad zmianami w percepcji:<\/b> Analiza <a href=\"\/product\/2-fluoroamphetamine-2-fa-online-kaufen\/\">molekularny<\/a> Mechanizmy le\u017c\u0105ce u podstaw wyra\u017anych efekt\u00f3w sensorycznych.<\/li>\n<\/ul>\n<p><b>2. chemia kryminalistyczna i analityczna:<\/b><\/p>\n<ul>\n<li><b>Eksperymenty analityczne i chemiczne:<\/b> Materia\u0142 s\u0142u\u017cy jako <b>standard analityczny<\/b> do opracowywania i walidacji metod wykrywania przy u\u017cyciu <b>HPLC<\/b> lub <b>GC\/MS<\/b>.<\/li>\n<li><b>Aplikacje kryminalistyczne:<\/b> Wykorzystanie charakterystycznego analogu tio jako substancji referencyjnej do identyfikacji nieznanych pr\u00f3bek.<\/li>\n<\/ul>\n<h2>Zapewnienie jako\u015bci analitycznej i wymagania laboratoryjne<\/h2>\n<p>Integralno\u015b\u0107 bada\u0144 wymaga najwy\u017cszego poziomu czysto\u015bci <span class=\"math-inline\" data-math=\"mathbf{ge 98%}\">98%<\/span>\u00a0i pe\u0142n\u0105 dokumentacj\u0119 materia\u0142u.<\/p>\n<h3>Charakterystyka jako\u015bciowa materia\u0142u badawczego<\/h3>\n<ul>\n<li><b>Gwarancja czysto\u015bci:<\/b> Czysto\u015b\u0107 chemiczna proszku 2C-T-4 musi wynosi\u0107 <span class=\"math-inline\" data-math=\"mathbf{ge 98%}\">\u00a098%<\/span>\u00a0i przez <b>Analiza HPLC<\/b> zosta\u0107 potwierdzone.<\/li>\n<li><b>Dokumentacja:<\/b> Ka\u017cda partia jest oznaczona etykiet\u0105 <b>kompletne certyfikaty analizy (CoA)<\/b> dostarczone.<\/li>\n<li><b>Sp\u00f3jno\u015b\u0107:<\/b> <b>Sta\u0142a sp\u00f3jno\u015b\u0107 partii<\/b> jest absolutnie konieczne, aby zapewni\u0107 powtarzalno\u015b\u0107.<\/li>\n<\/ul>\n<h3>Wymagania dotycz\u0105ce przechowywania i bezpiecze\u0144stwa<\/h3>\n<p>Post\u0119powanie z tym silnym materia\u0142em wymaga \u015bcis\u0142ej zgodno\u015bci ze standardami GLP.<\/p>\n<p><b>1. wymagane \u015brodki bezpiecze\u0144stwa:<\/b><\/p>\n<ul>\n<li><b>\u015arodki ochrony indywidualnej (PPE):<\/b> Fartuchy laboratoryjne, r\u0119kawiczki jednorazowe i okulary ochronne s\u0105 obowi\u0105zkowe.<\/li>\n<li><b>Wentylacja:<\/b> Obs\u0142uga proszku wymaga pracy pod <b>Dygestorium chemiczne<\/b>.<\/li>\n<\/ul>\n<p><b>2. optymalne przechowywanie:<\/b><\/p>\n<ul>\n<li><b>Temperatura:<\/b> Materia\u0142 powinien <b>fajny<\/b> idealnie <span class=\"math-inline\" data-math=\"mathbf{-20^circ C}\">-20 C<\/span>\u00a0oraz <b>suchy<\/b> by\u0107 przechowywane.<\/li>\n<li><b>Ochrona przed \u015bwiat\u0142em:<\/b> Przechowywanie w <b>ciemne, nieprzezroczyste pojemniki<\/b>, aby zapobiec rozk\u0142adowi przez \u015bwiat\u0142o.<\/li>\n<\/ul>\n<h2>Ramy regulacyjne i odpowiedzialno\u015b\u0107 etyczna<\/h2>\n<p>Wymogi prawne i regulacyjne dotycz\u0105ce 2C-T-4 s\u0105 bardzo z\u0142o\u017cone i wymagaj\u0105 \u015bcis\u0142ego przestrzegania przez instytucje badawcze.<\/p>\n<h3>Status prawny (zale\u017cny od jurysdykcji)<\/h3>\n<p>Status prawny 2C-T-4 r\u00f3\u017cni si\u0119 znacznie na arenie mi\u0119dzynarodowej:<\/p>\n<ul>\n<li>W wielu regionach nale\u017cy do <b>substancje kontrolowane<\/b> (np. przepisy dotycz\u0105ce narkotyk\u00f3w lub NpSG).<\/li>\n<li><b>Obowi\u0105zkowe zobowi\u0105zanie:<\/b> Instytucje badawcze musz\u0105 <b>przed zakupem nale\u017cy sprawdzi\u0107 obowi\u0105zuj\u0105ce przepisy danej jurysdykcji<\/b>. Kupuj\u0105cy ponosi wy\u0142\u0105czn\u0105 odpowiedzialno\u015b\u0107 za zgodno\u015b\u0107 z prawem.<\/li>\n<\/ul>\n<h3>Kontrola przej\u0119cia i przeznaczenie<\/h3>\n<p>Nabycie 2C-T-4 jest \u015bci\u015ble ograniczone do udokumentowanych bada\u0144 naukowych.<\/p>\n<ul>\n<li><b>Certyfikat instytutu:<\/b> Dokumentacja instytucji badawczej lub laboratorium jest obowi\u0105zkowa.<\/li>\n<li><b>Przeznaczenie:<\/b> Nale\u017cy przed\u0142o\u017cy\u0107 naukowy opis projektu badawczego.<\/li>\n<\/ul>\n<p><b>Wa\u017cna uwaga:<\/b> 2C-T-4 to <b>wy\u0142\u0105cznie do cel\u00f3w badawczych<\/b> oraz <b>nieprzeznaczone do spo\u017cycia przez ludzi<\/b>. Ka\u017cde nieautoryzowane u\u017cycie stanowi powa\u017cne naruszenie.<\/p>\n<h2>Wnioski<\/h2>\n<p>2C-T-4 s\u0142u\u017cy jako unikalny system modelowy w neurofarmakologii do rozszyfrowania mechanizm\u00f3w dzia\u0142ania tiofenetyloamin na receptory serotoninergiczne. Laboratoria i instytucje naukowe, kt\u00f3re wymagaj\u0105 tego wysokiej jako\u015bci materia\u0142u do analiz i eksperyment\u00f3w, musz\u0105 zapewni\u0107 najwy\u017csz\u0105 jako\u015b\u0107 i \u015bcis\u0142\u0105 kontrol\u0119 jako\u015bci. <b>Zgodno\u015b\u0107 ze wszystkimi przepisami i protoko\u0142ami bezpiecze\u0144stwa<\/b> gwarancja.<\/p>","protected":false},"excerpt":{"rendered":"<p>Kr\u00f3tki opis (55 s\u0142\u00f3w) 2C-T-4 to syntetyczna substancja chemiczna do bada\u0144 naukowych znana z wysokiej czysto\u015bci i stabilno\u015bci. Produkt ten jest idealny do eksperyment\u00f3w farmakologicznych, testowania receptor\u00f3w i test\u00f3w chemicznych. Ka\u017cda partia przechodzi rygorystyczne testy w celu zapewnienia jako\u015bci i niezawodno\u015bci. Wy\u0142\u0105cznie do u\u017cytku laboratoryjnego.<\/p>","protected":false},"featured_media":6771,"comment_status":"open","ping_status":"closed","template":"","meta":{"_joinchat":[]},"product_brand":[],"product_cat":[1795],"product_tag":[1836,1843,1837,1840,1842,1839,1838,188,1814,1841],"class_list":{"0":"post-6743","1":"product","2":"type-product","3":"status-publish","4":"has-post-thumbnail","6":"product_cat-2c-serie","7":"product_tag-2c-t-4","8":"product_tag-2c-t-4-chemikalien","9":"product_tag-2c-t-4-kaufen","10":"product_tag-2c-t-4-kristalle","11":"product_tag-2c-t-4-online","12":"product_tag-2c-t-4-pulver","13":"product_tag-2c-t-4-zum-verkauf","14":"product_tag-forschungschemikalien","15":"product_tag-forschungsstoffe-kaufen","16":"product_tag-synthetische-phenethylamine","18":"first","19":"instock","20":"shipping-taxable","21":"purchasable","22":"product-type-variable"},"yoast_head":"<!-- This site is optimized with the Yoast SEO plugin v27.5 - https:\/\/yoast.com\/product\/yoast-seo-wordpress\/ -->\n<title>2C-T-4 online kaufen \u2013 2C-T-4 zu verkaufen | chemgramx<\/title>\n<meta name=\"description\" content=\"Jetzt ist die beste Zeit, unseren Online-Shop zu besuchen und 2c-t-4 online zu kaufen. Wir haben hier hochwertiges 2c-t-4 zum g\u00fcnstigsten Preis zu verkaufen. Treffen Sie uns online und geben Sie noch heute Ihre Bestellung auf.\" \/>\n<meta name=\"robots\" content=\"index, follow, max-snippet:-1, max-image-preview:large, max-video-preview:-1\" \/>\n<link rel=\"canonical\" href=\"https:\/\/chemgramx.com\/pl\/produkt-1\/kup-2c-t-4-online\/\" \/>\n<meta property=\"og:locale\" content=\"pl_PL\" \/>\n<meta property=\"og:type\" content=\"article\" \/>\n<meta property=\"og:title\" content=\"2C-T-4 online kaufen \u2013 2C-T-4 zu verkaufen | chemgramx\" \/>\n<meta property=\"og:description\" content=\"Jetzt ist die beste Zeit, unseren Online-Shop zu besuchen und 2c-t-4 online zu kaufen. Wir haben hier hochwertiges 2c-t-4 zum g\u00fcnstigsten Preis zu verkaufen. Treffen Sie uns online und geben Sie noch heute Ihre Bestellung auf.\" \/>\n<meta property=\"og:url\" content=\"https:\/\/chemgramx.com\/pl\/produkt-1\/kup-2c-t-4-online\/\" \/>\n<meta property=\"og:site_name\" content=\"Chemgramx\" \/>\n<meta property=\"article:modified_time\" content=\"2025-11-21T11:09:50+00:00\" \/>\n<meta property=\"og:image\" content=\"https:\/\/chemgramx.com\/wp-content\/uploads\/2025\/11\/2ct4.jpg\" \/>\n\t<meta property=\"og:image:width\" content=\"600\" \/>\n\t<meta property=\"og:image:height\" content=\"400\" \/>\n\t<meta property=\"og:image:type\" content=\"image\/jpeg\" \/>\n<meta name=\"twitter:card\" content=\"summary_large_image\" \/>\n<meta name=\"twitter:label1\" content=\"Szacowany czas czytania\" \/>\n\t<meta name=\"twitter:data1\" content=\"3 minuty\" \/>\n<script type=\"application\/ld+json\" class=\"yoast-schema-graph\">{\"@context\":\"https:\\\/\\\/schema.org\",\"@graph\":[{\"@type\":\"WebPage\",\"@id\":\"https:\\\/\\\/chemgramx.com\\\/product\\\/2c-t-4-online-kaufen\\\/\",\"url\":\"https:\\\/\\\/chemgramx.com\\\/product\\\/2c-t-4-online-kaufen\\\/\",\"name\":\"2C-T-4 online kaufen \u2013 2C-T-4 zu verkaufen | chemgramx\",\"isPartOf\":{\"@id\":\"https:\\\/\\\/chemgramx.com\\\/#website\"},\"primaryImageOfPage\":{\"@id\":\"https:\\\/\\\/chemgramx.com\\\/product\\\/2c-t-4-online-kaufen\\\/#primaryimage\"},\"image\":{\"@id\":\"https:\\\/\\\/chemgramx.com\\\/product\\\/2c-t-4-online-kaufen\\\/#primaryimage\"},\"thumbnailUrl\":\"https:\\\/\\\/chemgramx.com\\\/wp-content\\\/uploads\\\/2025\\\/11\\\/2ct4.jpg\",\"datePublished\":\"2025-11-21T11:08:52+00:00\",\"dateModified\":\"2025-11-21T11:09:50+00:00\",\"description\":\"Jetzt ist die beste Zeit, unseren Online-Shop zu besuchen und 2c-t-4 online zu kaufen. Wir haben hier hochwertiges 2c-t-4 zum g\u00fcnstigsten Preis zu verkaufen. Treffen Sie uns online und geben Sie noch heute Ihre Bestellung auf.\",\"breadcrumb\":{\"@id\":\"https:\\\/\\\/chemgramx.com\\\/product\\\/2c-t-4-online-kaufen\\\/#breadcrumb\"},\"inLanguage\":\"pl-PL\",\"potentialAction\":[{\"@type\":\"ReadAction\",\"target\":[\"https:\\\/\\\/chemgramx.com\\\/product\\\/2c-t-4-online-kaufen\\\/\"]}]},{\"@type\":\"ImageObject\",\"inLanguage\":\"pl-PL\",\"@id\":\"https:\\\/\\\/chemgramx.com\\\/product\\\/2c-t-4-online-kaufen\\\/#primaryimage\",\"url\":\"https:\\\/\\\/chemgramx.com\\\/wp-content\\\/uploads\\\/2025\\\/11\\\/2ct4.jpg\",\"contentUrl\":\"https:\\\/\\\/chemgramx.com\\\/wp-content\\\/uploads\\\/2025\\\/11\\\/2ct4.jpg\",\"width\":600,\"height\":400},{\"@type\":\"BreadcrumbList\",\"@id\":\"https:\\\/\\\/chemgramx.com\\\/product\\\/2c-t-4-online-kaufen\\\/#breadcrumb\",\"itemListElement\":[{\"@type\":\"ListItem\",\"position\":1,\"name\":\"Home\",\"item\":\"https:\\\/\\\/chemgramx.com\\\/\"},{\"@type\":\"ListItem\",\"position\":2,\"name\":\"Shop\",\"item\":\"https:\\\/\\\/chemgramx.com\\\/shop\\\/\"},{\"@type\":\"ListItem\",\"position\":3,\"name\":\"2C-T-4 Online kaufen\"}]},{\"@type\":\"WebSite\",\"@id\":\"https:\\\/\\\/chemgramx.com\\\/#website\",\"url\":\"https:\\\/\\\/chemgramx.com\\\/\",\"name\":\"Chemgramx\",\"description\":\"\",\"publisher\":{\"@id\":\"https:\\\/\\\/chemgramx.com\\\/#organization\"},\"potentialAction\":[{\"@type\":\"SearchAction\",\"target\":{\"@type\":\"EntryPoint\",\"urlTemplate\":\"https:\\\/\\\/chemgramx.com\\\/?s={search_term_string}\"},\"query-input\":{\"@type\":\"PropertyValueSpecification\",\"valueRequired\":true,\"valueName\":\"search_term_string\"}}],\"inLanguage\":\"pl-PL\"},{\"@type\":\"Organization\",\"@id\":\"https:\\\/\\\/chemgramx.com\\\/#organization\",\"name\":\"Chemgramx\",\"url\":\"https:\\\/\\\/chemgramx.com\\\/\",\"logo\":{\"@type\":\"ImageObject\",\"inLanguage\":\"pl-PL\",\"@id\":\"https:\\\/\\\/chemgramx.com\\\/#\\\/schema\\\/logo\\\/image\\\/\",\"url\":\"https:\\\/\\\/chemgramx.com\\\/wp-content\\\/uploads\\\/2024\\\/10\\\/final-logo.png\",\"contentUrl\":\"https:\\\/\\\/chemgramx.com\\\/wp-content\\\/uploads\\\/2024\\\/10\\\/final-logo.png\",\"width\":250,\"height\":48,\"caption\":\"Chemgramx\"},\"image\":{\"@id\":\"https:\\\/\\\/chemgramx.com\\\/#\\\/schema\\\/logo\\\/image\\\/\"}}]}<\/script>\n<!-- \/ Yoast SEO plugin. -->","yoast_head_json":{"title":"Kup 2C-T-4 online \u2013 2C-T-4 na sprzeda\u017c | chemgramx","description":"To najlepszy moment, aby odwiedzi\u0107 nasz sklep internetowy i kupi\u0107 2c-t-4 online. Oferujemy wysokiej jako\u015bci 2c-t-4 w najbardziej przyst\u0119pnej cenie. Odwied\u017a nas online i z\u0142\u00f3\u017c zam\u00f3wienie ju\u017c dzi\u015b.","robots":{"index":"index","follow":"follow","max-snippet":"max-snippet:-1","max-image-preview":"max-image-preview:large","max-video-preview":"max-video-preview:-1"},"canonical":"https:\/\/chemgramx.com\/pl\/produkt-1\/kup-2c-t-4-online\/","og_locale":"pl_PL","og_type":"article","og_title":"2C-T-4 online kaufen \u2013 2C-T-4 zu verkaufen | chemgramx","og_description":"Jetzt ist die beste Zeit, unseren Online-Shop zu besuchen und 2c-t-4 online zu kaufen. Wir haben hier hochwertiges 2c-t-4 zum g\u00fcnstigsten Preis zu verkaufen. Treffen Sie uns online und geben Sie noch heute Ihre Bestellung auf.","og_url":"https:\/\/chemgramx.com\/pl\/produkt-1\/kup-2c-t-4-online\/","og_site_name":"Chemgramx","article_modified_time":"2025-11-21T11:09:50+00:00","og_image":[{"width":600,"height":400,"url":"https:\/\/chemgramx.com\/wp-content\/uploads\/2025\/11\/2ct4.jpg","type":"image\/jpeg"}],"twitter_card":"summary_large_image","twitter_misc":{"Szacowany czas czytania":"3 minuty"},"schema":{"@context":"https:\/\/schema.org","@graph":[{"@type":"WebPage","@id":"https:\/\/chemgramx.com\/product\/2c-t-4-online-kaufen\/","url":"https:\/\/chemgramx.com\/product\/2c-t-4-online-kaufen\/","name":"Kup 2C-T-4 online \u2013 2C-T-4 na sprzeda\u017c | chemgramx","isPartOf":{"@id":"https:\/\/chemgramx.com\/#website"},"primaryImageOfPage":{"@id":"https:\/\/chemgramx.com\/product\/2c-t-4-online-kaufen\/#primaryimage"},"image":{"@id":"https:\/\/chemgramx.com\/product\/2c-t-4-online-kaufen\/#primaryimage"},"thumbnailUrl":"https:\/\/chemgramx.com\/wp-content\/uploads\/2025\/11\/2ct4.jpg","datePublished":"2025-11-21T11:08:52+00:00","dateModified":"2025-11-21T11:09:50+00:00","description":"To najlepszy moment, aby odwiedzi\u0107 nasz sklep internetowy i kupi\u0107 2c-t-4 online. Oferujemy wysokiej jako\u015bci 2c-t-4 w najbardziej przyst\u0119pnej cenie. Odwied\u017a nas online i z\u0142\u00f3\u017c zam\u00f3wienie ju\u017c dzi\u015b.","breadcrumb":{"@id":"https:\/\/chemgramx.com\/product\/2c-t-4-online-kaufen\/#breadcrumb"},"inLanguage":"pl-PL","potentialAction":[{"@type":"ReadAction","target":["https:\/\/chemgramx.com\/product\/2c-t-4-online-kaufen\/"]}]},{"@type":"ImageObject","inLanguage":"pl-PL","@id":"https:\/\/chemgramx.com\/product\/2c-t-4-online-kaufen\/#primaryimage","url":"https:\/\/chemgramx.com\/wp-content\/uploads\/2025\/11\/2ct4.jpg","contentUrl":"https:\/\/chemgramx.com\/wp-content\/uploads\/2025\/11\/2ct4.jpg","width":600,"height":400},{"@type":"BreadcrumbList","@id":"https:\/\/chemgramx.com\/product\/2c-t-4-online-kaufen\/#breadcrumb","itemListElement":[{"@type":"ListItem","position":1,"name":"Home","item":"https:\/\/chemgramx.com\/"},{"@type":"ListItem","position":2,"name":"Shop","item":"https:\/\/chemgramx.com\/shop\/"},{"@type":"ListItem","position":3,"name":"2C-T-4 Online kaufen"}]},{"@type":"WebSite","@id":"https:\/\/chemgramx.com\/#website","url":"https:\/\/chemgramx.com\/","name":"Chemgramx","description":"","publisher":{"@id":"https:\/\/chemgramx.com\/#organization"},"potentialAction":[{"@type":"SearchAction","target":{"@type":"EntryPoint","urlTemplate":"https:\/\/chemgramx.com\/?s={search_term_string}"},"query-input":{"@type":"PropertyValueSpecification","valueRequired":true,"valueName":"search_term_string"}}],"inLanguage":"pl-PL"},{"@type":"Organization","@id":"https:\/\/chemgramx.com\/#organization","name":"Chemgramx","url":"https:\/\/chemgramx.com\/","logo":{"@type":"ImageObject","inLanguage":"pl-PL","@id":"https:\/\/chemgramx.com\/#\/schema\/logo\/image\/","url":"https:\/\/chemgramx.com\/wp-content\/uploads\/2024\/10\/final-logo.png","contentUrl":"https:\/\/chemgramx.com\/wp-content\/uploads\/2024\/10\/final-logo.png","width":250,"height":48,"caption":"Chemgramx"},"image":{"@id":"https:\/\/chemgramx.com\/#\/schema\/logo\/image\/"}}]}},"_links":{"self":[{"href":"https:\/\/chemgramx.com\/pl\/wp-json\/wp\/v2\/product\/6743","targetHints":{"allow":["GET"]}}],"collection":[{"href":"https:\/\/chemgramx.com\/pl\/wp-json\/wp\/v2\/product"}],"about":[{"href":"https:\/\/chemgramx.com\/pl\/wp-json\/wp\/v2\/types\/product"}],"replies":[{"embeddable":true,"href":"https:\/\/chemgramx.com\/pl\/wp-json\/wp\/v2\/comments?post=6743"}],"wp:featuredmedia":[{"embeddable":true,"href":"https:\/\/chemgramx.com\/pl\/wp-json\/wp\/v2\/media\/6771"}],"wp:attachment":[{"href":"https:\/\/chemgramx.com\/pl\/wp-json\/wp\/v2\/media?parent=6743"}],"wp:term":[{"taxonomy":"product_brand","embeddable":true,"href":"https:\/\/chemgramx.com\/pl\/wp-json\/wp\/v2\/product_brand?post=6743"},{"taxonomy":"product_cat","embeddable":true,"href":"https:\/\/chemgramx.com\/pl\/wp-json\/wp\/v2\/product_cat?post=6743"},{"taxonomy":"product_tag","embeddable":true,"href":"https:\/\/chemgramx.com\/pl\/wp-json\/wp\/v2\/product_tag?post=6743"}],"curies":[{"name":"wp","href":"https:\/\/api.w.org\/{rel}","templated":true}]}}