{"id":6815,"date":"2025-11-21T11:09:30","date_gmt":"2025-11-21T11:09:30","guid":{"rendered":"https:\/\/chemgramx.com\/?post_type=product&#038;p=6815"},"modified":"2025-11-21T11:09:51","modified_gmt":"2025-11-21T11:09:51","slug":"kupic-metamfetamine","status":"publish","type":"product","link":"https:\/\/chemgramx.com\/pl\/product\/crystal-meth-kaufen\/","title":{"rendered":"Kup metamfetamin\u0119"},"content":{"rendered":"<p data-start=\"0\" data-end=\"341\"><span dir=\"auto\">Po spo\u017cyciu, metamfetamina mo\u017ce powodowa\u0107 intensywn\u0105 eufori\u0119, zwi\u0119kszon\u0105 energi\u0119, czujno\u015b\u0107 i poczucie niezwyci\u0119\u017cono\u015bci. Efekty te s\u0105 jednak kr\u00f3tkotrwa\u0142e i wi\u0105\u017c\u0105 si\u0119 z powa\u017cnymi zagro\u017ceniami. Powtarzaj\u0105ce si\u0119 u\u017cywanie mo\u017ce z czasem prowadzi\u0107 do powa\u017cnych problem\u00f3w ze zdrowiem fizycznym i psychicznym, w tym Kup tanio metamfetamin\u0119 online<\/span><\/p>\n<p><span dir=\"auto\">Uzale\u017cnienie: Metamfetamina jest niezwykle uzale\u017cniaj\u0105ca i powoduje u u\u017cytkownik\u00f3w rozw\u00f3j tolerancji i uzale\u017cnienia od narkotyku.<\/span><\/p>\n<p><span dir=\"auto\">Problemy ze zdrowiem psychicznym: L\u0119k, paranoja, halucynacje, zachowania agresywne i psychozy s\u0105 powszechne w\u015br\u00f3d u\u017cytkownik\u00f3w.<\/span><\/p>\n<p><span dir=\"auto\">Problemy ze zdrowiem fizycznym: Obejmuj\u0105 one powa\u017cne problemy stomatologiczne (cz\u0119sto okre\u015blane jako \u201emeth mouth\u201c), utrat\u0119 wagi, owrzodzenia sk\u00f3ry, problemy z sercem, a nawet uszkodzenia m\u00f3zgu.<\/span><\/p>\n<p><span dir=\"auto\">Ryzyko przedawkowania: Przedawkowania s\u0105 cz\u0119ste i mog\u0105 prowadzi\u0107 do \u015bmierci z powodu zawa\u0142u serca, udaru m\u00f3zgu lub niewydolno\u015bci oddechowej. Kup metamfetamin\u0119 krystaliczn\u0105 online<\/span><\/p>\n<p><span dir=\"auto\">D\u0142ugotrwa\u0142e stosowanie mo\u017ce r\u00f3wnie\u017c prowadzi\u0107 do pogorszenia funkcji poznawczych, utrudniaj\u0105c osobom dotkni\u0119tym chorob\u0105 jasne my\u015blenie lub podejmowanie racjonalnych decyzji.<\/span><\/p>\n<p>&nbsp;<\/p>\n<p><span dir=\"auto\">Je\u015bli ty lub kto\u015b, kogo znasz, zmaga si\u0119 z uzale\u017cnieniem od metamfetaminy lub innej substancji, wa\u017cne jest, aby szuka\u0107 profesjonalnej pomocy w celu wyzdrowienia i opcji leczenia. Kup metamfetamin\u0119 online w Australii<\/span><\/p>\n<h2 data-start=\"1273\" data-end=\"1446\"><strong><span dir=\"auto\">Skutki uboczne metamfetaminy<\/span><\/strong><\/h2>\n<h2><strong><span dir=\"auto\">Fizyczny<\/span><\/strong><\/h2>\n<h2><strong><span dir=\"auto\">Uk\u0142ad sercowo-naczyniowy<\/span><\/strong><\/h2>\n<p><span dir=\"auto\">Metamfetamina krystaliczna jest sympatykomimetykiem, kt\u00f3ry powoduje zw\u0119\u017cenie naczy\u0144 krwiono\u015bnych i tachykardi\u0119. Metamfetamina promuje r\u00f3wnie\u017c nieprawid\u0142owe bicie serca i zaburzenia rytmu serca, z kt\u00f3rych niekt\u00f3re mog\u0105 zagra\u017ca\u0107 \u017cyciu. Kup metamfetamin\u0119 online w dyskretnym opakowaniu.<\/span><\/p>\n<h2><strong><span dir=\"auto\">Inne fizyczne skutki dzia\u0142ania\u00a0<\/span><\/strong><strong><span dir=\"auto\">Zakup metamfetaminy online<\/span><\/strong><\/h2>\n<p>&nbsp;<\/p>\n<p><span dir=\"auto\">Metamfetamina mo\u017ce powodowa\u0107 powa\u017cne skutki uboczne, w tym utrat\u0119 apetytu, nadpobudliwo\u015b\u0107, rozszerzone \u017arenice, zaczerwienion\u0105 sk\u00f3r\u0119, nadmierne pocenie si\u0119, sucho\u015b\u0107 w ustach, zgrzytanie z\u0119bami (metamfetamina), b\u00f3le g\u0142owy, przyspieszony oddech i wysok\u0105 temperatur\u0119 cia\u0142a. D\u0142ugotrwa\u0142e stosowanie mo\u017ce powodowa\u0107 podra\u017cnienia sk\u00f3ry, tr\u0105dzik i blado\u015b\u0107. U\u017cywanie metamfetaminy jest powi\u0105zane z chorobami zwi\u0105zanymi z wiekiem, takimi jak mia\u017cd\u017cyca t\u0119tnic wie\u0144cowych i zw\u0142\u00f3knienie p\u0142uc, cz\u0119sto z powodu zwi\u0119kszonego tworzenia ceramid\u00f3w. Odwied\u017a stron\u0119\u00a0<\/span><span dir=\"auto\">Kup metamfetamin\u0119 online w Wielkiej Brytanii<\/span><span dir=\"auto\">\u00a0.<\/span><\/p>\n<h2 data-start=\"77\" data-end=\"118\"><strong data-start=\"77\" data-end=\"118\"><span dir=\"auto\">Metamfetamina i jej wp\u0142yw na zdrowie<\/span><\/strong><\/h2>\n<p class=\"\" data-start=\"120\" data-end=\"533\"><span dir=\"auto\">Wi\u0119cej informacji na temat\u00a0<\/span><span dir=\"auto\">Zakupy online, dyskretna wysy\u0142ka, globalne \u017ar\u00f3d\u0142a zaopatrzenia i nowe trendy<\/span><span dir=\"auto\">\u00a0mo\u017cna r\u00f3wnie\u017c znale\u017a\u0107 na naszych blogach\u00a0<\/span><strong data-start=\"118\" data-end=\"147\"><span dir=\"auto\">na temat zagro\u017ce\u0144 dla zdrowia zwi\u0105zanych z metamfetamin\u0105<\/span><\/strong><span dir=\"auto\">\u00a0oraz\u00a0<\/span><strong data-start=\"152\" data-end=\"181\"><span dir=\"auto\">Uzale\u017cnienie od metamfetaminy<\/span><\/strong><span dir=\"auto\">\u00a0. Aby by\u0107 na bie\u017c\u0105co z nowymi trendami i opcjami leczenia, przeczytaj nasze artyku\u0142y\u00a0<\/span><strong data-start=\"253\" data-end=\"283\"><span dir=\"auto\">do odzyskiwania od metamfetaminy<\/span><\/strong><span dir=\"auto\">\u00a0oraz\u00a0<\/span><strong data-start=\"288\" data-end=\"331\"><span dir=\"auto\">na temat przysz\u0142o\u015bci leczenia uzale\u017cnienia od metamfetaminy<\/span><\/strong><span dir=\"auto\">\u00a0.<\/span><\/p>\n<h2><strong><span dir=\"auto\">Metamfetamina, zdrowie z\u0119b\u00f3w i jamy ustnej (\u201emeth mouth\u201c)<\/span><\/strong><\/h2>\n<p><span dir=\"auto\">G\u0142\u00f3wny artyku\u0142: Metamfetamina<\/span><\/p>\n<p><span dir=\"auto\">Intensywne u\u017cywanie metamfetaminy mo\u017ce prowadzi\u0107 do\u00a0<\/span><strong data-start=\"33\" data-end=\"47\"><span dir=\"auto\">Meth mouth<\/span><\/strong><span dir=\"auto\">\u00a0choroba, kt\u00f3ra prowadzi do szybkiej pr\u00f3chnicy z\u0119b\u00f3w, szczeg\u00f3lnie u os\u00f3b za\u017cywaj\u0105cych narkotyki do\u017cylnie. The\u00a0<\/span><strong data-start=\"139\" data-end=\"170\"><span dir=\"auto\">Ameryka\u0144skie Stowarzyszenie Stomatologiczne<\/span><\/strong><span dir=\"auto\">\u00a0przypisuje to sucho\u015bci w ustach, z\u0142ej higienie jamy ustnej, zgrzytaniu z\u0119bami i spo\u017cywaniu s\u0142odkich napoj\u00f3w. Chocia\u017c sucho\u015b\u0107 w ustach jest r\u00f3wnie\u017c powszechna w przypadku innych u\u017cywek, naukowcy uwa\u017caj\u0105, \u017ce\u00a0<\/span><strong data-start=\"333\" data-end=\"347\"><span dir=\"auto\">Meth mouth<\/span><\/strong><span dir=\"auto\">\u00a0wynika raczej ze stylu \u017cycia ni\u017c z samego narkotyku.\u00a0<\/span><span dir=\"auto\">Kup metamfetamin\u0119 w USA.<\/span><\/p>\n<h2><strong><span dir=\"auto\">Gdzie mo\u017cna kupi\u0107 metamfetamin\u0119 online?<\/span><\/strong><\/h2>\n<p><span dir=\"auto\">Kup metamfetamin\u0119\u00a0<\/span><strong><span dir=\"auto\">online\u00a0<\/span><\/strong><span dir=\"auto\">. W ma\u0142ych i \u015brednich dawkach metamfetamina mo\u017ce podnosi\u0107 nastr\u00f3j, zwi\u0119ksza\u0107 czujno\u015b\u0107, koncentracj\u0119 i energi\u0119 u zm\u0119czonych os\u00f3b, zmniejsza\u0107 apetyt i sprzyja\u0107 utracie wagi. W bardzo du\u017cych dawkach mo\u017ce powodowa\u0107 psychozy, zanik mi\u0119\u015bni, drgawki i krwotoki m\u00f3zgowe. Metamfetamina w proszku na sprzeda\u017c w Australii<\/span><\/p>\n<p><span dir=\"auto\">Po drugie, przewlek\u0142e stosowanie du\u017cych dawek mo\u017ce prowadzi\u0107 do nieprzewidywalnych i gwa\u0142townych waha\u0144 nastroju, psychoz stymulacyjnych (np. paranoi, halucynacji, majaczenia i uroje\u0144) oraz gwa\u0142townych zachowa\u0144.<\/span><\/p>\n<p><span dir=\"auto\">W czasie wolnym zg\u0142oszono, \u017ce <a href=\"https:\/\/chemgramx.com\/product\/diplomat-hash-online-kaufen\/\">Metamfetamina<\/a> Zwi\u0119ksza energi\u0119, poprawia nastr\u00f3j i zwi\u0119ksza po\u017c\u0105danie seksualne do tego stopnia, \u017ce u\u017cytkownicy mog\u0105 by\u0107 aktywni seksualnie przez kilka dni bez przerwy podczas haju. Gdzie mo\u017cna\u00a0<\/span><span dir=\"auto\">Kupi\u0107 metamfetamin\u0119 online?<\/span><\/p>\n<p class=\"\" data-start=\"134\" data-end=\"233\"><span dir=\"auto\">Po trzecie, metamfetamina ma wysoki potencja\u0142 uzale\u017cniaj\u0105cy, co mo\u017ce mie\u0107 szereg mo\u017cliwych konsekwencji:<\/span><\/p>\n<ul data-start=\"235\" data-end=\"383\">\n<li class=\"\" data-start=\"235\" data-end=\"301\">\n<p class=\"\" data-start=\"237\" data-end=\"301\"><span dir=\"auto\">D\u0142ugotrwa\u0142e za\u017cywanie du\u017cych dawek cz\u0119sto prowadzi do kompulsywnego za\u017cywania narkotyk\u00f3w.<\/span><\/p>\n<\/li>\n<li class=\"\" data-start=\"302\" data-end=\"383\">\n<p class=\"\" data-start=\"304\" data-end=\"383\"><span dir=\"auto\">Istnieje wysoki potencja\u0142 uzale\u017cnienia, a po zaprzestaniu przyjmowania wyst\u0119puj\u0105 objawy odstawienia.<\/span><\/p>\n<\/li>\n<\/ul>\n<p class=\"\" data-start=\"385\" data-end=\"461\"><span dir=\"auto\">W rezultacie osoby poszkodowane mog\u0105 mie\u0107 powa\u017cne konsekwencje fizyczne i psychiczne.\u00a0<\/span><span dir=\"auto\">Kupowanie metamfetaminy w Europie<\/span><\/p>\n<p><span dir=\"auto\">Odstawienie metamfetaminy po intensywnym u\u017cywaniu mo\u017ce prowadzi\u0107 do zespo\u0142u odstawiennego, kt\u00f3ry mo\u017ce trwa\u0107 miesi\u0105cami d\u0142u\u017cej ni\u017c typowy okres odstawienia. Jest ona powi\u0105zana z innymi dimetylofenetyloaminami jako izomer pozycyjny tych zwi\u0105zk\u00f3w.<\/span><\/p>","protected":false},"excerpt":{"rendered":"<div class=\"elementor-element elementor-element-1b3031f3 elementor-widget elementor-widget-woocommerce-product-etheme_title elementor-page-title elementor-widget-heading\" data-id=\"1b3031f3\" data-element_type=\"widget\" data-widget_type=\"woocommerce-product-etheme_title.default\">\n<div class=\"elementor-widget-container\">\n<h1 class=\"product_title entry-title elementor-heading-title elementor-size-default\"><span dir=\"auto\">Kup metamfetamin\u0119 online<\/span><\/h1>\n<\/div>\n<\/div>\n<div class=\"elementor-element elementor-element-58724f21 elementor-widget elementor-widget-woocommerce-product-etheme_short_description\" data-id=\"58724f21\" data-element_type=\"widget\" data-widget_type=\"woocommerce-product-etheme_short_description.default\">\n<div class=\"elementor-widget-container\">\n<div class=\"woocommerce-product-details__short-description\">\n<p><span dir=\"auto\">Crystal meth, skr\u00f3t od crystal methamphetamine, to silny i silnie uzale\u017cniaj\u0105cy \u015brodek pobudzaj\u0105cy. Wyst\u0119puje w postaci przezroczystych kryszta\u0142\u00f3w lub niebiesko-bia\u0142ych kamieni i jest zwykle palona, wci\u0105gana, wstrzykiwana lub po\u0142ykana. Wp\u0142ywa na m\u00f3zg i cia\u0142o poprzez zwi\u0119kszenie poziomu dopaminy, neuroprzeka\u017anika odpowiedzialnego za przyjemno\u015b\u0107 i nagrod\u0119. Kup metamfetamin\u0119 online<\/span><\/p>\n<\/div>\n<\/div>\n<\/div>","protected":false},"featured_media":6833,"comment_status":"open","ping_status":"closed","template":"","meta":{"_joinchat":[]},"product_brand":[],"product_cat":[3194],"product_tag":[],"class_list":{"0":"post-6815","1":"product","2":"type-product","3":"status-publish","4":"has-post-thumbnail","6":"product_cat-crystal-meth","8":"first","9":"instock","10":"shipping-taxable","11":"purchasable","12":"product-type-variable"},"yoast_head":"<!-- This site is optimized with the Yoast SEO plugin v27.5 - https:\/\/yoast.com\/product\/yoast-seo-wordpress\/ -->\n<title>Kaufen Sie Crystal Meth online. Beste Qualit\u00e4t zum besten Preis<\/title>\n<meta name=\"description\" content=\"Kaufen Sie Crystal Meth online bei Hazy Puff Depot. Genie\u00dfen Sie sichere Bitcoin-Zahlung und anonymen, diskreten Versand zum Schutz Ihrer Vertraulichkeit.\" \/>\n<meta name=\"robots\" content=\"index, follow, max-snippet:-1, max-image-preview:large, max-video-preview:-1\" \/>\n<link rel=\"canonical\" href=\"https:\/\/chemgramx.com\/pl\/produkt-1\/kupic-metamfetamine\/\" \/>\n<meta property=\"og:locale\" content=\"pl_PL\" \/>\n<meta property=\"og:type\" content=\"article\" \/>\n<meta property=\"og:title\" content=\"Kaufen Sie Crystal Meth online. Beste Qualit\u00e4t zum besten Preis\" \/>\n<meta property=\"og:description\" content=\"Kaufen Sie Crystal Meth online bei Hazy Puff Depot. Genie\u00dfen Sie sichere Bitcoin-Zahlung und anonymen, diskreten Versand zum Schutz Ihrer Vertraulichkeit.\" \/>\n<meta property=\"og:url\" content=\"https:\/\/chemgramx.com\/pl\/produkt-1\/kupic-metamfetamine\/\" \/>\n<meta property=\"og:site_name\" content=\"Chemgramx\" \/>\n<meta property=\"article:modified_time\" content=\"2025-11-21T11:09:51+00:00\" \/>\n<meta property=\"og:image\" content=\"https:\/\/chemgramx.com\/wp-content\/uploads\/2025\/11\/buy-crystal-meth-online-best-quality-at-the-best-price.jpg\" \/>\n\t<meta property=\"og:image:width\" content=\"300\" \/>\n\t<meta property=\"og:image:height\" content=\"300\" \/>\n\t<meta property=\"og:image:type\" content=\"image\/jpeg\" \/>\n<meta name=\"twitter:card\" content=\"summary_large_image\" \/>\n<meta name=\"twitter:label1\" content=\"Szacowany czas czytania\" \/>\n\t<meta name=\"twitter:data1\" content=\"3 minuty\" \/>\n<script type=\"application\/ld+json\" class=\"yoast-schema-graph\">{\"@context\":\"https:\\\/\\\/schema.org\",\"@graph\":[{\"@type\":\"WebPage\",\"@id\":\"https:\\\/\\\/chemgramx.com\\\/product\\\/crystal-meth-kaufen\\\/\",\"url\":\"https:\\\/\\\/chemgramx.com\\\/product\\\/crystal-meth-kaufen\\\/\",\"name\":\"Kaufen Sie Crystal Meth online. Beste Qualit\u00e4t zum besten Preis\",\"isPartOf\":{\"@id\":\"https:\\\/\\\/chemgramx.com\\\/#website\"},\"primaryImageOfPage\":{\"@id\":\"https:\\\/\\\/chemgramx.com\\\/product\\\/crystal-meth-kaufen\\\/#primaryimage\"},\"image\":{\"@id\":\"https:\\\/\\\/chemgramx.com\\\/product\\\/crystal-meth-kaufen\\\/#primaryimage\"},\"thumbnailUrl\":\"https:\\\/\\\/chemgramx.com\\\/wp-content\\\/uploads\\\/2025\\\/11\\\/buy-crystal-meth-online-best-quality-at-the-best-price.jpg\",\"datePublished\":\"2025-11-21T11:09:30+00:00\",\"dateModified\":\"2025-11-21T11:09:51+00:00\",\"description\":\"Kaufen Sie Crystal Meth online bei Hazy Puff Depot. Genie\u00dfen Sie sichere Bitcoin-Zahlung und anonymen, diskreten Versand zum Schutz Ihrer Vertraulichkeit.\",\"breadcrumb\":{\"@id\":\"https:\\\/\\\/chemgramx.com\\\/product\\\/crystal-meth-kaufen\\\/#breadcrumb\"},\"inLanguage\":\"pl-PL\",\"potentialAction\":[{\"@type\":\"ReadAction\",\"target\":[\"https:\\\/\\\/chemgramx.com\\\/product\\\/crystal-meth-kaufen\\\/\"]}]},{\"@type\":\"ImageObject\",\"inLanguage\":\"pl-PL\",\"@id\":\"https:\\\/\\\/chemgramx.com\\\/product\\\/crystal-meth-kaufen\\\/#primaryimage\",\"url\":\"https:\\\/\\\/chemgramx.com\\\/wp-content\\\/uploads\\\/2025\\\/11\\\/buy-crystal-meth-online-best-quality-at-the-best-price.jpg\",\"contentUrl\":\"https:\\\/\\\/chemgramx.com\\\/wp-content\\\/uploads\\\/2025\\\/11\\\/buy-crystal-meth-online-best-quality-at-the-best-price.jpg\",\"width\":300,\"height\":300},{\"@type\":\"BreadcrumbList\",\"@id\":\"https:\\\/\\\/chemgramx.com\\\/product\\\/crystal-meth-kaufen\\\/#breadcrumb\",\"itemListElement\":[{\"@type\":\"ListItem\",\"position\":1,\"name\":\"Home\",\"item\":\"https:\\\/\\\/chemgramx.com\\\/\"},{\"@type\":\"ListItem\",\"position\":2,\"name\":\"Shop\",\"item\":\"https:\\\/\\\/chemgramx.com\\\/shop\\\/\"},{\"@type\":\"ListItem\",\"position\":3,\"name\":\"Crystal Meth kaufen\"}]},{\"@type\":\"WebSite\",\"@id\":\"https:\\\/\\\/chemgramx.com\\\/#website\",\"url\":\"https:\\\/\\\/chemgramx.com\\\/\",\"name\":\"Chemgramx\",\"description\":\"\",\"publisher\":{\"@id\":\"https:\\\/\\\/chemgramx.com\\\/#organization\"},\"potentialAction\":[{\"@type\":\"SearchAction\",\"target\":{\"@type\":\"EntryPoint\",\"urlTemplate\":\"https:\\\/\\\/chemgramx.com\\\/?s={search_term_string}\"},\"query-input\":{\"@type\":\"PropertyValueSpecification\",\"valueRequired\":true,\"valueName\":\"search_term_string\"}}],\"inLanguage\":\"pl-PL\"},{\"@type\":\"Organization\",\"@id\":\"https:\\\/\\\/chemgramx.com\\\/#organization\",\"name\":\"Chemgramx\",\"url\":\"https:\\\/\\\/chemgramx.com\\\/\",\"logo\":{\"@type\":\"ImageObject\",\"inLanguage\":\"pl-PL\",\"@id\":\"https:\\\/\\\/chemgramx.com\\\/#\\\/schema\\\/logo\\\/image\\\/\",\"url\":\"https:\\\/\\\/chemgramx.com\\\/wp-content\\\/uploads\\\/2024\\\/10\\\/final-logo.png\",\"contentUrl\":\"https:\\\/\\\/chemgramx.com\\\/wp-content\\\/uploads\\\/2024\\\/10\\\/final-logo.png\",\"width\":250,\"height\":48,\"caption\":\"Chemgramx\"},\"image\":{\"@id\":\"https:\\\/\\\/chemgramx.com\\\/#\\\/schema\\\/logo\\\/image\\\/\"}}]}<\/script>\n<!-- \/ Yoast SEO plugin. -->","yoast_head_json":{"title":"Kup metamfetamin\u0119 online. Najlepsza jako\u015b\u0107 w najlepszej cenie","description":"Kup metamfetamin\u0119 online w Hazy Puff Depot. Korzystaj z bezpiecznych p\u0142atno\u015bci Bitcoin i anonimowej, dyskretnej wysy\u0142ki, aby chroni\u0107 swoj\u0105 poufno\u015b\u0107.","robots":{"index":"index","follow":"follow","max-snippet":"max-snippet:-1","max-image-preview":"max-image-preview:large","max-video-preview":"max-video-preview:-1"},"canonical":"https:\/\/chemgramx.com\/pl\/produkt-1\/kupic-metamfetamine\/","og_locale":"pl_PL","og_type":"article","og_title":"Kaufen Sie Crystal Meth online. Beste Qualit\u00e4t zum besten Preis","og_description":"Kaufen Sie Crystal Meth online bei Hazy Puff Depot. Genie\u00dfen Sie sichere Bitcoin-Zahlung und anonymen, diskreten Versand zum Schutz Ihrer Vertraulichkeit.","og_url":"https:\/\/chemgramx.com\/pl\/produkt-1\/kupic-metamfetamine\/","og_site_name":"Chemgramx","article_modified_time":"2025-11-21T11:09:51+00:00","og_image":[{"width":300,"height":300,"url":"https:\/\/chemgramx.com\/wp-content\/uploads\/2025\/11\/buy-crystal-meth-online-best-quality-at-the-best-price.jpg","type":"image\/jpeg"}],"twitter_card":"summary_large_image","twitter_misc":{"Szacowany czas czytania":"3 minuty"},"schema":{"@context":"https:\/\/schema.org","@graph":[{"@type":"WebPage","@id":"https:\/\/chemgramx.com\/product\/crystal-meth-kaufen\/","url":"https:\/\/chemgramx.com\/product\/crystal-meth-kaufen\/","name":"Kup metamfetamin\u0119 online. Najlepsza jako\u015b\u0107 w najlepszej cenie","isPartOf":{"@id":"https:\/\/chemgramx.com\/#website"},"primaryImageOfPage":{"@id":"https:\/\/chemgramx.com\/product\/crystal-meth-kaufen\/#primaryimage"},"image":{"@id":"https:\/\/chemgramx.com\/product\/crystal-meth-kaufen\/#primaryimage"},"thumbnailUrl":"https:\/\/chemgramx.com\/wp-content\/uploads\/2025\/11\/buy-crystal-meth-online-best-quality-at-the-best-price.jpg","datePublished":"2025-11-21T11:09:30+00:00","dateModified":"2025-11-21T11:09:51+00:00","description":"Kup metamfetamin\u0119 online w Hazy Puff Depot. Korzystaj z bezpiecznych p\u0142atno\u015bci Bitcoin i anonimowej, dyskretnej wysy\u0142ki, aby chroni\u0107 swoj\u0105 poufno\u015b\u0107.","breadcrumb":{"@id":"https:\/\/chemgramx.com\/product\/crystal-meth-kaufen\/#breadcrumb"},"inLanguage":"pl-PL","potentialAction":[{"@type":"ReadAction","target":["https:\/\/chemgramx.com\/product\/crystal-meth-kaufen\/"]}]},{"@type":"ImageObject","inLanguage":"pl-PL","@id":"https:\/\/chemgramx.com\/product\/crystal-meth-kaufen\/#primaryimage","url":"https:\/\/chemgramx.com\/wp-content\/uploads\/2025\/11\/buy-crystal-meth-online-best-quality-at-the-best-price.jpg","contentUrl":"https:\/\/chemgramx.com\/wp-content\/uploads\/2025\/11\/buy-crystal-meth-online-best-quality-at-the-best-price.jpg","width":300,"height":300},{"@type":"BreadcrumbList","@id":"https:\/\/chemgramx.com\/product\/crystal-meth-kaufen\/#breadcrumb","itemListElement":[{"@type":"ListItem","position":1,"name":"Home","item":"https:\/\/chemgramx.com\/"},{"@type":"ListItem","position":2,"name":"Shop","item":"https:\/\/chemgramx.com\/shop\/"},{"@type":"ListItem","position":3,"name":"Crystal Meth kaufen"}]},{"@type":"WebSite","@id":"https:\/\/chemgramx.com\/#website","url":"https:\/\/chemgramx.com\/","name":"Chemgramx","description":"","publisher":{"@id":"https:\/\/chemgramx.com\/#organization"},"potentialAction":[{"@type":"SearchAction","target":{"@type":"EntryPoint","urlTemplate":"https:\/\/chemgramx.com\/?s={search_term_string}"},"query-input":{"@type":"PropertyValueSpecification","valueRequired":true,"valueName":"search_term_string"}}],"inLanguage":"pl-PL"},{"@type":"Organization","@id":"https:\/\/chemgramx.com\/#organization","name":"Chemgramx","url":"https:\/\/chemgramx.com\/","logo":{"@type":"ImageObject","inLanguage":"pl-PL","@id":"https:\/\/chemgramx.com\/#\/schema\/logo\/image\/","url":"https:\/\/chemgramx.com\/wp-content\/uploads\/2024\/10\/final-logo.png","contentUrl":"https:\/\/chemgramx.com\/wp-content\/uploads\/2024\/10\/final-logo.png","width":250,"height":48,"caption":"Chemgramx"},"image":{"@id":"https:\/\/chemgramx.com\/#\/schema\/logo\/image\/"}}]}},"_links":{"self":[{"href":"https:\/\/chemgramx.com\/pl\/wp-json\/wp\/v2\/product\/6815","targetHints":{"allow":["GET"]}}],"collection":[{"href":"https:\/\/chemgramx.com\/pl\/wp-json\/wp\/v2\/product"}],"about":[{"href":"https:\/\/chemgramx.com\/pl\/wp-json\/wp\/v2\/types\/product"}],"replies":[{"embeddable":true,"href":"https:\/\/chemgramx.com\/pl\/wp-json\/wp\/v2\/comments?post=6815"}],"wp:featuredmedia":[{"embeddable":true,"href":"https:\/\/chemgramx.com\/pl\/wp-json\/wp\/v2\/media\/6833"}],"wp:attachment":[{"href":"https:\/\/chemgramx.com\/pl\/wp-json\/wp\/v2\/media?parent=6815"}],"wp:term":[{"taxonomy":"product_brand","embeddable":true,"href":"https:\/\/chemgramx.com\/pl\/wp-json\/wp\/v2\/product_brand?post=6815"},{"taxonomy":"product_cat","embeddable":true,"href":"https:\/\/chemgramx.com\/pl\/wp-json\/wp\/v2\/product_cat?post=6815"},{"taxonomy":"product_tag","embeddable":true,"href":"https:\/\/chemgramx.com\/pl\/wp-json\/wp\/v2\/product_tag?post=6815"}],"curies":[{"name":"wp","href":"https:\/\/api.w.org\/{rel}","templated":true}]}}