{"id":6816,"date":"2025-11-21T11:09:30","date_gmt":"2025-11-21T11:09:30","guid":{"rendered":"https:\/\/chemgramx.com\/?post_type=product&#038;p=6816"},"modified":"2025-11-21T11:09:51","modified_gmt":"2025-11-21T11:09:51","slug":"kaufen-sie-niederlaendisches-crystal-meth","status":"publish","type":"product","link":"https:\/\/chemgramx.com\/pl\/product\/kaufen-sie-niederlaendisches-crystal-meth\/","title":{"rendered":"Kup holendersk\u0105 metamfetamin\u0119"},"content":{"rendered":"<p><strong data-start=\"66\" data-end=\"85\"><span dir=\"auto\">Metamfetamina<\/span><\/strong><span dir=\"auto\">\u00a0to syntetyczny lek otrzymywany z amfetaminy, naturalnie wyst\u0119puj\u0105cej substancji chemicznej. Amfetamina zosta\u0142a po raz pierwszy zsyntetyzowana w Niemczech w 1912 roku i by\u0142a stosowana w leczeniu ADHD. W po\u0142owie lat 90\u00a0<\/span><strong data-start=\"258\" data-end=\"277\"><span dir=\"auto\">Metamfetamina<\/span><\/strong><span dir=\"auto\">\u00a0do USA za po\u015brednictwem meksyka\u0144skich karteli. Obecnie sprzedawana jest pod r\u00f3\u017cnymi nazwami ulicznymi, w tym\u00a0<\/span><strong data-start=\"378\" data-end=\"394\" data-is-only-node=\"\"><span dir=\"auto\">Krystaliczna metamfetamina<\/span><\/strong><span dir=\"auto\">\u00a0, Ice, Glass, Bomb, Crank, White Powder, Speed i Red Devils.\u00a0<\/span><strong data-start=\"458\" data-end=\"491\"><span dir=\"auto\">Kup holendersk\u0105 metamfetamin\u0119 online<\/span><\/strong><span dir=\"auto\">\u00a0.<\/span><\/p>\n<h3><strong><span dir=\"auto\">Najlepsi dostawcy metamfetaminy w Holandii, USA i UE, dyskretna wysy\u0142ka<\/span><\/strong><\/h3>\n<p data-pm-slice=\"1 1 []\"><span dir=\"auto\">Holenderska metamfetamina krystaliczna to silna forma metamfetaminy, kt\u00f3ra jest nadu\u017cywana ze wzgl\u0119du na swoje dzia\u0142anie pobudzaj\u0105ce. Jest dost\u0119pna w postaci proszku, tabletek lub kryszta\u0142k\u00f3w i jest sprzedawana online lub przez diler\u00f3w. Jej u\u017cywanie mo\u017ce prowadzi\u0107 do uzale\u017cnienia, paranoi i palpitacji serca. Dzi\u0119ki wsparciu, na przyk\u0142ad poprzez programy odwykowe i grupy samopomocy, powr\u00f3t do zdrowia jest mo\u017cliwy.<\/span><\/p>\n<p><span dir=\"auto\">Metamfetamina to bia\u0142y, krystaliczny proszek, kt\u00f3ry jest zwykle wci\u0105gany, wstrzykiwany lub palony. W najczystszej postaci zawiera metamfetamin\u0119 i mo\u017ce r\u00f3wnie\u017c zawiera\u0107 amfetamin\u0119. Wiele os\u00f3b zamawia\u00a0<\/span><strong data-start=\"358\" data-end=\"380\"><span dir=\"auto\">Krystaliczna metamfetamina<\/span><\/strong><span dir=\"auto\">\u00a0lub kupi\u0107 online. Wa\u017cne jest jednak, aby mie\u0107 \u015bwiadomo\u015b\u0107 zwi\u0105zanego z tym ryzyka, w tym uzale\u017cnienia, skutk\u00f3w psychologicznych i d\u0142ugoterminowych szk\u00f3d.<\/span><\/p>\n<h3><strong><span dir=\"auto\">Najlepsze miejsce do zamawiania holenderskich kryszta\u0142\u00f3w metamfetaminy online z szybk\u0105 wysy\u0142k\u0105<\/span><\/strong><\/h3>\n<p><span dir=\"auto\">Prawdopodobnie jeste\u015b tutaj, aby uzyska\u0107 wskaz\u00f3wki dotycz\u0105ce zakupu metamfetaminy. Je\u015bli zrobisz to dobrze, otrzymasz siln\u0105 metamfetamin\u0119 o jako\u015bci ulicznej. Metamfetamina to silny, nielegalny \u015brodek pobudzaj\u0105cy. Mo\u017cna jednak kupi\u0107 metamfetamin\u0119 legalnie. Na tej stronie dowiesz si\u0119, jak to zrobi\u0107.<\/span><\/p>\n<p><span dir=\"auto\">M\u00f6chten Sie Crystal Meth legal kaufen? Hier finden Sie eine Kurzanleitung, wo und wie Sie Crystal Meth sicher bestellen k\u00f6nnen. Angesichts des wachsenden Interesses der Medien fragen sich viele, wie sie es legal erwerben k\u00f6nnen. Wir bieten hochwertiges Crystal Meth zu <a href=\"\/product\/4-mec-online-bestellung\/\">wettbewerbsf\u00e4higen<\/a> Preisen und einen diskreten, zuverl\u00e4ssigen Service. Egal, ob Sie neu oder erfahren sind, wir machen es Ihnen leicht, sicher zu kaufen.<\/span><\/p>\n<h3><strong><span dir=\"auto\">Gdzie mo\u017cna kupi\u0107 metamfetamin\u0119 online?<\/span><\/strong><\/h3>\n<p><span dir=\"auto\">Metamfetamina, znana r\u00f3wnie\u017c jako crank, Dutch crystal meth, glass, ice, Tina, Christine lub Yaba, ma r\u00f3\u017cny wp\u0142yw na poszczeg\u00f3lne osoby. U\u017cytkownicy mog\u0105 czu\u0107 si\u0119 podekscytowani, pobudzeni, czujni, paranoiczni, zdezorientowani, agresywni lub odhamowani. Zwi\u0119ksza t\u0119tno i ci\u015bnienie krwi, a efekty utrzymuj\u0105 si\u0119 przez 4-12 godzin. Aby si\u0119 przygotowa\u0107, metamfetamin\u0119 mo\u017cna kupi\u0107 online. Powszechne ryzyko obejmuje uzale\u017cnienie i d\u0142ugoterminowe problemy zdrowotne.<\/span><\/p>\n<p><span dir=\"auto\">\u0141atwo jest pragn\u0105\u0107 wi\u0119cej i przyjmowa\u0107 wi\u0119ksze dawki przez wiele godzin lub nawet dni. Mo\u017ce zwi\u0119ksza\u0107 podejmowanie ryzyka, np. ryzykowne zachowania seksualne. Mo\u017ce prowadzi\u0107 do ci\u0119\u017ckiej psychozy i zwi\u0119ksza ryzyko zawa\u0142u serca lub udaru m\u00f3zgu.\u00a0<\/span><a href=\"http:\/\/dutchanonstore.to\/2021\/02\/16\/crystal-meth-for-sale-dutchanonstore\/\" target=\"_blank\" rel=\"noopener\"><span dir=\"auto\">.<\/span><\/a><\/p>\n<p><span dir=\"auto\">Mieszanie narkotyk\u00f3w<\/span><br \/>\n<span dir=\"auto\">Mieszanie narkotyk\u00f3w jest zawsze ryzykowne, ale niekt\u00f3re mieszanki s\u0105 bardziej niebezpieczne ni\u017c inne.<\/span><br \/>\n<span dir=\"auto\">Jak wygl\u0105da, smakuje i pachnie<\/span><\/p>\n<h3><strong><span dir=\"auto\">Jak wygl\u0105da metamfetamina?<\/span><\/strong><\/h3>\n<p><span dir=\"auto\">Metamfetamina wyst\u0119puje w r\u00f3\u017cnych formach, w tym tabletek, proszku i kryszta\u0142\u00f3w. Tabletki s\u0105 cz\u0119sto nazywane \u201eyaba\u201c, a kryszta\u0142y nadaj\u0105 si\u0119 do palenia <a href=\"https:\/\/chemgramx.com\/product\/death-star-hash-online\/\">z drugiej strony<\/a> \u201eDutch Crystal Meth\u201c lub \u201eIce\u201c.<\/span><\/p>\n<h3><strong><span dir=\"auto\">Jak ludzie to odbieraj\u0105?<\/span><\/strong><\/h3>\n<p><span dir=\"auto\">Metamfetamina jest po\u0142ykana, wci\u0105gana lub wstrzykiwana, w zale\u017cno\u015bci od postaci dawkowania.<\/span><\/p>\n<p><span dir=\"auto\">Palenie czystszej, krystalicznej formy metamfetaminy, znanej jako holenderska metamfetamina krystaliczna, powoduje bardzo intensywny haj, kt\u00f3ry jest podobny do cracku, ale trwa znacznie d\u0142u\u017cej.<\/span><\/p>\n<p><span dir=\"auto\">W przypadku dzielenia si\u0119 ig\u0142ami, strzykawkami lub innym sprz\u0119tem do iniekcji istnieje ryzyko, \u017ce osoba wstrzykuj\u0105ca mo\u017ce zarazi\u0107 si\u0119 wirusami, takimi jak HIV lub wirusowe zapalenie w\u0105troby typu C, lub je rozprzestrzeni\u0107. Dostawcy krystalicznej metamfetaminy<\/span><\/p>\n<h3><strong><span dir=\"auto\">Czas trwania<\/span><\/strong><\/h3>\n<p><span dir=\"auto\">To, jak d\u0142ugo utrzymuje si\u0119 efekt i jak d\u0142ugo lek pozostaje w organizmie, zale\u017cy od przyj\u0119tej dawki, rozmiaru cia\u0142a i innych przyjmowanych lek\u00f3w.<\/span><\/p>\n<h3><strong><em><span dir=\"auto\">Jak d\u0142ugo dzia\u0142a? - Czy mog\u0119 kupi\u0107 holendersk\u0105 metamfetamin\u0119 online? - Czy mog\u0119 kupi\u0107 holendersk\u0105 metamfetamin\u0119 online?<\/span><\/em><\/strong><\/h3>\n<p><span dir=\"auto\">Efekty dzia\u0142ania metamfetaminy mog\u0105 utrzymywa\u0107 si\u0119 przez bardzo d\u0142ugi czas.<\/span><\/p>\n<p><span dir=\"auto\">Palenie czystszej, krystalicznej formy metamfetaminy, crystal meth, powoduje bardzo intensywny haj, kt\u00f3ry jest podobny do cracku, ale trwa znacznie d\u0142u\u017cej. Efekty mog\u0105 utrzymywa\u0107 si\u0119 od 4 do 12 godzin.<\/span><\/p>\n<h3><strong><span dir=\"auto\">Efekty uboczne<\/span><\/strong><\/h3>\n<p><span dir=\"auto\">Odstawienie metamfetaminy jest intensywne. Metamfetamina krystaliczna jest zwykle wykrywalna w moczu od 1 do 4 dni po spo\u017cyciu. Czas wykrycia zale\u017cy od dawki i rodzaju u\u017cytego testu. Te ramy czasowe s\u0105 jedynie og\u00f3ln\u0105 wytyczn\u0105 i mog\u0105 si\u0119 r\u00f3\u017cni\u0107 w zale\u017cno\u015bci od osoby.<\/span><\/p>","protected":false},"excerpt":{"rendered":"<div class=\"elementor-element elementor-element-1b3031f3 elementor-widget elementor-widget-woocommerce-product-etheme_title elementor-page-title elementor-widget-heading\" data-id=\"1b3031f3\" data-element_type=\"widget\" data-widget_type=\"woocommerce-product-etheme_title.default\">\n<div class=\"elementor-widget-container\">\n<h1 class=\"product_title entry-title elementor-heading-title elementor-size-default\"><span dir=\"auto\">Holenderska metamfetamina<\/span><\/h1>\n<\/div>\n<\/div>\n<div class=\"elementor-element elementor-element-58724f21 elementor-widget elementor-widget-woocommerce-product-etheme_short_description\" data-id=\"58724f21\" data-element_type=\"widget\" data-widget_type=\"woocommerce-product-etheme_short_description.default\">\n<div class=\"elementor-widget-container\">\n<div class=\"woocommerce-product-details__short-description\">\n<p data-pm-slice=\"1 1 []\"><span dir=\"auto\">Kup holendersk\u0105 metamfetamin\u0119 online. U\u0142atwiamy naszym klientom zakupy, oferuj\u0105c niezawodny i bezpieczny spos\u00f3b dyskretnej wymiany pieni\u0119dzy. Akceptujemy kryptowaluty, takie jak Bitcoin - jedn\u0105 z najcz\u0119\u015bciej u\u017cywanych walut cyfrowych zar\u00f3wno w g\u0142\u00f3wnym nurcie, jak i w darknecie. P\u0142atno\u015bci kryptowalutowe sprawiaj\u0105, \u017ce transakcje s\u0105 szybsze, bezpieczniejsze i bardziej prywatne.<\/span><\/p>\n<\/div>\n<\/div>\n<\/div>","protected":false},"featured_media":6834,"comment_status":"open","ping_status":"closed","template":"","meta":{"_joinchat":[]},"product_brand":[],"product_cat":[3194],"product_tag":[],"class_list":{"0":"post-6816","1":"product","2":"type-product","3":"status-publish","4":"has-post-thumbnail","6":"product_cat-crystal-meth","8":"first","9":"instock","10":"shipping-taxable","11":"purchasable","12":"product-type-variable"},"yoast_head":"<!-- This site is optimized with the Yoast SEO plugin v27.5 - https:\/\/yoast.com\/product\/yoast-seo-wordpress\/ -->\n<title>Kaufen Sie niederl\u00e4ndisches Crystal Meth Chemgramx<\/title>\n<meta name=\"description\" content=\"Methamphetamin ist eine synthetische Droge, die aus Amphetamin gewonnen wird, einer nat\u00fcrlich vorkommenden Chemikalie.\" \/>\n<meta name=\"robots\" content=\"index, follow, max-snippet:-1, max-image-preview:large, max-video-preview:-1\" \/>\n<link rel=\"canonical\" href=\"https:\/\/chemgramx.com\/pl\/produkt-1\/kaufen-sie-niederlaendisches-crystal-meth\/\" \/>\n<meta property=\"og:locale\" content=\"pl_PL\" \/>\n<meta property=\"og:type\" content=\"article\" \/>\n<meta property=\"og:title\" content=\"Kaufen Sie niederl\u00e4ndisches Crystal Meth Chemgramx\" \/>\n<meta property=\"og:description\" content=\"Methamphetamin ist eine synthetische Droge, die aus Amphetamin gewonnen wird, einer nat\u00fcrlich vorkommenden Chemikalie.\" \/>\n<meta property=\"og:url\" content=\"https:\/\/chemgramx.com\/pl\/produkt-1\/kaufen-sie-niederlaendisches-crystal-meth\/\" \/>\n<meta property=\"og:site_name\" content=\"Chemgramx\" \/>\n<meta property=\"article:modified_time\" content=\"2025-11-21T11:09:51+00:00\" \/>\n<meta property=\"og:image\" content=\"https:\/\/chemgramx.com\/wp-content\/uploads\/2025\/11\/die-synthetische-droge-crystal.webp\" \/>\n\t<meta property=\"og:image:width\" content=\"1240\" \/>\n\t<meta property=\"og:image:height\" content=\"698\" \/>\n\t<meta property=\"og:image:type\" content=\"image\/webp\" \/>\n<meta name=\"twitter:card\" content=\"summary_large_image\" \/>\n<meta name=\"twitter:label1\" content=\"Szacowany czas czytania\" \/>\n\t<meta name=\"twitter:data1\" content=\"4 minuty\" \/>\n<script type=\"application\/ld+json\" class=\"yoast-schema-graph\">{\"@context\":\"https:\\\/\\\/schema.org\",\"@graph\":[{\"@type\":\"WebPage\",\"@id\":\"https:\\\/\\\/chemgramx.com\\\/product\\\/kaufen-sie-niederlaendisches-crystal-meth\\\/\",\"url\":\"https:\\\/\\\/chemgramx.com\\\/product\\\/kaufen-sie-niederlaendisches-crystal-meth\\\/\",\"name\":\"Kaufen Sie niederl\u00e4ndisches Crystal Meth Chemgramx\",\"isPartOf\":{\"@id\":\"https:\\\/\\\/chemgramx.com\\\/#website\"},\"primaryImageOfPage\":{\"@id\":\"https:\\\/\\\/chemgramx.com\\\/product\\\/kaufen-sie-niederlaendisches-crystal-meth\\\/#primaryimage\"},\"image\":{\"@id\":\"https:\\\/\\\/chemgramx.com\\\/product\\\/kaufen-sie-niederlaendisches-crystal-meth\\\/#primaryimage\"},\"thumbnailUrl\":\"https:\\\/\\\/chemgramx.com\\\/wp-content\\\/uploads\\\/2025\\\/11\\\/die-synthetische-droge-crystal.webp\",\"datePublished\":\"2025-11-21T11:09:30+00:00\",\"dateModified\":\"2025-11-21T11:09:51+00:00\",\"description\":\"Methamphetamin ist eine synthetische Droge, die aus Amphetamin gewonnen wird, einer nat\u00fcrlich vorkommenden Chemikalie.\",\"breadcrumb\":{\"@id\":\"https:\\\/\\\/chemgramx.com\\\/product\\\/kaufen-sie-niederlaendisches-crystal-meth\\\/#breadcrumb\"},\"inLanguage\":\"pl-PL\",\"potentialAction\":[{\"@type\":\"ReadAction\",\"target\":[\"https:\\\/\\\/chemgramx.com\\\/product\\\/kaufen-sie-niederlaendisches-crystal-meth\\\/\"]}]},{\"@type\":\"ImageObject\",\"inLanguage\":\"pl-PL\",\"@id\":\"https:\\\/\\\/chemgramx.com\\\/product\\\/kaufen-sie-niederlaendisches-crystal-meth\\\/#primaryimage\",\"url\":\"https:\\\/\\\/chemgramx.com\\\/wp-content\\\/uploads\\\/2025\\\/11\\\/die-synthetische-droge-crystal.webp\",\"contentUrl\":\"https:\\\/\\\/chemgramx.com\\\/wp-content\\\/uploads\\\/2025\\\/11\\\/die-synthetische-droge-crystal.webp\",\"width\":1240,\"height\":698},{\"@type\":\"BreadcrumbList\",\"@id\":\"https:\\\/\\\/chemgramx.com\\\/product\\\/kaufen-sie-niederlaendisches-crystal-meth\\\/#breadcrumb\",\"itemListElement\":[{\"@type\":\"ListItem\",\"position\":1,\"name\":\"Home\",\"item\":\"https:\\\/\\\/chemgramx.com\\\/\"},{\"@type\":\"ListItem\",\"position\":2,\"name\":\"Shop\",\"item\":\"https:\\\/\\\/chemgramx.com\\\/shop\\\/\"},{\"@type\":\"ListItem\",\"position\":3,\"name\":\"Kaufen Sie niederl\u00e4ndisches Crystal Meth\"}]},{\"@type\":\"WebSite\",\"@id\":\"https:\\\/\\\/chemgramx.com\\\/#website\",\"url\":\"https:\\\/\\\/chemgramx.com\\\/\",\"name\":\"Chemgramx\",\"description\":\"\",\"publisher\":{\"@id\":\"https:\\\/\\\/chemgramx.com\\\/#organization\"},\"potentialAction\":[{\"@type\":\"SearchAction\",\"target\":{\"@type\":\"EntryPoint\",\"urlTemplate\":\"https:\\\/\\\/chemgramx.com\\\/?s={search_term_string}\"},\"query-input\":{\"@type\":\"PropertyValueSpecification\",\"valueRequired\":true,\"valueName\":\"search_term_string\"}}],\"inLanguage\":\"pl-PL\"},{\"@type\":\"Organization\",\"@id\":\"https:\\\/\\\/chemgramx.com\\\/#organization\",\"name\":\"Chemgramx\",\"url\":\"https:\\\/\\\/chemgramx.com\\\/\",\"logo\":{\"@type\":\"ImageObject\",\"inLanguage\":\"pl-PL\",\"@id\":\"https:\\\/\\\/chemgramx.com\\\/#\\\/schema\\\/logo\\\/image\\\/\",\"url\":\"https:\\\/\\\/chemgramx.com\\\/wp-content\\\/uploads\\\/2024\\\/10\\\/final-logo.png\",\"contentUrl\":\"https:\\\/\\\/chemgramx.com\\\/wp-content\\\/uploads\\\/2024\\\/10\\\/final-logo.png\",\"width\":250,\"height\":48,\"caption\":\"Chemgramx\"},\"image\":{\"@id\":\"https:\\\/\\\/chemgramx.com\\\/#\\\/schema\\\/logo\\\/image\\\/\"}}]}<\/script>\n<!-- \/ Yoast SEO plugin. -->","yoast_head_json":{"title":"Kup holendersk\u0105 metamfetamin\u0119 Chemgramx","description":"Methamphetamin ist eine synthetische Droge, die aus Amphetamin gewonnen wird, einer nat\u00fcrlich vorkommenden Chemikalie.","robots":{"index":"index","follow":"follow","max-snippet":"max-snippet:-1","max-image-preview":"max-image-preview:large","max-video-preview":"max-video-preview:-1"},"canonical":"https:\/\/chemgramx.com\/pl\/produkt-1\/kaufen-sie-niederlaendisches-crystal-meth\/","og_locale":"pl_PL","og_type":"article","og_title":"Kaufen Sie niederl\u00e4ndisches Crystal Meth Chemgramx","og_description":"Methamphetamin ist eine synthetische Droge, die aus Amphetamin gewonnen wird, einer nat\u00fcrlich vorkommenden Chemikalie.","og_url":"https:\/\/chemgramx.com\/pl\/produkt-1\/kaufen-sie-niederlaendisches-crystal-meth\/","og_site_name":"Chemgramx","article_modified_time":"2025-11-21T11:09:51+00:00","og_image":[{"width":1240,"height":698,"url":"https:\/\/chemgramx.com\/wp-content\/uploads\/2025\/11\/die-synthetische-droge-crystal.webp","type":"image\/webp"}],"twitter_card":"summary_large_image","twitter_misc":{"Szacowany czas czytania":"4 minuty"},"schema":{"@context":"https:\/\/schema.org","@graph":[{"@type":"WebPage","@id":"https:\/\/chemgramx.com\/product\/kaufen-sie-niederlaendisches-crystal-meth\/","url":"https:\/\/chemgramx.com\/product\/kaufen-sie-niederlaendisches-crystal-meth\/","name":"Kup holendersk\u0105 metamfetamin\u0119 Chemgramx","isPartOf":{"@id":"https:\/\/chemgramx.com\/#website"},"primaryImageOfPage":{"@id":"https:\/\/chemgramx.com\/product\/kaufen-sie-niederlaendisches-crystal-meth\/#primaryimage"},"image":{"@id":"https:\/\/chemgramx.com\/product\/kaufen-sie-niederlaendisches-crystal-meth\/#primaryimage"},"thumbnailUrl":"https:\/\/chemgramx.com\/wp-content\/uploads\/2025\/11\/die-synthetische-droge-crystal.webp","datePublished":"2025-11-21T11:09:30+00:00","dateModified":"2025-11-21T11:09:51+00:00","description":"Methamphetamin ist eine synthetische Droge, die aus Amphetamin gewonnen wird, einer nat\u00fcrlich vorkommenden Chemikalie.","breadcrumb":{"@id":"https:\/\/chemgramx.com\/product\/kaufen-sie-niederlaendisches-crystal-meth\/#breadcrumb"},"inLanguage":"pl-PL","potentialAction":[{"@type":"ReadAction","target":["https:\/\/chemgramx.com\/product\/kaufen-sie-niederlaendisches-crystal-meth\/"]}]},{"@type":"ImageObject","inLanguage":"pl-PL","@id":"https:\/\/chemgramx.com\/product\/kaufen-sie-niederlaendisches-crystal-meth\/#primaryimage","url":"https:\/\/chemgramx.com\/wp-content\/uploads\/2025\/11\/die-synthetische-droge-crystal.webp","contentUrl":"https:\/\/chemgramx.com\/wp-content\/uploads\/2025\/11\/die-synthetische-droge-crystal.webp","width":1240,"height":698},{"@type":"BreadcrumbList","@id":"https:\/\/chemgramx.com\/product\/kaufen-sie-niederlaendisches-crystal-meth\/#breadcrumb","itemListElement":[{"@type":"ListItem","position":1,"name":"Home","item":"https:\/\/chemgramx.com\/"},{"@type":"ListItem","position":2,"name":"Shop","item":"https:\/\/chemgramx.com\/shop\/"},{"@type":"ListItem","position":3,"name":"Kaufen Sie niederl\u00e4ndisches Crystal Meth"}]},{"@type":"WebSite","@id":"https:\/\/chemgramx.com\/#website","url":"https:\/\/chemgramx.com\/","name":"Chemgramx","description":"","publisher":{"@id":"https:\/\/chemgramx.com\/#organization"},"potentialAction":[{"@type":"SearchAction","target":{"@type":"EntryPoint","urlTemplate":"https:\/\/chemgramx.com\/?s={search_term_string}"},"query-input":{"@type":"PropertyValueSpecification","valueRequired":true,"valueName":"search_term_string"}}],"inLanguage":"pl-PL"},{"@type":"Organization","@id":"https:\/\/chemgramx.com\/#organization","name":"Chemgramx","url":"https:\/\/chemgramx.com\/","logo":{"@type":"ImageObject","inLanguage":"pl-PL","@id":"https:\/\/chemgramx.com\/#\/schema\/logo\/image\/","url":"https:\/\/chemgramx.com\/wp-content\/uploads\/2024\/10\/final-logo.png","contentUrl":"https:\/\/chemgramx.com\/wp-content\/uploads\/2024\/10\/final-logo.png","width":250,"height":48,"caption":"Chemgramx"},"image":{"@id":"https:\/\/chemgramx.com\/#\/schema\/logo\/image\/"}}]}},"_links":{"self":[{"href":"https:\/\/chemgramx.com\/pl\/wp-json\/wp\/v2\/product\/6816","targetHints":{"allow":["GET"]}}],"collection":[{"href":"https:\/\/chemgramx.com\/pl\/wp-json\/wp\/v2\/product"}],"about":[{"href":"https:\/\/chemgramx.com\/pl\/wp-json\/wp\/v2\/types\/product"}],"replies":[{"embeddable":true,"href":"https:\/\/chemgramx.com\/pl\/wp-json\/wp\/v2\/comments?post=6816"}],"wp:featuredmedia":[{"embeddable":true,"href":"https:\/\/chemgramx.com\/pl\/wp-json\/wp\/v2\/media\/6834"}],"wp:attachment":[{"href":"https:\/\/chemgramx.com\/pl\/wp-json\/wp\/v2\/media?parent=6816"}],"wp:term":[{"taxonomy":"product_brand","embeddable":true,"href":"https:\/\/chemgramx.com\/pl\/wp-json\/wp\/v2\/product_brand?post=6816"},{"taxonomy":"product_cat","embeddable":true,"href":"https:\/\/chemgramx.com\/pl\/wp-json\/wp\/v2\/product_cat?post=6816"},{"taxonomy":"product_tag","embeddable":true,"href":"https:\/\/chemgramx.com\/pl\/wp-json\/wp\/v2\/product_tag?post=6816"}],"curies":[{"name":"wp","href":"https:\/\/api.w.org\/{rel}","templated":true}]}}