{"id":6817,"date":"2025-11-21T11:09:30","date_gmt":"2025-11-21T11:09:30","guid":{"rendered":"https:\/\/chemgramx.com\/?post_type=product&#038;p=6817"},"modified":"2025-11-21T11:10:13","modified_gmt":"2025-11-21T11:10:13","slug":"5-kup-meo-bf-online","status":"publish","type":"product","link":"https:\/\/chemgramx.com\/pl\/product\/5-meo-bf-online-kaufen\/","title":{"rendered":"Kup 5-MeO-BF online"},"content":{"rendered":"<p><b>Kup 5-MeO-BF online<\/b> oznacza dost\u0119p do <b>wysokiej jako\u015bci chemikalia badawcze<\/b> kt\u00f3re s\u0105 specjalnie zaprojektowane dla wymagaj\u0105cych <b>cele bada\u0144 naukowych<\/b> zosta\u0142 opracowany. Materia\u0142 ten, formalnie znany jako <b>5-metoksybenzofuran<\/b>, wyst\u0119puje g\u0142\u00f3wnie w <b>badania neurochemiczne i farmakologiczne<\/b> szerokie zastosowanie. Wielu naukowc\u00f3w szuka w\u0142a\u015bnie takich mo\u017cliwo\u015bci, <b>Kup 5-MeO-BF<\/b> lub <b>Kup 5-MeO-BF online<\/b>, na realizacj\u0119 projekt\u00f3w w <b>Wi\u0105zania z receptorami<\/b> oraz <b>Interakcje neuroprzeka\u017anik\u00f3w<\/b> do dzia\u0142ania. Dzi\u0119ki swojej unikalnej strukturze molekularnej zwi\u0105zek ten jest <b>Cenne narz\u0119dzie<\/b> dla laboratori\u00f3w. <b>W szczeg\u00f3lno\u015bci<\/b> korzysta\u0107 z laboratori\u00f3w, kt\u00f3re analizuj\u0105 zale\u017cno\u015bci mi\u0119dzy struktur\u0105 a aktywno\u015bci\u0105 w obr\u0119bie <b>Klasa benzofuran\u00f3w<\/b> ogromne korzy\u015bci. Badacze, kt\u00f3rzy <b>Zam\u00f3w 5-MeO-BF online<\/b> korzysta\u0107 z substancji, kt\u00f3ra wzbudza ogromne zainteresowanie w badaniach chemicznych i biologicznych na ca\u0142ym \u015bwiecie. <b>Z tego powodu<\/b> istotne jest, aby nabycie <b>wiarygodne \u017ar\u00f3d\u0142o bada\u0144<\/b> co gwarantuje najwy\u017csze standardy czysto\u015bci i dokumentacji. Wyra\u017anie podkre\u015blamy, \u017ce to po\u0142\u0105czenie jest <b>wy\u0142\u0105cznie do cel\u00f3w naukowych<\/b> okre\u015blony i <b>nie do spo\u017cycia przez ludzi<\/b> odpowiedni.<\/p>\n<h2>Znaczenie naukowe 5-MeO-BF: struktura i obszary zastosowa\u0144<\/h2>\n<p>Struktura chemiczna 5-MeO-BF czyni go idealnym ligandem i zwi\u0105zkiem po\u015brednim. Jego specyficzne w\u0142a\u015bciwo\u015bci pozwalaj\u0105 na precyzyjne eksperymenty i s\u0142u\u017c\u0105 jako podstawa do rozwoju nowych bioaktywnych cz\u0105steczek.<\/p>\n<ul>\n<li><b>Rdze\u0144 benzofuranowy:<\/b> Ten rdze\u0144 jest biologicznie istotny. <b>Dodatkowo<\/b> jest to popularny budulec w <b>synteza farmaceutyczna<\/b>.<\/li>\n<li><b>Podstawienie metoksy :<\/b> Ta grupa jest cz\u0119sto decyduj\u0105ca. <b>Poniewa\u017c<\/b> wp\u0142ywa na <b>w\u0142a\u015bciwo\u015bci lipofilowe<\/b> cz\u0105steczki i jej interakcji z okre\u015blonymi <b>Receptory neuroprzeka\u017anik\u00f3w<\/b>.<\/li>\n<li><b>Synteza po\u015brednia:<\/b> <b>Ponadto<\/b> Sam 5-MeO-BF jest cz\u0119sto okre\u015blany jako <b>P\u00f3\u0142produkt do syntezy<\/b> wykorzystane. <b>Tutaj<\/b> jest stosowany do wprowadzania szkieletu metoksy-benzofuranu do bardziej z\u0142o\u017conych zwi\u0105zk\u00f3w.<\/li>\n<\/ul>\n<h3>Badania neurochemiczne i farmakologiczne<\/h3>\n<p>G\u0142\u00f3wnym zastosowaniem 5-MeO-BF jest w <b>Badania podstawowe<\/b>. Obejmuje to w szczeg\u00f3lno\u015bci badanie serotoniny i innych uk\u0142ad\u00f3w neuroprzeka\u017anik\u00f3w. Naukowcy wykorzystuj\u0105 ten zwi\u0105zek do precyzyjnych eksperyment\u00f3w. <b>Na przyk\u0142ad<\/b> zbada\u0107 <b>Powinowactwo wi\u0105zania receptora<\/b> i <b>mechanizmy molekularne<\/b> tej klasy po\u0142\u0105cze\u0144. <b>W ten spos\u00f3b<\/b> mog\u0105 uzyska\u0107 g\u0142\u0119bsze zrozumienie <b>Zale\u017cno\u015bci struktura-aktywno\u015b\u0107<\/b> tych zwi\u0105zk\u00f3w heterocyklicznych. <b>W trakcie<\/b> to wysoka czysto\u015b\u0107 substancji (gwarantowana czysto\u015b\u0107 na poziomie<b><span class=\"math-inline\" data-math=\"mathbf{ge 98%}\">\u00a098%<\/span><\/b>) jest niezb\u0119dna. Gwarantuje on <b>Wiarygodne wyniki<\/b> i odtwarzalno\u015b\u0107 danych naukowych.<\/p>\n<h2>Zapewnienie jako\u015bci i logistyka: proces zakupu z wiarygodnego \u017ar\u00f3d\u0142a<\/h2>\n<p>Wyb\u00f3r dostawcy jest nast\u0119puj\u0105cy <b>Kup 5-MeO-BF online<\/b> decyduj\u0105cym czynnikiem. Badacze musz\u0105 by\u0107 w stanie polega\u0107 na jako\u015bci i zgodno\u015bci z normami prawnymi.<\/p>\n<h3>Specyfikacje produkt\u00f3w spe\u0142niaj\u0105ce najwy\u017csze wymagania badawcze<\/h3>\n<p>Zapewniamy, \u017ce wszystkie specyfikacje spe\u0142niaj\u0105 wymagania spo\u0142eczno\u015bci naukowej.<\/p>\n<ul>\n<li><b>Kszta\u0142t i konsystencja:<\/b> Materia\u0142 jest dost\u0119pny jako <b>Proszek lub w postaci krystalicznej<\/b>. <b>To oferuje<\/b> Elastyczno\u015b\u0107 w r\u00f3\u017cnych zastosowaniach laboratoryjnych, takich jak produkcja rozpuszczalnik\u00f3w lub synteza w fazie sta\u0142ej.<\/li>\n<li><b>Opcje ilo\u015bciowe:<\/b> Oferujemy <b>Elastyczne rozmiary opakowa\u0144<\/b>. Obejmuj\u0105 one zar\u00f3wno ma\u0142e ilo\u015bci do projekt\u00f3w pilota\u017cowych, jak i wi\u0119ksze jednostki do szeroko zakrojonych, d\u0142ugoterminowych projekt\u00f3w badawczych.<\/li>\n<li><b>Dokumentacja:<\/b> Ka\u017cda dostawa zawiera kompletne <b><a href=\"\/product\/5-methoxymethylone-online-kaufen\/\">Certyfikaty analizy<\/a> (COA)<\/b>. <b>Tym samym<\/b> potwierdza to\u017csamo\u015b\u0107 i czysto\u015b\u0107 partii.<\/li>\n<\/ul>\n<h3>Dlaczego warto kupi\u0107 5-MeO-BF od nas? Koncentracja na uczciwo\u015bci i us\u0142ugach<\/h3>\n<p>Je\u015bli si\u0119 zastanawiasz, <b>Gdzie kupi\u0107 5-MeO-BF<\/b>, to nasz sklep jest <b>Najlepsze miejsce do zakupu 5-MeO-BF online<\/b>. <b>Poniewa\u017c<\/b> Oferujemy bezpiecze\u0144stwo, profesjonalizm i wiarygodno\u015b\u0107.<\/p>\n<ul>\n<li><b>Jako\u015b\u0107 testowana w niezale\u017cnym laboratorium:<\/b> Ka\u017cda partia jest kompleksowo testowana. <b>Tak wi\u0119c<\/b> zapewniamy najwy\u017csz\u0105 jako\u015b\u0107 wymagan\u0105 dla <b>Pionierskie badania<\/b> jest konieczne.<\/li>\n<li><b>Szybka i dyskretna wysy\u0142ka:<\/b> Gwarantujemy <b>Bezpieczna i niezawodna dostawa<\/b>. <b>Ponadto<\/b> wysy\u0142ka jest zawsze <b>Dyskretny<\/b> w neutralnym opakowaniu.<\/li>\n<li><b>Kompetentne wsparcie badawcze:<\/b> Nasz <b>Obs\u0142uga klienta<\/b> specjalizuje si\u0119 w <b>Chemikalia badawcze<\/b>. <b>Dlatego<\/b> oferujemy kompetentne wsparcie w kwestiach zwi\u0105zanych z obs\u0142ug\u0105, przechowywaniem i dokumentacj\u0105 analityczn\u0105.<\/li>\n<\/ul>\n<h2>\u00a0Zgodno\u015b\u0107 z prawem i bezpiecze\u0144stwo laboratoryjne w 5-MeO-BF<\/h2>\n<p>Odpowiedzialno\u015b\u0107 za zgodno\u015b\u0107 ze wszystkimi wymogami prawnymi zawsze spoczywa na nabywcy. Obs\u0142uga chemikali\u00f3w badawczych wymaga \u015bcis\u0142ych protoko\u0142\u00f3w bezpiecze\u0144stwa.<\/p>\n<h3>Wa\u017cne informacje prawne i zgodno\u015b\u0107 z przepisami<\/h3>\n<p>Sprzeda\u017c <b>5-MeO-BF na sprzeda\u017c<\/b> ma miejsce <b>wy\u0142\u0105cznie do cel\u00f3w badawczych<\/b>. <b>Obowi\u0105zuje \u015bcis\u0142a zasada:<\/b> Substancja nie jest przeznaczona do spo\u017cycia przez ludzi ani do odsprzeda\u017cy. Kupuj\u0105cy musz\u0105 <b>wszystkie obowi\u0105zuj\u0105ce przepisy prawa i regulacje<\/b> zgodne z. <b>Obejmuje to<\/b> lokalne i krajowe przepisy dotycz\u0105ce chemikali\u00f3w, zw\u0142aszcza je\u015bli chodzi o przepisy dotycz\u0105ce importu. The <b>Zgodno\u015b\u0107 ze standardami GLP (Dobra Praktyka Laboratoryjna)<\/b> jest obowi\u0105zkowa podczas obchodzenia si\u0119 z t\u0105 substancj\u0105 chemiczn\u0105.<\/p>\n<h3>Protoko\u0142y bezpiecznej obs\u0142ugi laboratoryjnej<\/h3>\n<p>Post\u0119powanie z 5-MeO-BF wymaga przestrzegania okre\u015blonych protoko\u0142\u00f3w bezpiecze\u0144stwa w celu ochrony personelu.<\/p>\n<ol start=\"1\">\n<li><b>\u015arodki ochrony indywidualnej s\u0105 obowi\u0105zkowe:<\/b> Zawsze u\u017cywaj <b>\u015arodki ochrony indywidualnej<\/b> (fartuch laboratoryjny, r\u0119kawice ochronne i ochrona oczu).<\/li>\n<li><b>Wentylacja:<\/b> Wa\u017cenie i obs\u0142uga musz\u0105 by\u0107 przeprowadzane w warunkach <b>Dygestorium chemiczne<\/b> mie\u0107 miejsce. <b>W ten spos\u00f3b<\/b> unika\u0107 wdychania proszk\u00f3w lub opar\u00f3w.<\/li>\n<li><b>Przechowywanie:<\/b> Materia\u0142 musi <b>ch\u0142odny, suchy i chroniony przed \u015bwiat\u0142em<\/b> by\u0107 przechowywane. <b>Tym samym<\/b> zapewnia chemiczn\u0105 integralno\u015b\u0107 i stabilno\u015b\u0107 materia\u0142u.<\/li>\n<\/ol>\n<h3>Zam\u00f3w 5-MeO-BF online ju\u017c teraz i rozpocznij badania<\/h3>\n<p>Nie id\u017a na kompromis w kwestii jako\u015bci, je\u015bli chodzi o wiarygodno\u015b\u0107 wynik\u00f3w bada\u0144. <b>Dlatego<\/b> nale\u017cy wybra\u0107 najlepszego dostawc\u0119, aby <b>Kup 5-MeO-BF online<\/b> by\u0107 w stanie. Oferujemy przejrzyste <b>Cena 5-MeO-BF<\/b>, dyskretna dostawa i sprawdzona jako\u015b\u0107, kt\u00f3ra jest uznawana przez wiod\u0105ce laboratoria na ca\u0142ym \u015bwiecie. <b>Kup 5-MeO-BF online z wiarygodnego \u017ar\u00f3d\u0142a badawczego<\/b> - bezpieczne, szybkie i niezawodne.<\/p>","protected":false},"excerpt":{"rendered":"<p>5-MeO-BF online kaufen bedeutet, Zugang zu einer hochwertigen Forschungschemikalie zu erhalten, die speziell f\u00fcr anspruchsvolle wissenschaftliche Forschungszwecke entwickelt&hellip;<\/p>","protected":false},"featured_media":6835,"comment_status":"open","ping_status":"closed","template":"","meta":{"_joinchat":[]},"product_brand":[],"product_cat":[52],"product_tag":[2626,2620,2627,2623,2621,2622,2625,2624,2533,2015],"class_list":{"0":"post-6817","1":"product","2":"type-product","3":"status-publish","4":"has-post-thumbnail","6":"product_cat-benzofurans","7":"product_tag-5-meo-bf-chemikalien","8":"product_tag-5-meo-bf-kaufen","9":"product_tag-5-meo-bf-kaufen-deutschland","10":"product_tag-5-meo-bf-kaufen-online","11":"product_tag-5-meo-bf-kristalle","12":"product_tag-5-meo-bf-online-kaufen","13":"product_tag-5-meo-bf-preis","14":"product_tag-5-meo-bf-prodej","15":"product_tag-chemikalien-kaufen","16":"product_tag-synthetische-drogen","18":"first","19":"instock","20":"shipping-taxable","21":"purchasable","22":"product-type-variable"},"yoast_head":"<!-- This site is optimized with the Yoast SEO plugin v27.5 - https:\/\/yoast.com\/product\/yoast-seo-wordpress\/ -->\n<title>5-MeO-BF online kaufen \u2013 5-MeO-BF zum Verkauf | chemgramx<\/title>\n<meta name=\"description\" content=\"Sie m\u00f6chten 5-meo-bf online kaufen? Entdecken Sie eine nahtlose Plattform in unserem Online-Shop, auf der Sie 5-meo-bf online kaufen k\u00f6nnen und so erstklassige Qualit\u00e4t f\u00fcr Ihre Forschungsanforderungen sicherstellen.\" \/>\n<meta name=\"robots\" content=\"index, follow, max-snippet:-1, max-image-preview:large, max-video-preview:-1\" \/>\n<link rel=\"canonical\" href=\"https:\/\/chemgramx.com\/pl\/produkt-1\/5-kup-meo-bf-online\/\" \/>\n<meta property=\"og:locale\" content=\"pl_PL\" \/>\n<meta property=\"og:type\" content=\"article\" \/>\n<meta property=\"og:title\" content=\"5-MeO-BF online kaufen \u2013 5-MeO-BF zum Verkauf | chemgramx\" \/>\n<meta property=\"og:description\" content=\"Sie m\u00f6chten 5-meo-bf online kaufen? Entdecken Sie eine nahtlose Plattform in unserem Online-Shop, auf der Sie 5-meo-bf online kaufen k\u00f6nnen und so erstklassige Qualit\u00e4t f\u00fcr Ihre Forschungsanforderungen sicherstellen.\" \/>\n<meta property=\"og:url\" content=\"https:\/\/chemgramx.com\/pl\/produkt-1\/5-kup-meo-bf-online\/\" \/>\n<meta property=\"og:site_name\" content=\"Chemgramx\" \/>\n<meta property=\"article:modified_time\" content=\"2025-11-21T11:10:13+00:00\" \/>\n<meta property=\"og:image\" content=\"https:\/\/chemgramx.com\/wp-content\/uploads\/2025\/11\/5-MeO-BF-kaufen.jpg\" \/>\n\t<meta property=\"og:image:width\" content=\"225\" \/>\n\t<meta property=\"og:image:height\" content=\"225\" \/>\n\t<meta property=\"og:image:type\" content=\"image\/jpeg\" \/>\n<meta name=\"twitter:card\" content=\"summary_large_image\" \/>\n<meta name=\"twitter:label1\" content=\"Szacowany czas czytania\" \/>\n\t<meta name=\"twitter:data1\" content=\"4 minuty\" \/>\n<script type=\"application\/ld+json\" class=\"yoast-schema-graph\">{\"@context\":\"https:\\\/\\\/schema.org\",\"@graph\":[{\"@type\":\"WebPage\",\"@id\":\"https:\\\/\\\/chemgramx.com\\\/product\\\/5-meo-bf-online-kaufen\\\/\",\"url\":\"https:\\\/\\\/chemgramx.com\\\/product\\\/5-meo-bf-online-kaufen\\\/\",\"name\":\"5-MeO-BF online kaufen \u2013 5-MeO-BF zum Verkauf | chemgramx\",\"isPartOf\":{\"@id\":\"https:\\\/\\\/chemgramx.com\\\/#website\"},\"primaryImageOfPage\":{\"@id\":\"https:\\\/\\\/chemgramx.com\\\/product\\\/5-meo-bf-online-kaufen\\\/#primaryimage\"},\"image\":{\"@id\":\"https:\\\/\\\/chemgramx.com\\\/product\\\/5-meo-bf-online-kaufen\\\/#primaryimage\"},\"thumbnailUrl\":\"https:\\\/\\\/chemgramx.com\\\/wp-content\\\/uploads\\\/2025\\\/11\\\/5-MeO-BF-kaufen.jpg\",\"datePublished\":\"2025-11-21T11:09:30+00:00\",\"dateModified\":\"2025-11-21T11:10:13+00:00\",\"description\":\"Sie m\u00f6chten 5-meo-bf online kaufen? Entdecken Sie eine nahtlose Plattform in unserem Online-Shop, auf der Sie 5-meo-bf online kaufen k\u00f6nnen und so erstklassige Qualit\u00e4t f\u00fcr Ihre Forschungsanforderungen sicherstellen.\",\"breadcrumb\":{\"@id\":\"https:\\\/\\\/chemgramx.com\\\/product\\\/5-meo-bf-online-kaufen\\\/#breadcrumb\"},\"inLanguage\":\"pl-PL\",\"potentialAction\":[{\"@type\":\"ReadAction\",\"target\":[\"https:\\\/\\\/chemgramx.com\\\/product\\\/5-meo-bf-online-kaufen\\\/\"]}]},{\"@type\":\"ImageObject\",\"inLanguage\":\"pl-PL\",\"@id\":\"https:\\\/\\\/chemgramx.com\\\/product\\\/5-meo-bf-online-kaufen\\\/#primaryimage\",\"url\":\"https:\\\/\\\/chemgramx.com\\\/wp-content\\\/uploads\\\/2025\\\/11\\\/5-MeO-BF-kaufen.jpg\",\"contentUrl\":\"https:\\\/\\\/chemgramx.com\\\/wp-content\\\/uploads\\\/2025\\\/11\\\/5-MeO-BF-kaufen.jpg\",\"width\":225,\"height\":225},{\"@type\":\"BreadcrumbList\",\"@id\":\"https:\\\/\\\/chemgramx.com\\\/product\\\/5-meo-bf-online-kaufen\\\/#breadcrumb\",\"itemListElement\":[{\"@type\":\"ListItem\",\"position\":1,\"name\":\"Home\",\"item\":\"https:\\\/\\\/chemgramx.com\\\/\"},{\"@type\":\"ListItem\",\"position\":2,\"name\":\"Shop\",\"item\":\"https:\\\/\\\/chemgramx.com\\\/shop\\\/\"},{\"@type\":\"ListItem\",\"position\":3,\"name\":\"5-MeO-BF online kaufen\"}]},{\"@type\":\"WebSite\",\"@id\":\"https:\\\/\\\/chemgramx.com\\\/#website\",\"url\":\"https:\\\/\\\/chemgramx.com\\\/\",\"name\":\"Chemgramx\",\"description\":\"\",\"publisher\":{\"@id\":\"https:\\\/\\\/chemgramx.com\\\/#organization\"},\"potentialAction\":[{\"@type\":\"SearchAction\",\"target\":{\"@type\":\"EntryPoint\",\"urlTemplate\":\"https:\\\/\\\/chemgramx.com\\\/?s={search_term_string}\"},\"query-input\":{\"@type\":\"PropertyValueSpecification\",\"valueRequired\":true,\"valueName\":\"search_term_string\"}}],\"inLanguage\":\"pl-PL\"},{\"@type\":\"Organization\",\"@id\":\"https:\\\/\\\/chemgramx.com\\\/#organization\",\"name\":\"Chemgramx\",\"url\":\"https:\\\/\\\/chemgramx.com\\\/\",\"logo\":{\"@type\":\"ImageObject\",\"inLanguage\":\"pl-PL\",\"@id\":\"https:\\\/\\\/chemgramx.com\\\/#\\\/schema\\\/logo\\\/image\\\/\",\"url\":\"https:\\\/\\\/chemgramx.com\\\/wp-content\\\/uploads\\\/2024\\\/10\\\/final-logo.png\",\"contentUrl\":\"https:\\\/\\\/chemgramx.com\\\/wp-content\\\/uploads\\\/2024\\\/10\\\/final-logo.png\",\"width\":250,\"height\":48,\"caption\":\"Chemgramx\"},\"image\":{\"@id\":\"https:\\\/\\\/chemgramx.com\\\/#\\\/schema\\\/logo\\\/image\\\/\"}}]}<\/script>\n<!-- \/ Yoast SEO plugin. -->","yoast_head_json":{"title":"Kup 5-MeO-BF online \u2013 5-MeO-BF na sprzeda\u017c | chemgramx","description":"Chcesz kupi\u0107 5-meo-bf online? Odkryj bezproblemow\u0105 platform\u0119 w naszym sklepie internetowym, gdzie mo\u017cesz kupi\u0107 5-meo-bf online, gwarantuj\u0105c najwy\u017csz\u0105 jako\u015b\u0107 dla Twoich potrzeb badawczych.","robots":{"index":"index","follow":"follow","max-snippet":"max-snippet:-1","max-image-preview":"max-image-preview:large","max-video-preview":"max-video-preview:-1"},"canonical":"https:\/\/chemgramx.com\/pl\/produkt-1\/5-kup-meo-bf-online\/","og_locale":"pl_PL","og_type":"article","og_title":"5-MeO-BF online kaufen \u2013 5-MeO-BF zum Verkauf | chemgramx","og_description":"Sie m\u00f6chten 5-meo-bf online kaufen? Entdecken Sie eine nahtlose Plattform in unserem Online-Shop, auf der Sie 5-meo-bf online kaufen k\u00f6nnen und so erstklassige Qualit\u00e4t f\u00fcr Ihre Forschungsanforderungen sicherstellen.","og_url":"https:\/\/chemgramx.com\/pl\/produkt-1\/5-kup-meo-bf-online\/","og_site_name":"Chemgramx","article_modified_time":"2025-11-21T11:10:13+00:00","og_image":[{"width":225,"height":225,"url":"https:\/\/chemgramx.com\/wp-content\/uploads\/2025\/11\/5-MeO-BF-kaufen.jpg","type":"image\/jpeg"}],"twitter_card":"summary_large_image","twitter_misc":{"Szacowany czas czytania":"4 minuty"},"schema":{"@context":"https:\/\/schema.org","@graph":[{"@type":"WebPage","@id":"https:\/\/chemgramx.com\/product\/5-meo-bf-online-kaufen\/","url":"https:\/\/chemgramx.com\/product\/5-meo-bf-online-kaufen\/","name":"Kup 5-MeO-BF online \u2013 5-MeO-BF na sprzeda\u017c | chemgramx","isPartOf":{"@id":"https:\/\/chemgramx.com\/#website"},"primaryImageOfPage":{"@id":"https:\/\/chemgramx.com\/product\/5-meo-bf-online-kaufen\/#primaryimage"},"image":{"@id":"https:\/\/chemgramx.com\/product\/5-meo-bf-online-kaufen\/#primaryimage"},"thumbnailUrl":"https:\/\/chemgramx.com\/wp-content\/uploads\/2025\/11\/5-MeO-BF-kaufen.jpg","datePublished":"2025-11-21T11:09:30+00:00","dateModified":"2025-11-21T11:10:13+00:00","description":"Chcesz kupi\u0107 5-meo-bf online? Odkryj bezproblemow\u0105 platform\u0119 w naszym sklepie internetowym, gdzie mo\u017cesz kupi\u0107 5-meo-bf online, gwarantuj\u0105c najwy\u017csz\u0105 jako\u015b\u0107 dla Twoich potrzeb badawczych.","breadcrumb":{"@id":"https:\/\/chemgramx.com\/product\/5-meo-bf-online-kaufen\/#breadcrumb"},"inLanguage":"pl-PL","potentialAction":[{"@type":"ReadAction","target":["https:\/\/chemgramx.com\/product\/5-meo-bf-online-kaufen\/"]}]},{"@type":"ImageObject","inLanguage":"pl-PL","@id":"https:\/\/chemgramx.com\/product\/5-meo-bf-online-kaufen\/#primaryimage","url":"https:\/\/chemgramx.com\/wp-content\/uploads\/2025\/11\/5-MeO-BF-kaufen.jpg","contentUrl":"https:\/\/chemgramx.com\/wp-content\/uploads\/2025\/11\/5-MeO-BF-kaufen.jpg","width":225,"height":225},{"@type":"BreadcrumbList","@id":"https:\/\/chemgramx.com\/product\/5-meo-bf-online-kaufen\/#breadcrumb","itemListElement":[{"@type":"ListItem","position":1,"name":"Home","item":"https:\/\/chemgramx.com\/"},{"@type":"ListItem","position":2,"name":"Shop","item":"https:\/\/chemgramx.com\/shop\/"},{"@type":"ListItem","position":3,"name":"5-MeO-BF online kaufen"}]},{"@type":"WebSite","@id":"https:\/\/chemgramx.com\/#website","url":"https:\/\/chemgramx.com\/","name":"Chemgramx","description":"","publisher":{"@id":"https:\/\/chemgramx.com\/#organization"},"potentialAction":[{"@type":"SearchAction","target":{"@type":"EntryPoint","urlTemplate":"https:\/\/chemgramx.com\/?s={search_term_string}"},"query-input":{"@type":"PropertyValueSpecification","valueRequired":true,"valueName":"search_term_string"}}],"inLanguage":"pl-PL"},{"@type":"Organization","@id":"https:\/\/chemgramx.com\/#organization","name":"Chemgramx","url":"https:\/\/chemgramx.com\/","logo":{"@type":"ImageObject","inLanguage":"pl-PL","@id":"https:\/\/chemgramx.com\/#\/schema\/logo\/image\/","url":"https:\/\/chemgramx.com\/wp-content\/uploads\/2024\/10\/final-logo.png","contentUrl":"https:\/\/chemgramx.com\/wp-content\/uploads\/2024\/10\/final-logo.png","width":250,"height":48,"caption":"Chemgramx"},"image":{"@id":"https:\/\/chemgramx.com\/#\/schema\/logo\/image\/"}}]}},"_links":{"self":[{"href":"https:\/\/chemgramx.com\/pl\/wp-json\/wp\/v2\/product\/6817","targetHints":{"allow":["GET"]}}],"collection":[{"href":"https:\/\/chemgramx.com\/pl\/wp-json\/wp\/v2\/product"}],"about":[{"href":"https:\/\/chemgramx.com\/pl\/wp-json\/wp\/v2\/types\/product"}],"replies":[{"embeddable":true,"href":"https:\/\/chemgramx.com\/pl\/wp-json\/wp\/v2\/comments?post=6817"}],"wp:featuredmedia":[{"embeddable":true,"href":"https:\/\/chemgramx.com\/pl\/wp-json\/wp\/v2\/media\/6835"}],"wp:attachment":[{"href":"https:\/\/chemgramx.com\/pl\/wp-json\/wp\/v2\/media?parent=6817"}],"wp:term":[{"taxonomy":"product_brand","embeddable":true,"href":"https:\/\/chemgramx.com\/pl\/wp-json\/wp\/v2\/product_brand?post=6817"},{"taxonomy":"product_cat","embeddable":true,"href":"https:\/\/chemgramx.com\/pl\/wp-json\/wp\/v2\/product_cat?post=6817"},{"taxonomy":"product_tag","embeddable":true,"href":"https:\/\/chemgramx.com\/pl\/wp-json\/wp\/v2\/product_tag?post=6817"}],"curies":[{"name":"wp","href":"https:\/\/api.w.org\/{rel}","templated":true}]}}