{"id":6818,"date":"2025-11-21T11:09:31","date_gmt":"2025-11-21T11:09:31","guid":{"rendered":"https:\/\/chemgramx.com\/?post_type=product&#038;p=6818"},"modified":"2025-11-21T11:10:13","modified_gmt":"2025-11-21T11:10:13","slug":"kupic-benzofuran-2-karboksylowy-online","status":"publish","type":"product","link":"https:\/\/chemgramx.com\/pl\/product\/benzofuran-2-carboxylic-online-kaufen\/","title":{"rendered":"Kup Benzofuran-2-karboksylowy online"},"content":{"rendered":"<p><b>Co dok\u0142adnie sprawia, \u017ce kwas benzofurano-2-karboksylowy jest tak wa\u017cny w syntezie organicznej?<\/b> Kwas benzofurano-2-karboksylowy jest niezb\u0119dn\u0105 pochodn\u0105 kwasu karboksylowego. <b>Dlatego<\/b> Jest on stosowany w syntezie organicznej jako wysoce reaktywny <b>heterocykliczny blok budulcowy<\/b>. Struktura benzofuranu jest obecna w wielu <b>bioaktywne cz\u0105steczki<\/b> w zestawie. <b>W konsekwencji<\/b> Substancja ta jest wykorzystywana do tworzenia nowych rusztowa\u0144 molekularnych i <b>Kandydaci na leki<\/b> produkowa\u0107. <b>Ponadto<\/b> Grupa kwasu karboksylowego mo\u017ce by\u0107 \u0142atwo przekszta\u0142cona w inne grupy funkcyjne, co czyni j\u0105 bardzo wszechstronn\u0105 w z\u0142o\u017conych eksperymentach chemicznych.<\/p>\n<p><b>Jakie poziomy jako\u015bci s\u0105 dost\u0119pne przy zakupie benzofuran-2-karboksylowego online i kt\u00f3ry powinienem wybra\u0107?<\/b> Og\u00f3lnie rzecz bior\u0105c, istniej\u0105 dwa g\u0142\u00f3wne poziomy jako\u015bci. Po pierwsze <b>Jako\u015b\u0107 bada\u0144<\/b>, kt\u00f3ry ma czysto\u015b\u0107 <a href=\"http:\/\/product\/cocaine-powder-online-kaufen\/\"><b>co najmniej<\/b><\/a>\u00a0oferty. <b>Ten poziom<\/b> jest absolutnie niezb\u0119dna do najbardziej wra\u017cliwych eksperyment\u00f3w. Po drugie, istnieje <b>Jako\u015b\u0107 przemys\u0142owa<\/b>. <b>To jest<\/b> bardziej op\u0142acalne, <b>ale<\/b> nadaje si\u0119 tylko do zastosowa\u0144 przemys\u0142owych lub technicznych, w kt\u00f3rych zanieczyszczenia s\u0105 dopuszczalne. <b>Zawsze zwracaj uwag\u0119 na<\/b> aby wybra\u0107 jako\u015b\u0107 bada\u0144 do zastosowa\u0144 laboratoryjnych.<\/p>\n<p><b>Czy kwas benzofurano-2-karboksylowy jest odczynnikiem regulowanym lub kontrolowanym?<\/b> W przeciwie\u0144stwie do niekt\u00f3rych substancji psychoaktywnych, kwas benzofurano-2-karboksylowy jest <b>zazwyczaj brak kontrolowanego NpS<\/b> (Nowa substancja psychoaktywna). <b>Jednak\u017ce<\/b> podlega og\u00f3lnym krajowym i mi\u0119dzynarodowym przepisom dotycz\u0105cym substancji niebezpiecznych. <b>Dlatego<\/b> konieczne jest, aby nabywca zawsze przestrzega\u0142 obowi\u0105zuj\u0105cych <b>Przepisy dotycz\u0105ce substancji chemicznych<\/b> i wszystkie <b>Przepisy dotycz\u0105ce importu\/eksportu<\/b> w jego jurysdykcji. Odpowiedzialno\u015b\u0107 za przestrzeganie prawa spoczywa na kupuj\u0105cym.<\/p>\n<h4>Pytania dotycz\u0105ce zapewnienia jako\u015bci i logistyki<\/h4>\n<p><b>Jak mog\u0119 zapewni\u0107 czysto\u015b\u0107 materia\u0142u kwasu benzofurano-2-karboksylowego?<\/b> Czysto\u015b\u0107 jest gwarantowana przez zapewnienie kompletnego <b>Certyfikat analizy (COA)<\/b> gwarantowane. Renomowany dostawca musi dostarczy\u0107 certyfikat COA dla ka\u017cdej partii. <b>COA<\/b> dokumentuje stopie\u0144 czysto\u015bci, zastosowane <b>Metody testowania<\/b> (np. HPLC lub NMR) oraz numer partii. <b>Ponadto<\/b> musisz mie\u0107 <b>Karta charakterystyki (SDS\/MSDS)<\/b> aby uzyska\u0107 wszystkie informacje dotycz\u0105ce obs\u0142ugi i bezpiecze\u0144stwa.<\/p>\n<p><b>Jakie kroki s\u0105 podejmowane w celu zapewnienia bezpiecznej wysy\u0142ki i przechowywania?<\/b> S\u0105 one wysy\u0142ane profesjonalnie zapakowane zgodnie z mi\u0119dzynarodowymi standardami dla odczynnik\u00f3w chemicznych. <b>Tutaj<\/b> nale\u017cy zadba\u0107 o integralno\u015b\u0107 opakowania w celu unikni\u0119cia uszkodze\u0144 transportowych. Do przechowywania w laboratorium stosuje si\u0119 nast\u0119puj\u0105ce zasady: Substancja musi <b>ch\u0142odny, suchy i dobrze uszczelniony<\/b> by\u0107 przechowywane. <b>W ten spos\u00f3b<\/b> stabilno\u015b\u0107 chemiczna jest zachowana, a degradacja spowodowana wilgoci\u0105 lub powietrzem jest wykluczona.<\/p>\n<p><b>Jakie warunki p\u0142atno\u015bci i dostawy oferuje Chemgramx przy zakupie kwasu benzofurano-2-karboksylowego?<\/b> Oferujemy bezpieczne metody p\u0142atno\u015bci, kt\u00f3re spe\u0142niaj\u0105 wymagania organizacji badawczych. <b>Nale\u017c\u0105 do nich<\/b> Karta kredytowa i przelew bankowy. Wysy\u0142ka odbywa si\u0119 <b>Dyskretny<\/b> ze \u015bledzeniem przesy\u0142ki. <b>Dodatkowo<\/b> Korzystasz z przejrzystych cen, poniewa\u017c masz bezpo\u015bredni dost\u0119p do r\u00f3\u017cnych <b>Ilo\u015bci i stopnie czysto\u015bci<\/b> otrzymane.<\/p>","protected":false},"excerpt":{"rendered":"<div class=\"flex-shrink-0 flex flex-col relative items-end\">\n<div>\n<div class=\"pt-0\">\n<div class=\"gizmo-bot-avatar flex h-8 w-8 items-center justify-center overflow-hidden rounded-full\">\n<div class=\"relative p-1 rounded-sm flex items-center justify-center bg-token-main-surface-primary text-token-text-primary h-8 w-8\"><\/div>\n<\/div>\n<\/div>\n<\/div>\n<\/div>\n<div class=\"group\/conversation-turn relative flex w-full min-w-0 flex-col agent-turn\">\n<div class=\"flex-col gap-1 md:gap-3\">\n<div class=\"flex max-w-full flex-col flex-grow\">\n<div class=\"min-h-8 text-message flex w-full flex-col items-end gap-2 whitespace-normal break-words [.text-message+&amp;]:mt-5\" dir=\"auto\" data-message-author-role=\"assistant\" data-message-id=\"42c7ed22-510b-492b-8141-5cb0e68c07dc\" data-message-model-slug=\"gpt-4o-mini\">\n<div class=\"flex w-full flex-col gap-1 empty:hidden first:pt-[3px]\">\n<div class=\"result-streaming markdown prose w-full break-words dark:prose-invert light\">\n<p><strong>Benzofuran<\/strong> ist eine chemische Verbindung, die als Basiseinheit in verschiedenen organischen Verbindungen und Arzneimitteln dient. Die Struktur von Benzofuran besteht aus einem <strong>Furanring<\/strong> (ein f\u00fcnfgliedriger Ring, der ein Sauerstoffatom enth\u00e4lt) fusioniert mit einem <strong>Benzolring<\/strong> (ein sechsgliedriger Ring mit alternierenden Doppelbindungen). Diese Struktur ist eine der Gr\u00fcnde, warum Benzofuran und seine Derivate in der Chemie und Pharmakologie so relevant sind.<\/p>\n<ul>\n<li><strong>IUPAC-Name<\/strong>: Benzofuran<\/li>\n<li><strong>Summenformel<\/strong>: C8H6O<\/li>\n<li><strong>Struktur<\/strong>: Ein <strong>Benzolring<\/strong> (C6H5) ist an einen <strong>Furanring<\/strong> (C4H3O) gebunden. Der Furanring ist ein aromatischer Ring, der ein Sauerstoffatom enth\u00e4lt.<\/li>\n<\/ul>\n<\/div>\n<\/div>\n<\/div>\n<\/div>\n<\/div>\n<\/div>\n","protected":false},"featured_media":6836,"comment_status":"open","ping_status":"closed","template":"","meta":{"_joinchat":[]},"product_brand":[],"product_cat":[52],"product_tag":[2618,2613,2615,2612,2619,2614,2617,2616,2533,2015],"class_list":{"0":"post-6818","1":"product","2":"type-product","3":"status-publish","4":"has-post-thumbnail","6":"product_cat-benzofurans","7":"product_tag-benzofuran-chemikalien","8":"product_tag-benzofuran-kaufen","9":"product_tag-benzofuran-online-kaufen","10":"product_tag-benzofuran-2-carboxylat-kaufen","11":"product_tag-benzofuran-2-carboxylat-kaufen-online","12":"product_tag-benzofuran-2-carboxylat-kristalle","13":"product_tag-benzofuran-2-carboxylat-prodej","14":"product_tag-benzofuran-2-carboxylic-preis","15":"product_tag-chemikalien-kaufen","16":"product_tag-synthetische-drogen","18":"first","19":"instock","20":"shipping-taxable","21":"purchasable","22":"product-type-variable"},"yoast_head":"<!-- This site is optimized with the Yoast SEO plugin v27.5 - https:\/\/yoast.com\/product\/yoast-seo-wordpress\/ -->\n<title>Benzofuran-2-carbons\u00e4ure online kaufen | Chemgramx<\/title>\n<meta name=\"description\" content=\"Unser Gesch\u00e4ft hat Benzofuran-2-carbons\u00e4ure in Topqualit\u00e4t zum Verkauf. Wenn Sie Benzofuran-2-carbons\u00e4ure online in unserem Chemgramx-Gesch\u00e4ft kaufen.\" \/>\n<meta name=\"robots\" content=\"index, follow, max-snippet:-1, max-image-preview:large, max-video-preview:-1\" \/>\n<link rel=\"canonical\" href=\"https:\/\/chemgramx.com\/pl\/produkt-1\/kupic-benzofuran-2-karboksylowy-online\/\" \/>\n<meta property=\"og:locale\" content=\"pl_PL\" \/>\n<meta property=\"og:type\" content=\"article\" \/>\n<meta property=\"og:title\" content=\"Benzofuran-2-carbons\u00e4ure online kaufen | Chemgramx\" \/>\n<meta property=\"og:description\" content=\"Unser Gesch\u00e4ft hat Benzofuran-2-carbons\u00e4ure in Topqualit\u00e4t zum Verkauf. Wenn Sie Benzofuran-2-carbons\u00e4ure online in unserem Chemgramx-Gesch\u00e4ft kaufen.\" \/>\n<meta property=\"og:url\" content=\"https:\/\/chemgramx.com\/pl\/produkt-1\/kupic-benzofuran-2-karboksylowy-online\/\" \/>\n<meta property=\"og:site_name\" content=\"Chemgramx\" \/>\n<meta property=\"article:modified_time\" content=\"2025-11-21T11:10:13+00:00\" \/>\n<meta property=\"og:image\" content=\"https:\/\/chemgramx.com\/wp-content\/uploads\/2025\/11\/Benzofuran-2-carboxylic.jpg\" \/>\n\t<meta property=\"og:image:width\" content=\"600\" \/>\n\t<meta property=\"og:image:height\" content=\"600\" \/>\n\t<meta property=\"og:image:type\" content=\"image\/jpeg\" \/>\n<meta name=\"twitter:card\" content=\"summary_large_image\" \/>\n<meta name=\"twitter:label1\" content=\"Szacowany czas czytania\" \/>\n\t<meta name=\"twitter:data1\" content=\"2 minuty\" \/>\n<script type=\"application\/ld+json\" class=\"yoast-schema-graph\">{\"@context\":\"https:\\\/\\\/schema.org\",\"@graph\":[{\"@type\":\"WebPage\",\"@id\":\"https:\\\/\\\/chemgramx.com\\\/product\\\/benzofuran-2-carboxylic-online-kaufen\\\/\",\"url\":\"https:\\\/\\\/chemgramx.com\\\/product\\\/benzofuran-2-carboxylic-online-kaufen\\\/\",\"name\":\"Benzofuran-2-carbons\u00e4ure online kaufen | Chemgramx\",\"isPartOf\":{\"@id\":\"https:\\\/\\\/chemgramx.com\\\/#website\"},\"primaryImageOfPage\":{\"@id\":\"https:\\\/\\\/chemgramx.com\\\/product\\\/benzofuran-2-carboxylic-online-kaufen\\\/#primaryimage\"},\"image\":{\"@id\":\"https:\\\/\\\/chemgramx.com\\\/product\\\/benzofuran-2-carboxylic-online-kaufen\\\/#primaryimage\"},\"thumbnailUrl\":\"https:\\\/\\\/chemgramx.com\\\/wp-content\\\/uploads\\\/2025\\\/11\\\/Benzofuran-2-carboxylic.jpg\",\"datePublished\":\"2025-11-21T11:09:31+00:00\",\"dateModified\":\"2025-11-21T11:10:13+00:00\",\"description\":\"Unser Gesch\u00e4ft hat Benzofuran-2-carbons\u00e4ure in Topqualit\u00e4t zum Verkauf. Wenn Sie Benzofuran-2-carbons\u00e4ure online in unserem Chemgramx-Gesch\u00e4ft kaufen.\",\"breadcrumb\":{\"@id\":\"https:\\\/\\\/chemgramx.com\\\/product\\\/benzofuran-2-carboxylic-online-kaufen\\\/#breadcrumb\"},\"inLanguage\":\"pl-PL\",\"potentialAction\":[{\"@type\":\"ReadAction\",\"target\":[\"https:\\\/\\\/chemgramx.com\\\/product\\\/benzofuran-2-carboxylic-online-kaufen\\\/\"]}]},{\"@type\":\"ImageObject\",\"inLanguage\":\"pl-PL\",\"@id\":\"https:\\\/\\\/chemgramx.com\\\/product\\\/benzofuran-2-carboxylic-online-kaufen\\\/#primaryimage\",\"url\":\"https:\\\/\\\/chemgramx.com\\\/wp-content\\\/uploads\\\/2025\\\/11\\\/Benzofuran-2-carboxylic.jpg\",\"contentUrl\":\"https:\\\/\\\/chemgramx.com\\\/wp-content\\\/uploads\\\/2025\\\/11\\\/Benzofuran-2-carboxylic.jpg\",\"width\":600,\"height\":600},{\"@type\":\"BreadcrumbList\",\"@id\":\"https:\\\/\\\/chemgramx.com\\\/product\\\/benzofuran-2-carboxylic-online-kaufen\\\/#breadcrumb\",\"itemListElement\":[{\"@type\":\"ListItem\",\"position\":1,\"name\":\"Home\",\"item\":\"https:\\\/\\\/chemgramx.com\\\/\"},{\"@type\":\"ListItem\",\"position\":2,\"name\":\"Shop\",\"item\":\"https:\\\/\\\/chemgramx.com\\\/shop\\\/\"},{\"@type\":\"ListItem\",\"position\":3,\"name\":\"Benzofuran-2-carboxylic Online Kaufen\"}]},{\"@type\":\"WebSite\",\"@id\":\"https:\\\/\\\/chemgramx.com\\\/#website\",\"url\":\"https:\\\/\\\/chemgramx.com\\\/\",\"name\":\"Chemgramx\",\"description\":\"\",\"publisher\":{\"@id\":\"https:\\\/\\\/chemgramx.com\\\/#organization\"},\"potentialAction\":[{\"@type\":\"SearchAction\",\"target\":{\"@type\":\"EntryPoint\",\"urlTemplate\":\"https:\\\/\\\/chemgramx.com\\\/?s={search_term_string}\"},\"query-input\":{\"@type\":\"PropertyValueSpecification\",\"valueRequired\":true,\"valueName\":\"search_term_string\"}}],\"inLanguage\":\"pl-PL\"},{\"@type\":\"Organization\",\"@id\":\"https:\\\/\\\/chemgramx.com\\\/#organization\",\"name\":\"Chemgramx\",\"url\":\"https:\\\/\\\/chemgramx.com\\\/\",\"logo\":{\"@type\":\"ImageObject\",\"inLanguage\":\"pl-PL\",\"@id\":\"https:\\\/\\\/chemgramx.com\\\/#\\\/schema\\\/logo\\\/image\\\/\",\"url\":\"https:\\\/\\\/chemgramx.com\\\/wp-content\\\/uploads\\\/2024\\\/10\\\/final-logo.png\",\"contentUrl\":\"https:\\\/\\\/chemgramx.com\\\/wp-content\\\/uploads\\\/2024\\\/10\\\/final-logo.png\",\"width\":250,\"height\":48,\"caption\":\"Chemgramx\"},\"image\":{\"@id\":\"https:\\\/\\\/chemgramx.com\\\/#\\\/schema\\\/logo\\\/image\\\/\"}}]}<\/script>\n<!-- \/ Yoast SEO plugin. -->","yoast_head_json":{"title":"Kup kwas benzofurano-2-karboksylowy online | Chemgramx","description":"Nasz sklep posiada najwy\u017cszej jako\u015bci kwas benzofurano-2-karboksylowy na sprzeda\u017c. Kupuj\u0105c kwas benzofurano-2-karboksylowy online w naszym sklepie Chemgramx.","robots":{"index":"index","follow":"follow","max-snippet":"max-snippet:-1","max-image-preview":"max-image-preview:large","max-video-preview":"max-video-preview:-1"},"canonical":"https:\/\/chemgramx.com\/pl\/produkt-1\/kupic-benzofuran-2-karboksylowy-online\/","og_locale":"pl_PL","og_type":"article","og_title":"Benzofuran-2-carbons\u00e4ure online kaufen | Chemgramx","og_description":"Unser Gesch\u00e4ft hat Benzofuran-2-carbons\u00e4ure in Topqualit\u00e4t zum Verkauf. Wenn Sie Benzofuran-2-carbons\u00e4ure online in unserem Chemgramx-Gesch\u00e4ft kaufen.","og_url":"https:\/\/chemgramx.com\/pl\/produkt-1\/kupic-benzofuran-2-karboksylowy-online\/","og_site_name":"Chemgramx","article_modified_time":"2025-11-21T11:10:13+00:00","og_image":[{"width":600,"height":600,"url":"https:\/\/chemgramx.com\/wp-content\/uploads\/2025\/11\/Benzofuran-2-carboxylic.jpg","type":"image\/jpeg"}],"twitter_card":"summary_large_image","twitter_misc":{"Szacowany czas czytania":"2 minuty"},"schema":{"@context":"https:\/\/schema.org","@graph":[{"@type":"WebPage","@id":"https:\/\/chemgramx.com\/product\/benzofuran-2-carboxylic-online-kaufen\/","url":"https:\/\/chemgramx.com\/product\/benzofuran-2-carboxylic-online-kaufen\/","name":"Kup kwas benzofurano-2-karboksylowy online | Chemgramx","isPartOf":{"@id":"https:\/\/chemgramx.com\/#website"},"primaryImageOfPage":{"@id":"https:\/\/chemgramx.com\/product\/benzofuran-2-carboxylic-online-kaufen\/#primaryimage"},"image":{"@id":"https:\/\/chemgramx.com\/product\/benzofuran-2-carboxylic-online-kaufen\/#primaryimage"},"thumbnailUrl":"https:\/\/chemgramx.com\/wp-content\/uploads\/2025\/11\/Benzofuran-2-carboxylic.jpg","datePublished":"2025-11-21T11:09:31+00:00","dateModified":"2025-11-21T11:10:13+00:00","description":"Nasz sklep posiada najwy\u017cszej jako\u015bci kwas benzofurano-2-karboksylowy na sprzeda\u017c. Kupuj\u0105c kwas benzofurano-2-karboksylowy online w naszym sklepie Chemgramx.","breadcrumb":{"@id":"https:\/\/chemgramx.com\/product\/benzofuran-2-carboxylic-online-kaufen\/#breadcrumb"},"inLanguage":"pl-PL","potentialAction":[{"@type":"ReadAction","target":["https:\/\/chemgramx.com\/product\/benzofuran-2-carboxylic-online-kaufen\/"]}]},{"@type":"ImageObject","inLanguage":"pl-PL","@id":"https:\/\/chemgramx.com\/product\/benzofuran-2-carboxylic-online-kaufen\/#primaryimage","url":"https:\/\/chemgramx.com\/wp-content\/uploads\/2025\/11\/Benzofuran-2-carboxylic.jpg","contentUrl":"https:\/\/chemgramx.com\/wp-content\/uploads\/2025\/11\/Benzofuran-2-carboxylic.jpg","width":600,"height":600},{"@type":"BreadcrumbList","@id":"https:\/\/chemgramx.com\/product\/benzofuran-2-carboxylic-online-kaufen\/#breadcrumb","itemListElement":[{"@type":"ListItem","position":1,"name":"Home","item":"https:\/\/chemgramx.com\/"},{"@type":"ListItem","position":2,"name":"Shop","item":"https:\/\/chemgramx.com\/shop\/"},{"@type":"ListItem","position":3,"name":"Benzofuran-2-carboxylic Online Kaufen"}]},{"@type":"WebSite","@id":"https:\/\/chemgramx.com\/#website","url":"https:\/\/chemgramx.com\/","name":"Chemgramx","description":"","publisher":{"@id":"https:\/\/chemgramx.com\/#organization"},"potentialAction":[{"@type":"SearchAction","target":{"@type":"EntryPoint","urlTemplate":"https:\/\/chemgramx.com\/?s={search_term_string}"},"query-input":{"@type":"PropertyValueSpecification","valueRequired":true,"valueName":"search_term_string"}}],"inLanguage":"pl-PL"},{"@type":"Organization","@id":"https:\/\/chemgramx.com\/#organization","name":"Chemgramx","url":"https:\/\/chemgramx.com\/","logo":{"@type":"ImageObject","inLanguage":"pl-PL","@id":"https:\/\/chemgramx.com\/#\/schema\/logo\/image\/","url":"https:\/\/chemgramx.com\/wp-content\/uploads\/2024\/10\/final-logo.png","contentUrl":"https:\/\/chemgramx.com\/wp-content\/uploads\/2024\/10\/final-logo.png","width":250,"height":48,"caption":"Chemgramx"},"image":{"@id":"https:\/\/chemgramx.com\/#\/schema\/logo\/image\/"}}]}},"_links":{"self":[{"href":"https:\/\/chemgramx.com\/pl\/wp-json\/wp\/v2\/product\/6818","targetHints":{"allow":["GET"]}}],"collection":[{"href":"https:\/\/chemgramx.com\/pl\/wp-json\/wp\/v2\/product"}],"about":[{"href":"https:\/\/chemgramx.com\/pl\/wp-json\/wp\/v2\/types\/product"}],"replies":[{"embeddable":true,"href":"https:\/\/chemgramx.com\/pl\/wp-json\/wp\/v2\/comments?post=6818"}],"wp:featuredmedia":[{"embeddable":true,"href":"https:\/\/chemgramx.com\/pl\/wp-json\/wp\/v2\/media\/6836"}],"wp:attachment":[{"href":"https:\/\/chemgramx.com\/pl\/wp-json\/wp\/v2\/media?parent=6818"}],"wp:term":[{"taxonomy":"product_brand","embeddable":true,"href":"https:\/\/chemgramx.com\/pl\/wp-json\/wp\/v2\/product_brand?post=6818"},{"taxonomy":"product_cat","embeddable":true,"href":"https:\/\/chemgramx.com\/pl\/wp-json\/wp\/v2\/product_cat?post=6818"},{"taxonomy":"product_tag","embeddable":true,"href":"https:\/\/chemgramx.com\/pl\/wp-json\/wp\/v2\/product_tag?post=6818"}],"curies":[{"name":"wp","href":"https:\/\/api.w.org\/{rel}","templated":true}]}}