{"id":6862,"date":"2025-11-21T11:09:56","date_gmt":"2025-11-21T11:09:56","guid":{"rendered":"https:\/\/chemgramx.com\/?post_type=product&#038;p=6862"},"modified":"2025-11-21T11:10:40","modified_gmt":"2025-11-21T11:10:40","slug":"kup-5-cl-adba-online","status":"publish","type":"product","link":"https:\/\/chemgramx.com\/pl\/product\/buy-5cl-adba-online\/","title":{"rendered":"Kup online 5CL-ADBA"},"content":{"rendered":"<p data-path-to-node=\"10\">Chcesz dla swojej instytucji <b>Kup 5CL-ADBA<\/b>\u015awiat substancji chemicznych przeznaczonych do bada\u0144 naukowych podlega ci\u0105g\u0142ym zmianom. Nieustannie opracowywane s\u0105 nowe substancje, aby lepiej zrozumie\u0107 funkcjonowanie ludzkiego uk\u0142adu endokannabinoidowego. Jedn\u0105 z takich substancji, kt\u00f3ra w ostatnich latach zyska\u0142a na znaczeniu, jest 5CL-ADBA (5-Cl-ADB-A).<\/p>\n<p data-path-to-node=\"11\">Decyduje si\u0119 na to wiele instytut\u00f3w akademickich i laboratori\u00f3w, <a href=\"\/product\/rick-simpson-oil\/\"><b>Kup 5CL-ADBA<\/b><\/a> w celu zbadania zachowania tej substancji w interakcji z receptorami CB1 i CB2. Dzi\u0119ki swojej specyficznej strukturze molekularnej 5CL-ADBA sta\u0142a si\u0119 interesuj\u0105cym przedmiotem bada\u0144 \u2013 zar\u00f3wno w neurofarmakologii, jak i chemii s\u0105dowej. Jednak przed podj\u0119ciem decyzji o zam\u00f3wieniu 5CL-ADBA (5-Cl-ADB-A) nale\u017cy dok\u0142adnie sprawdzi\u0107 wszystkie aspekty, takie jak w\u0142a\u015bciwo\u015bci chemiczne, ryzyko i przepisy prawne.<\/p>\n<h2>Co to jest 5CL-ADBA (5-Cl-ADB-A)?<\/h2>\n<p data-path-to-node=\"13\">5CL-ADBA, znany r\u00f3wnie\u017c jako 5-chlor-ADB-A, jest syntetycznym kannabinoidem opracowanym specjalnie do bada\u0144 nad receptorami kannabinoidowymi. Oddzia\u0142ywuje on na te same receptory co THC, ale ze wzgl\u0119du na swoj\u0105 struktur\u0119 chemiczn\u0105 wykazuje znacznie silniejsze i cz\u0119sto nieprzewidywalne dzia\u0142anie.<\/p>\n<p data-path-to-node=\"14\">Podobnie jak inne syntetyczne kannabinoidy, 5CL-ADBA zosta\u0142 opracowany w celu zrozumienia mechanizm\u00f3w aktywacji receptor\u00f3w i zidentyfikowania potencjalnych zastosowa\u0144 farmakologicznych. Substancja nie jest przeznaczona do spo\u017cycia przez ludzi i mo\u017ce by\u0107 stosowana wy\u0142\u0105cznie w kontrolowanych warunkach laboratoryjnych. Naukowcy, kt\u00f3rzy <b>Kup 5CL-ADBA<\/b>, wykorzystuj\u0105 to po\u0142\u0105czenie do bada\u0144 por\u00f3wnawczych w zakresie struktury, toksykologii i farmakologii.<\/p>\n<h2>Podstawy naukowe przed zakupem 5CL-ADBA<\/h2>\n<p data-path-to-node=\"16\">5CL-ADBA (5-Cl-ADB-A) zosta\u0142 zsyntetyzowany w ramach prac nad nowymi kannabinoidami na bazie indazolu. Dzi\u0119ki substytucji chloru w \u0142a\u0144cuchu pentylowym r\u00f3\u017cni si\u0119 chemicznie od znanych substancji, takich jak 5F-ADB lub MDMB-CHMICA, wykazuj\u0105c w ten spos\u00f3b w\u0142asn\u0105 dynamik\u0119 wi\u0105zania receptor\u00f3w.<\/p>\n<h3>W\u0142a\u015bciwo\u015bci chemiczne:<\/h3>\n<ul data-path-to-node=\"18\">\n<li>\n<p data-path-to-node=\"18,0,0\"><b>Nazwa IUPAC:<\/b> 1-(5-Chlorpentyl)-N-(1-amino-3,3-dimethyl-1-oxobutan-2-yl)-1H-indazol-3-carboxamid<\/p>\n<\/li>\n<li>\n<p data-path-to-node=\"18,1,0\"><b>Wz\u00f3r cz\u0105steczkowy:<\/b> C\u2082\u2080H\u2082\u2088ClN\u2083O\u2083<\/p>\n<\/li>\n<li>\n<p data-path-to-node=\"18,2,0\"><b>Masa cz\u0105steczkowa:<\/b> 393,91 g\/mol<\/p>\n<\/li>\n<li>\n<p data-path-to-node=\"18,3,0\"><b>Wygl\u0105d:<\/b> Proszek o barwie od bia\u0142ej do kremowej<\/p>\n<\/li>\n<li>\n<p data-path-to-node=\"18,4,0\"><b>Klasyfikacja:<\/b> Syntetyczny kannabinoid, agonista receptor\u00f3w CB1\/CB2<\/p>\n<\/li>\n<\/ul>\n<p data-path-to-node=\"19\">Ze wzgl\u0119du na silne powinowactwo do receptor\u00f3w CB1, 5CL-ADBA stanowi istotny obiekt bada\u0144 nad mechanizmami neurochemicznymi kannabinoid\u00f3w i ich wp\u0142ywem na przekazywanie sygna\u0142\u00f3w neuronowych.<\/p>\n<h2>Zastosowanie w badaniach<\/h2>\n<p data-path-to-node=\"21\">W badaniach naukowych 5CL-ADBA (5-Cl-ADB-A) znajduje zastosowanie w r\u00f3\u017cnych dyscyplinach. Jego wysoka skuteczno\u015b\u0107 sprawia, \u017ce jest to cenny zwi\u0105zek do bada\u0144 analitycznych i farmakologicznych.<\/p>\n<p data-path-to-node=\"22\"><b>Typowe obszary zastosowa\u0144:<\/b><\/p>\n<ul data-path-to-node=\"23\">\n<li>\n<p data-path-to-node=\"23,0,0\">Badanie powinowactwa receptora CB1 i CB2 do receptora<\/p>\n<\/li>\n<li>\n<p data-path-to-node=\"23,1,0\">Badania nad aktywacj\u0105 szlak\u00f3w sygna\u0142owych neuron\u00f3w<\/p>\n<\/li>\n<li>\n<p data-path-to-node=\"23,2,0\">Toksykologia s\u0105dowa i metody wykrywania<\/p>\n<\/li>\n<li>\n<p data-path-to-node=\"23,3,0\">Analiza por\u00f3wnawcza z innymi syntetycznymi kannabinoidami<\/p>\n<\/li>\n<li>\n<p data-path-to-node=\"23,4,0\">Opracowanie analitycznych standard\u00f3w referencyjnych<\/p>\n<\/li>\n<\/ul>\n<p data-path-to-node=\"24\">Naukowcy, kt\u00f3rzy <b>Kup 5CL-ADBA<\/b> i importuj\u0105 je do swoich laboratori\u00f3w, korzystaj\u0105 z certyfikowanych produkt\u00f3w o sta\u0142ej czysto\u015bci, co jest niezb\u0119dne do uzyskania powtarzalnych wynik\u00f3w.<\/p>\n<h2>Rozwa\u017cania prawne<\/h2>\n<p data-path-to-node=\"26\">Status prawny 5CL-ADBA (5-Cl-ADB-A) r\u00f3\u017cni si\u0119 znacznie w poszczeg\u00f3lnych krajach na ca\u0142ym \u015bwiecie. Ze wzgl\u0119du na podobie\u0144stwo strukturalne do substancji kontrolowanych, w wielu krajach podlega on obowi\u0105zuj\u0105cym przepisom dotycz\u0105cym narkotyk\u00f3w lub analog\u00f3w.<\/p>\n<ul data-path-to-node=\"27\">\n<li>\n<p data-path-to-node=\"27,0,0\"><b>Niemcy:<\/b> Zabronione zgodnie z <a class=\"ng-star-inserted\" href=\"\/product\/4-cprc-bestellung-online\/\" target=\"_blank\" rel=\"noopener\" data-hveid=\"0\" data-ved=\"0CAAQ_4QMahcKEwjd-c2p2YKRAxUAAAAAHQAAAAAQfQ\">Ustawa o nowych substancjach psychoaktywnych (NpSG)<\/a>.<\/p>\n<\/li>\n<li>\n<p data-path-to-node=\"27,1,0\"><b>Austria:<\/b> Regulowane zgodnie z ustaw\u0105 o \u015brodkach odurzaj\u0105cych (SMG).<\/p>\n<\/li>\n<li>\n<p data-path-to-node=\"27,2,0\"><b>USA:<\/b> Mo\u017ce podlega\u0107 federalnej ustawie o analogach.<\/p>\n<\/li>\n<li>\n<p data-path-to-node=\"27,3,0\"><b>Szwajcaria \/ UE:<\/b> Cz\u0119sto wymieniany jako substancja kontrolowana.<\/p>\n<\/li>\n<\/ul>\n<p data-path-to-node=\"28\">Dlatego przed dokonaniem zakupu konieczne jest zapoznanie si\u0119 z aktualnymi ramami prawnymi. Instytucje badawcze musz\u0105 zapewni\u0107, \u017ce zam\u00f3wienia s\u0105 sk\u0142adane zgodnie z obowi\u0105zuj\u0105cymi przepisami.<\/p>\n<h2>Na co nale\u017cy zwr\u00f3ci\u0107 uwag\u0119 przy zakupie 5CL-ADBA<\/h2>\n<p data-path-to-node=\"30\">Wraz ze wzrostem popytu na syntetyczne kannabinoidy ro\u015bnie r\u00f3wnie\u017c liczba nieuczciwych dostawc\u00f3w. Je\u015bli szukasz najlepszego miejsca, aby bezpiecznie <b>Kup 5CL-ADBA<\/b> aby zapewni\u0107 czysto\u015b\u0107 i autentyczno\u015b\u0107, nale\u017cy zwr\u00f3ci\u0107 uwag\u0119 na okre\u015blone cechy jako\u015bciowe.<\/p>\n<p data-path-to-node=\"31\"><b>Wa\u017cne kryteria wyboru:<\/b><\/p>\n<ol start=\"1\" data-path-to-node=\"32\">\n<li>\n<p data-path-to-node=\"32,0,0\"><b>Certyfikaty laboratoryjne (COA):<\/b> Potwierdzenie czysto\u015bci chemicznej przez niezale\u017cne laboratoria badawcze.<\/p>\n<\/li>\n<li>\n<p data-path-to-node=\"32,1,0\"><b>Pozytywne recenzje:<\/b> Wiarygodne opinie spo\u0142eczno\u015bci naukowej.<\/p>\n<\/li>\n<li>\n<p data-path-to-node=\"32,2,0\"><b>Przejrzyste informacje o produkcie:<\/b> Informacje dotycz\u0105ce opakowania, pochodzenia i metod kontroli.<\/p>\n<\/li>\n<li>\n<p data-path-to-node=\"32,3,0\"><b>Sp\u00f3jno\u015b\u0107 partii:<\/b> Sta\u0142a jako\u015b\u0107 w wielu dostawach.<\/p>\n<\/li>\n<li>\n<p data-path-to-node=\"32,4,0\"><b>Dyskretna dostawa:<\/b> Neutralne opakowanie i \u015bledzenie przesy\u0142ki.<\/p>\n<\/li>\n<\/ol>\n<p data-path-to-node=\"33\">Cena r\u00f3wnie\u017c mo\u017ce by\u0107 wskaz\u00f3wk\u0105 dotycz\u0105c\u0105 jako\u015bci: oferty znacznie poni\u017cej \u015bredniej nale\u017cy traktowa\u0107 krytycznie, poniewa\u017c produkty niskiej jako\u015bci lub zanieczyszczone mog\u0105 zafa\u0142szowa\u0107 wyniki bada\u0144.<\/p>\n<h2>Instrukcje bezpiecze\u0144stwa i u\u017cytkowania<\/h2>\n<p data-path-to-node=\"35\">Poniewa\u017c 5CL-ADBA nale\u017cy do silnych syntetycznych kannabinoid\u00f3w, bezwzgl\u0119dnie konieczne jest \u015bcis\u0142e przestrzeganie wytycznych dotycz\u0105cych bezpiecze\u0144stwa. Obs\u0142ug\u0105 substancji powinny zajmowa\u0107 si\u0119 wy\u0142\u0105cznie przeszkolone osoby z personelu laboratoryjnego.<\/p>\n<p data-path-to-node=\"36\"><b>\u015arodki bezpiecze\u0144stwa:<\/b><\/p>\n<ul data-path-to-node=\"37\">\n<li>\n<p data-path-to-node=\"37,0,0\">Stosowanie \u015brodk\u00f3w ochrony osobistej (r\u0119kawice, okulary ochronne, fartuch)<\/p>\n<\/li>\n<li>\n<p data-path-to-node=\"37,1,0\">Praca w dygestorium lub wentylowanym \u015brodowisku laboratoryjnym<\/p>\n<\/li>\n<li>\n<p data-path-to-node=\"37,2,0\">Brak wdychania lub kontaktu ze sk\u00f3r\u0105<\/p>\n<\/li>\n<li>\n<p data-path-to-node=\"37,3,0\">Przechowywa\u0107 w szczelnych pojemnikach, w ch\u0142odnym i suchym miejscu.<\/p>\n<\/li>\n<\/ul>\n<p data-path-to-node=\"38\">Ponadto ka\u017cde u\u017cycie powinno by\u0107 udokumentowane w celu zapewnienia pe\u0142nej identyfikowalno\u015bci.<\/p>\n<h2>Jako\u015b\u0107, czysto\u015b\u0107 i przejrzysto\u015b\u0107<\/h2>\n<p data-path-to-node=\"40\">Renomowani dostawcy, u kt\u00f3rych mo\u017cna <b>Kup 5CL-ADBA<\/b>, przywi\u0105zuj\u0105 najwy\u017csz\u0105 wag\u0119 do dok\u0142adno\u015bci analitycznej i bezpiecze\u0144stwa produkt\u00f3w. Ka\u017cda partia przed sprzeda\u017c\u0105 jest analizowana metod\u0105 GC-MS lub HPLC i opatrzona certyfikatem. \u015arodki te gwarantuj\u0105, \u017ce produkt spe\u0142nia wymagania naukowe i nadaje si\u0119 do eksperyment\u00f3w badawczych. Naukowcy uzyskuj\u0105 w ten spos\u00f3b dost\u0119p do zwi\u0105zku, kt\u00f3ry spe\u0142nia standardy profesjonalnych laboratori\u00f3w \u2013 co jest decyduj\u0105cym czynnikiem dla wa\u017cno\u015bci wynik\u00f3w eksperyment\u00f3w.<\/p>\n<h3>Wnioski i informacja prawna<\/h3>\n<p data-path-to-node=\"42\">5CL-ADBA (5-Cl-ADB-A) to ekscytuj\u0105ca substancja badawcza, kt\u00f3ra umo\u017cliwia naukowcom uzyskanie nowych informacji na temat receptor\u00f3w kannabinoidowych. Kto <b>Kup 5CL-ADBA<\/b> powinien korzysta\u0107 wy\u0142\u0105cznie z wiarygodnych \u017ar\u00f3de\u0142 i przestrzega\u0107 ram prawnych.<\/p>","protected":false},"excerpt":{"rendered":"<p>5CL-ADBA to innowacyjny zwi\u0105zek badawczy, kt\u00f3ry wy\u0142ania si\u0119 jako wybitny cz\u0142onek rodziny syntetycznych kannabinoid\u00f3w. Znany ze swojej niezwyk\u0142ej mocy i wyj\u0105tkowych efekt\u00f3w, zwi\u0105zek ten wzbudza zainteresowanie zar\u00f3wno badaczy, jak i entuzjast\u00f3w<\/p>","protected":false},"featured_media":6869,"comment_status":"open","ping_status":"closed","template":"","meta":{"_joinchat":[]},"product_brand":[],"product_cat":[47],"product_tag":[67,69,68,66,70,71],"class_list":{"0":"post-6862","1":"product","2":"type-product","3":"status-publish","4":"has-post-thumbnail","6":"product_cat-cannabinoids","7":"product_tag-5-cl-adb-a-bestellen","8":"product_tag-research-chemical-kaufen-und-richtet-sich-an-kunden","9":"product_tag-synthetisches-cannabinoid-kaufen","10":"product_tag-5cl-adba-kaufen","11":"product_tag-die-nach-5cl-adba-suchen-er-informiert-uber-die-effekte","12":"product_tag-sicherheitsvorkehrungen-und-vorteile-des-kaufs-bei-chemgramx","14":"first","15":"instock","16":"shipping-taxable","17":"purchasable","18":"product-type-variable"},"yoast_head":"<!-- This site is optimized with the Yoast SEO plugin v27.5 - https:\/\/yoast.com\/product\/yoast-seo-wordpress\/ -->\n<title>5CL-ADBA kaufen: Hochwertiges 5-Cl-ADB-A | Chemgramx<\/title>\n<meta name=\"description\" content=\"Planen Sie, f\u00fcr Ihr Labor 5CL-ADBA kaufen zu wollen? Hier finden Sie alle Infos zu Reinheit, Toxikologie und Sicherheitshinweisen f\u00fcr 5-Cl-ADB-A.\" \/>\n<meta name=\"robots\" content=\"index, follow, max-snippet:-1, max-image-preview:large, max-video-preview:-1\" \/>\n<link rel=\"canonical\" href=\"https:\/\/chemgramx.com\/pl\/produkt-1\/kup-5-cl-adba-online\/\" \/>\n<meta property=\"og:locale\" content=\"pl_PL\" \/>\n<meta property=\"og:type\" content=\"article\" \/>\n<meta property=\"og:title\" content=\"5CL-ADBA kaufen: Hochwertiges 5-Cl-ADB-A | Chemgramx\" \/>\n<meta property=\"og:description\" content=\"Planen Sie, f\u00fcr Ihr Labor 5CL-ADBA kaufen zu wollen? Hier finden Sie alle Infos zu Reinheit, Toxikologie und Sicherheitshinweisen f\u00fcr 5-Cl-ADB-A.\" \/>\n<meta property=\"og:url\" content=\"https:\/\/chemgramx.com\/pl\/produkt-1\/kup-5-cl-adba-online\/\" \/>\n<meta property=\"og:site_name\" content=\"Chemgramx\" \/>\n<meta property=\"article:modified_time\" content=\"2025-11-21T11:10:40+00:00\" \/>\n<meta property=\"og:image\" content=\"https:\/\/chemgramx.com\/wp-content\/uploads\/2025\/11\/5CL-ADBA-5-Cl-ADB-A.jpg\" \/>\n\t<meta property=\"og:image:width\" content=\"300\" \/>\n\t<meta property=\"og:image:height\" content=\"300\" \/>\n\t<meta property=\"og:image:type\" content=\"image\/jpeg\" \/>\n<meta name=\"twitter:card\" content=\"summary_large_image\" \/>\n<meta name=\"twitter:label1\" content=\"Szacowany czas czytania\" \/>\n\t<meta name=\"twitter:data1\" content=\"4 minuty\" \/>\n<script type=\"application\/ld+json\" class=\"yoast-schema-graph\">{\"@context\":\"https:\\\/\\\/schema.org\",\"@graph\":[{\"@type\":\"WebPage\",\"@id\":\"https:\\\/\\\/chemgramx.com\\\/product\\\/buy-5cl-adba-online\\\/\",\"url\":\"https:\\\/\\\/chemgramx.com\\\/product\\\/buy-5cl-adba-online\\\/\",\"name\":\"5CL-ADBA kaufen: Hochwertiges 5-Cl-ADB-A | Chemgramx\",\"isPartOf\":{\"@id\":\"https:\\\/\\\/chemgramx.com\\\/#website\"},\"primaryImageOfPage\":{\"@id\":\"https:\\\/\\\/chemgramx.com\\\/product\\\/buy-5cl-adba-online\\\/#primaryimage\"},\"image\":{\"@id\":\"https:\\\/\\\/chemgramx.com\\\/product\\\/buy-5cl-adba-online\\\/#primaryimage\"},\"thumbnailUrl\":\"https:\\\/\\\/chemgramx.com\\\/wp-content\\\/uploads\\\/2025\\\/11\\\/5CL-ADBA-5-Cl-ADB-A.jpg\",\"datePublished\":\"2025-11-21T11:09:56+00:00\",\"dateModified\":\"2025-11-21T11:10:40+00:00\",\"description\":\"Planen Sie, f\u00fcr Ihr Labor 5CL-ADBA kaufen zu wollen? Hier finden Sie alle Infos zu Reinheit, Toxikologie und Sicherheitshinweisen f\u00fcr 5-Cl-ADB-A.\",\"breadcrumb\":{\"@id\":\"https:\\\/\\\/chemgramx.com\\\/product\\\/buy-5cl-adba-online\\\/#breadcrumb\"},\"inLanguage\":\"pl-PL\",\"potentialAction\":[{\"@type\":\"ReadAction\",\"target\":[\"https:\\\/\\\/chemgramx.com\\\/product\\\/buy-5cl-adba-online\\\/\"]}]},{\"@type\":\"ImageObject\",\"inLanguage\":\"pl-PL\",\"@id\":\"https:\\\/\\\/chemgramx.com\\\/product\\\/buy-5cl-adba-online\\\/#primaryimage\",\"url\":\"https:\\\/\\\/chemgramx.com\\\/wp-content\\\/uploads\\\/2025\\\/11\\\/5CL-ADBA-5-Cl-ADB-A.jpg\",\"contentUrl\":\"https:\\\/\\\/chemgramx.com\\\/wp-content\\\/uploads\\\/2025\\\/11\\\/5CL-ADBA-5-Cl-ADB-A.jpg\",\"width\":300,\"height\":300},{\"@type\":\"BreadcrumbList\",\"@id\":\"https:\\\/\\\/chemgramx.com\\\/product\\\/buy-5cl-adba-online\\\/#breadcrumb\",\"itemListElement\":[{\"@type\":\"ListItem\",\"position\":1,\"name\":\"Home\",\"item\":\"https:\\\/\\\/chemgramx.com\\\/\"},{\"@type\":\"ListItem\",\"position\":2,\"name\":\"Shop\",\"item\":\"https:\\\/\\\/chemgramx.com\\\/shop\\\/\"},{\"@type\":\"ListItem\",\"position\":3,\"name\":\"Buy 5CL-ADBA Online\"}]},{\"@type\":\"WebSite\",\"@id\":\"https:\\\/\\\/chemgramx.com\\\/#website\",\"url\":\"https:\\\/\\\/chemgramx.com\\\/\",\"name\":\"Chemgramx\",\"description\":\"\",\"publisher\":{\"@id\":\"https:\\\/\\\/chemgramx.com\\\/#organization\"},\"potentialAction\":[{\"@type\":\"SearchAction\",\"target\":{\"@type\":\"EntryPoint\",\"urlTemplate\":\"https:\\\/\\\/chemgramx.com\\\/?s={search_term_string}\"},\"query-input\":{\"@type\":\"PropertyValueSpecification\",\"valueRequired\":true,\"valueName\":\"search_term_string\"}}],\"inLanguage\":\"pl-PL\"},{\"@type\":\"Organization\",\"@id\":\"https:\\\/\\\/chemgramx.com\\\/#organization\",\"name\":\"Chemgramx\",\"url\":\"https:\\\/\\\/chemgramx.com\\\/\",\"logo\":{\"@type\":\"ImageObject\",\"inLanguage\":\"pl-PL\",\"@id\":\"https:\\\/\\\/chemgramx.com\\\/#\\\/schema\\\/logo\\\/image\\\/\",\"url\":\"https:\\\/\\\/chemgramx.com\\\/wp-content\\\/uploads\\\/2024\\\/10\\\/final-logo.png\",\"contentUrl\":\"https:\\\/\\\/chemgramx.com\\\/wp-content\\\/uploads\\\/2024\\\/10\\\/final-logo.png\",\"width\":250,\"height\":48,\"caption\":\"Chemgramx\"},\"image\":{\"@id\":\"https:\\\/\\\/chemgramx.com\\\/#\\\/schema\\\/logo\\\/image\\\/\"}}]}<\/script>\n<!-- \/ Yoast SEO plugin. -->","yoast_head_json":{"title":"Kup 5CL-ADBA: Wysokiej jako\u015bci 5-Cl-ADB-A | Chemgramx","description":"Planujesz zakup 5CL-ADBA do swojego laboratorium? Tutaj znajdziesz wszystkie informacje dotycz\u0105ce czysto\u015bci, toksykologii i wskaz\u00f3wek bezpiecze\u0144stwa dotycz\u0105cych 5-Cl-ADB-A.","robots":{"index":"index","follow":"follow","max-snippet":"max-snippet:-1","max-image-preview":"max-image-preview:large","max-video-preview":"max-video-preview:-1"},"canonical":"https:\/\/chemgramx.com\/pl\/produkt-1\/kup-5-cl-adba-online\/","og_locale":"pl_PL","og_type":"article","og_title":"5CL-ADBA kaufen: Hochwertiges 5-Cl-ADB-A | Chemgramx","og_description":"Planen Sie, f\u00fcr Ihr Labor 5CL-ADBA kaufen zu wollen? Hier finden Sie alle Infos zu Reinheit, Toxikologie und Sicherheitshinweisen f\u00fcr 5-Cl-ADB-A.","og_url":"https:\/\/chemgramx.com\/pl\/produkt-1\/kup-5-cl-adba-online\/","og_site_name":"Chemgramx","article_modified_time":"2025-11-21T11:10:40+00:00","og_image":[{"width":300,"height":300,"url":"https:\/\/chemgramx.com\/wp-content\/uploads\/2025\/11\/5CL-ADBA-5-Cl-ADB-A.jpg","type":"image\/jpeg"}],"twitter_card":"summary_large_image","twitter_misc":{"Szacowany czas czytania":"4 minuty"},"schema":{"@context":"https:\/\/schema.org","@graph":[{"@type":"WebPage","@id":"https:\/\/chemgramx.com\/product\/buy-5cl-adba-online\/","url":"https:\/\/chemgramx.com\/product\/buy-5cl-adba-online\/","name":"Kup 5CL-ADBA: Wysokiej jako\u015bci 5-Cl-ADB-A | Chemgramx","isPartOf":{"@id":"https:\/\/chemgramx.com\/#website"},"primaryImageOfPage":{"@id":"https:\/\/chemgramx.com\/product\/buy-5cl-adba-online\/#primaryimage"},"image":{"@id":"https:\/\/chemgramx.com\/product\/buy-5cl-adba-online\/#primaryimage"},"thumbnailUrl":"https:\/\/chemgramx.com\/wp-content\/uploads\/2025\/11\/5CL-ADBA-5-Cl-ADB-A.jpg","datePublished":"2025-11-21T11:09:56+00:00","dateModified":"2025-11-21T11:10:40+00:00","description":"Planujesz zakup 5CL-ADBA do swojego laboratorium? Tutaj znajdziesz wszystkie informacje dotycz\u0105ce czysto\u015bci, toksykologii i wskaz\u00f3wek bezpiecze\u0144stwa dotycz\u0105cych 5-Cl-ADB-A.","breadcrumb":{"@id":"https:\/\/chemgramx.com\/product\/buy-5cl-adba-online\/#breadcrumb"},"inLanguage":"pl-PL","potentialAction":[{"@type":"ReadAction","target":["https:\/\/chemgramx.com\/product\/buy-5cl-adba-online\/"]}]},{"@type":"ImageObject","inLanguage":"pl-PL","@id":"https:\/\/chemgramx.com\/product\/buy-5cl-adba-online\/#primaryimage","url":"https:\/\/chemgramx.com\/wp-content\/uploads\/2025\/11\/5CL-ADBA-5-Cl-ADB-A.jpg","contentUrl":"https:\/\/chemgramx.com\/wp-content\/uploads\/2025\/11\/5CL-ADBA-5-Cl-ADB-A.jpg","width":300,"height":300},{"@type":"BreadcrumbList","@id":"https:\/\/chemgramx.com\/product\/buy-5cl-adba-online\/#breadcrumb","itemListElement":[{"@type":"ListItem","position":1,"name":"Home","item":"https:\/\/chemgramx.com\/"},{"@type":"ListItem","position":2,"name":"Shop","item":"https:\/\/chemgramx.com\/shop\/"},{"@type":"ListItem","position":3,"name":"Buy 5CL-ADBA Online"}]},{"@type":"WebSite","@id":"https:\/\/chemgramx.com\/#website","url":"https:\/\/chemgramx.com\/","name":"Chemgramx","description":"","publisher":{"@id":"https:\/\/chemgramx.com\/#organization"},"potentialAction":[{"@type":"SearchAction","target":{"@type":"EntryPoint","urlTemplate":"https:\/\/chemgramx.com\/?s={search_term_string}"},"query-input":{"@type":"PropertyValueSpecification","valueRequired":true,"valueName":"search_term_string"}}],"inLanguage":"pl-PL"},{"@type":"Organization","@id":"https:\/\/chemgramx.com\/#organization","name":"Chemgramx","url":"https:\/\/chemgramx.com\/","logo":{"@type":"ImageObject","inLanguage":"pl-PL","@id":"https:\/\/chemgramx.com\/#\/schema\/logo\/image\/","url":"https:\/\/chemgramx.com\/wp-content\/uploads\/2024\/10\/final-logo.png","contentUrl":"https:\/\/chemgramx.com\/wp-content\/uploads\/2024\/10\/final-logo.png","width":250,"height":48,"caption":"Chemgramx"},"image":{"@id":"https:\/\/chemgramx.com\/#\/schema\/logo\/image\/"}}]}},"_links":{"self":[{"href":"https:\/\/chemgramx.com\/pl\/wp-json\/wp\/v2\/product\/6862","targetHints":{"allow":["GET"]}}],"collection":[{"href":"https:\/\/chemgramx.com\/pl\/wp-json\/wp\/v2\/product"}],"about":[{"href":"https:\/\/chemgramx.com\/pl\/wp-json\/wp\/v2\/types\/product"}],"replies":[{"embeddable":true,"href":"https:\/\/chemgramx.com\/pl\/wp-json\/wp\/v2\/comments?post=6862"}],"wp:featuredmedia":[{"embeddable":true,"href":"https:\/\/chemgramx.com\/pl\/wp-json\/wp\/v2\/media\/6869"}],"wp:attachment":[{"href":"https:\/\/chemgramx.com\/pl\/wp-json\/wp\/v2\/media?parent=6862"}],"wp:term":[{"taxonomy":"product_brand","embeddable":true,"href":"https:\/\/chemgramx.com\/pl\/wp-json\/wp\/v2\/product_brand?post=6862"},{"taxonomy":"product_cat","embeddable":true,"href":"https:\/\/chemgramx.com\/pl\/wp-json\/wp\/v2\/product_cat?post=6862"},{"taxonomy":"product_tag","embeddable":true,"href":"https:\/\/chemgramx.com\/pl\/wp-json\/wp\/v2\/product_tag?post=6862"}],"curies":[{"name":"wp","href":"https:\/\/api.w.org\/{rel}","templated":true}]}}