{"id":6866,"date":"2025-11-21T11:09:57","date_gmt":"2025-11-21T11:09:57","guid":{"rendered":"https:\/\/chemgramx.com\/?post_type=product&#038;p=6866"},"modified":"2025-12-10T07:21:33","modified_gmt":"2025-12-10T07:21:33","slug":"kup-7-abf-online","status":"publish","type":"product","link":"https:\/\/chemgramx.com\/pl\/product\/7-abf-online-kaufen\/","title":{"rendered":"Kup 7-ABF \u2013 Czysto\u015b\u0107, badania"},"content":{"rendered":"<h2>Wysokiej jako\u015bci 7-ABF: Tw\u00f3j partner w dziedzinie bada\u0144 i rozwoju<\/h2>\n<p>Je\u015bli <b>Kup 7-ABF<\/b> , ChemGramX jest najlepszym adresem, gdzie mo\u017cna znale\u017a\u0107 sprawdzony laboratoryjnie, najwy\u017cszej jako\u015bci 7-ABF. Ten niezb\u0119dny zwi\u0105zek chemiczny, znany r\u00f3wnie\u017c jako 7-azaindol, odgrywa kluczow\u0105 rol\u0119 w zaawansowanych zastosowaniach badawczych w chemii i farmacji. Je\u015bli <b>Kup 7-ABF online<\/b>, otrzymuj\u0105 Pa\u0144stwo gwarantowan\u0105 czysto\u015b\u0107 i jako\u015b\u0107, kt\u00f3re s\u0105 niezb\u0119dne do uzyskania precyzyjnych i wiarygodnych wynik\u00f3w bada\u0144. Rozumiemy, \u017ce Pa\u0144stwa praca wymaga najwy\u017cszych standard\u00f3w, dlatego dbamy o to, aby nasz 7-ABF spe\u0142nia\u0142 te wymagania. Nasze d\u0105\u017cenie do doskona\u0142o\u015bci zaczyna si\u0119 od pozyskiwania surowc\u00f3w, a ko\u0144czy na starannym przetwarzaniu, aby dostarczy\u0107 Pa\u0144stwu produkt, kt\u00f3ry przewy\u017csza Pa\u0144stwa oczekiwania.<\/p>\n<p>D\u0105\u017cenie do zdobycia nowej wiedzy naukowej wymaga materia\u0142\u00f3w o najwy\u017cszej integralno\u015bci. Dlatego wyb\u00f3r odpowiedniego dostawcy ma kluczowe znaczenie. ChemGramX postawi\u0142o sobie za zadanie zapewnienie naukowcom dost\u0119pu do najlepszych sk\u0142adnik\u00f3w chemicznych. Nasze <b>Najwy\u017csza jako\u015b\u0107 7-ABF<\/b> jest wynikiem starannego doboru i rygorystycznej kontroli jako\u015bci. Zapewniamy, \u017ce ka\u017cda partia produktu spe\u0142nia nasze wysokie standardy. Zaufaj ChemGramX w przypadku wymagaj\u0105cych projekt\u00f3w badawczych, w kt\u00f3rych precyzja i niezawodno\u015b\u0107 maj\u0105 pierwsze\u0144stwo.<\/p>\n<h3>Co to jest 7-ABF i jakie ma znaczenie?<\/h3>\n<p>7-ABF, znany chemicznie jako 7-azaindol, nale\u017cy do rodziny pochodnych azaindolu. Ta struktura sprawia, \u017ce jest on cennym narz\u0119dziem w syntezie organicznej i badaniach farmaceutycznych. Cz\u0119sto pe\u0142ni on rol\u0119 podstawowego elementu budulcowego do produkcji bardziej z\u0142o\u017conych cz\u0105steczek i potencjalnych substancji czynnych farmaceutycznych. Naukowcy, kt\u00f3rzy <b>Zam\u00f3w 7-ABF<\/b>, wykorzystuj\u0105 jego wyj\u0105tkowe w\u0142a\u015bciwo\u015bci chemiczne do badania reaktywno\u015bci i poszukiwania nowych sposob\u00f3w syntezy obiecuj\u0105cych kandydat\u00f3w na leki. Wszechstronno\u015b\u0107 tego zwi\u0105zku nieustannie otwiera nowe mo\u017cliwo\u015bci w badaniach nad substancjami czynnymi i materia\u0142oznawstwie.<\/p>\n<p>Zastosowanie 7-ABF obejmuje r\u00f3\u017cne obszary bada\u0144. Jego zdolno\u015b\u0107 do tworzenia wi\u0105za\u0144 wodorowych i pe\u0142nienia funkcji liganda w kompleksach metaloorganicznych sprawia, \u017ce jest on szczeg\u00f3lnie interesuj\u0105cy dla chemii supramolekularnej i bada\u0144 nad kataliz\u0105. Ponadto jest on badany jako materia\u0142 wyj\u015bciowy do syntezy zwi\u0105zk\u00f3w o potencjalnej aktywno\u015bci biologicznej. Trwaj\u0105ce badania nad 7-ABF nap\u0119dzaj\u0105 innowacje w takich dziedzinach, jak onkologia, neurobiologia i choroby zaka\u017ane. Dlatego te\u017c dost\u0119p do niezawodnego \u017ar\u00f3d\u0142a tego zwi\u0105zku ma kluczowe znaczenie dla naukowc\u00f3w. <b>Wysokiej czysto\u015bci 7-ABF na sprzeda\u017c<\/b> mie\u0107.<\/p>\n<h3>Dlaczego warto rozwa\u017cy\u0107 zakup 7-ABF w ChemGramX<\/h3>\n<p>Decyzja, <b>Kup 7-ABF<\/b>, jest wa\u017cnym krokiem dla ka\u017cdego laboratorium badawczego. Dzi\u0119ki ChemGramX otrzymujesz zwi\u0105zek, kt\u00f3ry ma nieocenion\u0105 warto\u015b\u0107 dla rozwoju nowych lek\u00f3w i zaawansowanych produkt\u00f3w chemicznych. Nasza oferta 7-ABF na sprzeda\u017c gwarantuje najwy\u017csz\u0105 czysto\u015b\u0107 i sp\u00f3jno\u015b\u0107, co jest niezb\u0119dne do uzyskania precyzyjnych i powtarzalnych wynik\u00f3w w zastosowaniach farmaceutycznych i biochemicznych. Jeste\u015bmy dumni, \u017ce mo\u017cemy oferowa\u0107 naukowcom na ca\u0142ym \u015bwiecie materia\u0142y spe\u0142niaj\u0105ce najwy\u017csze standardy jako\u015bci.<\/p>\n<p>Je\u015bli po <b>najlepszy dost\u0119pny 7-ABF<\/b> szukasz, ChemGramX jest w\u0142a\u015bciwym wyborem. Przywi\u0105zujemy ogromn\u0105 wag\u0119 do zapewnienia jako\u015bci naszych produkt\u00f3w. Ka\u017cda partia naszego 7-ABF jest rygorystycznie testowana w niezale\u017cnych laboratoriach pod k\u0105tem czysto\u015bci i to\u017csamo\u015bci. Te szczeg\u00f3\u0142owe analizy gwarantuj\u0105, \u017ce otrzymujesz produkt odpowiedni do przeprowadzania delikatnych eksperyment\u00f3w. Przejrzysto\u015b\u0107 naszych proces\u00f3w zapewnia Ci bezpiecze\u0144stwo, kt\u00f3rego potrzebujesz do prowadzenia cennych bada\u0144 naukowych. Odkryj r\u00f3\u017cnic\u0119, jak\u0105 zapewnia jako\u015b\u0107.<\/p>\n<h3>Korzy\u015bci wynikaj\u0105ce z zakupu 7-ABF od ChemGramX<\/h3>\n<p>W ChemGramX jako\u015b\u0107 jest najwa\u017cniejsza. Zdajemy sobie spraw\u0119, \u017ce wyniki bada\u0144 zale\u017c\u0105 od czysto\u015bci i niezawodno\u015bci stosowanych chemikali\u00f3w. Dlatego oferujemy Pa\u0144stwu <b>7-ABF klasy laboratoryjnej na sprzeda\u017c<\/b> podlegaj\u0105cy rygorystycznej kontroli jako\u015bci. Ka\u017cdy produkt jest dok\u0142adnie analizowany, aby zapewni\u0107 najwy\u017csze standardy. To d\u0105\u017cenie do doskona\u0142o\u015bci oznacza, \u017ce mo\u017cesz polega\u0107 na sp\u00f3jno\u015bci i skuteczno\u015bci 7-ABF w osi\u0105ganiu swoich cel\u00f3w naukowych.<\/p>\n<p>Naszym celem jest zapewnienie Pa\u0144stwu p\u0142ynnej obs\u0142ugi. Je\u015bli rozwa\u017caj\u0105 Pa\u0144stwo zam\u00f3wienie 7-ABF online, skorzystajcie z naszego przyjaznego dla u\u017cytkownika systemu zam\u00f3wie\u0144 i naszej zaanga\u017cowanej obs\u0142ugi klienta. Staramy si\u0119 zapewni\u0107 Pa\u0144stwu nie tylko produkty wysokiej jako\u015bci, ale tak\u017ce doskona\u0142\u0105 obs\u0142ug\u0119. Zapraszamy do zapoznania si\u0119 z nasz\u0105 ofert\u0105 i odkrycia, w jaki spos\u00f3b ChemGramX mo\u017ce wesprze\u0107 Pa\u0144stwa badania. Pa\u0144stwa prze\u0142omowe odkrycia naukowe s\u0105 dla nas motywacj\u0105 do dzia\u0142ania.<\/p>\n<ul>\n<li><b>Czysto\u015b\u0107 testowana laboratoryjnie:<\/b> Ka\u017cda partia naszego produktu 7-ABF przechodzi rygorystyczne i niezale\u017cne testy laboratoryjne. Gwarantuje to optymaln\u0105 jako\u015b\u0107, kt\u00f3ra jest niezb\u0119dna do realizacji wymagaj\u0105cych projekt\u00f3w badawczych.<\/li>\n<li><b>Idealny do bada\u0144 i syntezy:<\/b> 7-ABF doskonale nadaje si\u0119 do syntez chemicznych, bada\u0144 farmaceutycznych i r\u00f3\u017cnych zastosowa\u0144 analitycznych. Stanowi niezawodny element sk\u0142adowy Pa\u0144stwa innowacji.<\/li>\n<li><b>Przejrzyste ceny:<\/b> Zawsze oferujemy uczciw\u0105 cen\u0119 za 7-ABF, kt\u00f3ra odzwierciedla jako\u015b\u0107 potwierdzon\u0105 badaniami laboratoryjnymi. Otrzymuj\u0105 Pa\u0144stwo najwy\u017cszej klasy chemikalia w konkurencyjnej cenie.<\/li>\n<li><b>Autentyczny 7-ABF:<\/b> Gwarantujemy autentyczno\u015b\u0107 naszego 7-ABF. Mo\u017cesz mie\u0107 pewno\u015b\u0107 co do pochodzenia i jako\u015bci, kt\u00f3re maj\u0105 kluczowe znaczenie dla uzyskania powtarzalnych wynik\u00f3w naukowych.<\/li>\n<\/ul>\n<h3>Szerokie zastosowanie 7-ABF<\/h3>\n<p>7-ABF, jako cz\u0142onek rodziny azaindoli, oferuje szerokie spektrum zastosowa\u0144 we wsp\u00f3\u0142czesnych badaniach i rozwoju chemicznym. Jego struktura molekularna umo\u017cliwia r\u00f3\u017cnorodne reakcje chemiczne, co czyni go po\u017c\u0105danym odczynnikiem do syntezy nowych zwi\u0105zk\u00f3w organicznych. Naukowcy cz\u0119sto wykorzystuj\u0105 7-ABF jako punkt wyj\u015bcia do opracowywania cz\u0105steczek o potencjalnych w\u0142a\u015bciwo\u015bciach terapeutycznych. Badania nad jego pochodnymi doprowadzi\u0142y na przyk\u0142ad do powstania obiecuj\u0105cych kandydat\u00f3w w badaniach nad rakiem i zwalczaniem infekcji wirusowych. Je\u015bli chcesz wykorzysta\u0107 ten potencja\u0142, <b>Zakup 7-ABF online<\/b> za po\u015brednictwem wiarygodnego \u017ar\u00f3d\u0142a, takiego jak ChemGramX.<\/p>\n<p>Znaczenie 7-ABF w chemii medycznej jest nie do przecenienia. S\u0142u\u017cy ono jako motyw strukturalny w wielu cz\u0105steczkach biologicznie aktywnych. Jego zdolno\u015b\u0107 do wi\u0105zania si\u0119 z r\u00f3\u017cnymi celami biologicznymi sprawia, \u017ce jest ono atrakcyjnym kandydatem do opracowywania lek\u00f3w. Na przyk\u0142ad badana jest derywatyzacja 7-ABF w celu opracowania bardziej selektywnych i skutecznych inhibitor\u00f3w okre\u015blonych enzym\u00f3w, kt\u00f3re odgrywaj\u0105 rol\u0119 w chorobach takich jak Alzheimer lub Parkinson. Dost\u0119pno\u015b\u0107 <b>wysokiej jako\u015bci 7-ABF<\/b> jest zatem czynnikiem krytycznym dla post\u0119p\u00f3w w tych obszarach.<\/p>\n<p>Ponadto 7-ABF znajduje zastosowanie w materia\u0142oznawstwie, zw\u0142aszcza w rozwoju nowatorskich organicznych diod elektroluminescencyjnych (OLED) i innych materia\u0142\u00f3w elektronicznych. Jego w\u0142a\u015bciwo\u015bci fotofizyczne mo\u017cna celowo dostosowywa\u0107 poprzez modyfikacje chemiczne. Otwiera to mo\u017cliwo\u015bci produkcji bardziej wydajnych i trwa\u0142ych komponent\u00f3w elektronicznych. Dla naukowc\u00f3w zajmuj\u0105cych si\u0119 tymi innowacyjnymi dziedzinami niezawodne pozyskiwanie <b>7-ABF najwy\u017cszej jako\u015bci<\/b> ma ogromne znaczenie. <b>Najlepszy 7-ABF dost\u0119pny online<\/b>, znajdziesz w ChemGramX, gdzie naszym celem jest wspieranie Twoich bada\u0144. Zapoznaj si\u0119 r\u00f3wnie\u017c z alternatywnymi chemikaliami badawczymi, takimi jak <a href=\"https:\/\/chemgramx.com\/product\/1cp-lsd-l-tartrate-kaufen\/\">1cP-LSD L-winian<\/a> lub <a href=\"https:\/\/chemgramx.com\/product\/anonymous-180mg-mdma-online-kaufen\/\">anonimowy MDMA<\/a> dla Pa\u0144stwa konkretnych potrzeb badawczych.<\/p>\n<h3>Bezpiecze\u0144stwo i kwestie regulacyjne<\/h3>\n<p>Post\u0119powanie z chemikaliami badawczymi zawsze wymaga ostro\u017cno\u015bci i przestrzegania odpowiednich przepis\u00f3w. Legalno\u015b\u0107 7-ABF mo\u017ce si\u0119 r\u00f3\u017cni\u0107 w zale\u017cno\u015bci od regionu. Dlatego przed zakupem nale\u017cy koniecznie sprawdzi\u0107, czy substancja ta jest legalna w danym regionie. <b>Zam\u00f3wienie 7-ABF online<\/b> o szczeg\u00f3\u0142owych przepisach i regulacjach obowi\u0105zuj\u0105cych w Twoim kraju lub regionie. ChemGramX zobowi\u0105zuje si\u0119 do sprzeda\u017cy swoich produkt\u00f3w wy\u0142\u0105cznie do cel\u00f3w badawczych i wspiera przestrzeganie wszystkich obowi\u0105zuj\u0105cych przepis\u00f3w prawnych. Przywi\u0105zujemy du\u017c\u0105 wag\u0119 do odpowiedzialnych praktyk naukowych.<\/p>\n<p>Nasze zobowi\u0105zanie do zapewnienia bezpiecze\u0144stwa wykracza poza sam\u0105 jako\u015b\u0107 produktu. Dbamy o to, aby wszystkie procesy zwi\u0105zane z obs\u0142ug\u0105 i przygotowaniem naszych chemikali\u00f3w by\u0142y wykonywane z najwy\u017csz\u0105 staranno\u015bci\u0105. Zapewnia to nie tylko integralno\u015b\u0107 produktu, ale tak\u017ce bezpiecze\u0144stwo naszych klient\u00f3w. Je\u015bli zdecydujesz si\u0119 na <b>Kup 7-ABF do cel\u00f3w badawczych<\/b> mo\u017cesz polega\u0107 na naszych kompleksowych standardach jako\u015bci i bezpiecze\u0144stwa. Staranna obr\u00f3bka naszych produkt\u00f3w jest podstaw\u0105 naszej obietnicy serwisowej.<\/p>\n<h3>Wniosek: Twoje zaufane \u017ar\u00f3d\u0142o informacji o 7-ABF<\/h3>\n<p>Czy jeste\u015b gotowy, aby przenie\u015b\u0107 swoje badania na wy\u017cszy poziom? Je\u015bli <b>Kup 7-ABF online<\/b> ChemGramX jest idealnym wyborem. Oferujemy nie tylko <b>autentyczny 7-ABF<\/b>, ale tak\u017ce pewno\u015b\u0107 najwy\u017cszej czysto\u015bci i jako\u015bci, kt\u00f3re s\u0105 niezb\u0119dne w projektach naukowych. Nasze zaanga\u017cowanie w osi\u0105ganie doskona\u0142o\u015bci gwarantuje, \u017ce otrzymujesz najlepsze mo\u017cliwe materia\u0142y do swojej pracy. Zr\u00f3b kolejny krok w swoich badaniach, korzystaj\u0105c z zaufania, jakie daje ChemGramX.<\/p>\n<p>Skorzystaj z okazji, aby naby\u0107 najwy\u017cszej jako\u015bci chemikalia badawcze. Wybieraj\u0105c ChemGramX, wybierasz partnera, kt\u00f3ry rozumie i wspiera Twoje naukowe d\u0105\u017cenia. Naszym celem jest dostarczanie Pa\u0144stwu produkt\u00f3w najwy\u017cszej jako\u015bci i niezawodnych us\u0142ug. Odkryj bogat\u0105 ofert\u0119 ChemGramX i zapewnij sobie realizacj\u0119 projekt\u00f3w badawczych przy u\u017cyciu najlepszych dost\u0119pnych materia\u0142\u00f3w. Postaw na jako\u015b\u0107, precyzj\u0119 i niezawodno\u015b\u0107 \u2013 postaw na ChemGramX.<\/p>","protected":false},"excerpt":{"rendered":"<p>7-ABF to syntetyczny kannabinoid znany z silnych efekt\u00f3w psychoaktywnych. Zosta\u0142 opracowany w celu na\u015bladowania efekt\u00f3w THC.<\/p>","protected":false},"featured_media":6873,"comment_status":"open","ping_status":"closed","template":"","meta":{"_joinchat":[]},"product_brand":[],"product_cat":[47],"product_tag":[2753,2746,2750,2748,2747,2752,2751,2749,2754,2015],"class_list":{"0":"post-6866","1":"product","2":"type-product","3":"status-publish","4":"has-post-thumbnail","6":"product_cat-cannabinoids","7":"product_tag-7-abf-chemikalien","8":"product_tag-7-abf-kaufen","9":"product_tag-7-abf-kaufen-deutschland","10":"product_tag-7-abf-kristalle","11":"product_tag-7-abf-online","12":"product_tag-7-abf-preis","13":"product_tag-7-abf-prodej","14":"product_tag-7-abf-pulver","15":"product_tag-7-abf-zum-verkauf","16":"product_tag-synthetische-drogen","18":"first","19":"instock","20":"shipping-taxable","21":"purchasable","22":"product-type-variable"},"yoast_head":"<!-- This site is optimized with the Yoast SEO plugin v27.5 - https:\/\/yoast.com\/product\/yoast-seo-wordpress\/ -->\n<title>7-ABF online kaufen \u2013 7-ABF zu verkaufen | chemgramx<\/title>\n<meta name=\"description\" content=\"Sie k\u00f6nnen mit unserem Chemgramx-Onlineshop Kontakt aufnehmen und 7-abf online kaufen. Sie k\u00f6nnen 7-abf zu g\u00fcnstigen Preisen kaufen. Jetzt bestellen!\" \/>\n<meta name=\"robots\" content=\"index, follow, max-snippet:-1, max-image-preview:large, max-video-preview:-1\" \/>\n<link rel=\"canonical\" href=\"https:\/\/chemgramx.com\/pl\/produkt-1\/kup-7-abf-online\/\" \/>\n<meta property=\"og:locale\" content=\"pl_PL\" \/>\n<meta property=\"og:type\" content=\"article\" \/>\n<meta property=\"og:title\" content=\"7-ABF online kaufen \u2013 7-ABF zu verkaufen | chemgramx\" \/>\n<meta property=\"og:description\" content=\"Sie k\u00f6nnen mit unserem Chemgramx-Onlineshop Kontakt aufnehmen und 7-abf online kaufen. Sie k\u00f6nnen 7-abf zu g\u00fcnstigen Preisen kaufen. Jetzt bestellen!\" \/>\n<meta property=\"og:url\" content=\"https:\/\/chemgramx.com\/pl\/produkt-1\/kup-7-abf-online\/\" \/>\n<meta property=\"og:site_name\" content=\"Chemgramx\" \/>\n<meta property=\"article:modified_time\" content=\"2025-12-10T07:21:33+00:00\" \/>\n<meta property=\"og:image\" content=\"https:\/\/chemgramx.com\/wp-content\/uploads\/2025\/11\/7-ABF.png\" \/>\n\t<meta property=\"og:image:width\" content=\"414\" \/>\n\t<meta property=\"og:image:height\" content=\"369\" \/>\n\t<meta property=\"og:image:type\" content=\"image\/png\" \/>\n<meta name=\"twitter:card\" content=\"summary_large_image\" \/>\n<meta name=\"twitter:label1\" content=\"Szacowany czas czytania\" \/>\n\t<meta name=\"twitter:data1\" content=\"2 minuty\" \/>\n<script type=\"application\/ld+json\" class=\"yoast-schema-graph\">{\"@context\":\"https:\\\/\\\/schema.org\",\"@graph\":[{\"@type\":\"WebPage\",\"@id\":\"https:\\\/\\\/chemgramx.com\\\/product\\\/7-abf-online-kaufen\\\/\",\"url\":\"https:\\\/\\\/chemgramx.com\\\/product\\\/7-abf-online-kaufen\\\/\",\"name\":\"7-ABF online kaufen \u2013 7-ABF zu verkaufen | chemgramx\",\"isPartOf\":{\"@id\":\"https:\\\/\\\/chemgramx.com\\\/#website\"},\"primaryImageOfPage\":{\"@id\":\"https:\\\/\\\/chemgramx.com\\\/product\\\/7-abf-online-kaufen\\\/#primaryimage\"},\"image\":{\"@id\":\"https:\\\/\\\/chemgramx.com\\\/product\\\/7-abf-online-kaufen\\\/#primaryimage\"},\"thumbnailUrl\":\"https:\\\/\\\/chemgramx.com\\\/wp-content\\\/uploads\\\/2025\\\/11\\\/7-ABF.png\",\"datePublished\":\"2025-11-21T11:09:57+00:00\",\"dateModified\":\"2025-12-10T07:21:33+00:00\",\"description\":\"Sie k\u00f6nnen mit unserem Chemgramx-Onlineshop Kontakt aufnehmen und 7-abf online kaufen. Sie k\u00f6nnen 7-abf zu g\u00fcnstigen Preisen kaufen. Jetzt bestellen!\",\"breadcrumb\":{\"@id\":\"https:\\\/\\\/chemgramx.com\\\/product\\\/7-abf-online-kaufen\\\/#breadcrumb\"},\"inLanguage\":\"pl-PL\",\"potentialAction\":[{\"@type\":\"ReadAction\",\"target\":[\"https:\\\/\\\/chemgramx.com\\\/product\\\/7-abf-online-kaufen\\\/\"]}]},{\"@type\":\"ImageObject\",\"inLanguage\":\"pl-PL\",\"@id\":\"https:\\\/\\\/chemgramx.com\\\/product\\\/7-abf-online-kaufen\\\/#primaryimage\",\"url\":\"https:\\\/\\\/chemgramx.com\\\/wp-content\\\/uploads\\\/2025\\\/11\\\/7-ABF.png\",\"contentUrl\":\"https:\\\/\\\/chemgramx.com\\\/wp-content\\\/uploads\\\/2025\\\/11\\\/7-ABF.png\",\"width\":414,\"height\":369},{\"@type\":\"BreadcrumbList\",\"@id\":\"https:\\\/\\\/chemgramx.com\\\/product\\\/7-abf-online-kaufen\\\/#breadcrumb\",\"itemListElement\":[{\"@type\":\"ListItem\",\"position\":1,\"name\":\"Home\",\"item\":\"https:\\\/\\\/chemgramx.com\\\/\"},{\"@type\":\"ListItem\",\"position\":2,\"name\":\"Shop\",\"item\":\"https:\\\/\\\/chemgramx.com\\\/shop\\\/\"},{\"@type\":\"ListItem\",\"position\":3,\"name\":\"7-ABF Kaufen &#8211; Reinheit, Forschung\"}]},{\"@type\":\"WebSite\",\"@id\":\"https:\\\/\\\/chemgramx.com\\\/#website\",\"url\":\"https:\\\/\\\/chemgramx.com\\\/\",\"name\":\"Chemgramx\",\"description\":\"\",\"publisher\":{\"@id\":\"https:\\\/\\\/chemgramx.com\\\/#organization\"},\"potentialAction\":[{\"@type\":\"SearchAction\",\"target\":{\"@type\":\"EntryPoint\",\"urlTemplate\":\"https:\\\/\\\/chemgramx.com\\\/?s={search_term_string}\"},\"query-input\":{\"@type\":\"PropertyValueSpecification\",\"valueRequired\":true,\"valueName\":\"search_term_string\"}}],\"inLanguage\":\"pl-PL\"},{\"@type\":\"Organization\",\"@id\":\"https:\\\/\\\/chemgramx.com\\\/#organization\",\"name\":\"Chemgramx\",\"url\":\"https:\\\/\\\/chemgramx.com\\\/\",\"logo\":{\"@type\":\"ImageObject\",\"inLanguage\":\"pl-PL\",\"@id\":\"https:\\\/\\\/chemgramx.com\\\/#\\\/schema\\\/logo\\\/image\\\/\",\"url\":\"https:\\\/\\\/chemgramx.com\\\/wp-content\\\/uploads\\\/2024\\\/10\\\/final-logo.png\",\"contentUrl\":\"https:\\\/\\\/chemgramx.com\\\/wp-content\\\/uploads\\\/2024\\\/10\\\/final-logo.png\",\"width\":250,\"height\":48,\"caption\":\"Chemgramx\"},\"image\":{\"@id\":\"https:\\\/\\\/chemgramx.com\\\/#\\\/schema\\\/logo\\\/image\\\/\"}}]}<\/script>\n<!-- \/ Yoast SEO plugin. -->","yoast_head_json":{"title":"Kup 7-ABF online \u2013 7-ABF na sprzeda\u017c | chemgramx","description":"Mo\u017cesz skontaktowa\u0107 si\u0119 z naszym sklepem internetowym Chemgramx i kupi\u0107 7-abf online. Mo\u017cesz kupi\u0107 7-abf w przyst\u0119pnych cenach. Zam\u00f3w ju\u017c teraz!","robots":{"index":"index","follow":"follow","max-snippet":"max-snippet:-1","max-image-preview":"max-image-preview:large","max-video-preview":"max-video-preview:-1"},"canonical":"https:\/\/chemgramx.com\/pl\/produkt-1\/kup-7-abf-online\/","og_locale":"pl_PL","og_type":"article","og_title":"7-ABF online kaufen \u2013 7-ABF zu verkaufen | chemgramx","og_description":"Sie k\u00f6nnen mit unserem Chemgramx-Onlineshop Kontakt aufnehmen und 7-abf online kaufen. Sie k\u00f6nnen 7-abf zu g\u00fcnstigen Preisen kaufen. Jetzt bestellen!","og_url":"https:\/\/chemgramx.com\/pl\/produkt-1\/kup-7-abf-online\/","og_site_name":"Chemgramx","article_modified_time":"2025-12-10T07:21:33+00:00","og_image":[{"width":414,"height":369,"url":"https:\/\/chemgramx.com\/wp-content\/uploads\/2025\/11\/7-ABF.png","type":"image\/png"}],"twitter_card":"summary_large_image","twitter_misc":{"Szacowany czas czytania":"2 minuty"},"schema":{"@context":"https:\/\/schema.org","@graph":[{"@type":"WebPage","@id":"https:\/\/chemgramx.com\/product\/7-abf-online-kaufen\/","url":"https:\/\/chemgramx.com\/product\/7-abf-online-kaufen\/","name":"Kup 7-ABF online \u2013 7-ABF na sprzeda\u017c | chemgramx","isPartOf":{"@id":"https:\/\/chemgramx.com\/#website"},"primaryImageOfPage":{"@id":"https:\/\/chemgramx.com\/product\/7-abf-online-kaufen\/#primaryimage"},"image":{"@id":"https:\/\/chemgramx.com\/product\/7-abf-online-kaufen\/#primaryimage"},"thumbnailUrl":"https:\/\/chemgramx.com\/wp-content\/uploads\/2025\/11\/7-ABF.png","datePublished":"2025-11-21T11:09:57+00:00","dateModified":"2025-12-10T07:21:33+00:00","description":"Mo\u017cesz skontaktowa\u0107 si\u0119 z naszym sklepem internetowym Chemgramx i kupi\u0107 7-abf online. Mo\u017cesz kupi\u0107 7-abf w przyst\u0119pnych cenach. Zam\u00f3w ju\u017c teraz!","breadcrumb":{"@id":"https:\/\/chemgramx.com\/product\/7-abf-online-kaufen\/#breadcrumb"},"inLanguage":"pl-PL","potentialAction":[{"@type":"ReadAction","target":["https:\/\/chemgramx.com\/product\/7-abf-online-kaufen\/"]}]},{"@type":"ImageObject","inLanguage":"pl-PL","@id":"https:\/\/chemgramx.com\/product\/7-abf-online-kaufen\/#primaryimage","url":"https:\/\/chemgramx.com\/wp-content\/uploads\/2025\/11\/7-ABF.png","contentUrl":"https:\/\/chemgramx.com\/wp-content\/uploads\/2025\/11\/7-ABF.png","width":414,"height":369},{"@type":"BreadcrumbList","@id":"https:\/\/chemgramx.com\/product\/7-abf-online-kaufen\/#breadcrumb","itemListElement":[{"@type":"ListItem","position":1,"name":"Home","item":"https:\/\/chemgramx.com\/"},{"@type":"ListItem","position":2,"name":"Shop","item":"https:\/\/chemgramx.com\/shop\/"},{"@type":"ListItem","position":3,"name":"7-ABF Kaufen &#8211; Reinheit, Forschung"}]},{"@type":"WebSite","@id":"https:\/\/chemgramx.com\/#website","url":"https:\/\/chemgramx.com\/","name":"Chemgramx","description":"","publisher":{"@id":"https:\/\/chemgramx.com\/#organization"},"potentialAction":[{"@type":"SearchAction","target":{"@type":"EntryPoint","urlTemplate":"https:\/\/chemgramx.com\/?s={search_term_string}"},"query-input":{"@type":"PropertyValueSpecification","valueRequired":true,"valueName":"search_term_string"}}],"inLanguage":"pl-PL"},{"@type":"Organization","@id":"https:\/\/chemgramx.com\/#organization","name":"Chemgramx","url":"https:\/\/chemgramx.com\/","logo":{"@type":"ImageObject","inLanguage":"pl-PL","@id":"https:\/\/chemgramx.com\/#\/schema\/logo\/image\/","url":"https:\/\/chemgramx.com\/wp-content\/uploads\/2024\/10\/final-logo.png","contentUrl":"https:\/\/chemgramx.com\/wp-content\/uploads\/2024\/10\/final-logo.png","width":250,"height":48,"caption":"Chemgramx"},"image":{"@id":"https:\/\/chemgramx.com\/#\/schema\/logo\/image\/"}}]}},"_links":{"self":[{"href":"https:\/\/chemgramx.com\/pl\/wp-json\/wp\/v2\/product\/6866","targetHints":{"allow":["GET"]}}],"collection":[{"href":"https:\/\/chemgramx.com\/pl\/wp-json\/wp\/v2\/product"}],"about":[{"href":"https:\/\/chemgramx.com\/pl\/wp-json\/wp\/v2\/types\/product"}],"replies":[{"embeddable":true,"href":"https:\/\/chemgramx.com\/pl\/wp-json\/wp\/v2\/comments?post=6866"}],"wp:featuredmedia":[{"embeddable":true,"href":"https:\/\/chemgramx.com\/pl\/wp-json\/wp\/v2\/media\/6873"}],"wp:attachment":[{"href":"https:\/\/chemgramx.com\/pl\/wp-json\/wp\/v2\/media?parent=6866"}],"wp:term":[{"taxonomy":"product_brand","embeddable":true,"href":"https:\/\/chemgramx.com\/pl\/wp-json\/wp\/v2\/product_brand?post=6866"},{"taxonomy":"product_cat","embeddable":true,"href":"https:\/\/chemgramx.com\/pl\/wp-json\/wp\/v2\/product_cat?post=6866"},{"taxonomy":"product_tag","embeddable":true,"href":"https:\/\/chemgramx.com\/pl\/wp-json\/wp\/v2\/product_tag?post=6866"}],"curies":[{"name":"wp","href":"https:\/\/api.w.org\/{rel}","templated":true}]}}