{"id":6876,"date":"2025-11-21T11:10:14","date_gmt":"2025-11-21T11:10:14","guid":{"rendered":"https:\/\/chemgramx.com\/?post_type=product&#038;p=6876"},"modified":"2025-12-10T07:46:33","modified_gmt":"2025-12-10T07:46:33","slug":"thc-o-zamowienie-online","status":"publish","type":"product","link":"https:\/\/chemgramx.com\/pl\/product\/thc-o-online-bestellung\/","title":{"rendered":"Kup THC-O online"},"content":{"rendered":"<p>O-octan THC, cz\u0119sto okre\u015blany w \u015brodowisku naukowym po prostu jako THC-O, stanowi kolejny etap ewolucji syntetycznych kannabinoid\u00f3w. Cz\u0105steczka ta zyska\u0142a w ostatnich latach ogromn\u0105 popularno\u015b\u0107 dzi\u0119ki swoim wyj\u0105tkowym w\u0142a\u015bciwo\u015bciom chemicznym. Laboratoria i do\u015bwiadczeni u\u017cytkownicy zainteresowani zaawansowanymi badaniami nad kannabinoidami coraz cz\u0119\u015bciej korzystaj\u0105 z mo\u017cliwo\u015bci, jakie daje, <b>Kup THC-O na sprzeda\u017c<\/b> zweryfikowanych wynik\u00f3w bada\u0144 i nowych odkry\u0107.<\/p>\n<p>Jest ceniony przede wszystkim za swoje wyj\u0105tkowo silne w\u0142a\u015bciwo\u015bci psychoaktywne, kt\u00f3re znacznie przewy\u017cszaj\u0105 moc tradycyjnych form delta-9-THC. W zwi\u0105zku z tym jest preferowanym wyborem ekspert\u00f3w, kt\u00f3rzy chc\u0105 zbada\u0107 bardziej intensywne i g\u0142\u0119bsze doznania. Ze wzgl\u0119du na rosn\u0105cy popyt na specjalistyczne pochodne, naukowcy poszukuj\u0105 \u017ar\u00f3de\u0142 zaopatrzenia, kt\u00f3re <b>Jako\u015b\u0107 bada\u0144 Na sprzeda\u017c<\/b> aby zapewni\u0107 sp\u00f3jno\u015b\u0107 danych.<\/p>\n<p>Ze wzgl\u0119du na swoj\u0105 szczeg\u00f3ln\u0105 struktur\u0119 chemiczn\u0105 i zdolno\u015b\u0107 do bardziej efektywnego rozprzestrzeniania si\u0119 w organizmie, THC-O wywo\u0142uje szczeg\u00f3lne efekty. Mog\u0105 one mie\u0107 zar\u00f3wno dzia\u0142anie relaksuj\u0105ce fizycznie, jak i stymuluj\u0105ce umys\u0142owo. Wiele instytucji decyduje si\u0119 zatem na, <b>Zam\u00f3w THC-O online<\/b> , poniewa\u017c rynek cyfrowy oferuje prosty, dyskretny i wygodny spos\u00f3b nabywania wysokiej jako\u015bci odczynnik\u00f3w.<\/p>\n<h2>Nauka: Czym w\u0142a\u015bciwie jest THC-O?<\/h2>\n<p>O-octan THC jest p\u00f3\u0142syntetycznym pochodn\u0105 delta-9-THC, wytwarzan\u0105 w wyniku z\u0142o\u017conego procesu chemicznego. Z technicznego punktu widzenia jest to ester THC. Produkcja odbywa si\u0119 w procesie zwanym acetylacj\u0105, kt\u00f3ry ma miejsce w profesjonalnych laboratoriach przy zachowaniu \u015bcis\u0142ych \u015brodk\u00f3w bezpiecze\u0144stwa. W procesie tym do struktury THC dodawana jest grupa acetylowa.<\/p>\n<p>Ta modyfikacja molekularna ma decyduj\u0105ce konsekwencje: znacznie zwi\u0119ksza rozpuszczalno\u015b\u0107 w t\u0142uszczach (lipidach), a tym samym przepuszczalno\u015b\u0107 b\u0142ony kom\u00f3rkowej substancji. Naukowcy, kt\u00f3rzy <b>Najwy\u017csza jako\u015b\u0107 THC-O<\/b> analizuj\u0105 i stwierdzaj\u0105, \u017ce modyfikacja ta klasyfikuje cz\u0105steczk\u0119 jako \u201eprolek\u201c. Oznacza to, \u017ce w swojej pierwotnej postaci jest ona nieaktywna i dopiero w wyniku metabolizmu w organizmie przekszta\u0142ca si\u0119 w aktywny THC.<\/p>\n<p>Ta modyfikacja chemiczna sprawia, \u017ce THC-O mo\u017ce dzia\u0142a\u0107 nawet trzykrotnie silniej ni\u017c tradycyjny THC. Po spo\u017cyciu cz\u0105steczka cz\u0119sto rozwija swoje pe\u0142ne dzia\u0142anie psychoaktywne z op\u00f3\u017anieniem. Naukowcy cz\u0119sto opisuj\u0105 powolny pocz\u0105tek dzia\u0142ania, ale niezwykle d\u0142ugotrwa\u0142y efekt. Z tego powodu proces ten uznaje si\u0119 za, <a href=\"\/kategorie\/synthetische-cannabinoide\">Syntetyczne kannabinoidy<\/a> jak naby\u0107 THC-O, jako szczeg\u00f3lnie interesuj\u0105ce dla tych, kt\u00f3rzy poszukuj\u0105 nowych, potencjalnie intensywniejszych dozna\u0144.<\/p>\n<h2>Dlaczego ludzie szukaj\u0105 THC-O w Internecie?<\/h2>\n<p>Rosn\u0105cy popyt na zakup THC-O w Internecie wynika z wielu praktycznych i jako\u015bciowych korzy\u015bci. Internet oferuje szeroki wyb\u00f3r dostawc\u00f3w i sprawia, \u017ce dost\u0119p do tej substancji jest \u0142atwiejszy ni\u017c kiedykolwiek wcze\u015bniej. Niemniej jednak nale\u017cy zachowa\u0107 ostro\u017cno\u015b\u0107: tylko certyfikowani sprzedawcy oferuj\u0105 <b>Autentyczny THC-O<\/b> wolny od szkodliwych pozosta\u0142o\u015bci.<\/p>\n<p>Najcz\u0119stsze powody zakup\u00f3w online to mi\u0119dzy innymi:<\/p>\n<ul>\n<li><b>Wy\u017csza moc:<\/b> THC-O jest uwa\u017cane za znacznie silniejsze ni\u017c klasyczne THC, co czyni je atrakcyjnym dla bada\u0144 nad skuteczno\u015bci\u0105.<\/li>\n<li><b>Wygoda:<\/b> Ca\u0142y proces zaopatrzenia odbywa si\u0119 cyfrowo, co pozwala zaoszcz\u0119dzi\u0107 czas i zasoby.<\/li>\n<li><b>Dost\u0119pno\u015b\u0107:<\/b> Podczas gdy lokalne \u017ar\u00f3d\u0142a s\u0105 cz\u0119sto ograniczone, <b>Najlepszy THC-O dost\u0119pny<\/b> w handlu internetowym prawie zawsze dost\u0119pny.<\/li>\n<li><b>Dyskrecja:<\/b> Zam\u00f3wienia s\u0105 realizowane w spos\u00f3b neutralny i traktowane jako poufne, co chroni prywatno\u015b\u0107.<\/li>\n<li><b>Korzy\u015bci cenowe:<\/b> Wielu dostawc\u00f3w oferuje zni\u017cki przy du\u017cych zam\u00f3wieniach lub w celach badawczych.<\/li>\n<\/ul>\n<p>Ponadto rynek internetowy oferuje wi\u0119ksz\u0105 r\u00f3\u017cnorodno\u015b\u0107 form produkt\u00f3w \u2013 od olej\u00f3w wiskozowych, przez izolaty, a\u017c po destylaty. Umo\u017cliwia to indywidualny wyb\u00f3r produkt\u00f3w dostosowanych do konkretnych potrzeb badawczych lub przemys\u0142owych. Kto <b>Wysoka czysto\u015b\u0107 Na sprzeda\u017c<\/b> szuka, szybciej znajdzie to w Internecie ni\u017c w stacjonarnym sklepie.<\/p>\n<h2>Skutki i wyniki bada\u0144 nad THC-O<\/h2>\n<p>Dzia\u0142anie THC-O znacznie r\u00f3\u017cni si\u0119 od dzia\u0142ania klasycznych kannabinoid\u00f3w, co sprawia, \u017ce jest ono fascynuj\u0105cym przedmiotem bada\u0144 neurochemicznych. W raportach cz\u0119sto m\u00f3wi si\u0119 o g\u0142\u0119bokim, niemal duchowym do\u015bwiadczeniu, kt\u00f3remu towarzyszy silna euforia i intensywne zmiany percepcji. Niekt\u00f3rzy eksperci por\u00f3wnuj\u0105 jego dzia\u0142anie raczej do klasycznych substancji psychodelicznych ni\u017c do tradycyjnej marihuany.<\/p>\n<p>Do typowych efekt\u00f3w opisanych w literaturze nale\u017c\u0105:<\/p>\n<ul>\n<li>Intensywny haj z silnym uczuciem euforii.<\/li>\n<li>Wzmocniona percepcja wzrokowa i s\u0142uchowa (wzmocnione zmys\u0142y).<\/li>\n<li>Wi\u0119ksza kreatywno\u015b\u0107 i g\u0142\u0119bsze, introspektywne przemy\u015blenia.<\/li>\n<li>G\u0142\u0119bokie odpr\u0119\u017cenie fizyczne i potencjalna redukcja stresu.<\/li>\n<li>Poprawa nastroju i otwarto\u015bci spo\u0142ecznej w kontrolowanych \u015brodowiskach.<\/li>\n<\/ul>\n<p>Jednak efekt mo\u017ce by\u0107 r\u00f3wnie\u017c nieoczekiwanie silny. Wysoka biodost\u0119pno\u015b\u0107 oznacza siln\u0105 stymulacj\u0119 uk\u0142adu endokannabinoidowego. Dlatego te\u017c nowi u\u017cytkownicy powinni zachowa\u0107 ostro\u017cno\u015b\u0107 przy dawkowaniu. Laboratoria, kt\u00f3re<a href=\"https:\/\/chemgramx.com\/product\/ghb-gamma-hydroxybutyrat-online-kaufen\/\"> <b>Jako\u015b\u0107 laboratoryjna Na sprzeda\u017c<\/b><\/a> zawsze zwracaj\u0105 uwag\u0119 na konieczno\u015b\u0107 dok\u0142adnych pomiar\u00f3w, aby unikn\u0105\u0107 niepo\u017c\u0105danych skutk\u00f3w, takich jak zawroty g\u0142owy lub niepok\u00f3j.<\/p>\n<h2>Czas trwania, dawkowanie i kwestie bezpiecze\u0144stwa<\/h2>\n<p>W przeciwie\u0144stwie do tradycyjnego THC, dzia\u0142anie THC-O cz\u0119sto pojawia si\u0119 z op\u00f3\u017anieniem \u2013 zazwyczaj mi\u0119dzy 30 a 60 minutami po spo\u017cyciu. Wynika to z metabolicznej deacetylacji, kt\u00f3ra jest niezb\u0119dna do aktywacji substancji. Jednak dzia\u0142anie mo\u017ce utrzymywa\u0107 si\u0119 do 6 godzin lub d\u0142u\u017cej, a jego intensywno\u015b\u0107 powoli wzrasta.<\/p>\n<p>Naukowcy zalecaj\u0105 zatem, aby rozpocz\u0105\u0107 od ma\u0142ych dawek i odczeka\u0107 co najmniej dwie godziny przed ponownym za\u017cyciem. Zbyt szybkie powt\u00f3rzenie mo\u017ce bowiem doprowadzi\u0107 do nadmiernej stymulacji uk\u0142adu nerwowego i sprawi\u0107, \u017ce do\u015bwiadczenie b\u0119dzie nieprzyjemne. Je\u015bli <b>Kup teraz online<\/b> , nale\u017cy upewni\u0107 si\u0119, \u017ce dysponuje si\u0119 sprz\u0119tem niezb\u0119dnym do pracy z dok\u0142adno\u015bci\u0105 do miligrama.<\/p>\n<table style=\"width: 100%; border-collapse: collapse;\" border=\"1\" cellspacing=\"0\" cellpadding=\"10\">\n<thead>\n<tr style=\"background-color: #f2f2f2;\">\n<th>poziom do\u015bwiadczenia<\/th>\n<th>Zalecana ilo\u015b\u0107 (teoretyczna)<\/th>\n<th>Wa\u017cna informacja<\/th>\n<\/tr>\n<\/thead>\n<tbody>\n<tr>\n<td>pocz\u0105tkuj\u0105cy<\/td>\n<td>1 mg \u2013 3 mg<\/td>\n<td>Nale\u017cy uwzgl\u0119dni\u0107 d\u0142ugi czas oczekiwania (efekt proleku).<\/td>\n<\/tr>\n<tr>\n<td>Zaawansowani<\/td>\n<td>5 mg \u2013 10 mg<\/td>\n<td>Zwi\u0119ksza\u0107 dawk\u0119 tylko w przypadku znanej tolerancji.<\/td>\n<\/tr>\n<tr>\n<td>Eksperci \/ Badania naukowe<\/td>\n<td>Indywidualnie<\/td>\n<td>\u015acis\u0142a kontrola parametr\u00f3w.<\/td>\n<\/tr>\n<\/tbody>\n<\/table>\n<h2>Zapewnienie jako\u015bci: Kup teraz w Chemgramx<\/h2>\n<p>Osoby poszukuj\u0105ce najlepszego miejsca do nabycia tego specjalistycznego zwi\u0105zku powinny zwraca\u0107 uwag\u0119 na przejrzysto\u015b\u0107 i rzetelno\u015b\u0107. W ko\u0144cu wyb\u00f3r odpowiedniego partnera ma kluczowe znaczenie dla integralno\u015bci prowadzonych bada\u0144. W Chemgramx rozumiemy znaczenie czysto\u015bci. Nasze <a href=\"https:\/\/chemgramx.com\/product\/14-butanediol-online-kaufen\/\"><b>Bezpieczne zakupy<\/b> <\/a>gwarantuje, \u017ce otrzymujesz produkty spe\u0142niaj\u0105ce najwy\u017csze standardy.<\/p>\n<p>Przy zakupie nale\u017cy zwr\u00f3ci\u0107 uwag\u0119 na nast\u0119puj\u0105ce kwestie, kt\u00f3re spe\u0142niamy standardowo:<\/p>\n<ul>\n<li>Wiarygodne pochodzenie z jasnymi informacjami o produkcie.<\/li>\n<li>Produkty niezale\u017cnie przetestowane laboratoryjnie, posiadaj\u0105ce certyfikat COA (Certificate of Analysis).<\/li>\n<li>Bezpieczne metody p\u0142atno\u015bci z najnowocze\u015bniejszym szyfrowaniem SSL.<\/li>\n<li>Pozytywne opinie klient\u00f3w i autentyczne relacje z do\u015bwiadcze\u0144.<\/li>\n<\/ul>\n<p>Wielu klient\u00f3w por\u00f3wnuje ceny, ale nigdy nie nale\u017cy rezygnowa\u0107 z jako\u015bci. Oferujemy Pa\u0144stwu mo\u017cliwo\u015b\u0107 zakupu chemikali\u00f3w badawczych, kt\u00f3re zawieraj\u0105 dok\u0142adnie to, co jest podane na etykiecie. Nie bez powodu nasze has\u0142o brzmi: Je\u015bli oczekujesz doskona\u0142o\u015bci, kupuj w Chemgramx.<\/p>\n<h2>Status prawny i odpowiedzialno\u015b\u0107<\/h2>\n<p>Legalno\u015b\u0107 THC-O r\u00f3\u017cni si\u0119 znacznie w poszczeg\u00f3lnych krajach i jest z\u0142o\u017conym zagadnieniem. Podczas gdy w niekt\u00f3rych krajach jest ono uznawane za substancj\u0119 kontrolowan\u0105, w innych znajduje si\u0119 w szarej strefie prawnej, poniewa\u017c nie jest pozyskiwane bezpo\u015brednio z konopi, ale syntetyzowane. Na przyk\u0142ad w Stanach Zjednoczonych THC-O jest tolerowane w niekt\u00f3rych stanach, ale mo\u017ce powodowa\u0107 konflikty na poziomie federalnym.<\/p>\n<p>W UE klasyfikacja zale\u017cy od danego kraju; niekt\u00f3re kraje wyra\u017anie zakazuj\u0105 tego w ramach NpSG (ustawy o nowych substancjach psychoaktywnych), inne zezwalaj\u0105 na to wy\u0142\u0105cznie do cel\u00f3w badawczych. W zwi\u0105zku z tym przed z\u0142o\u017ceniem zam\u00f3wienia kupuj\u0105cy powinni zawsze zapozna\u0107 si\u0119 z aktualnymi przepisami obowi\u0105zuj\u0105cymi w ich regionie. Kto <b>Jako\u015b\u0107 laboratoryjna Na sprzeda\u017c<\/b> lub nabywa, ponosi odpowiedzialno\u015b\u0107 za przestrzeganie lokalnych przepis\u00f3w.<\/p>\n<h3>Wnioski<\/h3>\n<p>Podsumowuj\u0105c, octan THC-O jest silnym, syntetycznym kannabinoidem o wyj\u0105tkowo silnym dzia\u0142aniu i wysokiej warto\u015bci naukowej. Nadaje si\u0119 przede wszystkim dla do\u015bwiadczonych u\u017cytkownik\u00f3w lub instytut\u00f3w, kt\u00f3re chc\u0105 zbada\u0107 naukowo granice dzia\u0142ania kannabinoid\u00f3w. Jego wyj\u0105tkowa farmakokinetyka oferuje ekscytuj\u0105ce mo\u017cliwo\u015bci dla nowych bada\u0144.<\/p>\n<p>Je\u015bli zdecydujesz si\u0119 na zakup tego produktu, zawsze zwracaj uwag\u0119 na renomowane \u017ar\u00f3d\u0142a i jasne certyfikaty jako\u015bci. W ten spos\u00f3b zyskasz pewno\u015b\u0107, \u017ce otrzymujesz produkt wysokiej jako\u015bci. Najlepsze do\u015bwiadczenia zakupowe zapewniaj\u0105 firmy, kt\u00f3re stawiaj\u0105 na analiz\u0119 i bezpiecze\u0144stwo. Zaufaj Chemgramx, je\u015bli chodzi o Twoje potrzeby naukowe.<\/p>","protected":false},"excerpt":{"rendered":"<p>THC-O lub THC-O-octan to syntetyczny kannabinoid pochodz\u0105cy z delta-9-tetrahydrokannabinolu (THC). Jego wz\u00f3r chemiczny to C23H34O3. Wiadomo, \u017ce THC-O jest silniejszy ni\u017c zwyk\u0142y THC i jest cz\u0119sto stosowany w r\u00f3\u017cnych produktach z konopi indyjskich.<\/p>\n<p>&nbsp;<\/p>","protected":false},"featured_media":6906,"comment_status":"open","ping_status":"closed","template":"","meta":{"_joinchat":[]},"product_brand":[],"product_cat":[47],"product_tag":[333,2644,2643,2645,2637,2642,2638,2639,2641,2640],"class_list":{"0":"post-6876","1":"product","2":"type-product","3":"status-publish","4":"has-post-thumbnail","6":"product_cat-cannabinoids","7":"product_tag-synthetische-cannabinoide","8":"product_tag-thc-o-chemikalien","9":"product_tag-thc-o-deutschland","10":"product_tag-thc-o-drogen","11":"product_tag-thc-o-kaufen","12":"product_tag-thc-o-kaufen-online","13":"product_tag-thc-o-kristalle","14":"product_tag-thc-o-online-kaufen","15":"product_tag-thc-o-preis","16":"product_tag-thc-o-prodej","18":"first","19":"instock","20":"shipping-taxable","21":"purchasable","22":"product-type-variable"},"yoast_head":"<!-- This site is optimized with the Yoast SEO plugin v27.5 - https:\/\/yoast.com\/product\/yoast-seo-wordpress\/ -->\n<title>THC-O kaufen \u2013 Hochwertiges Cannabinoid f\u00fcr die Forschung<\/title>\n<meta name=\"description\" content=\"Kaufen Sie hochwertiges THC-O f\u00fcr die Cannabinoid-Forschung. Bulk-Optionen, Sicherheitsdaten und zuverl\u00e4ssiger Versand. THC-O kaufen\" \/>\n<meta name=\"robots\" content=\"index, follow, max-snippet:-1, max-image-preview:large, max-video-preview:-1\" \/>\n<link rel=\"canonical\" href=\"https:\/\/chemgramx.com\/pl\/produkt-1\/thc-o-zamowienie-online\/\" \/>\n<meta property=\"og:locale\" content=\"pl_PL\" \/>\n<meta property=\"og:type\" content=\"article\" \/>\n<meta property=\"og:title\" content=\"THC-O kaufen \u2013 Hochwertiges Cannabinoid f\u00fcr die Forschung\" \/>\n<meta property=\"og:description\" content=\"Kaufen Sie hochwertiges THC-O f\u00fcr die Cannabinoid-Forschung. Bulk-Optionen, Sicherheitsdaten und zuverl\u00e4ssiger Versand. THC-O kaufen\" \/>\n<meta property=\"og:url\" content=\"https:\/\/chemgramx.com\/pl\/produkt-1\/thc-o-zamowienie-online\/\" \/>\n<meta property=\"og:site_name\" content=\"Chemgramx\" \/>\n<meta property=\"article:modified_time\" content=\"2025-12-10T07:46:33+00:00\" \/>\n<meta property=\"og:image\" content=\"https:\/\/chemgramx.com\/wp-content\/uploads\/2025\/11\/THC-O.webp\" \/>\n\t<meta property=\"og:image:width\" content=\"1080\" \/>\n\t<meta property=\"og:image:height\" content=\"1350\" \/>\n\t<meta property=\"og:image:type\" content=\"image\/webp\" \/>\n<meta name=\"twitter:card\" content=\"summary_large_image\" \/>\n<meta name=\"twitter:label1\" content=\"Szacowany czas czytania\" \/>\n\t<meta name=\"twitter:data1\" content=\"6 minut\" \/>\n<script type=\"application\/ld+json\" class=\"yoast-schema-graph\">{\"@context\":\"https:\\\/\\\/schema.org\",\"@graph\":[{\"@type\":\"WebPage\",\"@id\":\"https:\\\/\\\/chemgramx.com\\\/product\\\/thc-o-online-bestellung\\\/\",\"url\":\"https:\\\/\\\/chemgramx.com\\\/product\\\/thc-o-online-bestellung\\\/\",\"name\":\"THC-O kaufen \u2013 Hochwertiges Cannabinoid f\u00fcr die Forschung\",\"isPartOf\":{\"@id\":\"https:\\\/\\\/chemgramx.com\\\/#website\"},\"primaryImageOfPage\":{\"@id\":\"https:\\\/\\\/chemgramx.com\\\/product\\\/thc-o-online-bestellung\\\/#primaryimage\"},\"image\":{\"@id\":\"https:\\\/\\\/chemgramx.com\\\/product\\\/thc-o-online-bestellung\\\/#primaryimage\"},\"thumbnailUrl\":\"https:\\\/\\\/chemgramx.com\\\/wp-content\\\/uploads\\\/2025\\\/11\\\/THC-O.webp\",\"datePublished\":\"2025-11-21T11:10:14+00:00\",\"dateModified\":\"2025-12-10T07:46:33+00:00\",\"description\":\"Kaufen Sie hochwertiges THC-O f\u00fcr die Cannabinoid-Forschung. Bulk-Optionen, Sicherheitsdaten und zuverl\u00e4ssiger Versand. THC-O kaufen\",\"breadcrumb\":{\"@id\":\"https:\\\/\\\/chemgramx.com\\\/product\\\/thc-o-online-bestellung\\\/#breadcrumb\"},\"inLanguage\":\"pl-PL\",\"potentialAction\":[{\"@type\":\"ReadAction\",\"target\":[\"https:\\\/\\\/chemgramx.com\\\/product\\\/thc-o-online-bestellung\\\/\"]}]},{\"@type\":\"ImageObject\",\"inLanguage\":\"pl-PL\",\"@id\":\"https:\\\/\\\/chemgramx.com\\\/product\\\/thc-o-online-bestellung\\\/#primaryimage\",\"url\":\"https:\\\/\\\/chemgramx.com\\\/wp-content\\\/uploads\\\/2025\\\/11\\\/THC-O.webp\",\"contentUrl\":\"https:\\\/\\\/chemgramx.com\\\/wp-content\\\/uploads\\\/2025\\\/11\\\/THC-O.webp\",\"width\":1080,\"height\":1350},{\"@type\":\"BreadcrumbList\",\"@id\":\"https:\\\/\\\/chemgramx.com\\\/product\\\/thc-o-online-bestellung\\\/#breadcrumb\",\"itemListElement\":[{\"@type\":\"ListItem\",\"position\":1,\"name\":\"Home\",\"item\":\"https:\\\/\\\/chemgramx.com\\\/\"},{\"@type\":\"ListItem\",\"position\":2,\"name\":\"Shop\",\"item\":\"https:\\\/\\\/chemgramx.com\\\/shop\\\/\"},{\"@type\":\"ListItem\",\"position\":3,\"name\":\"Online THC-O kaufen\"}]},{\"@type\":\"WebSite\",\"@id\":\"https:\\\/\\\/chemgramx.com\\\/#website\",\"url\":\"https:\\\/\\\/chemgramx.com\\\/\",\"name\":\"Chemgramx\",\"description\":\"\",\"publisher\":{\"@id\":\"https:\\\/\\\/chemgramx.com\\\/#organization\"},\"potentialAction\":[{\"@type\":\"SearchAction\",\"target\":{\"@type\":\"EntryPoint\",\"urlTemplate\":\"https:\\\/\\\/chemgramx.com\\\/?s={search_term_string}\"},\"query-input\":{\"@type\":\"PropertyValueSpecification\",\"valueRequired\":true,\"valueName\":\"search_term_string\"}}],\"inLanguage\":\"pl-PL\"},{\"@type\":\"Organization\",\"@id\":\"https:\\\/\\\/chemgramx.com\\\/#organization\",\"name\":\"Chemgramx\",\"url\":\"https:\\\/\\\/chemgramx.com\\\/\",\"logo\":{\"@type\":\"ImageObject\",\"inLanguage\":\"pl-PL\",\"@id\":\"https:\\\/\\\/chemgramx.com\\\/#\\\/schema\\\/logo\\\/image\\\/\",\"url\":\"https:\\\/\\\/chemgramx.com\\\/wp-content\\\/uploads\\\/2024\\\/10\\\/final-logo.png\",\"contentUrl\":\"https:\\\/\\\/chemgramx.com\\\/wp-content\\\/uploads\\\/2024\\\/10\\\/final-logo.png\",\"width\":250,\"height\":48,\"caption\":\"Chemgramx\"},\"image\":{\"@id\":\"https:\\\/\\\/chemgramx.com\\\/#\\\/schema\\\/logo\\\/image\\\/\"}}]}<\/script>\n<!-- \/ Yoast SEO plugin. -->","yoast_head_json":{"title":"Kup THC-O \u2013 wysokiej jako\u015bci kannabinoid do bada\u0144","description":"Kup wysokiej jako\u015bci THC-O do bada\u0144 nad kannabinoidami. Mo\u017cliwo\u015b\u0107 zakupu hurtowego, dane dotycz\u0105ce bezpiecze\u0144stwa i niezawodna wysy\u0142ka. Kup THC-O","robots":{"index":"index","follow":"follow","max-snippet":"max-snippet:-1","max-image-preview":"max-image-preview:large","max-video-preview":"max-video-preview:-1"},"canonical":"https:\/\/chemgramx.com\/pl\/produkt-1\/thc-o-zamowienie-online\/","og_locale":"pl_PL","og_type":"article","og_title":"THC-O kaufen \u2013 Hochwertiges Cannabinoid f\u00fcr die Forschung","og_description":"Kaufen Sie hochwertiges THC-O f\u00fcr die Cannabinoid-Forschung. Bulk-Optionen, Sicherheitsdaten und zuverl\u00e4ssiger Versand. THC-O kaufen","og_url":"https:\/\/chemgramx.com\/pl\/produkt-1\/thc-o-zamowienie-online\/","og_site_name":"Chemgramx","article_modified_time":"2025-12-10T07:46:33+00:00","og_image":[{"width":1080,"height":1350,"url":"https:\/\/chemgramx.com\/wp-content\/uploads\/2025\/11\/THC-O.webp","type":"image\/webp"}],"twitter_card":"summary_large_image","twitter_misc":{"Szacowany czas czytania":"6 minut"},"schema":{"@context":"https:\/\/schema.org","@graph":[{"@type":"WebPage","@id":"https:\/\/chemgramx.com\/product\/thc-o-online-bestellung\/","url":"https:\/\/chemgramx.com\/product\/thc-o-online-bestellung\/","name":"Kup THC-O \u2013 wysokiej jako\u015bci kannabinoid do bada\u0144","isPartOf":{"@id":"https:\/\/chemgramx.com\/#website"},"primaryImageOfPage":{"@id":"https:\/\/chemgramx.com\/product\/thc-o-online-bestellung\/#primaryimage"},"image":{"@id":"https:\/\/chemgramx.com\/product\/thc-o-online-bestellung\/#primaryimage"},"thumbnailUrl":"https:\/\/chemgramx.com\/wp-content\/uploads\/2025\/11\/THC-O.webp","datePublished":"2025-11-21T11:10:14+00:00","dateModified":"2025-12-10T07:46:33+00:00","description":"Kup wysokiej jako\u015bci THC-O do bada\u0144 nad kannabinoidami. Mo\u017cliwo\u015b\u0107 zakupu hurtowego, dane dotycz\u0105ce bezpiecze\u0144stwa i niezawodna wysy\u0142ka. Kup THC-O","breadcrumb":{"@id":"https:\/\/chemgramx.com\/product\/thc-o-online-bestellung\/#breadcrumb"},"inLanguage":"pl-PL","potentialAction":[{"@type":"ReadAction","target":["https:\/\/chemgramx.com\/product\/thc-o-online-bestellung\/"]}]},{"@type":"ImageObject","inLanguage":"pl-PL","@id":"https:\/\/chemgramx.com\/product\/thc-o-online-bestellung\/#primaryimage","url":"https:\/\/chemgramx.com\/wp-content\/uploads\/2025\/11\/THC-O.webp","contentUrl":"https:\/\/chemgramx.com\/wp-content\/uploads\/2025\/11\/THC-O.webp","width":1080,"height":1350},{"@type":"BreadcrumbList","@id":"https:\/\/chemgramx.com\/product\/thc-o-online-bestellung\/#breadcrumb","itemListElement":[{"@type":"ListItem","position":1,"name":"Home","item":"https:\/\/chemgramx.com\/"},{"@type":"ListItem","position":2,"name":"Shop","item":"https:\/\/chemgramx.com\/shop\/"},{"@type":"ListItem","position":3,"name":"Online THC-O kaufen"}]},{"@type":"WebSite","@id":"https:\/\/chemgramx.com\/#website","url":"https:\/\/chemgramx.com\/","name":"Chemgramx","description":"","publisher":{"@id":"https:\/\/chemgramx.com\/#organization"},"potentialAction":[{"@type":"SearchAction","target":{"@type":"EntryPoint","urlTemplate":"https:\/\/chemgramx.com\/?s={search_term_string}"},"query-input":{"@type":"PropertyValueSpecification","valueRequired":true,"valueName":"search_term_string"}}],"inLanguage":"pl-PL"},{"@type":"Organization","@id":"https:\/\/chemgramx.com\/#organization","name":"Chemgramx","url":"https:\/\/chemgramx.com\/","logo":{"@type":"ImageObject","inLanguage":"pl-PL","@id":"https:\/\/chemgramx.com\/#\/schema\/logo\/image\/","url":"https:\/\/chemgramx.com\/wp-content\/uploads\/2024\/10\/final-logo.png","contentUrl":"https:\/\/chemgramx.com\/wp-content\/uploads\/2024\/10\/final-logo.png","width":250,"height":48,"caption":"Chemgramx"},"image":{"@id":"https:\/\/chemgramx.com\/#\/schema\/logo\/image\/"}}]}},"_links":{"self":[{"href":"https:\/\/chemgramx.com\/pl\/wp-json\/wp\/v2\/product\/6876","targetHints":{"allow":["GET"]}}],"collection":[{"href":"https:\/\/chemgramx.com\/pl\/wp-json\/wp\/v2\/product"}],"about":[{"href":"https:\/\/chemgramx.com\/pl\/wp-json\/wp\/v2\/types\/product"}],"replies":[{"embeddable":true,"href":"https:\/\/chemgramx.com\/pl\/wp-json\/wp\/v2\/comments?post=6876"}],"wp:featuredmedia":[{"embeddable":true,"href":"https:\/\/chemgramx.com\/pl\/wp-json\/wp\/v2\/media\/6906"}],"wp:attachment":[{"href":"https:\/\/chemgramx.com\/pl\/wp-json\/wp\/v2\/media?parent=6876"}],"wp:term":[{"taxonomy":"product_brand","embeddable":true,"href":"https:\/\/chemgramx.com\/pl\/wp-json\/wp\/v2\/product_brand?post=6876"},{"taxonomy":"product_cat","embeddable":true,"href":"https:\/\/chemgramx.com\/pl\/wp-json\/wp\/v2\/product_cat?post=6876"},{"taxonomy":"product_tag","embeddable":true,"href":"https:\/\/chemgramx.com\/pl\/wp-json\/wp\/v2\/product_tag?post=6876"}],"curies":[{"name":"wp","href":"https:\/\/api.w.org\/{rel}","templated":true}]}}