{"id":6877,"date":"2025-11-21T11:10:15","date_gmt":"2025-11-21T11:10:15","guid":{"rendered":"https:\/\/chemgramx.com\/?post_type=product&#038;p=6877"},"modified":"2025-12-10T07:18:23","modified_gmt":"2025-12-10T07:18:23","slug":"5f-mdmb-2201-zamowienie-online","status":"publish","type":"product","link":"https:\/\/chemgramx.com\/pl\/product\/5f-mdmb-2201-online-bestellung\/","title":{"rendered":"Kup 5F-MDMB-2201 \u2013 badania, wysoka jako\u015b\u0107"},"content":{"rendered":"<p>\u015awiat chemikali\u00f3w badawczych rozwija si\u0119 w szybkim tempie. Nieustannie powstaj\u0105 nowe substancje, kt\u00f3re umo\u017cliwiaj\u0105 naukowcom lepsze zrozumienie proces\u00f3w neurochemicznych. Jednym z tych niezwykle interesuj\u0105cych zwi\u0105zk\u00f3w jest <b>5F-MDMB-2201<\/b>, syntetyczny kannabinoid, kt\u00f3ry ze wzgl\u0119du na swoj\u0105 moc i wszechstronno\u015b\u0107 coraz cz\u0119\u015bciej znajduje si\u0119 w centrum zainteresowania naukowc\u00f3w. Poszukiwanie <b>Najwy\u017csza jako\u015b\u0107 5F-MDMB-2201<\/b> sk\u0142oni\u0142o wielu naukowc\u00f3w do poszukiwania wiarygodnych \u017ar\u00f3de\u0142 w Internecie. Obecnie wiele laboratori\u00f3w i naukowc\u00f3w decyduje si\u0119 na, <b>Kup 5F-MDMB-2201 online<\/b>, poniewa\u017c rynek internetowy oferuje sprawdzon\u0105 jako\u015b\u0107, przejrzyste informacje o produktach i wygodne mo\u017cliwo\u015bci sk\u0142adania zam\u00f3wie\u0144. Je\u015bli szukasz <b>5F-MDMB-2201 na sprzeda\u017c<\/b> szukasz lub potrzebujesz wysokiej jako\u015bci pr\u00f3bek do eksperyment\u00f3w badawczych, w Internecie znajdziesz szeroki wyb\u00f3r certyfikowanych \u017ar\u00f3de\u0142. Produkt ten reprezentuje now\u0105 generacj\u0119 syntetycznych kannabinoid\u00f3w o wyj\u0105tkowych w\u0142a\u015bciwo\u015bciach do bada\u0144 naukowych.<\/p>\n<h2>Was ist 5F-MDMB-2201?<\/h2>\n<p><b>5F-MDMB-2201<\/b> jest syntetycznym kannabinoidem z grupy kannabinoid\u00f3w opartych na indolu. Pod wzgl\u0119dem chemicznym jest podobny do zwi\u0105zk\u00f3w takich jak MDMB-CHMICA lub FUB-AMB, ale r\u00f3\u017cni si\u0119 nieco struktur\u0105 cz\u0105steczkow\u0105, co powoduje jego wyj\u0105tkowe dzia\u0142anie. Nale\u017cy do klasy syntetycznych kannabinoid\u00f3w opartych na indolu i wykazuje niezwyk\u0142e powinowactwo do receptor\u00f3w kannabinoidowych.<\/p>\n<p>Zwi\u0105zek ten wi\u0105\u017ce si\u0119 z receptorami CB1 i CB2 uk\u0142adu endokannabinoidowego i wykazuje znacznie silniejsze powinowactwo ni\u017c naturalny THC. Powoduje to szczeg\u00f3lnie intensywne, cz\u0119\u015bciowo nieprzewidywalne dzia\u0142anie, kt\u00f3re naukowcy wykorzystuj\u0105 w celu lepszego zrozumienia aktywno\u015bci receptor\u00f3w i szlak\u00f3w sygna\u0142owych. Badania koncentruj\u0105 si\u0119 na szczeg\u00f3\u0142owej analizie tych w\u0142a\u015bciwo\u015bci wi\u0105zania.<\/p>\n<p>W por\u00f3wnaniu z klasycznym THC, 5F-MDMB-2201 jest uwa\u017cany za silniejszy, bardziej z\u0142o\u017cony i kr\u00f3cej dzia\u0142aj\u0105cy. Dlatego naukowcy wykorzystuj\u0105 t\u0119 substancj\u0119, aby uzyska\u0107 nowe informacje na temat interakcji syntetycznych kannabinoid\u00f3w z centralnym uk\u0142adem nerwowym. Je\u015bli <b>Badania naukowe 5F-MDMB-2201 na sprzeda\u017c<\/b> , jest to doskona\u0142y wyb\u00f3r do precyzyjnych prac laboratoryjnych.<\/p>\n<h2>Dlaczego warto kupi\u0107 5F-MDMB-2201 online?<\/h2>\n<p>Zakupy online oferuj\u0105 naukowcom wygodny, bezpieczny i cz\u0119sto ta\u0144szy spos\u00f3b pozyskiwania wysokiej jako\u015bci pr\u00f3bek. Opr\u00f3cz \u0142atwej dost\u0119pno\u015bci kluczow\u0105 rol\u0119 odgrywa r\u00f3wnie\u017c przejrzysto\u015b\u0107 dostawc\u00f3w. Dlatego zaleca si\u0119, <b>Badania naukowe 5F-MDMB-2201 na sprzeda\u017c<\/b> pochodzi\u0107 z wiarygodnych \u017ar\u00f3de\u0142.<\/p>\n<p><b>G\u0142\u00f3wne powody, dla kt\u00f3rych wielu badaczy kupuje 5F-MDMB-2201 online:<\/b><\/p>\n<ul>\n<li><b>Nowo\u015b\u0107 i potencja\u0142:<\/b> Znacznie silniejsze dzia\u0142anie ni\u017c klasyczne kannabinoidy, co umo\u017cliwia nowe podej\u015bcie badawcze.<\/li>\n<li><b>Wygoda:<\/b> \u0141atwe sk\u0142adanie zam\u00f3wie\u0144 i realizacja transakcji online. Dzi\u0119ki temu jest to opcja dost\u0119pna dla instytucji badawczych na ca\u0142ym \u015bwiecie.<\/li>\n<li><b>R\u00f3\u017cnorodno\u015b\u0107 produkt\u00f3w:<\/b> Dost\u0119pne w r\u00f3\u017cnych kszta\u0142tach, aby spe\u0142ni\u0107 konkretne wymagania laboratoryjne.<\/li>\n<li><b>Dyskrecja:<\/b> Staranna obs\u0142uga ka\u017cdego zam\u00f3wienia gwarantuje poufno\u015b\u0107.<\/li>\n<li><b>Korzy\u015bci cenowe:<\/b> Sklepy internetowe cz\u0119sto oferuj\u0105 konkurencyjne ceny, umo\u017cliwiaj\u0105c tym samym efektywne zarz\u0105dzanie bud\u017cetem projekt\u00f3w badawczych.<\/li>\n<\/ul>\n<p>Ponadto renomowani dostawcy internetowi zapewniaj\u0105 identyfikowalno\u015b\u0107 ka\u017cdej partii, dzi\u0119ki czemu badacze mog\u0105 mie\u0107 pewno\u015b\u0107, \u017ce otrzymuj\u0105 czysty, sprawdzony laboratoryjnie produkt. Je\u015bli <b>Najwy\u017csza jako\u015b\u0107 5F-MDMB-2201 dost\u0119pna<\/b> szukasz, powiniene\u015b wzi\u0105\u0107 pod uwag\u0119 te kryteria.<\/p>\n<h2>Efekty i korzy\u015bci<\/h2>\n<p><b>5F-MDMB-2201<\/b> jest znany ze swoich silnych i szybkich efekt\u00f3w. W badaniach laboratoryjnych zaobserwowano, \u017ce nawet najmniejsze ilo\u015bci mog\u0105 powodowa\u0107 wyra\u017ane zmiany w postrzeganiu i nastroju. To silne wi\u0105zanie receptor\u00f3w sprawia, \u017ce jest on idealnym obiektem bada\u0144 nad neurochemi\u0105 kannabinoid\u00f3w. Precyzyjna analiza tych efekt\u00f3w ma kluczowe znaczenie dla zrozumienia proces\u00f3w neurofizjologicznych.<\/p>\n<p>Cz\u0119sto dokumentowane efekty w kontrolowanych warunkach:<\/p>\n<ul>\n<li>Wyra\u017ana euforia i podwy\u017cszony nastr\u00f3j<\/li>\n<li>Wzmocniona percepcja sensoryczna (np. kolory, d\u017awi\u0119ki)<\/li>\n<li>G\u0142\u0119bokie odpr\u0119\u017cenie fizyczne i psychiczne<\/li>\n<li>Tymczasowa zmiana postrzegania czasu i przestrzeni<\/li>\n<li>Zwi\u0119kszona gadatliwo\u015b\u0107 i lekka euforia<\/li>\n<\/ul>\n<p>W \u015brodowiskach badawczych obserwacje te wykorzystuje si\u0119 do analizy mechanizm\u00f3w neuronalnych odpowiedzialnych za dobre samopoczucie, percepcj\u0119 i regulacj\u0119 emocjonaln\u0105. Badanie <b>Autentyczny 5F-MDMB-2201<\/b> dostarcza cennych danych dla bada\u0144 neurologicznych.<\/p>\n<h2>Wytyczne dotycz\u0105ce dawkowania do cel\u00f3w badawczych<\/h2>\n<p>Ze wzgl\u0119du na swoj\u0105 wyj\u0105tkow\u0105 moc, 5F-MDMB-2201 wymaga szczeg\u00f3lnie starannego dawkowania. Ju\u017c mikrogramowe ilo\u015bci mog\u0105 wywo\u0142ywa\u0107 wyra\u017ane efekty, dlatego niezb\u0119dne s\u0105 precyzyjne przyrz\u0105dy pomiarowe. Precyzyjna obs\u0142uga jest kluczem do uzyskania powtarzalnych wynik\u00f3w bada\u0144.<\/p>\n<p><b>Zalecane wytyczne dotycz\u0105ce dawkowania w badaniach laboratoryjnych:<\/b><\/p>\n<ul>\n<li>Pocz\u0105tek od <b>0,5 mg \u2013 1 mg<\/b> na jednostk\u0119 pr\u00f3bn\u0105. Dzi\u0119ki temu mo\u017cna obserwowa\u0107 reakcj\u0119 bez natychmiastowego wywierania przyt\u0142aczaj\u0105cego wp\u0142ywu.<\/li>\n<li><b>Unikanie ponownego dozowania<\/b>, aby zapobiec nadmiernym reakcjom. Zaleca si\u0119 ca\u0142kowite wyczerpanie dzia\u0142ania dawki pocz\u0105tkowej przed rozwa\u017ceniem ponownego podania leku.<\/li>\n<li>Dokumentacja wszystkich reakcji i parametr\u00f3w. Ka\u017cda obserwacja jest cenna dla oceny naukowej.<\/li>\n<\/ul>\n<p>Poniewa\u017c indywidualna reakcja mo\u017ce si\u0119 znacznie r\u00f3\u017cni\u0107, stopniowe zwi\u0119kszanie dawki jest zalecane wy\u0142\u0105cznie w kontrolowanych warunkach. Dok\u0142adna dokumentacja jest niezb\u0119dna dla naukowej wiarygodno\u015bci badania. Je\u015bli <b>Wysokiej czysto\u015bci 5F-MDMB-2201 na sprzeda\u017c<\/b> szczeg\u00f3lnie wa\u017cne jest staranne dawkowanie.<\/p>\n<h2>Czas dzia\u0142ania i charakterystyka<\/h2>\n<p>Efekty dzia\u0142ania 5F-MDMB-2201 pojawiaj\u0105 si\u0119 zazwyczaj <b>po 5 do 15 minutach<\/b> (w przypadku odparowania lub inhalacji) i mog\u0105 <b>od 2 do 6 godzin<\/b> . Wiele bada\u0144 wskazuje na dwufazow\u0105 struktur\u0119: najpierw euforia i pobudzenie, a nast\u0119pnie g\u0142\u0119bokie odpr\u0119\u017cenie. Ta dynamiczna forma dzia\u0142ania sprawia, \u017ce jest to fascynuj\u0105cy obiekt bada\u0144.<\/p>\n<p>Ta kombinacja sprawia, \u017ce 5F-MDMB-2201 jest interesuj\u0105cy dla naukowc\u00f3w zajmuj\u0105cych si\u0119 dynamik\u0105 czasow\u0105 dzia\u0142ania kannabinoid\u00f3w. Zrozum z\u0142o\u017cone profile dzia\u0142ania, korzystaj\u0105c z <b>5F-MDMB-2201 na sprzeda\u017c<\/b> od Chemgramx. Aby uzyska\u0107 precyzyjne wyniki bada\u0144, niezb\u0119dna jest wiedza na temat czasu dzia\u0142ania.<\/p>\n<p>Badania nad <a href=\"https:\/\/chemgramx.com\/product\/camel-stamp-hash-kaufen\/\">Analogi kannabinoid\u00f3w<\/a> takie jak 5F-MDMB-2201 mo\u017ce zapewni\u0107 g\u0142\u0119bszy wgl\u0105d w uk\u0142ad endokannabinoidowy. Dlatego dost\u0119pno\u015b\u0107 <b>Laboratory Grade 5F-MDMB-2201 na sprzeda\u017c<\/b> maj\u0105 ogromne znaczenie dla post\u0119pu naukowego. Oferujemy <b>Najwy\u017csza jako\u015b\u0107 5F-MDMB-2201<\/b>, aby spe\u0142ni\u0107 Twoje wymagania badawcze.<\/p>\n<h2>Status prawny<\/h2>\n<p>Status prawny <b>5F-MDMB-2201<\/b> r\u00f3\u017cni si\u0119 znacznie w poszczeg\u00f3lnych krajach. W wielu krajach, w tym w Niemczech, Wielkiej Brytanii i Kanadzie, substancja ta jest klasyfikowana jako zwi\u0105zek kontrolowany. W innych krajach pozostaje ona jednak legalnie dost\u0119pna do cel\u00f3w badawczych. Przed zakupem nale\u017cy zapozna\u0107 si\u0119 z lokalnymi przepisami. <b>5F-MDMB-2201 na sprzeda\u017c<\/b> naby\u0107.<\/p>\n<p>Przed z\u0142o\u017ceniem zam\u00f3wienia kupuj\u0105cy powinni koniecznie zapozna\u0107 si\u0119 z obowi\u0105zuj\u0105cymi przepisami prawa i ramami regulacyjnymi obowi\u0105zuj\u0105cymi w ich kraju. Instytucje badawcze sk\u0142adaj\u0105ce zam\u00f3wienia mi\u0119dzynarodowe musz\u0105 dodatkowo przestrzega\u0107 przepis\u00f3w importowych i celnych. Rozwa\u017cne podej\u015bcie do kwestii regulacyjnych jest niezb\u0119dne dla ka\u017cdej instytucji badawczej.<\/p>\n<h2>Kontrola jako\u015bci i czysto\u015bci<\/h2>\n<p>Niezawodni dostawcy <b>5F-MDMB-2201<\/b> ka\u017cda partia poddawana jest rygorystycznym testom laboratoryjnym. Obejmuj\u0105 one analizy chromatograficzne (HPLC \/ GC-MS) w celu potwierdzenia czysto\u015bci chemicznej, a tak\u017ce badania spektralne w celu identyfikacji ewentualnych produkt\u00f3w ubocznych. Gwarantuje to, \u017ce otrzymujesz <b>Autentyczny 5F-MDMB-2201<\/b> otrzymane.<\/p>\n<p>Ta gwarancja jako\u015bci zapewnia, \u017ce substancja nadaje si\u0119 do bada\u0144 analitycznych, toksykologicznych i farmakologicznych. Renomowani dostawcy do\u0142\u0105czaj\u0105 certyfikaty COA (Certificate of Analysis), aby naukowcy mogli zweryfikowa\u0107 czysto\u015b\u0107 produktu. Certyfikat COA jest niezb\u0119dnym dokumentem dla ka\u017cdego badania naukowego opartego na precyzyjnych standardach chemicznych.<\/p>\n<h3>Najlepsze miejsca do kupienia 5F-MDMB-2201 online<\/h3>\n<p>Kto <b>Najlepsze miejsce do zakupu 5F-MDMB-2201<\/b> powinien przywi\u0105zywa\u0107 wag\u0119 do przejrzysto\u015bci i bezpiecze\u0144stwa. Wyb\u00f3r godnego zaufania dostawcy ma kluczowe znaczenie dla jako\u015bci wynik\u00f3w bada\u0144. Oferujemy <b>Najlepszy dost\u0119pny 5F-MDMB-2201<\/b> dla Pa\u0144stwa ambitnych projekt\u00f3w naukowych.<\/p>\n<p><b>Wa\u017cne kryteria wyboru:<\/b><\/p>\n<ul>\n<li>Certyfikowane raporty laboratoryjne z COA<\/li>\n<li>Pozytywne opinie i referencje klient\u00f3w<\/li>\n<li>Bezpieczne metody p\u0142atno\u015bci z szyfrowaniem SSL<\/li>\n<li>Szybka i dyskretna realizacja<\/li>\n<li>Jasne zasady zwrot\u00f3w i obs\u0142uga klienta<\/li>\n<\/ul>\n<p>Dostawca, kt\u00f3ry \u201e<b>5F-MDMB-2201 na sprzeda\u017c<\/b> \u201cz wiarygodnego \u017ar\u00f3d\u0142a badawczego\u201d zazwyczaj spe\u0142nia te standardy i zapewnia najwy\u017cszy poziom bezpiecze\u0144stwa produktu. Zwracaj uwag\u0119 na dostawc\u00f3w, kt\u00f3rzy <a href=\"https:\/\/chemgramx.com\/product\/blue-punishers-290mg-online-kaufen\/\">zaawansowanych chemikali\u00f3w badawczych<\/a> dzia\u0142aj\u0105 jak 5F-MDMB-2201, zachowuj\u0105c najwy\u017csze standardy jako\u015bci.<\/p>\n<h3>Wnioski<\/h3>\n<p><b>5F-MDMB-2201<\/b> jest nowoczesnym, silnym chemicznym \u015brodkiem badawczym, kt\u00f3ry pozwala uzyska\u0107 cenne informacje na temat dzia\u0142ania syntetycznych kannabinoid\u00f3w. Ze wzgl\u0119du na swoj\u0105 wysok\u0105 moc jest szczeg\u00f3lnie odpowiedni dla do\u015bwiadczonych naukowc\u00f3w przeprowadzaj\u0105cych precyzyjne badania neurochemiczne. Dost\u0119pno\u015b\u0107 takich substancji u\u0142atwia zrozumienie z\u0142o\u017conych interakcji molekularnych.<\/p>\n<p>Kto <b>5F-MDMB-2201 kup online<\/b> powinien zwraca\u0107 si\u0119 wy\u0142\u0105cznie do renomowanych, sprawdzonych dostawc\u00f3w. Jako\u015b\u0107, czysto\u015b\u0107 i przejrzysto\u015b\u0107 prawna maj\u0105 decyduj\u0105ce znaczenie dla zapewnienia bezpiecznych i powtarzalnych wynik\u00f3w bada\u0144. Wyb\u00f3r odpowiedniego dostawcy jest kluczowym etapem ka\u017cdego projektu badawczego.<\/p>\n<p>The <b>Kup najlepszy 5F-MDMB-2201 online<\/b> jest skuteczna tam, gdzie przejrzysto\u015b\u0107, badania laboratoryjne i dyskrecja s\u0105 oczywisto\u015bci\u0105. W ten spos\u00f3b naukowcy mog\u0105 zapewni\u0107, \u017ce ich badania pozostaj\u0105 zar\u00f3wno wiarygodne, jak i oparte na podstawach naukowych. Do przeprowadzenia kolejnej serii bada\u0144 nale\u017cy zaopatrzy\u0107 si\u0119 w <b>Wysokiej czysto\u015bci 5F-MDMB-2201 na sprzeda\u017c<\/b> w Chemgramx to doskona\u0142y wyb\u00f3r, aby osi\u0105gn\u0105\u0107 najwy\u017csz\u0105 wydajno\u015b\u0107.<\/p>","protected":false},"excerpt":{"rendered":"<p><strong>5F-MDMB (5-fluorometylo-MDMB)<\/strong> to syntetyczna substancja nale\u017c\u0105ca do klasy syntetycznych kannabinoid\u00f3w. Jest cz\u0119sto stosowana jako substancja chemiczna do bada\u0144, a w ostatnich latach zyska\u0142a coraz wi\u0119ksz\u0105 uwag\u0119 na scenie narkotyk\u00f3w rekreacyjnych ze wzgl\u0119du na jej potencjalne dzia\u0142anie psychoaktywne. Niniejszy przewodnik zawiera szczeg\u00f3\u0142owy przegl\u0105d 5F-MDMB, w tym jego struktur\u0119 chemiczn\u0105, skutki, zagro\u017cenia i status prawny.<\/p>","protected":false},"featured_media":6907,"comment_status":"open","ping_status":"closed","template":"","meta":{"_joinchat":[]},"product_brand":[],"product_cat":[47],"product_tag":[328,327,350,342,351,339,355,354,337,340,343,338,348,341,353,345,344,352,346,349,347,334,329,188,251,336,335,321,331,332,250,333,330],"class_list":{"0":"post-6877","1":"product","2":"type-product","3":"status-publish","4":"has-post-thumbnail","6":"product_cat-cannabinoids","7":"product_tag-5-fluoromethyl-mdmb","8":"product_tag-5f-mdmb","9":"product_tag-5f-mdmb-analyse","10":"product_tag-5f-mdmb-anwendung","11":"product_tag-5f-mdmb-chemie","12":"product_tag-5f-mdmb-forschung","13":"product_tag-5f-mdmb-forschungslabor","14":"product_tag-5f-mdmb-groshandel","15":"product_tag-5f-mdmb-kaufen","16":"product_tag-5f-mdmb-labor","17":"product_tag-5f-mdmb-lagerung","18":"product_tag-5f-mdmb-lieferant","19":"product_tag-5f-mdmb-markt","20":"product_tag-5f-mdmb-preis","21":"product_tag-5f-mdmb-referenzmaterial","22":"product_tag-5f-mdmb-risiken","23":"product_tag-5f-mdmb-sicherheit","24":"product_tag-5f-mdmb-substanz","25":"product_tag-5f-mdmb-verfugbarkeit","26":"product_tag-5f-mdmb-vertrieb","27":"product_tag-5f-mdmb-vorschriften","28":"product_tag-ahnliche-substanzen-zu-5f-mdmb","29":"product_tag-chemische-formel-5f-mdmb","30":"product_tag-forschungschemikalien","31":"product_tag-gesundheitliche-risiken","32":"product_tag-jwh-018","33":"product_tag-mdmb-fubinaca","34":"product_tag-mdpv","35":"product_tag-rechtlicher-status-5f-mdmb","36":"product_tag-risiken-5f-mdmb","37":"product_tag-suchtgefahr","38":"product_tag-synthetische-cannabinoide","39":"product_tag-wirkungen-von-5f-mdmb","41":"first","42":"instock","43":"shipping-taxable","44":"purchasable","45":"product-type-variable"},"yoast_head":"<!-- This site is optimized with the Yoast SEO plugin v27.5 - https:\/\/yoast.com\/product\/yoast-seo-wordpress\/ -->\n<title>5F-MDMB-2201 online kaufen \u2013 5F-MDMB-2201 zu verkaufen<\/title>\n<meta name=\"description\" content=\"Wenn Sie sich f\u00fcr 5f-mdmb-2201 begeistern, dann ist unser Shop der beste Ort, um 5f-mdmb-2201 online zu kaufen. Sie k\u00f6nnen 5f-mdmb-2201 zum niedrigsten Preis kaufen. Bestellen Sie jetzt und erhalten Sie es in K\u00fcrze!\" \/>\n<meta name=\"robots\" content=\"index, follow, max-snippet:-1, max-image-preview:large, max-video-preview:-1\" \/>\n<link rel=\"canonical\" href=\"https:\/\/chemgramx.com\/pl\/produkt-1\/5f-mdmb-2201-zamowienie-online\/\" \/>\n<meta property=\"og:locale\" content=\"pl_PL\" \/>\n<meta property=\"og:type\" content=\"article\" \/>\n<meta property=\"og:title\" content=\"5F-MDMB-2201 online kaufen \u2013 5F-MDMB-2201 zu verkaufen\" \/>\n<meta property=\"og:description\" content=\"Wenn Sie sich f\u00fcr 5f-mdmb-2201 begeistern, dann ist unser Shop der beste Ort, um 5f-mdmb-2201 online zu kaufen. Sie k\u00f6nnen 5f-mdmb-2201 zum niedrigsten Preis kaufen. Bestellen Sie jetzt und erhalten Sie es in K\u00fcrze!\" \/>\n<meta property=\"og:url\" content=\"https:\/\/chemgramx.com\/pl\/produkt-1\/5f-mdmb-2201-zamowienie-online\/\" \/>\n<meta property=\"og:site_name\" content=\"Chemgramx\" \/>\n<meta property=\"article:modified_time\" content=\"2025-12-10T07:18:23+00:00\" \/>\n<meta property=\"og:image\" content=\"https:\/\/chemgramx.com\/wp-content\/uploads\/2025\/11\/5F-MDMB.jpg\" \/>\n\t<meta property=\"og:image:width\" content=\"640\" \/>\n\t<meta property=\"og:image:height\" content=\"480\" \/>\n\t<meta property=\"og:image:type\" content=\"image\/jpeg\" \/>\n<meta name=\"twitter:card\" content=\"summary_large_image\" \/>\n<meta name=\"twitter:label1\" content=\"Szacowany czas czytania\" \/>\n\t<meta name=\"twitter:data1\" content=\"4 minuty\" \/>\n<script type=\"application\/ld+json\" class=\"yoast-schema-graph\">{\"@context\":\"https:\\\/\\\/schema.org\",\"@graph\":[{\"@type\":\"WebPage\",\"@id\":\"https:\\\/\\\/chemgramx.com\\\/product\\\/5f-mdmb-2201-online-bestellung\\\/\",\"url\":\"https:\\\/\\\/chemgramx.com\\\/product\\\/5f-mdmb-2201-online-bestellung\\\/\",\"name\":\"5F-MDMB-2201 online kaufen \u2013 5F-MDMB-2201 zu verkaufen\",\"isPartOf\":{\"@id\":\"https:\\\/\\\/chemgramx.com\\\/#website\"},\"primaryImageOfPage\":{\"@id\":\"https:\\\/\\\/chemgramx.com\\\/product\\\/5f-mdmb-2201-online-bestellung\\\/#primaryimage\"},\"image\":{\"@id\":\"https:\\\/\\\/chemgramx.com\\\/product\\\/5f-mdmb-2201-online-bestellung\\\/#primaryimage\"},\"thumbnailUrl\":\"https:\\\/\\\/chemgramx.com\\\/wp-content\\\/uploads\\\/2025\\\/11\\\/5F-MDMB.jpg\",\"datePublished\":\"2025-11-21T11:10:15+00:00\",\"dateModified\":\"2025-12-10T07:18:23+00:00\",\"description\":\"Wenn Sie sich f\u00fcr 5f-mdmb-2201 begeistern, dann ist unser Shop der beste Ort, um 5f-mdmb-2201 online zu kaufen. Sie k\u00f6nnen 5f-mdmb-2201 zum niedrigsten Preis kaufen. Bestellen Sie jetzt und erhalten Sie es in K\u00fcrze!\",\"breadcrumb\":{\"@id\":\"https:\\\/\\\/chemgramx.com\\\/product\\\/5f-mdmb-2201-online-bestellung\\\/#breadcrumb\"},\"inLanguage\":\"pl-PL\",\"potentialAction\":[{\"@type\":\"ReadAction\",\"target\":[\"https:\\\/\\\/chemgramx.com\\\/product\\\/5f-mdmb-2201-online-bestellung\\\/\"]}]},{\"@type\":\"ImageObject\",\"inLanguage\":\"pl-PL\",\"@id\":\"https:\\\/\\\/chemgramx.com\\\/product\\\/5f-mdmb-2201-online-bestellung\\\/#primaryimage\",\"url\":\"https:\\\/\\\/chemgramx.com\\\/wp-content\\\/uploads\\\/2025\\\/11\\\/5F-MDMB.jpg\",\"contentUrl\":\"https:\\\/\\\/chemgramx.com\\\/wp-content\\\/uploads\\\/2025\\\/11\\\/5F-MDMB.jpg\",\"width\":640,\"height\":480},{\"@type\":\"BreadcrumbList\",\"@id\":\"https:\\\/\\\/chemgramx.com\\\/product\\\/5f-mdmb-2201-online-bestellung\\\/#breadcrumb\",\"itemListElement\":[{\"@type\":\"ListItem\",\"position\":1,\"name\":\"Home\",\"item\":\"https:\\\/\\\/chemgramx.com\\\/\"},{\"@type\":\"ListItem\",\"position\":2,\"name\":\"Shop\",\"item\":\"https:\\\/\\\/chemgramx.com\\\/shop\\\/\"},{\"@type\":\"ListItem\",\"position\":3,\"name\":\"5F-MDMB-2201 Kaufen &#8211; Forschung, Hohe Qualit\u00e4t\"}]},{\"@type\":\"WebSite\",\"@id\":\"https:\\\/\\\/chemgramx.com\\\/#website\",\"url\":\"https:\\\/\\\/chemgramx.com\\\/\",\"name\":\"Chemgramx\",\"description\":\"\",\"publisher\":{\"@id\":\"https:\\\/\\\/chemgramx.com\\\/#organization\"},\"potentialAction\":[{\"@type\":\"SearchAction\",\"target\":{\"@type\":\"EntryPoint\",\"urlTemplate\":\"https:\\\/\\\/chemgramx.com\\\/?s={search_term_string}\"},\"query-input\":{\"@type\":\"PropertyValueSpecification\",\"valueRequired\":true,\"valueName\":\"search_term_string\"}}],\"inLanguage\":\"pl-PL\"},{\"@type\":\"Organization\",\"@id\":\"https:\\\/\\\/chemgramx.com\\\/#organization\",\"name\":\"Chemgramx\",\"url\":\"https:\\\/\\\/chemgramx.com\\\/\",\"logo\":{\"@type\":\"ImageObject\",\"inLanguage\":\"pl-PL\",\"@id\":\"https:\\\/\\\/chemgramx.com\\\/#\\\/schema\\\/logo\\\/image\\\/\",\"url\":\"https:\\\/\\\/chemgramx.com\\\/wp-content\\\/uploads\\\/2024\\\/10\\\/final-logo.png\",\"contentUrl\":\"https:\\\/\\\/chemgramx.com\\\/wp-content\\\/uploads\\\/2024\\\/10\\\/final-logo.png\",\"width\":250,\"height\":48,\"caption\":\"Chemgramx\"},\"image\":{\"@id\":\"https:\\\/\\\/chemgramx.com\\\/#\\\/schema\\\/logo\\\/image\\\/\"}}]}<\/script>\n<!-- \/ Yoast SEO plugin. -->","yoast_head_json":{"title":"Kup 5F-MDMB-2201 online \u2013 5F-MDMB-2201 na sprzeda\u017c","description":"Je\u015bli pasjonujesz si\u0119 modelem 5f-mdmb-2201, nasz sklep to najlepsze miejsce, aby kupi\u0107 go online. Mo\u017cesz kupi\u0107 5f-mdmb-2201 w najni\u017cszej cenie. Zam\u00f3w teraz i otrzymaj go wkr\u00f3tce!","robots":{"index":"index","follow":"follow","max-snippet":"max-snippet:-1","max-image-preview":"max-image-preview:large","max-video-preview":"max-video-preview:-1"},"canonical":"https:\/\/chemgramx.com\/pl\/produkt-1\/5f-mdmb-2201-zamowienie-online\/","og_locale":"pl_PL","og_type":"article","og_title":"5F-MDMB-2201 online kaufen \u2013 5F-MDMB-2201 zu verkaufen","og_description":"Wenn Sie sich f\u00fcr 5f-mdmb-2201 begeistern, dann ist unser Shop der beste Ort, um 5f-mdmb-2201 online zu kaufen. Sie k\u00f6nnen 5f-mdmb-2201 zum niedrigsten Preis kaufen. Bestellen Sie jetzt und erhalten Sie es in K\u00fcrze!","og_url":"https:\/\/chemgramx.com\/pl\/produkt-1\/5f-mdmb-2201-zamowienie-online\/","og_site_name":"Chemgramx","article_modified_time":"2025-12-10T07:18:23+00:00","og_image":[{"width":640,"height":480,"url":"https:\/\/chemgramx.com\/wp-content\/uploads\/2025\/11\/5F-MDMB.jpg","type":"image\/jpeg"}],"twitter_card":"summary_large_image","twitter_misc":{"Szacowany czas czytania":"4 minuty"},"schema":{"@context":"https:\/\/schema.org","@graph":[{"@type":"WebPage","@id":"https:\/\/chemgramx.com\/product\/5f-mdmb-2201-online-bestellung\/","url":"https:\/\/chemgramx.com\/product\/5f-mdmb-2201-online-bestellung\/","name":"Kup 5F-MDMB-2201 online \u2013 5F-MDMB-2201 na sprzeda\u017c","isPartOf":{"@id":"https:\/\/chemgramx.com\/#website"},"primaryImageOfPage":{"@id":"https:\/\/chemgramx.com\/product\/5f-mdmb-2201-online-bestellung\/#primaryimage"},"image":{"@id":"https:\/\/chemgramx.com\/product\/5f-mdmb-2201-online-bestellung\/#primaryimage"},"thumbnailUrl":"https:\/\/chemgramx.com\/wp-content\/uploads\/2025\/11\/5F-MDMB.jpg","datePublished":"2025-11-21T11:10:15+00:00","dateModified":"2025-12-10T07:18:23+00:00","description":"Je\u015bli pasjonujesz si\u0119 modelem 5f-mdmb-2201, nasz sklep to najlepsze miejsce, aby kupi\u0107 go online. Mo\u017cesz kupi\u0107 5f-mdmb-2201 w najni\u017cszej cenie. Zam\u00f3w teraz i otrzymaj go wkr\u00f3tce!","breadcrumb":{"@id":"https:\/\/chemgramx.com\/product\/5f-mdmb-2201-online-bestellung\/#breadcrumb"},"inLanguage":"pl-PL","potentialAction":[{"@type":"ReadAction","target":["https:\/\/chemgramx.com\/product\/5f-mdmb-2201-online-bestellung\/"]}]},{"@type":"ImageObject","inLanguage":"pl-PL","@id":"https:\/\/chemgramx.com\/product\/5f-mdmb-2201-online-bestellung\/#primaryimage","url":"https:\/\/chemgramx.com\/wp-content\/uploads\/2025\/11\/5F-MDMB.jpg","contentUrl":"https:\/\/chemgramx.com\/wp-content\/uploads\/2025\/11\/5F-MDMB.jpg","width":640,"height":480},{"@type":"BreadcrumbList","@id":"https:\/\/chemgramx.com\/product\/5f-mdmb-2201-online-bestellung\/#breadcrumb","itemListElement":[{"@type":"ListItem","position":1,"name":"Home","item":"https:\/\/chemgramx.com\/"},{"@type":"ListItem","position":2,"name":"Shop","item":"https:\/\/chemgramx.com\/shop\/"},{"@type":"ListItem","position":3,"name":"5F-MDMB-2201 Kaufen &#8211; Forschung, Hohe Qualit\u00e4t"}]},{"@type":"WebSite","@id":"https:\/\/chemgramx.com\/#website","url":"https:\/\/chemgramx.com\/","name":"Chemgramx","description":"","publisher":{"@id":"https:\/\/chemgramx.com\/#organization"},"potentialAction":[{"@type":"SearchAction","target":{"@type":"EntryPoint","urlTemplate":"https:\/\/chemgramx.com\/?s={search_term_string}"},"query-input":{"@type":"PropertyValueSpecification","valueRequired":true,"valueName":"search_term_string"}}],"inLanguage":"pl-PL"},{"@type":"Organization","@id":"https:\/\/chemgramx.com\/#organization","name":"Chemgramx","url":"https:\/\/chemgramx.com\/","logo":{"@type":"ImageObject","inLanguage":"pl-PL","@id":"https:\/\/chemgramx.com\/#\/schema\/logo\/image\/","url":"https:\/\/chemgramx.com\/wp-content\/uploads\/2024\/10\/final-logo.png","contentUrl":"https:\/\/chemgramx.com\/wp-content\/uploads\/2024\/10\/final-logo.png","width":250,"height":48,"caption":"Chemgramx"},"image":{"@id":"https:\/\/chemgramx.com\/#\/schema\/logo\/image\/"}}]}},"_links":{"self":[{"href":"https:\/\/chemgramx.com\/pl\/wp-json\/wp\/v2\/product\/6877","targetHints":{"allow":["GET"]}}],"collection":[{"href":"https:\/\/chemgramx.com\/pl\/wp-json\/wp\/v2\/product"}],"about":[{"href":"https:\/\/chemgramx.com\/pl\/wp-json\/wp\/v2\/types\/product"}],"replies":[{"embeddable":true,"href":"https:\/\/chemgramx.com\/pl\/wp-json\/wp\/v2\/comments?post=6877"}],"wp:featuredmedia":[{"embeddable":true,"href":"https:\/\/chemgramx.com\/pl\/wp-json\/wp\/v2\/media\/6907"}],"wp:attachment":[{"href":"https:\/\/chemgramx.com\/pl\/wp-json\/wp\/v2\/media?parent=6877"}],"wp:term":[{"taxonomy":"product_brand","embeddable":true,"href":"https:\/\/chemgramx.com\/pl\/wp-json\/wp\/v2\/product_brand?post=6877"},{"taxonomy":"product_cat","embeddable":true,"href":"https:\/\/chemgramx.com\/pl\/wp-json\/wp\/v2\/product_cat?post=6877"},{"taxonomy":"product_tag","embeddable":true,"href":"https:\/\/chemgramx.com\/pl\/wp-json\/wp\/v2\/product_tag?post=6877"}],"curies":[{"name":"wp","href":"https:\/\/api.w.org\/{rel}","templated":true}]}}