{"id":6878,"date":"2025-11-21T11:10:15","date_gmt":"2025-11-21T11:10:15","guid":{"rendered":"https:\/\/chemgramx.com\/?post_type=product&#038;p=6878"},"modified":"2025-12-10T07:50:11","modified_gmt":"2025-12-10T07:50:11","slug":"amb-fubinaca-zamowienie-online","status":"publish","type":"product","link":"https:\/\/chemgramx.com\/pl\/product\/amb-fubinaca-online-bestellung\/","title":{"rendered":"AMB-FUBINACA zam\u00f3wienie online"},"content":{"rendered":"<p>AMB-FUBINACA to zaawansowany syntetyczny kannabinoid na bazie indazolu, kt\u00f3ry zyskuje coraz wi\u0119ksze znaczenie we wsp\u00f3\u0142czesnej nauce. Wiele laboratori\u00f3w i wyspecjalizowanych o\u015brodk\u00f3w badawczych decyduje si\u0119 obecnie na, <b>Kup AMB-FUBINACA na sprzeda\u017c<\/b> precyzyjnych wynik\u00f3w analiz i bada\u0144 neurochemicznych. Jako cz\u0119\u015b\u0107 rozszerzaj\u0105cej si\u0119 rodziny substancji projektowanych, zwi\u0105zek ten jest szczeg\u00f3lnie ceniony za swoje wyj\u0105tkowe powinowactwo do receptor\u00f3w kannabinoidowych.<\/p>\n<p>Naukowcy, kt\u00f3rzy ceni\u0105 sobie dok\u0142adno\u015b\u0107, poszukuj\u0105 \u017ar\u00f3de\u0142 zaopatrzenia gwarantuj\u0105cych nieskaziteln\u0105 czysto\u015b\u0107. Pod wzgl\u0119dem chemicznym substancja ta wykazuje podobie\u0144stwa do THC, jednak badania wskazuj\u0105 na jej potencjalnie silniejsze powinowactwo wi\u0105zania. Nic wi\u0119c dziwnego, \u017ce eksperci na ca\u0142ym \u015bwiecie poszukuj\u0105 chemikali\u00f3w badawczych, zwracaj\u0105c szczeg\u00f3ln\u0105 uwag\u0119 na <b>Jako\u015b\u0107 bada\u0144 Na sprzeda\u017c<\/b> aby wygenerowa\u0107 wa\u017cne dane.<\/p>\n<h2>Nauka stoj\u0105ca za najwy\u017csz\u0105 jako\u015bci\u0105 AMB-FUBINACA<\/h2>\n<p>Struktura molekularna AMB-FUBINACA (znanego r\u00f3wnie\u017c jako FUB-AMB) opiera si\u0119 na rdzeniu indazolowym, kt\u00f3ry jest znany ze swojej stabilno\u015bci w \u015brodowiskach eksperymentalnych. W przeciwie\u0144stwie do klasycznych fitokannabinoid\u00f3w, ten syntetyczny pochodny oddzia\u0142uje jako silny agonista z receptorami CB1 i CB2 uk\u0142adu endokannabinoidowego.<\/p>\n<p>Badania naukowe wskazuj\u0105, \u017ce zdolno\u015b\u0107 wi\u0105zania tej cz\u0105steczki mo\u017ce wielokrotnie przewy\u017csza\u0107 zdolno\u015b\u0107 wi\u0105zania delta-9-THC. Dlatego te\u017c <b>Najwy\u017csza jako\u015b\u0107 AMB-FUBINACA<\/b> niezb\u0119dny w laboratoriach zajmuj\u0105cych si\u0119 kinetyk\u0105 receptor\u00f3w i transdukcj\u0105 sygna\u0142\u00f3w. Zanieczyszczenia mog\u0105 w tym przypadku zafa\u0142szowa\u0107 wyniki pomiar\u00f3w.<\/p>\n<ul>\n<li><b>Wysoka selektywno\u015b\u0107:<\/b> Ukierunkowana interakcja z receptorami CB1 w o\u015brodkowym uk\u0142adzie nerwowym.<\/li>\n<li><b>Czysto\u015b\u0107 strukturalna:<\/b> Niezb\u0119dny do spektroskopii NMR i analiz gazochromatograficznych.<\/li>\n<li><b>Potencja\u0142 badawczy:<\/b> Idealny do badania profili agonist\u00f3w syntetycznych.<\/li>\n<\/ul>\n<p>Ponadto wysoka moc substancji sprawia, \u017ce nawet mikroskopijne ilo\u015bci wystarczaj\u0105 do przeprowadzenia szeroko zakrojonych serii test\u00f3w. To sprawia, \u017ce <b>Jako\u015b\u0107 laboratoryjna Na sprzeda\u017c<\/b> szczeg\u00f3lnie atrakcyjne dla instytucji dzia\u0142aj\u0105cych w spos\u00f3b ekonomiczny.<\/p>\n<h2>Dlaczego warto zamawia\u0107 AMB-FUBINACA online?<\/h2>\n<p>W dzisiejszej erze cyfrowej pozyskiwanie specjalistycznych odczynnik\u00f3w sta\u0142o si\u0119 \u0142atwiejsze i bardziej wydajne. Proces ten, <b>AMB-FUBINACA Zam\u00f3w online<\/b> oferuje naukowcom zdecydowane korzy\u015bci w por\u00f3wnaniu z tradycyjnymi metodami pozyskiwania danych. Z jednej strony naukowcy oszcz\u0119dzaj\u0105 cenny czas, z drugiej za\u015b uzyskuj\u0105 dost\u0119p do szczeg\u00f3\u0142owych certyfikat\u00f3w analitycznych.<\/p>\n<p>Ponadto dyskrecja odgrywa nadrz\u0119dn\u0105 rol\u0119. Renomowani dostawcy rozumiej\u0105, \u017ce projekty badawcze s\u0105 cz\u0119sto delikatn\u0105 spraw\u0105. Dlatego wszystkie dane i zam\u00f3wienia s\u0105 przetwarzane w spos\u00f3b \u015bci\u015ble poufny i bezpieczny. Je\u015bli zdecydujesz si\u0119 na <b>Najlepszy AMB-FUBINACA dost\u0119pny<\/b> Decyduj\u0105c si\u0119 na to rozwi\u0105zanie, zyskujesz kompletn\u0105 dokumentacj\u0119 czysto\u015bci partii.<\/p>\n<p>R\u00f3\u017cnorodno\u015b\u0107 produkt\u00f3w w handlu internetowym to kolejna zaleta. Niezale\u017cnie od tego, czy chodzi o standardy referencyjne do spektrometrii masowej, czy eksperymenty in vitro \u2013 substancja jest cz\u0119sto dost\u0119pna w r\u00f3\u017cnych stanach skupienia, np. w postaci proszku lub kryszta\u0142\u00f3w, idealnie dostosowanych do r\u00f3\u017cnych potrzeb badawczych.<\/p>\n<h2>Efekty i obserwacje w badaniach naukowych<\/h2>\n<p>Chocia\u017c AMB-FUBINACA jest przeznaczony wy\u0142\u0105cznie do bada\u0144 in vitro i analiz kryminalistycznych, doniesienia z literatury naukowej dokumentuj\u0105 r\u00f3\u017cne w\u0142a\u015bciwo\u015bci farmakologiczne. Te teoretyczne efekty s\u0105 g\u0142\u00f3wnym powodem, dla kt\u00f3rego instytuty <b>Autentyczny AMB-FUBINACA<\/b> potrzebuj\u0105 do swoich serii bada\u0144.<\/p>\n<p>Reakcje obserwowane w badaniach modelowych cz\u0119sto obejmuj\u0105 intensywn\u0105 modulacj\u0119 uwalniania neuroprzeka\u017anik\u00f3w. Do zjawisk opisanych w literaturze nale\u017c\u0105:<\/p>\n<ul>\n<li><b>Euforia i dobre samopoczucie:<\/b> W modelach zwierz\u0119cych zaobserwowano znaczn\u0105 popraw\u0119 nastroju.<\/li>\n<li><b>Postrzeganie sensoryczne:<\/b> Zmieniona reakcja na bod\u017ace akustyczne i wizualne.<\/li>\n<li><b>Relaks:<\/b> Silne w\u0142a\u015bciwo\u015bci uspokajaj\u0105ce w interakcji z receptorami CB1.<\/li>\n<li><b>Interakcje spo\u0142eczne:<\/b> Zwi\u0119kszona ch\u0119\u0107 do rozmowy i towarzysko\u015b\u0107 w badaniach behawioralnych.<\/li>\n<\/ul>\n<p>Ze wzgl\u0119du na t\u0119 wysok\u0105 intensywno\u015b\u0107 nale\u017cy zachowa\u0107 szczeg\u00f3ln\u0105 ostro\u017cno\u015b\u0107. Ju\u017c dawki rz\u0119du miligram\u00f3w wywo\u0142uj\u0105 ogromne efekty. Kto <b>Wysoka czysto\u015b\u0107 Na sprzeda\u017c<\/b> musi zapewni\u0107, aby sprz\u0119t laboratoryjny (np. wagi precyzyjne) by\u0142 wystarczaj\u0105co dok\u0142adny, aby bezpiecznie obs\u0142ugiwa\u0107 te st\u0119\u017cenia.<\/p>\n<h2>Zapewnienie jako\u015bci: Kup teraz online w Chemgramx<\/h2>\n<p>Odpowied\u017a na pytanie \u201eGdzie mo\u017cna kupi\u0107 AMB-FUBINACA?\u201c jest prosta: wy\u0142\u0105cznie u certyfikowanych sprzedawc\u00f3w. <b>Bezpieczne zakupy<\/b> Chemikalia wymagaj\u0105 zaufania. W tym zakresie Chemgramx wyznacza nowe standardy. Oferujemy nie tylko produkty, ale tak\u017ce rozwi\u0105zania dla z\u0142o\u017conych wyzwa\u0144 analitycznych.<\/p>\n<p>Zanim <b>Kup teraz online<\/b>, nale\u017cy upewni\u0107 si\u0119, \u017ce dostawca przeprowadza rygorystyczne kontrole jako\u015bci. Nasze partie przechodz\u0105 niezale\u017cne testy laboratoryjne przeprowadzane przez zewn\u0119trznych dostawc\u00f3w, aby zagwarantowa\u0107 brak pozosta\u0142o\u015bci syntetycznych. Wielu klient\u00f3w por\u00f3wnuje ceny, ale w przypadku bada\u0144 krytycznych czysto\u015b\u0107 powinna zawsze by\u0107 na pierwszym miejscu.<\/p>\n<p>Nasze zaanga\u017cowanie w d\u0105\u017cenie do doskona\u0142o\u015bci oznacza, \u017ce u nas <a href=\"https:\/\/chemgramx.com\/product\/mdma-online-kaufen\/\">Syntetyczne kannabinoidy<\/a> najwy\u017cszej jako\u015bci. <b>Bezpieczne zakupy<\/b> jest zapewniona dzi\u0119ki szyfrowanej transmisji danych i dyskretnej obs\u0142udze.<\/p>\n<h2>Zalecane wytyczne dotycz\u0105ce dawkowania w eksperymentach<\/h2>\n<p>Poniewa\u017c jest to zwi\u0105zek o du\u017cej mocy, dok\u0142adne wytyczne dotycz\u0105ce dawkowania s\u0105 niezb\u0119dne dla personelu laboratoryjnego. Podczas pracy z <b>Autentyczny AMB-FUBINACA<\/b> nale\u017cy zawsze stosowa\u0107 odzie\u017c ochronn\u0105 i precyzyjne przyrz\u0105dy pomiarowe. Poni\u017csze warto\u015bci opieraj\u0105 si\u0119 na teoretycznych ekstrapolacjach i s\u0142u\u017c\u0105 wy\u0142\u0105cznie do cel\u00f3w naukowych:<\/p>\n<p>&nbsp;<\/p>\n<table style=\"width: 100%; border-collapse: collapse;\" border=\"1\" cellspacing=\"0\" cellpadding=\"10\">\n<thead>\n<tr style=\"background-color: #f2f2f2;\">\n<th>poziom bada\u0144<\/th>\n<th>Ilo\u015b\u0107 (teoretyczna)<\/th>\n<th>Uwaga<\/th>\n<\/tr>\n<\/thead>\n<tbody>\n<tr>\n<td>Pocz\u0105tkuj\u0105cy \/ Pierwsze testy<\/td>\n<td>0,5 \u2013 1 mg<\/td>\n<td>Zachowa\u0107 szczeg\u00f3ln\u0105 ostro\u017cno\u015b\u0107, zaleca si\u0119 miareczkowanie.<\/td>\n<\/tr>\n<tr>\n<td>Zaawansowane analizy<\/td>\n<td>Ostro\u017cny wzrost<\/td>\n<td>Tylko w kontrolowanych warunkach.<\/td>\n<\/tr>\n<\/tbody>\n<\/table>\n<p>Czas dzia\u0142ania w warunkach eksperymentalnych cz\u0119sto podaje si\u0119 jako 3 do 6 godzin. W warunkach eksperymentalnych nale\u017cy bezwzgl\u0119dnie unika\u0107 ponownego podawania dawki bez pe\u0142nej analizy pierwszego dzia\u0142ania, aby zapobiec zniekszta\u0142ceniu danych.<\/p>\n<h2>Informacje prawne i standardy bezpiecze\u0144stwa<\/h2>\n<p>Przed podj\u0119ciem decyzji o zakupie tego produktu konieczne jest sprawdzenie lokalnych przepis\u00f3w prawnych. W niekt\u00f3rych regionach jest to legalne, <b>AMB-FUBINACA na sprzeda\u017c<\/b> do cel\u00f3w naukowych, podczas gdy w innych krajach podlega surowym ograniczeniom. Jako nabywca ponosisz odpowiedzialno\u015b\u0107 za zapewnienie zgodno\u015bci z przepisami obowi\u0105zuj\u0105cymi w Twoim kraju.<\/p>\n<h3>Wniosek: Tw\u00f3j partner w zakresie chemikali\u00f3w badawczych<\/h3>\n<p>Podsumowuj\u0105c, zakupy online to wygodny i bezpieczny spos\u00f3b na zdobycie wysokiej jako\u015bci odczynnik\u00f3w do Twojego laboratorium. Je\u015bli zale\u017cy Ci na czysto\u015bci, rzetelno\u015bci i przejrzysto\u015bci, Chemgramx to w\u0142a\u015bciwe miejsce. Skorzystaj z okazji, <a href=\"https:\/\/chemgramx.com\/product\/mushroom-edibles-kaufen\/\">nowe chemikalia badawcze<\/a> Odkryj i przenie\u015b swoje projekty naukowe na wy\u017cszy poziom.<\/p>\n<p>Postaw na jako\u015b\u0107 i bezpiecze\u0144stwo. Wybierz profesjonaln\u0105 drog\u0119 dla swoich bada\u0144 i zaufaj certyfikowanym standardom.<\/p>","protected":false},"excerpt":{"rendered":"<p>AMB-FUBINACA to syntetyczny kannabinoid znany ze swoich silnych efekt\u00f3w, kt\u00f3re cz\u0119sto przewy\u017cszaj\u0105 efekty THC. Cz\u0119sto mo\u017cna j\u0105 znale\u017a\u0107 w produktach sprzedawanych jako \"legalne dopalacze\". Substancja ta niesie ze sob\u0105 powa\u017cne zagro\u017cenia dla zdrowia, w tym silny niepok\u00f3j, paranoj\u0119 i inne skutki psychologiczne. Jej status prawny jest r\u00f3\u017cny, a wiele jurysdykcji nak\u0142ada ograniczenia lub zakazy na jej sprzeda\u017c i dystrybucj\u0119. Zaleca si\u0119 ostro\u017cno\u015b\u0107 ze wzgl\u0119du na wysok\u0105 moc i ryzyko nadu\u017cywania.<\/p>","protected":false},"featured_media":6908,"comment_status":"open","ping_status":"closed","template":"","meta":{"_joinchat":[]},"product_brand":[],"product_cat":[47],"product_tag":[2633,2636,2628,2635,2634,2629,2630,2632,2631,2015],"class_list":{"0":"post-6878","1":"product","2":"type-product","3":"status-publish","4":"has-post-thumbnail","6":"product_cat-cannabinoids","7":"product_tag-amb-fubinaca-chemikalien","8":"product_tag-amb-fubinaca-drogen","9":"product_tag-amb-fubinaca-kaufen","10":"product_tag-amb-fubinaca-kaufen-deutschland","11":"product_tag-amb-fubinaca-kaufen-online","12":"product_tag-amb-fubinaca-kristalle","13":"product_tag-amb-fubinaca-online-kaufen","14":"product_tag-amb-fubinaca-preis","15":"product_tag-amb-fubinaca-prodej","16":"product_tag-synthetische-drogen","18":"first","19":"instock","20":"shipping-taxable","21":"purchasable","22":"product-type-variable"},"yoast_head":"<!-- This site is optimized with the Yoast SEO plugin v27.5 - https:\/\/yoast.com\/product\/yoast-seo-wordpress\/ -->\n<title>AMB-FUBINACA online kaufen \u2013 AMB-FUBINACA zu verkaufen<\/title>\n<meta name=\"description\" content=\"Wenn Sie AMB-Fubinaca online ohne Rezept kaufen m\u00f6chten, ist chemgramx.com der beste Ort, um AMB-Fubinaca online zu kaufen, AMB-Fubinaca zu verkaufen, AMB-Fubinaca online zum besten Preis. Jetzt bestellen!\" \/>\n<meta name=\"robots\" content=\"index, follow, max-snippet:-1, max-image-preview:large, max-video-preview:-1\" \/>\n<link rel=\"canonical\" href=\"https:\/\/chemgramx.com\/pl\/produkt-1\/amb-fubinaca-zamowienie-online\/\" \/>\n<meta property=\"og:locale\" content=\"pl_PL\" \/>\n<meta property=\"og:type\" content=\"article\" \/>\n<meta property=\"og:title\" content=\"AMB-FUBINACA online kaufen \u2013 AMB-FUBINACA zu verkaufen\" \/>\n<meta property=\"og:description\" content=\"Wenn Sie AMB-Fubinaca online ohne Rezept kaufen m\u00f6chten, ist chemgramx.com der beste Ort, um AMB-Fubinaca online zu kaufen, AMB-Fubinaca zu verkaufen, AMB-Fubinaca online zum besten Preis. Jetzt bestellen!\" \/>\n<meta property=\"og:url\" content=\"https:\/\/chemgramx.com\/pl\/produkt-1\/amb-fubinaca-zamowienie-online\/\" \/>\n<meta property=\"og:site_name\" content=\"Chemgramx\" \/>\n<meta property=\"article:modified_time\" content=\"2025-12-10T07:50:11+00:00\" \/>\n<meta property=\"og:image\" content=\"https:\/\/chemgramx.com\/wp-content\/uploads\/2025\/11\/AMB-FUBINACA.jpg\" \/>\n\t<meta property=\"og:image:width\" content=\"640\" \/>\n\t<meta property=\"og:image:height\" content=\"480\" \/>\n\t<meta property=\"og:image:type\" content=\"image\/jpeg\" \/>\n<meta name=\"twitter:card\" content=\"summary_large_image\" \/>\n<meta name=\"twitter:label1\" content=\"Szacowany czas czytania\" \/>\n\t<meta name=\"twitter:data1\" content=\"4 minuty\" \/>\n<script type=\"application\/ld+json\" class=\"yoast-schema-graph\">{\"@context\":\"https:\\\/\\\/schema.org\",\"@graph\":[{\"@type\":\"WebPage\",\"@id\":\"https:\\\/\\\/chemgramx.com\\\/product\\\/amb-fubinaca-online-bestellung\\\/\",\"url\":\"https:\\\/\\\/chemgramx.com\\\/product\\\/amb-fubinaca-online-bestellung\\\/\",\"name\":\"AMB-FUBINACA online kaufen \u2013 AMB-FUBINACA zu verkaufen\",\"isPartOf\":{\"@id\":\"https:\\\/\\\/chemgramx.com\\\/#website\"},\"primaryImageOfPage\":{\"@id\":\"https:\\\/\\\/chemgramx.com\\\/product\\\/amb-fubinaca-online-bestellung\\\/#primaryimage\"},\"image\":{\"@id\":\"https:\\\/\\\/chemgramx.com\\\/product\\\/amb-fubinaca-online-bestellung\\\/#primaryimage\"},\"thumbnailUrl\":\"https:\\\/\\\/chemgramx.com\\\/wp-content\\\/uploads\\\/2025\\\/11\\\/AMB-FUBINACA.jpg\",\"datePublished\":\"2025-11-21T11:10:15+00:00\",\"dateModified\":\"2025-12-10T07:50:11+00:00\",\"description\":\"Wenn Sie AMB-Fubinaca online ohne Rezept kaufen m\u00f6chten, ist chemgramx.com der beste Ort, um AMB-Fubinaca online zu kaufen, AMB-Fubinaca zu verkaufen, AMB-Fubinaca online zum besten Preis. Jetzt bestellen!\",\"breadcrumb\":{\"@id\":\"https:\\\/\\\/chemgramx.com\\\/product\\\/amb-fubinaca-online-bestellung\\\/#breadcrumb\"},\"inLanguage\":\"pl-PL\",\"potentialAction\":[{\"@type\":\"ReadAction\",\"target\":[\"https:\\\/\\\/chemgramx.com\\\/product\\\/amb-fubinaca-online-bestellung\\\/\"]}]},{\"@type\":\"ImageObject\",\"inLanguage\":\"pl-PL\",\"@id\":\"https:\\\/\\\/chemgramx.com\\\/product\\\/amb-fubinaca-online-bestellung\\\/#primaryimage\",\"url\":\"https:\\\/\\\/chemgramx.com\\\/wp-content\\\/uploads\\\/2025\\\/11\\\/AMB-FUBINACA.jpg\",\"contentUrl\":\"https:\\\/\\\/chemgramx.com\\\/wp-content\\\/uploads\\\/2025\\\/11\\\/AMB-FUBINACA.jpg\",\"width\":640,\"height\":480},{\"@type\":\"BreadcrumbList\",\"@id\":\"https:\\\/\\\/chemgramx.com\\\/product\\\/amb-fubinaca-online-bestellung\\\/#breadcrumb\",\"itemListElement\":[{\"@type\":\"ListItem\",\"position\":1,\"name\":\"Home\",\"item\":\"https:\\\/\\\/chemgramx.com\\\/\"},{\"@type\":\"ListItem\",\"position\":2,\"name\":\"Shop\",\"item\":\"https:\\\/\\\/chemgramx.com\\\/shop\\\/\"},{\"@type\":\"ListItem\",\"position\":3,\"name\":\"AMB-FUBINACA online bestellung\"}]},{\"@type\":\"WebSite\",\"@id\":\"https:\\\/\\\/chemgramx.com\\\/#website\",\"url\":\"https:\\\/\\\/chemgramx.com\\\/\",\"name\":\"Chemgramx\",\"description\":\"\",\"publisher\":{\"@id\":\"https:\\\/\\\/chemgramx.com\\\/#organization\"},\"potentialAction\":[{\"@type\":\"SearchAction\",\"target\":{\"@type\":\"EntryPoint\",\"urlTemplate\":\"https:\\\/\\\/chemgramx.com\\\/?s={search_term_string}\"},\"query-input\":{\"@type\":\"PropertyValueSpecification\",\"valueRequired\":true,\"valueName\":\"search_term_string\"}}],\"inLanguage\":\"pl-PL\"},{\"@type\":\"Organization\",\"@id\":\"https:\\\/\\\/chemgramx.com\\\/#organization\",\"name\":\"Chemgramx\",\"url\":\"https:\\\/\\\/chemgramx.com\\\/\",\"logo\":{\"@type\":\"ImageObject\",\"inLanguage\":\"pl-PL\",\"@id\":\"https:\\\/\\\/chemgramx.com\\\/#\\\/schema\\\/logo\\\/image\\\/\",\"url\":\"https:\\\/\\\/chemgramx.com\\\/wp-content\\\/uploads\\\/2024\\\/10\\\/final-logo.png\",\"contentUrl\":\"https:\\\/\\\/chemgramx.com\\\/wp-content\\\/uploads\\\/2024\\\/10\\\/final-logo.png\",\"width\":250,\"height\":48,\"caption\":\"Chemgramx\"},\"image\":{\"@id\":\"https:\\\/\\\/chemgramx.com\\\/#\\\/schema\\\/logo\\\/image\\\/\"}}]}<\/script>\n<!-- \/ Yoast SEO plugin. -->","yoast_head_json":{"title":"Kup AMB-FUBINACA online \u2013 AMB-FUBINACA na sprzeda\u017c","description":"Je\u015bli chcesz kupi\u0107 AMB-Fubinaca online bez recepty, chemgramx.com to najlepsze miejsce, aby kupi\u0107 AMB-Fubinaca online, sprzeda\u0107 AMB-Fubinaca i kupi\u0107 AMB-Fubinaca online w najlepszej cenie. Zam\u00f3w teraz!","robots":{"index":"index","follow":"follow","max-snippet":"max-snippet:-1","max-image-preview":"max-image-preview:large","max-video-preview":"max-video-preview:-1"},"canonical":"https:\/\/chemgramx.com\/pl\/produkt-1\/amb-fubinaca-zamowienie-online\/","og_locale":"pl_PL","og_type":"article","og_title":"AMB-FUBINACA online kaufen \u2013 AMB-FUBINACA zu verkaufen","og_description":"Wenn Sie AMB-Fubinaca online ohne Rezept kaufen m\u00f6chten, ist chemgramx.com der beste Ort, um AMB-Fubinaca online zu kaufen, AMB-Fubinaca zu verkaufen, AMB-Fubinaca online zum besten Preis. Jetzt bestellen!","og_url":"https:\/\/chemgramx.com\/pl\/produkt-1\/amb-fubinaca-zamowienie-online\/","og_site_name":"Chemgramx","article_modified_time":"2025-12-10T07:50:11+00:00","og_image":[{"width":640,"height":480,"url":"https:\/\/chemgramx.com\/wp-content\/uploads\/2025\/11\/AMB-FUBINACA.jpg","type":"image\/jpeg"}],"twitter_card":"summary_large_image","twitter_misc":{"Szacowany czas czytania":"4 minuty"},"schema":{"@context":"https:\/\/schema.org","@graph":[{"@type":"WebPage","@id":"https:\/\/chemgramx.com\/product\/amb-fubinaca-online-bestellung\/","url":"https:\/\/chemgramx.com\/product\/amb-fubinaca-online-bestellung\/","name":"Kup AMB-FUBINACA online \u2013 AMB-FUBINACA na sprzeda\u017c","isPartOf":{"@id":"https:\/\/chemgramx.com\/#website"},"primaryImageOfPage":{"@id":"https:\/\/chemgramx.com\/product\/amb-fubinaca-online-bestellung\/#primaryimage"},"image":{"@id":"https:\/\/chemgramx.com\/product\/amb-fubinaca-online-bestellung\/#primaryimage"},"thumbnailUrl":"https:\/\/chemgramx.com\/wp-content\/uploads\/2025\/11\/AMB-FUBINACA.jpg","datePublished":"2025-11-21T11:10:15+00:00","dateModified":"2025-12-10T07:50:11+00:00","description":"Je\u015bli chcesz kupi\u0107 AMB-Fubinaca online bez recepty, chemgramx.com to najlepsze miejsce, aby kupi\u0107 AMB-Fubinaca online, sprzeda\u0107 AMB-Fubinaca i kupi\u0107 AMB-Fubinaca online w najlepszej cenie. Zam\u00f3w teraz!","breadcrumb":{"@id":"https:\/\/chemgramx.com\/product\/amb-fubinaca-online-bestellung\/#breadcrumb"},"inLanguage":"pl-PL","potentialAction":[{"@type":"ReadAction","target":["https:\/\/chemgramx.com\/product\/amb-fubinaca-online-bestellung\/"]}]},{"@type":"ImageObject","inLanguage":"pl-PL","@id":"https:\/\/chemgramx.com\/product\/amb-fubinaca-online-bestellung\/#primaryimage","url":"https:\/\/chemgramx.com\/wp-content\/uploads\/2025\/11\/AMB-FUBINACA.jpg","contentUrl":"https:\/\/chemgramx.com\/wp-content\/uploads\/2025\/11\/AMB-FUBINACA.jpg","width":640,"height":480},{"@type":"BreadcrumbList","@id":"https:\/\/chemgramx.com\/product\/amb-fubinaca-online-bestellung\/#breadcrumb","itemListElement":[{"@type":"ListItem","position":1,"name":"Home","item":"https:\/\/chemgramx.com\/"},{"@type":"ListItem","position":2,"name":"Shop","item":"https:\/\/chemgramx.com\/shop\/"},{"@type":"ListItem","position":3,"name":"AMB-FUBINACA online bestellung"}]},{"@type":"WebSite","@id":"https:\/\/chemgramx.com\/#website","url":"https:\/\/chemgramx.com\/","name":"Chemgramx","description":"","publisher":{"@id":"https:\/\/chemgramx.com\/#organization"},"potentialAction":[{"@type":"SearchAction","target":{"@type":"EntryPoint","urlTemplate":"https:\/\/chemgramx.com\/?s={search_term_string}"},"query-input":{"@type":"PropertyValueSpecification","valueRequired":true,"valueName":"search_term_string"}}],"inLanguage":"pl-PL"},{"@type":"Organization","@id":"https:\/\/chemgramx.com\/#organization","name":"Chemgramx","url":"https:\/\/chemgramx.com\/","logo":{"@type":"ImageObject","inLanguage":"pl-PL","@id":"https:\/\/chemgramx.com\/#\/schema\/logo\/image\/","url":"https:\/\/chemgramx.com\/wp-content\/uploads\/2024\/10\/final-logo.png","contentUrl":"https:\/\/chemgramx.com\/wp-content\/uploads\/2024\/10\/final-logo.png","width":250,"height":48,"caption":"Chemgramx"},"image":{"@id":"https:\/\/chemgramx.com\/#\/schema\/logo\/image\/"}}]}},"_links":{"self":[{"href":"https:\/\/chemgramx.com\/pl\/wp-json\/wp\/v2\/product\/6878","targetHints":{"allow":["GET"]}}],"collection":[{"href":"https:\/\/chemgramx.com\/pl\/wp-json\/wp\/v2\/product"}],"about":[{"href":"https:\/\/chemgramx.com\/pl\/wp-json\/wp\/v2\/types\/product"}],"replies":[{"embeddable":true,"href":"https:\/\/chemgramx.com\/pl\/wp-json\/wp\/v2\/comments?post=6878"}],"wp:featuredmedia":[{"embeddable":true,"href":"https:\/\/chemgramx.com\/pl\/wp-json\/wp\/v2\/media\/6908"}],"wp:attachment":[{"href":"https:\/\/chemgramx.com\/pl\/wp-json\/wp\/v2\/media?parent=6878"}],"wp:term":[{"taxonomy":"product_brand","embeddable":true,"href":"https:\/\/chemgramx.com\/pl\/wp-json\/wp\/v2\/product_brand?post=6878"},{"taxonomy":"product_cat","embeddable":true,"href":"https:\/\/chemgramx.com\/pl\/wp-json\/wp\/v2\/product_cat?post=6878"},{"taxonomy":"product_tag","embeddable":true,"href":"https:\/\/chemgramx.com\/pl\/wp-json\/wp\/v2\/product_tag?post=6878"}],"curies":[{"name":"wp","href":"https:\/\/api.w.org\/{rel}","templated":true}]}}