{"id":6881,"date":"2025-11-21T11:10:15","date_gmt":"2025-11-21T11:10:15","guid":{"rendered":"https:\/\/chemgramx.com\/?post_type=product&#038;p=6881"},"modified":"2025-12-10T07:19:49","modified_gmt":"2025-12-10T07:19:49","slug":"kupic-akb-57-online","status":"publish","type":"product","link":"https:\/\/chemgramx.com\/pl\/product\/akb-57-online-kaufen\/","title":{"rendered":"AKB-57 Kopen \u2013 najwy\u017csza jako\u015b\u0107"},"content":{"rendered":"<p>Odkryj <b>AKB-57<\/b>, fascynuj\u0105cy zwi\u0105zek chemiczny, kt\u00f3ry coraz cz\u0119\u015bciej znajduje si\u0119 w centrum zainteresowania bada\u0144 naukowych. Jako cz\u0119\u015b\u0107 innowacyjnej rodziny syntetycznych kannabinoid\u00f3w, AKB-57 przyci\u0105ga uwag\u0119 naukowc\u00f3w, kt\u00f3rzy chc\u0105 poszerzy\u0107 granice nauki molekularnej. Substancja ta nie jest zwyk\u0142ym kannabinoidem; zosta\u0142a specjalnie opracowana, aby oddzia\u0142ywa\u0107 z endokannabinoidowymi uk\u0142adami organizmu, potencjalnie wywo\u0142uj\u0105c silniejsze efekty ni\u017c naturalne ekstrakty ro\u015blinne. Dlatego te\u017c zainteresowanie, <b>AKB-57 do kupienia<\/b> i badanie jego wyj\u0105tkowych w\u0142a\u015bciwo\u015bci znacznie wzros\u0142o. Je\u015bli <b>AKB-57 na sprzeda\u017c<\/b> , to trafi\u0142e\u015b we w\u0142a\u015bciwe miejsce, aby uzyska\u0107 dost\u0119p do produktu o najwy\u017cszej czysto\u015bci i jako\u015bci badawczej. Oferujemy <b>AKB-57 na sprzeda\u017c<\/b> , kt\u00f3re podlega rygorystycznym kontrolom jako\u015bci, aby zapewni\u0107, \u017ce spe\u0142nia on Pa\u0144stwa wymagania badawcze. Wielu naukowc\u00f3w i instytucji ufa naszym ofertom, gdy <b>Zam\u00f3w AKB-57 online<\/b> aby uzyska\u0107 wiarygodne i powtarzalne wyniki swoich eksperyment\u00f3w. Zwi\u0105zek ten stanowi ekscytuj\u0105cy post\u0119p w chemii i otwiera nowe mo\u017cliwo\u015bci zrozumienia interakcji receptor\u00f3w.<\/p>\n<h2>Czym jest AKB-57? Bardziej szczeg\u00f3\u0142owe informacje<\/h2>\n<p>AKB-57 to syntetycznie wytwarzany zwi\u0105zek chemiczny nale\u017c\u0105cy do klasy kannabinoid\u00f3w. Substancja ta zosta\u0142a specjalnie opracowana w celu na\u015bladowania dzia\u0142ania naturalnych kannabinoid\u00f3w, takich jak THC i CBD, jednak cz\u0119sto charakteryzuje si\u0119 wi\u0119ksz\u0105 moc\u0105. Naukowcy interesuj\u0105 si\u0119 AKB-57 ze wzgl\u0119du na jego specyficzn\u0105 struktur\u0119 molekularn\u0105, kt\u00f3ra umo\u017cliwia ukierunkowan\u0105 interakcj\u0119 z receptorami CB1 i CB2 ludzkiego uk\u0142adu endokannabinoidowego. Interakcja ta mo\u017ce wywo\u0142ywa\u0107 szereg reakcji fizjologicznych i poznawczych, kt\u00f3re s\u0105 bardzo interesuj\u0105ce z punktu widzenia bada\u0144 naukowych. Popyt na <b>Najwy\u017csza jako\u015b\u0107 AKB-57<\/b> jest wska\u017anikiem jego postrzeganej skuteczno\u015bci i nowo\u015bci w dziedzinie syntetycznych chemikali\u00f3w badawczych. Je\u015bli szukasz mo\u017cliwo\u015bci, <b>AKB-57 zam\u00f3wi\u0107 online<\/b>, mo\u017cesz mie\u0107 pewno\u015b\u0107, \u017ce otrzymujesz produkt opracowany z my\u015bl\u0105 o wymagaj\u0105cych badaniach naukowych. Staranna synteza gwarantuje, \u017ce zwi\u0105zek ten zapewni sta\u0142\u0105 wydajno\u015b\u0107 w eksperymentach laboratoryjnych.<\/p>\n<h2>Dlaczego naukowcy wybieraj\u0105 AKB-57?<\/h2>\n<p>Rosn\u0105c\u0105 popularno\u015b\u0107 AKB-57 w \u015brodowisku naukowym mo\u017cna przypisa\u0107 kilku czynnikom. Po pierwsze, jest on cz\u0119sto uwa\u017cany za jeden z silniejszych zwi\u0105zk\u00f3w w rodzinie syntetycznych kannabinoid\u00f3w. To sprawia, \u017ce jest on atrakcyjnym obiektem bada\u0144 dla naukowc\u00f3w, kt\u00f3rzy chc\u0105 zbada\u0107 granice wi\u0105zania receptor\u00f3w i wynikaj\u0105ce z tego efekty. Po drugie, syntetyczny charakter AKB-57 zapewnia kontrolowan\u0105 i znormalizowan\u0105 zmienn\u0105 do eksperyment\u00f3w, co ma kluczowe znaczenie w metodologii naukowej. Umo\u017cliwia to dok\u0142adniejsze badanie zale\u017cno\u015bci dawka-efekt, w przeciwie\u0144stwie do naturalnych ekstrakt\u00f3w, kt\u00f3rych sk\u0142ad mo\u017ce si\u0119 r\u00f3\u017cni\u0107. Wielu naukowc\u00f3w docenia mo\u017cliwo\u015b\u0107, <b>Autentyczny AKB-57<\/b> poniewa\u017c zwi\u0119ksza to wiarygodno\u015b\u0107 wynik\u00f3w bada\u0144. Dost\u0119pno\u015b\u0107 <b>AKB-57 na sprzeda\u017c<\/b>, zw\u0142aszcza o wysokiej czysto\u015bci, u\u0142atwia przeprowadzanie bada\u0144, kt\u00f3re w przeciwnym razie by\u0142yby trudne pod wzgl\u0119dem logistycznym lub jako\u015bciowym. Ponadto zakup online umo\u017cliwia dost\u0119p do tej specjalistycznej substancji chemicznej naukowcom na ca\u0142ym \u015bwiecie.<\/p>\n<h2>Klasyfikacja chemiczna i rozgraniczenie<\/h2>\n<p>AKB-57 nale\u017cy do szerokiej kategorii syntetycznych kannabinoid\u00f3w, grupy substancji, kt\u00f3re pod wzgl\u0119dem struktury s\u0105 podobne do naturalnych kannabinoid\u00f3w, ale s\u0105 wytwarzane sztucznie. W przeciwie\u0144stwie do \u015brodk\u00f3w pobudzaj\u0105cych, takich jak amfetamina lub kofeina, kt\u00f3re dzia\u0142aj\u0105 g\u0142\u00f3wnie na centralny uk\u0142ad nerwowy i zwi\u0119kszaj\u0105 czujno\u015b\u0107, AKB-57 dzia\u0142a specyficznie na receptory kannabinoidowe (CB1 i CB2). Receptory te s\u0105 kluczowymi elementami uk\u0142adu endokannabinoidowego, kt\u00f3ry odgrywa rol\u0119 w regulacji nastroju, apetytu, odczuwania b\u00f3lu i pami\u0119ci. Dlatego te\u017c dzia\u0142anie AKB-57 r\u00f3\u017cni si\u0119 zasadniczo od dzia\u0142ania \u015brodk\u00f3w pobudzaj\u0105cych. Podczas gdy \u015brodki pobudzaj\u0105ce cz\u0119sto powoduj\u0105 wzrost energii i skupienie uwagi, AKB-57 mo\u017ce wywo\u0142ywa\u0107 stany kojarzone raczej z relaksacj\u0105, zmienion\u0105 percepcj\u0105 i eufori\u0105, podobnie jak konopie indyjskie, ale potencjalnie bardziej intensywne. To sprawia, \u017ce <b>Kup AKB-57 online<\/b> opcj\u0105 dla konkretnych kierunk\u00f3w bada\u0144 skupiaj\u0105cych si\u0119 na uk\u0142adzie endokannabinoidowym.<\/p>\n<h2>Profil dzia\u0142ania AKB-57 w badaniach naukowych<\/h2>\n<p>Raporty z bada\u0144 wskazuj\u0105, \u017ce AKB-57 mo\u017ce mie\u0107 szereg znacz\u0105cych skutk\u00f3w dla organizmu. Cz\u0119sto wymienian\u0105 cech\u0105 jest zwi\u0119kszone poczucie euforii, kt\u00f3re wielu postrzega jako przyjemne i kt\u00f3re mo\u017ce mie\u0107 znaczenie dla badania system\u00f3w nagrody w m\u00f3zgu. Ponadto cz\u0119sto zg\u0142aszane s\u0105 zmiany w postrzeganiu. Mo\u017ce to objawia\u0107 si\u0119 zwi\u0119kszon\u0105 intensywno\u015bci\u0105 wra\u017ce\u0144 sensorycznych, takich jak ja\u015bniejsze kolory lub g\u0142\u0119bsze d\u017awi\u0119ki. Mo\u017ce to r\u00f3wnie\u017c wp\u0142ywa\u0107 na postrzeganie czasu, sprawiaj\u0105c, \u017ce minuty wydaj\u0105 si\u0119 d\u0142u\u017csze. Takie efekty s\u0105 szczeg\u00f3lnie interesuj\u0105ce dla neuronaukowc\u00f3w, kt\u00f3rzy pr\u00f3buj\u0105 rozszyfrowa\u0107 mechanizmy \u015bwiadomego postrzegania. Je\u015bli <b>AKB-57 klasy badawczej na sprzeda\u017c<\/b> otrzymaj\u0105 Pa\u0144stwo produkt, kt\u00f3ry zosta\u0142 zaprojektowany z my\u015bl\u0105 o takich precyzyjnych badaniach. Sp\u00f3jno\u015b\u0107 tych efekt\u00f3w w kontrolowanych badaniach ma kluczowe znaczenie dla post\u0119pu naukowego.<\/p>\n<h2>Optymalna obs\u0142uga i zalecenia dotycz\u0105ce dawkowania<\/h2>\n<p>Ze wzgl\u0119du na znaczn\u0105 moc AKB-57, precyzyjne i staranne dawkowanie w zastosowaniach badawczych jest niezb\u0119dne. Nawet niewielkie ilo\u015bci mog\u0105 wywo\u0142a\u0107 znacz\u0105ce efekty. Do wst\u0119pnych bada\u0144 zazwyczaj zaleca si\u0119 bardzo nisk\u0105 dawk\u0119 w zakresie 1\u20132 mg. Podczas fazy dzia\u0142ania niezwykle wa\u017cne jest, aby <b>w \u017cadnym wypadku nie nale\u017cy dodawa\u0107 kolejnej dawki<\/b>. Takie powt\u00f3rne przyj\u0119cie dawki mo\u017ce znacznie zwi\u0119kszy\u0107 ryzyko wyst\u0105pienia niepo\u017c\u0105danych skutk\u00f3w ubocznych, takich jak paranoja, nadmierny niepok\u00f3j lub ko\u0142atanie serca. Naukowcy, kt\u00f3rzy <b>Wysokiej czysto\u015bci AKB-57 na sprzeda\u017c<\/b> powinni zawsze zaczyna\u0107 od bardzo ma\u0142ej ilo\u015bci, aby okre\u015bli\u0107 indywidualn\u0105 reakcj\u0119, zanim rozwa\u017c\u0105 ewentualne nieznaczne zwi\u0119kszenie dawki. \u015acis\u0142e przestrzeganie tych wytycznych ma kluczowe znaczenie dla uzyskania bezpiecznych i miarodajnych wynik\u00f3w bada\u0144. Dokumentowanie dok\u0142adnej ilo\u015bci jest niezb\u0119dne dla zapewnienia powtarzalno\u015bci wynik\u00f3w bada\u0144 naukowych.<\/p>\n<h2>Czas dzia\u0142ania<\/h2>\n<p>Psychoaktywne i fizjologiczne dzia\u0142anie AKB-57 utrzymuje si\u0119 zazwyczaj przez oko\u0142o 3 do 6 godzin. Szczyt dzia\u0142ania osi\u0105ga si\u0119 zazwyczaj w ci\u0105gu pierwszej godziny po podaniu. Bior\u0105c pod uwag\u0119 si\u0142\u0119 dzia\u0142ania tego zwi\u0105zku, nale\u017cy zachowa\u0107 szczeg\u00f3ln\u0105 ostro\u017cno\u015b\u0107, zw\u0142aszcza je\u015bli rozwa\u017ca si\u0119 ponowne podanie dawki. Badacze powinni mie\u0107 \u015bwiadomo\u015b\u0107, \u017ce d\u0142ugi czas dzia\u0142ania wymaga starannego planowania eksperyment\u00f3w i faz obserwacyjnych. Mo\u017cliwo\u015b\u0107, <b>AKB-57 klasy laboratoryjnej na sprzeda\u017c<\/b> oznacza, \u017ce okres obserwowanych efekt\u00f3w mo\u017ce s\u0142u\u017cy\u0107 jako wiarygodny parametr w badaniach. Chocia\u017c dok\u0142adny czas trwania mo\u017ce zale\u017ce\u0107 od indywidualnych czynnik\u00f3w, podane ramy stanowi\u0105 solidn\u0105 podstaw\u0119 do eksperymentalnego projektu.<\/p>\n<h2>Dlaczego warto kupi\u0107 AKB-57 online?<\/h2>\n<p>Zakup AKB-57 za po\u015brednictwem kana\u0142\u00f3w internetowych oferuje szereg korzy\u015bci, kt\u00f3re sprawiaj\u0105, \u017ce jest to preferowana metoda dla wielu badaczy. Po pierwsze, wygoda jest niezaprzeczalna; specjalistyczne chemikalia mo\u017cna naby\u0107 bezpo\u015brednio, bez konieczno\u015bci przechodzenia przez skomplikowane procesy zamawiania u lokalnych dostawc\u00f3w. Po drugie, cz\u0119sto zapewniona jest wi\u0119ksza dyskrecja, co mo\u017ce mie\u0107 znaczenie w niekt\u00f3rych obszarach bada\u0144. Realizacja transakcji za po\u015brednictwem uznanych platform internetowych mo\u017ce r\u00f3wnie\u017c prowadzi\u0107 do bardziej konkurencyjnych cen, zw\u0142aszcza gdy potrzebne s\u0105 wi\u0119ksze ilo\u015bci do bada\u0144 d\u0142ugoterminowych. Dost\u0119pno\u015b\u0107 <b>Najlepszy dost\u0119pny model AKB-57<\/b> w jednym miejscu u\u0142atwia por\u00f3wnanie i wyb\u00f3r. Wiele os\u00f3b ceni sobie mo\u017cliwo\u015b\u0107, <b>AKB-57 zam\u00f3wi\u0107 online<\/b> i uzyska\u0107 dost\u0119p do przejrzystych informacji o produktach oraz certyfikat\u00f3w jako\u015bci. Buduje to zaufanie i zmniejsza niepewno\u015b\u0107 zwi\u0105zan\u0105 z zakupem materia\u0142\u00f3w badawczych. Mo\u017cliwo\u015b\u0107, <b>AKB-57 do kupienia<\/b> Pozyskiwanie informacji z wiarygodnych \u017ar\u00f3de\u0142 ma fundamentalne znaczenie dla rzetelno\u015bci pracy naukowej.<\/p>\n<h2>Na co nale\u017cy zwr\u00f3ci\u0107 uwag\u0119 przy zakupie AKB-57 przez Internet?<\/h2>\n<p>Podczas poszukiwania <b>Najlepszy dost\u0119pny model AKB-57<\/b> aby zapewni\u0107 integralno\u015b\u0107 bada\u0144, nale\u017cy zwr\u00f3ci\u0107 uwag\u0119 na okre\u015blone cechy jako\u015bciowe. Decyduj\u0105cym kryterium s\u0105 analizy przeprowadzane przez niezale\u017cne laboratoria zewn\u0119trzne. Certyfikaty takie potwierdzaj\u0105 czysto\u015b\u0107 i to\u017csamo\u015b\u0107 substancji i stanowi\u0105 siln\u0105 wskaz\u00f3wk\u0119 co do jej jako\u015bci. Wiarygodni dostawcy przedstawiaj\u0105 te informacje w spos\u00f3b jawny i przejrzysty. Cz\u0119sto s\u0105 gotowi udost\u0119pni\u0107 szczeg\u00f3\u0142owe specyfikacje i karty charakterystyki. Wyb\u00f3r takiego dostawcy to nie tylko kwestia jako\u015bci produktu, ale tak\u017ce bezpiecze\u0144stwa. Je\u015bli <b>Autentyczny AKB-57<\/b> Upewnij si\u0119, \u017ce dostawca ma pozytywne recenzje i zapewnia jasn\u0105 komunikacj\u0119 dotycz\u0105c\u0105 swoich produkt\u00f3w i proces\u00f3w. \u015awiadoma decyzja minimalizuje ryzyko i gwarantuje, \u017ce Twoje badania b\u0119d\u0105 oparte na solidnych danych.<\/p>\n<h2>Rola Chemgramx<\/h2>\n<p>W Chemgramx rozumiemy wysokie wymagania wsp\u00f3\u0142czesnych bada\u0144 naukowych. Dlatego zobowi\u0105zujemy si\u0119 zapewni\u0107 Pa\u0144stwu dost\u0119p do wysokiej jako\u015bci zwi\u0105zk\u00f3w chemicznych, takich jak AKB-57. Je\u015bli <b>Zam\u00f3w AKB-57 online<\/b> mo\u017cesz polega\u0107 na naszym zaanga\u017cowaniu w czysto\u015b\u0107 i jako\u015b\u0107. Przywi\u0105zujemy du\u017c\u0105 wag\u0119 do przejrzysto\u015bci i zapewniamy, \u017ce nasze produkty spe\u0142niaj\u0105 najwy\u017csze standardy. Odkryj mo\u017cliwo\u015b\u0107, <b>AKB-57 do kupienia<\/b> i realizowa\u0107 swoje projekty naukowe przy u\u017cyciu niezawodnych materia\u0142\u00f3w. Nasza platforma zosta\u0142a stworzona, aby u\u0142atwi\u0107 naukowcom na ca\u0142ym \u015bwiecie dost\u0119p do specjalistycznych chemikali\u00f3w. Do\u015bwiadcz r\u00f3\u017cnicy, zaspokajaj\u0105c swoje potrzeby badawcze u zaufanego partnera.<\/p>\n<h2>Wnioski i odpowiedzialne badania naukowe<\/h2>\n<p>Zakup AKB-57 za po\u015brednictwem kana\u0142\u00f3w internetowych mo\u017ce by\u0107 niezwykle skutecznym i wygodnym sposobem nabycia tej substancji chemicznej do cel\u00f3w badawczych, pod warunkiem, \u017ce odbywa si\u0119 to w spos\u00f3b odpowiedzialny. Naukowcy musz\u0105 zawsze sprawdza\u0107 legalno\u015b\u0107 stosowania tego zwi\u0105zku w swoim regionie i kupowa\u0107 go wy\u0142\u0105cznie od renomowanych, zaufanych dostawc\u00f3w. \u015acis\u0142e przestrzeganie zalece\u0144 dotycz\u0105cych dawkowania i zrozumienie czasu dzia\u0142ania s\u0105 r\u00f3wnie wa\u017cne dla bezpiecze\u0144stwa i powodzenia eksperyment\u00f3w. Je\u015bli <b>Kup AKB-57 online<\/b> upewnij si\u0119, \u017ce wybierasz dostawc\u0119, kt\u00f3ry zapewnia niezale\u017cne analizy laboratoryjne. Gwarantuje to niezb\u0119dn\u0105 czysto\u015b\u0107 i sp\u00f3jno\u015b\u0107 dla Twoich bada\u0144 naukowych. Tylko dzi\u0119ki starannemu planowaniu i odpowiedzialnemu podej\u015bciu AKB-57 mo\u017ce w pe\u0142ni wykorzysta\u0107 sw\u00f3j potencja\u0142 jako narz\u0119dzie do odkry\u0107 naukowych. Nale\u017cy pami\u0119ta\u0107, \u017ce jako\u015b\u0107 stosowanych chemikali\u00f3w ma bezpo\u015bredni wp\u0142yw na wiarygodno\u015b\u0107 wynik\u00f3w. Nale\u017cy r\u00f3wnie\u017c rozwa\u017cy\u0107 zakup powi\u0105zanych chemikali\u00f3w badawczych, takich jak <a href=\"https:\/\/chemgramx.com\/product\/1d-lsd-150mcg-blotters-kaufen\/\">1D-LSD Blotters<\/a> lub <a href=\"https:\/\/chemgramx.com\/product\/blue-vaders-220mg-mdma-online-kaufen\/\">Blue Vaders MDMA<\/a> do bada\u0144 por\u00f3wnawczych, je\u015bli ma to znaczenie dla Pa\u0144stwa bada\u0144. Wyszukiwanie <b>AKB-57 klasy badawczej na sprzeda\u017c<\/b> powinno zawsze wi\u0105za\u0107 si\u0119 z celem uzyskania rzetelnych wynik\u00f3w bada\u0144 naukowych.<\/p>","protected":false},"excerpt":{"rendered":"<p><strong>AKB-57<\/strong> to syntetyczny zwi\u0105zek chemiczny opracowany specjalnie do cel\u00f3w bada\u0144 naukowych. Dzi\u0119ki wysokiej czysto\u015bci i stabilno\u015bci idealnie nadaje si\u0119 do bada\u0144 chemicznych i farmakologicznych. Ka\u017cda partia jest dok\u0142adnie testowana, aby zapewni\u0107 najwy\u017csze standardy jako\u015bci. Ten produkt jest przeznaczony wy\u0142\u0105cznie do u\u017cytku badawczego i nie nadaje si\u0119 do spo\u017cycia przez ludzi.<\/p>","protected":false},"featured_media":6911,"comment_status":"open","ping_status":"closed","template":"","meta":{"_joinchat":[]},"product_brand":[],"product_cat":[47],"product_tag":[2411,2417,2416,2412,2418,2415,2413,2414,2419,2182],"class_list":{"0":"post-6881","1":"product","2":"type-product","3":"status-publish","4":"has-post-thumbnail","6":"product_cat-cannabinoids","7":"product_tag-akb-57","8":"product_tag-akb-57-chemikalien","9":"product_tag-akb-57-forschung","10":"product_tag-akb-57-kaufen","11":"product_tag-akb-57-kaufen-online","12":"product_tag-akb-57-kristalle","13":"product_tag-akb-57-online","14":"product_tag-akb-57-pulver","15":"product_tag-forschung-akb-57","16":"product_tag-synthetische-chemikalien","18":"first","19":"instock","20":"shipping-taxable","21":"purchasable","22":"product-type-variable"},"yoast_head":"<!-- This site is optimized with the Yoast SEO plugin v27.5 - https:\/\/yoast.com\/product\/yoast-seo-wordpress\/ -->\n<title>AKB-57 online kaufen \u2013 AKB-57 zu verkaufen | chemgramx<\/title>\n<meta name=\"description\" content=\"Wir sind der f\u00fchrende Shop f\u00fcr AKB-57 zum Verkauf. Wenn Sie AKB-57 online kaufen m\u00f6chten, kontaktieren Sie uns sofort und lassen Sie sich die Bestellung\" \/>\n<meta name=\"robots\" content=\"index, follow, max-snippet:-1, max-image-preview:large, max-video-preview:-1\" \/>\n<link rel=\"canonical\" href=\"https:\/\/chemgramx.com\/pl\/produkt-1\/kupic-akb-57-online\/\" \/>\n<meta property=\"og:locale\" content=\"pl_PL\" \/>\n<meta property=\"og:type\" content=\"article\" \/>\n<meta property=\"og:title\" content=\"AKB-57 online kaufen \u2013 AKB-57 zu verkaufen | chemgramx\" \/>\n<meta property=\"og:description\" content=\"Wir sind der f\u00fchrende Shop f\u00fcr AKB-57 zum Verkauf. Wenn Sie AKB-57 online kaufen m\u00f6chten, kontaktieren Sie uns sofort und lassen Sie sich die Bestellung\" \/>\n<meta property=\"og:url\" content=\"https:\/\/chemgramx.com\/pl\/produkt-1\/kupic-akb-57-online\/\" \/>\n<meta property=\"og:site_name\" content=\"Chemgramx\" \/>\n<meta property=\"article:modified_time\" content=\"2025-12-10T07:19:49+00:00\" \/>\n<meta property=\"og:image\" content=\"https:\/\/chemgramx.com\/wp-content\/uploads\/2025\/11\/akb57.png\" \/>\n\t<meta property=\"og:image:width\" content=\"600\" \/>\n\t<meta property=\"og:image:height\" content=\"400\" \/>\n\t<meta property=\"og:image:type\" content=\"image\/png\" \/>\n<meta name=\"twitter:card\" content=\"summary_large_image\" \/>\n<meta name=\"twitter:label1\" content=\"Szacowany czas czytania\" \/>\n\t<meta name=\"twitter:data1\" content=\"3 minuty\" \/>\n<script type=\"application\/ld+json\" class=\"yoast-schema-graph\">{\"@context\":\"https:\\\/\\\/schema.org\",\"@graph\":[{\"@type\":\"WebPage\",\"@id\":\"https:\\\/\\\/chemgramx.com\\\/product\\\/akb-57-online-kaufen\\\/\",\"url\":\"https:\\\/\\\/chemgramx.com\\\/product\\\/akb-57-online-kaufen\\\/\",\"name\":\"AKB-57 online kaufen \u2013 AKB-57 zu verkaufen | chemgramx\",\"isPartOf\":{\"@id\":\"https:\\\/\\\/chemgramx.com\\\/#website\"},\"primaryImageOfPage\":{\"@id\":\"https:\\\/\\\/chemgramx.com\\\/product\\\/akb-57-online-kaufen\\\/#primaryimage\"},\"image\":{\"@id\":\"https:\\\/\\\/chemgramx.com\\\/product\\\/akb-57-online-kaufen\\\/#primaryimage\"},\"thumbnailUrl\":\"https:\\\/\\\/chemgramx.com\\\/wp-content\\\/uploads\\\/2025\\\/11\\\/akb57.png\",\"datePublished\":\"2025-11-21T11:10:15+00:00\",\"dateModified\":\"2025-12-10T07:19:49+00:00\",\"description\":\"Wir sind der f\u00fchrende Shop f\u00fcr AKB-57 zum Verkauf. Wenn Sie AKB-57 online kaufen m\u00f6chten, kontaktieren Sie uns sofort und lassen Sie sich die Bestellung\",\"breadcrumb\":{\"@id\":\"https:\\\/\\\/chemgramx.com\\\/product\\\/akb-57-online-kaufen\\\/#breadcrumb\"},\"inLanguage\":\"pl-PL\",\"potentialAction\":[{\"@type\":\"ReadAction\",\"target\":[\"https:\\\/\\\/chemgramx.com\\\/product\\\/akb-57-online-kaufen\\\/\"]}]},{\"@type\":\"ImageObject\",\"inLanguage\":\"pl-PL\",\"@id\":\"https:\\\/\\\/chemgramx.com\\\/product\\\/akb-57-online-kaufen\\\/#primaryimage\",\"url\":\"https:\\\/\\\/chemgramx.com\\\/wp-content\\\/uploads\\\/2025\\\/11\\\/akb57.png\",\"contentUrl\":\"https:\\\/\\\/chemgramx.com\\\/wp-content\\\/uploads\\\/2025\\\/11\\\/akb57.png\",\"width\":600,\"height\":400},{\"@type\":\"BreadcrumbList\",\"@id\":\"https:\\\/\\\/chemgramx.com\\\/product\\\/akb-57-online-kaufen\\\/#breadcrumb\",\"itemListElement\":[{\"@type\":\"ListItem\",\"position\":1,\"name\":\"Home\",\"item\":\"https:\\\/\\\/chemgramx.com\\\/\"},{\"@type\":\"ListItem\",\"position\":2,\"name\":\"Shop\",\"item\":\"https:\\\/\\\/chemgramx.com\\\/shop\\\/\"},{\"@type\":\"ListItem\",\"position\":3,\"name\":\"AKB-57 Kopen &#8211; Top Qualit\u00e4t\"}]},{\"@type\":\"WebSite\",\"@id\":\"https:\\\/\\\/chemgramx.com\\\/#website\",\"url\":\"https:\\\/\\\/chemgramx.com\\\/\",\"name\":\"Chemgramx\",\"description\":\"\",\"publisher\":{\"@id\":\"https:\\\/\\\/chemgramx.com\\\/#organization\"},\"potentialAction\":[{\"@type\":\"SearchAction\",\"target\":{\"@type\":\"EntryPoint\",\"urlTemplate\":\"https:\\\/\\\/chemgramx.com\\\/?s={search_term_string}\"},\"query-input\":{\"@type\":\"PropertyValueSpecification\",\"valueRequired\":true,\"valueName\":\"search_term_string\"}}],\"inLanguage\":\"pl-PL\"},{\"@type\":\"Organization\",\"@id\":\"https:\\\/\\\/chemgramx.com\\\/#organization\",\"name\":\"Chemgramx\",\"url\":\"https:\\\/\\\/chemgramx.com\\\/\",\"logo\":{\"@type\":\"ImageObject\",\"inLanguage\":\"pl-PL\",\"@id\":\"https:\\\/\\\/chemgramx.com\\\/#\\\/schema\\\/logo\\\/image\\\/\",\"url\":\"https:\\\/\\\/chemgramx.com\\\/wp-content\\\/uploads\\\/2024\\\/10\\\/final-logo.png\",\"contentUrl\":\"https:\\\/\\\/chemgramx.com\\\/wp-content\\\/uploads\\\/2024\\\/10\\\/final-logo.png\",\"width\":250,\"height\":48,\"caption\":\"Chemgramx\"},\"image\":{\"@id\":\"https:\\\/\\\/chemgramx.com\\\/#\\\/schema\\\/logo\\\/image\\\/\"}}]}<\/script>\n<!-- \/ Yoast SEO plugin. -->","yoast_head_json":{"title":"Kup AKB-57 online \u2013 AKB-57 na sprzeda\u017c | chemgramx","description":"Jeste\u015bmy wiod\u0105cym sklepem dla AKB-57 na sprzeda\u017c. Je\u015bli chcesz kupi\u0107 AKB-57 online, skontaktuj si\u0119 z nami natychmiast i otrzymaj zam\u00f3wienie","robots":{"index":"index","follow":"follow","max-snippet":"max-snippet:-1","max-image-preview":"max-image-preview:large","max-video-preview":"max-video-preview:-1"},"canonical":"https:\/\/chemgramx.com\/pl\/produkt-1\/kupic-akb-57-online\/","og_locale":"pl_PL","og_type":"article","og_title":"AKB-57 online kaufen \u2013 AKB-57 zu verkaufen | chemgramx","og_description":"Wir sind der f\u00fchrende Shop f\u00fcr AKB-57 zum Verkauf. Wenn Sie AKB-57 online kaufen m\u00f6chten, kontaktieren Sie uns sofort und lassen Sie sich die Bestellung","og_url":"https:\/\/chemgramx.com\/pl\/produkt-1\/kupic-akb-57-online\/","og_site_name":"Chemgramx","article_modified_time":"2025-12-10T07:19:49+00:00","og_image":[{"width":600,"height":400,"url":"https:\/\/chemgramx.com\/wp-content\/uploads\/2025\/11\/akb57.png","type":"image\/png"}],"twitter_card":"summary_large_image","twitter_misc":{"Szacowany czas czytania":"3 minuty"},"schema":{"@context":"https:\/\/schema.org","@graph":[{"@type":"WebPage","@id":"https:\/\/chemgramx.com\/product\/akb-57-online-kaufen\/","url":"https:\/\/chemgramx.com\/product\/akb-57-online-kaufen\/","name":"Kup AKB-57 online \u2013 AKB-57 na sprzeda\u017c | chemgramx","isPartOf":{"@id":"https:\/\/chemgramx.com\/#website"},"primaryImageOfPage":{"@id":"https:\/\/chemgramx.com\/product\/akb-57-online-kaufen\/#primaryimage"},"image":{"@id":"https:\/\/chemgramx.com\/product\/akb-57-online-kaufen\/#primaryimage"},"thumbnailUrl":"https:\/\/chemgramx.com\/wp-content\/uploads\/2025\/11\/akb57.png","datePublished":"2025-11-21T11:10:15+00:00","dateModified":"2025-12-10T07:19:49+00:00","description":"Jeste\u015bmy wiod\u0105cym sklepem dla AKB-57 na sprzeda\u017c. Je\u015bli chcesz kupi\u0107 AKB-57 online, skontaktuj si\u0119 z nami natychmiast i otrzymaj zam\u00f3wienie","breadcrumb":{"@id":"https:\/\/chemgramx.com\/product\/akb-57-online-kaufen\/#breadcrumb"},"inLanguage":"pl-PL","potentialAction":[{"@type":"ReadAction","target":["https:\/\/chemgramx.com\/product\/akb-57-online-kaufen\/"]}]},{"@type":"ImageObject","inLanguage":"pl-PL","@id":"https:\/\/chemgramx.com\/product\/akb-57-online-kaufen\/#primaryimage","url":"https:\/\/chemgramx.com\/wp-content\/uploads\/2025\/11\/akb57.png","contentUrl":"https:\/\/chemgramx.com\/wp-content\/uploads\/2025\/11\/akb57.png","width":600,"height":400},{"@type":"BreadcrumbList","@id":"https:\/\/chemgramx.com\/product\/akb-57-online-kaufen\/#breadcrumb","itemListElement":[{"@type":"ListItem","position":1,"name":"Home","item":"https:\/\/chemgramx.com\/"},{"@type":"ListItem","position":2,"name":"Shop","item":"https:\/\/chemgramx.com\/shop\/"},{"@type":"ListItem","position":3,"name":"AKB-57 Kopen &#8211; Top Qualit\u00e4t"}]},{"@type":"WebSite","@id":"https:\/\/chemgramx.com\/#website","url":"https:\/\/chemgramx.com\/","name":"Chemgramx","description":"","publisher":{"@id":"https:\/\/chemgramx.com\/#organization"},"potentialAction":[{"@type":"SearchAction","target":{"@type":"EntryPoint","urlTemplate":"https:\/\/chemgramx.com\/?s={search_term_string}"},"query-input":{"@type":"PropertyValueSpecification","valueRequired":true,"valueName":"search_term_string"}}],"inLanguage":"pl-PL"},{"@type":"Organization","@id":"https:\/\/chemgramx.com\/#organization","name":"Chemgramx","url":"https:\/\/chemgramx.com\/","logo":{"@type":"ImageObject","inLanguage":"pl-PL","@id":"https:\/\/chemgramx.com\/#\/schema\/logo\/image\/","url":"https:\/\/chemgramx.com\/wp-content\/uploads\/2024\/10\/final-logo.png","contentUrl":"https:\/\/chemgramx.com\/wp-content\/uploads\/2024\/10\/final-logo.png","width":250,"height":48,"caption":"Chemgramx"},"image":{"@id":"https:\/\/chemgramx.com\/#\/schema\/logo\/image\/"}}]}},"_links":{"self":[{"href":"https:\/\/chemgramx.com\/pl\/wp-json\/wp\/v2\/product\/6881","targetHints":{"allow":["GET"]}}],"collection":[{"href":"https:\/\/chemgramx.com\/pl\/wp-json\/wp\/v2\/product"}],"about":[{"href":"https:\/\/chemgramx.com\/pl\/wp-json\/wp\/v2\/types\/product"}],"replies":[{"embeddable":true,"href":"https:\/\/chemgramx.com\/pl\/wp-json\/wp\/v2\/comments?post=6881"}],"wp:featuredmedia":[{"embeddable":true,"href":"https:\/\/chemgramx.com\/pl\/wp-json\/wp\/v2\/media\/6911"}],"wp:attachment":[{"href":"https:\/\/chemgramx.com\/pl\/wp-json\/wp\/v2\/media?parent=6881"}],"wp:term":[{"taxonomy":"product_brand","embeddable":true,"href":"https:\/\/chemgramx.com\/pl\/wp-json\/wp\/v2\/product_brand?post=6881"},{"taxonomy":"product_cat","embeddable":true,"href":"https:\/\/chemgramx.com\/pl\/wp-json\/wp\/v2\/product_cat?post=6881"},{"taxonomy":"product_tag","embeddable":true,"href":"https:\/\/chemgramx.com\/pl\/wp-json\/wp\/v2\/product_tag?post=6881"}],"curies":[{"name":"wp","href":"https:\/\/api.w.org\/{rel}","templated":true}]}}