{"id":6975,"date":"2025-11-21T11:11:08","date_gmt":"2025-11-21T11:11:08","guid":{"rendered":"https:\/\/chemgramx.com\/?post_type=product&#038;p=6975"},"modified":"2025-12-10T07:12:00","modified_gmt":"2025-12-10T07:12:00","slug":"kupic-kokaine-w-proszku-online","status":"publish","type":"product","link":"https:\/\/chemgramx.com\/pl\/product\/cocaine-powder-online-kaufen\/","title":{"rendered":"Zakup kokainy \u2013 klasa badawcza o wysokiej czysto\u015bci"},"content":{"rendered":"<p>Odkryj szczeg\u00f3\u0142ow\u0105 analiz\u0119 <b>Kokaina<\/b>, silny \u015brodek pobudzaj\u0105cy o z\u0142o\u017conej historii i r\u00f3\u017cnorodnym dzia\u0142aniu. Dla naukowc\u00f3w i instytucji naukowych <b>Kokaina na sprzeda\u017c<\/b> jako substancja o wysokiej czysto\u015bci ma kluczowe znaczenie. Ponadto zale\u017cy nam na dostarczeniu wyczerpuj\u0105cych informacji na temat sk\u0142adu i w\u0142a\u015bciwo\u015bci tej substancji chemicznej. Tutaj dowiesz si\u0119 wszystkiego o <b>Autentyczna kokaina<\/b> i jego w\u0142a\u015bciwo\u015bci, w szczeg\u00f3lno\u015bci do cel\u00f3w badawczych.<\/p>\n<p>Ten produkt firmy <b>Jako\u015b\u0107 laboratoryjna na sprzeda\u017c<\/b> zapewnia precyzyjne wyniki bada\u0144 analitycznych. Ponadto nasz <b>Najlepsza kokaina dost\u0119pna na rynku<\/b> przetwarzane z najwy\u017csz\u0105 staranno\u015bci\u0105, aby zapewni\u0107 ich integralno\u015b\u0107 do zastosowa\u0144 naukowych. Szczeg\u00f3ln\u0105 wag\u0119 przywi\u0105zujemy do dostarczania substancji, kt\u00f3re spe\u0142niaj\u0105 najsurowsze wymagania.<\/p>\n<h2>Czym jest kokaina? G\u0142\u0119bszy wgl\u0105d<\/h2>\n<p><b>Kokaina<\/b>, znany r\u00f3wnie\u017c jako benzoilometylekgonina, jest silnym \u015brodkiem pobudzaj\u0105cym, pozyskiwanym z li\u015bci ro\u015bliny koki (<i>Erythroxylon coca<\/i>). Wp\u0142ywa ono na centralny uk\u0142ad nerwowy na wiele sposob\u00f3w. Historycznie rzecz bior\u0105c, by\u0142o ono wykorzystywane przez rdzennych mieszka\u0144c\u00f3w Ameryki Po\u0142udniowej ze wzgl\u0119du na swoje w\u0142a\u015bciwo\u015bci pobudzaj\u0105ce, natomiast we wsp\u00f3\u0142czesnej medycynie znajduje ograniczone zastosowanie jako \u015brodek znieczulaj\u0105cy miejscowo. Ponadto du\u017ce zainteresowanie budzi jego rola jako substancji chemicznej wykorzystywanej w badaniach naukowych.<\/p>\n<h3>Skutki psychiczne i fizjologiczne<\/h3>\n<p>Efekt <b>Kokaina<\/b> dzia\u0142a szybko i mo\u017ce wywo\u0142a\u0107 szereg reakcji psychicznych i fizycznych. Psychicznie mog\u0105 wyst\u0105pi\u0107 intensywne uczucia szcz\u0119\u015bcia, zwi\u0119kszona czujno\u015b\u0107 i uczucie podniecenia seksualnego. Jednak mo\u017ce to r\u00f3wnie\u017c skutkowa\u0107 utrat\u0105 poczucia rzeczywisto\u015bci i niepokojem. Fizjologicznie objawia si\u0119 to cz\u0119sto przyspieszonym biciem serca, poceniem si\u0119 i rozszerzonymi \u017arenicami. Wy\u017csze dawki mog\u0105 prowadzi\u0107 do niebezpiecznie wysokiego ci\u015bnienia krwi lub podwy\u017cszonej temperatury cia\u0142a. Czas dzia\u0142ania wynosi od pi\u0119ciu do dziewi\u0119\u0107dziesi\u0119ciu minut.<\/p>\n<h3>Znaczenie historyczne i pochodzenie<\/h3>\n<p>Ro\u015blina koki od tysi\u0119cy lat stanowi integraln\u0105 cz\u0119\u015b\u0107 kultury i medycyny w Andach. Ju\u017c w 1860 roku <b>Kokaina<\/b> po raz pierwszy wyizolowano z jej li\u015bci. Pierwotnie stosowano j\u0105 nawet jako dodatek do napoj\u00f3w i lek\u00f3w. Jednak jej rola zosta\u0142a \u015bci\u015ble uregulowana przez mi\u0119dzynarodowe konwencje, takie jak Jednolita konwencja o \u015brodkach odurzaj\u0105cych z 1961 r., aby ograniczy\u0107 nadu\u017cywanie. <a href=\"https:\/\/chemgramx.com\/product\/lemon-berry-2000mg-cbd-disposable-vape\/\">Inne produkty ro\u015blinne o potencjalnym dzia\u0142aniu<\/a> s\u0105 r\u00f3wnie\u017c przedmiotem bada\u0144.<\/p>\n<h2>R\u00f3\u017cne formy kokainy<\/h2>\n<p><b>Kokaina<\/b> Wyst\u0119puje w r\u00f3\u017cnych postaciach, kt\u00f3re r\u00f3\u017cni\u0105 si\u0119 mi\u0119dzy sob\u0105 struktur\u0105 chemiczn\u0105 i sposobem zastosowania. Postacie te maj\u0105 znaczenie dla kompleksowej charakterystyki substancji. Ponadto zrozumienie tych wariant\u00f3w umo\u017cliwia bardziej precyzyjne badania i analiz\u0119 poszczeg\u00f3lnych w\u0142a\u015bciwo\u015bci.<\/p>\n<h3>Chlorowodorek kokainy (w postaci proszku)<\/h3>\n<p>Najpopularniejsza forma to <b>Chlorowodorek kokainy<\/b>, bia\u0142y, krystaliczny proszek. Jest rozpuszczalny w wodzie, dzi\u0119ki czemu \u0142atwo si\u0119 wch\u0142ania. Cz\u0119sto jednak na czarnym rynku jest rozcie\u0144czany substancjami takimi jak paracetamol, glukoza lub talk, co mo\u017ce znacznie wp\u0142ywa\u0107 na jego czysto\u015b\u0107. Nasz <b>Wysokiej jako\u015bci kokaina<\/b> wyr\u00f3\u017cnia si\u0119 natomiast niezr\u00f3wnan\u0105 czysto\u015bci\u0105, idealn\u0105 do wymagaj\u0105cych zastosowa\u0144 analitycznych.<\/p>\n<h3>Kokaina freebase i crack<\/h3>\n<p><b>Kokaina freebase<\/b> jest form\u0105 uzyskiwan\u0105 poprzez przetwarzanie chlorowodorku kokainy za pomoc\u0105 substancji alkalicznych. Jest nierozpuszczalny w wodzie i zazwyczaj jest palony, co powoduje bardzo szybkie dzia\u0142anie. <b>Kokaina crack<\/b> jest gotow\u0105 do u\u017cycia form\u0105 freebase, kt\u00f3ra powstaje w wyniku podgrzania mieszanki proszku kokainowego, wody, amoniaku i wodorow\u0119glanu sodu. Charakterystyczny trzask podczas podgrzewania nada\u0142 jej nazw\u0119. Inne substancje psychoaktywne, takie jak <a href=\"https:\/\/chemgramx.com\/product\/deoxymethoxetamin-dmxe-3-methyl-2-oxo-pce-3d-mxe-online-kaufen\/\">Deoksymetoksyetamina<\/a> s\u0105 r\u00f3wnie\u017c badane w r\u00f3\u017cnych formach.<\/p>\n<h3>Speedball: niebezpieczna mieszanka<\/h3>\n<p>A <b>Speedball<\/b> jest mieszank\u0105 <b>Kokaina<\/b> i heroin\u0119, kt\u00f3ra zazwyczaj jest przyjmowana w formie zastrzyk\u00f3w. Takie po\u0142\u0105czenie niesie ze sob\u0105 niezwykle wysokie ryzyko, poniewa\u017c pobudzaj\u0105ce i hamuj\u0105ce dzia\u0142anie obu substancji mo\u017ce maskowa\u0107 sygna\u0142y ostrzegawcze przed przedawkowaniem. Z tego powodu potencja\u0142 wyst\u0105pienia sytuacji zagra\u017caj\u0105cych \u017cyciu jest w przypadku tej mieszanki szczeg\u00f3lnie wysoki. Niezb\u0119dne jest zatem pe\u0142ne zrozumienie zwi\u0105zanych z tym ryzyka.<\/p>\n<h2>Mechanizm dzia\u0142ania w m\u00f3zgu<\/h2>\n<p>Spos\u00f3b dzia\u0142ania <b>Kokaina<\/b> na m\u00f3zg jest z\u0142o\u017cony i wynika g\u0142\u00f3wnie z jego interakcji z neuroprzeka\u017anikami. W szczeg\u00f3lno\u015bci wp\u0142ywa on na poziom dopaminy, serotoniny i noradrenaliny w szczelinie synaptycznej. W rezultacie prowadzi to do charakterystycznych efekt\u00f3w pobudzaj\u0105cych. Nasza wiedza na temat tego mechanizmu ma kluczowe znaczenie dla bada\u0144 naukowych.<\/p>\n<h3>Dopamina i \u015bcie\u017cka nagrody<\/h3>\n<p><b>Kokaina<\/b> zwi\u0119ksza poziom neuroprzeka\u017anika dopaminy w obwodach nagrody w m\u00f3zgu. Zwykle dopamina jest ponownie wch\u0142aniana do kom\u00f3rki presynaptycznej po przekazaniu sygna\u0142u. <b>Kokaina<\/b> blokuje jednak ten proces, co prowadzi do gromadzenia si\u0119 dopaminy w szczelinie synaptycznej. W rezultacie neurony znajduj\u0105ce si\u0119 dalej w \u0142a\u0144cuchu s\u0105 silniej i d\u0142u\u017cej stymulowane, co wyja\u015bnia euforyczne dzia\u0142anie. Mechanizm ten sprawia, \u017ce <b>Kokaina<\/b> wa\u017cnym przedmiotem bada\u0144.<\/p>\n<h3>Potencja\u0142 uzale\u017cniaj\u0105cy i rozw\u00f3j tolerancji<\/h3>\n<p>Masowe uwalnianie dopaminy znacznie wzmaga zachowania konsumpcyjne i szybko prowadzi do uzale\u017cnienia psychicznego. Ponadto m\u00f3zg dostosowuje si\u0119 do nadmiaru dopaminy, co powoduje powstanie tolerancji. W zwi\u0105zku z tym, aby osi\u0105gn\u0105\u0107 ten sam efekt, konieczne jest spo\u017cywanie wi\u0119kszych dawek, co jeszcze bardziej wzmaga b\u0142\u0119dne ko\u0142o uzale\u017cnienia. <b>Zam\u00f3w kokain\u0119 online<\/b> do cel\u00f3w badawczych wymaga dog\u0142\u0119bnego zrozumienia tych proces\u00f3w biochemicznych.<\/p>\n<h2>Ryzyko i przedawkowanie<\/h2>\n<p>Ryzyko zwi\u0105zane z <b>Kokaina<\/b> s\u0105 powa\u017cne i obejmuj\u0105 mo\u017cliwo\u015b\u0107 przedawkowania. Przedawkowanie wyst\u0119puje, gdy spo\u017cyta zostanie wystarczaj\u0105ca ilo\u015b\u0107 substancji, aby wywo\u0142a\u0107 powa\u017cne skutki uboczne, objawy zagra\u017caj\u0105ce \u017cyciu lub \u015bmier\u0107. Takie zdarzenia mog\u0105 by\u0107 niezamierzone lub zamierzone. Tym wa\u017cniejsze jest poznanie objaw\u00f3w przedawkowania i podj\u0119cie dzia\u0142a\u0144 zapobiegawczych.<\/p>\n<h3>Objawy i leczenie przedawkowania<\/h3>\n<p>Cz\u0119stymi i powa\u017cnymi skutkami przedawkowania s\u0105 zaburzenia rytmu serca, zawa\u0142y serca, drgawki i udary m\u00f3zgu. Inne objawy to trudno\u015bci w oddychaniu, wysokie ci\u015bnienie krwi, wysoka temperatura cia\u0142a, halucynacje oraz skrajne pobudzenie lub l\u0119k. Nie ma konkretnego leku, kt\u00f3ry m\u00f3g\u0142by <b>Kokaina<\/b>- bezpo\u015brednio odwraca skutki przedawkowania. Leczenie koncentruje si\u0119 raczej na dzia\u0142aniach wspomagaj\u0105cych, maj\u0105cych na celu z\u0142agodzenie wyst\u0119puj\u0105cych objaw\u00f3w i ustabilizowanie funkcji \u017cyciowych. Obejmuj\u0105 one przywr\u00f3cenie przep\u0142ywu krwi do serca, zapewnienie dop\u0142ywu tlenu do m\u00f3zgu i zatrzymanie drgawek.<\/p>\n<h2>Jako\u015b\u0107 i czysto\u015b\u0107: Tw\u00f3j partner w badaniach naukowych<\/h2>\n<p>Przy zakupie <b>Kokaina<\/b> W zastosowaniach naukowych czysto\u015b\u0107 ma ogromne znaczenie. Oferujemy <b>Wysoka czysto\u015b\u0107 na sprzeda\u017c<\/b>, kt\u00f3ry spe\u0142nia wymagania najbardziej wymagaj\u0105cych \u015brodowisk badawczych. W zwi\u0105zku z tym zapewniamy, \u017ce nasz produkt spe\u0142nia wymagane specyfikacje dla bada\u0144 laboratoryjnych. Dost\u0119pno\u015b\u0107 <b>Klasa badawcza na sprzeda\u017c<\/b> jest podstaw\u0105 naszej misji.<\/p>\n<h3>Znaczenie jako\u015bci laboratorium<\/h3>\n<p>Wykorzystanie <b>Jako\u015b\u0107 laboratoryjna na sprzeda\u017c<\/b> ma kluczowe znaczenie dla uzyskania wiarygodnych i powtarzalnych wynik\u00f3w bada\u0144. Zanieczyszczenia mog\u0105 zafa\u0142szowa\u0107 dane eksperymentalne i utrudni\u0107 ich interpretacj\u0119. Dlatego przywi\u0105zujemy najwy\u017csz\u0105 wag\u0119 do czysto\u015bci i jako\u015bci naszych produkt\u00f3w. W badaniach naukowych niezb\u0119dne jest, aby substancje takie jak <b>Kokaina<\/b> by\u0142y starannie przetwarzane i sprawdzane. <a href=\"https:\/\/chemgramx.com\/product-category\/cocaine\/\">Nasza oferta produkt\u00f3w<\/a> spe\u0142nia te standardy.<\/p>\n<h3>Kup teraz online w Chemgramx<\/h3>\n<p>Je\u015bli <b>Zam\u00f3w kokain\u0119 online<\/b> chc\u0119, jest <b>Chemgramx<\/b> Twoje zaufane \u017ar\u00f3d\u0142o. Gwarantujemy <b>Bezpieczny zakup<\/b> produkt\u00f3w spe\u0142niaj\u0105cych najwy\u017csze standardy. Nasze zaanga\u017cowanie w jako\u015b\u0107 i rzetelno\u015b\u0107 naukow\u0105 sprawia, \u017ce jeste\u015bmy wiod\u0105cym dostawc\u0105. Z tego powodu mo\u017cesz mie\u0107 pewno\u015b\u0107, \u017ce u nas znajdziesz wy\u0142\u0105cznie <b>Autentyczna kokaina<\/b> odpowiedni do Pa\u0144stwa konkretnych wymaga\u0144.<\/p>\n<h2>Programy rehabilitacyjne i leczenie uzale\u017cnie\u0144<\/h2>\n<p>Od <b>Kokaina<\/b> ma wysoki potencja\u0142 uzale\u017cniaj\u0105cy, programy rehabilitacyjne i leczenie uzale\u017cnie\u0144 maj\u0105 ogromne znaczenie. Programy te oferuj\u0105 wsparcie dla os\u00f3b zmagaj\u0105cych si\u0119 z uzale\u017cnieniem. Ich celem jest towarzyszenie jednostkom w drodze do wyzdrowienia. Podstaw\u0105 jest dog\u0142\u0119bne zrozumienie mechanizm\u00f3w uzale\u017cnienia.<\/p>\n<h3>Podej\u015bcia do powrotu do zdrowia<\/h3>\n<p>Istniej\u0105 r\u00f3\u017cne rodzaje program\u00f3w rehabilitacyjnych, w tym detoksykacja wspomagana medycznie, terapie ambulatoryjne i stacjonarne oraz rehabilitacja grupowa. Ka\u017cda metoda jest dostosowana do indywidualnych potrzeb i stopnia uzale\u017cnienia. Podczas detoksykacji organizm jest oczyszczany z substancji pod nadzorem medycznym. Terapie ambulatoryjne zapewniaj\u0105 elastyczne wsparcie, natomiast programy stacjonarne oferuj\u0105 intensywn\u0105 opiek\u0119 w kontrolowanym \u015brodowisku. Rehabilitacja grupowa sprzyja wymianie do\u015bwiadcze\u0144 i rozwijaniu zdrowych umiej\u0119tno\u015bci komunikacyjnych.<\/p>\n<h3>Czas trwania program\u00f3w rehabilitacyjnych<\/h3>\n<p>Czas trwania programu rehabilitacyjnego zale\u017cy w du\u017cej mierze od indywidualnego przypadku. Podczas gdy leczenie stacjonarne mo\u017ce trwa\u0107 co najmniej 10 dni, cz\u0119sto optymalny czas trwania programu zapewniaj\u0105cy trwa\u0142e rezultaty wynosi od 28 do 30 dni. Jednak w powa\u017cniejszych przypadkach mo\u017ce by\u0107 konieczny d\u0142u\u017cszy pobyt w o\u015brodku rehabilitacyjnym. Ostatecznie inwestycja w powr\u00f3t do zdrowia ma decyduj\u0105ce znaczenie dla d\u0142ugotrwa\u0142ego sukcesu. <a href=\"https:\/\/chemgramx.com\/product-category\/heroin\/\">Substancje takie jak heroina<\/a> wymagaj\u0105 podobnych metod leczenia.<\/p>\n<h2>Globalna dynamika rynku i ustalanie cen<\/h2>\n<p>Globalny rynek <b>Kokaina<\/b> charakteryzuje si\u0119 z\u0142o\u017con\u0105 dynamik\u0105, kt\u00f3ra wp\u0142ywa na ceny i dost\u0119pno\u015b\u0107. Szacuje si\u0119, \u017ce nielegalny rynek jest wart setki miliard\u00f3w dolar\u00f3w rocznie. Czynniki takie jak poda\u017c, popyt, koszty transportu i polityka rz\u0105dowa odgrywaj\u0105 istotn\u0105 rol\u0119 w kszta\u0142towaniu cen. Z tego powodu koszty r\u00f3\u017cni\u0105 si\u0119 znacznie w zale\u017cno\u015bci od regionu.<\/p>\n<h3>Ceny w r\u00f3\u017cnych regionach<\/h3>\n<p>Ceny za <b>Kokaina<\/b> mog\u0105 si\u0119 znacznie r\u00f3\u017cni\u0107 w zale\u017cno\u015bci od kraju. W krajach Ameryki Po\u0142udniowej, takich jak Peru, Boliwia i Kolumbia, gdzie uprawia si\u0119 ro\u015blin\u0119 koki, jest ona generalnie ta\u0144sza. Natomiast w Stanach Zjednoczonych, Australii i wi\u0119kszo\u015bci kraj\u00f3w europejskich jest znacznie dro\u017csza. Kilogram <b>Kokaina<\/b> mo\u017ce kosztowa\u0107 na przyk\u0142ad w Kolumbii oko\u0142o 1900 dolar\u00f3w ameryka\u0144skich, podczas gdy w Nowym Jorku mo\u017ce osi\u0105gn\u0105\u0107 cen\u0119 nawet 35 000 dolar\u00f3w ameryka\u0144skich. W Zurychu, mie\u015bcie cz\u0119sto nazywanym \u201eszwajcarskim mistrzem konsumpcji kokainy\u201c, ceny za gram wahaj\u0105 si\u0119 od 300 do 500 frank\u00f3w. R\u00f3\u017cnice te odzwierciedlaj\u0105 koszty i ryzyko zwi\u0105zane z produkcj\u0105 i dystrybucj\u0105. <a href=\"https:\/\/chemgramx.com\/product-category\/amphetam\/\">Inne \u015brodki pobudzaj\u0105ce, takie jak amfetamina<\/a> r\u00f3wnie\u017c podlegaj\u0105 takim wahaniom cenowym.<\/p>\n<p><b>Kokaina<\/b> jest klasyfikowany w Ameryce jako substancja kontrolowana kategorii II, co oznacza wysokie ryzyko nadu\u017cywania, ale umo\u017cliwia stosowanie go do cel\u00f3w medycznych pod nadzorem lekarza. Roztw\u00f3r do nosa jest stosowany do miejscowego znieczulania b\u0142on \u015bluzowych podczas zabieg\u00f3w diagnostycznych i chirurgicznych. W ko\u0144cu zakup <b>Kokaina na sprzeda\u017c<\/b> z <b>Chemgramx<\/b> bezpieczna opcja do cel\u00f3w naukowych i medycznych.<\/p>","protected":false},"excerpt":{"rendered":"<p>Kokaina jest silnym stymulantem, kt\u00f3ry jest najcz\u0119\u015bciej u\u017cywany jako narkotyk rekreacyjny. Zwykle jest wci\u0105gany, wdychany jako dym, rozpuszczany i wstrzykiwany do \u017cy\u0142y.<\/p>","protected":false},"featured_media":6990,"comment_status":"open","ping_status":"closed","template":"","meta":{"_joinchat":[]},"product_brand":[],"product_cat":[57],"product_tag":[3018],"class_list":{"0":"post-6975","1":"product","2":"type-product","3":"status-publish","4":"has-post-thumbnail","6":"product_cat-cocaine","7":"product_tag-kokainpulver-online-kaufen","9":"first","10":"instock","11":"shipping-taxable","12":"purchasable","13":"product-type-variable"},"yoast_head":"<!-- This site is optimized with the Yoast SEO plugin v27.5 - https:\/\/yoast.com\/product\/yoast-seo-wordpress\/ -->\n<title>Kokainpulver online kaufen | Cola online kaufen | Chemgramx<\/title>\n<meta name=\"description\" content=\"Kokain ist ein starkes Stimulans, das am h\u00e4ufigsten als Freizeitdroge verwendet wird. Es wird \u00fcblicherweise geschnupft, als Rauch inhaliert, aufgel\u00f6st und in eine Vene gespritzt.\" \/>\n<meta name=\"robots\" content=\"index, follow, max-snippet:-1, max-image-preview:large, max-video-preview:-1\" \/>\n<link rel=\"canonical\" href=\"https:\/\/chemgramx.com\/pl\/produkt-1\/kupic-kokaine-w-proszku-online\/\" \/>\n<meta property=\"og:locale\" content=\"pl_PL\" \/>\n<meta property=\"og:type\" content=\"article\" \/>\n<meta property=\"og:title\" content=\"Kokainpulver online kaufen | Cola online kaufen | Chemgramx\" \/>\n<meta property=\"og:description\" content=\"Kokain ist ein starkes Stimulans, das am h\u00e4ufigsten als Freizeitdroge verwendet wird. Es wird \u00fcblicherweise geschnupft, als Rauch inhaliert, aufgel\u00f6st und in eine Vene gespritzt.\" \/>\n<meta property=\"og:url\" content=\"https:\/\/chemgramx.com\/pl\/produkt-1\/kupic-kokaine-w-proszku-online\/\" \/>\n<meta property=\"og:site_name\" content=\"Chemgramx\" \/>\n<meta property=\"article:modified_time\" content=\"2025-12-10T07:12:00+00:00\" \/>\n<meta property=\"og:image\" content=\"https:\/\/chemgramx.com\/wp-content\/uploads\/2025\/11\/buy-cocaine-powder-online.jpg\" \/>\n\t<meta property=\"og:image:width\" content=\"510\" \/>\n\t<meta property=\"og:image:height\" content=\"466\" \/>\n\t<meta property=\"og:image:type\" content=\"image\/jpeg\" \/>\n<meta name=\"twitter:card\" content=\"summary_large_image\" \/>\n<meta name=\"twitter:label1\" content=\"Szacowany czas czytania\" \/>\n\t<meta name=\"twitter:data1\" content=\"20 minut\" \/>\n<script type=\"application\/ld+json\" class=\"yoast-schema-graph\">{\"@context\":\"https:\\\/\\\/schema.org\",\"@graph\":[{\"@type\":\"WebPage\",\"@id\":\"https:\\\/\\\/chemgramx.com\\\/product\\\/cocaine-powder-online-kaufen\\\/\",\"url\":\"https:\\\/\\\/chemgramx.com\\\/product\\\/cocaine-powder-online-kaufen\\\/\",\"name\":\"Kokainpulver online kaufen | Cola online kaufen | Chemgramx\",\"isPartOf\":{\"@id\":\"https:\\\/\\\/chemgramx.com\\\/#website\"},\"primaryImageOfPage\":{\"@id\":\"https:\\\/\\\/chemgramx.com\\\/product\\\/cocaine-powder-online-kaufen\\\/#primaryimage\"},\"image\":{\"@id\":\"https:\\\/\\\/chemgramx.com\\\/product\\\/cocaine-powder-online-kaufen\\\/#primaryimage\"},\"thumbnailUrl\":\"https:\\\/\\\/chemgramx.com\\\/wp-content\\\/uploads\\\/2025\\\/11\\\/buy-cocaine-powder-online.jpg\",\"datePublished\":\"2025-11-21T11:11:08+00:00\",\"dateModified\":\"2025-12-10T07:12:00+00:00\",\"description\":\"Kokain ist ein starkes Stimulans, das am h\u00e4ufigsten als Freizeitdroge verwendet wird. Es wird \u00fcblicherweise geschnupft, als Rauch inhaliert, aufgel\u00f6st und in eine Vene gespritzt.\",\"breadcrumb\":{\"@id\":\"https:\\\/\\\/chemgramx.com\\\/product\\\/cocaine-powder-online-kaufen\\\/#breadcrumb\"},\"inLanguage\":\"pl-PL\",\"potentialAction\":[{\"@type\":\"ReadAction\",\"target\":[\"https:\\\/\\\/chemgramx.com\\\/product\\\/cocaine-powder-online-kaufen\\\/\"]}]},{\"@type\":\"ImageObject\",\"inLanguage\":\"pl-PL\",\"@id\":\"https:\\\/\\\/chemgramx.com\\\/product\\\/cocaine-powder-online-kaufen\\\/#primaryimage\",\"url\":\"https:\\\/\\\/chemgramx.com\\\/wp-content\\\/uploads\\\/2025\\\/11\\\/buy-cocaine-powder-online.jpg\",\"contentUrl\":\"https:\\\/\\\/chemgramx.com\\\/wp-content\\\/uploads\\\/2025\\\/11\\\/buy-cocaine-powder-online.jpg\",\"width\":510,\"height\":466},{\"@type\":\"BreadcrumbList\",\"@id\":\"https:\\\/\\\/chemgramx.com\\\/product\\\/cocaine-powder-online-kaufen\\\/#breadcrumb\",\"itemListElement\":[{\"@type\":\"ListItem\",\"position\":1,\"name\":\"Home\",\"item\":\"https:\\\/\\\/chemgramx.com\\\/\"},{\"@type\":\"ListItem\",\"position\":2,\"name\":\"Shop\",\"item\":\"https:\\\/\\\/chemgramx.com\\\/shop\\\/\"},{\"@type\":\"ListItem\",\"position\":3,\"name\":\"Kokain Erwerben &#8211; Hochreine Forschungsklasse\"}]},{\"@type\":\"WebSite\",\"@id\":\"https:\\\/\\\/chemgramx.com\\\/#website\",\"url\":\"https:\\\/\\\/chemgramx.com\\\/\",\"name\":\"Chemgramx\",\"description\":\"\",\"publisher\":{\"@id\":\"https:\\\/\\\/chemgramx.com\\\/#organization\"},\"potentialAction\":[{\"@type\":\"SearchAction\",\"target\":{\"@type\":\"EntryPoint\",\"urlTemplate\":\"https:\\\/\\\/chemgramx.com\\\/?s={search_term_string}\"},\"query-input\":{\"@type\":\"PropertyValueSpecification\",\"valueRequired\":true,\"valueName\":\"search_term_string\"}}],\"inLanguage\":\"pl-PL\"},{\"@type\":\"Organization\",\"@id\":\"https:\\\/\\\/chemgramx.com\\\/#organization\",\"name\":\"Chemgramx\",\"url\":\"https:\\\/\\\/chemgramx.com\\\/\",\"logo\":{\"@type\":\"ImageObject\",\"inLanguage\":\"pl-PL\",\"@id\":\"https:\\\/\\\/chemgramx.com\\\/#\\\/schema\\\/logo\\\/image\\\/\",\"url\":\"https:\\\/\\\/chemgramx.com\\\/wp-content\\\/uploads\\\/2024\\\/10\\\/final-logo.png\",\"contentUrl\":\"https:\\\/\\\/chemgramx.com\\\/wp-content\\\/uploads\\\/2024\\\/10\\\/final-logo.png\",\"width\":250,\"height\":48,\"caption\":\"Chemgramx\"},\"image\":{\"@id\":\"https:\\\/\\\/chemgramx.com\\\/#\\\/schema\\\/logo\\\/image\\\/\"}}]}<\/script>\n<!-- \/ Yoast SEO plugin. -->","yoast_head_json":{"title":"Kup kokain\u0119 w proszku online | Kup col\u0119 online | Chemgramx","description":"Kokaina jest silnym stymulantem, kt\u00f3ry jest najcz\u0119\u015bciej u\u017cywany jako narkotyk rekreacyjny. Zwykle jest wci\u0105gany, wdychany jako dym, rozpuszczany i wstrzykiwany do \u017cy\u0142y.","robots":{"index":"index","follow":"follow","max-snippet":"max-snippet:-1","max-image-preview":"max-image-preview:large","max-video-preview":"max-video-preview:-1"},"canonical":"https:\/\/chemgramx.com\/pl\/produkt-1\/kupic-kokaine-w-proszku-online\/","og_locale":"pl_PL","og_type":"article","og_title":"Kokainpulver online kaufen | Cola online kaufen | Chemgramx","og_description":"Kokain ist ein starkes Stimulans, das am h\u00e4ufigsten als Freizeitdroge verwendet wird. Es wird \u00fcblicherweise geschnupft, als Rauch inhaliert, aufgel\u00f6st und in eine Vene gespritzt.","og_url":"https:\/\/chemgramx.com\/pl\/produkt-1\/kupic-kokaine-w-proszku-online\/","og_site_name":"Chemgramx","article_modified_time":"2025-12-10T07:12:00+00:00","og_image":[{"width":510,"height":466,"url":"https:\/\/chemgramx.com\/wp-content\/uploads\/2025\/11\/buy-cocaine-powder-online.jpg","type":"image\/jpeg"}],"twitter_card":"summary_large_image","twitter_misc":{"Szacowany czas czytania":"20 minut"},"schema":{"@context":"https:\/\/schema.org","@graph":[{"@type":"WebPage","@id":"https:\/\/chemgramx.com\/product\/cocaine-powder-online-kaufen\/","url":"https:\/\/chemgramx.com\/product\/cocaine-powder-online-kaufen\/","name":"Kup kokain\u0119 w proszku online | Kup col\u0119 online | Chemgramx","isPartOf":{"@id":"https:\/\/chemgramx.com\/#website"},"primaryImageOfPage":{"@id":"https:\/\/chemgramx.com\/product\/cocaine-powder-online-kaufen\/#primaryimage"},"image":{"@id":"https:\/\/chemgramx.com\/product\/cocaine-powder-online-kaufen\/#primaryimage"},"thumbnailUrl":"https:\/\/chemgramx.com\/wp-content\/uploads\/2025\/11\/buy-cocaine-powder-online.jpg","datePublished":"2025-11-21T11:11:08+00:00","dateModified":"2025-12-10T07:12:00+00:00","description":"Kokaina jest silnym stymulantem, kt\u00f3ry jest najcz\u0119\u015bciej u\u017cywany jako narkotyk rekreacyjny. Zwykle jest wci\u0105gany, wdychany jako dym, rozpuszczany i wstrzykiwany do \u017cy\u0142y.","breadcrumb":{"@id":"https:\/\/chemgramx.com\/product\/cocaine-powder-online-kaufen\/#breadcrumb"},"inLanguage":"pl-PL","potentialAction":[{"@type":"ReadAction","target":["https:\/\/chemgramx.com\/product\/cocaine-powder-online-kaufen\/"]}]},{"@type":"ImageObject","inLanguage":"pl-PL","@id":"https:\/\/chemgramx.com\/product\/cocaine-powder-online-kaufen\/#primaryimage","url":"https:\/\/chemgramx.com\/wp-content\/uploads\/2025\/11\/buy-cocaine-powder-online.jpg","contentUrl":"https:\/\/chemgramx.com\/wp-content\/uploads\/2025\/11\/buy-cocaine-powder-online.jpg","width":510,"height":466},{"@type":"BreadcrumbList","@id":"https:\/\/chemgramx.com\/product\/cocaine-powder-online-kaufen\/#breadcrumb","itemListElement":[{"@type":"ListItem","position":1,"name":"Home","item":"https:\/\/chemgramx.com\/"},{"@type":"ListItem","position":2,"name":"Shop","item":"https:\/\/chemgramx.com\/shop\/"},{"@type":"ListItem","position":3,"name":"Kokain Erwerben &#8211; Hochreine Forschungsklasse"}]},{"@type":"WebSite","@id":"https:\/\/chemgramx.com\/#website","url":"https:\/\/chemgramx.com\/","name":"Chemgramx","description":"","publisher":{"@id":"https:\/\/chemgramx.com\/#organization"},"potentialAction":[{"@type":"SearchAction","target":{"@type":"EntryPoint","urlTemplate":"https:\/\/chemgramx.com\/?s={search_term_string}"},"query-input":{"@type":"PropertyValueSpecification","valueRequired":true,"valueName":"search_term_string"}}],"inLanguage":"pl-PL"},{"@type":"Organization","@id":"https:\/\/chemgramx.com\/#organization","name":"Chemgramx","url":"https:\/\/chemgramx.com\/","logo":{"@type":"ImageObject","inLanguage":"pl-PL","@id":"https:\/\/chemgramx.com\/#\/schema\/logo\/image\/","url":"https:\/\/chemgramx.com\/wp-content\/uploads\/2024\/10\/final-logo.png","contentUrl":"https:\/\/chemgramx.com\/wp-content\/uploads\/2024\/10\/final-logo.png","width":250,"height":48,"caption":"Chemgramx"},"image":{"@id":"https:\/\/chemgramx.com\/#\/schema\/logo\/image\/"}}]}},"_links":{"self":[{"href":"https:\/\/chemgramx.com\/pl\/wp-json\/wp\/v2\/product\/6975","targetHints":{"allow":["GET"]}}],"collection":[{"href":"https:\/\/chemgramx.com\/pl\/wp-json\/wp\/v2\/product"}],"about":[{"href":"https:\/\/chemgramx.com\/pl\/wp-json\/wp\/v2\/types\/product"}],"replies":[{"embeddable":true,"href":"https:\/\/chemgramx.com\/pl\/wp-json\/wp\/v2\/comments?post=6975"}],"wp:featuredmedia":[{"embeddable":true,"href":"https:\/\/chemgramx.com\/pl\/wp-json\/wp\/v2\/media\/6990"}],"wp:attachment":[{"href":"https:\/\/chemgramx.com\/pl\/wp-json\/wp\/v2\/media?parent=6975"}],"wp:term":[{"taxonomy":"product_brand","embeddable":true,"href":"https:\/\/chemgramx.com\/pl\/wp-json\/wp\/v2\/product_brand?post=6975"},{"taxonomy":"product_cat","embeddable":true,"href":"https:\/\/chemgramx.com\/pl\/wp-json\/wp\/v2\/product_cat?post=6975"},{"taxonomy":"product_tag","embeddable":true,"href":"https:\/\/chemgramx.com\/pl\/wp-json\/wp\/v2\/product_tag?post=6975"}],"curies":[{"name":"wp","href":"https:\/\/api.w.org\/{rel}","templated":true}]}}