{"id":6977,"date":"2025-11-21T11:11:08","date_gmt":"2025-11-21T11:11:08","guid":{"rendered":"https:\/\/chemgramx.com\/?post_type=product&#038;p=6977"},"modified":"2025-12-10T07:13:55","modified_gmt":"2025-12-10T07:13:55","slug":"kupic-platki-kokainy","status":"publish","type":"product","link":"https:\/\/chemgramx.com\/pl\/product\/kaufen-sie-kokainflocken\/","title":{"rendered":"Kup kokain\u0119 w p\u0142atkach \u2013 odkryj czyst\u0105 jako\u015b\u0107 online"},"content":{"rendered":"<p>\n    <b>Kokaina w p\u0142atkach<\/b>, znany r\u00f3wnie\u017c jako \u201eperuwia\u0144ska pasta\u201c, to substancja o wyj\u0105tkowej czysto\u015bci i specyficznym pochodzeniu. Pochodz\u0105cy z wysokog\u00f3rskich region\u00f3w Peru produkt ten jest znany na ca\u0142ym \u015bwiecie ze swojej charakterystycznej jako\u015bci. Kto <b>Kokaina w postaci p\u0142atk\u00f3w dost\u0119pna w sprzeda\u017cy<\/b> poszukuje substancji pozyskiwanej z li\u015bci ro\u015bliny koki pochodz\u0105cej z Ameryki Po\u0142udniowej. Ponadto charakteryzuje si\u0119 stopniem czysto\u015bci cz\u0119sto przekraczaj\u0105cym 96 %.\n<\/p>\n<p>\n    W szczeg\u00f3lno\u015bci ta forma kokainy jest produktem intensywnych bada\u0144 i starannego przetwarzania. Jako <b>wysokiej jako\u015bci kokaina w postaci p\u0142atk\u00f3w<\/b> jest interesuj\u0105cy przede wszystkim do cel\u00f3w naukowych i analitycznych, gdzie decyduj\u0105ce znaczenie ma precyzyjny sk\u0142ad. Ponadto wa\u017cne jest zrozumienie w\u0142a\u015bciwo\u015bci chemicznych i potencjalnego dzia\u0142ania tej substancji, kt\u00f3ra od wiek\u00f3w jest wykorzystywana w kulturze. Dlatego Chemgramx stanowi wiarygodne \u017ar\u00f3d\u0142o informacji dla os\u00f3b zainteresowanych <b>Jako\u015b\u0107 bada\u0144 nad kokain\u0105 w postaci p\u0142atk\u00f3w<\/b> s\u0105 zainteresowani.\n<\/p>\n<h2>Pochodzenie kokainy w postaci p\u0142atk\u00f3w: podr\u00f3\u017c historyczna i geograficzna<\/h2>\n<p>\n    Historia <b>Kokaina w p\u0142atkach<\/b> jest \u015bci\u015ble zwi\u0105zany z regionami andyjskimi Ameryki Po\u0142udniowej. Dok\u0142adniej rzecz bior\u0105c, Peru jest jednym z g\u0142\u00f3wnych kraj\u00f3w pochodzenia. Tutaj ro\u015blina Erythroxylon coca, z kt\u00f3rej li\u015bci pozyskuje si\u0119 t\u0119 substancj\u0119, jest wykorzystywana od tysi\u0119cy lat przez rdzennych mieszka\u0144c\u00f3w. Pocz\u0105tkowo \u017cucie li\u015bci koki s\u0142u\u017cy\u0142o celom ceremonialnym oraz \u0142agodzeniu zm\u0119czenia i choroby wysoko\u015bciowej.\n<\/p>\n<p>\n    Ponadto w produkcji uczestnicz\u0105 r\u00f3wnie\u017c Boliwia i Kolumbia. Tradycyjna metoda pozyskiwania, kt\u00f3ra prowadzi do wytworzenia \u201eperuwia\u0144skiej pasty\u201c, jest z\u0142o\u017conym procesem, w wyniku kt\u00f3rego surowce ro\u015blinne przekszta\u0142cane s\u0105 w posta\u0107 skoncentrowan\u0105. W rezultacie powstaje produkt znany ze swojej wyj\u0105tkowej czysto\u015bci. Konsumenci, kt\u00f3rzy <b>autentyczna kokaina w postaci p\u0142atk\u00f3w<\/b> przywi\u0105zuj\u0105 du\u017c\u0105 wag\u0119 do pochodzenia i zwi\u0105zanej z nim jako\u015bci.\n<\/p>\n<p>\n    Ponadto forma chemiczna, czyli <b>Chlorowodorek kokainy<\/b>, od ponad wieku przedmiot bada\u0144 naukowych. Na pocz\u0105tku XX wieku by\u0142 nawet sk\u0142adnikiem wielu eliksir\u00f3w i tonik\u00f3w, a nawet znanych napoj\u00f3w bezalkoholowych, takich jak Coca-Cola, cho\u0107 w niewielkich ilo\u015bciach. Obecnie jest stosowany w czystej postaci jako \u015brodek znieczulaj\u0105cy miejscowo w medycynie.\n<\/p>\n<h2>Charakterystyka i standardy czysto\u015bci kokainy w p\u0142atkach<\/h2>\n<p>\n    <b>Kokaina w p\u0142atkach<\/b> zwykle ma posta\u0107 drobnego, bia\u0142ego proszku. Jego forma fizyczna ma decyduj\u0105ce znaczenie dla jego charakterystyki i zastosowania w \u015brodowiskach badawczych. Czysto\u015b\u0107 tego produktu jest kluczowym czynnikiem, kt\u00f3ry odr\u00f3\u017cnia go od wielu innych form. W zwi\u0105zku z tym <b>najwy\u017cszej jako\u015bci kokaina w postaci p\u0142atk\u00f3w<\/b> cz\u0119sto stopie\u0144 czysto\u015bci powy\u017cej 96 %, a w idealnych przypadkach nawet do 98 %.\n<\/p>\n<p>\n    Tak wysoki stopie\u0144 czysto\u015bci jest niezb\u0119dny do przeprowadzenia dok\u0142adnych bada\u0144 i uzyskania wiarygodnych wynik\u00f3w. Natomiast produkty oferowane na czarnym rynku s\u0105 cz\u0119sto rozcie\u0144czane r\u00f3\u017cnymi substancjami, takimi jak proszek do pieczenia, talk lub inne \u015brodki znieczulaj\u0105ce miejscowo. Dodatki te nie tylko zmieniaj\u0105 sk\u0142ad chemiczny, ale mog\u0105 r\u00f3wnie\u017c powodowa\u0107 nieprzewidywalne skutki uboczne. Dlatego niezwykle wa\u017cne jest, aby, <b>Kokaina w p\u0142atkach o jako\u015bci laboratoryjnej<\/b> pochodzi\u0107 z wiarygodnego \u017ar\u00f3d\u0142a.\n<\/p>\n<p>\n    Staranna obr\u00f3bka i analiza gwarantuj\u0105, \u017ce nasze <b>Najwy\u017cszej jako\u015bci kokaina w p\u0142atkach<\/b> spe\u0142nia najwy\u017csze standardy. Dzi\u0119ki temu naukowcy i badacze otrzymuj\u0105 precyzyjnie okre\u015blon\u0105 substancj\u0119, niezb\u0119dn\u0105 do przeprowadzenia eksperyment\u00f3w i analiz. Ponadto rygorystyczne kontrole jako\u015bci pomagaj\u0105 zapewni\u0107 sp\u00f3jno\u015b\u0107 i niezawodno\u015b\u0107 ka\u017cdej partii, co wspiera integralno\u015b\u0107 bada\u0144.\n<\/p>\n<h2>Mechanizmy biochemiczne kokainy w postaci p\u0142atk\u00f3w<\/h2>\n<p>\n    G\u0142\u00f3wne dzia\u0142anie <b>Kokaina w p\u0142atkach<\/b> objawia si\u0119 w ludzkim m\u00f3zgu, a dok\u0142adniej w uk\u0142adzie nagrody. Z biologicznego punktu widzenia efekt ten ma miejsce w \u015br\u00f3dm\u00f3zgowiu, w obszarze znanym jako obszar brzuszny nakrywki (VTA). W\u0142\u00f3kna nerwowe z VTA s\u0105 po\u0142\u0105czone z j\u0105drem p\u00f3\u0142le\u017c\u0105cym, kluczowym obszarem odpowiedzialnym za przetwarzanie nagr\u00f3d.\n<\/p>\n<p>\n    Zazwyczaj m\u00f3zg uwalnia dopamin\u0119 w odpowiedzi na przyjemne bod\u017ace, a nast\u0119pnie ponownie j\u0105 wch\u0142ania. <b>Kokaina w p\u0142atkach<\/b> jednak znacznie zak\u0142\u00f3ca ten naturalny proces. Zapobiega ponownemu wch\u0142anianiu dopaminy, co prowadzi do gromadzenia si\u0119 tego neuroprzeka\u017anika w szczelinie synaptycznej. W rezultacie m\u00f3zg wysy\u0142a wzmocniony \u201esygna\u0142 nagrody\u201c, kt\u00f3ry konsumenci odczuwaj\u0105 jako eufori\u0119.\n<\/p>\n<p>\n    Ponadto substancja ta zwi\u0119ksza uwag\u0119, czujno\u015b\u0107 i energi\u0119. U\u017cytkownicy cz\u0119sto zg\u0142aszaj\u0105 zwi\u0119kszon\u0105 rozmowno\u015b\u0107 i poczucie kontroli nad otoczeniem. Jednak bez ci\u0105g\u0142ego przyjmowania te stymuluj\u0105ce i przyjemne efekty utrzymuj\u0105 si\u0119 tylko przez kr\u00f3tki czas. Dlatego wa\u017cne jest, aby zrozumie\u0107 potencjalne zmiany neurochemiczne i zwi\u0105zane z nimi ryzyko. Aby uzyska\u0107 bardziej szczeg\u00f3\u0142owe informacje na temat \u015bwiata chemikali\u00f3w badawczych i ich dzia\u0142ania, <a href=\"https:\/\/chemgramx.com\/product\/death-star-hash-bestellung\/\">Odkryj nasz\u0105 bogat\u0105 ofert\u0119<\/a>.\n<\/p>\n<p>\n    Jednocze\u015bnie mog\u0105 jednak wyst\u0105pi\u0107 niepo\u017c\u0105dane skutki uboczne. Nale\u017c\u0105 do nich niepok\u00f3j, dra\u017cliwo\u015b\u0107 i stany l\u0119kowe. Z czasem mo\u017ce r\u00f3wnie\u017c rozwin\u0105\u0107 si\u0119 tolerancja na dzia\u0142anie euforyczne, co sk\u0142ania wielu konsument\u00f3w do zwi\u0119kszania dawki, aby osi\u0105gn\u0105\u0107 po\u017c\u0105dane odczucia. To b\u0142\u0119dne ko\u0142o mo\u017ce szybko doprowadzi\u0107 do silnego uzale\u017cnienia. Ponadto konsumenci mog\u0105 rozwin\u0105\u0107 zwi\u0119kszon\u0105 wra\u017cliwo\u015b\u0107 na dzia\u0142anie znieczulaj\u0105ce i wywo\u0142uj\u0105ce drgawki, nawet przy pozornie niskich dawkach.\n<\/p>\n<h2>Formy zastosowania i znaczenie bezpiecznego nabycia<\/h2>\n<p>\n    Tradycyjnie <b>Kokaina w p\u0142atkach<\/b> Spo\u017cywany w postaci proszku donosowo, cz\u0119sto po dok\u0142adnym rozdrobnieniu i roz\u0142o\u017ceniu na linie. Metoda ta jest powszechnie stosowana, ale wi\u0105\u017ce si\u0119 z ryzykiem dla b\u0142ony \u015bluzowej nosa, zw\u0142aszcza je\u015bli proszek nie jest wystarczaj\u0105co drobny. Niekt\u00f3rzy u\u017cytkownicy po u\u017cyciu p\u0142ucz\u0105 nozdrza wod\u0105 lub roztworem soli fizjologicznej, aby zminimalizowa\u0107 ewentualne podra\u017cnienia. Odpowiedzialno\u015b\u0107 za bezpieczne stosowanie spoczywa zawsze na u\u017cytkowniku.\n<\/p>\n<p>\n    Ponadto mo\u017ce <b>Kokaina w p\u0142atkach<\/b> mo\u017cna r\u00f3wnie\u017c pali\u0107 lub wstrzykiwa\u0107, jednak metody te s\u0105 znacznie bardziej niebezpieczne i wi\u0105\u017c\u0105 si\u0119 ze znacznie wi\u0119kszym ryzykiem dla zdrowia. Na przyk\u0142ad z <b>Kokaina w p\u0142atkach<\/b> czasami wytwarza si\u0119 \u201ecrack\u201c, kt\u00f3ry pali si\u0119 w szklanych fajkach i ma jeszcze wi\u0119kszy potencja\u0142 uzale\u017cniaj\u0105cy.\n<\/p>\n<p>\n    Przy zakupie substancji takich jak <b>Kokaina w p\u0142atkach<\/b> niezwykle wa\u017cne jest, aby korzysta\u0107 z wiarygodnych \u017ar\u00f3de\u0142. Tylko w ten spos\u00f3b mo\u017cna zagwarantowa\u0107 czysto\u015b\u0107 i autentyczno\u015b\u0107 produktu. Naszym celem jest <b>pewny zakup<\/b> chemikali\u00f3w badawczych, oferuj\u0105c wy\u0142\u0105cznie produkty najwy\u017cszej jako\u015bci, kt\u00f3re s\u0105 starannie przetwarzane. Aby uzyska\u0107 wi\u0119cej informacji na temat chemikali\u00f3w badawczych, mo\u017cna r\u00f3wnie\u017c odwiedzi\u0107 stron\u0119 <a href=\"https:\/\/chemgramx.com\/product\/death-star-hash-bestellung\/\">inne substancje, takie jak Death Star Hash informuj\u0105<\/a>.\n<\/p>\n<h2>Kup kokain\u0119 w postaci p\u0142atk\u00f3w online: zaufanie i dyskrecja<\/h2>\n<p>\n    Mo\u017cliwo\u015b\u0107, <b>Zam\u00f3w kokain\u0119 w postaci p\u0142atk\u00f3w online<\/b>, oferuje naukowcom i badaczom dyskretny dost\u0119p do tej substancji. W Chemgramx przywi\u0105zujemy ogromn\u0105 wag\u0119 do jako\u015bci i integralno\u015bci naszych produkt\u00f3w. Ka\u017cdy etap przetwarzania jest wykonywany z najwy\u017csz\u0105 staranno\u015bci\u0105, aby zapewni\u0107, \u017ce otrzymujesz produkt spe\u0142niaj\u0105cy nasze wysokie standardy. Rozumiemy wymagania dotycz\u0105ce <b>Jako\u015b\u0107 laboratoryjna<\/b> i pracujemy odpowiednio.\n<\/p>\n<p>\n    Ponadto nabycie <b>Kokaina w p\u0142atkach<\/b> w Chemgramx proces ten jest nastawiony na bezpiecze\u0144stwo i niezawodno\u015b\u0107. Zapewniamy, \u017ce wszystkie nasze produkty spe\u0142niaj\u0105 najwy\u017csze standardy czysto\u015bci, co jest niezb\u0119dne do powa\u017cnych bada\u0144 naukowych. <b>Kup teraz online<\/b> oznacza dost\u0119p do \u017ar\u00f3d\u0142a, kt\u00f3re zajmuje si\u0119 dostarczaniem najwy\u017cszej jako\u015bci substancji. To znacznie u\u0142atwia prac\u0119 naukow\u0105.\n<\/p>\n<p>\n    W ko\u0144cu gwarantujemy, \u017ce ka\u017cdy produkt, kt\u00f3ry znajdziesz w Chemgramx, pochodzi od <b>wysokiej czysto\u015bci na sprzeda\u017c<\/b> . Jeste\u015bmy \u015bwiadomi delikatno\u015bci tego tematu i dzia\u0142amy w spos\u00f3b odpowiedzialny. Na przyk\u0142ad mo\u017cna r\u00f3wnie\u017c znale\u017a\u0107 <a href=\"https:\/\/chemgramx.com\/product\/gofast-300mg-mdma-online-bestellung\/\">inne substancje badawcze, takie jak Gofast 300 mg MDMA<\/a> w naszym asortymencie, kt\u00f3re podlegaj\u0105 tym samym rygorystycznym kontrolom jako\u015bci. Podkre\u015bla to nasze zaanga\u017cowanie w dostarczanie doskona\u0142ych chemikali\u00f3w badawczych.\n<\/p>\n<h2>Wniosek: kokaina w postaci p\u0142atk\u00f3w jako obiekt bada\u0144 najwy\u017cszej jako\u015bci<\/h2>\n<p>\n    Podsumowuj\u0105c mo\u017cna powiedzie\u0107, \u017ce <b>Kokaina w p\u0142atkach<\/b> jest substancj\u0105 o niezwyk\u0142ej z\u0142o\u017cono\u015bci biochemicznej i znaczeniu historycznym. Jego wysoka czysto\u015b\u0107, a zw\u0142aszcza <b>najlepszy dost\u0119pny kokaina w p\u0142atkach<\/b>, co czyni j\u0105 cennym obiektem szczeg\u00f3\u0142owych bada\u0144 naukowych. Jednak przed rozpocz\u0119ciem pracy z t\u0105 substancj\u0105 konieczne jest pe\u0142ne zrozumienie potencjalnych zagro\u017ce\u0144 i jej silnie uzale\u017cniaj\u0105cego charakteru.\n<\/p>\n<p>\n    Ponadto kluczowe znaczenie ma wyb\u00f3r wiarygodnego \u017ar\u00f3d\u0142a zakupu. W Chemgramx dok\u0142adamy wszelkich stara\u0144, aby zapewni\u0107 Pa\u0144stwu dost\u0119p do <b>Jako\u015b\u0107 bada\u0144 nad kokain\u0105 w postaci p\u0142atk\u00f3w<\/b> podlegaj\u0105ce rygorystycznej kontroli jako\u015bci. Wspieramy nauk\u0119, zapewniaj\u0105c precyzyjn\u0105 specyfikacj\u0119 naszych produkt\u00f3w i staranne obchodzenie si\u0119 z nimi. Dzi\u0119ki temu mo\u017cesz skupi\u0107 si\u0119 na swoich badaniach.\n<\/p>\n<p>\n    Kr\u00f3tko m\u00f3wi\u0105c, je\u015bli <b>Kup kokain\u0119 w p\u0142atkach online<\/b> Chemgramx jest Twoim partnerem w zakresie czysto\u015bci i niezawodno\u015bci. Anga\u017cujemy si\u0119 w odpowiedzialne dostarczanie chemikali\u00f3w badawczych i gwarantujemy profesjonaln\u0105 obs\u0142ug\u0119 wszystkich zapyta\u0144. Zaufaj naszej wiedzy specjalistycznej w zakresie Twoich potrzeb naukowych.<\/p>","protected":false},"excerpt":{"rendered":"<p><span dir=\"auto\">Kup kokain\u0119 w p\u0142atkach<\/span><\/p>\n<p><span dir=\"auto\">Zam\u00f3w u nas kokain\u0119 online i ciesz si\u0119 czysto\u015bci\u0105. Ka\u017cdy z nas prawdopodobnie zna termin \u201ep\u0142atki\u201c lub \u201ekokaina w p\u0142atkach\u201c. Kokaina jest silnym stymulantem. Jest niezwykle uzale\u017cniaj\u0105ca i jest u\u017cywana prawie wy\u0142\u0105cznie jako narkotyk rekreacyjny. Jest pozyskiwana z li\u015bci koki i sta\u0142a si\u0119 popularna jako narkotyk w latach 80-tych XX wieku. W swojej naturalnej postaci, li\u015bci koki, by\u0142a spo\u017cywana przez rdzennych mieszka\u0144c\u00f3w Ameryki Po\u0142udniowej od tysi\u0119cy lat.<\/span><\/p>","protected":false},"featured_media":6992,"comment_status":"open","ping_status":"closed","template":"","meta":{"_joinchat":[]},"product_brand":[],"product_cat":[57],"product_tag":[3031,3025,3026,188,3030,3027,3029,3028,3032],"class_list":{"0":"post-6977","1":"product","2":"type-product","3":"status-publish","4":"has-post-thumbnail","6":"product_cat-cocaine","7":"product_tag-flockenkokain-hoechster-qualitaet","8":"product_tag-flockenkokain-kaufen","9":"product_tag-flockenkokain-online-kaufen","10":"product_tag-forschungschemikalien","11":"product_tag-hochwertiges-flockenkokain-online","12":"product_tag-kokain-zu-verkaufen","13":"product_tag-reines-flockenkokain","14":"product_tag-reines-kokain-online-bestellen","15":"product_tag-wo-kann-man-flockenkokain-online-kaufen","17":"first","18":"instock","19":"shipping-taxable","20":"purchasable","21":"product-type-variable"},"yoast_head":"<!-- This site is optimized with the Yoast SEO plugin v27.5 - https:\/\/yoast.com\/product\/yoast-seo-wordpress\/ -->\n<title>Kaufen Sie Flockenkokain online \u2013 reines Kokain Chemgramx<\/title>\n<meta name=\"description\" content=\"Wie bereits erw\u00e4hnt, ist\u00a0\u00a0Kokainhydrochlorid\u00a0die reine chemische Form von Kokain . Obwohl der Reinheitsgrad je nach Verarbeitung variiert\" \/>\n<meta name=\"robots\" content=\"index, follow, max-snippet:-1, max-image-preview:large, max-video-preview:-1\" \/>\n<link rel=\"canonical\" href=\"https:\/\/chemgramx.com\/pl\/produkt-1\/kupic-platki-kokainy\/\" \/>\n<meta property=\"og:locale\" content=\"pl_PL\" \/>\n<meta property=\"og:type\" content=\"article\" \/>\n<meta property=\"og:title\" content=\"Kaufen Sie Flockenkokain online \u2013 reines Kokain Chemgramx\" \/>\n<meta property=\"og:description\" content=\"Wie bereits erw\u00e4hnt, ist\u00a0\u00a0Kokainhydrochlorid\u00a0die reine chemische Form von Kokain . Obwohl der Reinheitsgrad je nach Verarbeitung variiert\" \/>\n<meta property=\"og:url\" content=\"https:\/\/chemgramx.com\/pl\/produkt-1\/kupic-platki-kokainy\/\" \/>\n<meta property=\"og:site_name\" content=\"Chemgramx\" \/>\n<meta property=\"article:modified_time\" content=\"2025-12-10T07:13:55+00:00\" \/>\n<meta property=\"og:image\" content=\"https:\/\/chemgramx.com\/wp-content\/uploads\/2025\/11\/buy-flake-cocaine.jpeg\" \/>\n\t<meta property=\"og:image:width\" content=\"300\" \/>\n\t<meta property=\"og:image:height\" content=\"300\" \/>\n\t<meta property=\"og:image:type\" content=\"image\/jpeg\" \/>\n<meta name=\"twitter:card\" content=\"summary_large_image\" \/>\n<meta name=\"twitter:label1\" content=\"Szacowany czas czytania\" \/>\n\t<meta name=\"twitter:data1\" content=\"4 minuty\" \/>\n<script type=\"application\/ld+json\" class=\"yoast-schema-graph\">{\"@context\":\"https:\\\/\\\/schema.org\",\"@graph\":[{\"@type\":\"WebPage\",\"@id\":\"https:\\\/\\\/chemgramx.com\\\/product\\\/kaufen-sie-kokainflocken\\\/\",\"url\":\"https:\\\/\\\/chemgramx.com\\\/product\\\/kaufen-sie-kokainflocken\\\/\",\"name\":\"Kaufen Sie Flockenkokain online \u2013 reines Kokain Chemgramx\",\"isPartOf\":{\"@id\":\"https:\\\/\\\/chemgramx.com\\\/#website\"},\"primaryImageOfPage\":{\"@id\":\"https:\\\/\\\/chemgramx.com\\\/product\\\/kaufen-sie-kokainflocken\\\/#primaryimage\"},\"image\":{\"@id\":\"https:\\\/\\\/chemgramx.com\\\/product\\\/kaufen-sie-kokainflocken\\\/#primaryimage\"},\"thumbnailUrl\":\"https:\\\/\\\/chemgramx.com\\\/wp-content\\\/uploads\\\/2025\\\/11\\\/buy-flake-cocaine.jpeg\",\"datePublished\":\"2025-11-21T11:11:08+00:00\",\"dateModified\":\"2025-12-10T07:13:55+00:00\",\"description\":\"Wie bereits erw\u00e4hnt, ist\u00a0\u00a0Kokainhydrochlorid\u00a0die reine chemische Form von Kokain . Obwohl der Reinheitsgrad je nach Verarbeitung variiert\",\"breadcrumb\":{\"@id\":\"https:\\\/\\\/chemgramx.com\\\/product\\\/kaufen-sie-kokainflocken\\\/#breadcrumb\"},\"inLanguage\":\"pl-PL\",\"potentialAction\":[{\"@type\":\"ReadAction\",\"target\":[\"https:\\\/\\\/chemgramx.com\\\/product\\\/kaufen-sie-kokainflocken\\\/\"]}]},{\"@type\":\"ImageObject\",\"inLanguage\":\"pl-PL\",\"@id\":\"https:\\\/\\\/chemgramx.com\\\/product\\\/kaufen-sie-kokainflocken\\\/#primaryimage\",\"url\":\"https:\\\/\\\/chemgramx.com\\\/wp-content\\\/uploads\\\/2025\\\/11\\\/buy-flake-cocaine.jpeg\",\"contentUrl\":\"https:\\\/\\\/chemgramx.com\\\/wp-content\\\/uploads\\\/2025\\\/11\\\/buy-flake-cocaine.jpeg\",\"width\":300,\"height\":300},{\"@type\":\"BreadcrumbList\",\"@id\":\"https:\\\/\\\/chemgramx.com\\\/product\\\/kaufen-sie-kokainflocken\\\/#breadcrumb\",\"itemListElement\":[{\"@type\":\"ListItem\",\"position\":1,\"name\":\"Home\",\"item\":\"https:\\\/\\\/chemgramx.com\\\/\"},{\"@type\":\"ListItem\",\"position\":2,\"name\":\"Shop\",\"item\":\"https:\\\/\\\/chemgramx.com\\\/shop\\\/\"},{\"@type\":\"ListItem\",\"position\":3,\"name\":\"Flockenkokain kaufen &#8211; Reine Qualit\u00e4t Online entdecken\"}]},{\"@type\":\"WebSite\",\"@id\":\"https:\\\/\\\/chemgramx.com\\\/#website\",\"url\":\"https:\\\/\\\/chemgramx.com\\\/\",\"name\":\"Chemgramx\",\"description\":\"\",\"publisher\":{\"@id\":\"https:\\\/\\\/chemgramx.com\\\/#organization\"},\"potentialAction\":[{\"@type\":\"SearchAction\",\"target\":{\"@type\":\"EntryPoint\",\"urlTemplate\":\"https:\\\/\\\/chemgramx.com\\\/?s={search_term_string}\"},\"query-input\":{\"@type\":\"PropertyValueSpecification\",\"valueRequired\":true,\"valueName\":\"search_term_string\"}}],\"inLanguage\":\"pl-PL\"},{\"@type\":\"Organization\",\"@id\":\"https:\\\/\\\/chemgramx.com\\\/#organization\",\"name\":\"Chemgramx\",\"url\":\"https:\\\/\\\/chemgramx.com\\\/\",\"logo\":{\"@type\":\"ImageObject\",\"inLanguage\":\"pl-PL\",\"@id\":\"https:\\\/\\\/chemgramx.com\\\/#\\\/schema\\\/logo\\\/image\\\/\",\"url\":\"https:\\\/\\\/chemgramx.com\\\/wp-content\\\/uploads\\\/2024\\\/10\\\/final-logo.png\",\"contentUrl\":\"https:\\\/\\\/chemgramx.com\\\/wp-content\\\/uploads\\\/2024\\\/10\\\/final-logo.png\",\"width\":250,\"height\":48,\"caption\":\"Chemgramx\"},\"image\":{\"@id\":\"https:\\\/\\\/chemgramx.com\\\/#\\\/schema\\\/logo\\\/image\\\/\"}}]}<\/script>\n<!-- \/ Yoast SEO plugin. -->","yoast_head_json":{"title":"Kup kokain\u0119 p\u0142atkow\u0105 online - czysta kokaina Chemgramx","description":"Jak wspomniano powy\u017cej, chlorowodorek kokainy jest czyst\u0105 form\u0105 chemiczn\u0105 kokainy. Chocia\u017c stopie\u0144 czysto\u015bci r\u00f3\u017cni si\u0119 w zale\u017cno\u015bci od procesu przetwarzania","robots":{"index":"index","follow":"follow","max-snippet":"max-snippet:-1","max-image-preview":"max-image-preview:large","max-video-preview":"max-video-preview:-1"},"canonical":"https:\/\/chemgramx.com\/pl\/produkt-1\/kupic-platki-kokainy\/","og_locale":"pl_PL","og_type":"article","og_title":"Kaufen Sie Flockenkokain online \u2013 reines Kokain Chemgramx","og_description":"Wie bereits erw\u00e4hnt, ist\u00a0\u00a0Kokainhydrochlorid\u00a0die reine chemische Form von Kokain . Obwohl der Reinheitsgrad je nach Verarbeitung variiert","og_url":"https:\/\/chemgramx.com\/pl\/produkt-1\/kupic-platki-kokainy\/","og_site_name":"Chemgramx","article_modified_time":"2025-12-10T07:13:55+00:00","og_image":[{"width":300,"height":300,"url":"https:\/\/chemgramx.com\/wp-content\/uploads\/2025\/11\/buy-flake-cocaine.jpeg","type":"image\/jpeg"}],"twitter_card":"summary_large_image","twitter_misc":{"Szacowany czas czytania":"4 minuty"},"schema":{"@context":"https:\/\/schema.org","@graph":[{"@type":"WebPage","@id":"https:\/\/chemgramx.com\/product\/kaufen-sie-kokainflocken\/","url":"https:\/\/chemgramx.com\/product\/kaufen-sie-kokainflocken\/","name":"Kup kokain\u0119 p\u0142atkow\u0105 online - czysta kokaina Chemgramx","isPartOf":{"@id":"https:\/\/chemgramx.com\/#website"},"primaryImageOfPage":{"@id":"https:\/\/chemgramx.com\/product\/kaufen-sie-kokainflocken\/#primaryimage"},"image":{"@id":"https:\/\/chemgramx.com\/product\/kaufen-sie-kokainflocken\/#primaryimage"},"thumbnailUrl":"https:\/\/chemgramx.com\/wp-content\/uploads\/2025\/11\/buy-flake-cocaine.jpeg","datePublished":"2025-11-21T11:11:08+00:00","dateModified":"2025-12-10T07:13:55+00:00","description":"Jak wspomniano powy\u017cej, chlorowodorek kokainy jest czyst\u0105 form\u0105 chemiczn\u0105 kokainy. Chocia\u017c stopie\u0144 czysto\u015bci r\u00f3\u017cni si\u0119 w zale\u017cno\u015bci od procesu przetwarzania","breadcrumb":{"@id":"https:\/\/chemgramx.com\/product\/kaufen-sie-kokainflocken\/#breadcrumb"},"inLanguage":"pl-PL","potentialAction":[{"@type":"ReadAction","target":["https:\/\/chemgramx.com\/product\/kaufen-sie-kokainflocken\/"]}]},{"@type":"ImageObject","inLanguage":"pl-PL","@id":"https:\/\/chemgramx.com\/product\/kaufen-sie-kokainflocken\/#primaryimage","url":"https:\/\/chemgramx.com\/wp-content\/uploads\/2025\/11\/buy-flake-cocaine.jpeg","contentUrl":"https:\/\/chemgramx.com\/wp-content\/uploads\/2025\/11\/buy-flake-cocaine.jpeg","width":300,"height":300},{"@type":"BreadcrumbList","@id":"https:\/\/chemgramx.com\/product\/kaufen-sie-kokainflocken\/#breadcrumb","itemListElement":[{"@type":"ListItem","position":1,"name":"Home","item":"https:\/\/chemgramx.com\/"},{"@type":"ListItem","position":2,"name":"Shop","item":"https:\/\/chemgramx.com\/shop\/"},{"@type":"ListItem","position":3,"name":"Flockenkokain kaufen &#8211; Reine Qualit\u00e4t Online entdecken"}]},{"@type":"WebSite","@id":"https:\/\/chemgramx.com\/#website","url":"https:\/\/chemgramx.com\/","name":"Chemgramx","description":"","publisher":{"@id":"https:\/\/chemgramx.com\/#organization"},"potentialAction":[{"@type":"SearchAction","target":{"@type":"EntryPoint","urlTemplate":"https:\/\/chemgramx.com\/?s={search_term_string}"},"query-input":{"@type":"PropertyValueSpecification","valueRequired":true,"valueName":"search_term_string"}}],"inLanguage":"pl-PL"},{"@type":"Organization","@id":"https:\/\/chemgramx.com\/#organization","name":"Chemgramx","url":"https:\/\/chemgramx.com\/","logo":{"@type":"ImageObject","inLanguage":"pl-PL","@id":"https:\/\/chemgramx.com\/#\/schema\/logo\/image\/","url":"https:\/\/chemgramx.com\/wp-content\/uploads\/2024\/10\/final-logo.png","contentUrl":"https:\/\/chemgramx.com\/wp-content\/uploads\/2024\/10\/final-logo.png","width":250,"height":48,"caption":"Chemgramx"},"image":{"@id":"https:\/\/chemgramx.com\/#\/schema\/logo\/image\/"}}]}},"_links":{"self":[{"href":"https:\/\/chemgramx.com\/pl\/wp-json\/wp\/v2\/product\/6977","targetHints":{"allow":["GET"]}}],"collection":[{"href":"https:\/\/chemgramx.com\/pl\/wp-json\/wp\/v2\/product"}],"about":[{"href":"https:\/\/chemgramx.com\/pl\/wp-json\/wp\/v2\/types\/product"}],"replies":[{"embeddable":true,"href":"https:\/\/chemgramx.com\/pl\/wp-json\/wp\/v2\/comments?post=6977"}],"wp:featuredmedia":[{"embeddable":true,"href":"https:\/\/chemgramx.com\/pl\/wp-json\/wp\/v2\/media\/6992"}],"wp:attachment":[{"href":"https:\/\/chemgramx.com\/pl\/wp-json\/wp\/v2\/media?parent=6977"}],"wp:term":[{"taxonomy":"product_brand","embeddable":true,"href":"https:\/\/chemgramx.com\/pl\/wp-json\/wp\/v2\/product_brand?post=6977"},{"taxonomy":"product_cat","embeddable":true,"href":"https:\/\/chemgramx.com\/pl\/wp-json\/wp\/v2\/product_cat?post=6977"},{"taxonomy":"product_tag","embeddable":true,"href":"https:\/\/chemgramx.com\/pl\/wp-json\/wp\/v2\/product_tag?post=6977"}],"curies":[{"name":"wp","href":"https:\/\/api.w.org\/{rel}","templated":true}]}}