{"id":6978,"date":"2025-11-21T11:11:08","date_gmt":"2025-11-21T11:11:08","guid":{"rendered":"https:\/\/chemgramx.com\/?post_type=product&#038;p=6978"},"modified":"2025-12-10T07:14:29","modified_gmt":"2025-12-10T07:14:29","slug":"kupic-peruwianska-kokaine-bezpiecznie-online","status":"publish","type":"product","link":"https:\/\/chemgramx.com\/pl\/product\/peruanisches-kokain-sicher-online-kaufen\/","title":{"rendered":"Kup kokain\u0119 peruwia\u0144sk\u0105 \u2013 wysoka czysto\u015b\u0107"},"content":{"rendered":"<p>Odkryj wyj\u0105tkow\u0105 jako\u015b\u0107 peruwia\u0144skiej kokainy, produktu cenionego na ca\u0142ym \u015bwiecie za czysto\u015b\u0107 i najwy\u017csze standardy. Nasza oferta skierowana jest do wymagaj\u0105cych klient\u00f3w, kt\u00f3rzy ceni\u0105 sobie autentyczno\u015b\u0107, niezawodno\u015b\u0107 i najwy\u017csz\u0105 dyskrecj\u0119. Ponadto gwarantujemy, \u017ce nasza <b>Peruwia\u0144ska kokaina na sprzeda\u017c<\/b> pochodzi wy\u0142\u0105cznie z wiarygodnych, sprawdzonych \u017ar\u00f3de\u0142 bezpo\u015brednio z Peru. Ponadto ka\u017cda partia jest sprawdzana w najsurowszych warunkach i traktowana z najwy\u017csz\u0105 staranno\u015bci\u0105, zanim opu\u015bci nasze laboratorium. Dzi\u0119ki temu zawsze otrzymujesz produkt, kt\u00f3ry spe\u0142nia nasze wysokie wymagania jako\u015bciowe.<\/p>\n<p>W Chemgramx rozumiemy znaczenie precyzji i niezawodno\u015bci w zastosowaniach naukowych. Dlatego oferujemy wy\u0142\u0105cznie <b>Najlepsza dost\u0119pna kokaina peruwia\u0144ska<\/b>. Ka\u017cdy gram, kt\u00f3ry u nas kupujesz, zosta\u0142 poddany rygorystycznej kontroli, aby zapewni\u0107, \u017ce spe\u0142nia nasze i Twoje oczekiwania dotycz\u0105ce czysto\u015bci i konsystencji. Dzi\u0119ki temu masz pewno\u015b\u0107, \u017ce otrzymujesz produkt o niekwestionowanej jako\u015bci.<\/p>\n<h2>Autentyczno\u015b\u0107 i pochodzenie: esencja peruwia\u0144skiej kokainy<\/h2>\n<p>Autentyczno\u015b\u0107 naszych produkt\u00f3w jest dla nas spraw\u0105 najwy\u017cszej wagi. Nasze <b>autentyczna peruwia\u0144ska kokaina<\/b> jest znany ze swojej naturalnej jako\u015bci i wyj\u0105tkowej czysto\u015bci, kt\u00f3re wynikaj\u0105 bezpo\u015brednio z miejsca pochodzenia. Peru, region o d\u0142ugiej tradycji i optymalnych warunkach do pozyskiwania surowc\u00f3w, stanowi podstaw\u0119 dla tego wyj\u0105tkowego produktu. Ponadto pozyskiwanie naszych surowc\u00f3w odbywa si\u0119 zgodnie z zasadami etycznymi i przy \u015bcis\u0142ym przestrzeganiu mi\u0119dzynarodowych standard\u00f3w. Dzi\u0119ki temu mo\u017cesz mie\u0107 pewno\u015b\u0107 co do pochodzenia i integralno\u015bci ka\u017cdego produktu.<\/p>\n<p>To w\u0142a\u015bnie specyficzne pochodzenie ma decyduj\u0105cy wp\u0142yw na wysok\u0105 warto\u015b\u0107 produktu. W rzeczywisto\u015bci czysto\u015b\u0107 <b>wysokiej jako\u015bci kokainy peruwia\u0144skiej<\/b> ju\u017c podczas zbior\u00f3w w krajach pochodzenia. Dzi\u0119ki temu mo\u017cemy zagwarantowa\u0107 \u0142a\u0144cuch produkt\u00f3w, kt\u00f3ry od samego pocz\u0105tku stawia na jako\u015b\u0107 i odpowiedzialno\u015b\u0107. Ponadto zapewniamy przejrzysto\u015b\u0107 i identyfikowalno\u015b\u0107 wszystkich etap\u00f3w.<\/p>\n<h2>Czysto\u015b\u0107 chemiczna i standardy jako\u015bci<\/h2>\n<p>Czysto\u015b\u0107 produktu chemicznego ma kluczowe znaczenie, zw\u0142aszcza w przypadku bada\u0144 i analiz. W Chemgramx przywi\u0105zujemy du\u017c\u0105 wag\u0119 do specyfikacji analitycznej naszej oferty. W zwi\u0105zku z tym ka\u017cda partia produktu <b>wysokiej jako\u015bci kokainy peruwia\u0144skiej<\/b> analizowane i certyfikowane w niezale\u017cnych laboratoriach. Gwarantuje to maksymaln\u0105 czysto\u015b\u0107 i bezpiecze\u0144stwo dla Twoich projekt\u00f3w naukowych. Ponadto zapewniamy, \u017ce analizy s\u0105 przeprowadzane zgodnie z najnowszymi metodami naukowymi.<\/p>\n<p>Nasze produkty s\u0105 dost\u0119pne jako <b>Klasa badawcza na sprzeda\u017c<\/b> oraz <b>Klasa laboratoryjna na sprzeda\u017c<\/b> co podkre\u015bla ich przydatno\u015b\u0107 do wymagaj\u0105cych zastosowa\u0144. Oznacza to, \u017ce otrzymujesz produkt spe\u0142niaj\u0105cy najwy\u017csze standardy bada\u0144 naukowych. Ponadto do ka\u017cdej partii do\u0142\u0105czamy szczeg\u00f3\u0142ow\u0105 specyfikacj\u0119, dzi\u0119ki czemu dok\u0142adnie wiesz, co kupujesz. W ten spos\u00f3b pomagamy Ci osi\u0105ga\u0107 precyzyjne i powtarzalne wyniki. Je\u015bli szukasz innych opcji do swoich bada\u0144, polecamy r\u00f3wnie\u017c nasz <a href=\"https:\/\/chemgramx.com\/product\/diplomat-hash-online-bestellung\/\">Diplomat Hash<\/a> do odkrycia.<\/p>\n<h2>Proces zaopatrzenia: staranno\u015b\u0107 na ka\u017cdym etapie<\/h2>\n<p>Nasz proces zaopatrzenia ma na celu zachowanie integralno\u015bci i jako\u015bci produktu od \u017ar\u00f3d\u0142a a\u017c do momentu dostarczenia go do Pa\u0144stwa. Najpierw starannie wybieramy naszych partner\u00f3w w Peru, kieruj\u0105c si\u0119 ich reputacj\u0105 i zaanga\u017cowaniem w zapewnienie wysokiej jako\u015bci. Dzi\u0119ki temu mamy pewno\u015b\u0107, \u017ce przetwarzane s\u0105 wy\u0142\u0105cznie surowce o najwy\u017cszym standardzie. Ponadto \u015bci\u015ble monitorujemy ka\u017cdy etap procesu, aby unikn\u0105\u0107 zanieczyszcze\u0144.<\/p>\n<p>Ka\u017cdy etap, od wst\u0119pnej obr\u00f3bki do ko\u0144cowego przetwarzania w naszych laboratoriach, jest dokumentowany i sprawdzany. Gwarantuje to pe\u0142n\u0105 kontrol\u0119 jako\u015bci i przejrzysto\u015b\u0107. Dzi\u0119ki temu mo\u017cesz mie\u0107 pewno\u015b\u0107, \u017ce otrzymujesz produkt wytworzony z najwy\u017csz\u0105 staranno\u015bci\u0105 i fachowo\u015bci\u0105. Ponadto ten szczeg\u00f3\u0142owy proces zapewnia sta\u0142\u0105 dost\u0119pno\u015b\u0107 naszych produkt\u00f3w. <b>wysokiej jako\u015bci kokainy peruwia\u0144skiej<\/b>.<\/p>\n<h2>Kompleksowe procedury analityczne i certyfikacje<\/h2>\n<p>Aby zapewni\u0107 najwy\u017csz\u0105 jako\u015b\u0107, przeprowadzamy kompleksowe analizy. Ka\u017cda partia przechodzi kilka etap\u00f3w test\u00f3w w niezale\u017cnych laboratoriach. Obejmuj\u0105 one chromatografi\u0119 gazow\u0105 sprz\u0119\u017con\u0105 ze spektrometri\u0105 masow\u0105 (GC-MS) oraz wysokosprawno\u015b\u0107 chromatografi\u0119 cieczow\u0105 (HPLC) w celu dok\u0142adnego okre\u015blenia czysto\u015bci i sk\u0142adu. W rezultacie otrzymuj\u0105 Pa\u0144stwo precyzyjnie scharakteryzowany produkt. Ponadto analizy te stanowi\u0105 podstaw\u0119 naszych certyfikat\u00f3w.<\/p>\n<p>Certyfikaty te potwierdzaj\u0105 nie tylko czysto\u015b\u0107 produktu, ale tak\u017ce brak niepo\u017c\u0105danych zanieczyszcze\u0144. W rezultacie oferujemy produkt spe\u0142niaj\u0105cy najwy\u017csze wymagania naukowe. Oczywi\u015bcie wszystkie certyfikaty s\u0105 dost\u0119pne na \u017c\u0105danie, aby zapewni\u0107 pe\u0142n\u0105 przejrzysto\u015b\u0107. Ponadto, aby uzyska\u0107 wi\u0119cej informacji na temat wysokiej jako\u015bci chemikali\u00f3w badawczych, odwied\u017a nasz\u0105 stron\u0119 internetow\u0105 <a href=\"https:\/\/chemgramx.com\/product\/green-heineken-bottles-230mg-mdma-online-bestellung\/\">Zielone butelki Heineken MDMA<\/a>.<\/p>\n<h2>Bezpieczna i dyskretna realizacja zam\u00f3wienia<\/h2>\n<p>Dyskrecja i bezpiecze\u0144stwo maj\u0105 dla nas ogromne znaczenie, je\u015bli <b>Zam\u00f3w peruwia\u0144sk\u0105 kokain\u0119 online<\/b>. Wdro\u017cyli\u015bmy rygorystyczne protoko\u0142y, aby chroni\u0107 Twoj\u0105 prywatno\u015b\u0107 podczas ka\u017cdej transakcji. Ponadto zapewniamy poufno\u015b\u0107 wszystkich informacji. Dzi\u0119ki temu mo\u017cesz <b>pewny zakup<\/b> odpowiedni do Pa\u0144stwa potrzeb.<\/p>\n<p>Ca\u0142a obs\u0142uga Twojego zam\u00f3wienia odbywa si\u0119 z najwy\u017csz\u0105 staranno\u015bci\u0105 i przy \u015bcis\u0142ym przestrzeganiu standard\u00f3w bezpiecze\u0144stwa. Nasz zesp\u00f3\u0142 jest przeszkolony w zakresie zachowania najwy\u017cszej dyskrecji. Ponadto proces ten jest tak skonstruowany, \u017ce nie ma mo\u017cliwo\u015bci wyci\u0105gni\u0119cia \u017cadnych wniosk\u00f3w dotycz\u0105cych tre\u015bci lub nadawcy. Dlatego mo\u017cesz mie\u0107 pe\u0142ne zaufanie. <b>Kup teraz online<\/b>.<\/p>\n<h2>Elastyczne opcje: ilo\u015bci, formy p\u0142atno\u015bci i obs\u0142uga klienta<\/h2>\n<p>Chcemy, aby zakup by\u0142 dla Pa\u0144stwa jak najprostszy. Z tego powodu oferujemy elastyczne opcje dotycz\u0105ce ilo\u015bci i metod p\u0142atno\u015bci. Mo\u017cna zam\u00f3wi\u0107 \u017c\u0105dan\u0105 ilo\u015b\u0107 <b>Zam\u00f3w peruwia\u0144sk\u0105 kokain\u0119 online<\/b>, kt\u00f3ra odpowiada Twoim wymaganiom badawczym. Ponadto masz do wyboru r\u00f3\u017cne dyskretne metody p\u0142atno\u015bci, w tym anonimowe opcje, takie jak Bitcoin i USDT, lub klasyczny przelew bankowy. Dzi\u0119ki temu zawsze znajdziesz odpowiednie rozwi\u0105zanie.<\/p>\n<p>Nasza zaanga\u017cowana obs\u0142uga klienta jest zawsze do Pa\u0144stwa dyspozycji, odpowiadaj\u0105c na pytania w spos\u00f3b anonimowy i przyjazny. Indywidualne doradztwo, uczciwe ceny i najwy\u017csza satysfakcja klienta to nasze priorytety. Przywi\u0105zujemy du\u017c\u0105 wag\u0119 do partnerskich relacji z naszymi klientami. W zwi\u0105zku z tym staramy si\u0119 zapewni\u0107 Pa\u0144stwu najlepsz\u0105 mo\u017cliw\u0105 obs\u0142ug\u0119, je\u015bli <b>Kup peruwia\u0144sk\u0105 kokain\u0119 w Chemgramx<\/b> chcieliby\u015bcie. Ponadto jeste\u015bmy zawsze otwarci na opinie i sugestie dotycz\u0105ce ulepsze\u0144.<\/p>\n<h2>Odpowiedzialne post\u0119powanie i informacje prawne<\/h2>\n<p>Odpowiedzialne obchodzenie si\u0119 z naszymi produktami jest niezb\u0119dne. Nasze produkty, w tym <b>Peruwia\u0144ska kokaina<\/b>, s\u0105 przeznaczone wy\u0142\u0105cznie do cel\u00f3w naukowych, analitycznych i kolekcjonerskich. Niezwykle wa\u017cne jest, aby zawsze przestrzega\u0107 przepis\u00f3w i regulacji prawnych obowi\u0105zuj\u0105cych w danym kraju. W ten spos\u00f3b zapewnisz, \u017ce korzystasz z naszych ofert w spos\u00f3b odpowiedzialny. W zwi\u0105zku z tym prosimy o zapoznanie si\u0119 z odpowiednimi przepisami przed dokonaniem zakupu.<\/p>\n<p>Nie ponosimy odpowiedzialno\u015bci za niew\u0142a\u015bciwe lub nieprawid\u0142owe stosowanie naszych produkt\u00f3w. Dlatego te\u017c wy\u0142\u0105czn\u0105 odpowiedzialno\u015bci\u0105 nabywcy jest przestrzeganie wszystkich lokalnych przepis\u00f3w i regulacji. Prosimy o stosowanie naszych produkt\u00f3w wy\u0142\u0105cznie zgodnie z ich przeznaczeniem. Ponadto szczeg\u00f3ln\u0105 wag\u0119 przywi\u0105zujemy do informowania o prawid\u0142owym stosowaniu naszych produkt\u00f3w. Ostatecznie sprzyja to bezpiecznemu i legalnemu obchodzeniu si\u0119 z substancjami chemicznymi w badaniach naukowych.<\/p>\n<h2>Dlaczego Chemgramx jest najlepszym wyborem: nasze zaanga\u017cowanie<\/h2>\n<p>Je\u015bli cenisz sobie jako\u015b\u0107, dyskrecj\u0119 i niezawodn\u0105 obs\u0142ug\u0119, nasz peruwia\u0144ski produkt jest dla Ciebie w\u0142a\u015bciwym wyborem. Oferujemy nie tylko <b>Peruwia\u0144ska kokaina o wysokiej czysto\u015bci na sprzeda\u017c<\/b>, ale tak\u017ce kompleksowy pakiet us\u0142ug, kt\u00f3ry wspiera Pa\u0144stwa badania. Prosz\u0119 zaufa\u0107 naszemu wieloletniemu do\u015bwiadczeniu i najwy\u017cszym standardom. Staramy si\u0119 przekracza\u0107 Pa\u0144stwa oczekiwania i zawsze oferowa\u0107 produkty o niezr\u00f3wnanej jako\u015bci. Dlatego Chemgramx jest idealnym partnerem w zakresie chemikali\u00f3w badawczych. Ponadto nieustannie d\u0105\u017cymy do innowacji i zadowolenia klient\u00f3w.<\/p>\n<p>Nasze zaanga\u017cowanie w jako\u015b\u0107 i obs\u0142ug\u0119 klienta sprawia, \u017ce jeste\u015bmy wiod\u0105cym dostawc\u0105 w tej dziedzinie. Nie wahaj si\u0119, <b>Zam\u00f3w peruwia\u0144sk\u0105 kokain\u0119 online<\/b> i przekona\u0107 si\u0119 o naszej doskona\u0142ej ofercie. Cieszymy si\u0119, \u017ce mo\u017cemy powita\u0107 Pa\u0144stwa jako zadowolonych klient\u00f3w. W zwi\u0105zku z tym oferujemy Pa\u0144stwu godn\u0105 zaufania platform\u0119, kt\u00f3ra zaspokoi Pa\u0144stwa potrzeby w zakresie chemikali\u00f3w badawczych. Jeste\u015bmy przekonani, \u017ce nasze produkty i us\u0142ugi przekrocz\u0105 Pa\u0144stwa oczekiwania.<\/p>","protected":false},"excerpt":{"rendered":"<p>Je\u015bli cenisz sobie jako\u015b\u0107, dyskrecj\u0119 i niezawodn\u0105 obs\u0142ug\u0119, nasz peruwia\u0144ski produkt jest dla Ciebie w\u0142a\u015bciwym wyborem. Zaufaj naszemu wieloletniemu do\u015bwiadczeniu i najwy\u017cszym standardom - zam\u00f3w dyskretnie i bezpiecznie online ju\u017c teraz.<\/p>","protected":false},"featured_media":6993,"comment_status":"open","ping_status":"closed","template":"","meta":{"_joinchat":[]},"product_brand":[],"product_cat":[57],"product_tag":[3002,3000,3001,2999,3007,3003,3004,3009,3008,3006,3005,3010,3011],"class_list":{"0":"post-6978","1":"product","2":"type-product","3":"status-publish","4":"has-post-thumbnail","6":"product_cat-cocaine","7":"product_tag-flake-kokain-online-kaufen","8":"product_tag-kokain-in-norwegen-kaufen","9":"product_tag-kokain-in-schweden-kaufen","10":"product_tag-kokain-kaufen-und-mit-bitcoin-bezahlen","11":"product_tag-peruanisches-kokain-bestellen","12":"product_tag-peruanisches-kokain-kaufen","13":"product_tag-peruanisches-kokain-online-kaufen","14":"product_tag-peruanisches-kokain-zu-verkaufen","15":"product_tag-peruanisches-pink-flake","16":"product_tag-serioese-kokainhaendler-in-australien","17":"product_tag-wie-kann-ich-sicher-kokain-online-kaufen","18":"product_tag-wo-kann-ich-sicher-kokain-online-kaufen","19":"product_tag-wo-kann-man-peruanisches-kokain-kaufen","21":"first","22":"instock","23":"shipping-taxable","24":"purchasable","25":"product-type-variable"},"yoast_head":"<!-- This site is optimized with the Yoast SEO plugin v27.5 - https:\/\/yoast.com\/product\/yoast-seo-wordpress\/ -->\n<title>Peruanisches Kokain online kaufen \u2013 Peruanisches Kokain online<\/title>\n<meta name=\"description\" content=\"Peruanisches Kokain online kaufen, allgemein bekannt als peruanisches Flockenkokain oder peruanische Paste. Es handelt sich um hochwertiges Kokain, das zu \u00fcber 96 % aus peruanischer Produktion stammt.\" \/>\n<meta name=\"robots\" content=\"index, follow, max-snippet:-1, max-image-preview:large, max-video-preview:-1\" \/>\n<link rel=\"canonical\" href=\"https:\/\/chemgramx.com\/pl\/produkt-1\/kupic-peruwianska-kokaine-bezpiecznie-online\/\" \/>\n<meta property=\"og:locale\" content=\"pl_PL\" \/>\n<meta property=\"og:type\" content=\"article\" \/>\n<meta property=\"og:title\" content=\"Peruanisches Kokain online kaufen \u2013 Peruanisches Kokain online\" \/>\n<meta property=\"og:description\" content=\"Peruanisches Kokain online kaufen, allgemein bekannt als peruanisches Flockenkokain oder peruanische Paste. Es handelt sich um hochwertiges Kokain, das zu \u00fcber 96 % aus peruanischer Produktion stammt.\" \/>\n<meta property=\"og:url\" content=\"https:\/\/chemgramx.com\/pl\/produkt-1\/kupic-peruwianska-kokaine-bezpiecznie-online\/\" \/>\n<meta property=\"og:site_name\" content=\"Chemgramx\" \/>\n<meta property=\"article:modified_time\" content=\"2025-12-10T07:14:29+00:00\" \/>\n<meta property=\"og:image\" content=\"https:\/\/chemgramx.com\/wp-content\/uploads\/2025\/11\/buy-peruvian-cocaine-online.jpeg\" \/>\n\t<meta property=\"og:image:width\" content=\"300\" \/>\n\t<meta property=\"og:image:height\" content=\"300\" \/>\n\t<meta property=\"og:image:type\" content=\"image\/jpeg\" \/>\n<meta name=\"twitter:card\" content=\"summary_large_image\" \/>\n<meta name=\"twitter:label1\" content=\"Szacowany czas czytania\" \/>\n\t<meta name=\"twitter:data1\" content=\"2 minuty\" \/>\n<script type=\"application\/ld+json\" class=\"yoast-schema-graph\">{\"@context\":\"https:\\\/\\\/schema.org\",\"@graph\":[{\"@type\":\"WebPage\",\"@id\":\"https:\\\/\\\/chemgramx.com\\\/product\\\/peruanisches-kokain-sicher-online-kaufen\\\/\",\"url\":\"https:\\\/\\\/chemgramx.com\\\/product\\\/peruanisches-kokain-sicher-online-kaufen\\\/\",\"name\":\"Peruanisches Kokain online kaufen \u2013 Peruanisches Kokain online\",\"isPartOf\":{\"@id\":\"https:\\\/\\\/chemgramx.com\\\/#website\"},\"primaryImageOfPage\":{\"@id\":\"https:\\\/\\\/chemgramx.com\\\/product\\\/peruanisches-kokain-sicher-online-kaufen\\\/#primaryimage\"},\"image\":{\"@id\":\"https:\\\/\\\/chemgramx.com\\\/product\\\/peruanisches-kokain-sicher-online-kaufen\\\/#primaryimage\"},\"thumbnailUrl\":\"https:\\\/\\\/chemgramx.com\\\/wp-content\\\/uploads\\\/2025\\\/11\\\/buy-peruvian-cocaine-online.jpeg\",\"datePublished\":\"2025-11-21T11:11:08+00:00\",\"dateModified\":\"2025-12-10T07:14:29+00:00\",\"description\":\"Peruanisches Kokain online kaufen, allgemein bekannt als peruanisches Flockenkokain oder peruanische Paste. Es handelt sich um hochwertiges Kokain, das zu \u00fcber 96 % aus peruanischer Produktion stammt.\",\"breadcrumb\":{\"@id\":\"https:\\\/\\\/chemgramx.com\\\/product\\\/peruanisches-kokain-sicher-online-kaufen\\\/#breadcrumb\"},\"inLanguage\":\"pl-PL\",\"potentialAction\":[{\"@type\":\"ReadAction\",\"target\":[\"https:\\\/\\\/chemgramx.com\\\/product\\\/peruanisches-kokain-sicher-online-kaufen\\\/\"]}]},{\"@type\":\"ImageObject\",\"inLanguage\":\"pl-PL\",\"@id\":\"https:\\\/\\\/chemgramx.com\\\/product\\\/peruanisches-kokain-sicher-online-kaufen\\\/#primaryimage\",\"url\":\"https:\\\/\\\/chemgramx.com\\\/wp-content\\\/uploads\\\/2025\\\/11\\\/buy-peruvian-cocaine-online.jpeg\",\"contentUrl\":\"https:\\\/\\\/chemgramx.com\\\/wp-content\\\/uploads\\\/2025\\\/11\\\/buy-peruvian-cocaine-online.jpeg\",\"width\":300,\"height\":300},{\"@type\":\"BreadcrumbList\",\"@id\":\"https:\\\/\\\/chemgramx.com\\\/product\\\/peruanisches-kokain-sicher-online-kaufen\\\/#breadcrumb\",\"itemListElement\":[{\"@type\":\"ListItem\",\"position\":1,\"name\":\"Home\",\"item\":\"https:\\\/\\\/chemgramx.com\\\/\"},{\"@type\":\"ListItem\",\"position\":2,\"name\":\"Shop\",\"item\":\"https:\\\/\\\/chemgramx.com\\\/shop\\\/\"},{\"@type\":\"ListItem\",\"position\":3,\"name\":\"Peruanisches Kokain Kaufen &#8211; Hohe Reinheit\"}]},{\"@type\":\"WebSite\",\"@id\":\"https:\\\/\\\/chemgramx.com\\\/#website\",\"url\":\"https:\\\/\\\/chemgramx.com\\\/\",\"name\":\"Chemgramx\",\"description\":\"\",\"publisher\":{\"@id\":\"https:\\\/\\\/chemgramx.com\\\/#organization\"},\"potentialAction\":[{\"@type\":\"SearchAction\",\"target\":{\"@type\":\"EntryPoint\",\"urlTemplate\":\"https:\\\/\\\/chemgramx.com\\\/?s={search_term_string}\"},\"query-input\":{\"@type\":\"PropertyValueSpecification\",\"valueRequired\":true,\"valueName\":\"search_term_string\"}}],\"inLanguage\":\"pl-PL\"},{\"@type\":\"Organization\",\"@id\":\"https:\\\/\\\/chemgramx.com\\\/#organization\",\"name\":\"Chemgramx\",\"url\":\"https:\\\/\\\/chemgramx.com\\\/\",\"logo\":{\"@type\":\"ImageObject\",\"inLanguage\":\"pl-PL\",\"@id\":\"https:\\\/\\\/chemgramx.com\\\/#\\\/schema\\\/logo\\\/image\\\/\",\"url\":\"https:\\\/\\\/chemgramx.com\\\/wp-content\\\/uploads\\\/2024\\\/10\\\/final-logo.png\",\"contentUrl\":\"https:\\\/\\\/chemgramx.com\\\/wp-content\\\/uploads\\\/2024\\\/10\\\/final-logo.png\",\"width\":250,\"height\":48,\"caption\":\"Chemgramx\"},\"image\":{\"@id\":\"https:\\\/\\\/chemgramx.com\\\/#\\\/schema\\\/logo\\\/image\\\/\"}}]}<\/script>\n<!-- \/ Yoast SEO plugin. -->","yoast_head_json":{"title":"Peruwia\u0144ska kokaina kupi\u0107 online - Peruwia\u0144ska kokaina online","description":"Kup peruwia\u0144sk\u0105 kokain\u0119 online, powszechnie znan\u0105 jako peruwia\u0144ska kokaina p\u0142atkowa lub peruwia\u0144ska pasta. Jest to wysokiej jako\u015bci kokaina, z kt\u00f3rej ponad 96 % pochodzi z produkcji peruwia\u0144skiej.","robots":{"index":"index","follow":"follow","max-snippet":"max-snippet:-1","max-image-preview":"max-image-preview:large","max-video-preview":"max-video-preview:-1"},"canonical":"https:\/\/chemgramx.com\/pl\/produkt-1\/kupic-peruwianska-kokaine-bezpiecznie-online\/","og_locale":"pl_PL","og_type":"article","og_title":"Peruanisches Kokain online kaufen \u2013 Peruanisches Kokain online","og_description":"Peruanisches Kokain online kaufen, allgemein bekannt als peruanisches Flockenkokain oder peruanische Paste. Es handelt sich um hochwertiges Kokain, das zu \u00fcber 96 % aus peruanischer Produktion stammt.","og_url":"https:\/\/chemgramx.com\/pl\/produkt-1\/kupic-peruwianska-kokaine-bezpiecznie-online\/","og_site_name":"Chemgramx","article_modified_time":"2025-12-10T07:14:29+00:00","og_image":[{"width":300,"height":300,"url":"https:\/\/chemgramx.com\/wp-content\/uploads\/2025\/11\/buy-peruvian-cocaine-online.jpeg","type":"image\/jpeg"}],"twitter_card":"summary_large_image","twitter_misc":{"Szacowany czas czytania":"2 minuty"},"schema":{"@context":"https:\/\/schema.org","@graph":[{"@type":"WebPage","@id":"https:\/\/chemgramx.com\/product\/peruanisches-kokain-sicher-online-kaufen\/","url":"https:\/\/chemgramx.com\/product\/peruanisches-kokain-sicher-online-kaufen\/","name":"Peruwia\u0144ska kokaina kupi\u0107 online - Peruwia\u0144ska kokaina online","isPartOf":{"@id":"https:\/\/chemgramx.com\/#website"},"primaryImageOfPage":{"@id":"https:\/\/chemgramx.com\/product\/peruanisches-kokain-sicher-online-kaufen\/#primaryimage"},"image":{"@id":"https:\/\/chemgramx.com\/product\/peruanisches-kokain-sicher-online-kaufen\/#primaryimage"},"thumbnailUrl":"https:\/\/chemgramx.com\/wp-content\/uploads\/2025\/11\/buy-peruvian-cocaine-online.jpeg","datePublished":"2025-11-21T11:11:08+00:00","dateModified":"2025-12-10T07:14:29+00:00","description":"Kup peruwia\u0144sk\u0105 kokain\u0119 online, powszechnie znan\u0105 jako peruwia\u0144ska kokaina p\u0142atkowa lub peruwia\u0144ska pasta. Jest to wysokiej jako\u015bci kokaina, z kt\u00f3rej ponad 96 % pochodzi z produkcji peruwia\u0144skiej.","breadcrumb":{"@id":"https:\/\/chemgramx.com\/product\/peruanisches-kokain-sicher-online-kaufen\/#breadcrumb"},"inLanguage":"pl-PL","potentialAction":[{"@type":"ReadAction","target":["https:\/\/chemgramx.com\/product\/peruanisches-kokain-sicher-online-kaufen\/"]}]},{"@type":"ImageObject","inLanguage":"pl-PL","@id":"https:\/\/chemgramx.com\/product\/peruanisches-kokain-sicher-online-kaufen\/#primaryimage","url":"https:\/\/chemgramx.com\/wp-content\/uploads\/2025\/11\/buy-peruvian-cocaine-online.jpeg","contentUrl":"https:\/\/chemgramx.com\/wp-content\/uploads\/2025\/11\/buy-peruvian-cocaine-online.jpeg","width":300,"height":300},{"@type":"BreadcrumbList","@id":"https:\/\/chemgramx.com\/product\/peruanisches-kokain-sicher-online-kaufen\/#breadcrumb","itemListElement":[{"@type":"ListItem","position":1,"name":"Home","item":"https:\/\/chemgramx.com\/"},{"@type":"ListItem","position":2,"name":"Shop","item":"https:\/\/chemgramx.com\/shop\/"},{"@type":"ListItem","position":3,"name":"Peruanisches Kokain Kaufen &#8211; Hohe Reinheit"}]},{"@type":"WebSite","@id":"https:\/\/chemgramx.com\/#website","url":"https:\/\/chemgramx.com\/","name":"Chemgramx","description":"","publisher":{"@id":"https:\/\/chemgramx.com\/#organization"},"potentialAction":[{"@type":"SearchAction","target":{"@type":"EntryPoint","urlTemplate":"https:\/\/chemgramx.com\/?s={search_term_string}"},"query-input":{"@type":"PropertyValueSpecification","valueRequired":true,"valueName":"search_term_string"}}],"inLanguage":"pl-PL"},{"@type":"Organization","@id":"https:\/\/chemgramx.com\/#organization","name":"Chemgramx","url":"https:\/\/chemgramx.com\/","logo":{"@type":"ImageObject","inLanguage":"pl-PL","@id":"https:\/\/chemgramx.com\/#\/schema\/logo\/image\/","url":"https:\/\/chemgramx.com\/wp-content\/uploads\/2024\/10\/final-logo.png","contentUrl":"https:\/\/chemgramx.com\/wp-content\/uploads\/2024\/10\/final-logo.png","width":250,"height":48,"caption":"Chemgramx"},"image":{"@id":"https:\/\/chemgramx.com\/#\/schema\/logo\/image\/"}}]}},"_links":{"self":[{"href":"https:\/\/chemgramx.com\/pl\/wp-json\/wp\/v2\/product\/6978","targetHints":{"allow":["GET"]}}],"collection":[{"href":"https:\/\/chemgramx.com\/pl\/wp-json\/wp\/v2\/product"}],"about":[{"href":"https:\/\/chemgramx.com\/pl\/wp-json\/wp\/v2\/types\/product"}],"replies":[{"embeddable":true,"href":"https:\/\/chemgramx.com\/pl\/wp-json\/wp\/v2\/comments?post=6978"}],"wp:featuredmedia":[{"embeddable":true,"href":"https:\/\/chemgramx.com\/pl\/wp-json\/wp\/v2\/media\/6993"}],"wp:attachment":[{"href":"https:\/\/chemgramx.com\/pl\/wp-json\/wp\/v2\/media?parent=6978"}],"wp:term":[{"taxonomy":"product_brand","embeddable":true,"href":"https:\/\/chemgramx.com\/pl\/wp-json\/wp\/v2\/product_brand?post=6978"},{"taxonomy":"product_cat","embeddable":true,"href":"https:\/\/chemgramx.com\/pl\/wp-json\/wp\/v2\/product_cat?post=6978"},{"taxonomy":"product_tag","embeddable":true,"href":"https:\/\/chemgramx.com\/pl\/wp-json\/wp\/v2\/product_tag?post=6978"}],"curies":[{"name":"wp","href":"https:\/\/api.w.org\/{rel}","templated":true}]}}