{"id":6984,"date":"2025-11-21T11:11:09","date_gmt":"2025-11-21T11:11:09","guid":{"rendered":"https:\/\/chemgramx.com\/?post_type=product&#038;p=6984"},"modified":"2025-12-10T07:10:15","modified_gmt":"2025-12-10T07:10:15","slug":"czysta-nieoszlifowana-kokaina","status":"publish","type":"product","link":"https:\/\/chemgramx.com\/pl\/product\/reines-unverschnittenes-kokain\/","title":{"rendered":"Kup kokain\u0119 \u2013 najczystszy produkt dost\u0119pny online"},"content":{"rendered":"<p>Chemgramx z dum\u0105 prezentuje produkt, kt\u00f3ry wyznacza standardy w swojej kategorii. Kto <b>czysta, niezmieszana kokaina oferowana na sprzeda\u017c<\/b> znajdzie u nas \u017ar\u00f3d\u0142o wyj\u0105tkowej jako\u015bci i autentyczno\u015bci. Nasza oferta zosta\u0142a stworzona specjalnie dla tych, kt\u00f3rzy stawiaj\u0105 najwy\u017csze wymagania w zakresie czysto\u015bci i precyzji analitycznej. Zobowi\u0105zujemy si\u0119 do oferowania wy\u0142\u0105cznie produkt\u00f3w <b>najwy\u017cszej jako\u015bci kokaina<\/b> odpowiednie do analiz naukowych i powa\u017cnych bada\u0144. Odkryj produkt wytwarzany z najwy\u017csz\u0105 staranno\u015bci\u0105 i w najsurowszych warunkach laboratoryjnych. Dzi\u0119ki temu jest on idealnym wyborem dla wymagaj\u0105cych u\u017cytkownik\u00f3w.<\/p>\n<h2>Zrozumie\u0107 czysto\u015b\u0107 kokainy<\/h2>\n<p>Integralno\u015b\u0107 produktu chemicznego, w szczeg\u00f3lno\u015bci kokainy, zale\u017cy w znacznym stopniu od jego czysto\u015bci. <b>Dlatego naszym najwy\u017cszym priorytetem jest oferowanie wy\u0142\u0105cznie substancji o wysokiej czysto\u015bci.<\/b> Chemgramx definiuje <b>Najwy\u017cszej jako\u015bci kokaina<\/b> dzi\u0119ki rygorystycznemu procesowi pozyskiwania materia\u0142\u00f3w i kompleksowej kontroli jako\u015bci. Ponadto gwarantujemy, \u017ce ka\u017cda partia <b>Jako\u015b\u0107 bada\u0144 Kokaina na sprzeda\u017c<\/b> poddawany jest rygorystycznym analizom laboratoryjnym. Zapewnia to sp\u00f3jno\u015b\u0107, kt\u00f3ra jest niezb\u0119dna do precyzyjnych bada\u0144 naukowych. Ponadto unikamy wszelkich \u015brodk\u00f3w rozcie\u0144czaj\u0105cych, aby zachowa\u0107 autentyczn\u0105 struktur\u0119 chemiczn\u0105.<\/p>\n<h3>Synteza i kontrola jako\u015bci<\/h3>\n<p>Nasze zaanga\u017cowanie na rzecz <b>Autentyczna kokaina<\/b> zaczyna si\u0119 ju\u017c od starannego wyboru naszych dostawc\u00f3w. Jednak nasze produkty pozyskujemy bezpo\u015brednio od renomowanych producent\u00f3w, co od samego pocz\u0105tku wyklucza po\u015brednik\u00f3w i potencjalne zanieczyszczenia. Dzi\u0119ki temu mo\u017cemy zapewni\u0107 pe\u0142n\u0105 identyfikowalno\u015b\u0107 i przejrzysto\u015b\u0107 \u0142a\u0144cucha dostaw. W rezultacie ka\u017cdy produkt poddawany jest szczeg\u00f3\u0142owej analizie w celu potwierdzenia jego to\u017csamo\u015bci i czysto\u015bci. Ponadto stosujemy najnowocze\u015bniejsze techniki analityczne, aby zapewni\u0107, \u017ce otrzymujesz tylko to, co <b>najlepsza dost\u0119pna kokaina<\/b> . Procesy te gwarantuj\u0105 niezr\u00f3wnan\u0105 jako\u015b\u0107.<\/p>\n<h3>Metody analityczne s\u0142u\u017c\u0105ce do okre\u015blania czysto\u015bci<\/h3>\n<p>Aby spe\u0142ni\u0107 obietnic\u0119 <b>Kokaina o jako\u015bci laboratoryjnej na sprzeda\u017c<\/b> Aby to zapewni\u0107, stosujemy szereg zaawansowanych metod analitycznych. W szczeg\u00f3lno\u015bci wykorzystujemy chromatografi\u0119 gazow\u0105 sprz\u0119\u017con\u0105 ze spektrometri\u0105 masow\u0105 (GC-MS) oraz wysokosprawno\u015b\u0107 chromatografi\u0119 cieczow\u0105 (HPLC). Techniki te pozwalaj\u0105 nam nie tylko precyzyjnie okre\u015bli\u0107 czysto\u015b\u0107 kokainy, ale tak\u017ce zidentyfikowa\u0107 najmniejsze \u015blady niepo\u017c\u0105danych produkt\u00f3w ubocznych lub zanieczyszcze\u0144. W ten spos\u00f3b zapewniamy, \u017ce nasz produkt spe\u0142nia najwy\u017csze mi\u0119dzynarodowe standardy. Naszym celem jest dostarczenie Pa\u0144stwu substancji o niekwestionowanej integralno\u015bci chemicznej.<\/p>\n<h2>Nauka stoj\u0105ca za kokain\u0105: mechanizm dzia\u0142ania i potencja\u0142 badawczy<\/h2>\n<p>Kokaina, jako benzoilometyloekgonina, jest fascynuj\u0105cym alkaloidem, kt\u00f3ry jest intensywnie badany w neurobiologii. W rzeczywisto\u015bci dzia\u0142a ona przede wszystkim jako inhibitor wychwytu zwrotnego serotoniny, noradrenaliny i dopaminy (SNDRI), co wyja\u015bnia jej z\u0142o\u017cony wp\u0142yw na centralny uk\u0142ad nerwowy. Precyzyjna blokada tych transporter\u00f3w neuroprzeka\u017anik\u00f3w prowadzi do zwi\u0119kszenia st\u0119\u017cenia w szczelinie synaptycznej. Ponadto zrozumienie tych mechanizm\u00f3w ma kluczowe znaczenie dla opracowywania terapii. Dlatego naukowcy wykorzystuj\u0105 nasz produkt do bada\u0144 dotycz\u0105cych szlak\u00f3w sygna\u0142owych neuron\u00f3w i reakcji farmakologicznych.<\/p>\n<h3>Perspektywy neuronaukowe<\/h3>\n<p>W badaniach neurologicznych kokaina stanowi cenne narz\u0119dzie do badania dynamiki system\u00f3w nagrody i mechanizm\u00f3w rozwoju uzale\u017cnienia. W tym kontek\u015bcie stosowanie tak czystej substancji pozwala uzyska\u0107 dok\u0142adne i powtarzalne wyniki. Naukowcy mog\u0105 na przyk\u0142ad bada\u0107 d\u0142ugoterminowy wp\u0142yw na neuroplastyczno\u015b\u0107 i ekspresj\u0119 gen\u00f3w. Ponadto kokaina pozwala uzyska\u0107 wgl\u0105d w interakcje z innymi substancjami psychoaktywnymi. Osobom zainteresowanym dalszymi mo\u017cliwo\u015bciami badawczymi w dziedzinie substancji zmieniaj\u0105cych \u015bwiadomo\u015b\u0107 polecamy r\u00f3wnie\u017c nasze specjalistyczne produkty, takie jak <a href='https:\/\/chemgramx.com\/product\/buddha-boys-thc-gummies-2000mg\/'>Gumy THC Buddha Boys<\/a>.<\/p>\n<h3>Zastosowanie w badaniach<\/h3>\n<p>Zastosowanie kokainy w badaniach naukowych obejmuje r\u00f3\u017cne dyscypliny, od farmakologii po behawiorystyk\u0119. Oferuje ona wyj\u0105tkowe mo\u017cliwo\u015bci badania z\u0142o\u017conych proces\u00f3w biologicznych. Ponadto jest wykorzystywana do opracowywania nowych lek\u00f3w i terapii ukierunkowanych na modulacj\u0119 uk\u0142ad\u00f3w neuroprzeka\u017anik\u00f3w. W szczeg\u00f3lno\u015bci jej zdolno\u015b\u0107 do oddzia\u0142ywania na okre\u015blone receptory sprawia, \u017ce jest ona nieodzownym odczynnikiem. Inn\u0105 substancj\u0105, kt\u00f3ra cieszy si\u0119 du\u017cym zainteresowaniem w badaniach naukowych, jest <a href='https:\/\/chemgramx.com\/product\/3-mmc-3-methylmethcathinon-online-kaufen\/'>3-MMC (3-metylometkatynon)<\/a>, r\u00f3wnie\u017c dost\u0119pne do cel\u00f3w analitycznych. Materia\u0142y tego typu s\u0105 niezb\u0119dne do prowadzenia bada\u0144 naukowych na najwy\u017cszym poziomie.<\/p>\n<h2>Odpowiedzialne post\u0119powanie i aspekty prawne<\/h2>\n<p>Nabywanie i stosowanie kokainy, nawet do cel\u00f3w naukowych, wymaga wysokiego poziomu odpowiedzialno\u015bci i \u015bcis\u0142ego przestrzegania wszystkich przepis\u00f3w prawnych. Niezwykle wa\u017cne jest, aby zawsze zapoznawa\u0107 si\u0119 z aktualnymi przepisami obowi\u0105zuj\u0105cymi w danym kraju. Nasze produkty s\u0105 <b>wy\u0142\u0105cznie do cel\u00f3w badawczych, analitycznych i kolekcjonerskich<\/b> i nie s\u0105 przeznaczone do spo\u017cycia przez ludzi. W zwi\u0105zku z tym nie ponosimy odpowiedzialno\u015bci za niew\u0142a\u015bciwe u\u017cycie lub nieprzestrzeganie lokalnych przepis\u00f3w. Aby <b>Kup teraz online<\/b> Aby to umo\u017cliwi\u0107, udost\u0119pniamy bezpieczn\u0105 i przejrzyst\u0105 platform\u0119.<\/p>\n<h3>Zgodno\u015b\u0107 z wytycznymi<\/h3>\n<p>Przestrzeganie globalnych i lokalnych wytycznych jest dla Chemgramx kwesti\u0105 niepodlegaj\u0105c\u0105 negocjacjom. Przywi\u0105zujemy du\u017c\u0105 wag\u0119 do tego, aby nasi klienci byli wyczerpuj\u0105co informowani o przewidzianych zastosowaniach i zwi\u0105zanych z nimi ramach prawnych. Ponadto wspieramy Pa\u0144stwa w odpowiedzialnym pozyskiwaniu <b>Jako\u015b\u0107 bada\u0144 Kokaina na sprzeda\u017c<\/b>, dostarczaj\u0105c szczeg\u00f3\u0142owe specyfikacje i certyfikaty analizy. Jednak ostateczna odpowiedzialno\u015b\u0107 za legalne wykorzystanie zawsze spoczywa na nabywcy. Dlatego prosimy o dok\u0142adne zapoznanie si\u0119 z obowi\u0105zuj\u0105cymi przepisami przed z\u0142o\u017ceniem zam\u00f3wienia. Gwarantuje to zgodno\u015b\u0107 transakcji z prawem.<\/p>\n<h3>Bezpieczny i dyskretny zakup<\/h3>\n<p>Dyskretno\u015b\u0107 i bezpiecze\u0144stwo Twojego zam\u00f3wienia s\u0105 dla nas najwy\u017cszym priorytetem. Dlatego wszystkie produkty s\u0105 pakowane w neutralne opakowania, kt\u00f3re nie pozwalaj\u0105 na wyci\u0105gni\u0119cie \u017cadnych wniosk\u00f3w co do zawarto\u015bci. Twoja prywatno\u015b\u0107 jest wi\u0119c zawsze chroniona. Ponadto oferujemy r\u00f3\u017cne anonimowe opcje p\u0142atno\u015bci, w tym kryptowaluty, takie jak Bitcoin i USDT, aby zapewni\u0107 <b>Bezpieczny zakup<\/b> zapewni\u0107. Je\u015bli <b>Zam\u00f3w kokain\u0119 online<\/b> , skorzystaj z naszego zoptymalizowanego procesu, kt\u00f3ry \u0142\u0105czy w sobie prostot\u0119 i najwy\u017csze standardy bezpiecze\u0144stwa. Mo\u017cesz mie\u0107 pewno\u015b\u0107, \u017ce Twoja sprawa zostanie potraktowana poufnie i profesjonalnie, zw\u0142aszcza je\u015bli zdecydujesz si\u0119, <b>kup w Chemgramx<\/b>.<\/p>\n<h2>Cz\u0119sto zadawane pytania dotycz\u0105ce kokainy<\/h2>\n<ul>\n<li><b>Pytanie:<\/b> Jak dyskretny jest ten proces, je\u015bli <b>Zam\u00f3w kokain\u0119 online<\/b> chcesz?<br \/>\n    <b>Odpowied\u017a:<\/b> Nasze procesy s\u0105 zaprojektowane tak, aby zapewni\u0107 maksymaln\u0105 dyskrecj\u0119. Ka\u017cde zam\u00f3wienie jest realizowane w spos\u00f3b neutralny, bez \u017cadnych wskaz\u00f3wek dotycz\u0105cych zawarto\u015bci lub nadawcy. Dzi\u0119ki temu Twoja prywatno\u015b\u0107 jest zawsze zapewniona, a my dbamy o to, aby wszystkie etapy by\u0142y realizowane z najwy\u017csz\u0105 staranno\u015bci\u0105. W rezultacie mo\u017cesz liczy\u0107 na dyskretn\u0105 dostaw\u0119.<\/li>\n<li><b>Pytanie:<\/b> Czy to jest <b>Kup kokain\u0119<\/b> czy jest to legalne w moim przypadku?<br \/>\n    <b>Odpowied\u017a:<\/b> Nasze oferty skierowane s\u0105 wy\u0142\u0105cznie do os\u00f3b, kt\u00f3re potrzebuj\u0105 produkt\u00f3w do cel\u00f3w analitycznych, badawczych i kolekcjonerskich. Przed z\u0142o\u017ceniem zam\u00f3wienia nabywca ma obowi\u0105zek zapozna\u0107 si\u0119 z lokalnymi i krajowymi przepisami prawa oraz ich przestrzega\u0107. Dlatego te\u017c prosimy o dok\u0142adne zapoznanie si\u0119 z tymi przepisami przed z\u0142o\u017ceniem zam\u00f3wienia.<\/li>\n<li><b>Pytanie:<\/b> Jakie opcje p\u0142atno\u015bci s\u0105 dost\u0119pne, aby <b>czysta kokaina na sprzeda\u017c<\/b> naby\u0107?<br \/>\n    <b>Odpowied\u017a:<\/b> Dla Pa\u0144stwa wygody i bezpiecze\u0144stwa oferujemy r\u00f3\u017cne anonimowe opcje p\u0142atno\u015bci. Obejmuj\u0105 one popularne kryptowaluty, takie jak Bitcoin (BTC) i USDT, a tak\u017ce mo\u017cliwo\u015b\u0107 przelewu bankowego dla wybranych klient\u00f3w. Opcje te umo\u017cliwiaj\u0105 <b>Bezpieczny zakup<\/b> i maksymaln\u0105 prywatno\u015b\u0107 podczas transakcji.<\/li>\n<\/ul>","protected":false},"excerpt":{"rendered":"<p><span dir=\"auto\">Mamy w magazynie czyst\u0105, niepoci\u0119t\u0105 kokain\u0119 boliwijsk\u0105 i kolumbijsk\u0105. Zapraszamy do sk\u0142adania zam\u00f3wie\u0144 hurtowych bezpo\u015brednio u nas.<\/span><\/p>\n<p><span dir=\"auto\">Zam\u00f3w pr\u00f3bk\u0119 tutaj lub skontaktuj si\u0119 z nami w celu om\u00f3wienia wi\u0119kszych zam\u00f3wie\u0144.<\/span><\/p>","protected":false},"featured_media":7024,"comment_status":"closed","ping_status":"closed","template":"","meta":{"_joinchat":[]},"product_brand":[],"product_cat":[57],"product_tag":[3180,3027,3177],"class_list":{"0":"post-6984","1":"product","2":"type-product","3":"status-publish","4":"has-post-thumbnail","6":"product_cat-cocaine","7":"product_tag-kokain-online-kaufen","8":"product_tag-kokain-zu-verkaufen","9":"product_tag-reines-kokain","11":"first","12":"instock","13":"shipping-taxable","14":"purchasable","15":"product-type-variable"},"yoast_head":"<!-- This site is optimized with the Yoast SEO plugin v27.5 - https:\/\/yoast.com\/product\/yoast-seo-wordpress\/ -->\n<title>Reines, unverschnittenes Kokain - Chemgramx<\/title>\n<meta name=\"description\" content=\"Wir haben reines, unverschnittenes bolivianisches und kolumbianisches Kokain auf Lager. Gro\u00dfbestellungen k\u00f6nnen Sie gerne direkt bei uns bestellen.\" \/>\n<meta name=\"robots\" content=\"index, follow, max-snippet:-1, max-image-preview:large, max-video-preview:-1\" \/>\n<link rel=\"canonical\" href=\"https:\/\/chemgramx.com\/pl\/produkt-1\/czysta-nieoszlifowana-kokaina\/\" \/>\n<meta property=\"og:locale\" content=\"pl_PL\" \/>\n<meta property=\"og:type\" content=\"article\" \/>\n<meta property=\"og:title\" content=\"Reines, unverschnittenes Kokain - Chemgramx\" \/>\n<meta property=\"og:description\" content=\"Wir haben reines, unverschnittenes bolivianisches und kolumbianisches Kokain auf Lager. Gro\u00dfbestellungen k\u00f6nnen Sie gerne direkt bei uns bestellen.\" \/>\n<meta property=\"og:url\" content=\"https:\/\/chemgramx.com\/pl\/produkt-1\/czysta-nieoszlifowana-kokaina\/\" \/>\n<meta property=\"og:site_name\" content=\"Chemgramx\" \/>\n<meta property=\"article:modified_time\" content=\"2025-12-10T07:10:15+00:00\" \/>\n<meta property=\"og:image\" content=\"https:\/\/chemgramx.com\/wp-content\/uploads\/2025\/11\/powdered-cocaine-300x300-1.jpg\" \/>\n\t<meta property=\"og:image:width\" content=\"300\" \/>\n\t<meta property=\"og:image:height\" content=\"300\" \/>\n\t<meta property=\"og:image:type\" content=\"image\/jpeg\" \/>\n<meta name=\"twitter:card\" content=\"summary_large_image\" \/>\n<meta name=\"twitter:label1\" content=\"Szacowany czas czytania\" \/>\n\t<meta name=\"twitter:data1\" content=\"2 minuty\" \/>\n<script type=\"application\/ld+json\" class=\"yoast-schema-graph\">{\"@context\":\"https:\\\/\\\/schema.org\",\"@graph\":[{\"@type\":\"WebPage\",\"@id\":\"https:\\\/\\\/chemgramx.com\\\/product\\\/reines-unverschnittenes-kokain\\\/\",\"url\":\"https:\\\/\\\/chemgramx.com\\\/product\\\/reines-unverschnittenes-kokain\\\/\",\"name\":\"Reines, unverschnittenes Kokain - Chemgramx\",\"isPartOf\":{\"@id\":\"https:\\\/\\\/chemgramx.com\\\/#website\"},\"primaryImageOfPage\":{\"@id\":\"https:\\\/\\\/chemgramx.com\\\/product\\\/reines-unverschnittenes-kokain\\\/#primaryimage\"},\"image\":{\"@id\":\"https:\\\/\\\/chemgramx.com\\\/product\\\/reines-unverschnittenes-kokain\\\/#primaryimage\"},\"thumbnailUrl\":\"https:\\\/\\\/chemgramx.com\\\/wp-content\\\/uploads\\\/2025\\\/11\\\/powdered-cocaine-300x300-1.jpg\",\"datePublished\":\"2025-11-21T11:11:09+00:00\",\"dateModified\":\"2025-12-10T07:10:15+00:00\",\"description\":\"Wir haben reines, unverschnittenes bolivianisches und kolumbianisches Kokain auf Lager. Gro\u00dfbestellungen k\u00f6nnen Sie gerne direkt bei uns bestellen.\",\"breadcrumb\":{\"@id\":\"https:\\\/\\\/chemgramx.com\\\/product\\\/reines-unverschnittenes-kokain\\\/#breadcrumb\"},\"inLanguage\":\"pl-PL\",\"potentialAction\":[{\"@type\":\"ReadAction\",\"target\":[\"https:\\\/\\\/chemgramx.com\\\/product\\\/reines-unverschnittenes-kokain\\\/\"]}]},{\"@type\":\"ImageObject\",\"inLanguage\":\"pl-PL\",\"@id\":\"https:\\\/\\\/chemgramx.com\\\/product\\\/reines-unverschnittenes-kokain\\\/#primaryimage\",\"url\":\"https:\\\/\\\/chemgramx.com\\\/wp-content\\\/uploads\\\/2025\\\/11\\\/powdered-cocaine-300x300-1.jpg\",\"contentUrl\":\"https:\\\/\\\/chemgramx.com\\\/wp-content\\\/uploads\\\/2025\\\/11\\\/powdered-cocaine-300x300-1.jpg\",\"width\":300,\"height\":300},{\"@type\":\"BreadcrumbList\",\"@id\":\"https:\\\/\\\/chemgramx.com\\\/product\\\/reines-unverschnittenes-kokain\\\/#breadcrumb\",\"itemListElement\":[{\"@type\":\"ListItem\",\"position\":1,\"name\":\"Home\",\"item\":\"https:\\\/\\\/chemgramx.com\\\/\"},{\"@type\":\"ListItem\",\"position\":2,\"name\":\"Shop\",\"item\":\"https:\\\/\\\/chemgramx.com\\\/shop\\\/\"},{\"@type\":\"ListItem\",\"position\":3,\"name\":\"Kokain Kaufen &#8211; Reinstes Produkt Online Erwerben\"}]},{\"@type\":\"WebSite\",\"@id\":\"https:\\\/\\\/chemgramx.com\\\/#website\",\"url\":\"https:\\\/\\\/chemgramx.com\\\/\",\"name\":\"Chemgramx\",\"description\":\"\",\"publisher\":{\"@id\":\"https:\\\/\\\/chemgramx.com\\\/#organization\"},\"potentialAction\":[{\"@type\":\"SearchAction\",\"target\":{\"@type\":\"EntryPoint\",\"urlTemplate\":\"https:\\\/\\\/chemgramx.com\\\/?s={search_term_string}\"},\"query-input\":{\"@type\":\"PropertyValueSpecification\",\"valueRequired\":true,\"valueName\":\"search_term_string\"}}],\"inLanguage\":\"pl-PL\"},{\"@type\":\"Organization\",\"@id\":\"https:\\\/\\\/chemgramx.com\\\/#organization\",\"name\":\"Chemgramx\",\"url\":\"https:\\\/\\\/chemgramx.com\\\/\",\"logo\":{\"@type\":\"ImageObject\",\"inLanguage\":\"pl-PL\",\"@id\":\"https:\\\/\\\/chemgramx.com\\\/#\\\/schema\\\/logo\\\/image\\\/\",\"url\":\"https:\\\/\\\/chemgramx.com\\\/wp-content\\\/uploads\\\/2024\\\/10\\\/final-logo.png\",\"contentUrl\":\"https:\\\/\\\/chemgramx.com\\\/wp-content\\\/uploads\\\/2024\\\/10\\\/final-logo.png\",\"width\":250,\"height\":48,\"caption\":\"Chemgramx\"},\"image\":{\"@id\":\"https:\\\/\\\/chemgramx.com\\\/#\\\/schema\\\/logo\\\/image\\\/\"}}]}<\/script>\n<!-- \/ Yoast SEO plugin. -->","yoast_head_json":{"title":"Czysta, nieoszlifowana kokaina - Chemgramx","description":"Mamy w magazynie czyst\u0105, niepoci\u0119t\u0105 kokain\u0119 boliwijsk\u0105 i kolumbijsk\u0105. Zapraszamy do sk\u0142adania zam\u00f3wie\u0144 hurtowych bezpo\u015brednio u nas.","robots":{"index":"index","follow":"follow","max-snippet":"max-snippet:-1","max-image-preview":"max-image-preview:large","max-video-preview":"max-video-preview:-1"},"canonical":"https:\/\/chemgramx.com\/pl\/produkt-1\/czysta-nieoszlifowana-kokaina\/","og_locale":"pl_PL","og_type":"article","og_title":"Reines, unverschnittenes Kokain - Chemgramx","og_description":"Wir haben reines, unverschnittenes bolivianisches und kolumbianisches Kokain auf Lager. Gro\u00dfbestellungen k\u00f6nnen Sie gerne direkt bei uns bestellen.","og_url":"https:\/\/chemgramx.com\/pl\/produkt-1\/czysta-nieoszlifowana-kokaina\/","og_site_name":"Chemgramx","article_modified_time":"2025-12-10T07:10:15+00:00","og_image":[{"width":300,"height":300,"url":"https:\/\/chemgramx.com\/wp-content\/uploads\/2025\/11\/powdered-cocaine-300x300-1.jpg","type":"image\/jpeg"}],"twitter_card":"summary_large_image","twitter_misc":{"Szacowany czas czytania":"2 minuty"},"schema":{"@context":"https:\/\/schema.org","@graph":[{"@type":"WebPage","@id":"https:\/\/chemgramx.com\/product\/reines-unverschnittenes-kokain\/","url":"https:\/\/chemgramx.com\/product\/reines-unverschnittenes-kokain\/","name":"Czysta, nieoszlifowana kokaina - Chemgramx","isPartOf":{"@id":"https:\/\/chemgramx.com\/#website"},"primaryImageOfPage":{"@id":"https:\/\/chemgramx.com\/product\/reines-unverschnittenes-kokain\/#primaryimage"},"image":{"@id":"https:\/\/chemgramx.com\/product\/reines-unverschnittenes-kokain\/#primaryimage"},"thumbnailUrl":"https:\/\/chemgramx.com\/wp-content\/uploads\/2025\/11\/powdered-cocaine-300x300-1.jpg","datePublished":"2025-11-21T11:11:09+00:00","dateModified":"2025-12-10T07:10:15+00:00","description":"Mamy w magazynie czyst\u0105, niepoci\u0119t\u0105 kokain\u0119 boliwijsk\u0105 i kolumbijsk\u0105. Zapraszamy do sk\u0142adania zam\u00f3wie\u0144 hurtowych bezpo\u015brednio u nas.","breadcrumb":{"@id":"https:\/\/chemgramx.com\/product\/reines-unverschnittenes-kokain\/#breadcrumb"},"inLanguage":"pl-PL","potentialAction":[{"@type":"ReadAction","target":["https:\/\/chemgramx.com\/product\/reines-unverschnittenes-kokain\/"]}]},{"@type":"ImageObject","inLanguage":"pl-PL","@id":"https:\/\/chemgramx.com\/product\/reines-unverschnittenes-kokain\/#primaryimage","url":"https:\/\/chemgramx.com\/wp-content\/uploads\/2025\/11\/powdered-cocaine-300x300-1.jpg","contentUrl":"https:\/\/chemgramx.com\/wp-content\/uploads\/2025\/11\/powdered-cocaine-300x300-1.jpg","width":300,"height":300},{"@type":"BreadcrumbList","@id":"https:\/\/chemgramx.com\/product\/reines-unverschnittenes-kokain\/#breadcrumb","itemListElement":[{"@type":"ListItem","position":1,"name":"Home","item":"https:\/\/chemgramx.com\/"},{"@type":"ListItem","position":2,"name":"Shop","item":"https:\/\/chemgramx.com\/shop\/"},{"@type":"ListItem","position":3,"name":"Kokain Kaufen &#8211; Reinstes Produkt Online Erwerben"}]},{"@type":"WebSite","@id":"https:\/\/chemgramx.com\/#website","url":"https:\/\/chemgramx.com\/","name":"Chemgramx","description":"","publisher":{"@id":"https:\/\/chemgramx.com\/#organization"},"potentialAction":[{"@type":"SearchAction","target":{"@type":"EntryPoint","urlTemplate":"https:\/\/chemgramx.com\/?s={search_term_string}"},"query-input":{"@type":"PropertyValueSpecification","valueRequired":true,"valueName":"search_term_string"}}],"inLanguage":"pl-PL"},{"@type":"Organization","@id":"https:\/\/chemgramx.com\/#organization","name":"Chemgramx","url":"https:\/\/chemgramx.com\/","logo":{"@type":"ImageObject","inLanguage":"pl-PL","@id":"https:\/\/chemgramx.com\/#\/schema\/logo\/image\/","url":"https:\/\/chemgramx.com\/wp-content\/uploads\/2024\/10\/final-logo.png","contentUrl":"https:\/\/chemgramx.com\/wp-content\/uploads\/2024\/10\/final-logo.png","width":250,"height":48,"caption":"Chemgramx"},"image":{"@id":"https:\/\/chemgramx.com\/#\/schema\/logo\/image\/"}}]}},"_links":{"self":[{"href":"https:\/\/chemgramx.com\/pl\/wp-json\/wp\/v2\/product\/6984","targetHints":{"allow":["GET"]}}],"collection":[{"href":"https:\/\/chemgramx.com\/pl\/wp-json\/wp\/v2\/product"}],"about":[{"href":"https:\/\/chemgramx.com\/pl\/wp-json\/wp\/v2\/types\/product"}],"replies":[{"embeddable":true,"href":"https:\/\/chemgramx.com\/pl\/wp-json\/wp\/v2\/comments?post=6984"}],"wp:featuredmedia":[{"embeddable":true,"href":"https:\/\/chemgramx.com\/pl\/wp-json\/wp\/v2\/media\/7024"}],"wp:attachment":[{"href":"https:\/\/chemgramx.com\/pl\/wp-json\/wp\/v2\/media?parent=6984"}],"wp:term":[{"taxonomy":"product_brand","embeddable":true,"href":"https:\/\/chemgramx.com\/pl\/wp-json\/wp\/v2\/product_brand?post=6984"},{"taxonomy":"product_cat","embeddable":true,"href":"https:\/\/chemgramx.com\/pl\/wp-json\/wp\/v2\/product_cat?post=6984"},{"taxonomy":"product_tag","embeddable":true,"href":"https:\/\/chemgramx.com\/pl\/wp-json\/wp\/v2\/product_tag?post=6984"}],"curies":[{"name":"wp","href":"https:\/\/api.w.org\/{rel}","templated":true}]}}