{"id":6999,"date":"2025-11-21T11:11:32","date_gmt":"2025-11-21T11:11:32","guid":{"rendered":"https:\/\/chemgramx.com\/?post_type=product&#038;p=6999"},"modified":"2025-11-21T11:13:07","modified_gmt":"2025-11-21T11:13:07","slug":"2-kup-a1mp-online","status":"publish","type":"product","link":"https:\/\/chemgramx.com\/pl\/product\/2-a1mp-online-kaufen\/","title":{"rendered":"Kup 2-A1MP online"},"content":{"rendered":"<p><b>Chlorowodorek 2-A1MP<\/b> (2-aminometylo-1-metylopiperydyna) jest produktem o wysokiej czysto\u015bci, <b>analityczny wzorzec odniesienia<\/b> i fascynuj\u0105cy cz\u0142onek klasy chemicznej <a href=\"\/product\/2-a1mp-online-kaufen\/\"><b>Analogi piperydyny<\/b><\/a>. Ze wzgl\u0119du na swoj\u0105 unikaln\u0105 struktur\u0119 heterocykliczn\u0105, kt\u00f3ra zawiera zar\u00f3wno drugorz\u0119dowy, jak i trzeciorz\u0119dowy atom azotu, 2-A1MP jest kluczowym odczynnikiem w <b>badania chemiczne<\/b>w <b>Toksykologia<\/b> i <b>farmakologia molekularna<\/b>. Norma ta jest niezb\u0119dna dla laboratori\u00f3w, kt\u00f3re u\u017cywaj\u0105 <b>Aktywno\u015b\u0107 receptora<\/b> oraz <b>Zale\u017cno\u015bci struktura-aktywno\u015b\u0107 (SAR)<\/b> zwi\u0105zk\u00f3w heterocyklicznych zawieraj\u0105cych azot i rozszerzy\u0107 ich metody analityczne na nowe cz\u0105steczki.<\/p>\n<p>Nabycie tego <b>Standardy 2-A1MP<\/b> ma miejsce <b>wy\u0142\u0105cznie do cel\u00f3w \u015bci\u015ble naukowych<\/b> na <b>Wykwalifikowani eksperci<\/b> oraz <b>Akredytowane instytucje badawcze<\/b>. Gwarantujemy <b>analitycznie potwierdzona czysto\u015b\u0107 <span class=\"math-inline\" data-math=\"ge98,%\">98%<\/span><\/b>\u00a0soli chlorowodorkowej, kt\u00f3ra jest absolutn\u0105 podstaw\u0105 dla <b>precyzyjne, identyfikowalne i powtarzalne<\/b> Wyniki w <b>Chromatografia<\/b> oraz <b>Spektroskopia<\/b> jest tworzony. Zapewnienie tej czysto\u015bci ma kluczowe znaczenie dla unikni\u0119cia wynik\u00f3w fa\u0142szywie dodatnich lub fa\u0142szywie ujemnych w analizie kryminalistycznej. Dla laboratori\u00f3w, kt\u00f3re u\u017cywaj\u0105 <b>2-A1MP Wzorzec odniesienia<\/b>, <b>Materia\u0142 kontrolny piperydyny<\/b> lub <b>odczynniki analityczne<\/b> aby rozszerzy\u0107 swoj\u0105 bibliotek\u0119 chemiczn\u0105, oferujemy najwy\u017csz\u0105 jako\u015b\u0107 i globalne bezpiecze\u0144stwo zgodno\u015bci.<\/p>\n<h2>Doskona\u0142o\u015b\u0107 chemiczna i analityczna: szczeg\u00f3\u0142owe specyfikacje i certyfikacja<\/h2>\n<p>Precyzyjna charakterystyka chemiczna i metrologia s\u0105 podstaw\u0105 niezawodno\u015bci metod kryminalistycznych i analitycznych. 2-A1MP musi by\u0107 dok\u0142adnie dopasowany do certyfikowanych standard\u00f3w w celu walidacji.<\/p>\n<h3>Szczeg\u00f3\u0142owa to\u017csamo\u015b\u0107 chemiczna i struktura<\/h3>\n<p>2-A1MP charakteryzuje si\u0119 <b>nasycony pier\u015bcie\u0144 piperydynowy<\/b> z. Grupy funkcjonalne - grupy <b>Grupa aminometylowa<\/b> i <b>Podstawienie N-metylowe<\/b> - s\u0105 bardzo interesuj\u0105ce ze wzgl\u0119du na potencjalne interakcje z celami biologicznymi w <b>modelowanie molekularne<\/b> oraz <b>Badania receptor\u00f3w<\/b>.<\/p>\n<ul>\n<li><b>Klasa chemiczna:<\/b> Analogi piperydyny (aminy heterocykliczne).<\/li>\n<li><b>Nomenklatura:<\/b> 2-aminometylo-1-metylopiperydyna (cz\u0119sto jako s\u00f3l chlorowodorkowa).<\/li>\n<li><b>Masa cz\u0105steczkowa:<\/b> Niezb\u0119dny do grawimetrycznego przygotowania wzorc\u00f3w i kalibracji kwadrupolowych spektrometr\u00f3w mas.<\/li>\n<li><b>Formu\u0142a:<\/b> Jest dost\u0119pny jako stabilny <b>S\u00f3l chlorowodorkowa<\/b> co <b>Trwa\u0142o\u015b\u0107<\/b> oraz <b>Rozpuszczalno\u015b\u0107<\/b> zoptymalizowany w rozpuszczalnikach wodnych i polarnych (metanol, acetonitryl) do test\u00f3w analitycznych.<\/li>\n<li><b>Stan zagregowany:<\/b> Wysoka czysto\u015b\u0107 <b>krystaliczny proszek<\/b>, zoptymalizowany pod k\u0105tem precyzyjnego wa\u017cenia grawimetrycznego zgodnie z <b>Przepisy ISO 17025<\/b>.<\/li>\n<\/ul>\n<h3>Gwarantowana czysto\u015b\u0107 i identyfikowalno\u015b\u0107 dla GLP\/ISO<\/h3>\n<p>Zapewniamy czysto\u015b\u0107 <b><span class=\"math-inline\" data-math=\"ge98,%\">98% <\/span><\/b>co potwierdza rygorystyczna, wieloanalityczna procedura testowa zapewniaj\u0105ca zgodno\u015b\u0107 z najwy\u017cszymi standardami analitycznymi.<\/p>\n<ol start=\"1\">\n<li><b>Potwierdzenie czysto\u015bci:<\/b> Kwantyfikacja jest przeprowadzana g\u0142\u00f3wnie przy u\u017cyciu <b>HPLC (wysokosprawna chromatografia cieczowa)<\/b>. To\u017csamo\u015b\u0107 molekularna jest dodatkowo okre\u015blana za pomoc\u0105 <b>GC\/MS<\/b> i\/lub <b>LC-MS\/MS<\/b> potwierdzone.<\/li>\n<li><b>Certyfikat analizy (CoA):<\/b> Szczeg\u00f3\u0142owy <b>CoA<\/b> jest do\u0142\u0105czany do ka\u017cdej dostawy, zawiera dane widmowe, ocen\u0119 czysto\u015bci i <b>Identyfikowalno\u015b\u0107<\/b> partii jest udokumentowana. Dokument ten jest wymagany dla <b>Dokumentacja zgodna z GLP<\/b> i prawn\u0105 u\u017cyteczno\u015b\u0107 danych.<\/li>\n<li><b>Sp\u00f3jno\u015b\u0107 partii:<\/b> Minimum <b>Zmienno\u015b\u0107 partii<\/b> jest zapewnione przez \u015bcis\u0142e kontrole, co jest wa\u017cne dla <b>Walidacja d\u0142ugoterminowa<\/b> metod ma kluczowe znaczenie.<\/li>\n<\/ol>\n<h2>\u00a0G\u0142\u00f3wne obszary zastosowa\u0144 w badaniach i analityce<\/h2>\n<p>Chlorowodorek 2-A1MP jest podstawowym odczynnikiem dla laboratori\u00f3w specjalizuj\u0105cych si\u0119 w <b>Rozw\u00f3j metod analitycznych<\/b> i <b>farmakologia molekularna<\/b> nowe substancje.<\/p>\n<h3>Badania farmakologiczne i receptorowe (modelowanie molekularne)<\/h3>\n<ul>\n<li><b>Powinowactwo do receptora:<\/b> Badanie <b>Powinowactwo przywi\u0105zania<\/b> na r\u00f3\u017cnych podtypach neuroreceptor\u00f3w w celu okre\u015blenia profilu efektu molekularnego i przewidywania toksyczno\u015bci.<\/li>\n<li><b>Zale\u017cno\u015bci struktura-aktywno\u015b\u0107 (SAR):<\/b> 2-A1MP s\u0142u\u017cy jako podstawowa struktura do systematycznego badania, w jaki spos\u00f3b podstawienia w pier\u015bcieniu piperydyny wp\u0142ywaj\u0105 na aktywno\u015b\u0107 biologiczn\u0105.<\/li>\n<li><b>Modelowanie molekularne:<\/b> Po\u0142\u0105czenie jest u\u017cywane do <i>in silico<\/i>-badania maj\u0105ce na celu modelowanie dopasowania geometrycznego w hipotetycznych miejscach wi\u0105zania receptora i uzyskanie potencjalnych kandydat\u00f3w na leki.<\/li>\n<\/ul>\n<h3>Opracowywanie metod analitycznych i toksykologia<\/h3>\n<p>Standard ten jest niezb\u0119dny dla laboratori\u00f3w kryminalistycznych do aktualizacji ich baz danych i rozszerzenia metod.<\/p>\n<ul>\n<li><b>Walidacja metody:<\/b> Standard jest u\u017cywany do <b>Walidacja<\/b> z <span class=\"math-inline\" data-math=\"LC-MS\/MS\">LC-MS\/MS<\/span> oraz <span class=\"math-inline\" data-math=\"GC-MS\">GC-MS<\/span>\u00a0Metody dla <b>Identyfikacja<\/b> oraz <b>Kwantyfikacja<\/b> nowych analog\u00f3w piperydyny. Obejmuje to okre\u015blenie <b>Czu\u0142o\u015b\u0107 (LOD\/LOQ)<\/b> i <b>Efekty matrycy<\/b>.<\/li>\n<li><b>Odniesienie do bazy danych:<\/b> 2-A1MP s\u0142u\u017cy jako <b>analityczny punkt odniesienia<\/b> do tworzenia i utrzymywania bibliotek widm analitycznych, umo\u017cliwiaj\u0105cych szybk\u0105 identyfikacj\u0119 nieznanych pr\u00f3bek w sprawach s\u0105dowych.<\/li>\n<li><b>Badania nad metabolizmem:<\/b> Wst\u0119pne badania dotycz\u0105ce <b>Identyfikacja metabolit\u00f3w<\/b> s\u0105 niezb\u0119dne do zrozumienia profilu degradacji substancji i rozszerzenia okna wykrywania w toksykologii.<\/li>\n<\/ul>\n<h2>\u00a0Ramy prawne i bezpiecze\u0144stwo laboratoryjne (globalna zgodno\u015b\u0107)<\/h2>\n<p>Pozyskiwanie i obs\u0142uga tego <b>kontrolowane chemikalia badawcze<\/b> podlegaj\u0105 najsurowszym przepisom i s\u0105 zarezerwowane wy\u0142\u0105cznie do bada\u0144 naukowych.<\/p>\n<h3>Zgodno\u015b\u0107 z przepisami<\/h3>\n<p>Poniewa\u017c 2-A1MP jest nowym zwi\u0105zkiem, zgodno\u015b\u0107 z przepisami krajowymi (np. <b>NpSG<\/b> w Niemczech) oraz mi\u0119dzynarodowe mechanizmy kontrolne (np. analogiczne do <span class=\"math-inline\" data-math=\"CSA\">CSA<\/span>\u00a0w USA) <b>przez kupuj\u0105cego<\/b> by\u0107 zagwarantowane.<\/p>\n<ul>\n<li><b>Wy\u0142\u0105cznie badania:<\/b> Sprzeda\u017c jest \u015bci\u015ble ograniczona do <b>Analiza i badania<\/b> w <b>autoryzowane instytucje naukowe<\/b> ograniczone.<\/li>\n<li><b>Obowi\u0105zek kupuj\u0105cego:<\/b> Kupuj\u0105cy ponosi pe\u0142n\u0105 odpowiedzialno\u015b\u0107 za zgodno\u015b\u0107 ze wszystkimi <b>przepisy lokalne i mi\u0119dzynarodowe<\/b> dotycz\u0105ce importu, posiadania i stosowania kontrolowanych substancji chemicznych. The <b>Obowi\u0105zek przedstawienia dowod\u00f3w<\/b> Odpowiedzialno\u015b\u0107 za zgodno\u015b\u0107 z ramami regulacyjnymi spoczywa na laboratorium nabywaj\u0105cym.<\/li>\n<\/ul>\n<h3>Protoko\u0142y bezpiecze\u0144stwa i przechowywanie<\/h3>\n<p>\u015acis\u0142e przestrzeganie <b>Karta charakterystyki substancji niebezpiecznej (MSDS)<\/b> jest obowi\u0105zkowe.<\/p>\n<ul>\n<li><b>PSA:<\/b> <b>Fartuch laboratoryjny, okulary ochronne<\/b> i odporno\u015b\u0107 chemiczna <b>R\u0119kawice<\/b> s\u0105 obowi\u0105zkowe.<\/li>\n<li><b>\u015arodowisko pracy:<\/b> Obchodzenie si\u0119 z proszkiem musi odbywa\u0107 si\u0119 pod <b>Certyfikowane systemy dygestori\u00f3w<\/b> mie\u0107 miejsce.<\/li>\n<li><b>Przechowywanie:<\/b> <b>Ch\u0142odny, suchy i chroniony przed \u015bwiat\u0142em<\/b> do przechowywania <b>Stabilno\u015b\u0107 analityczna<\/b> aby zapewni\u0107, \u017ce <b>Dokumentacja inwentaryzacji<\/b> musz\u0105 by\u0107 przeprowadzane ca\u0142kowicie zgodnie z protoko\u0142em laboratoryjnym (np. SOP).<\/li>\n<\/ul>\n<h2>Nabycie wzorca referencyjnego 2-A1MP - partnera zapewniaj\u0105cego doskona\u0142o\u015b\u0107 analityczn\u0105<\/h2>\n<p>Oferujemy chlorowodorek 2-A1MP w analitycznie istotnych ilo\u015bciach: <b>100 mg (pr\u00f3bka referencyjna)<\/b>, <b>500 mg<\/b> oraz <b>1 g<\/b>.<\/p>\n<p><b>Obowi\u0105zkowe wymogi dotycz\u0105ce zam\u00f3wie\u0144:<\/b><\/p>\n<ol start=\"1\">\n<li>Dow\u00f3d <b>Autoryzacja<\/b> organizacji badawczej.<\/li>\n<li>Pisemne potwierdzenie, \u017ce substancja <b>wy\u0142\u0105cznie do analitycznych cel\u00f3w referencyjnych<\/b> jest u\u017cywany.<\/li>\n<li>Uznanie <b>Ograniczenia odpowiedzialno\u015bci<\/b> i <b>MSDS<\/b>.<\/li>\n<\/ol>\n<p>Dla bezpiecznego, zgodnego z prawem i szybkiego zamawiania <b>2-A1MP Standardy referencyjne<\/b> aby zagwarantowa\u0107 <b>Wa\u017cno\u015b\u0107 metod analitycznych<\/b>, prosimy o bezpo\u015bredni kontakt.<\/p>","protected":false},"excerpt":{"rendered":"<p><strong>2-A1MP<\/strong> to wysoce czysty, syntetyczny zwi\u0105zek, kt\u00f3ry zosta\u0142 specjalnie opracowany do wymagaj\u0105cych bada\u0144 naukowych. Dzi\u0119ki stabilnej strukturze chemicznej idealnie nadaje si\u0119 do bada\u0144 w przemy\u015ble farmaceutycznym i biochemicznym. <strong>2-A1MP<\/strong> nadaje si\u0119 wy\u0142\u0105cznie do u\u017cytku laboratoryjnego, a nie do spo\u017cycia przez ludzi.<\/p>","protected":false},"featured_media":7029,"comment_status":"open","ping_status":"closed","template":"","meta":{"_joinchat":[]},"product_brand":[],"product_cat":[49],"product_tag":[2192,2200,2198,2199,2193,2197,2195,2196,2194,2182],"class_list":{"0":"post-6999","1":"product","2":"type-product","3":"status-publish","4":"has-post-thumbnail","6":"product_cat-cathinones","7":"product_tag-2-a1mp","8":"product_tag-2-a1mp-chemikalien","9":"product_tag-2-a1mp-forschung","10":"product_tag-2-a1mp-fur-forschung","11":"product_tag-2-a1mp-kaufen","12":"product_tag-2-a1mp-kristalle","13":"product_tag-2-a1mp-online","14":"product_tag-2-a1mp-pulver","15":"product_tag-2-a1mp-zum-verkauf","16":"product_tag-synthetische-chemikalien","18":"first","19":"instock","20":"shipping-taxable","21":"purchasable","22":"product-type-variable"},"yoast_head":"<!-- This site is optimized with the Yoast SEO plugin v27.5 - https:\/\/yoast.com\/product\/yoast-seo-wordpress\/ -->\n<title>Bestes 2-A1MP zu verkaufen \u2013 2-A1MP online Kaufen<\/title>\n<meta name=\"description\" content=\"Suchen Sie nach einer zuverl\u00e4ssigen Quelle, um 2-A1MP online zu kaufen? Ihre Suche endet hier. Bestellen Sie 2-A1MP online in unserem vertrauensw\u00fcrdigen Shop und genie\u00dfen Sie einen nahtlosen Kaufprozess, der auf Ihre Forschungsanforderungen zugeschnitten ist.\" \/>\n<meta name=\"robots\" content=\"index, follow, max-snippet:-1, max-image-preview:large, max-video-preview:-1\" \/>\n<link rel=\"canonical\" href=\"https:\/\/chemgramx.com\/pl\/produkt-1\/2-kup-a1mp-online\/\" \/>\n<meta property=\"og:locale\" content=\"pl_PL\" \/>\n<meta property=\"og:type\" content=\"article\" \/>\n<meta property=\"og:title\" content=\"Bestes 2-A1MP zu verkaufen \u2013 2-A1MP online Kaufen\" \/>\n<meta property=\"og:description\" content=\"Suchen Sie nach einer zuverl\u00e4ssigen Quelle, um 2-A1MP online zu kaufen? Ihre Suche endet hier. Bestellen Sie 2-A1MP online in unserem vertrauensw\u00fcrdigen Shop und genie\u00dfen Sie einen nahtlosen Kaufprozess, der auf Ihre Forschungsanforderungen zugeschnitten ist.\" \/>\n<meta property=\"og:url\" content=\"https:\/\/chemgramx.com\/pl\/produkt-1\/2-kup-a1mp-online\/\" \/>\n<meta property=\"og:site_name\" content=\"Chemgramx\" \/>\n<meta property=\"article:modified_time\" content=\"2025-11-21T11:13:07+00:00\" \/>\n<meta property=\"og:image\" content=\"https:\/\/chemgramx.com\/wp-content\/uploads\/2025\/11\/2a1mp.png\" \/>\n\t<meta property=\"og:image:width\" content=\"600\" \/>\n\t<meta property=\"og:image:height\" content=\"400\" \/>\n\t<meta property=\"og:image:type\" content=\"image\/png\" \/>\n<meta name=\"twitter:card\" content=\"summary_large_image\" \/>\n<meta name=\"twitter:label1\" content=\"Szacowany czas czytania\" \/>\n\t<meta name=\"twitter:data1\" content=\"4 minuty\" \/>\n<script type=\"application\/ld+json\" class=\"yoast-schema-graph\">{\"@context\":\"https:\\\/\\\/schema.org\",\"@graph\":[{\"@type\":\"WebPage\",\"@id\":\"https:\\\/\\\/chemgramx.com\\\/product\\\/2-a1mp-online-kaufen\\\/\",\"url\":\"https:\\\/\\\/chemgramx.com\\\/product\\\/2-a1mp-online-kaufen\\\/\",\"name\":\"Bestes 2-A1MP zu verkaufen \u2013 2-A1MP online Kaufen\",\"isPartOf\":{\"@id\":\"https:\\\/\\\/chemgramx.com\\\/#website\"},\"primaryImageOfPage\":{\"@id\":\"https:\\\/\\\/chemgramx.com\\\/product\\\/2-a1mp-online-kaufen\\\/#primaryimage\"},\"image\":{\"@id\":\"https:\\\/\\\/chemgramx.com\\\/product\\\/2-a1mp-online-kaufen\\\/#primaryimage\"},\"thumbnailUrl\":\"https:\\\/\\\/chemgramx.com\\\/wp-content\\\/uploads\\\/2025\\\/11\\\/2a1mp.png\",\"datePublished\":\"2025-11-21T11:11:32+00:00\",\"dateModified\":\"2025-11-21T11:13:07+00:00\",\"description\":\"Suchen Sie nach einer zuverl\u00e4ssigen Quelle, um 2-A1MP online zu kaufen? Ihre Suche endet hier. Bestellen Sie 2-A1MP online in unserem vertrauensw\u00fcrdigen Shop und genie\u00dfen Sie einen nahtlosen Kaufprozess, der auf Ihre Forschungsanforderungen zugeschnitten ist.\",\"breadcrumb\":{\"@id\":\"https:\\\/\\\/chemgramx.com\\\/product\\\/2-a1mp-online-kaufen\\\/#breadcrumb\"},\"inLanguage\":\"pl-PL\",\"potentialAction\":[{\"@type\":\"ReadAction\",\"target\":[\"https:\\\/\\\/chemgramx.com\\\/product\\\/2-a1mp-online-kaufen\\\/\"]}]},{\"@type\":\"ImageObject\",\"inLanguage\":\"pl-PL\",\"@id\":\"https:\\\/\\\/chemgramx.com\\\/product\\\/2-a1mp-online-kaufen\\\/#primaryimage\",\"url\":\"https:\\\/\\\/chemgramx.com\\\/wp-content\\\/uploads\\\/2025\\\/11\\\/2a1mp.png\",\"contentUrl\":\"https:\\\/\\\/chemgramx.com\\\/wp-content\\\/uploads\\\/2025\\\/11\\\/2a1mp.png\",\"width\":600,\"height\":400},{\"@type\":\"BreadcrumbList\",\"@id\":\"https:\\\/\\\/chemgramx.com\\\/product\\\/2-a1mp-online-kaufen\\\/#breadcrumb\",\"itemListElement\":[{\"@type\":\"ListItem\",\"position\":1,\"name\":\"Home\",\"item\":\"https:\\\/\\\/chemgramx.com\\\/\"},{\"@type\":\"ListItem\",\"position\":2,\"name\":\"Shop\",\"item\":\"https:\\\/\\\/chemgramx.com\\\/shop\\\/\"},{\"@type\":\"ListItem\",\"position\":3,\"name\":\"2-A1MP Online Kaufen\"}]},{\"@type\":\"WebSite\",\"@id\":\"https:\\\/\\\/chemgramx.com\\\/#website\",\"url\":\"https:\\\/\\\/chemgramx.com\\\/\",\"name\":\"Chemgramx\",\"description\":\"\",\"publisher\":{\"@id\":\"https:\\\/\\\/chemgramx.com\\\/#organization\"},\"potentialAction\":[{\"@type\":\"SearchAction\",\"target\":{\"@type\":\"EntryPoint\",\"urlTemplate\":\"https:\\\/\\\/chemgramx.com\\\/?s={search_term_string}\"},\"query-input\":{\"@type\":\"PropertyValueSpecification\",\"valueRequired\":true,\"valueName\":\"search_term_string\"}}],\"inLanguage\":\"pl-PL\"},{\"@type\":\"Organization\",\"@id\":\"https:\\\/\\\/chemgramx.com\\\/#organization\",\"name\":\"Chemgramx\",\"url\":\"https:\\\/\\\/chemgramx.com\\\/\",\"logo\":{\"@type\":\"ImageObject\",\"inLanguage\":\"pl-PL\",\"@id\":\"https:\\\/\\\/chemgramx.com\\\/#\\\/schema\\\/logo\\\/image\\\/\",\"url\":\"https:\\\/\\\/chemgramx.com\\\/wp-content\\\/uploads\\\/2024\\\/10\\\/final-logo.png\",\"contentUrl\":\"https:\\\/\\\/chemgramx.com\\\/wp-content\\\/uploads\\\/2024\\\/10\\\/final-logo.png\",\"width\":250,\"height\":48,\"caption\":\"Chemgramx\"},\"image\":{\"@id\":\"https:\\\/\\\/chemgramx.com\\\/#\\\/schema\\\/logo\\\/image\\\/\"}}]}<\/script>\n<!-- \/ Yoast SEO plugin. -->","yoast_head_json":{"title":"Najlepszy 2-A1MP na sprzeda\u017c \u2013 Kup 2-A1MP online","description":"Szukasz wiarygodnego \u017ar\u00f3d\u0142a zakupu 2-A1MP online? Twoje poszukiwania ko\u0144cz\u0105 si\u0119 tutaj. Zam\u00f3w 2-A1MP online w naszym zaufanym sklepie i ciesz si\u0119 p\u0142ynnym procesem zakupu, dopasowanym do Twoich potrzeb.","robots":{"index":"index","follow":"follow","max-snippet":"max-snippet:-1","max-image-preview":"max-image-preview:large","max-video-preview":"max-video-preview:-1"},"canonical":"https:\/\/chemgramx.com\/pl\/produkt-1\/2-kup-a1mp-online\/","og_locale":"pl_PL","og_type":"article","og_title":"Bestes 2-A1MP zu verkaufen \u2013 2-A1MP online Kaufen","og_description":"Suchen Sie nach einer zuverl\u00e4ssigen Quelle, um 2-A1MP online zu kaufen? Ihre Suche endet hier. Bestellen Sie 2-A1MP online in unserem vertrauensw\u00fcrdigen Shop und genie\u00dfen Sie einen nahtlosen Kaufprozess, der auf Ihre Forschungsanforderungen zugeschnitten ist.","og_url":"https:\/\/chemgramx.com\/pl\/produkt-1\/2-kup-a1mp-online\/","og_site_name":"Chemgramx","article_modified_time":"2025-11-21T11:13:07+00:00","og_image":[{"width":600,"height":400,"url":"https:\/\/chemgramx.com\/wp-content\/uploads\/2025\/11\/2a1mp.png","type":"image\/png"}],"twitter_card":"summary_large_image","twitter_misc":{"Szacowany czas czytania":"4 minuty"},"schema":{"@context":"https:\/\/schema.org","@graph":[{"@type":"WebPage","@id":"https:\/\/chemgramx.com\/product\/2-a1mp-online-kaufen\/","url":"https:\/\/chemgramx.com\/product\/2-a1mp-online-kaufen\/","name":"Najlepszy 2-A1MP na sprzeda\u017c \u2013 Kup 2-A1MP online","isPartOf":{"@id":"https:\/\/chemgramx.com\/#website"},"primaryImageOfPage":{"@id":"https:\/\/chemgramx.com\/product\/2-a1mp-online-kaufen\/#primaryimage"},"image":{"@id":"https:\/\/chemgramx.com\/product\/2-a1mp-online-kaufen\/#primaryimage"},"thumbnailUrl":"https:\/\/chemgramx.com\/wp-content\/uploads\/2025\/11\/2a1mp.png","datePublished":"2025-11-21T11:11:32+00:00","dateModified":"2025-11-21T11:13:07+00:00","description":"Szukasz wiarygodnego \u017ar\u00f3d\u0142a zakupu 2-A1MP online? Twoje poszukiwania ko\u0144cz\u0105 si\u0119 tutaj. Zam\u00f3w 2-A1MP online w naszym zaufanym sklepie i ciesz si\u0119 p\u0142ynnym procesem zakupu, dopasowanym do Twoich potrzeb.","breadcrumb":{"@id":"https:\/\/chemgramx.com\/product\/2-a1mp-online-kaufen\/#breadcrumb"},"inLanguage":"pl-PL","potentialAction":[{"@type":"ReadAction","target":["https:\/\/chemgramx.com\/product\/2-a1mp-online-kaufen\/"]}]},{"@type":"ImageObject","inLanguage":"pl-PL","@id":"https:\/\/chemgramx.com\/product\/2-a1mp-online-kaufen\/#primaryimage","url":"https:\/\/chemgramx.com\/wp-content\/uploads\/2025\/11\/2a1mp.png","contentUrl":"https:\/\/chemgramx.com\/wp-content\/uploads\/2025\/11\/2a1mp.png","width":600,"height":400},{"@type":"BreadcrumbList","@id":"https:\/\/chemgramx.com\/product\/2-a1mp-online-kaufen\/#breadcrumb","itemListElement":[{"@type":"ListItem","position":1,"name":"Home","item":"https:\/\/chemgramx.com\/"},{"@type":"ListItem","position":2,"name":"Shop","item":"https:\/\/chemgramx.com\/shop\/"},{"@type":"ListItem","position":3,"name":"2-A1MP Online Kaufen"}]},{"@type":"WebSite","@id":"https:\/\/chemgramx.com\/#website","url":"https:\/\/chemgramx.com\/","name":"Chemgramx","description":"","publisher":{"@id":"https:\/\/chemgramx.com\/#organization"},"potentialAction":[{"@type":"SearchAction","target":{"@type":"EntryPoint","urlTemplate":"https:\/\/chemgramx.com\/?s={search_term_string}"},"query-input":{"@type":"PropertyValueSpecification","valueRequired":true,"valueName":"search_term_string"}}],"inLanguage":"pl-PL"},{"@type":"Organization","@id":"https:\/\/chemgramx.com\/#organization","name":"Chemgramx","url":"https:\/\/chemgramx.com\/","logo":{"@type":"ImageObject","inLanguage":"pl-PL","@id":"https:\/\/chemgramx.com\/#\/schema\/logo\/image\/","url":"https:\/\/chemgramx.com\/wp-content\/uploads\/2024\/10\/final-logo.png","contentUrl":"https:\/\/chemgramx.com\/wp-content\/uploads\/2024\/10\/final-logo.png","width":250,"height":48,"caption":"Chemgramx"},"image":{"@id":"https:\/\/chemgramx.com\/#\/schema\/logo\/image\/"}}]}},"_links":{"self":[{"href":"https:\/\/chemgramx.com\/pl\/wp-json\/wp\/v2\/product\/6999","targetHints":{"allow":["GET"]}}],"collection":[{"href":"https:\/\/chemgramx.com\/pl\/wp-json\/wp\/v2\/product"}],"about":[{"href":"https:\/\/chemgramx.com\/pl\/wp-json\/wp\/v2\/types\/product"}],"replies":[{"embeddable":true,"href":"https:\/\/chemgramx.com\/pl\/wp-json\/wp\/v2\/comments?post=6999"}],"wp:featuredmedia":[{"embeddable":true,"href":"https:\/\/chemgramx.com\/pl\/wp-json\/wp\/v2\/media\/7029"}],"wp:attachment":[{"href":"https:\/\/chemgramx.com\/pl\/wp-json\/wp\/v2\/media?parent=6999"}],"wp:term":[{"taxonomy":"product_brand","embeddable":true,"href":"https:\/\/chemgramx.com\/pl\/wp-json\/wp\/v2\/product_brand?post=6999"},{"taxonomy":"product_cat","embeddable":true,"href":"https:\/\/chemgramx.com\/pl\/wp-json\/wp\/v2\/product_cat?post=6999"},{"taxonomy":"product_tag","embeddable":true,"href":"https:\/\/chemgramx.com\/pl\/wp-json\/wp\/v2\/product_tag?post=6999"}],"curies":[{"name":"wp","href":"https:\/\/api.w.org\/{rel}","templated":true}]}}