{"id":7000,"date":"2025-11-21T11:11:32","date_gmt":"2025-11-21T11:11:32","guid":{"rendered":"https:\/\/chemgramx.com\/?post_type=product&#038;p=7000"},"modified":"2025-11-21T11:13:07","modified_gmt":"2025-11-21T11:13:07","slug":"2-kup-ptc-online","status":"publish","type":"product","link":"https:\/\/chemgramx.com\/pl\/product\/2-ptc-online-kaufen\/","title":{"rendered":"Kup 2-PTC online"},"content":{"rendered":"<p><b>2-PTC<\/b> (2<a href=\"\/product\/2-ptc-online-kaufen\/\">-fenylotiocykloheksanon)<\/a> staje si\u0119 niezb\u0119dnym, wysokiej czysto\u015bci budulcem syntezy chemicznej i analitycznym standardem odniesienia dla wymagaj\u0105cych projekt\u00f3w w chemii organicznej. Unikalna struktura molekularna, kt\u00f3ra \u0142\u0105czy reaktywn\u0105 funkcjonalno\u015b\u0107 cykloheksanonu ze stabilizuj\u0105cym podstawnikiem fenylotio, sprawia, \u017ce 2-PTC jest kluczowym odczynnikiem do selektywnego wprowadzania z\u0142o\u017conych struktur w\u0119glowych. Nasz przetestowany laboratoryjnie 2-PTC jest u\u017cywany przez wiod\u0105ce laboratoria badawcze i instytucje akademickie na ca\u0142ym \u015bwiecie ze wzgl\u0119du na jego wyj\u0105tkow\u0105 czysto\u015b\u0107 i wysok\u0105 czysto\u015b\u0107. <span class=\"math-inline\" data-math=\"ge98,%\">98%<\/span>, Oceniany jest sk\u0142ad chemiczny, sp\u00f3jno\u015b\u0107 partii i pe\u0142na weryfikacja sk\u0142adu chemicznego.<\/p>\n<p>Nabycie tego <b>p\u00f3\u0142produkt chemiczny<\/b> jest <b>wy\u0142\u0105cznie do cel\u00f3w naukowych, niezwi\u0105zanych z cz\u0142owiekiem i niezwi\u0105zanych z weterynari\u0105<\/b> przeznaczone. Oferujemy \u017ar\u00f3d\u0142o zaopatrzenia, kt\u00f3re spe\u0142nia najwy\u017csze wymagania. <b>Zapewnienie jako\u015bci<\/b> oraz <b>Identyfikowalno\u015b\u0107<\/b> gwarantowane dla <b>Publikacja<\/b> oraz <b>Patentowanie<\/b> nowe wyniki bada\u0144 s\u0105 niezb\u0119dne. Produkt jest idealny dla <b>syntezy stereoselektywne<\/b>, <b>Walidacja metody analitycznej<\/b> i <b>Badania nad nowymi, przyjaznymi dla \u015brodowiska \u015bcie\u017ckami reakcji<\/b> w nowoczesnej chemii organicznej.<\/p>\n<h2>\u00a0Doskona\u0142o\u015b\u0107 analityczna: specyfikacje chemiczne i zapewnienie jako\u015bci na najwy\u017cszym poziomie<\/h2>\n<p>Specyfikacja chemiczna 2-PTC jest niezb\u0119dna do precyzyjnego sterowania <b>Kinetyka reakcji<\/b> i precyzyjnej kalibracji instrument\u00f3w analitycznych. S\u0105siedztwo grupy fenylotio z funkcj\u0105 karbonylow\u0105 wp\u0142ywa na kwasowo\u015b\u0107 zwi\u0105zku. <span class=\"math-inline\" data-math=\"alpha\">alfa<\/span>-proton, a tym samym reaktywno\u015b\u0107 enolanu, co ma miejsce w przypadku <b>Planowanie reakcji<\/b> i <b>Separacja produkt\u00f3w<\/b> nale\u017cy wzi\u0105\u0107 pod uwag\u0119.<\/p>\n<h3>Szczeg\u00f3\u0142owa charakterystyka chemiczna i struktura<\/h3>\n<p>2-PTC jest pochodn\u0105 cykloheksanonu. Obecno\u015b\u0107 atomu siarki w formie tioeteru umo\u017cliwia specyficzne <b>Reakcje utleniania i redukcji<\/b>, kt\u00f3re mo\u017cna wykorzysta\u0107 do funkcjonalizacji w syntezie.<\/p>\n<ul>\n<li><b>Klasa chemiczna:<\/b> Cykliczne ketony, tioetery.<\/li>\n<li><b>Nomenklatura IUPAC:<\/b> 2-fenylotiocykloheksanon.<\/li>\n<li><b>Wz\u00f3r chemiczny:<\/b> <span class=\"math-inline\" data-math=\"text{C}_{12}text{H}_{14}text{OS}\">{C}_{12}{H}{14}{OS}<\/span>.<\/li>\n<li><b>Masa cz\u0105steczkowa:<\/b> <span class=\"math-inline\" data-math=\"approx 206,30 , text{g\/mol}\">pprox 206,30 g\/mog<\/span>. Ta dok\u0142adna masa jest krytyczna dla <b>Analiza spektrometrii mas (HRMS)<\/b> i okre\u015blenie dok\u0142adnej <i>m\/z<\/i>-zwi\u0105zek.<\/li>\n<li><b>Wygl\u0105d:<\/b> Zazwyczaj <b>krystaliczny proszek o barwie od bia\u0142ej do kremowej<\/b>.<\/li>\n<li><b>Rozpuszczalno\u015b\u0107:<\/b> Doskona\u0142a rozpuszczalno\u015b\u0107 w popularnych rozpuszczalnikach organicznych (toluen, dichlorometan, THF), dzi\u0119ki czemu nadaje si\u0119 do stosowania w <b>Reakcje wra\u017cliwe na wod\u0119<\/b> chemii metaloorganicznej.<\/li>\n<\/ul>\n<h3>Gwarantowana czysto\u015b\u0107 i certyfikacja metod analizy<\/h3>\n<p>Czysto\u015b\u0107 <b><span class=\"math-inline\" data-math=\"ge98,%\">98% <\/span><\/b>ma ogromne znaczenie dla selektywno\u015bci katalizator\u00f3w i integralno\u015bci produkt\u00f3w ko\u0144cowych.<\/p>\n<ol start=\"1\">\n<li><b>Potwierdzenie pierwotnej czysto\u015bci:<\/b> Kwantyfikacja za pomoc\u0105 <b>HPLC (wysokosprawna chromatografia cieczowa)<\/b> oraz <b>Chromatografia gazowa (GC)<\/b>, do wykrywania zar\u00f3wno nielotnych, jak i lotnych zanieczyszcze\u0144. <b>Urz\u0105dzenia HPLC s\u0105 zawsze kalibrowane w oparciu o zewn\u0119trzne, certyfikowane standardy referencyjne<\/b> przy u\u017cyciu rozpuszczalnik\u00f3w o wysokiej czysto\u015bci, aby unikn\u0105\u0107 zak\u0142\u00f3ce\u0144 linii bazowej.<\/li>\n<li><b>Dowody strukturalne (NMR):<\/b> To\u017csamo\u015b\u0107 molekularna jest okre\u015blana za pomoc\u0105 <b>Spektroskopia magnetycznego rezonansu j\u0105drowego (<span class=\"math-inline\" data-math=\"^1text{H}\">H<\/span>NMR i <span class=\"math-inline\" data-math=\"^{13}text{C}\">13C<\/span> NMR<\/b>\u00a0potwierdzone. Pe\u0142ne widmo NMR jest dostarczane na \u017c\u0105danie lub w szczeg\u00f3\u0142owym CoA, kt\u00f3re jest dost\u0119pne dla <b>Weryfikacja strukturalna<\/b> jest niezb\u0119dna do przygotowania publikacji.<\/li>\n<li><b>Certyfikat analizy (CoA):<\/b> Ka\u017cda partia zawiera szczeg\u00f3\u0142owy <b>CoA<\/b>, dane spektralne, ocena czysto\u015bci i <b>Identyfikowalno\u015b\u0107 metrologiczna<\/b> zastosowanych metod analitycznych.<\/li>\n<li><b>Rozszerzona kontrola jako\u015bci:<\/b> Przeprowadzamy szczeg\u00f3\u0142owe analizy dotycz\u0105ce <b>\u015alady metali ci\u0119\u017ckich<\/b> (przy u\u017cyciu ICP-MS) i <b>Rozpuszczalniki chlorowcowane<\/b> przez co dla <b>Synteza farmaceutyczna<\/b> i praca w ramach <b>GMP<\/b>-wymagania (Dobra Praktyka Wytwarzania) w celu zapewnienia zgodno\u015bci produkt\u00f3w ko\u0144cowych.<\/li>\n<\/ol>\n<h2>\u00a0G\u0142\u00f3wne obszary zastosowa\u0144 w syntezie i badaniach organicznych<\/h2>\n<p>2PTC s\u0142u\u017cy jako <b>reaktywny p\u00f3\u0142produkt<\/b> w z\u0142o\u017conych szlakach syntezy i jest wa\u017cnym kamieniem milowym w opracowywaniu metod.<\/p>\n<h3>1. synteza organiczna (kluczowe reakcje i stereochemia)<\/h3>\n<ul>\n<li><b>Synteza asymetryczna:<\/b> Cz\u0105steczka ta s\u0142u\u017cy jako wa\u017cny materia\u0142 wyj\u015bciowy w <b>syntezy enancjoselektywne<\/b>, jako <span class=\"math-inline\" data-math=\"alpha\">alfa<\/span>-do grupy karbonylowej <b>centrum prochiralne<\/b> kt\u00f3rych stereochemia musi by\u0107 kontrolowana (np. przez chiralne katalizatory).<\/li>\n<li><b><span class=\"math-inline\" data-math=\"alpha\">alfa<\/span>-funkcjonalizacja:<\/b> Umo\u017cliwia <b>selektywny <span class=\"math-inline\" data-math=\"alpha\">alfa<\/span>-alkilacja<\/b> poprzez enolanowe etapy po\u015brednie lub <b>chemoselektywna redukcja<\/b> grupa ketonowa. The <b>Separacja enancjomer\u00f3w<\/b> mog\u0105 by\u0107 testowane na pochodnych 2-PTC.<\/li>\n<li><b>Prekursor analog\u00f3w produkt\u00f3w naturalnych:<\/b> 2-PTC jest cz\u0119sto u\u017cywany jako kluczowy p\u00f3\u0142produkt w <b>Synteza pochodnych cykloheksanonu<\/b> kt\u00f3re tworz\u0105 podstawow\u0105 struktur\u0119 wielu substancji naturalnych i aktywnych sk\u0142adnik\u00f3w farmaceutycznych (API).<\/li>\n<\/ul>\n<p>&nbsp;<\/p>\n<h3>2. rozw\u00f3j metod analitycznych i analiza \u015brodowiskowa<\/h3>\n<p>&nbsp;<\/p>\n<ul>\n<li><b>Kinetyka reakcji:<\/b> Zastosowanie w <b>akademickie projekty badawcze<\/b> do precyzyjnego pomiaru <b>Szybko\u015b\u0107 reakcji<\/b> i <b>Energia aktywacji<\/b> reakcji organicznych (za pomoc\u0105 <i>In-situ<\/i>-spektroskopia).<\/li>\n<li><b>Opracowanie nowych proces\u00f3w separacji:<\/b> S\u0142u\u017cy jako <b>Standard odniesienia<\/b> do walidacji nowych <b>procesy separacji chromatograficznej<\/b> (np. chiralne kolumny HPLC) i optymalizacji faz stacjonarnych.<\/li>\n<li><b>Analiza \u015brodowiskowa:<\/b> S\u0142u\u017cy jako <b>Standard odniesienia<\/b> do walidacji metod opartych na wykrywaniu i oznaczaniu ilo\u015bciowym <b>organiczne zwi\u0105zki siarki<\/b> w pr\u00f3bkach \u015brodowiskowych. Znajomo\u015b\u0107 dok\u0142adnego czasu retencji i wzorc\u00f3w fragmentacji jest tutaj niezb\u0119dna.<\/li>\n<\/ul>\n<h2>Ramy prawne i bezpiecze\u0144stwo laboratoryjne (globalna zgodno\u015b\u0107)<\/h2>\n<p>Obs\u0142uga 2-PTC wymaga \u015bcis\u0142ego przestrzegania wszystkich norm bezpiecze\u0144stwa i norm laboratoryjnych.<\/p>\n<h3>Szczeg\u00f3lne \u015brodki bezpiecze\u0144stwa w laboratorium i sprz\u0119cie<\/h3>\n<p>Obs\u0142uga wymaga bardziej rygorystycznych \u015brodk\u00f3w ni\u017c w przypadku nieszkodliwych soli, poniewa\u017c jest to reaktywny sk\u0142adnik organiczny.<\/p>\n<ul>\n<li><b>PSA:<\/b> <b>Fartuch laboratoryjny, okulary ochronne<\/b> i odporno\u015b\u0107 chemiczna <b>R\u0119kawice<\/b> s\u0105 obowi\u0105zkowe. W przypadku d\u0142ugotrwa\u0142ego nara\u017cenia zaleca si\u0119 stosowanie podw\u00f3jnych r\u0119kawic nitrylowych lub butylowych.<\/li>\n<li><b>\u015arodowisko pracy:<\/b> Obs\u0142uga musi by\u0107 przeprowadzana pod <b>Certyfikowane systemy dygestori\u00f3w<\/b> (z ci\u0105g\u0142ym monitorowaniem powietrza wylotowego), aby zapobiec nara\u017ceniu na potencjalnie dra\u017cni\u0105ce opary lub py\u0142y.<\/li>\n<li><b>Protoko\u0142y awaryjne:<\/b> Dost\u0119pno\u015b\u0107 <b>Prysznice do oczu<\/b>, <b>Prysznice ratunkowe<\/b> i neutralizuj\u0105cych spoiwa w przypadku rozlania. W tym celu nale\u017cy <b>MSDS<\/b> musz\u0105 by\u0107 znane ka\u017cdemu pracownikowi laboratorium i <b>Coroczne szkolenie w zakresie bezpiecze\u0144stwa<\/b> musi zosta\u0107 udowodnione.<\/li>\n<\/ul>\n<h2>Nabycie modu\u0142u syntezy 2-PTC - partnera w dziedzinie czystej chemii<\/h2>\n<p>Oferujemy 2-PTC w <b>analityczny<\/b> oraz <b>ilo\u015bci syntetyczne<\/b> do: <b>10 g (pr\u00f3bka badawcza)<\/b>, <b>50 g<\/b> oraz <b>100 g (ilo\u015b\u0107 standardowa)<\/b>.<\/p>\n<p><b>Obowi\u0105zkowe wymogi dotycz\u0105ce zam\u00f3wie\u0144:<\/b><\/p>\n<ol start=\"1\">\n<li>Dow\u00f3d <b>Autoryzacja<\/b> organizacji badawczej (dow\u00f3d firmy lub instytucji).<\/li>\n<li>Pisemne potwierdzenie, \u017ce substancja <b>wy\u0142\u0105cznie do syntezy chemicznej i cel\u00f3w analitycznych<\/b> jest u\u017cywany.<\/li>\n<li>Uznanie <b>Ograniczenia odpowiedzialno\u015bci<\/b> i <b>MSDS<\/b>.<\/li>\n<\/ol>\n<p>Gwarantujemy <b>Dyskretna, szybka i identyfikowalna wysy\u0142ka<\/b> z niezb\u0119dnymi <b>dokumenty celne<\/b> dla sprawnego przetwarzania mi\u0119dzynarodowego. Nasz zesp\u00f3\u0142 wsparcia jest dost\u0119pny, aby odpowiedzie\u0107 na wszystkie pytania <b>Czysto\u015b\u0107<\/b> oraz <b>Obs\u0142uga<\/b> dost\u0119pne.<\/p>","protected":false},"excerpt":{"rendered":"<p><strong>2-PTC<\/strong> to wysokiej jako\u015bci syntetyczny zwi\u0105zek chemiczny, kt\u00f3ry zosta\u0142 opracowany specjalnie do zastosowa\u0144 naukowych. Jego wyj\u0105tkowa czysto\u015b\u0107 sprawia, \u017ce idealnie nadaje si\u0119 do badania interakcji molekularnych i bada\u0144 farmakologicznych. Ten produkt jest przeznaczony wy\u0142\u0105cznie do u\u017cytku laboratoryjnego i nie nadaje si\u0119 do spo\u017cycia przez ludzi.<\/p>","protected":false},"featured_media":7030,"comment_status":"open","ping_status":"closed","template":"","meta":{"_joinchat":[]},"product_brand":[],"product_cat":[49],"product_tag":[2176,2185,2183,2184,2177,2181,2179,2180,2178,2182],"class_list":{"0":"post-7000","1":"product","2":"type-product","3":"status-publish","4":"has-post-thumbnail","6":"product_cat-cathinones","7":"product_tag-2-ptc","8":"product_tag-2-ptc-chemikalien","9":"product_tag-2-ptc-forschung","10":"product_tag-2-ptc-fur-forschung","11":"product_tag-2-ptc-kaufen","12":"product_tag-2-ptc-kristalle","13":"product_tag-2-ptc-online","14":"product_tag-2-ptc-pulver","15":"product_tag-2-ptc-zum-verkauf","16":"product_tag-synthetische-chemikalien","18":"first","19":"instock","20":"shipping-taxable","21":"purchasable","22":"product-type-variable"},"yoast_head":"<!-- This site is optimized with the Yoast SEO plugin v27.5 - https:\/\/yoast.com\/product\/yoast-seo-wordpress\/ -->\n<title>2-PTC online kaufen \u2013 2-PTC zu verkaufen | chemgramx<\/title>\n<meta name=\"description\" content=\"Wenn Sie 2-PTC zum Verkauf kaufen m\u00f6chten, sind wir die richtige Wahl f\u00fcr Sie. Unsere Mitarbeiter helfen Ihnen, 2-PTC online zu g\u00fcnstigen Preisen zu kaufen. Bestellen Sie bei uns!\" \/>\n<meta name=\"robots\" content=\"index, follow, max-snippet:-1, max-image-preview:large, max-video-preview:-1\" \/>\n<link rel=\"canonical\" href=\"https:\/\/chemgramx.com\/pl\/produkt-1\/2-kup-ptc-online\/\" \/>\n<meta property=\"og:locale\" content=\"pl_PL\" \/>\n<meta property=\"og:type\" content=\"article\" \/>\n<meta property=\"og:title\" content=\"2-PTC online kaufen \u2013 2-PTC zu verkaufen | chemgramx\" \/>\n<meta property=\"og:description\" content=\"Wenn Sie 2-PTC zum Verkauf kaufen m\u00f6chten, sind wir die richtige Wahl f\u00fcr Sie. Unsere Mitarbeiter helfen Ihnen, 2-PTC online zu g\u00fcnstigen Preisen zu kaufen. Bestellen Sie bei uns!\" \/>\n<meta property=\"og:url\" content=\"https:\/\/chemgramx.com\/pl\/produkt-1\/2-kup-ptc-online\/\" \/>\n<meta property=\"og:site_name\" content=\"Chemgramx\" \/>\n<meta property=\"article:modified_time\" content=\"2025-11-21T11:13:07+00:00\" \/>\n<meta property=\"og:image\" content=\"https:\/\/chemgramx.com\/wp-content\/uploads\/2025\/11\/2ptc.png\" \/>\n\t<meta property=\"og:image:width\" content=\"600\" \/>\n\t<meta property=\"og:image:height\" content=\"400\" \/>\n\t<meta property=\"og:image:type\" content=\"image\/png\" \/>\n<meta name=\"twitter:card\" content=\"summary_large_image\" \/>\n<meta name=\"twitter:label1\" content=\"Szacowany czas czytania\" \/>\n\t<meta name=\"twitter:data1\" content=\"4 minuty\" \/>\n<script type=\"application\/ld+json\" class=\"yoast-schema-graph\">{\"@context\":\"https:\\\/\\\/schema.org\",\"@graph\":[{\"@type\":\"WebPage\",\"@id\":\"https:\\\/\\\/chemgramx.com\\\/product\\\/2-ptc-online-kaufen\\\/\",\"url\":\"https:\\\/\\\/chemgramx.com\\\/product\\\/2-ptc-online-kaufen\\\/\",\"name\":\"2-PTC online kaufen \u2013 2-PTC zu verkaufen | chemgramx\",\"isPartOf\":{\"@id\":\"https:\\\/\\\/chemgramx.com\\\/#website\"},\"primaryImageOfPage\":{\"@id\":\"https:\\\/\\\/chemgramx.com\\\/product\\\/2-ptc-online-kaufen\\\/#primaryimage\"},\"image\":{\"@id\":\"https:\\\/\\\/chemgramx.com\\\/product\\\/2-ptc-online-kaufen\\\/#primaryimage\"},\"thumbnailUrl\":\"https:\\\/\\\/chemgramx.com\\\/wp-content\\\/uploads\\\/2025\\\/11\\\/2ptc.png\",\"datePublished\":\"2025-11-21T11:11:32+00:00\",\"dateModified\":\"2025-11-21T11:13:07+00:00\",\"description\":\"Wenn Sie 2-PTC zum Verkauf kaufen m\u00f6chten, sind wir die richtige Wahl f\u00fcr Sie. Unsere Mitarbeiter helfen Ihnen, 2-PTC online zu g\u00fcnstigen Preisen zu kaufen. Bestellen Sie bei uns!\",\"breadcrumb\":{\"@id\":\"https:\\\/\\\/chemgramx.com\\\/product\\\/2-ptc-online-kaufen\\\/#breadcrumb\"},\"inLanguage\":\"pl-PL\",\"potentialAction\":[{\"@type\":\"ReadAction\",\"target\":[\"https:\\\/\\\/chemgramx.com\\\/product\\\/2-ptc-online-kaufen\\\/\"]}]},{\"@type\":\"ImageObject\",\"inLanguage\":\"pl-PL\",\"@id\":\"https:\\\/\\\/chemgramx.com\\\/product\\\/2-ptc-online-kaufen\\\/#primaryimage\",\"url\":\"https:\\\/\\\/chemgramx.com\\\/wp-content\\\/uploads\\\/2025\\\/11\\\/2ptc.png\",\"contentUrl\":\"https:\\\/\\\/chemgramx.com\\\/wp-content\\\/uploads\\\/2025\\\/11\\\/2ptc.png\",\"width\":600,\"height\":400},{\"@type\":\"BreadcrumbList\",\"@id\":\"https:\\\/\\\/chemgramx.com\\\/product\\\/2-ptc-online-kaufen\\\/#breadcrumb\",\"itemListElement\":[{\"@type\":\"ListItem\",\"position\":1,\"name\":\"Home\",\"item\":\"https:\\\/\\\/chemgramx.com\\\/\"},{\"@type\":\"ListItem\",\"position\":2,\"name\":\"Shop\",\"item\":\"https:\\\/\\\/chemgramx.com\\\/shop\\\/\"},{\"@type\":\"ListItem\",\"position\":3,\"name\":\"2-PTC Online Kaufen\"}]},{\"@type\":\"WebSite\",\"@id\":\"https:\\\/\\\/chemgramx.com\\\/#website\",\"url\":\"https:\\\/\\\/chemgramx.com\\\/\",\"name\":\"Chemgramx\",\"description\":\"\",\"publisher\":{\"@id\":\"https:\\\/\\\/chemgramx.com\\\/#organization\"},\"potentialAction\":[{\"@type\":\"SearchAction\",\"target\":{\"@type\":\"EntryPoint\",\"urlTemplate\":\"https:\\\/\\\/chemgramx.com\\\/?s={search_term_string}\"},\"query-input\":{\"@type\":\"PropertyValueSpecification\",\"valueRequired\":true,\"valueName\":\"search_term_string\"}}],\"inLanguage\":\"pl-PL\"},{\"@type\":\"Organization\",\"@id\":\"https:\\\/\\\/chemgramx.com\\\/#organization\",\"name\":\"Chemgramx\",\"url\":\"https:\\\/\\\/chemgramx.com\\\/\",\"logo\":{\"@type\":\"ImageObject\",\"inLanguage\":\"pl-PL\",\"@id\":\"https:\\\/\\\/chemgramx.com\\\/#\\\/schema\\\/logo\\\/image\\\/\",\"url\":\"https:\\\/\\\/chemgramx.com\\\/wp-content\\\/uploads\\\/2024\\\/10\\\/final-logo.png\",\"contentUrl\":\"https:\\\/\\\/chemgramx.com\\\/wp-content\\\/uploads\\\/2024\\\/10\\\/final-logo.png\",\"width\":250,\"height\":48,\"caption\":\"Chemgramx\"},\"image\":{\"@id\":\"https:\\\/\\\/chemgramx.com\\\/#\\\/schema\\\/logo\\\/image\\\/\"}}]}<\/script>\n<!-- \/ Yoast SEO plugin. -->","yoast_head_json":{"title":"Kup 2-PTC online \u2013 2-PTC na sprzeda\u017c | chemgramx","description":"Je\u015bli chcesz kupi\u0107 2-PTC na sprzeda\u017c, jeste\u015bmy dla Ciebie odpowiednim wyborem. Nasi pracownicy pomog\u0105 Ci kupi\u0107 2-PTC online w przyst\u0119pnych cenach. Zam\u00f3w u nas!","robots":{"index":"index","follow":"follow","max-snippet":"max-snippet:-1","max-image-preview":"max-image-preview:large","max-video-preview":"max-video-preview:-1"},"canonical":"https:\/\/chemgramx.com\/pl\/produkt-1\/2-kup-ptc-online\/","og_locale":"pl_PL","og_type":"article","og_title":"2-PTC online kaufen \u2013 2-PTC zu verkaufen | chemgramx","og_description":"Wenn Sie 2-PTC zum Verkauf kaufen m\u00f6chten, sind wir die richtige Wahl f\u00fcr Sie. Unsere Mitarbeiter helfen Ihnen, 2-PTC online zu g\u00fcnstigen Preisen zu kaufen. Bestellen Sie bei uns!","og_url":"https:\/\/chemgramx.com\/pl\/produkt-1\/2-kup-ptc-online\/","og_site_name":"Chemgramx","article_modified_time":"2025-11-21T11:13:07+00:00","og_image":[{"width":600,"height":400,"url":"https:\/\/chemgramx.com\/wp-content\/uploads\/2025\/11\/2ptc.png","type":"image\/png"}],"twitter_card":"summary_large_image","twitter_misc":{"Szacowany czas czytania":"4 minuty"},"schema":{"@context":"https:\/\/schema.org","@graph":[{"@type":"WebPage","@id":"https:\/\/chemgramx.com\/product\/2-ptc-online-kaufen\/","url":"https:\/\/chemgramx.com\/product\/2-ptc-online-kaufen\/","name":"Kup 2-PTC online \u2013 2-PTC na sprzeda\u017c | chemgramx","isPartOf":{"@id":"https:\/\/chemgramx.com\/#website"},"primaryImageOfPage":{"@id":"https:\/\/chemgramx.com\/product\/2-ptc-online-kaufen\/#primaryimage"},"image":{"@id":"https:\/\/chemgramx.com\/product\/2-ptc-online-kaufen\/#primaryimage"},"thumbnailUrl":"https:\/\/chemgramx.com\/wp-content\/uploads\/2025\/11\/2ptc.png","datePublished":"2025-11-21T11:11:32+00:00","dateModified":"2025-11-21T11:13:07+00:00","description":"Je\u015bli chcesz kupi\u0107 2-PTC na sprzeda\u017c, jeste\u015bmy dla Ciebie odpowiednim wyborem. Nasi pracownicy pomog\u0105 Ci kupi\u0107 2-PTC online w przyst\u0119pnych cenach. Zam\u00f3w u nas!","breadcrumb":{"@id":"https:\/\/chemgramx.com\/product\/2-ptc-online-kaufen\/#breadcrumb"},"inLanguage":"pl-PL","potentialAction":[{"@type":"ReadAction","target":["https:\/\/chemgramx.com\/product\/2-ptc-online-kaufen\/"]}]},{"@type":"ImageObject","inLanguage":"pl-PL","@id":"https:\/\/chemgramx.com\/product\/2-ptc-online-kaufen\/#primaryimage","url":"https:\/\/chemgramx.com\/wp-content\/uploads\/2025\/11\/2ptc.png","contentUrl":"https:\/\/chemgramx.com\/wp-content\/uploads\/2025\/11\/2ptc.png","width":600,"height":400},{"@type":"BreadcrumbList","@id":"https:\/\/chemgramx.com\/product\/2-ptc-online-kaufen\/#breadcrumb","itemListElement":[{"@type":"ListItem","position":1,"name":"Home","item":"https:\/\/chemgramx.com\/"},{"@type":"ListItem","position":2,"name":"Shop","item":"https:\/\/chemgramx.com\/shop\/"},{"@type":"ListItem","position":3,"name":"2-PTC Online Kaufen"}]},{"@type":"WebSite","@id":"https:\/\/chemgramx.com\/#website","url":"https:\/\/chemgramx.com\/","name":"Chemgramx","description":"","publisher":{"@id":"https:\/\/chemgramx.com\/#organization"},"potentialAction":[{"@type":"SearchAction","target":{"@type":"EntryPoint","urlTemplate":"https:\/\/chemgramx.com\/?s={search_term_string}"},"query-input":{"@type":"PropertyValueSpecification","valueRequired":true,"valueName":"search_term_string"}}],"inLanguage":"pl-PL"},{"@type":"Organization","@id":"https:\/\/chemgramx.com\/#organization","name":"Chemgramx","url":"https:\/\/chemgramx.com\/","logo":{"@type":"ImageObject","inLanguage":"pl-PL","@id":"https:\/\/chemgramx.com\/#\/schema\/logo\/image\/","url":"https:\/\/chemgramx.com\/wp-content\/uploads\/2024\/10\/final-logo.png","contentUrl":"https:\/\/chemgramx.com\/wp-content\/uploads\/2024\/10\/final-logo.png","width":250,"height":48,"caption":"Chemgramx"},"image":{"@id":"https:\/\/chemgramx.com\/#\/schema\/logo\/image\/"}}]}},"_links":{"self":[{"href":"https:\/\/chemgramx.com\/pl\/wp-json\/wp\/v2\/product\/7000","targetHints":{"allow":["GET"]}}],"collection":[{"href":"https:\/\/chemgramx.com\/pl\/wp-json\/wp\/v2\/product"}],"about":[{"href":"https:\/\/chemgramx.com\/pl\/wp-json\/wp\/v2\/types\/product"}],"replies":[{"embeddable":true,"href":"https:\/\/chemgramx.com\/pl\/wp-json\/wp\/v2\/comments?post=7000"}],"wp:featuredmedia":[{"embeddable":true,"href":"https:\/\/chemgramx.com\/pl\/wp-json\/wp\/v2\/media\/7030"}],"wp:attachment":[{"href":"https:\/\/chemgramx.com\/pl\/wp-json\/wp\/v2\/media?parent=7000"}],"wp:term":[{"taxonomy":"product_brand","embeddable":true,"href":"https:\/\/chemgramx.com\/pl\/wp-json\/wp\/v2\/product_brand?post=7000"},{"taxonomy":"product_cat","embeddable":true,"href":"https:\/\/chemgramx.com\/pl\/wp-json\/wp\/v2\/product_cat?post=7000"},{"taxonomy":"product_tag","embeddable":true,"href":"https:\/\/chemgramx.com\/pl\/wp-json\/wp\/v2\/product_tag?post=7000"}],"curies":[{"name":"wp","href":"https:\/\/api.w.org\/{rel}","templated":true}]}}