{"id":7002,"date":"2025-11-21T11:11:33","date_gmt":"2025-11-21T11:11:33","guid":{"rendered":"https:\/\/chemgramx.com\/?post_type=product&#038;p=7002"},"modified":"2025-11-21T11:13:20","modified_gmt":"2025-11-21T11:13:20","slug":"kup-4-cdc-online","status":"publish","type":"product","link":"https:\/\/chemgramx.com\/pl\/product\/4-cdc-online-kaufen\/","title":{"rendered":"Kup 4-CDC online"},"content":{"rendered":"<p data-start=\"318\" data-end=\"759\">Je\u015bli chcesz kupi\u0107 4-CDC online, trafi\u0142e\u015b we w\u0142a\u015bciwe miejsce. 4-CDC (4-chlorodecylokatynon) to wszechstronny zwi\u0105zek chemiczny, szeroko stosowany w badaniach naukowych i syntezie chemicznej. Ze wzgl\u0119du na swoje unikalne w\u0142a\u015bciwo\u015bci, <a href=\"https:\/\/chemgramx.com\/product\/4-cdc\/\">4-CDC na sprzeda\u017c<\/a> Coraz cz\u0119\u015bciej korzystaj\u0105 z niego badacze i profesjonali\u015bci z bran\u017cy, kt\u00f3rzy potrzebuj\u0105 niezawodnego i czystego materia\u0142u do swoich projekt\u00f3w.<\/p>\n<p data-start=\"761\" data-end=\"925\">Niezale\u017cnie od tego, czy chodzi o zastosowania laboratoryjne, czy specjalistyczne zastosowania przemys\u0142owe, najlepszym miejscem do zakupu 4-CDC jest gwarancja jako\u015bci, bezpiecze\u0144stwa i uczciwej ceny 4-CDC.<\/p>\n<h2 data-start=\"932\" data-end=\"952\">Czym jest 4-CDC?<\/h2>\n<p data-start=\"954\" data-end=\"1310\">4-CDC to syntetyczny zwi\u0105zek katynonu o strukturze chemicznej zawieraj\u0105cej chlorowany \u0142a\u0144cuch decylowy przy\u0142\u0105czony do szkieletu katynonu. Zwi\u0105zek ten wykazuje specyficzne w\u0142a\u015bciwo\u015bci chemiczne, kt\u00f3re czyni\u0105 go odpowiednim do r\u00f3\u017cnych cel\u00f3w badawczych, w tym syntezy organicznej i bada\u0144 farmakologicznych.<\/p>\n<p data-start=\"1312\" data-end=\"1463\">Precyzyjny sk\u0142ad pozwala naukowcom na dog\u0142\u0119bne badanie efekt\u00f3w i zastosowa\u0144 prawdziwego lub sztucznego 4-CDC. 4-CDC jest wykorzystywany g\u0142\u00f3wnie w zaawansowanych badaniach laboratoryjnych, takich jak badania wi\u0105zania receptor\u00f3w i eksperymenty chemiczne. W przemy\u015ble mo\u017ce s\u0142u\u017cy\u0107 jako materia\u0142 wyj\u015bciowy lub p\u00f3\u0142produkt w syntezie innych zwi\u0105zk\u00f3w.<\/p>\n<h2 data-start=\"1733\" data-end=\"1799\">Aspekty prawne i bezpiecze\u0144stwa przy zakupie 4-CDC online<\/h2>\n<p data-start=\"1801\" data-end=\"2055\">Przed zam\u00f3wieniem prawdziwego lub podrobionego 4-CDC nale\u017cy sprawdzi\u0107 jego status prawny i przepisy bezpiecze\u0144stwa. W wielu krajach 4-CDC jest regulowany i cz\u0119sto klasyfikowany jako substancja badawcza lub substancja kontrolowana.<\/p>\n<p data-start=\"2057\" data-end=\"2329\">Obchodzenie si\u0119 z 4-CDC wymaga ostro\u017cno\u015bci, poniewa\u017c niew\u0142a\u015bciwe u\u017cycie mo\u017ce stwarza\u0107 zagro\u017cenie dla zdrowia. Kupuj tylko od certyfikowanych dostawc\u00f3w, kt\u00f3rzy udost\u0119pniaj\u0105 Karty Charakterystyki Substancji Niebezpiecznej (SDS) i gwarantuj\u0105 autentyczno\u015b\u0107 produktu.<\/p>\n<h2 data-start=\"2336\" data-end=\"2368\">Dlaczego warto kupi\u0107 4-CDC online?<\/h2>\n<p data-start=\"2370\" data-end=\"2648\">Zakup 4-CDC online oferuje niezr\u00f3wnan\u0105 wygod\u0119 i dost\u0119pno\u015b\u0107. Platformy internetowe oferuj\u0105 szeroki wyb\u00f3r ilo\u015bci \u2013 od ma\u0142ych gram\u00f3w badawczych po zam\u00f3wienia na kilogramy \u2013 dzi\u0119ki czemu mo\u017cesz znale\u017a\u0107 dok\u0142adnie tak\u0105 ilo\u015b\u0107, jaka odpowiada Twoim potrzebom.<\/p>\n<p data-start=\"2650\" data-end=\"2878\">Niska cena 4-CDC dost\u0119pna u sprzedawc\u00f3w internetowych cz\u0119sto przewy\u017csza ceny u lokalnych dostawc\u00f3w. Wielu kupuj\u0105cych \u015bwiadomie poszukuje sposob\u00f3w na zakup 4-CDC online w rozs\u0105dnej cenie bez utraty jako\u015bci.<\/p>\n<p data-start=\"2880\" data-end=\"3071\">Ponadto wiele sklep\u00f3w internetowych oferuje dyskretne opcje wysy\u0142ki, chroni\u0105ce prywatno\u015b\u0107. Dla kupuj\u0105cych, kt\u00f3rzy zastanawiaj\u0105 si\u0119, gdzie kupi\u0107 4-CDC, najwygodniejszym rozwi\u0105zaniem jest sprzeda\u017c online.<\/p>\n<h2 data-start=\"3078\" data-end=\"3134\">Jak bezpiecznie i niezawodnie kupi\u0107 4-CDC online?<\/h2>\n<p data-start=\"3136\" data-end=\"3256\">Bezpiecze\u0144stwo powinno by\u0107 zawsze Twoim priorytetem przy zakupie prawdziwego lub fa\u0142szywego testu 4-CDC. Pami\u0119taj o nast\u0119puj\u0105cych wskaz\u00f3wkach:<\/p>\n<ul data-start=\"3258\" data-end=\"3514\">\n<li data-start=\"3258\" data-end=\"3326\">\n<p data-start=\"3260\" data-end=\"3326\">sklepy z pozytywnymi opiniami.<\/p>\n<\/li>\n<li data-start=\"3327\" data-end=\"3395\">\n<p data-start=\"3329\" data-end=\"3395\">Korzystaj z bezpiecznych metod p\u0142atno\u015bci, takich jak karta kredytowa lub PayPal.<\/p>\n<\/li>\n<li data-start=\"3396\" data-end=\"3454\">\n<p data-start=\"3398\" data-end=\"3454\">Nale\u017cy zwr\u00f3ci\u0107 uwag\u0119 na czas dostawy i ograniczenia dotycz\u0105ce wysy\u0142ki.<\/p>\n<\/li>\n<li data-start=\"3455\" data-end=\"3514\">\n<p data-start=\"3457\" data-end=\"3514\">R\u00e9szes\u00edtsd el\u0151nyben a megb\u00edzhat\u00f3 \u00fcgyf\u00e9lszolg\u00e1lattal rendelkez\u0151 keresked\u0151ket.<\/p>\n<\/li>\n<\/ul>\n<h2 data-start=\"3521\" data-end=\"3598\">Czynniki, kt\u00f3re nale\u017cy wzi\u0105\u0107 pod uwag\u0119 przed zakupem 4-CDC online<\/h2>\n<ul data-start=\"3600\" data-end=\"3942\">\n<li data-start=\"3600\" data-end=\"3711\">\n<p data-start=\"3602\" data-end=\"3711\">Czysto\u015b\u0107 i jako\u015b\u0107: Wysoka czysto\u015b\u0107 jest kluczowa. Popro\u015b o certyfikaty analizy (CoA).<\/p>\n<\/li>\n<li data-start=\"3712\" data-end=\"3803\">\n<p data-start=\"3714\" data-end=\"3803\">Cena i jako\u015b\u0107: Sprawd\u017a czy oferowana cena 4-CDC jest zgodna z rynkiem.<\/p>\n<\/li>\n<li data-start=\"3804\" data-end=\"3869\">\n<p data-start=\"3806\" data-end=\"3869\">Ilo\u015b\u0107 wymagana: Oszacuj swoje rzeczywiste zapotrzebowanie.<\/p>\n<\/li>\n<li data-start=\"3870\" data-end=\"3942\">\n<p data-start=\"3872\" data-end=\"3942\">Recenzje produkt\u00f3w: Korzystaj z recenzji u\u017cytkownik\u00f3w jako przewodnika.<\/p>\n<\/li>\n<\/ul>\n<h2 data-start=\"3949\" data-end=\"3984\">Najlepszy dostawca online dla 4-CDC<\/h2>\n<p data-start=\"3986\" data-end=\"4200\">Je\u015bli szukasz 4-CDC na sprzeda\u017c, renomowani dostawcy wyr\u00f3\u017cniaj\u0105 si\u0119 sprawdzon\u0105 jako\u015bci\u0105, szybk\u0105 wysy\u0142k\u0105 i wsparciem technicznym. Te sklepy s\u0105 uwa\u017cane za najlepsze miejsce do zakupu 4-CDC dla badaczy i profesjonalist\u00f3w.<\/p>\n<h3 data-start=\"4207\" data-end=\"4234\">Alternatywy dla 4-CDC<\/h3>\n<p data-start=\"4236\" data-end=\"4392\">Je\u015bli zakup 4-CDC online nie spe\u0142nia Twoich oczekiwa\u0144, alternatyw\u0105 mog\u0105 by\u0107 podobne substancje chemiczne, takie jak 3-CDC lub 4-metylokatynon.<\/p>\n<h2 data-start=\"4399\" data-end=\"4410\">Wnioski<\/h2>\n<p data-start=\"4412\" data-end=\"4632\">Zakup 4-CDC online \u0142\u0105czy wygod\u0119, przyst\u0119pn\u0105 cen\u0119 i jako\u015b\u0107. Ka\u017cdy, kto chce kupi\u0107 oryginalny lub podrobiony 4-CDC, powinien polega\u0107 wy\u0142\u0105cznie na sprawdzonych dostawcach, kt\u00f3rzy oferuj\u0105 sprawdzone produkty i przejrzyste procedury.<\/p>\n<p data-start=\"4634\" data-end=\"4899\">Niezale\u017cnie od tego, czy zamawiasz prawdziwy, czy fa\u0142szywy test 4-CDC, czy szukasz najlepszej ceny 4-CDC, znalezienie 4-CDC w sprzeda\u017cy jest \u0142atwe dzi\u0119ki odpowiednim platformom. Gwarantuje to nie tylko optymalne rezultaty, ale tak\u017ce bezpiecze\u0144stwo prawne i niezawodno\u015b\u0107.<\/p>","protected":false},"excerpt":{"rendered":"<p><strong>4-CDC<\/strong> to zwi\u0105zek chemiczny o wysokiej czysto\u015bci, kt\u00f3ry zosta\u0142 specjalnie opracowany do bada\u0144 naukowych. Jest wykorzystywany do bada\u0144 w dziedzinie bada\u0144 farmaceutycznych i biochemicznych. <strong>4-CDC<\/strong> jest przeznaczony wy\u0142\u0105cznie do u\u017cytku laboratoryjnego i nie mo\u017ce by\u0107 spo\u017cywany przez ludzi.<\/p>","protected":false},"featured_media":7032,"comment_status":"open","ping_status":"closed","template":"","meta":{"_joinchat":[]},"product_brand":[],"product_cat":[49],"product_tag":[2150,2156,2157,2158,2151,2155,2153,2154,2152,248],"class_list":{"0":"post-7002","1":"product","2":"type-product","3":"status-publish","4":"has-post-thumbnail","6":"product_cat-cathinones","7":"product_tag-4-cdc","8":"product_tag-4-cdc-chemikalien","9":"product_tag-4-cdc-forschung","10":"product_tag-4-cdc-fur-forschung","11":"product_tag-4-cdc-kaufen","12":"product_tag-4-cdc-kristalle","13":"product_tag-4-cdc-online","14":"product_tag-4-cdc-pulver","15":"product_tag-4-cdc-zum-verkauf","16":"product_tag-synthetische-stimulanzien","18":"first","19":"instock","20":"shipping-taxable","21":"purchasable","22":"product-type-variable"},"yoast_head":"<!-- This site is optimized with the Yoast SEO plugin v27.5 - https:\/\/yoast.com\/product\/yoast-seo-wordpress\/ -->\n<title>4-CDC Online Kaufen | Chemgramx<\/title>\n<meta name=\"description\" content=\"Unser Gesch\u00e4ft hat 4-CDC in bester Qualit\u00e4t zu verkaufen. Wenn Sie 4-CDC online in unserem Chemgramx-Gesch\u00e4ft kaufen m\u00f6chten, kontaktieren Sie uns und lassen Sie es sich in K\u00fcrze liefern!\" \/>\n<meta name=\"robots\" content=\"index, follow, max-snippet:-1, max-image-preview:large, max-video-preview:-1\" \/>\n<link rel=\"canonical\" href=\"https:\/\/chemgramx.com\/pl\/produkt-1\/kup-4-cdc-online\/\" \/>\n<meta property=\"og:locale\" content=\"pl_PL\" \/>\n<meta property=\"og:type\" content=\"article\" \/>\n<meta property=\"og:title\" content=\"4-CDC Online Kaufen | Chemgramx\" \/>\n<meta property=\"og:description\" content=\"Unser Gesch\u00e4ft hat 4-CDC in bester Qualit\u00e4t zu verkaufen. Wenn Sie 4-CDC online in unserem Chemgramx-Gesch\u00e4ft kaufen m\u00f6chten, kontaktieren Sie uns und lassen Sie es sich in K\u00fcrze liefern!\" \/>\n<meta property=\"og:url\" content=\"https:\/\/chemgramx.com\/pl\/produkt-1\/kup-4-cdc-online\/\" \/>\n<meta property=\"og:site_name\" content=\"Chemgramx\" \/>\n<meta property=\"article:modified_time\" content=\"2025-11-21T11:13:20+00:00\" \/>\n<meta property=\"og:image\" content=\"https:\/\/chemgramx.com\/wp-content\/uploads\/2025\/11\/4cdc.png\" \/>\n\t<meta property=\"og:image:width\" content=\"600\" \/>\n\t<meta property=\"og:image:height\" content=\"400\" \/>\n\t<meta property=\"og:image:type\" content=\"image\/png\" \/>\n<meta name=\"twitter:card\" content=\"summary_large_image\" \/>\n<meta name=\"twitter:label1\" content=\"Szacowany czas czytania\" \/>\n\t<meta name=\"twitter:data1\" content=\"3 minuty\" \/>\n<script type=\"application\/ld+json\" class=\"yoast-schema-graph\">{\"@context\":\"https:\\\/\\\/schema.org\",\"@graph\":[{\"@type\":\"WebPage\",\"@id\":\"https:\\\/\\\/chemgramx.com\\\/product\\\/4-cdc-online-kaufen\\\/\",\"url\":\"https:\\\/\\\/chemgramx.com\\\/product\\\/4-cdc-online-kaufen\\\/\",\"name\":\"4-CDC Online Kaufen | Chemgramx\",\"isPartOf\":{\"@id\":\"https:\\\/\\\/chemgramx.com\\\/#website\"},\"primaryImageOfPage\":{\"@id\":\"https:\\\/\\\/chemgramx.com\\\/product\\\/4-cdc-online-kaufen\\\/#primaryimage\"},\"image\":{\"@id\":\"https:\\\/\\\/chemgramx.com\\\/product\\\/4-cdc-online-kaufen\\\/#primaryimage\"},\"thumbnailUrl\":\"https:\\\/\\\/chemgramx.com\\\/wp-content\\\/uploads\\\/2025\\\/11\\\/4cdc.png\",\"datePublished\":\"2025-11-21T11:11:33+00:00\",\"dateModified\":\"2025-11-21T11:13:20+00:00\",\"description\":\"Unser Gesch\u00e4ft hat 4-CDC in bester Qualit\u00e4t zu verkaufen. Wenn Sie 4-CDC online in unserem Chemgramx-Gesch\u00e4ft kaufen m\u00f6chten, kontaktieren Sie uns und lassen Sie es sich in K\u00fcrze liefern!\",\"breadcrumb\":{\"@id\":\"https:\\\/\\\/chemgramx.com\\\/product\\\/4-cdc-online-kaufen\\\/#breadcrumb\"},\"inLanguage\":\"pl-PL\",\"potentialAction\":[{\"@type\":\"ReadAction\",\"target\":[\"https:\\\/\\\/chemgramx.com\\\/product\\\/4-cdc-online-kaufen\\\/\"]}]},{\"@type\":\"ImageObject\",\"inLanguage\":\"pl-PL\",\"@id\":\"https:\\\/\\\/chemgramx.com\\\/product\\\/4-cdc-online-kaufen\\\/#primaryimage\",\"url\":\"https:\\\/\\\/chemgramx.com\\\/wp-content\\\/uploads\\\/2025\\\/11\\\/4cdc.png\",\"contentUrl\":\"https:\\\/\\\/chemgramx.com\\\/wp-content\\\/uploads\\\/2025\\\/11\\\/4cdc.png\",\"width\":600,\"height\":400},{\"@type\":\"BreadcrumbList\",\"@id\":\"https:\\\/\\\/chemgramx.com\\\/product\\\/4-cdc-online-kaufen\\\/#breadcrumb\",\"itemListElement\":[{\"@type\":\"ListItem\",\"position\":1,\"name\":\"Home\",\"item\":\"https:\\\/\\\/chemgramx.com\\\/\"},{\"@type\":\"ListItem\",\"position\":2,\"name\":\"Shop\",\"item\":\"https:\\\/\\\/chemgramx.com\\\/shop\\\/\"},{\"@type\":\"ListItem\",\"position\":3,\"name\":\"4-CDC Online Kaufen\"}]},{\"@type\":\"WebSite\",\"@id\":\"https:\\\/\\\/chemgramx.com\\\/#website\",\"url\":\"https:\\\/\\\/chemgramx.com\\\/\",\"name\":\"Chemgramx\",\"description\":\"\",\"publisher\":{\"@id\":\"https:\\\/\\\/chemgramx.com\\\/#organization\"},\"potentialAction\":[{\"@type\":\"SearchAction\",\"target\":{\"@type\":\"EntryPoint\",\"urlTemplate\":\"https:\\\/\\\/chemgramx.com\\\/?s={search_term_string}\"},\"query-input\":{\"@type\":\"PropertyValueSpecification\",\"valueRequired\":true,\"valueName\":\"search_term_string\"}}],\"inLanguage\":\"pl-PL\"},{\"@type\":\"Organization\",\"@id\":\"https:\\\/\\\/chemgramx.com\\\/#organization\",\"name\":\"Chemgramx\",\"url\":\"https:\\\/\\\/chemgramx.com\\\/\",\"logo\":{\"@type\":\"ImageObject\",\"inLanguage\":\"pl-PL\",\"@id\":\"https:\\\/\\\/chemgramx.com\\\/#\\\/schema\\\/logo\\\/image\\\/\",\"url\":\"https:\\\/\\\/chemgramx.com\\\/wp-content\\\/uploads\\\/2024\\\/10\\\/final-logo.png\",\"contentUrl\":\"https:\\\/\\\/chemgramx.com\\\/wp-content\\\/uploads\\\/2024\\\/10\\\/final-logo.png\",\"width\":250,\"height\":48,\"caption\":\"Chemgramx\"},\"image\":{\"@id\":\"https:\\\/\\\/chemgramx.com\\\/#\\\/schema\\\/logo\\\/image\\\/\"}}]}<\/script>\n<!-- \/ Yoast SEO plugin. -->","yoast_head_json":{"title":"Kup 4-CDC online | Chemgramx","description":"W naszym sklepie znajdziesz najwy\u017cszej jako\u015bci 4-CDC. Je\u015bli chcesz kupi\u0107 4-CDC online w naszym sklepie Chemgramx, skontaktuj si\u0119 z nami, a my dostarczymy go wkr\u00f3tce!","robots":{"index":"index","follow":"follow","max-snippet":"max-snippet:-1","max-image-preview":"max-image-preview:large","max-video-preview":"max-video-preview:-1"},"canonical":"https:\/\/chemgramx.com\/pl\/produkt-1\/kup-4-cdc-online\/","og_locale":"pl_PL","og_type":"article","og_title":"4-CDC Online Kaufen | Chemgramx","og_description":"Unser Gesch\u00e4ft hat 4-CDC in bester Qualit\u00e4t zu verkaufen. Wenn Sie 4-CDC online in unserem Chemgramx-Gesch\u00e4ft kaufen m\u00f6chten, kontaktieren Sie uns und lassen Sie es sich in K\u00fcrze liefern!","og_url":"https:\/\/chemgramx.com\/pl\/produkt-1\/kup-4-cdc-online\/","og_site_name":"Chemgramx","article_modified_time":"2025-11-21T11:13:20+00:00","og_image":[{"width":600,"height":400,"url":"https:\/\/chemgramx.com\/wp-content\/uploads\/2025\/11\/4cdc.png","type":"image\/png"}],"twitter_card":"summary_large_image","twitter_misc":{"Szacowany czas czytania":"3 minuty"},"schema":{"@context":"https:\/\/schema.org","@graph":[{"@type":"WebPage","@id":"https:\/\/chemgramx.com\/product\/4-cdc-online-kaufen\/","url":"https:\/\/chemgramx.com\/product\/4-cdc-online-kaufen\/","name":"Kup 4-CDC online | Chemgramx","isPartOf":{"@id":"https:\/\/chemgramx.com\/#website"},"primaryImageOfPage":{"@id":"https:\/\/chemgramx.com\/product\/4-cdc-online-kaufen\/#primaryimage"},"image":{"@id":"https:\/\/chemgramx.com\/product\/4-cdc-online-kaufen\/#primaryimage"},"thumbnailUrl":"https:\/\/chemgramx.com\/wp-content\/uploads\/2025\/11\/4cdc.png","datePublished":"2025-11-21T11:11:33+00:00","dateModified":"2025-11-21T11:13:20+00:00","description":"W naszym sklepie znajdziesz najwy\u017cszej jako\u015bci 4-CDC. Je\u015bli chcesz kupi\u0107 4-CDC online w naszym sklepie Chemgramx, skontaktuj si\u0119 z nami, a my dostarczymy go wkr\u00f3tce!","breadcrumb":{"@id":"https:\/\/chemgramx.com\/product\/4-cdc-online-kaufen\/#breadcrumb"},"inLanguage":"pl-PL","potentialAction":[{"@type":"ReadAction","target":["https:\/\/chemgramx.com\/product\/4-cdc-online-kaufen\/"]}]},{"@type":"ImageObject","inLanguage":"pl-PL","@id":"https:\/\/chemgramx.com\/product\/4-cdc-online-kaufen\/#primaryimage","url":"https:\/\/chemgramx.com\/wp-content\/uploads\/2025\/11\/4cdc.png","contentUrl":"https:\/\/chemgramx.com\/wp-content\/uploads\/2025\/11\/4cdc.png","width":600,"height":400},{"@type":"BreadcrumbList","@id":"https:\/\/chemgramx.com\/product\/4-cdc-online-kaufen\/#breadcrumb","itemListElement":[{"@type":"ListItem","position":1,"name":"Home","item":"https:\/\/chemgramx.com\/"},{"@type":"ListItem","position":2,"name":"Shop","item":"https:\/\/chemgramx.com\/shop\/"},{"@type":"ListItem","position":3,"name":"4-CDC Online Kaufen"}]},{"@type":"WebSite","@id":"https:\/\/chemgramx.com\/#website","url":"https:\/\/chemgramx.com\/","name":"Chemgramx","description":"","publisher":{"@id":"https:\/\/chemgramx.com\/#organization"},"potentialAction":[{"@type":"SearchAction","target":{"@type":"EntryPoint","urlTemplate":"https:\/\/chemgramx.com\/?s={search_term_string}"},"query-input":{"@type":"PropertyValueSpecification","valueRequired":true,"valueName":"search_term_string"}}],"inLanguage":"pl-PL"},{"@type":"Organization","@id":"https:\/\/chemgramx.com\/#organization","name":"Chemgramx","url":"https:\/\/chemgramx.com\/","logo":{"@type":"ImageObject","inLanguage":"pl-PL","@id":"https:\/\/chemgramx.com\/#\/schema\/logo\/image\/","url":"https:\/\/chemgramx.com\/wp-content\/uploads\/2024\/10\/final-logo.png","contentUrl":"https:\/\/chemgramx.com\/wp-content\/uploads\/2024\/10\/final-logo.png","width":250,"height":48,"caption":"Chemgramx"},"image":{"@id":"https:\/\/chemgramx.com\/#\/schema\/logo\/image\/"}}]}},"_links":{"self":[{"href":"https:\/\/chemgramx.com\/pl\/wp-json\/wp\/v2\/product\/7002","targetHints":{"allow":["GET"]}}],"collection":[{"href":"https:\/\/chemgramx.com\/pl\/wp-json\/wp\/v2\/product"}],"about":[{"href":"https:\/\/chemgramx.com\/pl\/wp-json\/wp\/v2\/types\/product"}],"replies":[{"embeddable":true,"href":"https:\/\/chemgramx.com\/pl\/wp-json\/wp\/v2\/comments?post=7002"}],"wp:featuredmedia":[{"embeddable":true,"href":"https:\/\/chemgramx.com\/pl\/wp-json\/wp\/v2\/media\/7032"}],"wp:attachment":[{"href":"https:\/\/chemgramx.com\/pl\/wp-json\/wp\/v2\/media?parent=7002"}],"wp:term":[{"taxonomy":"product_brand","embeddable":true,"href":"https:\/\/chemgramx.com\/pl\/wp-json\/wp\/v2\/product_brand?post=7002"},{"taxonomy":"product_cat","embeddable":true,"href":"https:\/\/chemgramx.com\/pl\/wp-json\/wp\/v2\/product_cat?post=7002"},{"taxonomy":"product_tag","embeddable":true,"href":"https:\/\/chemgramx.com\/pl\/wp-json\/wp\/v2\/product_tag?post=7002"}],"curies":[{"name":"wp","href":"https:\/\/api.w.org\/{rel}","templated":true}]}}