{"id":7003,"date":"2025-11-21T11:11:33","date_gmt":"2025-11-21T11:11:33","guid":{"rendered":"https:\/\/chemgramx.com\/?post_type=product&#038;p=7003"},"modified":"2025-11-21T11:13:20","modified_gmt":"2025-11-21T11:13:20","slug":"4-kup-mprc-online","status":"publish","type":"product","link":"https:\/\/chemgramx.com\/pl\/product\/4-mprc-online-kaufen\/","title":{"rendered":"Kup 4-MPrC online"},"content":{"rendered":"<p><b>Chlorowodorek 4-MPrC<\/b> (4-metylofenylopropan-2-amina) stanowi <b>Premium <a href=\"\/product\/4f-pentedrone-online-kaufen\/\">Analityczny<\/a> Standard odniesienia<\/b> z wa\u017cnej klasy chemicznej <b>Fenyloetyloamina<\/b>. Cz\u0105steczka ta jest strukturalnie powi\u0105zana z wieloma stymulantami o znaczeniu kryminalistycznym, co czyni j\u0105 niezb\u0119dnym odniesieniem w naukach s\u0105dowych. <b>analiza toksykologiczna i kryminalistyczna<\/b> reprezentuje. Jego specyficzna sygnatura molekularna umo\u017cliwia precyzyjn\u0105 kalibracj\u0119 i r\u00f3\u017cnicowanie w kontek\u015bcie stale ewoluuj\u0105cego <b>nowe substancje psychoaktywne (NPS)<\/b>.<\/p>\n<p>Dystrybucja tego <b>Standardy 4-MPrC<\/b> jest \u015bci\u015ble regulowana i odbywa si\u0119 <b>wy\u0142\u0105cznie do kontrolowanych cel\u00f3w naukowych<\/b> na <b>Wykwalifikowani eksperci<\/b> w <b>autoryzowane i akredytowane instytucje badawcze<\/b>. Gwarantujemy <b>analitycznie potwierdzona czysto\u015b\u0107 <span class=\"math-inline\" data-math=\"ge98,%\">98%<\/span><\/b>\u00a0soli chlorowodorku, podstawowy warunek wst\u0119pny dla <b>Wa\u017cno\u015b\u0107<\/b> oraz <b>Powtarzalno\u015b\u0107<\/b> wysoce wra\u017cliwych <b>chromatograficzny<\/b> oraz <b>spektroskopowy<\/b> Pomiary. Dla laboratori\u00f3w, kt\u00f3re wymagaj\u0105 niezawodnego <b>Wzorzec kontrolny fenyloetyloaminy<\/b> lub <b>Materia\u0142 referencyjny 4-MPrC<\/b> zapewniamy podstaw\u0119 dla najwy\u017cszych standard\u00f3w naukowych i prawnych.<\/p>\n<h2>\u00a0Doskona\u0142o\u015b\u0107 analityczna: specyfikacje chemiczne i zapewnienie jako\u015bci na najwy\u017cszym poziomie<\/h2>\n<p>Integralno\u015b\u0107 materia\u0142u referencyjnego jest kamieniem w\u0119gielnym ka\u017cdej wa\u017cnej metody analitycznej. Dok\u0142adna charakterystyka 4-MPrC ma kluczowe znaczenie dla rozr\u00f3\u017cnienia izomer\u00f3w i analog\u00f3w strukturalnych, kt\u00f3re cz\u0119sto charakteryzuj\u0105 si\u0119 jedynie minimalnymi r\u00f3\u017cnicami w podstawieniu.<\/p>\n<h3>Szczeg\u00f3\u0142owa charakterystyka chemiczna i w\u0142a\u015bciwo\u015bci materia\u0142u<\/h3>\n<p>4-MPrC nale\u017cy do klasy <b>Fenyloetyloamina<\/b>, kt\u00f3rego podstawowa struktura sk\u0142ada si\u0119 z pier\u015bcienia fenylowego i \u0142a\u0144cucha etyloaminowego. Podstawienie metylowe w pozycji 4 pier\u015bcienia fenylowego jest odpowiedzialne za specyficzne w\u0142a\u015bciwo\u015bci chemiczne i metaboliczne cz\u0105steczki i musi by\u0107 dok\u0142adnie przeanalizowane.<\/p>\n<ul>\n<li><b>Klasa chemiczna:<\/b> Podstawione fenyloetyloaminy.<\/li>\n<li><b>Nomenklatura:<\/b> 4-metylofenylopropan-2-amina (jako s\u00f3l chlorowodorkowa).<\/li>\n<li><b>Masa cz\u0105steczkowa:<\/b> Niezb\u0119dny do grawimetrycznego i obj\u0119to\u015bciowego przygotowania roztwor\u00f3w wzorcowych.<\/li>\n<li><b>Formu\u0142a:<\/b> Jest dost\u0119pny jako stabilny <b>S\u00f3l chlorowodorkowa<\/b> co skutkuje zwi\u0119kszon\u0105 <b>Trwa\u0142o\u015b\u0107<\/b> oraz <b>dobra rozpuszczalno\u015b\u0107<\/b> w rozpuszczalnikach polarnych (metanol, bufory wodne) dla <span class=\"math-inline\" data-math=\"LC-MS\/MS\">LC-MS\/MS<\/span>-testy s\u0105 gwarantowane.<\/li>\n<li><b>Stan zagregowany:<\/b> Wysoka czysto\u015b\u0107, <b>krystaliczny proszek<\/b>, zoptymalizowany pod k\u0105tem precyzyjnego wa\u017cenia grawimetrycznego zgodnie z <b>Przepisy ISO 17025<\/b>.<\/li>\n<\/ul>\n<h3>Gwarantowana czysto\u015b\u0107 i dokumentacja dla laboratori\u00f3w<\/h3>\n<p>Nasze zaanga\u017cowanie w czysto\u015b\u0107 <b><span class=\"math-inline\" data-math=\"ge98,%\">98%<\/span><\/b>\u00a0jest zapewniona przez redundantne metody analityczne, kt\u00f3re spe\u0142niaj\u0105 wymagania dotycz\u0105ce <b>GLP<\/b> oraz <b>ISO 17025<\/b> przewy\u017csza\u0107.<\/p>\n<ol start=\"1\">\n<li><b>Potwierdzenie pierwotnej czysto\u015bci:<\/b> Czysto\u015b\u0107 jest przede wszystkim okre\u015blana za pomoc\u0105 <b>HPLC (wysokosprawna chromatografia cieczowa)<\/b> oznaczane ilo\u015bciowo za pomoc\u0105 detekcji fotometrycznej (UV\/DAD). Zapewnia to precyzyjne wykrywanie wszystkich lotnych i nielotnych zanieczyszcze\u0144.<\/li>\n<li><b>Wt\u00f3rna identyfikacja molekularna:<\/b> To\u017csamo\u015b\u0107 molekularna jest potwierdzona przez co najmniej dwie niezale\u017cne metody: <b>Chromatografia gazowa ze spektrometri\u0105 mas (GC\/MS)<\/b> oraz <b>Chromatografia cieczowa-tandemowa spektrometria mas (LC-MS\/MS)<\/b>. The <b>charakterystyczne jony fragmentacyjne<\/b> oraz <b>sygnatury widmowe<\/b> s\u0105 niezb\u0119dne do tworzenia kryminalistycznych baz danych.<\/li>\n<li><b>Kompleksowy certyfikat analizy (CoA):<\/b> Ka\u017cda partia zawiera szczeg\u00f3\u0142owy <b>CoA<\/b>, dane spektralne, ocena czysto\u015bci i <b>Identyfikowalno\u015b\u0107<\/b> partii syntezy.<\/li>\n<li><b>Sp\u00f3jno\u015b\u0107 partii:<\/b> Dzi\u0119ki ustandaryzowanym procesom produkcji i czyszczenia gwarantujemy minimaln\u0105 ilo\u015b\u0107 odpad\u00f3w. <b>Zmienno\u015b\u0107 partii<\/b>, kt\u00f3re s\u0105 odpowiedzialne za <b>Walidacja d\u0142ugoterminowa<\/b> i <b>Wa\u017cno\u015b\u0107<\/b> Pomiary w r\u00f3\u017cnych punktach odniesienia maj\u0105 kluczowe znaczenie.<\/li>\n<\/ol>\n<h2>\u00a0G\u0142\u00f3wne obszary zastosowa\u0144 w badaniach i analityce<\/h2>\n<p>Chlorowodorek 4-MPrC jest podstawowym odczynnikiem dla laboratori\u00f3w pracuj\u0105cych z <b>Metabolizm<\/b> i <b>Rozw\u00f3j metod analitycznych<\/b> dla syntetycznych stymulant\u00f3w.<\/p>\n<h3>Toksykologia s\u0105dowa, kalibracja i kontrola jako\u015bci<\/h3>\n<p>Standard ten jest niezb\u0119dny dla laboratori\u00f3w, kt\u00f3re analizuj\u0105 pr\u00f3bki w krytycznych przypadkach (np. toksykologia drogowa, analizy po\u015bmiertne).<\/p>\n<ul>\n<li><b>Walidacja metody:<\/b> Standard jest u\u017cywany do <b>Walidacja<\/b> z <span class=\"math-inline\" data-math=\"LC-MS\/MS\">LC-MS\/MS<\/span>\u00a0oraz <span class=\"math-inline\" data-math=\"GC-MS\">GC-MS<\/span>\u00a0Metody zapewniaj\u0105ce bezpiecze\u0144stwo <b>Identyfikacja<\/b> oraz <b>Kwantyfikacja<\/b> fenyloetyloamin w pr\u00f3bkach biologicznych. Okre\u015blenie <b>Selektywno\u015b\u0107<\/b> (w por\u00f3wnaniu do izomer\u00f3w) i <b>Efekty matrycy<\/b> ma tutaj ogromne znaczenie.<\/li>\n<li><b>Kalibracja:<\/b> Materia\u0142 o wysokiej czysto\u015bci jest wykorzystywany do produkcji precyzyjnych, liniowych <b>Krzywe kalibracji<\/b> co jest podstaw\u0105 do dok\u0142adnego okre\u015blenia st\u0119\u017ce\u0144 w zakresie niskich nanogram\u00f3w w matrycach kryminalistycznych.<\/li>\n<li><b>Dostrajanie urz\u0105dze\u0144 i kontrola jako\u015bci:<\/b> 4-MPrC s\u0142u\u017cy jako <b>Punkt odniesienia<\/b> do codziennego strojenia i <b>Kontrola wydajno\u015bci<\/b> czu\u0142ych spektrometr\u00f3w mas i jako pozytywny wzorzec kontrolny w rutynowych pomiarach.<\/li>\n<\/ul>\n<h3>Badania farmakologiczne i metaboliczne (studia zaawansowane)<\/h3>\n<p>W badaniach wykorzystano 4-MPrC w celu zbadania wp\u0142ywu podstawienia 4-metylowego na profil farmakologiczny w por\u00f3wnaniu z innymi fenyloetyloaminami.<\/p>\n<ul>\n<li><b>Badania neuroprzeka\u017anik\u00f3w:<\/b> Badania molekularne badaj\u0105 <b>Affinity<\/b> oraz <b>Potencja<\/b> na <b>Transportery dopaminy, noradrenaliny i serotoniny<\/b> do modelowania <i>in silico<\/i> oraz <i>in vitro<\/i> aktywno\u015b\u0107 farmakologiczna.<\/li>\n<li><b>Identyfikacja metabolizmu:<\/b> Poprzez kompleksowe <b><span class=\"math-inline\" data-math=\"In\">W<\/span>\u00a0<span class=\"math-inline\" data-math=\"vitro\">vitro<\/span>-Badania<\/b> (np. przy u\u017cyciu rekombinowanych enzym\u00f3w P450), wszystkie pierwotne i wt\u00f3rne enzymy s\u0105 <b>Metabolity<\/b> 4-MPrC i potwierdzono ich struktur\u0119. Dok\u0142adna znajomo\u015b\u0107 tych profili metabolit\u00f3w jest niezb\u0119dna dla kryminalistycznej wykrywalno\u015bci substancji, nawet d\u0142ugo po jej spo\u017cyciu.<\/li>\n<\/ul>\n<h2>\u00a0Ramy prawne i bezpiecze\u0144stwo w laboratorium<\/h2>\n<p>Pozyskiwanie i obs\u0142uga tego <b>kontrolowane chemikalia badawcze<\/b> podlegaj\u0105 najsurowszym przepisom i s\u0105 zarezerwowane wy\u0142\u0105cznie do bada\u0144 naukowych.<\/p>\n<h3>Zgodno\u015b\u0107 z przepisami i odpowiedzialno\u015b\u0107<\/h3>\n<p>Poniewa\u017c 4-MPrC jest uznawany w wielu jurysdykcjach za <b>substancja kontrolowana<\/b> (np. w ramach <b>NpSG<\/b>), dystrybucja jest \u015bci\u015ble regulowana.<\/p>\n<ul>\n<li><b>Wy\u0142\u0105cznie badania:<\/b> Sprzeda\u017c jest \u015bci\u015ble ograniczona do <b>Analiza i badania<\/b> w <b>autoryzowane instytucje naukowe<\/b> ograniczone. Ka\u017cde inne u\u017cycie jest niedozwolone.<\/li>\n<li><b>Obowi\u0105zek kupuj\u0105cego:<\/b> Kupuj\u0105cy ponosi pe\u0142n\u0105 odpowiedzialno\u015b\u0107 za zgodno\u015b\u0107 ze wszystkimi <b>przepisy lokalne i mi\u0119dzynarodowe<\/b> dotycz\u0105ce importu, posiadania i stosowania kontrolowanych substancji chemicznych.<\/li>\n<\/ul>\n<h3>Protoko\u0142y bezpiecze\u0144stwa dla u\u017cytkownik\u00f3w laboratori\u00f3w<\/h3>\n<p>\u015acis\u0142e przestrzeganie <b>Karta charakterystyki substancji niebezpiecznej (MSDS)<\/b> jest obowi\u0105zkowe.<\/p>\n<ul>\n<li><b>PSA:<\/b> <b>Fartuch laboratoryjny, okulary ochronne<\/b> i odporno\u015b\u0107 chemiczna <b>R\u0119kawice<\/b> s\u0105 obowi\u0105zkowe.<\/li>\n<li><b>\u015arodowisko pracy:<\/b> Post\u0119powanie z proszkiem i przygotowywanie roztworu musi odbywa\u0107 si\u0119 w warunkach <b>Certyfikowane systemy dygestori\u00f3w<\/b> mie\u0107 miejsce.<\/li>\n<li><b>Przechowywanie:<\/b> <b>Fajnie (<span class=\"math-inline\" data-math=\"text{2\u20138 \u00b0C}\">2-8 \u00b0C<\/span>), suche i chronione przed \u015bwiat\u0142em<\/b>aby zoptymalizowa\u0107 <b>Stabilno\u015b\u0107 analityczna<\/b> aby zapewni\u0107, \u017ce.<\/li>\n<\/ul>\n<h2>\u00a0Pozyskiwanie wzorca referencyjnego 4-MPrC<\/h2>\n<p>Oferujemy chlorowodorek 4-MPrC w nast\u0119puj\u0105cych analitycznie istotnych ilo\u015bciach: <b>100 mg (pr\u00f3bka referencyjna)<\/b>, <b>500 mg<\/b> oraz <b>1 g<\/b>.<\/p>\n<p><b>Wymagania dotycz\u0105ce zam\u00f3wienia:<\/b><\/p>\n<ol start=\"1\">\n<li>Dow\u00f3d <b>Autoryzacja<\/b> organizacji badawczej.<\/li>\n<li>Pisemne potwierdzenie, \u017ce substancja <b>wy\u0142\u0105cznie do analitycznych cel\u00f3w referencyjnych<\/b> jest u\u017cywany.<\/li>\n<li>Uznanie <b>Ograniczenia odpowiedzialno\u015bci<\/b> i <b>MSDS<\/b>.<\/li>\n<\/ol>\n<p>Dla bezpiecznego, zgodnego z prawem i szybkiego zamawiania <b>Wzorce referencyjne 4-MPrC<\/b> aby zagwarantowa\u0107 <b>Wa\u017cno\u015b\u0107 metod analitycznych<\/b>, prosimy o bezpo\u015bredni kontakt.<\/p>","protected":false},"excerpt":{"rendered":"<p><strong>4-MPRC<\/strong> to zwi\u0105zek chemiczny o wysokiej czysto\u015bci, kt\u00f3ry zosta\u0142 opracowany specjalnie do cel\u00f3w bada\u0144 naukowych. Idealny do bada\u0144 biochemicznych i farmaceutycznych, umo\u017cliwia precyzyjne badania i eksperymenty. <strong>4-MPRC<\/strong> jest przeznaczony wy\u0142\u0105cznie do u\u017cytku w \u015brodowisku laboratoryjnym i nie mo\u017ce by\u0107 spo\u017cywany przez ludzi.<\/p>","protected":false},"featured_media":7042,"comment_status":"open","ping_status":"closed","template":"","meta":{"_joinchat":[]},"product_brand":[],"product_cat":[49],"product_tag":[2127,2133,2134,2135,2128,2132,2130,2131,2129,248],"class_list":{"0":"post-7003","1":"product","2":"type-product","3":"status-publish","4":"has-post-thumbnail","6":"product_cat-cathinones","7":"product_tag-4-mprc","8":"product_tag-4-mprc-chemikalien","9":"product_tag-4-mprc-forschung","10":"product_tag-4-mprc-fur-forschung","11":"product_tag-4-mprc-kaufen","12":"product_tag-4-mprc-kristalle","13":"product_tag-4-mprc-online","14":"product_tag-4-mprc-pulver","15":"product_tag-4-mprc-zum-verkauf","16":"product_tag-synthetische-stimulanzien","18":"first","19":"instock","20":"shipping-taxable","21":"purchasable","22":"product-type-variable"},"yoast_head":"<!-- This site is optimized with the Yoast SEO plugin v27.5 - https:\/\/yoast.com\/product\/yoast-seo-wordpress\/ -->\n<title>4-MPrC online kaufen \u2013 4-MPrC zu verkaufen | chemgramx<\/title>\n<meta name=\"description\" content=\"Wenn Sie 4-mprc online kaufen m\u00f6chten, kann Ihnen unser Chemgramx-Onlineshop helfen. Wir haben hier 4-mprc zu den besten Preisen zum Verkauf. Geben Sie Ihre Bestellung auf und sichern Sie sich noch heute die neuesten Angebote!\" \/>\n<meta name=\"robots\" content=\"index, follow, max-snippet:-1, max-image-preview:large, max-video-preview:-1\" \/>\n<link rel=\"canonical\" href=\"https:\/\/chemgramx.com\/pl\/produkt-1\/4-kup-mprc-online\/\" \/>\n<meta property=\"og:locale\" content=\"pl_PL\" \/>\n<meta property=\"og:type\" content=\"article\" \/>\n<meta property=\"og:title\" content=\"4-MPrC online kaufen \u2013 4-MPrC zu verkaufen | chemgramx\" \/>\n<meta property=\"og:description\" content=\"Wenn Sie 4-mprc online kaufen m\u00f6chten, kann Ihnen unser Chemgramx-Onlineshop helfen. Wir haben hier 4-mprc zu den besten Preisen zum Verkauf. Geben Sie Ihre Bestellung auf und sichern Sie sich noch heute die neuesten Angebote!\" \/>\n<meta property=\"og:url\" content=\"https:\/\/chemgramx.com\/pl\/produkt-1\/4-kup-mprc-online\/\" \/>\n<meta property=\"og:site_name\" content=\"Chemgramx\" \/>\n<meta property=\"article:modified_time\" content=\"2025-11-21T11:13:20+00:00\" \/>\n<meta property=\"og:image\" content=\"https:\/\/chemgramx.com\/wp-content\/uploads\/2025\/11\/4-MPrC-crystal.png\" \/>\n\t<meta property=\"og:image:width\" content=\"600\" \/>\n\t<meta property=\"og:image:height\" content=\"400\" \/>\n\t<meta property=\"og:image:type\" content=\"image\/png\" \/>\n<meta name=\"twitter:card\" content=\"summary_large_image\" \/>\n<meta name=\"twitter:label1\" content=\"Szacowany czas czytania\" \/>\n\t<meta name=\"twitter:data1\" content=\"4 minuty\" \/>\n<script type=\"application\/ld+json\" class=\"yoast-schema-graph\">{\"@context\":\"https:\\\/\\\/schema.org\",\"@graph\":[{\"@type\":\"WebPage\",\"@id\":\"https:\\\/\\\/chemgramx.com\\\/product\\\/4-mprc-online-kaufen\\\/\",\"url\":\"https:\\\/\\\/chemgramx.com\\\/product\\\/4-mprc-online-kaufen\\\/\",\"name\":\"4-MPrC online kaufen \u2013 4-MPrC zu verkaufen | chemgramx\",\"isPartOf\":{\"@id\":\"https:\\\/\\\/chemgramx.com\\\/#website\"},\"primaryImageOfPage\":{\"@id\":\"https:\\\/\\\/chemgramx.com\\\/product\\\/4-mprc-online-kaufen\\\/#primaryimage\"},\"image\":{\"@id\":\"https:\\\/\\\/chemgramx.com\\\/product\\\/4-mprc-online-kaufen\\\/#primaryimage\"},\"thumbnailUrl\":\"https:\\\/\\\/chemgramx.com\\\/wp-content\\\/uploads\\\/2025\\\/11\\\/4-MPrC-crystal.png\",\"datePublished\":\"2025-11-21T11:11:33+00:00\",\"dateModified\":\"2025-11-21T11:13:20+00:00\",\"description\":\"Wenn Sie 4-mprc online kaufen m\u00f6chten, kann Ihnen unser Chemgramx-Onlineshop helfen. Wir haben hier 4-mprc zu den besten Preisen zum Verkauf. Geben Sie Ihre Bestellung auf und sichern Sie sich noch heute die neuesten Angebote!\",\"breadcrumb\":{\"@id\":\"https:\\\/\\\/chemgramx.com\\\/product\\\/4-mprc-online-kaufen\\\/#breadcrumb\"},\"inLanguage\":\"pl-PL\",\"potentialAction\":[{\"@type\":\"ReadAction\",\"target\":[\"https:\\\/\\\/chemgramx.com\\\/product\\\/4-mprc-online-kaufen\\\/\"]}]},{\"@type\":\"ImageObject\",\"inLanguage\":\"pl-PL\",\"@id\":\"https:\\\/\\\/chemgramx.com\\\/product\\\/4-mprc-online-kaufen\\\/#primaryimage\",\"url\":\"https:\\\/\\\/chemgramx.com\\\/wp-content\\\/uploads\\\/2025\\\/11\\\/4-MPrC-crystal.png\",\"contentUrl\":\"https:\\\/\\\/chemgramx.com\\\/wp-content\\\/uploads\\\/2025\\\/11\\\/4-MPrC-crystal.png\",\"width\":600,\"height\":400},{\"@type\":\"BreadcrumbList\",\"@id\":\"https:\\\/\\\/chemgramx.com\\\/product\\\/4-mprc-online-kaufen\\\/#breadcrumb\",\"itemListElement\":[{\"@type\":\"ListItem\",\"position\":1,\"name\":\"Home\",\"item\":\"https:\\\/\\\/chemgramx.com\\\/\"},{\"@type\":\"ListItem\",\"position\":2,\"name\":\"Shop\",\"item\":\"https:\\\/\\\/chemgramx.com\\\/shop\\\/\"},{\"@type\":\"ListItem\",\"position\":3,\"name\":\"4-MPrC online kaufen\"}]},{\"@type\":\"WebSite\",\"@id\":\"https:\\\/\\\/chemgramx.com\\\/#website\",\"url\":\"https:\\\/\\\/chemgramx.com\\\/\",\"name\":\"Chemgramx\",\"description\":\"\",\"publisher\":{\"@id\":\"https:\\\/\\\/chemgramx.com\\\/#organization\"},\"potentialAction\":[{\"@type\":\"SearchAction\",\"target\":{\"@type\":\"EntryPoint\",\"urlTemplate\":\"https:\\\/\\\/chemgramx.com\\\/?s={search_term_string}\"},\"query-input\":{\"@type\":\"PropertyValueSpecification\",\"valueRequired\":true,\"valueName\":\"search_term_string\"}}],\"inLanguage\":\"pl-PL\"},{\"@type\":\"Organization\",\"@id\":\"https:\\\/\\\/chemgramx.com\\\/#organization\",\"name\":\"Chemgramx\",\"url\":\"https:\\\/\\\/chemgramx.com\\\/\",\"logo\":{\"@type\":\"ImageObject\",\"inLanguage\":\"pl-PL\",\"@id\":\"https:\\\/\\\/chemgramx.com\\\/#\\\/schema\\\/logo\\\/image\\\/\",\"url\":\"https:\\\/\\\/chemgramx.com\\\/wp-content\\\/uploads\\\/2024\\\/10\\\/final-logo.png\",\"contentUrl\":\"https:\\\/\\\/chemgramx.com\\\/wp-content\\\/uploads\\\/2024\\\/10\\\/final-logo.png\",\"width\":250,\"height\":48,\"caption\":\"Chemgramx\"},\"image\":{\"@id\":\"https:\\\/\\\/chemgramx.com\\\/#\\\/schema\\\/logo\\\/image\\\/\"}}]}<\/script>\n<!-- \/ Yoast SEO plugin. -->","yoast_head_json":{"title":"Kup 4-MPrC online \u2013 4-MPrC na sprzeda\u017c | chemgramx","description":"Je\u015bli chcesz kupi\u0107 4-mprc online, nasz sklep internetowy Chemgramx s\u0142u\u017cy pomoc\u0105. Oferujemy 4-mprc w najlepszych cenach. Z\u0142\u00f3\u017c zam\u00f3wienie i skorzystaj z najnowszych ofert ju\u017c dzi\u015b!","robots":{"index":"index","follow":"follow","max-snippet":"max-snippet:-1","max-image-preview":"max-image-preview:large","max-video-preview":"max-video-preview:-1"},"canonical":"https:\/\/chemgramx.com\/pl\/produkt-1\/4-kup-mprc-online\/","og_locale":"pl_PL","og_type":"article","og_title":"4-MPrC online kaufen \u2013 4-MPrC zu verkaufen | chemgramx","og_description":"Wenn Sie 4-mprc online kaufen m\u00f6chten, kann Ihnen unser Chemgramx-Onlineshop helfen. Wir haben hier 4-mprc zu den besten Preisen zum Verkauf. Geben Sie Ihre Bestellung auf und sichern Sie sich noch heute die neuesten Angebote!","og_url":"https:\/\/chemgramx.com\/pl\/produkt-1\/4-kup-mprc-online\/","og_site_name":"Chemgramx","article_modified_time":"2025-11-21T11:13:20+00:00","og_image":[{"width":600,"height":400,"url":"https:\/\/chemgramx.com\/wp-content\/uploads\/2025\/11\/4-MPrC-crystal.png","type":"image\/png"}],"twitter_card":"summary_large_image","twitter_misc":{"Szacowany czas czytania":"4 minuty"},"schema":{"@context":"https:\/\/schema.org","@graph":[{"@type":"WebPage","@id":"https:\/\/chemgramx.com\/product\/4-mprc-online-kaufen\/","url":"https:\/\/chemgramx.com\/product\/4-mprc-online-kaufen\/","name":"Kup 4-MPrC online \u2013 4-MPrC na sprzeda\u017c | chemgramx","isPartOf":{"@id":"https:\/\/chemgramx.com\/#website"},"primaryImageOfPage":{"@id":"https:\/\/chemgramx.com\/product\/4-mprc-online-kaufen\/#primaryimage"},"image":{"@id":"https:\/\/chemgramx.com\/product\/4-mprc-online-kaufen\/#primaryimage"},"thumbnailUrl":"https:\/\/chemgramx.com\/wp-content\/uploads\/2025\/11\/4-MPrC-crystal.png","datePublished":"2025-11-21T11:11:33+00:00","dateModified":"2025-11-21T11:13:20+00:00","description":"Je\u015bli chcesz kupi\u0107 4-mprc online, nasz sklep internetowy Chemgramx s\u0142u\u017cy pomoc\u0105. Oferujemy 4-mprc w najlepszych cenach. Z\u0142\u00f3\u017c zam\u00f3wienie i skorzystaj z najnowszych ofert ju\u017c dzi\u015b!","breadcrumb":{"@id":"https:\/\/chemgramx.com\/product\/4-mprc-online-kaufen\/#breadcrumb"},"inLanguage":"pl-PL","potentialAction":[{"@type":"ReadAction","target":["https:\/\/chemgramx.com\/product\/4-mprc-online-kaufen\/"]}]},{"@type":"ImageObject","inLanguage":"pl-PL","@id":"https:\/\/chemgramx.com\/product\/4-mprc-online-kaufen\/#primaryimage","url":"https:\/\/chemgramx.com\/wp-content\/uploads\/2025\/11\/4-MPrC-crystal.png","contentUrl":"https:\/\/chemgramx.com\/wp-content\/uploads\/2025\/11\/4-MPrC-crystal.png","width":600,"height":400},{"@type":"BreadcrumbList","@id":"https:\/\/chemgramx.com\/product\/4-mprc-online-kaufen\/#breadcrumb","itemListElement":[{"@type":"ListItem","position":1,"name":"Home","item":"https:\/\/chemgramx.com\/"},{"@type":"ListItem","position":2,"name":"Shop","item":"https:\/\/chemgramx.com\/shop\/"},{"@type":"ListItem","position":3,"name":"4-MPrC online kaufen"}]},{"@type":"WebSite","@id":"https:\/\/chemgramx.com\/#website","url":"https:\/\/chemgramx.com\/","name":"Chemgramx","description":"","publisher":{"@id":"https:\/\/chemgramx.com\/#organization"},"potentialAction":[{"@type":"SearchAction","target":{"@type":"EntryPoint","urlTemplate":"https:\/\/chemgramx.com\/?s={search_term_string}"},"query-input":{"@type":"PropertyValueSpecification","valueRequired":true,"valueName":"search_term_string"}}],"inLanguage":"pl-PL"},{"@type":"Organization","@id":"https:\/\/chemgramx.com\/#organization","name":"Chemgramx","url":"https:\/\/chemgramx.com\/","logo":{"@type":"ImageObject","inLanguage":"pl-PL","@id":"https:\/\/chemgramx.com\/#\/schema\/logo\/image\/","url":"https:\/\/chemgramx.com\/wp-content\/uploads\/2024\/10\/final-logo.png","contentUrl":"https:\/\/chemgramx.com\/wp-content\/uploads\/2024\/10\/final-logo.png","width":250,"height":48,"caption":"Chemgramx"},"image":{"@id":"https:\/\/chemgramx.com\/#\/schema\/logo\/image\/"}}]}},"_links":{"self":[{"href":"https:\/\/chemgramx.com\/pl\/wp-json\/wp\/v2\/product\/7003","targetHints":{"allow":["GET"]}}],"collection":[{"href":"https:\/\/chemgramx.com\/pl\/wp-json\/wp\/v2\/product"}],"about":[{"href":"https:\/\/chemgramx.com\/pl\/wp-json\/wp\/v2\/types\/product"}],"replies":[{"embeddable":true,"href":"https:\/\/chemgramx.com\/pl\/wp-json\/wp\/v2\/comments?post=7003"}],"wp:featuredmedia":[{"embeddable":true,"href":"https:\/\/chemgramx.com\/pl\/wp-json\/wp\/v2\/media\/7042"}],"wp:attachment":[{"href":"https:\/\/chemgramx.com\/pl\/wp-json\/wp\/v2\/media?parent=7003"}],"wp:term":[{"taxonomy":"product_brand","embeddable":true,"href":"https:\/\/chemgramx.com\/pl\/wp-json\/wp\/v2\/product_brand?post=7003"},{"taxonomy":"product_cat","embeddable":true,"href":"https:\/\/chemgramx.com\/pl\/wp-json\/wp\/v2\/product_cat?post=7003"},{"taxonomy":"product_tag","embeddable":true,"href":"https:\/\/chemgramx.com\/pl\/wp-json\/wp\/v2\/product_tag?post=7003"}],"curies":[{"name":"wp","href":"https:\/\/api.w.org\/{rel}","templated":true}]}}