{"id":7007,"date":"2025-11-21T11:11:34","date_gmt":"2025-11-21T11:11:34","guid":{"rendered":"https:\/\/chemgramx.com\/?post_type=product&#038;p=7007"},"modified":"2025-11-21T11:13:32","modified_gmt":"2025-11-21T11:13:32","slug":"kup-bmdp-online","status":"publish","type":"product","link":"https:\/\/chemgramx.com\/pl\/product\/bmdp-online-kaufen\/","title":{"rendered":"Kup BMDP online"},"content":{"rendered":"<p><b>BMDP<\/b>znany r\u00f3wnie\u017c jako <a href=\"\/product\/bmdp-online-kaufen\/\"><b>benzylon<\/b><\/a> lub 3,4-metylenodioksy-N-benzylkathinon, jest syntetycznym zwi\u0105zkiem katynonu, kt\u00f3ry wzbudzi\u0142 du\u017ce zainteresowanie w \u015bwiecie naukowym ze wzgl\u0119du na swoje podobie\u0144stwo strukturalne do znanego \u015brodka pobudzaj\u0105cego o nazwie metylona. Jako przedstawiciel <b>Narkotyki designerskie<\/b> jest wykorzystywany w laboratoriach do badania z\u0142o\u017conego wp\u0142ywu \u015brodk\u00f3w pobudzaj\u0105cych na centralny uk\u0142ad nerwowy. Rosn\u0105cy popyt sprawia, \u017ce coraz wi\u0119cej instytucji naukowych i kolekcjoner\u00f3w poszukuje mo\u017cliwo\u015bci, <b>Kup BMDP online<\/b> lub oferty dotycz\u0105ce <b>BMDP na sprzeda\u017c<\/b> przy czym decyduj\u0105ce znaczenie maj\u0105 najwy\u017csze standardy czysto\u015bci i legalno\u015bci.<\/p>\n<h2><b>Czym jest BMDP? Struktura chemiczna i klasyfikacja<\/b><\/h2>\n<p><b>BMDP<\/b> jest syntetycznym zwi\u0105zkiem katynonu o wzorze chemicznym <span class=\"math-inline\" data-math=\"C_{17}H_{17}NO_3\">$C_{17}H_{17}NO_3$<\/span>. Zazwyczaj jest oferowany w postaci bia\u0142ego proszku lub krystalicznej soli chlorowodorkowej. Jego struktura chemiczna charakteryzuje si\u0119 grup\u0105 metylenodioksylow\u0105 i podstawieniem N-benzylu.<\/p>\n<h3><b>Klasa chemiczna i mechanizm dzia\u0142ania<\/b><\/h3>\n<p>BMDP nale\u017cy do klasy chemicznej <b>Katynon<\/b>, kt\u00f3re s\u0105 strukturalnie powi\u0105zane z naturalnymi sk\u0142adnikami ro\u015bliny khat.<\/p>\n<ul>\n<li><b>Substancje pokrewne:<\/b> BMDP jest blisko spokrewniony z innymi znanymi katynonami, takimi jak <b>Metylony, etylony i butylony<\/b>. To pokrewie\u0144stwo sprawia, \u017ce jest to wa\u017cny obiekt bada\u0144 maj\u0105cych na celu zbadanie wp\u0142ywu niewielkich zmian chemicznych na dzia\u0142anie farmakologiczne.<\/li>\n<li><b>Mechanizm dzia\u0142ania:<\/b> BMDP dzia\u0142a jako <b>Inhibitory wychwytu zwrotnego monoamin<\/b>. Hamuje ponowne wch\u0142anianie <b>Dopamina, noradrenalina i serotonina<\/b> do szczeliny synaptycznej. W kontek\u015bcie bada\u0144 prowadzi to do zwi\u0119kszonego st\u0119\u017cenia tych neuroprzeka\u017anik\u00f3w i wyja\u015bnia obserwowane efekty pobudzaj\u0105ce i euforyczne.<\/li>\n<\/ul>\n<p>Przy zakupie nale\u017cy zwr\u00f3ci\u0107 uwag\u0119 nie tylko na <b>Cena BMDP<\/b> decyduj\u0105ce znaczenie, ale przede wszystkim <b>Czysto\u015b\u0107<\/b> produktu, poniewa\u017c rynek cz\u0119sto oferuje pr\u00f3bki niskiej jako\u015bci lub nieprawid\u0142owo oznaczone jako <b>prawdziwy lub fa\u0142szywy BMDP na sprzeda\u017c<\/b> oferuje.<\/p>\n<h2><b>Pytanie: Dlaczego warto kupowa\u0107 BMDP online?<\/b><\/h2>\n<p>Zainteresowanie zakupem BMDP przez Internet wynika z konieczno\u015bci zapewnienia sobie niezawodnego dost\u0119pu do tej konkretnej substancji chemicznej wykorzystywanej w badaniach naukowych. Wyszukiwania takie jak <b>Gdzie mo\u017cna kupi\u0107 BMDP?<\/b>, <b>zam\u00f3wi\u0107 prawdziwy lub podrobiony BMDP<\/b> oraz <b>Kup BMDP tanio online<\/b> \u015bwiadcz\u0105 o wysokim popycie.<\/p>\n<h3><b>Cele badawcze i zastosowania<\/b><\/h3>\n<ul>\n<li><b>Badania por\u00f3wnawcze:<\/b> Laboratoria wykorzystuj\u0105 BMDP do bezpo\u015bredniego por\u00f3wnania jego mocy i profilu skutk\u00f3w ubocznych z innymi katynonami.<\/li>\n<li><b>Chemia analityczna:<\/b> S\u0142u\u017cy jako <b>Standard odniesienia<\/b> w analizie kryminalistycznej i toksykologicznej do identyfikacji i kwantyfikacji w pr\u00f3bkach.<\/li>\n<li><b>Dost\u0119pno\u015b\u0107:<\/b> Platformy internetowe oferuj\u0105 naukowcom i laboratoriom mo\u017cliwo\u015b\u0107, <b>kup BMDP online<\/b> w momencie, gdy trudno go znale\u017a\u0107 w regularnej sprzeda\u017cy chemikali\u00f3w.<\/li>\n<\/ul>\n<h3><b>Zg\u0142oszone efekty w kontek\u015bcie bada\u0144<\/b><\/h3>\n<p>Badania intensywnie zajmuj\u0105 si\u0119 nast\u0119puj\u0105cymi obserwowanymi skutkami dzia\u0142ania tej substancji:<\/p>\n<h4><b>Efekty poznawcze i emocjonalne<\/b><\/h4>\n<ul>\n<li><b>Poprawa koncentracji<\/b> i zwi\u0119kszone <b>jasno\u015b\u0107 umys\u0142u<\/b>.<\/li>\n<li>Zwi\u0119kszona <b>Euforia<\/b> i og\u00f3lne <b>Dobre samopoczucie<\/b> w modelach eksperymentalnych.<\/li>\n<li><b>Zwi\u0119kszona motywacja<\/b> i potencjalnie lepsza komunikacja.<\/li>\n<\/ul>\n<h4><b>Efekty fizyczne:<\/b><\/h4>\n<ul>\n<li>Znaczny wzrost <b>Energia<\/b> oraz <b>zmniejszone zm\u0119czenie<\/b>.<\/li>\n<li>Mo\u017cliwy wzrost <b>bicie serca<\/b> oraz <b>Ci\u015bnienie krwi<\/b> (obci\u0105\u017cenie uk\u0142adu sercowo-naczyniowego).<\/li>\n<\/ul>\n<h2><b>Ostrze\u017cenia dotycz\u0105ce dawkowania i ponownego dawkowania dla bada\u0144 naukowych<\/b><\/h2>\n<p>Poniewa\u017c BMDP jest substancj\u0105 chemiczn\u0105 przeznaczon\u0105 do bada\u0144 naukowych, kt\u00f3ra nie ma zatwierdzonego zastosowania medycznego, istnieje <b>brak oficjalnych zalece\u0144 dotycz\u0105cych dawkowania<\/b>. <b>Ka\u017cde spo\u017cycie stanowi nieobliczalne ryzyko dla zdrowia.<\/b><\/p>\n<ul>\n<li><b>Dawka pocz\u0105tkowa:<\/b> W badaniach naukowych zaleca si\u0119, aby, <b>zacz\u0105\u0107 od bardzo niskiego poziomu<\/b> i sprawdzi\u0107 tolerancj\u0119, aby zminimalizowa\u0107 ryzyko.<\/li>\n<li><b>Czas trwania i ponowne dawkowanie:<\/b> Dzia\u0142anie BMDP utrzymuje si\u0119 zazwyczaj <b>4 do 6 godzin<\/b> do. <b>Powt\u00f3rne przyj\u0119cie (ponowne dawkowanie)<\/b> W kr\u00f3tkich odst\u0119pach czasu mo\u017ce wzrosn\u0105\u0107 ryzyko wyst\u0105pienia dzia\u0142a\u0144 niepo\u017c\u0105danych (takich jak objawy psychotyczne lub problemy sercowe). <b>znacznie zwi\u0119kszy\u0107<\/b> i nale\u017cy go unika\u0107.<\/li>\n<li><b>Kombinacje:<\/b> Mieszanie z innymi substancjami musi <b>\u015bci\u015ble unikane<\/b> sta\u0107 si\u0119.<\/li>\n<\/ul>\n<h2><b>Legalno\u015b\u0107 i wyb\u00f3r odpowiedniego produktu BMDP<\/b><\/h2>\n<p>Zakup BMDP podlega \u015bcis\u0142ej regulacji ze wzgl\u0119du na klasyfikacj\u0119 prawn\u0105 jako NPS (nowa substancja psychoaktywna) i jest nielegalny w wielu krajach.<\/p>\n<h3><b>Przegl\u0105d sytuacji prawnej<\/b><\/h3>\n<ul>\n<li><b>Niemcy:<\/b> BMDP podlega <b>Ustawa o nowych substancjach psychoaktywnych (NpSG)<\/b>. W Niemczech jest to <b>Kup BMDP online<\/b> i dlatego posiadaj\u0105 <b>nielegalny<\/b>, chyba \u017ce s\u0142u\u017cy to zatwierdzonym celom naukowym lub komercyjnym.<\/li>\n<li><b>USA i UE:<\/b> W wielu krajach BMDP jest klasyfikowany jako substancja kontrolowana lub podlega przepisom dotycz\u0105cym analog\u00f3w.<\/li>\n<\/ul>\n<p><b>Przed z\u0142o\u017ceniem zam\u00f3wienia kupuj\u0105cy musz\u0105 zapozna\u0107 si\u0119 z aktualn\u0105 sytuacj\u0105 prawn\u0105 obowi\u0105zuj\u0105c\u0105 w danym kraju.<\/b><\/p>\n<h3><b>Jak wybra\u0107 wysokiej jako\u015bci BMDP?<\/b><\/h3>\n<p>Wielu klient\u00f3w szuka <b>Kup BMDP tanio online<\/b> lub <b>kupi\u0107 prawdziwy lub fa\u0142szywy BMDP<\/b>, ale <b>Najlepsze miejsce do zakupu BMDP<\/b> jest zawsze renomowanym dostawc\u0105 o sprawdzonej jako\u015bci.<\/p>\n<ul>\n<li><b>Czysto\u015b\u0107 i testy laboratoryjne:<\/b> Jest to najwa\u017cniejsze kryterium. Wybieraj tylko dostawc\u00f3w, kt\u00f3rzy <b>aktualne, niezale\u017cne testy laboratoryjne (COA)<\/b> potwierdzaj\u0105ce czysto\u015b\u0107 i to\u017csamo\u015b\u0107 chemiczn\u0105.<\/li>\n<li><b>Posta\u0107 dawkowania:<\/b> Chocia\u017c posta\u0107 proszku jest idealna do precyzyjnego dawkowania w laboratorium, preparat mo\u017ce by\u0107 r\u00f3wnie\u017c oferowany w postaci kapsu\u0142ek lub tabletek. Posta\u0107 preparatu powinna by\u0107 wyra\u017anie podana.<\/li>\n<li><b>Cena i rzetelno\u015b\u0107:<\/b> Por\u00f3wnaj <b>Cena BMDP<\/b> r\u00f3\u017cnych sklep\u00f3w. Bardzo niskie ceny s\u0105 cz\u0119sto oznak\u0105 zanieczyszcze\u0144. Sprzedawca powinien <b>Przejrzysto\u015b\u0107<\/b> oraz <b>bezpieczne metody p\u0142atno\u015bci<\/b> oferowa\u0107.<\/li>\n<\/ul>\n<h3><b>Najlepsze miejsca do zakupu BMDP online<\/b><\/h3>\n<p>Zakup powinien odbywa\u0107 si\u0119 wy\u0142\u0105cznie w <b>zaufanych, wyspecjalizowanych dystrybutor\u00f3w chemikali\u00f3w<\/b> mie\u0107 miejsce.<\/p>\n<ul>\n<li><b>Preferowani sprzedawcy<\/b> s\u0105 przejrzy\u015bcie pod wzgl\u0119dem pochodzenia i oferuj\u0105 bezpo\u015brednio badania laboratoryjne.<\/li>\n<li><b>Bezpieczne przetwarzanie p\u0142atno\u015bci<\/b> oraz <b>dyskretna, anonimowa wysy\u0142ka<\/b> s\u0105 kolejnymi oznakami rzetelno\u015bci.<\/li>\n<\/ul>\n<h2><b>Wniosek: nale\u017cy zachowa\u0107 ostro\u017cno\u015b\u0107 przy zakupach online w BMDP.<\/b><\/h2>\n<p>BMDP (benzylon) jest silnym syntetycznym zwi\u0105zkiem katynonu, kt\u00f3ry ze wzgl\u0119du na swoje dzia\u0142anie pobudzaj\u0105ce ma znaczenie w badaniach naukowych. Kto <b>kupuje prawdziwe lub podrobione BMDP<\/b> lub <b>Kup BMDP online<\/b> planuje, musi wiedzie\u0107 o <b>znaczne ryzyko, \u015bcis\u0142a legalno\u015b\u0107 (np. NpSG w Niemczech) i bezwzgl\u0119dnie konieczna czysto\u015b\u0107<\/b> produktu. <b>Najlepsze miejsce do zakupu BMDP<\/b> jest zawsze godnym zaufania sprzedawc\u0105 oferuj\u0105cym uczciwe <b>Ceny BMDP<\/b> i udokumentowan\u0105 jako\u015bci\u0105.<\/p>\n<p>&nbsp;<\/p>","protected":false},"excerpt":{"rendered":"<p><strong>BMDP<\/strong> to wysokiej jako\u015bci zwi\u0105zek pirolidynofenonu przeznaczony wy\u0142\u0105cznie do bada\u0144 naukowych. Jest idealny do cel\u00f3w bada\u0144 chemicznych i farmakologicznych. Nie jest przeznaczony do spo\u017cycia przez ludzi.<\/p>","protected":false},"featured_media":7046,"comment_status":"open","ping_status":"closed","template":"","meta":{"_joinchat":[]},"product_brand":[],"product_cat":[49],"product_tag":[1946,1952,1947,1950,1951,1949,1948,188,1814,248],"class_list":{"0":"post-7007","1":"product","2":"type-product","3":"status-publish","4":"has-post-thumbnail","6":"product_cat-cathinones","7":"product_tag-bmdp","8":"product_tag-bmdp-chemikalien","9":"product_tag-bmdp-kaufen","10":"product_tag-bmdp-kristalle","11":"product_tag-bmdp-online","12":"product_tag-bmdp-pulver","13":"product_tag-bmdp-zum-verkauf","14":"product_tag-forschungschemikalien","15":"product_tag-forschungsstoffe-kaufen","16":"product_tag-synthetische-stimulanzien","18":"first","19":"instock","20":"shipping-taxable","21":"purchasable","22":"product-type-variable"},"yoast_head":"<!-- This site is optimized with the Yoast SEO plugin v27.5 - https:\/\/yoast.com\/product\/yoast-seo-wordpress\/ -->\n<title>BMDP online Kaufen \u2013 BMDP zu verkaufen | Chemgramx<\/title>\n<meta name=\"description\" content=\"Wenn Sie BMDP noch nicht in unserem Chemgramx-Shop ausprobiert haben, verpassen Sie eine Menge. Wir helfen Ihnen, BMDP online zu g\u00fcnstigen Preisen zu kaufen. Holen Sie sich BMDP noch heute zum Verkauf!\" \/>\n<meta name=\"robots\" content=\"index, follow, max-snippet:-1, max-image-preview:large, max-video-preview:-1\" \/>\n<link rel=\"canonical\" href=\"https:\/\/chemgramx.com\/pl\/produkt-1\/kup-bmdp-online\/\" \/>\n<meta property=\"og:locale\" content=\"pl_PL\" \/>\n<meta property=\"og:type\" content=\"article\" \/>\n<meta property=\"og:title\" content=\"BMDP online Kaufen \u2013 BMDP zu verkaufen | Chemgramx\" \/>\n<meta property=\"og:description\" content=\"Wenn Sie BMDP noch nicht in unserem Chemgramx-Shop ausprobiert haben, verpassen Sie eine Menge. Wir helfen Ihnen, BMDP online zu g\u00fcnstigen Preisen zu kaufen. Holen Sie sich BMDP noch heute zum Verkauf!\" \/>\n<meta property=\"og:url\" content=\"https:\/\/chemgramx.com\/pl\/produkt-1\/kup-bmdp-online\/\" \/>\n<meta property=\"og:site_name\" content=\"Chemgramx\" \/>\n<meta property=\"article:modified_time\" content=\"2025-11-21T11:13:32+00:00\" \/>\n<meta property=\"og:image\" content=\"https:\/\/chemgramx.com\/wp-content\/uploads\/2025\/11\/bmdb.png\" \/>\n\t<meta property=\"og:image:width\" content=\"600\" \/>\n\t<meta property=\"og:image:height\" content=\"400\" \/>\n\t<meta property=\"og:image:type\" content=\"image\/png\" \/>\n<meta name=\"twitter:card\" content=\"summary_large_image\" \/>\n<meta name=\"twitter:label1\" content=\"Szacowany czas czytania\" \/>\n\t<meta name=\"twitter:data1\" content=\"4 minuty\" \/>\n<script type=\"application\/ld+json\" class=\"yoast-schema-graph\">{\"@context\":\"https:\\\/\\\/schema.org\",\"@graph\":[{\"@type\":\"WebPage\",\"@id\":\"https:\\\/\\\/chemgramx.com\\\/product\\\/bmdp-online-kaufen\\\/\",\"url\":\"https:\\\/\\\/chemgramx.com\\\/product\\\/bmdp-online-kaufen\\\/\",\"name\":\"BMDP online Kaufen \u2013 BMDP zu verkaufen | Chemgramx\",\"isPartOf\":{\"@id\":\"https:\\\/\\\/chemgramx.com\\\/#website\"},\"primaryImageOfPage\":{\"@id\":\"https:\\\/\\\/chemgramx.com\\\/product\\\/bmdp-online-kaufen\\\/#primaryimage\"},\"image\":{\"@id\":\"https:\\\/\\\/chemgramx.com\\\/product\\\/bmdp-online-kaufen\\\/#primaryimage\"},\"thumbnailUrl\":\"https:\\\/\\\/chemgramx.com\\\/wp-content\\\/uploads\\\/2025\\\/11\\\/bmdb.png\",\"datePublished\":\"2025-11-21T11:11:34+00:00\",\"dateModified\":\"2025-11-21T11:13:32+00:00\",\"description\":\"Wenn Sie BMDP noch nicht in unserem Chemgramx-Shop ausprobiert haben, verpassen Sie eine Menge. Wir helfen Ihnen, BMDP online zu g\u00fcnstigen Preisen zu kaufen. Holen Sie sich BMDP noch heute zum Verkauf!\",\"breadcrumb\":{\"@id\":\"https:\\\/\\\/chemgramx.com\\\/product\\\/bmdp-online-kaufen\\\/#breadcrumb\"},\"inLanguage\":\"pl-PL\",\"potentialAction\":[{\"@type\":\"ReadAction\",\"target\":[\"https:\\\/\\\/chemgramx.com\\\/product\\\/bmdp-online-kaufen\\\/\"]}]},{\"@type\":\"ImageObject\",\"inLanguage\":\"pl-PL\",\"@id\":\"https:\\\/\\\/chemgramx.com\\\/product\\\/bmdp-online-kaufen\\\/#primaryimage\",\"url\":\"https:\\\/\\\/chemgramx.com\\\/wp-content\\\/uploads\\\/2025\\\/11\\\/bmdb.png\",\"contentUrl\":\"https:\\\/\\\/chemgramx.com\\\/wp-content\\\/uploads\\\/2025\\\/11\\\/bmdb.png\",\"width\":600,\"height\":400},{\"@type\":\"BreadcrumbList\",\"@id\":\"https:\\\/\\\/chemgramx.com\\\/product\\\/bmdp-online-kaufen\\\/#breadcrumb\",\"itemListElement\":[{\"@type\":\"ListItem\",\"position\":1,\"name\":\"Home\",\"item\":\"https:\\\/\\\/chemgramx.com\\\/\"},{\"@type\":\"ListItem\",\"position\":2,\"name\":\"Shop\",\"item\":\"https:\\\/\\\/chemgramx.com\\\/shop\\\/\"},{\"@type\":\"ListItem\",\"position\":3,\"name\":\"BMDP Online Kaufen\"}]},{\"@type\":\"WebSite\",\"@id\":\"https:\\\/\\\/chemgramx.com\\\/#website\",\"url\":\"https:\\\/\\\/chemgramx.com\\\/\",\"name\":\"Chemgramx\",\"description\":\"\",\"publisher\":{\"@id\":\"https:\\\/\\\/chemgramx.com\\\/#organization\"},\"potentialAction\":[{\"@type\":\"SearchAction\",\"target\":{\"@type\":\"EntryPoint\",\"urlTemplate\":\"https:\\\/\\\/chemgramx.com\\\/?s={search_term_string}\"},\"query-input\":{\"@type\":\"PropertyValueSpecification\",\"valueRequired\":true,\"valueName\":\"search_term_string\"}}],\"inLanguage\":\"pl-PL\"},{\"@type\":\"Organization\",\"@id\":\"https:\\\/\\\/chemgramx.com\\\/#organization\",\"name\":\"Chemgramx\",\"url\":\"https:\\\/\\\/chemgramx.com\\\/\",\"logo\":{\"@type\":\"ImageObject\",\"inLanguage\":\"pl-PL\",\"@id\":\"https:\\\/\\\/chemgramx.com\\\/#\\\/schema\\\/logo\\\/image\\\/\",\"url\":\"https:\\\/\\\/chemgramx.com\\\/wp-content\\\/uploads\\\/2024\\\/10\\\/final-logo.png\",\"contentUrl\":\"https:\\\/\\\/chemgramx.com\\\/wp-content\\\/uploads\\\/2024\\\/10\\\/final-logo.png\",\"width\":250,\"height\":48,\"caption\":\"Chemgramx\"},\"image\":{\"@id\":\"https:\\\/\\\/chemgramx.com\\\/#\\\/schema\\\/logo\\\/image\\\/\"}}]}<\/script>\n<!-- \/ Yoast SEO plugin. -->","yoast_head_json":{"title":"Kup BMDP online \u2013 BMDP na sprzeda\u017c | Chemgramx","description":"Je\u015bli jeszcze nie pr\u00f3bowa\u0142e\u015b BMDP w naszym sklepie Chemgramx, wiele tracisz. Pomagamy Ci kupi\u0107 BMDP online w przyst\u0119pnych cenach. Kup BMDP w promocji ju\u017c dzi\u015b!","robots":{"index":"index","follow":"follow","max-snippet":"max-snippet:-1","max-image-preview":"max-image-preview:large","max-video-preview":"max-video-preview:-1"},"canonical":"https:\/\/chemgramx.com\/pl\/produkt-1\/kup-bmdp-online\/","og_locale":"pl_PL","og_type":"article","og_title":"BMDP online Kaufen \u2013 BMDP zu verkaufen | Chemgramx","og_description":"Wenn Sie BMDP noch nicht in unserem Chemgramx-Shop ausprobiert haben, verpassen Sie eine Menge. Wir helfen Ihnen, BMDP online zu g\u00fcnstigen Preisen zu kaufen. Holen Sie sich BMDP noch heute zum Verkauf!","og_url":"https:\/\/chemgramx.com\/pl\/produkt-1\/kup-bmdp-online\/","og_site_name":"Chemgramx","article_modified_time":"2025-11-21T11:13:32+00:00","og_image":[{"width":600,"height":400,"url":"https:\/\/chemgramx.com\/wp-content\/uploads\/2025\/11\/bmdb.png","type":"image\/png"}],"twitter_card":"summary_large_image","twitter_misc":{"Szacowany czas czytania":"4 minuty"},"schema":{"@context":"https:\/\/schema.org","@graph":[{"@type":"WebPage","@id":"https:\/\/chemgramx.com\/product\/bmdp-online-kaufen\/","url":"https:\/\/chemgramx.com\/product\/bmdp-online-kaufen\/","name":"Kup BMDP online \u2013 BMDP na sprzeda\u017c | Chemgramx","isPartOf":{"@id":"https:\/\/chemgramx.com\/#website"},"primaryImageOfPage":{"@id":"https:\/\/chemgramx.com\/product\/bmdp-online-kaufen\/#primaryimage"},"image":{"@id":"https:\/\/chemgramx.com\/product\/bmdp-online-kaufen\/#primaryimage"},"thumbnailUrl":"https:\/\/chemgramx.com\/wp-content\/uploads\/2025\/11\/bmdb.png","datePublished":"2025-11-21T11:11:34+00:00","dateModified":"2025-11-21T11:13:32+00:00","description":"Je\u015bli jeszcze nie pr\u00f3bowa\u0142e\u015b BMDP w naszym sklepie Chemgramx, wiele tracisz. Pomagamy Ci kupi\u0107 BMDP online w przyst\u0119pnych cenach. Kup BMDP w promocji ju\u017c dzi\u015b!","breadcrumb":{"@id":"https:\/\/chemgramx.com\/product\/bmdp-online-kaufen\/#breadcrumb"},"inLanguage":"pl-PL","potentialAction":[{"@type":"ReadAction","target":["https:\/\/chemgramx.com\/product\/bmdp-online-kaufen\/"]}]},{"@type":"ImageObject","inLanguage":"pl-PL","@id":"https:\/\/chemgramx.com\/product\/bmdp-online-kaufen\/#primaryimage","url":"https:\/\/chemgramx.com\/wp-content\/uploads\/2025\/11\/bmdb.png","contentUrl":"https:\/\/chemgramx.com\/wp-content\/uploads\/2025\/11\/bmdb.png","width":600,"height":400},{"@type":"BreadcrumbList","@id":"https:\/\/chemgramx.com\/product\/bmdp-online-kaufen\/#breadcrumb","itemListElement":[{"@type":"ListItem","position":1,"name":"Home","item":"https:\/\/chemgramx.com\/"},{"@type":"ListItem","position":2,"name":"Shop","item":"https:\/\/chemgramx.com\/shop\/"},{"@type":"ListItem","position":3,"name":"BMDP Online Kaufen"}]},{"@type":"WebSite","@id":"https:\/\/chemgramx.com\/#website","url":"https:\/\/chemgramx.com\/","name":"Chemgramx","description":"","publisher":{"@id":"https:\/\/chemgramx.com\/#organization"},"potentialAction":[{"@type":"SearchAction","target":{"@type":"EntryPoint","urlTemplate":"https:\/\/chemgramx.com\/?s={search_term_string}"},"query-input":{"@type":"PropertyValueSpecification","valueRequired":true,"valueName":"search_term_string"}}],"inLanguage":"pl-PL"},{"@type":"Organization","@id":"https:\/\/chemgramx.com\/#organization","name":"Chemgramx","url":"https:\/\/chemgramx.com\/","logo":{"@type":"ImageObject","inLanguage":"pl-PL","@id":"https:\/\/chemgramx.com\/#\/schema\/logo\/image\/","url":"https:\/\/chemgramx.com\/wp-content\/uploads\/2024\/10\/final-logo.png","contentUrl":"https:\/\/chemgramx.com\/wp-content\/uploads\/2024\/10\/final-logo.png","width":250,"height":48,"caption":"Chemgramx"},"image":{"@id":"https:\/\/chemgramx.com\/#\/schema\/logo\/image\/"}}]}},"_links":{"self":[{"href":"https:\/\/chemgramx.com\/pl\/wp-json\/wp\/v2\/product\/7007","targetHints":{"allow":["GET"]}}],"collection":[{"href":"https:\/\/chemgramx.com\/pl\/wp-json\/wp\/v2\/product"}],"about":[{"href":"https:\/\/chemgramx.com\/pl\/wp-json\/wp\/v2\/types\/product"}],"replies":[{"embeddable":true,"href":"https:\/\/chemgramx.com\/pl\/wp-json\/wp\/v2\/comments?post=7007"}],"wp:featuredmedia":[{"embeddable":true,"href":"https:\/\/chemgramx.com\/pl\/wp-json\/wp\/v2\/media\/7046"}],"wp:attachment":[{"href":"https:\/\/chemgramx.com\/pl\/wp-json\/wp\/v2\/media?parent=7007"}],"wp:term":[{"taxonomy":"product_brand","embeddable":true,"href":"https:\/\/chemgramx.com\/pl\/wp-json\/wp\/v2\/product_brand?post=7007"},{"taxonomy":"product_cat","embeddable":true,"href":"https:\/\/chemgramx.com\/pl\/wp-json\/wp\/v2\/product_cat?post=7007"},{"taxonomy":"product_tag","embeddable":true,"href":"https:\/\/chemgramx.com\/pl\/wp-json\/wp\/v2\/product_tag?post=7007"}],"curies":[{"name":"wp","href":"https:\/\/api.w.org\/{rel}","templated":true}]}}