{"id":7010,"date":"2025-11-21T11:11:34","date_gmt":"2025-11-21T11:11:34","guid":{"rendered":"https:\/\/chemgramx.com\/?post_type=product&#038;p=7010"},"modified":"2025-11-21T11:13:32","modified_gmt":"2025-11-21T11:13:32","slug":"kup-ebk-online","status":"publish","type":"product","link":"https:\/\/chemgramx.com\/pl\/product\/ebk-online-kaufen\/","title":{"rendered":"Kup EBK online"},"content":{"rendered":"<p>\u015awiat chemikali\u00f3w badawczych jest z\u0142o\u017cony i stale ewoluuje. Jedn\u0105 z substancji, kt\u00f3ra przyci\u0105ga coraz wi\u0119cej uwagi w kr\u0119gach naukowych i poza nimi, jest <a href=\"\/product\/ebk-online-kaufen\/\"><b>Eutylon<\/b><\/a>, cz\u0119sto skracany jako <b>FBC<\/b>. Kiedy badacze i laboratoria <b>Kup EBK online<\/b> Je\u015bli chcesz wykorzysta\u0107 EBK w badaniach, musisz zmierzy\u0107 si\u0119 z wyzwaniem znalezienia renomowanych \u017ar\u00f3de\u0142, kt\u00f3re gwarantuj\u0105 najwy\u017csz\u0105 czysto\u015b\u0107 i jako\u015b\u0107. Ten kompleksowy przewodnik podkre\u015bla chemiczn\u0105 natur\u0119 SFBC, jego potencjalne zastosowania badawcze i krytyczne aspekty, kt\u00f3re nale\u017cy wzi\u0105\u0107 pod uwag\u0119 przy pozyskiwaniu SFBC. <b>Zam\u00f3w EBK<\/b> nale\u017cy wzi\u0105\u0107 pod uwag\u0119, od sytuacji prawnej po kontrol\u0119 jako\u015bci.<\/p>\n<h2><b>Czym jest EBK (eutylon)? Struktura chemiczna i klasyfikacja<\/b><\/h2>\n<p><b>Eutylon<\/b> (nazwa chemiczna: \u03b2k-EBDB, N-etylobutylon lub 1-(1,3-benzodioksol-5-ylo)-2-(etyloamino)butan-1-on) to syntetyczny katynon nale\u017c\u0105cy do szerszej rodziny katynon\u00f3w. <b>nowe substancje psychoaktywne (NPS)<\/b> liczy. Jego struktura jest charakterystyczna dla narkotyk\u00f3w projektowanych, kt\u00f3re maj\u0105 na celu na\u015bladowanie w\u0142a\u015bciwo\u015bci badawczych klasycznych stymulant\u00f3w.<\/p>\n<p>Eutylon wykazuje podobie\u0144stwa strukturalne z innymi znanymi substancjami psychoaktywnymi, takimi jak <b>Metylon<\/b> oraz <b>Pentylon<\/b>. Jest to <b>\u03b2-ketokatynon<\/b> o wzorze chemicznym <span class=\"math-inline\" data-math=\"C_{13}H_{17}NO_3\">$C_{13}H_{17}NO_3$<\/span>. W badaniach, Eutylone jest badany jako aktywny sk\u0142adnik, kt\u00f3ry hamuje wychwyt zwrotny witaminy D. <b>Dopamina, noradrenalina i serotonina<\/b> do szczeliny synaptycznej. Efekt ten sugeruje, \u017ce prowadzi on do zwi\u0119kszonego st\u0119\u017cenia tych neuroprzeka\u017anik\u00f3w w modelach przedklinicznych, co wyja\u015bnia w\u0142a\u015bciwo\u015bci stymuluj\u0105ce. Dla laboratori\u00f3w, kt\u00f3re <b>Zam\u00f3w oryginalne EBK<\/b> Czysto\u015b\u0107 chemiczna ma kluczowe znaczenie dla walidacji wynik\u00f3w bada\u0144.<\/p>\n<h2><b>Dlaczego popyt na EBK online ro\u015bnie<\/b><\/h2>\n<p>Zintensyfikowane poszukiwanie mo\u017cliwo\u015bci, <b>Kup EBK online<\/b> wynika g\u0142\u00f3wnie z jego wykorzystania jako <b>Badania chemiczne<\/b>. Laboratoria wymagaj\u0105 certyfikowanych wzorc\u00f3w referencyjnych do test\u00f3w analitycznych, zw\u0142aszcza w badaniach kryminalistycznych i toksykologicznych, aby m\u00f3c wykry\u0107 obecno\u015b\u0107 substancji w pr\u00f3bkach.<\/p>\n<h3><b>Potencja\u0142 badawczy i zastosowania<\/b><\/h3>\n<p>G\u0142\u00f3wne obszary zastosowania EBK to:<\/p>\n<ul>\n<li><b>Toksykologia i medycyna s\u0105dowa:<\/b> Jak <b>Standard odniesienia<\/b> do wykrywania i identyfikacji substancji w pr\u00f3bkach biologicznych. Jest to szczeg\u00f3lnie wa\u017cne, poniewa\u017c EBK jest uznawany za NPS w wielu regionach.<\/li>\n<li><b>Badania farmakologiczne:<\/b> Badanie dok\u0142adnych mechanizm\u00f3w, w jaki spos\u00f3b <b>Transportery monoamin<\/b> aby uzyska\u0107 nowy wgl\u0105d w powi\u0105zane stymulanty.<\/li>\n<li><b>Chemia analityczna:<\/b> Opracowanie i walidacja nowych metod analitycznych do oznaczania czysto\u015bci i st\u0119\u017cenia syntetycznych katynon\u00f3w.<\/li>\n<\/ul>\n<h3><b>Zg\u0142oszone efekty w kontek\u015bcie bada\u0144<\/b><\/h3>\n<p>Nast\u0119puj\u0105ce efekty zosta\u0142y zaobserwowane w badaniach przedklinicznych i anegdotycznych, podkre\u015blaj\u0105c potrzeb\u0119 stosowania pr\u00f3bek kontrolnych i referencyjnych:<\/p>\n<h4><b>Efekty bada\u0144 poznawczych i psychologicznych<\/b><\/h4>\n<ul>\n<li>Badania sugeruj\u0105, \u017ce EBK ma potencja\u0142 do <b>Czujno\u015b\u0107<\/b> oraz <b>Koncentracja<\/b> wzrosn\u0105\u0107.<\/li>\n<li>Naukowcy donosz\u0105 o mo\u017cliwej indukcji <b>Euforia<\/b> i zwi\u0119kszony <b>Dobre samopoczucie<\/b> w modelach eksperymentalnych.<\/li>\n<li>Mo\u017ce istnie\u0107 tendencja do zwi\u0119kszania <b>otwarto\u015b\u0107 spo\u0142eczna<\/b> oraz <b>Ch\u0119\u0107 komunikowania si\u0119<\/b> mo\u017cna zaobserwowa\u0107.<\/li>\n<li>Efekty te wynikaj\u0105 z domniemanego sposobu dzia\u0142ania jako <b>Inhibitory wychwytu zwrotnego monoamin<\/b> przypisywalne.<\/li>\n<\/ul>\n<h4><b>Efekty bada\u0144 fizjologicznych<\/b><\/h4>\n<ul>\n<li>Na poziomie fizycznym, zwi\u0119kszona <b>Energia<\/b> i zwi\u0119kszony <b>Poziom aktywno\u015bci<\/b> okre\u015blony.<\/li>\n<li>Fizjologicznie mo\u017ce to prowadzi\u0107 do zwi\u0119kszonego <b>T\u0119tno<\/b> i zwi\u0119kszony <b>Ci\u015bnienie krwi<\/b> przyj\u015b\u0107.<\/li>\n<li>Potencja\u0142 <b>Kontrola apetytu<\/b> jest cz\u0119sto wymieniany w badaniach.<\/li>\n<li>U\u017cytkownicy zg\u0142aszaj\u0105, \u017ce przy wy\u017cszych st\u0119\u017ceniach mog\u0105 wyst\u0105pi\u0107 dzia\u0142ania niepo\u017c\u0105dane, takie jak <b>Strach<\/b> lub <b>Bezsenno\u015b\u0107<\/b> mo\u017ce wyst\u0105pi\u0107.<\/li>\n<\/ul>\n<h2><b>Skomplikowana sytuacja prawna przy zakupie EBK online<\/b><\/h2>\n<p>Jednym z najwa\u017cniejszych aspekt\u00f3w <b>Zam\u00f3w EBK online<\/b> jest z\u0142o\u017cona i stale zmieniaj\u0105ca si\u0119 sytuacja prawna. Jako NPS, Eutylon podlega coraz bardziej rygorystycznym kontrolom. Substancja ta zosta\u0142a zatwierdzona przez WHO do w\u0142\u0105czenia do wykazu <b>Wykaz II Konwencji o substancjach psychotropowych z 1971 r.<\/b> zalecane, a w Niemczech Eutylone jest (zgodnie z wynikami Google) w <b>Za\u0142\u0105cznik II do ustawy o \u015brodkach odurzaj\u0105cych (BtMG)<\/b> wymienione. Oznacza to, \u017ce handel i posiadanie bez zezwolenia jest nielegalne (dozwolony handel tylko w celach naukowych lub innych interesach publicznych). <b>Konieczne jest sprawdzenie aktualnych przepis\u00f3w obowi\u0105zuj\u0105cych w danym kraju<\/b>, przed tob\u0105 <b>Kup EBK legalnie online<\/b> lub <b>Zam\u00f3w EBK<\/b>.<\/p>\n<h2><b>Jako\u015b\u0107 i czysto\u015b\u0107: na co zwraca\u0107 uwag\u0119 przy zakupie SFBC?<\/b><\/h2>\n<p>W przypadku powa\u017cnych bada\u0144 <b>Czysto\u015b\u0107<\/b> Substancja jest najwa\u017cniejszym czynnikiem. Rynek NPS jest znany z zanieczyszcze\u0144 i podr\u00f3bek (tzw. <b>kute EBK<\/b>). Kto <b>Kup tanio EBK online<\/b> Je\u015bli chcesz to zrobi\u0107, ryzykujesz uzyskanie nieczystych pr\u00f3bek, kt\u00f3re zapewni\u0105 nieprzewidywalne wyniki bada\u0144.<\/p>\n<h3><b>Kryteria dla najlepszego miejsca do zakupu EBK<\/b><\/h3>\n<p>Aby zapewni\u0107, \u017ce <b>kupi\u0107 czysty EBK<\/b>, nale\u017cy wzi\u0105\u0107 pod uwag\u0119 nast\u0119puj\u0105ce kryteria:<\/p>\n<ol start=\"1\">\n<li><b>Certyfikowane analizy (COA):<\/b> Sprzedawca detaliczny musi zapewni\u0107 aktualne, niezale\u017cne <b>Certyfikaty analizy (COA)<\/b> kt\u00f3re weryfikuj\u0105 czysto\u015b\u0107 i to\u017csamo\u015b\u0107 chemiczn\u0105 przy u\u017cyciu metod takich jak <b>NMR, GC-MS lub HPLC<\/b> potwierdzi\u0107.<\/li>\n<li><b>Przejrzysto\u015b\u0107:<\/b> Pe\u0142ny wz\u00f3r chemiczny, numer CAS i nazwa IUPAC.<\/li>\n<li><b>Pakowanie i przechowywanie:<\/b> Substancja musi by\u0107 dostarczana w hermetycznym, nieprzezroczystym opakowaniu, aby zapobiec zanieczyszczeniu i degradacji.<\/li>\n<li><b>Zgodno\u015b\u0107 z przepisami:<\/b> Sprzedawca musi wyra\u017anie poinformowa\u0107 o ograniczeniach prawnych i podkre\u015bli\u0107 przeznaczenie (wy\u0142\u0105cznie do cel\u00f3w badawczych).<\/li>\n<li><b>Por\u00f3wnanie cen:<\/b> Por\u00f3wnaj <b>Cena EBK<\/b> krytyczne; wyj\u0105tkowo niskie ceny mog\u0105 wskazywa\u0107 na nisk\u0105 czysto\u015b\u0107. Zainwestuj w certyfikowane standardy referencyjne, aby uzyska\u0107 bardziej wiarygodne wyniki bada\u0144.<\/li>\n<\/ol>\n<h3><b>Wyb\u00f3r w\u0142a\u015bciwego sprzedawcy<\/b><\/h3>\n<p>The <b>Najlepsze miejsce do zakupu EBK<\/b> jest <b>sprzedawca specjalistycznych chemikali\u00f3w<\/b> z wieloletnim do\u015bwiadczeniem w pracy z chemikaliami badawczymi. Dostawcy ci gwarantuj\u0105 <b>Kontrola jako\u015bci<\/b> przez wewn\u0119trzne laboratoria lub zewn\u0119trznych partner\u00f3w testuj\u0105cych.<\/p>\n<h2><b>Podsumowanie: Bezpieczne i niezawodne zakupy online EBK<\/b><\/h2>\n<p><b>EBK (Eutylon)<\/b> jest siln\u0105 substancj\u0105 chemiczn\u0105, kt\u00f3rej znaczenie w badaniach kryminalistycznych i farmakologicznych stale ro\u015bnie. Kto <b>Kup EBK online<\/b> musz\u0105 by\u0107 \u015bwiadomi \u015bcis\u0142ych kontroli prawnych i traktowa\u0107 czysto\u015b\u0107 substancji jako najwy\u017cszy priorytet. W zwi\u0105zku z tym <b>Najlepsze miejsce do zakupu EBK<\/b> jest zawsze certyfikowanym dystrybutorem specjalistycznych chemikali\u00f3w, kt\u00f3ry gwarantuje przejrzyste analizy i najwy\u017csz\u0105 jako\u015b\u0107, aby zapewni\u0107 integralno\u015b\u0107 pracy naukowej.<\/p>","protected":false},"excerpt":{"rendered":"<p><strong>FBC<\/strong> to innowacyjny syntetyczny katynon opracowany specjalnie do bada\u0144 chemicznych i farmakologicznych. Dzi\u0119ki wysokiej czysto\u015bci i stabilno\u015bci zapewnia wiarygodne wyniki w wymagaj\u0105cych eksperymentach naukowych.<\/p>","protected":false},"featured_media":7049,"comment_status":"open","ping_status":"closed","template":"","meta":{"_joinchat":[]},"product_brand":[],"product_cat":[49],"product_tag":[1925,1931,1926,1929,1930,1928,1927,188,1814,248],"class_list":{"0":"post-7010","1":"product","2":"type-product","3":"status-publish","4":"has-post-thumbnail","6":"product_cat-cathinones","7":"product_tag-ebk","8":"product_tag-ebk-chemikalien","9":"product_tag-ebk-kaufen","10":"product_tag-ebk-kristalle","11":"product_tag-ebk-online","12":"product_tag-ebk-pulver","13":"product_tag-ebk-zum-verkauf","14":"product_tag-forschungschemikalien","15":"product_tag-forschungsstoffe-kaufen","16":"product_tag-synthetische-stimulanzien","18":"first","19":"instock","20":"shipping-taxable","21":"purchasable","22":"product-type-variable"},"yoast_head":"<!-- This site is optimized with the Yoast SEO plugin v27.5 - https:\/\/yoast.com\/product\/yoast-seo-wordpress\/ -->\n<title>EBK kaufen | Hochreines Forschungscathinon f\u00fcr Labore<\/title>\n<meta name=\"description\" content=\"Erforschen Sie EBK, ein hochwertiges synthetisches Cathinon f\u00fcr chemische und pharmakologische Studien. Nur f\u00fcr Forschung und Analyse in autorisierten Laboren.\" \/>\n<meta name=\"robots\" content=\"index, follow, max-snippet:-1, max-image-preview:large, max-video-preview:-1\" \/>\n<link rel=\"canonical\" href=\"https:\/\/chemgramx.com\/pl\/produkt-1\/kup-ebk-online\/\" \/>\n<meta property=\"og:locale\" content=\"pl_PL\" \/>\n<meta property=\"og:type\" content=\"article\" \/>\n<meta property=\"og:title\" content=\"EBK kaufen | Hochreines Forschungscathinon f\u00fcr Labore\" \/>\n<meta property=\"og:description\" content=\"Erforschen Sie EBK, ein hochwertiges synthetisches Cathinon f\u00fcr chemische und pharmakologische Studien. Nur f\u00fcr Forschung und Analyse in autorisierten Laboren.\" \/>\n<meta property=\"og:url\" content=\"https:\/\/chemgramx.com\/pl\/produkt-1\/kup-ebk-online\/\" \/>\n<meta property=\"og:site_name\" content=\"Chemgramx\" \/>\n<meta property=\"article:modified_time\" content=\"2025-11-21T11:13:32+00:00\" \/>\n<meta property=\"og:image\" content=\"https:\/\/chemgramx.com\/wp-content\/uploads\/2025\/11\/ebk.png\" \/>\n\t<meta property=\"og:image:width\" content=\"600\" \/>\n\t<meta property=\"og:image:height\" content=\"400\" \/>\n\t<meta property=\"og:image:type\" content=\"image\/png\" \/>\n<meta name=\"twitter:card\" content=\"summary_large_image\" \/>\n<meta name=\"twitter:label1\" content=\"Szacowany czas czytania\" \/>\n\t<meta name=\"twitter:data1\" content=\"4 minuty\" \/>\n<script type=\"application\/ld+json\" class=\"yoast-schema-graph\">{\"@context\":\"https:\\\/\\\/schema.org\",\"@graph\":[{\"@type\":\"WebPage\",\"@id\":\"https:\\\/\\\/chemgramx.com\\\/product\\\/ebk-online-kaufen\\\/\",\"url\":\"https:\\\/\\\/chemgramx.com\\\/product\\\/ebk-online-kaufen\\\/\",\"name\":\"EBK kaufen | Hochreines Forschungscathinon f\u00fcr Labore\",\"isPartOf\":{\"@id\":\"https:\\\/\\\/chemgramx.com\\\/#website\"},\"primaryImageOfPage\":{\"@id\":\"https:\\\/\\\/chemgramx.com\\\/product\\\/ebk-online-kaufen\\\/#primaryimage\"},\"image\":{\"@id\":\"https:\\\/\\\/chemgramx.com\\\/product\\\/ebk-online-kaufen\\\/#primaryimage\"},\"thumbnailUrl\":\"https:\\\/\\\/chemgramx.com\\\/wp-content\\\/uploads\\\/2025\\\/11\\\/ebk.png\",\"datePublished\":\"2025-11-21T11:11:34+00:00\",\"dateModified\":\"2025-11-21T11:13:32+00:00\",\"description\":\"Erforschen Sie EBK, ein hochwertiges synthetisches Cathinon f\u00fcr chemische und pharmakologische Studien. Nur f\u00fcr Forschung und Analyse in autorisierten Laboren.\",\"breadcrumb\":{\"@id\":\"https:\\\/\\\/chemgramx.com\\\/product\\\/ebk-online-kaufen\\\/#breadcrumb\"},\"inLanguage\":\"pl-PL\",\"potentialAction\":[{\"@type\":\"ReadAction\",\"target\":[\"https:\\\/\\\/chemgramx.com\\\/product\\\/ebk-online-kaufen\\\/\"]}]},{\"@type\":\"ImageObject\",\"inLanguage\":\"pl-PL\",\"@id\":\"https:\\\/\\\/chemgramx.com\\\/product\\\/ebk-online-kaufen\\\/#primaryimage\",\"url\":\"https:\\\/\\\/chemgramx.com\\\/wp-content\\\/uploads\\\/2025\\\/11\\\/ebk.png\",\"contentUrl\":\"https:\\\/\\\/chemgramx.com\\\/wp-content\\\/uploads\\\/2025\\\/11\\\/ebk.png\",\"width\":600,\"height\":400},{\"@type\":\"BreadcrumbList\",\"@id\":\"https:\\\/\\\/chemgramx.com\\\/product\\\/ebk-online-kaufen\\\/#breadcrumb\",\"itemListElement\":[{\"@type\":\"ListItem\",\"position\":1,\"name\":\"Home\",\"item\":\"https:\\\/\\\/chemgramx.com\\\/\"},{\"@type\":\"ListItem\",\"position\":2,\"name\":\"Shop\",\"item\":\"https:\\\/\\\/chemgramx.com\\\/shop\\\/\"},{\"@type\":\"ListItem\",\"position\":3,\"name\":\"EBK Online Kaufen\"}]},{\"@type\":\"WebSite\",\"@id\":\"https:\\\/\\\/chemgramx.com\\\/#website\",\"url\":\"https:\\\/\\\/chemgramx.com\\\/\",\"name\":\"Chemgramx\",\"description\":\"\",\"publisher\":{\"@id\":\"https:\\\/\\\/chemgramx.com\\\/#organization\"},\"potentialAction\":[{\"@type\":\"SearchAction\",\"target\":{\"@type\":\"EntryPoint\",\"urlTemplate\":\"https:\\\/\\\/chemgramx.com\\\/?s={search_term_string}\"},\"query-input\":{\"@type\":\"PropertyValueSpecification\",\"valueRequired\":true,\"valueName\":\"search_term_string\"}}],\"inLanguage\":\"pl-PL\"},{\"@type\":\"Organization\",\"@id\":\"https:\\\/\\\/chemgramx.com\\\/#organization\",\"name\":\"Chemgramx\",\"url\":\"https:\\\/\\\/chemgramx.com\\\/\",\"logo\":{\"@type\":\"ImageObject\",\"inLanguage\":\"pl-PL\",\"@id\":\"https:\\\/\\\/chemgramx.com\\\/#\\\/schema\\\/logo\\\/image\\\/\",\"url\":\"https:\\\/\\\/chemgramx.com\\\/wp-content\\\/uploads\\\/2024\\\/10\\\/final-logo.png\",\"contentUrl\":\"https:\\\/\\\/chemgramx.com\\\/wp-content\\\/uploads\\\/2024\\\/10\\\/final-logo.png\",\"width\":250,\"height\":48,\"caption\":\"Chemgramx\"},\"image\":{\"@id\":\"https:\\\/\\\/chemgramx.com\\\/#\\\/schema\\\/logo\\\/image\\\/\"}}]}<\/script>\n<!-- \/ Yoast SEO plugin. -->","yoast_head_json":{"title":"Kup EBK | Wysokiej czysto\u015bci katynon badawczy do laboratori\u00f3w","description":"Poznaj EBK, wysokiej jako\u015bci syntetyczny katynon do bada\u0144 chemicznych i farmakologicznych. Wy\u0142\u0105cznie do bada\u0144 i analiz w autoryzowanych laboratoriach.","robots":{"index":"index","follow":"follow","max-snippet":"max-snippet:-1","max-image-preview":"max-image-preview:large","max-video-preview":"max-video-preview:-1"},"canonical":"https:\/\/chemgramx.com\/pl\/produkt-1\/kup-ebk-online\/","og_locale":"pl_PL","og_type":"article","og_title":"EBK kaufen | Hochreines Forschungscathinon f\u00fcr Labore","og_description":"Erforschen Sie EBK, ein hochwertiges synthetisches Cathinon f\u00fcr chemische und pharmakologische Studien. Nur f\u00fcr Forschung und Analyse in autorisierten Laboren.","og_url":"https:\/\/chemgramx.com\/pl\/produkt-1\/kup-ebk-online\/","og_site_name":"Chemgramx","article_modified_time":"2025-11-21T11:13:32+00:00","og_image":[{"width":600,"height":400,"url":"https:\/\/chemgramx.com\/wp-content\/uploads\/2025\/11\/ebk.png","type":"image\/png"}],"twitter_card":"summary_large_image","twitter_misc":{"Szacowany czas czytania":"4 minuty"},"schema":{"@context":"https:\/\/schema.org","@graph":[{"@type":"WebPage","@id":"https:\/\/chemgramx.com\/product\/ebk-online-kaufen\/","url":"https:\/\/chemgramx.com\/product\/ebk-online-kaufen\/","name":"Kup EBK | Wysokiej czysto\u015bci katynon badawczy do laboratori\u00f3w","isPartOf":{"@id":"https:\/\/chemgramx.com\/#website"},"primaryImageOfPage":{"@id":"https:\/\/chemgramx.com\/product\/ebk-online-kaufen\/#primaryimage"},"image":{"@id":"https:\/\/chemgramx.com\/product\/ebk-online-kaufen\/#primaryimage"},"thumbnailUrl":"https:\/\/chemgramx.com\/wp-content\/uploads\/2025\/11\/ebk.png","datePublished":"2025-11-21T11:11:34+00:00","dateModified":"2025-11-21T11:13:32+00:00","description":"Poznaj EBK, wysokiej jako\u015bci syntetyczny katynon do bada\u0144 chemicznych i farmakologicznych. Wy\u0142\u0105cznie do bada\u0144 i analiz w autoryzowanych laboratoriach.","breadcrumb":{"@id":"https:\/\/chemgramx.com\/product\/ebk-online-kaufen\/#breadcrumb"},"inLanguage":"pl-PL","potentialAction":[{"@type":"ReadAction","target":["https:\/\/chemgramx.com\/product\/ebk-online-kaufen\/"]}]},{"@type":"ImageObject","inLanguage":"pl-PL","@id":"https:\/\/chemgramx.com\/product\/ebk-online-kaufen\/#primaryimage","url":"https:\/\/chemgramx.com\/wp-content\/uploads\/2025\/11\/ebk.png","contentUrl":"https:\/\/chemgramx.com\/wp-content\/uploads\/2025\/11\/ebk.png","width":600,"height":400},{"@type":"BreadcrumbList","@id":"https:\/\/chemgramx.com\/product\/ebk-online-kaufen\/#breadcrumb","itemListElement":[{"@type":"ListItem","position":1,"name":"Home","item":"https:\/\/chemgramx.com\/"},{"@type":"ListItem","position":2,"name":"Shop","item":"https:\/\/chemgramx.com\/shop\/"},{"@type":"ListItem","position":3,"name":"EBK Online Kaufen"}]},{"@type":"WebSite","@id":"https:\/\/chemgramx.com\/#website","url":"https:\/\/chemgramx.com\/","name":"Chemgramx","description":"","publisher":{"@id":"https:\/\/chemgramx.com\/#organization"},"potentialAction":[{"@type":"SearchAction","target":{"@type":"EntryPoint","urlTemplate":"https:\/\/chemgramx.com\/?s={search_term_string}"},"query-input":{"@type":"PropertyValueSpecification","valueRequired":true,"valueName":"search_term_string"}}],"inLanguage":"pl-PL"},{"@type":"Organization","@id":"https:\/\/chemgramx.com\/#organization","name":"Chemgramx","url":"https:\/\/chemgramx.com\/","logo":{"@type":"ImageObject","inLanguage":"pl-PL","@id":"https:\/\/chemgramx.com\/#\/schema\/logo\/image\/","url":"https:\/\/chemgramx.com\/wp-content\/uploads\/2024\/10\/final-logo.png","contentUrl":"https:\/\/chemgramx.com\/wp-content\/uploads\/2024\/10\/final-logo.png","width":250,"height":48,"caption":"Chemgramx"},"image":{"@id":"https:\/\/chemgramx.com\/#\/schema\/logo\/image\/"}}]}},"_links":{"self":[{"href":"https:\/\/chemgramx.com\/pl\/wp-json\/wp\/v2\/product\/7010","targetHints":{"allow":["GET"]}}],"collection":[{"href":"https:\/\/chemgramx.com\/pl\/wp-json\/wp\/v2\/product"}],"about":[{"href":"https:\/\/chemgramx.com\/pl\/wp-json\/wp\/v2\/types\/product"}],"replies":[{"embeddable":true,"href":"https:\/\/chemgramx.com\/pl\/wp-json\/wp\/v2\/comments?post=7010"}],"wp:featuredmedia":[{"embeddable":true,"href":"https:\/\/chemgramx.com\/pl\/wp-json\/wp\/v2\/media\/7049"}],"wp:attachment":[{"href":"https:\/\/chemgramx.com\/pl\/wp-json\/wp\/v2\/media?parent=7010"}],"wp:term":[{"taxonomy":"product_brand","embeddable":true,"href":"https:\/\/chemgramx.com\/pl\/wp-json\/wp\/v2\/product_brand?post=7010"},{"taxonomy":"product_cat","embeddable":true,"href":"https:\/\/chemgramx.com\/pl\/wp-json\/wp\/v2\/product_cat?post=7010"},{"taxonomy":"product_tag","embeddable":true,"href":"https:\/\/chemgramx.com\/pl\/wp-json\/wp\/v2\/product_tag?post=7010"}],"curies":[{"name":"wp","href":"https:\/\/api.w.org\/{rel}","templated":true}]}}