{"id":7011,"date":"2025-11-21T11:11:34","date_gmt":"2025-11-21T11:11:34","guid":{"rendered":"https:\/\/chemgramx.com\/?post_type=product&#038;p=7011"},"modified":"2025-11-21T11:13:32","modified_gmt":"2025-11-21T11:13:32","slug":"kup-impvp-online","status":"publish","type":"product","link":"https:\/\/chemgramx.com\/pl\/product\/impvp-online-kaufen\/","title":{"rendered":"Kup IMPVP online"},"content":{"rendered":"<div id=\"model-response-message-contentr_e4856c5665c90d42\" class=\"markdown markdown-main-panel enable-updated-hr-color\" dir=\"ltr\" aria-live=\"polite\" aria-busy=\"false\">\n<p>Zapotrzebowanie na innowacyjne chemikalia badawcze stale ro\u015bnie, a <a href=\"\/product\/impvp-online-kaufen\/\"><b>IMPVP<\/b><\/a> szybko sta\u0142a si\u0119 stymulantem, kt\u00f3ry wzbudza du\u017ce zainteresowanie zar\u00f3wno w laboratoriach naukowych, jak i w\u015br\u00f3d kolekcjoner\u00f3w materia\u0142\u00f3w badawczych. Wielu u\u017cytkownik\u00f3w poszukuje jej w szczeg\u00f3lno\u015bci w celu <b>Kup IMPVP online<\/b> lub znale\u017a\u0107 godnych zaufania dostawc\u00f3w, kt\u00f3rzy <b>IMPVP na sprzeda\u017c<\/b> oferta. Bior\u0105c pod uwag\u0119 z\u0142o\u017con\u0105 natur\u0119 tego rynku, kluczowe znaczenie ma zrozumienie w\u0142a\u015bciwo\u015bci chemicznych, zg\u0142aszanych skutk\u00f3w oraz, co najwa\u017cniejsze, aspekt\u00f3w bezpiecze\u0144stwa i aspekt\u00f3w prawnych. <b>Zam\u00f3w IMPVP<\/b> chcieliby. Ten kompleksowy przewodnik rzuca \u015bwiat\u0142o na to, dlaczego <b>IMPVP<\/b> jest tak popularna i na co nale\u017cy zwr\u00f3ci\u0107 uwag\u0119 przy zakupie.<\/p>\n<h2><b>Co to jest IMPVP? Definicja chemiczna i mechanizm dzia\u0142ania<\/b><\/h2>\n<p><b>IMPVP<\/b> (metylofenidat izopropylu) jest syntetycznym \u015brodkiem pobudzaj\u0105cym, kt\u00f3ry nale\u017cy do rodziny <a href=\"\/product\/4f-mph-4-fluoromethylphenidat-online-kaufen\/\"><b>Fenidat<\/b> <\/a>nale\u017cy. Pod wzgl\u0119dem chemicznym jest blisko spokrewniony z klasycznym stymulantem - metylofenidatem, ale ma zmodyfikowan\u0105 struktur\u0119. Ta specyficzna zmiana molekularna prowadzi do r\u00f3\u017cnych w\u0142a\u015bciwo\u015bci farmakologicznych, co czyni go fascynuj\u0105cym obiektem bada\u0144.<\/p>\n<h3><b>Klasyfikacja chemiczna i spos\u00f3b dzia\u0142ania<\/b><\/h3>\n<p>Ze wzgl\u0119du na swoj\u0105 struktur\u0119 IMPVP jest uznawany za <b>Pochodna fenidatu<\/b> i tym samym r\u00f3\u017cni si\u0119 od katynon\u00f3w i amfetamin.<\/p>\n<ul>\n<li><b>Mechanizm dzia\u0142ania:<\/b> IMPVP dzia\u0142a g\u0142\u00f3wnie jako <b>Inhibitory wychwytu zwrotnego dopaminy i noradrenaliny<\/b>. Hamowanie to prowadzi do zwi\u0119kszonego st\u0119\u017cenia tych neuroprzeka\u017anik\u00f3w w szczelinie synaptycznej, co wyja\u015bnia obserwowane efekty stymuluj\u0105ce i euforyczne.<\/li>\n<li><b>T\u0142o badawcze:<\/b> Badania koncentruj\u0105 si\u0119 na tym, jak ta zmodyfikowana struktura wp\u0142ywa na powinowactwo wi\u0105zania, czas dzia\u0142ania i profil skutk\u00f3w ubocznych w por\u00f3wnaniu z metylofenidatem. Kto <b>Zamawianie oryginalnych lub podrobionych IMPVP<\/b> Je\u015bli chcesz zainwestowa\u0107 w instrument pochodny, powiniene\u015b sprawdzi\u0107 jego czysto\u015b\u0107, poniewa\u017c rynek oferuje r\u00f3\u017cne i cz\u0119sto nieczyste instrumenty pochodne.<\/li>\n<\/ul>\n<h2><b>Atrakcyjno\u015b\u0107 IMPVP: efekty i zastosowania badawcze<\/b><\/h2>\n<p>Rosn\u0105cy popyt wynika z zapotrzebowania na skuteczny \u015brodek pobudzaj\u0105cy, kt\u00f3ry mo\u017cna \u0142atwo i dyskretnie kupi\u0107 online. U\u017cytkownicy chc\u0105 <b>Najlepsze miejsce do zakupu IMPVP<\/b> Znajd\u017a i wyszukaj specjalnie dla <b>kupi\u0107 prawdziwe lub fa\u0142szywe IMPVP<\/b>, rozpozna\u0107 r\u00f3\u017cnice w jako\u015bci.<\/p>\n<h3><b>Zg\u0142aszane efekty poznawcze i fizyczne<\/b><\/h3>\n<p>Nast\u0119puj\u0105ce efekty zosta\u0142y zaobserwowane w badaniach przedklinicznych i anegdotycznych, podkre\u015blaj\u0105c potrzeb\u0119 stosowania pr\u00f3bek kontrolnych i referencyjnych:<\/p>\n<h4><b>Efekty i korzy\u015bci poznawcze<\/b><\/h4>\n<ul>\n<li><b>Lepsza koncentracja:<\/b> U\u017cytkownicy zg\u0142aszaj\u0105 zwi\u0119kszon\u0105 zdolno\u015b\u0107 koncentracji na zadaniach.<\/li>\n<li><b>Zwi\u0119kszona uwaga:<\/b> Cz\u0119sto opisywana jest zwi\u0119kszona czujno\u015b\u0107 i obecno\u015b\u0107 umys\u0142owa.<\/li>\n<li><b>Jasne my\u015bli:<\/b> U\u017cytkownicy zg\u0142aszaj\u0105 \u201euczucie jasno\u015bci\u201c umys\u0142u, w przeciwie\u0144stwie do niekt\u00f3rych stymulant\u00f3w, kt\u00f3re mog\u0105 prowadzi\u0107 do \u201egonitwy my\u015bli\u201c.<\/li>\n<li><b>Produktywno\u015b\u0107 i motywacja:<\/b> Wielu u\u017cytkownik\u00f3w szuka specjalnie <b>Kup IMPVP online<\/b>, aby czerpa\u0107 korzy\u015bci ze zwi\u0119kszonej produktywno\u015bci i motywacji do pracy.<\/li>\n<\/ul>\n<h4><b>Efekty fizyczne i obserwacje<\/b><\/h4>\n<ul>\n<li><b>Zwi\u0119kszona energia:<\/b> Zauwa\u017calne zmniejszenie zm\u0119czenia i zwi\u0119kszony poziom aktywno\u015bci.<\/li>\n<li><b>Przyjemna stymulacja:<\/b> Efekt fizyczny jest cz\u0119sto opisywany jako umiarkowany i przyjemny.<\/li>\n<li><b>Umiarkowany wzrost cz\u0119sto\u015bci akcji serca:<\/b> Mo\u017ce wyst\u0105pi\u0107 niewielki wzrost cz\u0119sto\u015bci akcji serca i euforia.<\/li>\n<li><b>D\u0142ugotrwa\u0142y efekt:<\/b> Dzia\u0142anie IMPVP jest zazwyczaj <b>3 do 5 godzin<\/b>, dzi\u0119ki czemu idealnie nadaje si\u0119 do d\u0142u\u017cszych sesji badawczych.<\/li>\n<\/ul>\n<h2><b>Dawkowanie, czas trwania i informacje o ryzyku<\/b><\/h2>\n<p>Poniewa\u017c IMPVP jest dost\u0119pny g\u0142\u00f3wnie jako substancja chemiczna do bada\u0144, istniej\u0105 <b>Brak oficjalnych zalece\u0144 dotycz\u0105cych dawkowania do spo\u017cycia przez ludzi<\/b>. <b>Ka\u017cde spo\u017cycie stanowi nieobliczalne ryzyko dla zdrowia.<\/b><\/p>\n<ul>\n<li><b>Wytyczne dotycz\u0105ce dawkowania (tylko do cel\u00f3w badawczych):<\/b> Niekt\u00f3re niepotwierdzone doniesienia sugeruj\u0105 odpowiedzialn\u0105 \u201edawk\u0119\u201c w zakresie od 10 do 30 mg. U\u017cytkownicy, kt\u00f3rzy <b>Kup IMPVP online<\/b>, Nale\u017cy jednak wiedzie\u0107, \u017ce eksperymenty naukowe zawsze rozpoczynaj\u0105 si\u0119 od najni\u017cszej skutecznej dawki w celu zminimalizowania ryzyka.<\/li>\n<li><b>Uwagi dotycz\u0105ce ponownego u\u017cycia:<\/b> Cz\u0119sto <b>Redosing<\/b> (Wielokrotne stosowanie) mo\u017ce nasila\u0107 dzia\u0142ania niepo\u017c\u0105dane, takie jak zwi\u0119kszony stres sercowo-naczyniowy, niepok\u00f3j lub bezsenno\u015b\u0107.<\/li>\n<li><b>Efekty uboczne:<\/b> Nadmierne spo\u017cycie lub zbyt szybkie powt\u00f3rzenie dawki mo\u017ce prowadzi\u0107 do skutk\u00f3w ubocznych, dlatego tak wa\u017cne jest ostro\u017cne obchodzenie si\u0119 z lekiem w laboratorium.<\/li>\n<\/ul>\n<h2><b>Zakupy online: wygoda, r\u00f3\u017cnorodno\u015b\u0107 i legalno\u015b\u0107<\/b><\/h2>\n<p>Zakup IMPVP online oferuje takie korzy\u015bci jak wygoda (dost\u0119pno\u015b\u0107 przez ca\u0142\u0105 dob\u0119) i dyskrecja (anonimowe zamawianie i dyskretna wysy\u0142ka). U\u017cytkownicy mog\u0105 zam\u00f3wi\u0107 <b>IMPVP Por\u00f3wnaj cen\u0119<\/b> oraz mi\u0119dzy ofertami takimi jak <b>Zakup IMPDP online w korzystnej cenie w imieniu klienta<\/b> (przy czym nale\u017cy wzi\u0105\u0107 pod uwag\u0119 zamieszanie mi\u0119dzy instrumentami pochodnymi).<\/p>\n<h3><b>Sytuacja prawna w r\u00f3\u017cnych krajach<\/b><\/h3>\n<p>Sytuacja prawna dotycz\u0105ca IMPVP nie jest znormalizowana.<\/p>\n<ul>\n<li><b>Stan chemiczny bada\u0144:<\/b> W niekt\u00f3rych regionach IMPVP jest nadal u\u017cywany jako <b>Badania chemiczne<\/b> i nie jest wyra\u017anie obj\u0119ty ustaw\u0105 o \u015brodkach odurzaj\u0105cych.<\/li>\n<li><b>Prawa analogowe:<\/b> W wielu krajach (np. w USA i Niemczech za po\u015brednictwem NpSG) mo\u017ce to by\u0107 jednak mo\u017cliwe w ramach <b>Prawa analogowe<\/b> lub <b>Nowa ustawa o substancjach psychoaktywnych<\/b> poniewa\u017c jest on chemicznie powi\u0105zany z substancjami regulowanymi, takimi jak metylofenidat.<\/li>\n<li><b>Obowi\u0105zek prawny:<\/b> Nabywcy musz\u0105 zosta\u0107 poinformowani przed <b>Zam\u00f3w IMPVP online<\/b> nale\u017cy sprawdzi\u0107, czy <b>Kup IMPVP legalnie online<\/b> poniewa\u017c przepisy s\u0105 surowe i szybko si\u0119 zmieniaj\u0105.<\/li>\n<\/ul>\n<h2><b>Zapewnienie jako\u015bci: Jak wybra\u0107 renomowan\u0105 firm\u0119 IMPVP?<\/b><\/h2>\n<p>Poniewa\u017c rynek cz\u0119sto <b>Prawdziwy lub fa\u0142szywy IMPVP na sprzeda\u017c<\/b> Wyb\u00f3r odpowiedniego dostawcy i produktu ma ogromne znaczenie.<\/p>\n<h3><b>Wa\u017cne kryteria bezpiecznego zakupu<\/b><\/h3>\n<p>The <b>Najlepsze miejsce do zakupu IMPVP<\/b>, jest zawsze wyspecjalizowanym dystrybutorem chemikali\u00f3w, kt\u00f3ry oferuje przejrzysto\u015b\u0107 i gwarancj\u0119 jako\u015bci.<\/p>\n<ul>\n<li><b>Czysto\u015b\u0107 i analizy laboratoryjne:<\/b> Kupuj tylko te produkty, dla kt\u00f3rych <b>Analizy laboratoryjne<\/b> (np. GC-MS lub HPLC) w celu potwierdzenia to\u017csamo\u015bci chemicznej i czysto\u015bci.<\/li>\n<li><b>Posta\u0107 dawkowania:<\/b> Zwr\u00f3\u0107 uwag\u0119, czy produkt jest oferowany w postaci proszku, kapsu\u0142ek czy tabletek. Powinno to by\u0107 wyra\u017anie oznaczone.<\/li>\n<li><b>Wiarygodno\u015b\u0107 sprzedawcy:<\/b> The <b>Najlepsze miejsce do zakupu IMPVP<\/b> to dealerzy z wieloletnim do\u015bwiadczeniem w dziedzinie chemii badawczej i pozytywnymi opiniami klient\u00f3w (niezale\u017cne fora lub platformy z recenzjami).<\/li>\n<li><b>Por\u00f3wnanie ceny i jako\u015bci:<\/b> Por\u00f3wnaj <b>Cena IMPVP<\/b>, ale nigdy nie uzale\u017cniaj jako\u015bci od niskiej ceny. Zbyt niska cena to znak ostrzegawczy, \u017ce pr\u00f3bki s\u0105 gorszej jako\u015bci lub zanieczyszczone.<\/li>\n<\/ul>\n<h3><b>Wnioski<\/b><\/h3>\n<p>IMPVP jest silnym stymulantem z klasy fenidat\u00f3w o wielu efektach badawczych, szczeg\u00f3lnie w zakresie jasno\u015bci umys\u0142u i skoncentrowanej energii. Kto <b>Kup IMPVP online<\/b> musz\u0105 sprawdza\u0107 czysto\u015b\u0107, por\u00f3wnywa\u0107 ceny i zamawia\u0107 wy\u0142\u0105cznie z renomowanych \u017ar\u00f3de\u0142 specjalizuj\u0105cych si\u0119 w chemikaliach badawczych, aby zapewni\u0107 integralno\u015b\u0107 bada\u0144 i zgodno\u015b\u0107 z prawem.<\/p>\n<\/div>","protected":false},"excerpt":{"rendered":"<p><strong>IM-PVP<\/strong> to wysoce czysty, syntetyczny zwi\u0105zek, idealny do bada\u0144 chemicznych i farmakologicznych. Dzi\u0119ki stabilnym w\u0142a\u015bciwo\u015bciom i wyj\u0105tkowej jako\u015bci oferuje wiarygodne wyniki innowacyjnych bada\u0144 laboratoryjnych.<\/p>","protected":false},"featured_media":7058,"comment_status":"open","ping_status":"closed","template":"","meta":{"_joinchat":[]},"product_brand":[],"product_cat":[49],"product_tag":[188,1814,1918,1924,1919,1922,1923,1921,1920,248],"class_list":{"0":"post-7011","1":"product","2":"type-product","3":"status-publish","4":"has-post-thumbnail","6":"product_cat-cathinones","7":"product_tag-forschungschemikalien","8":"product_tag-forschungsstoffe-kaufen","9":"product_tag-impvp","10":"product_tag-impvp-chemikalien","11":"product_tag-impvp-kaufen","12":"product_tag-impvp-kristalle","13":"product_tag-impvp-online","14":"product_tag-impvp-pulver","15":"product_tag-impvp-zum-verkauf","16":"product_tag-synthetische-stimulanzien","18":"first","19":"instock","20":"shipping-taxable","21":"purchasable","22":"product-type-variable"},"yoast_head":"<!-- This site is optimized with the Yoast SEO plugin v27.5 - https:\/\/yoast.com\/product\/yoast-seo-wordpress\/ -->\n<title>IM-PVP kaufen | Hochwertige Forschungssubstanz online<\/title>\n<meta name=\"description\" content=\"Entdecken Sie IM-PVP, eine hochreine Substanz f\u00fcr chemische und pharmakologische Forschung. F\u00fcr pr\u00e4zise Analysen in professionellen Laboren geeignet.\" \/>\n<meta name=\"robots\" content=\"index, follow, max-snippet:-1, max-image-preview:large, max-video-preview:-1\" \/>\n<link rel=\"canonical\" href=\"https:\/\/chemgramx.com\/pl\/produkt-1\/kup-impvp-online\/\" \/>\n<meta property=\"og:locale\" content=\"pl_PL\" \/>\n<meta property=\"og:type\" content=\"article\" \/>\n<meta property=\"og:title\" content=\"IM-PVP kaufen | Hochwertige Forschungssubstanz online\" \/>\n<meta property=\"og:description\" content=\"Entdecken Sie IM-PVP, eine hochreine Substanz f\u00fcr chemische und pharmakologische Forschung. F\u00fcr pr\u00e4zise Analysen in professionellen Laboren geeignet.\" \/>\n<meta property=\"og:url\" content=\"https:\/\/chemgramx.com\/pl\/produkt-1\/kup-impvp-online\/\" \/>\n<meta property=\"og:site_name\" content=\"Chemgramx\" \/>\n<meta property=\"article:modified_time\" content=\"2025-11-21T11:13:32+00:00\" \/>\n<meta property=\"og:image\" content=\"https:\/\/chemgramx.com\/wp-content\/uploads\/2025\/11\/impvp.png\" \/>\n\t<meta property=\"og:image:width\" content=\"600\" \/>\n\t<meta property=\"og:image:height\" content=\"400\" \/>\n\t<meta property=\"og:image:type\" content=\"image\/png\" \/>\n<meta name=\"twitter:card\" content=\"summary_large_image\" \/>\n<meta name=\"twitter:label1\" content=\"Szacowany czas czytania\" \/>\n\t<meta name=\"twitter:data1\" content=\"5 minut\" \/>\n<script type=\"application\/ld+json\" class=\"yoast-schema-graph\">{\"@context\":\"https:\\\/\\\/schema.org\",\"@graph\":[{\"@type\":\"WebPage\",\"@id\":\"https:\\\/\\\/chemgramx.com\\\/product\\\/impvp-online-kaufen\\\/\",\"url\":\"https:\\\/\\\/chemgramx.com\\\/product\\\/impvp-online-kaufen\\\/\",\"name\":\"IM-PVP kaufen | Hochwertige Forschungssubstanz online\",\"isPartOf\":{\"@id\":\"https:\\\/\\\/chemgramx.com\\\/#website\"},\"primaryImageOfPage\":{\"@id\":\"https:\\\/\\\/chemgramx.com\\\/product\\\/impvp-online-kaufen\\\/#primaryimage\"},\"image\":{\"@id\":\"https:\\\/\\\/chemgramx.com\\\/product\\\/impvp-online-kaufen\\\/#primaryimage\"},\"thumbnailUrl\":\"https:\\\/\\\/chemgramx.com\\\/wp-content\\\/uploads\\\/2025\\\/11\\\/impvp.png\",\"datePublished\":\"2025-11-21T11:11:34+00:00\",\"dateModified\":\"2025-11-21T11:13:32+00:00\",\"description\":\"Entdecken Sie IM-PVP, eine hochreine Substanz f\u00fcr chemische und pharmakologische Forschung. F\u00fcr pr\u00e4zise Analysen in professionellen Laboren geeignet.\",\"breadcrumb\":{\"@id\":\"https:\\\/\\\/chemgramx.com\\\/product\\\/impvp-online-kaufen\\\/#breadcrumb\"},\"inLanguage\":\"pl-PL\",\"potentialAction\":[{\"@type\":\"ReadAction\",\"target\":[\"https:\\\/\\\/chemgramx.com\\\/product\\\/impvp-online-kaufen\\\/\"]}]},{\"@type\":\"ImageObject\",\"inLanguage\":\"pl-PL\",\"@id\":\"https:\\\/\\\/chemgramx.com\\\/product\\\/impvp-online-kaufen\\\/#primaryimage\",\"url\":\"https:\\\/\\\/chemgramx.com\\\/wp-content\\\/uploads\\\/2025\\\/11\\\/impvp.png\",\"contentUrl\":\"https:\\\/\\\/chemgramx.com\\\/wp-content\\\/uploads\\\/2025\\\/11\\\/impvp.png\",\"width\":600,\"height\":400},{\"@type\":\"BreadcrumbList\",\"@id\":\"https:\\\/\\\/chemgramx.com\\\/product\\\/impvp-online-kaufen\\\/#breadcrumb\",\"itemListElement\":[{\"@type\":\"ListItem\",\"position\":1,\"name\":\"Home\",\"item\":\"https:\\\/\\\/chemgramx.com\\\/\"},{\"@type\":\"ListItem\",\"position\":2,\"name\":\"Shop\",\"item\":\"https:\\\/\\\/chemgramx.com\\\/shop\\\/\"},{\"@type\":\"ListItem\",\"position\":3,\"name\":\"IMPVP Online Kaufen\"}]},{\"@type\":\"WebSite\",\"@id\":\"https:\\\/\\\/chemgramx.com\\\/#website\",\"url\":\"https:\\\/\\\/chemgramx.com\\\/\",\"name\":\"Chemgramx\",\"description\":\"\",\"publisher\":{\"@id\":\"https:\\\/\\\/chemgramx.com\\\/#organization\"},\"potentialAction\":[{\"@type\":\"SearchAction\",\"target\":{\"@type\":\"EntryPoint\",\"urlTemplate\":\"https:\\\/\\\/chemgramx.com\\\/?s={search_term_string}\"},\"query-input\":{\"@type\":\"PropertyValueSpecification\",\"valueRequired\":true,\"valueName\":\"search_term_string\"}}],\"inLanguage\":\"pl-PL\"},{\"@type\":\"Organization\",\"@id\":\"https:\\\/\\\/chemgramx.com\\\/#organization\",\"name\":\"Chemgramx\",\"url\":\"https:\\\/\\\/chemgramx.com\\\/\",\"logo\":{\"@type\":\"ImageObject\",\"inLanguage\":\"pl-PL\",\"@id\":\"https:\\\/\\\/chemgramx.com\\\/#\\\/schema\\\/logo\\\/image\\\/\",\"url\":\"https:\\\/\\\/chemgramx.com\\\/wp-content\\\/uploads\\\/2024\\\/10\\\/final-logo.png\",\"contentUrl\":\"https:\\\/\\\/chemgramx.com\\\/wp-content\\\/uploads\\\/2024\\\/10\\\/final-logo.png\",\"width\":250,\"height\":48,\"caption\":\"Chemgramx\"},\"image\":{\"@id\":\"https:\\\/\\\/chemgramx.com\\\/#\\\/schema\\\/logo\\\/image\\\/\"}}]}<\/script>\n<!-- \/ Yoast SEO plugin. -->","yoast_head_json":{"title":"Kup IM-PVP | Wysokiej jako\u015bci substancja badawcza online","description":"Odkryj IM-PVP, substancj\u0119 o wysokiej czysto\u015bci do bada\u0144 chemicznych i farmakologicznych. Nadaje si\u0119 do precyzyjnych analiz w profesjonalnych laboratoriach.","robots":{"index":"index","follow":"follow","max-snippet":"max-snippet:-1","max-image-preview":"max-image-preview:large","max-video-preview":"max-video-preview:-1"},"canonical":"https:\/\/chemgramx.com\/pl\/produkt-1\/kup-impvp-online\/","og_locale":"pl_PL","og_type":"article","og_title":"IM-PVP kaufen | Hochwertige Forschungssubstanz online","og_description":"Entdecken Sie IM-PVP, eine hochreine Substanz f\u00fcr chemische und pharmakologische Forschung. F\u00fcr pr\u00e4zise Analysen in professionellen Laboren geeignet.","og_url":"https:\/\/chemgramx.com\/pl\/produkt-1\/kup-impvp-online\/","og_site_name":"Chemgramx","article_modified_time":"2025-11-21T11:13:32+00:00","og_image":[{"width":600,"height":400,"url":"https:\/\/chemgramx.com\/wp-content\/uploads\/2025\/11\/impvp.png","type":"image\/png"}],"twitter_card":"summary_large_image","twitter_misc":{"Szacowany czas czytania":"5 minut"},"schema":{"@context":"https:\/\/schema.org","@graph":[{"@type":"WebPage","@id":"https:\/\/chemgramx.com\/product\/impvp-online-kaufen\/","url":"https:\/\/chemgramx.com\/product\/impvp-online-kaufen\/","name":"Kup IM-PVP | Wysokiej jako\u015bci substancja badawcza online","isPartOf":{"@id":"https:\/\/chemgramx.com\/#website"},"primaryImageOfPage":{"@id":"https:\/\/chemgramx.com\/product\/impvp-online-kaufen\/#primaryimage"},"image":{"@id":"https:\/\/chemgramx.com\/product\/impvp-online-kaufen\/#primaryimage"},"thumbnailUrl":"https:\/\/chemgramx.com\/wp-content\/uploads\/2025\/11\/impvp.png","datePublished":"2025-11-21T11:11:34+00:00","dateModified":"2025-11-21T11:13:32+00:00","description":"Odkryj IM-PVP, substancj\u0119 o wysokiej czysto\u015bci do bada\u0144 chemicznych i farmakologicznych. Nadaje si\u0119 do precyzyjnych analiz w profesjonalnych laboratoriach.","breadcrumb":{"@id":"https:\/\/chemgramx.com\/product\/impvp-online-kaufen\/#breadcrumb"},"inLanguage":"pl-PL","potentialAction":[{"@type":"ReadAction","target":["https:\/\/chemgramx.com\/product\/impvp-online-kaufen\/"]}]},{"@type":"ImageObject","inLanguage":"pl-PL","@id":"https:\/\/chemgramx.com\/product\/impvp-online-kaufen\/#primaryimage","url":"https:\/\/chemgramx.com\/wp-content\/uploads\/2025\/11\/impvp.png","contentUrl":"https:\/\/chemgramx.com\/wp-content\/uploads\/2025\/11\/impvp.png","width":600,"height":400},{"@type":"BreadcrumbList","@id":"https:\/\/chemgramx.com\/product\/impvp-online-kaufen\/#breadcrumb","itemListElement":[{"@type":"ListItem","position":1,"name":"Home","item":"https:\/\/chemgramx.com\/"},{"@type":"ListItem","position":2,"name":"Shop","item":"https:\/\/chemgramx.com\/shop\/"},{"@type":"ListItem","position":3,"name":"IMPVP Online Kaufen"}]},{"@type":"WebSite","@id":"https:\/\/chemgramx.com\/#website","url":"https:\/\/chemgramx.com\/","name":"Chemgramx","description":"","publisher":{"@id":"https:\/\/chemgramx.com\/#organization"},"potentialAction":[{"@type":"SearchAction","target":{"@type":"EntryPoint","urlTemplate":"https:\/\/chemgramx.com\/?s={search_term_string}"},"query-input":{"@type":"PropertyValueSpecification","valueRequired":true,"valueName":"search_term_string"}}],"inLanguage":"pl-PL"},{"@type":"Organization","@id":"https:\/\/chemgramx.com\/#organization","name":"Chemgramx","url":"https:\/\/chemgramx.com\/","logo":{"@type":"ImageObject","inLanguage":"pl-PL","@id":"https:\/\/chemgramx.com\/#\/schema\/logo\/image\/","url":"https:\/\/chemgramx.com\/wp-content\/uploads\/2024\/10\/final-logo.png","contentUrl":"https:\/\/chemgramx.com\/wp-content\/uploads\/2024\/10\/final-logo.png","width":250,"height":48,"caption":"Chemgramx"},"image":{"@id":"https:\/\/chemgramx.com\/#\/schema\/logo\/image\/"}}]}},"_links":{"self":[{"href":"https:\/\/chemgramx.com\/pl\/wp-json\/wp\/v2\/product\/7011","targetHints":{"allow":["GET"]}}],"collection":[{"href":"https:\/\/chemgramx.com\/pl\/wp-json\/wp\/v2\/product"}],"about":[{"href":"https:\/\/chemgramx.com\/pl\/wp-json\/wp\/v2\/types\/product"}],"replies":[{"embeddable":true,"href":"https:\/\/chemgramx.com\/pl\/wp-json\/wp\/v2\/comments?post=7011"}],"wp:featuredmedia":[{"embeddable":true,"href":"https:\/\/chemgramx.com\/pl\/wp-json\/wp\/v2\/media\/7058"}],"wp:attachment":[{"href":"https:\/\/chemgramx.com\/pl\/wp-json\/wp\/v2\/media?parent=7011"}],"wp:term":[{"taxonomy":"product_brand","embeddable":true,"href":"https:\/\/chemgramx.com\/pl\/wp-json\/wp\/v2\/product_brand?post=7011"},{"taxonomy":"product_cat","embeddable":true,"href":"https:\/\/chemgramx.com\/pl\/wp-json\/wp\/v2\/product_cat?post=7011"},{"taxonomy":"product_tag","embeddable":true,"href":"https:\/\/chemgramx.com\/pl\/wp-json\/wp\/v2\/product_tag?post=7011"}],"curies":[{"name":"wp","href":"https:\/\/api.w.org\/{rel}","templated":true}]}}