{"id":7012,"date":"2025-11-21T11:11:35","date_gmt":"2025-11-21T11:11:35","guid":{"rendered":"https:\/\/chemgramx.com\/?post_type=product&#038;p=7012"},"modified":"2025-11-21T14:28:34","modified_gmt":"2025-11-21T14:28:34","slug":"kup-md-php-online","status":"publish","type":"product","link":"https:\/\/chemgramx.com\/pl\/product\/md-php-online-kaufen\/","title":{"rendered":"Kup MD-PHP online"},"content":{"rendered":"<p><b>MD-PHP<\/b>, znany chemicznie jako 3\u2032,4\u2032-metylenodioksy-\u03b1-pirolidynoheksiofenon, jest bardzo silnym syntetycznym katynonem, kt\u00f3ry przyci\u0105gn\u0105\u0142 znaczn\u0105 uwag\u0119 w \u015bwiecie bada\u0144 ze wzgl\u0119du na jego podobie\u0144stwa strukturalne do lepiej znanego MDPV. Pierwotnie opracowany w latach sze\u015b\u0107dziesi\u0105tych XX wieku, nale\u017cy do klasy <b>\u03b1-<a href=\"\/product\/a-pvp-alpha-pyrrolidinovalerophenon-online-kaufen\/\">Pirolidynoheksiofenony<\/a><\/b>. Po zaostrzeniu przepis\u00f3w dotycz\u0105cych MDPV w wielu krajach, MD-PHP sta\u0142 si\u0119 poszukiwan\u0105 alternatyw\u0105 w badaniach przedklinicznych. Poszukiwanie mo\u017cliwo\u015bci, <b>Kup MD-PHP online<\/b> lub najlepszy dostawca dla <b>MD-PHP do zakupu<\/b> w zwi\u0105zku z tym gwa\u0142townie wzros\u0142a w Internecie. Ten szczeg\u00f3\u0142owy przewodnik rzuca \u015bwiat\u0142o na sk\u0142ad chemiczny, obserwowane efekty badawcze oraz krytyczne aspekty legalno\u015bci i czysto\u015bci przy zakupie tej substancji chemicznej do bada\u0144.<\/p>\n<h2><b>Chemia stoj\u0105ca za MD-PHP: struktura i spos\u00f3b dzia\u0142ania<\/b><\/h2>\n<p>MD-PHP to <b>\u03b2-ketokatynon<\/b> o wzorze chemicznym <span class=\"math-inline\" data-math=\"C_{17}H_{23}NO_3\">$C_{17}H_{23}NO_3$<\/span>. Nazwa 3\u2032,4\u2032-metylenodioksy-\u03b1-pirolidynoheksiofenon opisuje jego z\u0142o\u017con\u0105 struktur\u0119, kt\u00f3ra \u0142\u0105czy wz\u00f3r metylenodioksy (znany z MDMA) z grup\u0105 pirolidynow\u0105 (znan\u0105 z MDPV).<\/p>\n<h3><b>Klasyfikacja chemiczna i por\u00f3wnanie z innymi stymulantami<\/b><\/h3>\n<p>MD-PHP nale\u017cy do klasy <b>syntetyczne katynony<\/b> i jest bezpo\u015brednim krewnym MDPV (metylenodioksypyrowaleronu).<\/p>\n<ul>\n<li><b>Mechanizm dzia\u0142ania:<\/b> MD-PHP dzia\u0142a jako <b>Inhibitory wychwytu zwrotnego monoamin (MRI)<\/b>, szczeg\u00f3lnie mocno wznowienie <b>Dopamina, noradrenalina i serotonina<\/b> hamuje. W kontek\u015bcie badawczym efekt ten prowadzi do zwi\u0119kszonego st\u0119\u017cenia neuroprzeka\u017anik\u00f3w, co wyja\u015bnia obserwowane w\u0142a\u015bciwo\u015bci stymuluj\u0105ce.<\/li>\n<li><b>w por\u00f3wnaniu do MDPV:<\/b> W por\u00f3wnaniu do MDPV, MD-PHP jest uznawany w wielu badaniach za <b>silniejszy<\/b> z podobnymi, ale prawdopodobnie <b>bardziej intensywny<\/b> efekty badawcze. Ta zwi\u0119kszona si\u0142a dzia\u0142ania jest jednym z g\u0142\u00f3wnych powod\u00f3w, dla kt\u00f3rych badacze szukaj\u0105 <b>Oryginalny lub podrobiony MD-PHP na sprzeda\u017c<\/b> w celu zbadania dok\u0142adnych r\u00f3\u017cnic farmakologicznych.<\/li>\n<\/ul>\n<h2><b>Dlaczego naukowcy chc\u0105 kupowa\u0107 MD-PHP online<\/b><\/h2>\n<p>Popyt na MD-PHP wynika z jego dost\u0119pno\u015bci jako substancji chemicznej do bada\u0144 i naukowego zainteresowania jego moc\u0105. Wiele zainteresowanych stron szuka w\u0142a\u015bnie takich informacji: Gdzie mo\u017cna kupi\u0107 MD-PHP? lub Co to jest MD-PHP? <b>Najlepsze miejsce do zakupu MD-PHP online<\/b>?<\/p>\n<h3><b>Zg\u0142aszane skutki psychiczne i fizyczne<\/b><\/h3>\n<p>Nast\u0119puj\u0105ce efekty zosta\u0142y zaobserwowane w badaniach przedklinicznych i anegdotycznych i wymagaj\u0105 ostro\u017cnego obchodzenia si\u0119 i dok\u0142adnej dokumentacji:<\/p>\n<h4><b>Efekty psychologiczne (parametry bada\u0144 poznawczych)<\/b><\/h4>\n<ul>\n<li><b>Zwi\u0119kszona czujno\u015b\u0107 i koncentracja:<\/b> Substancja ta mo\u017ce zwi\u0119ksza\u0107 uwag\u0119 i skupienie w modelach eksperymentalnych.<\/li>\n<li><b>Euforia i lepsze samopoczucie:<\/b> Wskazuje to na siln\u0105 aktywacj\u0119 uk\u0142adu nagrody w m\u00f3zgu.<\/li>\n<li><b>Otwarto\u015b\u0107 spo\u0142eczna i umiej\u0119tno\u015bci komunikacyjne:<\/b> Obserwacje wskazuj\u0105 na mo\u017cliwy sk\u0142adnik empatogenny, podobny do innych substancji metylenodioksylowych.<\/li>\n<\/ul>\n<h4><b>Efekty fizyczne (obserwacje fizjologiczne)<\/b><\/h4>\n<ul>\n<li><b>Zwi\u0119kszony poziom energii i aktywno\u015bci:<\/b> Cz\u0119sto obserwuje si\u0119 znaczny wzrost aktywno\u015bci fizycznej.<\/li>\n<li><b>T\u0142umienie apetytu:<\/b> Jest to typowy efekt dzia\u0142ania silnych stymulant\u00f3w.<\/li>\n<li><b>Zwi\u0119kszone t\u0119tno i ci\u015bnienie krwi:<\/b> S\u0105 to krytyczne efekty sercowo-naczyniowe, kt\u00f3re wymagaj\u0105 szczeg\u00f3lnej ostro\u017cno\u015bci w badaniach.<\/li>\n<\/ul>\n<p>Raporty pokazuj\u0105, \u017ce u\u017cytkownicy m\u00f3wi\u0105 o zwi\u0119kszonej wydajno\u015bci i zwi\u0119kszonej czujno\u015bci. W\u0142a\u015bciwo\u015bci te sprawiaj\u0105, \u017ce jest to produkt, kt\u00f3ry jest cz\u0119sto niedoceniany. <b>MD-PHP na sprzeda\u017c<\/b> lub <b>Kup MD-PHP tanio online<\/b> jest poszukiwany.<\/p>\n<h2><b>Dawkowanie, czas trwania i aspekty bezpiecze\u0144stwa w badaniach naukowych<\/b><\/h2>\n<p>Poniewa\u017c MD-PHP jest oferowany g\u0142\u00f3wnie jako substancja chemiczna do bada\u0144, <b>Brak oficjalnych zalece\u0144 dotycz\u0105cych dawkowania do spo\u017cycia przez ludzi<\/b>. <b>Ka\u017cde spo\u017cycie stanowi wysokie, nieobliczalne ryzyko dla zdrowia.<\/b><\/p>\n<ul>\n<li><b>Wskaz\u00f3wki dotycz\u0105ce dawkowania:<\/b> U\u017cytkownicy, kt\u00f3rzy <b>Zam\u00f3w MD-PHP online<\/b>, powinny by\u0107 niezwykle ostro\u017cne i <b>zacz\u0105\u0107 od minimalnych dawek<\/b>, do testowania poszczeg\u00f3lnych reakcji w laboratorium. Ze wzgl\u0119du na wysok\u0105 moc MD-PHP, mikrowaga jest niezb\u0119dna do obs\u0142ugi.<\/li>\n<li><b>Czas trwania efekt\u00f3w:<\/b> Efekt dzia\u0142ania MD-PHP mo\u017ce <b>Zatrzymaj si\u0119 na kilka godzin<\/b>.<\/li>\n<li><b>Nale\u017cy zachowa\u0107 ostro\u017cno\u015b\u0107:<\/b> Ze wzgl\u0119du na potencja\u0142 <b>Rozw\u00f3j tolerancji<\/b> i ryzyko wyst\u0105pienia skutk\u00f3w ubocznych, takich jak psychoza, stres sercowy lub bezsenno\u015b\u0107, powinny by\u0107 <b>Unikanie lub znaczne ograniczenie ponownego podawania<\/b> sta\u0107 si\u0119.<\/li>\n<\/ul>\n<h2><b>Proces zakupu: wygoda, legalno\u015b\u0107 i czysto\u015b\u0107<\/b><\/h2>\n<p>Zakup MD-PHP online oferuje takie korzy\u015bci, jak wygoda, dost\u0119pno\u015b\u0107 (aby por\u00f3wna\u0107 ceny i znale\u017a\u0107 najlepsze <b>Cena MD-PHP<\/b> do ustalenia) i dyskrecja. Dla wielu kupuj\u0105cych wa\u017cne jest, aby <b>Najlepsze miejsce do zakupu MD-PHP<\/b> poprzez wyszukiwanie dostawc\u00f3w, kt\u00f3rzy oferuj\u0105 <b>MD-PHP na sprzeda\u017c<\/b> oferta.<\/p>\n<h3><b>Sytuacja prawna MD-PHP<\/b><\/h3>\n<p>Legalno\u015b\u0107 <b>Zam\u00f3w MD-PHP online<\/b> jest z\u0142o\u017cona i bardzo zr\u00f3\u017cnicowana:<\/p>\n<ul>\n<li><b>Niemcy i Europa:<\/b> MD-PHP cz\u0119sto nie jest wyra\u017anie wymieniona w za\u0142\u0105czniku I do BtMG, ale mo\u017ce by\u0107 obj\u0119ta tym za\u0142\u0105cznikiem. <b>Ustawa o nowych substancjach psychoaktywnych (NpSG)<\/b> lub <b>Ustawa o produktach leczniczych<\/b> kt\u00f3ra czyni posiadanie i handel nielegalnymi.<\/li>\n<li><b>Kontrola mi\u0119dzynarodowa:<\/b> Ze wzgl\u0119du na bliski zwi\u0105zek z MDPV i mo\u017cliwo\u015b\u0107 nadu\u017cywania, MD-PHP jest przedmiotem mi\u0119dzynarodowej kontroli.<\/li>\n<\/ul>\n<p>Kto <b>Zamawianie oryginalnych lub podrobionych MD-PHP<\/b> Je\u015bli chcesz to zrobi\u0107, musisz <b>Sprawd\u017a dok\u0142adnie<\/b> i powinien dzia\u0142a\u0107 zgodnie ze wszystkimi lokalnymi przepisami.<\/p>\n<h3><b>Jak wybra\u0107 wysokiej jako\u015bci MD-PHP?<\/b><\/h3>\n<p>Bior\u0105c pod uwag\u0119 zakres <b>Kup prawdziwy lub fa\u0142szywy MD-PHP<\/b> na rynku, kluczowy jest staranny dob\u00f3r produktu.<\/p>\n<ul>\n<li><b>Czysto\u015b\u0107:<\/b> Jest to najwa\u017cniejsze kryterium. Zwr\u00f3\u0107 uwag\u0119 na aktualne, niezale\u017cne <b>Analizy laboratoryjne i certyfikaty (COA)<\/b>, kt\u00f3re potwierdzaj\u0105 to\u017csamo\u015b\u0107 chemiczn\u0105 i czysto\u015b\u0107.<\/li>\n<li><b>Opakowanie:<\/b> Substancja powinna by\u0107 dostarczana w bezpiecznym, szczelnym i chroni\u0105cym przed \u015bwiat\u0142em opakowaniu, aby zapewni\u0107 ochron\u0119 przed zanieczyszczeniem i degradacj\u0105 chemiczn\u0105.<\/li>\n<li><b>Stosunek ceny do wydajno\u015bci:<\/b> Por\u00f3wnaj <b>Cena MD-PHP<\/b> za gram lub dawk\u0119, ale nale\u017cy sceptycznie podchodzi\u0107 do wyj\u0105tkowo niskich cen, poniewa\u017c mo\u017ce to wskazywa\u0107 na brak czysto\u015bci.<\/li>\n<li><b>Wyb\u00f3r dealera:<\/b> The <b>Najlepsze miejsce do zakupu MD-PHP<\/b> to wyspecjalizowani sprzedawcy chemikali\u00f3w o ugruntowanej reputacji i przejrzystych procesach zapewniania jako\u015bci. Sklepy internetowe cz\u0119sto oferuj\u0105 produkty takie jak <b>Kup MD-PHP tanio online<\/b>, S\u0105 one jednak obarczone wy\u017cszym ryzykiem podrabiania.<\/li>\n<\/ul>\n<h2><b>Streszczenie<\/b><\/h2>\n<p>MD-PHP jest silnym syntetycznym stymulantem, kt\u00f3rego efekty badawcze s\u0105 intensywnie badane. Kto <b>Kup MD-PHP online<\/b> lub <b>MD-PHP kupi\u0107 online<\/b> chcia\u0142by u\u017cy\u0107 <b>Czysto\u015b\u0107<\/b> i <b>Legalno\u015b\u0107<\/b> ostro\u017cnie, poniewa\u017c produkt ten wi\u0105\u017ce si\u0119 ze znacznym ryzykiem. Rynek oferuje wiele opcji, ale zakup powinien by\u0107 zawsze dokonywany od godnego zaufania dostawcy z <b>Sprawdzona jako\u015b\u0107<\/b> mie\u0107 miejsce<\/p>","protected":false},"excerpt":{"rendered":"<p><strong>MD-PHP<\/strong> to wysokiej jako\u015bci chemikalia badawcze, idealne do zaawansowanych bada\u0144 chemicznych i farmakologicznych. Opracowany z my\u015bl\u0105 o precyzyjnych analizach i powtarzalnych wynikach.<\/p>","protected":false},"featured_media":7059,"comment_status":"open","ping_status":"closed","template":"","meta":{"_joinchat":[]},"product_brand":[],"product_cat":[49,53],"product_tag":[188,1814,1911,1917,1912,1915,1916,1914,1913,248],"class_list":{"0":"post-7012","1":"product","2":"type-product","3":"status-publish","4":"has-post-thumbnail","6":"product_cat-cathinones","7":"product_cat-dissociatives","8":"product_tag-forschungschemikalien","9":"product_tag-forschungsstoffe-kaufen","10":"product_tag-md-php","11":"product_tag-md-php-chemikalien","12":"product_tag-md-php-kaufen","13":"product_tag-md-php-kristalle","14":"product_tag-md-php-online","15":"product_tag-md-php-pulver","16":"product_tag-md-php-zum-verkauf","17":"product_tag-synthetische-stimulanzien","19":"first","20":"instock","21":"shipping-taxable","22":"purchasable","23":"product-type-variable"},"yoast_head":"<!-- This site is optimized with the Yoast SEO plugin v27.5 - https:\/\/yoast.com\/product\/yoast-seo-wordpress\/ -->\n<title>MD-PHP kaufen | Hochreine Forschungssubstanz online bestellen<\/title>\n<meta name=\"description\" content=\"Erwerben Sie MD-PHP, eine hochwertige Substanz f\u00fcr chemische und pharmakologische Forschung. Perfekt f\u00fcr pr\u00e4zise Analysen in professionellen Laboren.\" \/>\n<meta name=\"robots\" content=\"index, follow, max-snippet:-1, max-image-preview:large, max-video-preview:-1\" \/>\n<link rel=\"canonical\" href=\"https:\/\/chemgramx.com\/pl\/produkt-1\/kup-md-php-online\/\" \/>\n<meta property=\"og:locale\" content=\"pl_PL\" \/>\n<meta property=\"og:type\" content=\"article\" \/>\n<meta property=\"og:title\" content=\"MD-PHP kaufen | Hochreine Forschungssubstanz online bestellen\" \/>\n<meta property=\"og:description\" content=\"Erwerben Sie MD-PHP, eine hochwertige Substanz f\u00fcr chemische und pharmakologische Forschung. Perfekt f\u00fcr pr\u00e4zise Analysen in professionellen Laboren.\" \/>\n<meta property=\"og:url\" content=\"https:\/\/chemgramx.com\/pl\/produkt-1\/kup-md-php-online\/\" \/>\n<meta property=\"og:site_name\" content=\"Chemgramx\" \/>\n<meta property=\"article:modified_time\" content=\"2025-11-21T14:28:34+00:00\" \/>\n<meta property=\"og:image\" content=\"https:\/\/chemgramx.com\/wp-content\/uploads\/2025\/11\/mdphp.png\" \/>\n\t<meta property=\"og:image:width\" content=\"600\" \/>\n\t<meta property=\"og:image:height\" content=\"400\" \/>\n\t<meta property=\"og:image:type\" content=\"image\/png\" \/>\n<meta name=\"twitter:card\" content=\"summary_large_image\" \/>\n<meta name=\"twitter:label1\" content=\"Szacowany czas czytania\" \/>\n\t<meta name=\"twitter:data1\" content=\"4 minuty\" \/>\n<script type=\"application\/ld+json\" class=\"yoast-schema-graph\">{\"@context\":\"https:\\\/\\\/schema.org\",\"@graph\":[{\"@type\":\"WebPage\",\"@id\":\"https:\\\/\\\/chemgramx.com\\\/product\\\/md-php-online-kaufen\\\/\",\"url\":\"https:\\\/\\\/chemgramx.com\\\/product\\\/md-php-online-kaufen\\\/\",\"name\":\"MD-PHP kaufen | Hochreine Forschungssubstanz online bestellen\",\"isPartOf\":{\"@id\":\"https:\\\/\\\/chemgramx.com\\\/#website\"},\"primaryImageOfPage\":{\"@id\":\"https:\\\/\\\/chemgramx.com\\\/product\\\/md-php-online-kaufen\\\/#primaryimage\"},\"image\":{\"@id\":\"https:\\\/\\\/chemgramx.com\\\/product\\\/md-php-online-kaufen\\\/#primaryimage\"},\"thumbnailUrl\":\"https:\\\/\\\/chemgramx.com\\\/wp-content\\\/uploads\\\/2025\\\/11\\\/mdphp.png\",\"datePublished\":\"2025-11-21T11:11:35+00:00\",\"dateModified\":\"2025-11-21T14:28:34+00:00\",\"description\":\"Erwerben Sie MD-PHP, eine hochwertige Substanz f\u00fcr chemische und pharmakologische Forschung. Perfekt f\u00fcr pr\u00e4zise Analysen in professionellen Laboren.\",\"breadcrumb\":{\"@id\":\"https:\\\/\\\/chemgramx.com\\\/product\\\/md-php-online-kaufen\\\/#breadcrumb\"},\"inLanguage\":\"pl-PL\",\"potentialAction\":[{\"@type\":\"ReadAction\",\"target\":[\"https:\\\/\\\/chemgramx.com\\\/product\\\/md-php-online-kaufen\\\/\"]}]},{\"@type\":\"ImageObject\",\"inLanguage\":\"pl-PL\",\"@id\":\"https:\\\/\\\/chemgramx.com\\\/product\\\/md-php-online-kaufen\\\/#primaryimage\",\"url\":\"https:\\\/\\\/chemgramx.com\\\/wp-content\\\/uploads\\\/2025\\\/11\\\/mdphp.png\",\"contentUrl\":\"https:\\\/\\\/chemgramx.com\\\/wp-content\\\/uploads\\\/2025\\\/11\\\/mdphp.png\",\"width\":600,\"height\":400},{\"@type\":\"BreadcrumbList\",\"@id\":\"https:\\\/\\\/chemgramx.com\\\/product\\\/md-php-online-kaufen\\\/#breadcrumb\",\"itemListElement\":[{\"@type\":\"ListItem\",\"position\":1,\"name\":\"Home\",\"item\":\"https:\\\/\\\/chemgramx.com\\\/\"},{\"@type\":\"ListItem\",\"position\":2,\"name\":\"Shop\",\"item\":\"https:\\\/\\\/chemgramx.com\\\/shop\\\/\"},{\"@type\":\"ListItem\",\"position\":3,\"name\":\"MD-PHP Online Kaufen\"}]},{\"@type\":\"WebSite\",\"@id\":\"https:\\\/\\\/chemgramx.com\\\/#website\",\"url\":\"https:\\\/\\\/chemgramx.com\\\/\",\"name\":\"Chemgramx\",\"description\":\"\",\"publisher\":{\"@id\":\"https:\\\/\\\/chemgramx.com\\\/#organization\"},\"potentialAction\":[{\"@type\":\"SearchAction\",\"target\":{\"@type\":\"EntryPoint\",\"urlTemplate\":\"https:\\\/\\\/chemgramx.com\\\/?s={search_term_string}\"},\"query-input\":{\"@type\":\"PropertyValueSpecification\",\"valueRequired\":true,\"valueName\":\"search_term_string\"}}],\"inLanguage\":\"pl-PL\"},{\"@type\":\"Organization\",\"@id\":\"https:\\\/\\\/chemgramx.com\\\/#organization\",\"name\":\"Chemgramx\",\"url\":\"https:\\\/\\\/chemgramx.com\\\/\",\"logo\":{\"@type\":\"ImageObject\",\"inLanguage\":\"pl-PL\",\"@id\":\"https:\\\/\\\/chemgramx.com\\\/#\\\/schema\\\/logo\\\/image\\\/\",\"url\":\"https:\\\/\\\/chemgramx.com\\\/wp-content\\\/uploads\\\/2024\\\/10\\\/final-logo.png\",\"contentUrl\":\"https:\\\/\\\/chemgramx.com\\\/wp-content\\\/uploads\\\/2024\\\/10\\\/final-logo.png\",\"width\":250,\"height\":48,\"caption\":\"Chemgramx\"},\"image\":{\"@id\":\"https:\\\/\\\/chemgramx.com\\\/#\\\/schema\\\/logo\\\/image\\\/\"}}]}<\/script>\n<!-- \/ Yoast SEO plugin. -->","yoast_head_json":{"title":"Kup MD-PHP | Zam\u00f3w wysokiej czysto\u015bci substancj\u0119 badawcz\u0105 online","description":"Kup MD-PHP, wysokiej jako\u015bci substancj\u0119 do bada\u0144 chemicznych i farmakologicznych. Idealna do precyzyjnych analiz w profesjonalnych laboratoriach.","robots":{"index":"index","follow":"follow","max-snippet":"max-snippet:-1","max-image-preview":"max-image-preview:large","max-video-preview":"max-video-preview:-1"},"canonical":"https:\/\/chemgramx.com\/pl\/produkt-1\/kup-md-php-online\/","og_locale":"pl_PL","og_type":"article","og_title":"MD-PHP kaufen | Hochreine Forschungssubstanz online bestellen","og_description":"Erwerben Sie MD-PHP, eine hochwertige Substanz f\u00fcr chemische und pharmakologische Forschung. Perfekt f\u00fcr pr\u00e4zise Analysen in professionellen Laboren.","og_url":"https:\/\/chemgramx.com\/pl\/produkt-1\/kup-md-php-online\/","og_site_name":"Chemgramx","article_modified_time":"2025-11-21T14:28:34+00:00","og_image":[{"width":600,"height":400,"url":"https:\/\/chemgramx.com\/wp-content\/uploads\/2025\/11\/mdphp.png","type":"image\/png"}],"twitter_card":"summary_large_image","twitter_misc":{"Szacowany czas czytania":"4 minuty"},"schema":{"@context":"https:\/\/schema.org","@graph":[{"@type":"WebPage","@id":"https:\/\/chemgramx.com\/product\/md-php-online-kaufen\/","url":"https:\/\/chemgramx.com\/product\/md-php-online-kaufen\/","name":"Kup MD-PHP | Zam\u00f3w wysokiej czysto\u015bci substancj\u0119 badawcz\u0105 online","isPartOf":{"@id":"https:\/\/chemgramx.com\/#website"},"primaryImageOfPage":{"@id":"https:\/\/chemgramx.com\/product\/md-php-online-kaufen\/#primaryimage"},"image":{"@id":"https:\/\/chemgramx.com\/product\/md-php-online-kaufen\/#primaryimage"},"thumbnailUrl":"https:\/\/chemgramx.com\/wp-content\/uploads\/2025\/11\/mdphp.png","datePublished":"2025-11-21T11:11:35+00:00","dateModified":"2025-11-21T14:28:34+00:00","description":"Kup MD-PHP, wysokiej jako\u015bci substancj\u0119 do bada\u0144 chemicznych i farmakologicznych. Idealna do precyzyjnych analiz w profesjonalnych laboratoriach.","breadcrumb":{"@id":"https:\/\/chemgramx.com\/product\/md-php-online-kaufen\/#breadcrumb"},"inLanguage":"pl-PL","potentialAction":[{"@type":"ReadAction","target":["https:\/\/chemgramx.com\/product\/md-php-online-kaufen\/"]}]},{"@type":"ImageObject","inLanguage":"pl-PL","@id":"https:\/\/chemgramx.com\/product\/md-php-online-kaufen\/#primaryimage","url":"https:\/\/chemgramx.com\/wp-content\/uploads\/2025\/11\/mdphp.png","contentUrl":"https:\/\/chemgramx.com\/wp-content\/uploads\/2025\/11\/mdphp.png","width":600,"height":400},{"@type":"BreadcrumbList","@id":"https:\/\/chemgramx.com\/product\/md-php-online-kaufen\/#breadcrumb","itemListElement":[{"@type":"ListItem","position":1,"name":"Home","item":"https:\/\/chemgramx.com\/"},{"@type":"ListItem","position":2,"name":"Shop","item":"https:\/\/chemgramx.com\/shop\/"},{"@type":"ListItem","position":3,"name":"MD-PHP Online Kaufen"}]},{"@type":"WebSite","@id":"https:\/\/chemgramx.com\/#website","url":"https:\/\/chemgramx.com\/","name":"Chemgramx","description":"","publisher":{"@id":"https:\/\/chemgramx.com\/#organization"},"potentialAction":[{"@type":"SearchAction","target":{"@type":"EntryPoint","urlTemplate":"https:\/\/chemgramx.com\/?s={search_term_string}"},"query-input":{"@type":"PropertyValueSpecification","valueRequired":true,"valueName":"search_term_string"}}],"inLanguage":"pl-PL"},{"@type":"Organization","@id":"https:\/\/chemgramx.com\/#organization","name":"Chemgramx","url":"https:\/\/chemgramx.com\/","logo":{"@type":"ImageObject","inLanguage":"pl-PL","@id":"https:\/\/chemgramx.com\/#\/schema\/logo\/image\/","url":"https:\/\/chemgramx.com\/wp-content\/uploads\/2024\/10\/final-logo.png","contentUrl":"https:\/\/chemgramx.com\/wp-content\/uploads\/2024\/10\/final-logo.png","width":250,"height":48,"caption":"Chemgramx"},"image":{"@id":"https:\/\/chemgramx.com\/#\/schema\/logo\/image\/"}}]}},"_links":{"self":[{"href":"https:\/\/chemgramx.com\/pl\/wp-json\/wp\/v2\/product\/7012","targetHints":{"allow":["GET"]}}],"collection":[{"href":"https:\/\/chemgramx.com\/pl\/wp-json\/wp\/v2\/product"}],"about":[{"href":"https:\/\/chemgramx.com\/pl\/wp-json\/wp\/v2\/types\/product"}],"replies":[{"embeddable":true,"href":"https:\/\/chemgramx.com\/pl\/wp-json\/wp\/v2\/comments?post=7012"}],"wp:featuredmedia":[{"embeddable":true,"href":"https:\/\/chemgramx.com\/pl\/wp-json\/wp\/v2\/media\/7059"}],"wp:attachment":[{"href":"https:\/\/chemgramx.com\/pl\/wp-json\/wp\/v2\/media?parent=7012"}],"wp:term":[{"taxonomy":"product_brand","embeddable":true,"href":"https:\/\/chemgramx.com\/pl\/wp-json\/wp\/v2\/product_brand?post=7012"},{"taxonomy":"product_cat","embeddable":true,"href":"https:\/\/chemgramx.com\/pl\/wp-json\/wp\/v2\/product_cat?post=7012"},{"taxonomy":"product_tag","embeddable":true,"href":"https:\/\/chemgramx.com\/pl\/wp-json\/wp\/v2\/product_tag?post=7012"}],"curies":[{"name":"wp","href":"https:\/\/api.w.org\/{rel}","templated":true}]}}