{"id":7216,"date":"2025-11-21T11:13:35","date_gmt":"2025-11-21T11:13:35","guid":{"rendered":"https:\/\/chemgramx.com\/?post_type=product&#038;p=7216"},"modified":"2025-12-09T08:01:23","modified_gmt":"2025-12-09T08:01:23","slug":"kupic-1b-lsd-125mcg-blotters-online","status":"publish","type":"product","link":"https:\/\/chemgramx.com\/pl\/product\/1b-lsd-125mcg-blotters-online-kaufen\/","title":{"rendered":"Kup blottery 1B-LSD 125mcg online"},"content":{"rendered":"<p>The <b>1B-LSD 125mcg Blotters<\/b> stanowi\u0105 wysoce czyst\u0105 i precyzyjnie dozowan\u0105 posta\u0107 dawkowania <b>dietyloamid kwasu lizergowego 1B<\/b> reprezentuj\u0105. Produkt ten zosta\u0142 opracowany specjalnie z my\u015bl\u0105 o rygorystycznych wymaganiach <b>kwalifikowane projekty badawcze i analizy naukowe<\/b> opracowany. Jest to wysokiej jako\u015bci odczynnik, kt\u00f3ry umo\u017cliwia precyzyjn\u0105 obs\u0142ug\u0119 i stosowanie w kontrolowanych warunkach laboratoryjnych. Skupiamy si\u0119 tutaj wy\u0142\u0105cznie na naukowym badaniu chemicznych, fizycznych i analitycznych w\u0142a\u015bciwo\u015bci substancji.<\/p>\n<p>Bibu\u0142y s\u0105 idealnym wyborem dla instytucji badawczych i uniwersytet\u00f3w, kt\u00f3re wymagaj\u0105 najwy\u017cszych standard\u00f3w jako\u015bci. <b>Precyzja, czysto\u015b\u0107 i sp\u00f3jno\u015b\u0107 partii<\/b> miejsce. Z gwarantowan\u0105 dawk\u0105 <b>125 mikrogram\u00f3w (mcg) na bibu\u0142k\u0119<\/b> zapewnia powtarzalny punkt wyj\u015bcia do szczeg\u00f3\u0142owych bada\u0144 i por\u00f3wna\u0144 dawkowania. Ten materia\u0142 jest \u015bci\u015ble <b>nie do spo\u017cycia przez ludzi lub zwierz\u0119ta<\/b> i mo\u017ce by\u0107 u\u017cywany wy\u0142\u0105cznie przez wykwalifikowany personel zgodnie ze wszystkimi przepisami bezpiecze\u0144stwa i przepisami prawa.<\/p>\n<h2>Szczeg\u00f3\u0142owe informacje i specyfikacje produktu<\/h2>\n<p>Aby osi\u0105gn\u0105\u0107 wiarygodne wyniki w badaniach naukowych, dok\u0142adna specyfikacja u\u017cytego materia\u0142u ma ogromne znaczenie. Nasze bibu\u0142y 1B-LSD spe\u0142niaj\u0105 najwy\u017csze standardy analityczne, aby zapewni\u0107 integralno\u015b\u0107 bada\u0144.<\/p>\n<h3>Specyfikacje analityczne materia\u0142u badawczego<\/h3>\n<ul>\n<li><b>Oznaczenie substancji:<\/b> dietyloamid kwasu 1B-lizergowego (cz\u0119sto w skr\u00f3cie 1B-LSD).<\/li>\n<li><b>Wz\u00f3r chemiczny:<\/b> Dok\u0142adna struktura chemiczna jest niezb\u0119dna do klasyfikacji naukowej i jest ujawniana przy dostawie.<\/li>\n<li><b>Posta\u0107 dawkowania:<\/b> Precyzyjnie przyci\u0119te bibu\u0142y u\u0142atwiaj\u0105 obs\u0142ug\u0119 i dokumentacj\u0119.<\/li>\n<li><b>Dawkowanie:<\/b> <b>125mcg na bibu\u0142k\u0119<\/b> z minimalnym odchyleniem <span class=\"math-inline\" data-math=\"pm 5text{mcg}\">$pm 5text{mcg}$<\/span>. Gwarantuje to niezwykle jednolit\u0105 i kontrolowan\u0105 ilo\u015b\u0107 sk\u0142adnika aktywnego.<\/li>\n<li><b>Stopie\u0144 czysto\u015bci:<\/b> Gwarantowane <b><span class=\"math-inline\" data-math=\"geq 98%\">$geq 98%$<\/span> Czysto\u015b\u0107<\/b> substancji czynnej, <b>testowane przy u\u017cyciu wysokosprawnej chromatografii cieczowej (HPLC)<\/b>. Tylko tak wysoki poziom czysto\u015bci pozwala na wyci\u0105gni\u0119cie prawid\u0142owych wniosk\u00f3w naukowych.<\/li>\n<li><b>Stabilno\u015b\u0107:<\/b> Produkt jest stabilny przez d\u0142ugi czas, je\u015bli jest prawid\u0142owo przechowywany, chroniony przed \u015bwiat\u0142em i w ch\u0142odnym miejscu.<\/li>\n<li><b>Dokumentacja:<\/b> Ka\u017cdej dostawie towarzyszy <b>Kompletny certyfikat analizy<\/b> co potwierdza czysto\u015b\u0107, st\u0119\u017cenie i sp\u00f3jno\u015b\u0107 partii.<\/li>\n<\/ul>\n<h3>Cechy jako\u015bciowe zapewniaj\u0105ce doskona\u0142o\u015b\u0107 naukow\u0105<\/h3>\n<p>Przydatno\u015b\u0107 do cel\u00f3w badawczych opiera si\u0119 na \u015bcis\u0142ej zgodno\u015bci z kryteriami jako\u015bci, kt\u00f3re wykraczaj\u0105 poza standardow\u0105 jako\u015b\u0107 handlow\u0105:<\/p>\n<ol start=\"1\">\n<li><b>Precyzyjna kontrola dozowania:<\/b> R\u00f3wnomierne rozprowadzenie aktywnego sk\u0142adnika na bibule jest zapewnione dzi\u0119ki specjalnym procesom. Ma to kluczowe znaczenie dla <b>Badania dawkowania<\/b>, gdzie dok\u0142adna zastosowana ilo\u015b\u0107 musi by\u0107 znana.<\/li>\n<li><b>Dokumentacja analityczna:<\/b> Dostarczenie pe\u0142nych danych na temat <b>Sp\u00f3jno\u015b\u0107 partii<\/b> oraz <b>Czysto\u015b\u0107 analityczna<\/b> umo\u017cliwia badaczom udowodnienie jako\u015bci materia\u0142u w ich badaniach.<\/li>\n<li><b>Powtarzalna jako\u015b\u0107:<\/b> \u015acis\u0142e protoko\u0142y produkcyjne zapewniaj\u0105, \u017ce <b>Jako\u015b\u0107 ka\u017cdej partii<\/b> powtarzalno\u015b\u0107. Jest to podstawa wiarygodnych bada\u0144 d\u0142ugoterminowych i por\u00f3wna\u0144 mi\u0119dzy r\u00f3\u017cnymi grupami badawczymi.<\/li>\n<li><b>Kompleksowe dane dotycz\u0105ce stabilno\u015bci:<\/b> Udokumentowane informacje o okresie przechowywania pomagaj\u0105 laboratoriom w przechowywaniu i planowaniu projekt\u00f3w badawczych w d\u0142u\u017cszych okresach czasu.<\/li>\n<\/ol>\n<h2>Zastosowania badawcze i znaczenie analityczne<\/h2>\n<p>Bibu\u0142ki 1B-LSD 125mcg s\u0105 cennym narz\u0119dziem w r\u00f3\u017cnych dyscyplinach chemii analitycznej i farmakologii. Ich zastosowanie jest \u015bci\u015ble ograniczone do generowania nowej wiedzy naukowej.<\/p>\n<h3>Mo\u017cliwe obszary zastosowa\u0144 w plac\u00f3wkach badawczych<\/h3>\n<ul>\n<li><b>Szczeg\u00f3\u0142owe badania dawkowania:<\/b> Precyzyjne dozowanie bibu\u0142y umo\u017cliwia dok\u0142adne <b>Zastosowanie sk\u0142adnik\u00f3w aktywnych<\/b> w ramach <i>In vitro<\/i>-modeli lub do kalibracji przyrz\u0105d\u00f3w pomiarowych.<\/li>\n<li><b>Badania stabilno\u015bci i przechowywanie:<\/b> Badanie <b>Testy trwa\u0142o\u015bci<\/b> w r\u00f3\u017cnych warunkach \u015brodowiskowych (\u015bwiat\u0142o, temperatura, wilgotno\u015b\u0107) w celu zbadania kinetyki degradacji substancji.<\/li>\n<li><b>Analizy por\u00f3wnawcze:<\/b> Zastosowanie jako standard odniesienia dla <b>Por\u00f3wnanie metod<\/b> nowe techniki analityczne (np. spektrometria mas lub chromatografia cienkowarstwowa) do wykrywania i ilo\u015bciowego oznaczania pochodnych kwasu lizergowego.<\/li>\n<li><b>W\u0142a\u015bciwo\u015bci materia\u0142u i charakterystyka fizyczna:<\/b> Badanie <b>w\u0142a\u015bciwo\u015bci fizyczne<\/b> substancji na materiale no\u015bnika (np. rozpuszczalno\u015b\u0107, profile uwalniania).<\/li>\n<li><b>Metabolizm i badania nad metabolitami:<\/b> Badanie proces\u00f3w konwersji 1B-LSD do jego metabolit\u00f3w w <i>In vitro<\/i>-systemy.<\/li>\n<\/ul>\n<h2>Bezpiecze\u0144stwo, zgodno\u015b\u0107 z przepisami i przechowywanie<\/h2>\n<p>Obs\u0142uga chemikali\u00f3w badawczych wymaga najwy\u017cszej staranno\u015bci i \u015bcis\u0142ego przestrzegania wszystkich przepis\u00f3w prawnych. Bezpiecze\u0144stwo pracownik\u00f3w i zgodno\u015b\u0107 z przepisami s\u0105 naszym najwy\u017cszym priorytetem.<\/p>\n<h3>Wa\u017cne \u015brodki ostro\u017cno\u015bci w laboratorium<\/h3>\n<ul>\n<li><b>Wy\u0142\u0105cznie do cel\u00f3w badawczych:<\/b> Nale\u017cy wyra\u017anie zaznaczy\u0107, \u017ce ten produkt <b>brak innego zastosowania<\/b> ni\u017c analiza naukowa okre\u015blona w protokole badania.<\/li>\n<li><b>Zgodno\u015b\u0107 z warunkami laboratoryjnymi:<\/b> Obs\u0142uga bibu\u0142y musi <b>wy\u0142\u0105cznie w kontrolowanych pomieszczeniach laboratoryjnych przeznaczonych do tego celu<\/b> mie\u0107 miejsce.<\/li>\n<li><b>Odpowiedni sprz\u0119t ochronny:<\/b> Wykwalifikowany personel musi by\u0107 zawsze <b>Odpowiednia odzie\u017c ochronna<\/b> (r\u0119kawice, fartuch laboratoryjny, ochrona oczu), aby unikn\u0105\u0107 bezpo\u015bredniego kontaktu z substancj\u0105 o wysokiej czysto\u015bci.<\/li>\n<li><b>Zgodno\u015b\u0107 z prawem:<\/b> Kupuj\u0105cy jest zobowi\u0105zany do <b>lokalne, krajowe i mi\u0119dzynarodowe przepisy i regulacje<\/b> w odniesieniu do zakupu, przechowywania i stosowania pochodnych kwasu lizergowego.<\/li>\n<\/ul>\n<h3>Zoptymalizowane przechowywanie i obs\u0142uga w celu zapewnienia jako\u015bci<\/h3>\n<p>Stabilno\u015b\u0107 pochodnych kwasu lizergowego ma kluczowe znaczenie dla integralno\u015bci bada\u0144. W\u0142a\u015bciwe przechowywanie maksymalizuje trwa\u0142o\u015b\u0107 i czysto\u015b\u0107 blotter\u00f3w 1B-LSD:<\/p>\n<ul>\n<li><b>Kontrola temperatury:<\/b> Idealnym miejscem do przechowywania jest lod\u00f3wka\u00a0<b> 28.C<\/b><\/li>\n<li><b>Kontrola wilgotno\u015bci:<\/b> Materia\u0142 musi <b>suchy<\/b> by\u0107 przechowywane (<span class=\"math-inline\" data-math=\"&lt;60%\">&lt;60<\/span>\u00a0wilgotno\u015b\u0107).<\/li>\n<li><b>Ochrona przed \u015bwiat\u0142em:<\/b> Bibu\u0142ki musz\u0105 <b>od bezpo\u015bredniego \u015bwiat\u0142a s\u0142onecznego<\/b> i silnego \u015bwiat\u0142a (najlepiej w folii aluminiowej lub ciemnych pojemnikach).<\/li>\n<li><b>Oryginalne opakowanie:<\/b> Bibu\u0142ki powinny by\u0107 u\u017cywane do momentu ich u\u017cycia w <b>Oryginalne opakowanie<\/b> aby zminimalizowa\u0107 zanieczyszczenie i wp\u0142yw \u015brodowiska.<\/li>\n<\/ul>\n<h2>Informacje o zam\u00f3wieniu i warunki zakupu<\/h2>\n<p>Zakup bibu\u0142ek 1B-LSD podlega rygorystycznym zasadom <b>Wymagania dotycz\u0105ce zam\u00f3wienia<\/b> w celu zapewnienia wy\u0142\u0105cznego wykorzystania w badaniach naukowych.<\/p>\n<h3>Ilo\u015bci dost\u0119pne dla projekt\u00f3w badawczych<\/h3>\n<p>Oferujemy elastyczne ilo\u015bci, kt\u00f3re spe\u0142niaj\u0105 r\u00f3\u017cne potrzeby laboratori\u00f3w i instytut\u00f3w badawczych:<\/p>\n<ul>\n<li><b>Ma\u0142e opakowanie:<\/b> 10 bibu\u0142ek - idealne do bada\u0144 pilota\u017cowych lub opracowywania metod.<\/li>\n<li><b>Standardowe opakowanie:<\/b> 25 Blotter - dla bie\u017c\u0105cych, mniejszych projekt\u00f3w.<\/li>\n<li><b>Opakowanie zbiorcze:<\/b> 100 bibu\u0142ek - odpowiednie do bardziej rozbudowanych analiz.<\/li>\n<li><b>Opakowanie zbiorcze do bada\u0144:<\/b> 250 bibu\u0142ek - dla du\u017cych konsorcj\u00f3w badawczych i bada\u0144 d\u0142ugoterminowych.<\/li>\n<\/ul>\n<h3>Niezb\u0119dne wymagania dotycz\u0105ce zam\u00f3wienia<\/h3>\n<ol start=\"1\">\n<li><b>Dow\u00f3d organizacji badawczej:<\/b> Zam\u00f3wienie musi zosta\u0107 z\u0142o\u017cone przez akredytowanego <b>Instytucja badawcza, uniwersytet lub certyfikowane laboratorium analityczne<\/b> mie\u0107 miejsce.<\/li>\n<li><b>Opis zamierzonego zastosowania:<\/b> Kupuj\u0105cy musi dostarczy\u0107 kr\u00f3tk\u0105, pisemn\u0105 <b><a href=\"\/product\/afghani-dara-i-suf-hash-kaufen\/\">Opis<\/a> projekt badawczy<\/b> kt\u00f3ry szczeg\u00f3\u0142owo opisuje planowane u\u017cycie substancji.<\/li>\n<li><b>Potwierdzenie wiedzy na temat bezpiecze\u0144stwa:<\/b> Formalny <b>Potwierdzenie protoko\u0142\u00f3w bezpiecze\u0144stwa<\/b> i wymagane s\u0105 kwalifikacje personelu.<\/li>\n<\/ol>\n<h2>Informacja prawna<\/h2>\n<p>Ten wysoce czysty materia\u0142 badawczy jest <b>wy\u0142\u0105cznie do cel\u00f3w badawczych<\/b> zastrze\u017cenia. Kupuj\u0105c i przyjmuj\u0105c dostaw\u0119 blotter\u00f3w 1B-LSD 125mcg, nabywca potwierdza, \u017ce nieodwo\u0142alnie uznaje i przestrzega nast\u0119puj\u0105cych punkt\u00f3w:<\/p>\n<ul>\n<li>Wy\u0142\u0105czne stosowanie substancji ma miejsce w <b>legalne, kontrolowane \u015brodowiska badawcze<\/b> zamiast tego.<\/li>\n<li>The <b>Zgodno\u015b\u0107 ze wszystkimi obowi\u0105zuj\u0105cymi przepisami i regulacjami<\/b> zagwarantowane jest przestrzeganie odpowiednich przepis\u00f3w krajowych dotycz\u0105cych nowych substancji psychoaktywnych i chemikali\u00f3w badawczych.<\/li>\n<li>The <b>Wdro\u017cenie odpowiednich \u015brodk\u00f3w bezpiecze\u0144stwa<\/b> w celu ochrony personelu i zapobiegania niew\u0142a\u015bciwemu u\u017cyciu.<\/li>\n<li>The <b>Zakaz nieautoryzowanego u\u017cytkowania<\/b>, w tym spo\u017cycie przez ludzi lub zwierz\u0119ta, jest \u015bci\u015ble przestrzegane.<\/li>\n<\/ul>","protected":false},"excerpt":{"rendered":"<p>Kup bibu\u0142ki 1B-LSD 125mcg: Chemikalia badawcze w precyzyjnie dozowanych bibu\u0142kach do pracy naukowej. Wy\u0142\u0105cznie do cel\u00f3w badawczych w \u015brodowiskach laboratoryjnych.<\/p>","protected":false},"featured_media":7242,"comment_status":"open","ping_status":"closed","template":"","meta":{"_joinchat":[]},"product_brand":[],"product_cat":[43,55],"product_tag":[],"class_list":{"0":"post-7216","1":"product","2":"type-product","3":"status-publish","4":"has-post-thumbnail","6":"product_cat-chemgramx","7":"product_cat-lysergamides","9":"first","10":"instock","11":"shipping-taxable","12":"purchasable","13":"product-type-variable"},"yoast_head":"<!-- This site is optimized with the Yoast SEO plugin v27.5 - https:\/\/yoast.com\/product\/yoast-seo-wordpress\/ -->\n<title>1B-LSD Blotters Kaufen | 125mcg | Research Chemical Chemgramx<\/title>\n<meta name=\"description\" content=\"1B-LSD 125mcg Blotters kaufen - Forschungschemikalie in Blotter-Form. F\u00fcr wissenschaftliche Analysen. Laborgepr\u00fcft &amp; diskret.\" \/>\n<meta name=\"robots\" content=\"index, follow, max-snippet:-1, max-image-preview:large, max-video-preview:-1\" \/>\n<link rel=\"canonical\" href=\"https:\/\/chemgramx.com\/pl\/produkt-1\/kupic-1b-lsd-125mcg-blotters-online\/\" \/>\n<meta property=\"og:locale\" content=\"pl_PL\" \/>\n<meta property=\"og:type\" content=\"article\" \/>\n<meta property=\"og:title\" content=\"1B-LSD Blotters Kaufen | 125mcg | Research Chemical Chemgramx\" \/>\n<meta property=\"og:description\" content=\"1B-LSD 125mcg Blotters kaufen - Forschungschemikalie in Blotter-Form. F\u00fcr wissenschaftliche Analysen. Laborgepr\u00fcft &amp; diskret.\" \/>\n<meta property=\"og:url\" content=\"https:\/\/chemgramx.com\/pl\/produkt-1\/kupic-1b-lsd-125mcg-blotters-online\/\" \/>\n<meta property=\"og:site_name\" content=\"Chemgramx\" \/>\n<meta property=\"article:modified_time\" content=\"2025-12-09T08:01:23+00:00\" \/>\n<meta property=\"og:image\" content=\"https:\/\/chemgramx.com\/wp-content\/uploads\/2025\/11\/1b-lsd-125-mcg-blotters-chem-store-online.png\" \/>\n\t<meta property=\"og:image:width\" content=\"671\" \/>\n\t<meta property=\"og:image:height\" content=\"568\" \/>\n\t<meta property=\"og:image:type\" content=\"image\/png\" \/>\n<meta name=\"twitter:card\" content=\"summary_large_image\" \/>\n<meta name=\"twitter:label1\" content=\"Szacowany czas czytania\" \/>\n\t<meta name=\"twitter:data1\" content=\"5 minut\" \/>\n<script type=\"application\/ld+json\" class=\"yoast-schema-graph\">{\"@context\":\"https:\\\/\\\/schema.org\",\"@graph\":[{\"@type\":\"WebPage\",\"@id\":\"https:\\\/\\\/chemgramx.com\\\/product\\\/1b-lsd-125mcg-blotters-online-kaufen\\\/\",\"url\":\"https:\\\/\\\/chemgramx.com\\\/product\\\/1b-lsd-125mcg-blotters-online-kaufen\\\/\",\"name\":\"1B-LSD Blotters Kaufen | 125mcg | Research Chemical Chemgramx\",\"isPartOf\":{\"@id\":\"https:\\\/\\\/chemgramx.com\\\/#website\"},\"primaryImageOfPage\":{\"@id\":\"https:\\\/\\\/chemgramx.com\\\/product\\\/1b-lsd-125mcg-blotters-online-kaufen\\\/#primaryimage\"},\"image\":{\"@id\":\"https:\\\/\\\/chemgramx.com\\\/product\\\/1b-lsd-125mcg-blotters-online-kaufen\\\/#primaryimage\"},\"thumbnailUrl\":\"https:\\\/\\\/chemgramx.com\\\/wp-content\\\/uploads\\\/2025\\\/11\\\/1b-lsd-125-mcg-blotters-chem-store-online.png\",\"datePublished\":\"2025-11-21T11:13:35+00:00\",\"dateModified\":\"2025-12-09T08:01:23+00:00\",\"description\":\"1B-LSD 125mcg Blotters kaufen - Forschungschemikalie in Blotter-Form. F\u00fcr wissenschaftliche Analysen. Laborgepr\u00fcft & diskret.\",\"breadcrumb\":{\"@id\":\"https:\\\/\\\/chemgramx.com\\\/product\\\/1b-lsd-125mcg-blotters-online-kaufen\\\/#breadcrumb\"},\"inLanguage\":\"pl-PL\",\"potentialAction\":[{\"@type\":\"ReadAction\",\"target\":[\"https:\\\/\\\/chemgramx.com\\\/product\\\/1b-lsd-125mcg-blotters-online-kaufen\\\/\"]}]},{\"@type\":\"ImageObject\",\"inLanguage\":\"pl-PL\",\"@id\":\"https:\\\/\\\/chemgramx.com\\\/product\\\/1b-lsd-125mcg-blotters-online-kaufen\\\/#primaryimage\",\"url\":\"https:\\\/\\\/chemgramx.com\\\/wp-content\\\/uploads\\\/2025\\\/11\\\/1b-lsd-125-mcg-blotters-chem-store-online.png\",\"contentUrl\":\"https:\\\/\\\/chemgramx.com\\\/wp-content\\\/uploads\\\/2025\\\/11\\\/1b-lsd-125-mcg-blotters-chem-store-online.png\",\"width\":671,\"height\":568},{\"@type\":\"BreadcrumbList\",\"@id\":\"https:\\\/\\\/chemgramx.com\\\/product\\\/1b-lsd-125mcg-blotters-online-kaufen\\\/#breadcrumb\",\"itemListElement\":[{\"@type\":\"ListItem\",\"position\":1,\"name\":\"Home\",\"item\":\"https:\\\/\\\/chemgramx.com\\\/\"},{\"@type\":\"ListItem\",\"position\":2,\"name\":\"Shop\",\"item\":\"https:\\\/\\\/chemgramx.com\\\/shop\\\/\"},{\"@type\":\"ListItem\",\"position\":3,\"name\":\"1B-LSD 125mcg Blotters online kaufen\"}]},{\"@type\":\"WebSite\",\"@id\":\"https:\\\/\\\/chemgramx.com\\\/#website\",\"url\":\"https:\\\/\\\/chemgramx.com\\\/\",\"name\":\"Chemgramx\",\"description\":\"\",\"publisher\":{\"@id\":\"https:\\\/\\\/chemgramx.com\\\/#organization\"},\"potentialAction\":[{\"@type\":\"SearchAction\",\"target\":{\"@type\":\"EntryPoint\",\"urlTemplate\":\"https:\\\/\\\/chemgramx.com\\\/?s={search_term_string}\"},\"query-input\":{\"@type\":\"PropertyValueSpecification\",\"valueRequired\":true,\"valueName\":\"search_term_string\"}}],\"inLanguage\":\"pl-PL\"},{\"@type\":\"Organization\",\"@id\":\"https:\\\/\\\/chemgramx.com\\\/#organization\",\"name\":\"Chemgramx\",\"url\":\"https:\\\/\\\/chemgramx.com\\\/\",\"logo\":{\"@type\":\"ImageObject\",\"inLanguage\":\"pl-PL\",\"@id\":\"https:\\\/\\\/chemgramx.com\\\/#\\\/schema\\\/logo\\\/image\\\/\",\"url\":\"https:\\\/\\\/chemgramx.com\\\/wp-content\\\/uploads\\\/2024\\\/10\\\/final-logo.png\",\"contentUrl\":\"https:\\\/\\\/chemgramx.com\\\/wp-content\\\/uploads\\\/2024\\\/10\\\/final-logo.png\",\"width\":250,\"height\":48,\"caption\":\"Chemgramx\"},\"image\":{\"@id\":\"https:\\\/\\\/chemgramx.com\\\/#\\\/schema\\\/logo\\\/image\\\/\"}}]}<\/script>\n<!-- \/ Yoast SEO plugin. -->","yoast_head_json":{"title":"Kup 1B-LSD Blotters | 125mcg | Research Chemical Chemgramx","description":"Kup 1B-LSD 125mcg Blotters - Chemikalia badawcze w formie blotter\u00f3w. Do analiz naukowych. Testowane laboratoryjnie i dyskretne.","robots":{"index":"index","follow":"follow","max-snippet":"max-snippet:-1","max-image-preview":"max-image-preview:large","max-video-preview":"max-video-preview:-1"},"canonical":"https:\/\/chemgramx.com\/pl\/produkt-1\/kupic-1b-lsd-125mcg-blotters-online\/","og_locale":"pl_PL","og_type":"article","og_title":"1B-LSD Blotters Kaufen | 125mcg | Research Chemical Chemgramx","og_description":"1B-LSD 125mcg Blotters kaufen - Forschungschemikalie in Blotter-Form. F\u00fcr wissenschaftliche Analysen. Laborgepr\u00fcft & diskret.","og_url":"https:\/\/chemgramx.com\/pl\/produkt-1\/kupic-1b-lsd-125mcg-blotters-online\/","og_site_name":"Chemgramx","article_modified_time":"2025-12-09T08:01:23+00:00","og_image":[{"width":671,"height":568,"url":"https:\/\/chemgramx.com\/wp-content\/uploads\/2025\/11\/1b-lsd-125-mcg-blotters-chem-store-online.png","type":"image\/png"}],"twitter_card":"summary_large_image","twitter_misc":{"Szacowany czas czytania":"5 minut"},"schema":{"@context":"https:\/\/schema.org","@graph":[{"@type":"WebPage","@id":"https:\/\/chemgramx.com\/product\/1b-lsd-125mcg-blotters-online-kaufen\/","url":"https:\/\/chemgramx.com\/product\/1b-lsd-125mcg-blotters-online-kaufen\/","name":"Kup 1B-LSD Blotters | 125mcg | Research Chemical Chemgramx","isPartOf":{"@id":"https:\/\/chemgramx.com\/#website"},"primaryImageOfPage":{"@id":"https:\/\/chemgramx.com\/product\/1b-lsd-125mcg-blotters-online-kaufen\/#primaryimage"},"image":{"@id":"https:\/\/chemgramx.com\/product\/1b-lsd-125mcg-blotters-online-kaufen\/#primaryimage"},"thumbnailUrl":"https:\/\/chemgramx.com\/wp-content\/uploads\/2025\/11\/1b-lsd-125-mcg-blotters-chem-store-online.png","datePublished":"2025-11-21T11:13:35+00:00","dateModified":"2025-12-09T08:01:23+00:00","description":"Kup 1B-LSD 125mcg Blotters - Chemikalia badawcze w formie blotter\u00f3w. Do analiz naukowych. Testowane laboratoryjnie i dyskretne.","breadcrumb":{"@id":"https:\/\/chemgramx.com\/product\/1b-lsd-125mcg-blotters-online-kaufen\/#breadcrumb"},"inLanguage":"pl-PL","potentialAction":[{"@type":"ReadAction","target":["https:\/\/chemgramx.com\/product\/1b-lsd-125mcg-blotters-online-kaufen\/"]}]},{"@type":"ImageObject","inLanguage":"pl-PL","@id":"https:\/\/chemgramx.com\/product\/1b-lsd-125mcg-blotters-online-kaufen\/#primaryimage","url":"https:\/\/chemgramx.com\/wp-content\/uploads\/2025\/11\/1b-lsd-125-mcg-blotters-chem-store-online.png","contentUrl":"https:\/\/chemgramx.com\/wp-content\/uploads\/2025\/11\/1b-lsd-125-mcg-blotters-chem-store-online.png","width":671,"height":568},{"@type":"BreadcrumbList","@id":"https:\/\/chemgramx.com\/product\/1b-lsd-125mcg-blotters-online-kaufen\/#breadcrumb","itemListElement":[{"@type":"ListItem","position":1,"name":"Home","item":"https:\/\/chemgramx.com\/"},{"@type":"ListItem","position":2,"name":"Shop","item":"https:\/\/chemgramx.com\/shop\/"},{"@type":"ListItem","position":3,"name":"1B-LSD 125mcg Blotters online kaufen"}]},{"@type":"WebSite","@id":"https:\/\/chemgramx.com\/#website","url":"https:\/\/chemgramx.com\/","name":"Chemgramx","description":"","publisher":{"@id":"https:\/\/chemgramx.com\/#organization"},"potentialAction":[{"@type":"SearchAction","target":{"@type":"EntryPoint","urlTemplate":"https:\/\/chemgramx.com\/?s={search_term_string}"},"query-input":{"@type":"PropertyValueSpecification","valueRequired":true,"valueName":"search_term_string"}}],"inLanguage":"pl-PL"},{"@type":"Organization","@id":"https:\/\/chemgramx.com\/#organization","name":"Chemgramx","url":"https:\/\/chemgramx.com\/","logo":{"@type":"ImageObject","inLanguage":"pl-PL","@id":"https:\/\/chemgramx.com\/#\/schema\/logo\/image\/","url":"https:\/\/chemgramx.com\/wp-content\/uploads\/2024\/10\/final-logo.png","contentUrl":"https:\/\/chemgramx.com\/wp-content\/uploads\/2024\/10\/final-logo.png","width":250,"height":48,"caption":"Chemgramx"},"image":{"@id":"https:\/\/chemgramx.com\/#\/schema\/logo\/image\/"}}]}},"_links":{"self":[{"href":"https:\/\/chemgramx.com\/pl\/wp-json\/wp\/v2\/product\/7216","targetHints":{"allow":["GET"]}}],"collection":[{"href":"https:\/\/chemgramx.com\/pl\/wp-json\/wp\/v2\/product"}],"about":[{"href":"https:\/\/chemgramx.com\/pl\/wp-json\/wp\/v2\/types\/product"}],"replies":[{"embeddable":true,"href":"https:\/\/chemgramx.com\/pl\/wp-json\/wp\/v2\/comments?post=7216"}],"wp:featuredmedia":[{"embeddable":true,"href":"https:\/\/chemgramx.com\/pl\/wp-json\/wp\/v2\/media\/7242"}],"wp:attachment":[{"href":"https:\/\/chemgramx.com\/pl\/wp-json\/wp\/v2\/media?parent=7216"}],"wp:term":[{"taxonomy":"product_brand","embeddable":true,"href":"https:\/\/chemgramx.com\/pl\/wp-json\/wp\/v2\/product_brand?post=7216"},{"taxonomy":"product_cat","embeddable":true,"href":"https:\/\/chemgramx.com\/pl\/wp-json\/wp\/v2\/product_cat?post=7216"},{"taxonomy":"product_tag","embeddable":true,"href":"https:\/\/chemgramx.com\/pl\/wp-json\/wp\/v2\/product_tag?post=7216"}],"curies":[{"name":"wp","href":"https:\/\/api.w.org\/{rel}","templated":true}]}}