{"id":7217,"date":"2025-11-21T11:13:35","date_gmt":"2025-11-21T11:13:35","guid":{"rendered":"https:\/\/chemgramx.com\/?post_type=product&#038;p=7217"},"modified":"2025-12-09T08:07:32","modified_gmt":"2025-12-09T08:07:32","slug":"kup-pellet-1d-lsd-225mcg","status":"publish","type":"product","link":"https:\/\/chemgramx.com\/pl\/product\/1d-lsd-225mcg-pellets-kaufen\/","title":{"rendered":"Kup granulat 1D-LSD 225mcg"},"content":{"rendered":"<p>The <b>Granulat 1D-LSD 225mcg<\/b> stanowi\u0105 wysoce wyspecjalizowany i precyzyjnie dozowany odczynnik <b>dietyloamidy kwasu 1D-lizergowego<\/b>. Ten produkt zosta\u0142 zaprojektowany, aby spe\u0142ni\u0107 najsurowsze wymagania w zakresie <b>chemia analityczna, farmakologia i neurobiologia<\/b> aby odda\u0107 temu sprawiedliwo\u015b\u0107. Posta\u0107 dawkowania jako <b>Mikrotablet<\/b> umo\u017cliwia precyzyjn\u0105, powtarzaln\u0105 obs\u0142ug\u0119 i aplikacj\u0119, co ma zasadnicze znaczenie dla <b>kwalifikowane projekty badawcze<\/b> jest niezb\u0119dny. Nale\u017cy podkre\u015bli\u0107, \u017ce materia\u0142 ten <b>wy\u0142\u0105cznie do analiz naukowych<\/b> a spo\u017cycie przez ludzi lub zwierz\u0119ta jest surowo zabronione.<\/p>\n<p>Granulat jest preferowanym wyborem dla laboratori\u00f3w i instytut\u00f3w naukowych, kt\u00f3re wymagaj\u0105 bezkompromisowych standard\u00f3w w zakresie <b>Czysto\u015b\u0107, dok\u0142adno\u015b\u0107 dozowania i sp\u00f3jno\u015b\u0107 partii<\/b> zapotrzebowanie. Z gwarantowan\u0105 dawk\u0105 <b>225 mikrogram\u00f3w <span class=\"math-inline\" data-math=\"text{mcg}\">mcg<\/span>\u00a0za pelet<\/b> zapewniaj\u0105 stabiln\u0105 podstaw\u0119 dla wszystkich rodzaj\u00f3w <i>In vitro<\/i>-badania, por\u00f3wnania metod i badania stabilno\u015bci. Kupuj\u0105c ten materia\u0142, instytucje badawcze zobowi\u0105zuj\u0105 si\u0119 do przestrzegania wszystkich odpowiednich przepis\u00f3w bezpiecze\u0144stwa i prawnych.<\/p>\n<h2>Szczeg\u00f3\u0142owe informacje o produkcie i specyfikacje analityczne<\/h2>\n<p>Podstaw\u0105 ka\u017cdego powa\u017cnego badania naukowego jest wiarygodno\u015b\u0107 wykorzystanego materia\u0142u. Nasz <b>Granulat 1D-LSD<\/b> s\u0105 produkowane w najsurowszych warunkach laboratoryjnych, aby zapewni\u0107 najwy\u017csz\u0105 integralno\u015b\u0107 analityczn\u0105.<\/p>\n<h3>Specyfikacje analityczne i gwarancja czysto\u015bci<\/h3>\n<ul>\n<li><b>Oznaczenie substancji:<\/b> dietyloamid kwasu 1D-lizergowego (1D-LSD). To\u017csamo\u015b\u0107 chemiczna jest w pe\u0142ni potwierdzona dla prawid\u0142owej dokumentacji naukowej.<\/li>\n<li><b>Posta\u0107 dawkowania:<\/b> <b>Pelet z mikrotabletek<\/b>. Ta sta\u0142a forma zapewnia doskona\u0142\u0105 stabilno\u015b\u0107 i dok\u0142adno\u015b\u0107 dozowania w por\u00f3wnaniu z roztworami ciek\u0142ymi lub blotterami.<\/li>\n<li><b>Dawkowanie:<\/b> <b>225mcg <\/b>na peletk\u0119. Ta wysoka dok\u0142adno\u015b\u0107 dozowania minimalizuje b\u0142\u0119dy eksperymentalne i umo\u017cliwia precyzyjne dozowanie. <b>Badania dawkowania<\/b>.<\/li>\n<li><b>Stopie\u0144 czysto\u015bci:<\/b> Gwarantowane <b><span class=\"math-inline\" data-math=\"geq 98%\">98%<\/span>Czysto\u015b\u0107<\/b> substancji czynnej. Kontrola jest przeprowadzana przez <b>Wysokosprawna chromatografia cieczowa (HPLC)<\/b>, aby zapewni\u0107 brak istotnych zanieczyszcze\u0144.<\/li>\n<li><b>Stabilno\u015b\u0107:<\/b> Mikrotabletowy kszta\u0142t oferuje <b>Optymalna stabilno\u015b\u0107<\/b>, zw\u0142aszcza je\u015bli przestrzegane jest zalecane przechowywanie w lod\u00f3wce.<\/li>\n<\/ul>\n<h3>Wysokiej jako\u015bci funkcje zapewniaj\u0105ce maksymaln\u0105 niezawodno\u015b\u0107 bada\u0144<\/h3>\n<p>Utrzymywanie najwy\u017cszych standard\u00f3w jako\u015bci jest naszym wk\u0142adem w doskona\u0142o\u015b\u0107 naukow\u0105:<\/p>\n<ol start=\"1\">\n<li><b>Precyzyjna kontrola dozowania:<\/b> Proces tabletkowania tworzy niezwykle <b>R\u00f3wnomierne rozprowadzanie sk\u0142adnik\u00f3w aktywnych<\/b> w peletce. Jest to klucz do uzyskania powtarzalnych wynik\u00f3w testu.<\/li>\n<li><b>Dokumentacja analityczna:<\/b> Ka\u017cdej dostawie towarzyszy <b>kompletny certyfikat analizy<\/b> towarzyszy. Dokument ten dostarcza badaczom wszystkich niezb\u0119dnych informacji na temat czysto\u015bci, st\u0119\u017cenia i metody analitycznej.<\/li>\n<li><b>Sp\u00f3jno\u015b\u0107 partii:<\/b> Gwarantujemy wysok\u0105 <b>Powtarzalno\u015b\u0107 jako\u015bci<\/b> mi\u0119dzy partiami. Ma to kluczowe znaczenie dla d\u0142ugoterminowych bada\u0144 i por\u00f3wnywania danych z r\u00f3\u017cnych projekt\u00f3w badawczych.<\/li>\n<li><b>Kompleksowe dane dotycz\u0105ce stabilno\u015bci:<\/b> Istniej\u0105 <b>Udokumentowane daty wa\u017cno\u015bci wynosz\u0105ce co najmniej 24 miesi\u0105ce<\/b> przy prawid\u0142owym przechowywaniu pod <span class=\"math-inline\" data-math=\"8^circtext{C}\">8<\/span>\u00a0wcze\u015bniej. Umo\u017cliwia to rzetelne planowanie projekt\u00f3w badawczych.<\/li>\n<\/ol>\n<h2>Zastosowania badawcze i obszary wykorzystania w laboratorium<\/h2>\n<p>The <b>Granulat 1D-LSD 225mcg<\/b> s\u0105 wszechstronnym narz\u0119dziem dla laboratori\u00f3w specjalizuj\u0105cych si\u0119 w analizie lizergamid\u00f3w i ich pochodnych. Ich zakres zastosowania jest jasno okre\u015blony i ma charakter czysto analityczny.<\/p>\n<h3>Mo\u017cliwe obszary zastosowania materia\u0142u badawczego<\/h3>\n<ul>\n<li><b>Badania dawkowania:<\/b> Dok\u0142adna dawka pozwala badaczom precyzyjnie <a href=\"\/product\/kaufen-sie-black-tar-heroin-online\/\"><b>Zastosowanie sk\u0142adnik\u00f3w aktywnych<\/b> <\/a>w kompleksie <i>In vitro<\/i> oraz <i>Ex-vivo<\/i> modele, np. do badania wi\u0105zania receptor\u00f3w.<\/li>\n<li><b>Badanie stabilno\u015bci:<\/b> Ukierunkowane <b>Testy trwa\u0142o\u015bci<\/b> w zmiennych warunkach klimatycznych (\u015bwiat\u0142o, ciep\u0142o, wilgotno\u015b\u0107) w celu zbadania kinetyki degradacji substancji i optymalizacji zalece\u0144 dotycz\u0105cych przechowywania.<\/li>\n<li><b>Analizy por\u00f3wnawcze:<\/b> Zastosowanie jako standard odniesienia dla <b>Por\u00f3wnanie metod<\/b> w toksykologii lub chemii s\u0105dowej. Szczeg\u00f3lnie istotne s\u0105 <b>Por\u00f3wnanie z innymi lizergamidami<\/b> takich jak 1P-LSD, 1B-LSD lub samo LSD w celu por\u00f3wnania ich profili chemicznych i analitycznych.<\/li>\n<li><b>W\u0142a\u015bciwo\u015bci materia\u0142u:<\/b> Fizyczny <b>Charakterystyka kszta\u0142tu granulatu<\/b>, w tym w\u0142a\u015bciwo\u015bci rozpadu, wsp\u00f3\u0142czynniki rozpuszczalno\u015bci i profile uwalniania substancji czynnej z matrycy.<\/li>\n<li><b>Badania nad metabolitami i metabolizmem:<\/b> Badanie chemicznej konwersji 1D-LSD do jego potencjalnych metabolit\u00f3w w odpowiednich warunkach <i>In vitro<\/i>-systemy.<\/li>\n<\/ul>\n<h2>Bezpiecze\u0144stwo, zgodno\u015b\u0107 z przepisami i optymalne przechowywanie<\/h2>\n<p>Obs\u0142uga <b>1D-LSD<\/b> jako badana substancja chemiczna o wysokiej czysto\u015bci wi\u0105\u017ce si\u0119 z rygorystycznymi wymogami bezpiecze\u0144stwa. Zgodno\u015b\u0107 z protoko\u0142ami i przepisami jest obowi\u0105zkowa w przypadku operacji naukowych.<\/p>\n<h3>Wa\u017cne \u015brodki ostro\u017cno\u015bci i ochrona laboratorium<\/h3>\n<ul>\n<li><b>Wy\u0142\u0105cznie do cel\u00f3w badawczych:<\/b> Surowo zabrania si\u0119 wykorzystywania granulek do jakichkolwiek analiz naukowych innych ni\u017c okre\u015blone w protokole bada\u0144.<\/li>\n<li><b>Kontrolowane warunki laboratoryjne:<\/b> Obs\u0142uga <b>Granulat 1D-LSD<\/b> musi <b>wy\u0142\u0105cznie w autoryzowanych, kontrolowanych laboratoriach<\/b> najlepiej pod dygestorium lub w szafce bezpiecze\u0144stwa.<\/li>\n<li><b>Obowi\u0105zkowy sprz\u0119t ochronny:<\/b> Konieczne jest, aby personel naukowy <b>R\u0119kawice i okulary ochronne<\/b> aby zapobiec bezpo\u015bredniemu kontaktowi i ekspozycji na substancj\u0119 o wysokiej czysto\u015bci.<\/li>\n<li><b>Zgodno\u015b\u0107 z prawem:<\/b> Organizacja badawcza musi <b>Zgodno\u015b\u0107 ze wszystkimi lokalnymi i krajowymi przepisami i regulacjami<\/b> w odniesieniu do chemikali\u00f3w badawczych i lizergamid\u00f3w.<\/li>\n<\/ul>\n<h3>Optymalne warunki przechowywania dla maksymalnego okresu trwa\u0142o\u015bci<\/h3>\n<p>Stabilno\u015b\u0107 1D-LSD jest wra\u017cliwa na \u015bwiat\u0142o i ciep\u0142o. Prawid\u0142owe przechowywanie zgodnie z poni\u017cszymi zaleceniami ma kluczowe znaczenie dla integralno\u015bci materia\u0142u badawczego:<\/p>\n<ul>\n<li><b>Kontrola temperatury:<\/b> Granulki musz\u0105 by\u0107 ch\u0142odzone w temperaturze <b><span class=\"math-inline\" data-math=\"2-8^circtext{C}\">2-8{C}<\/span>\u00a0(Lod\u00f3wka)<\/b> by\u0107 przechowywane.<\/li>\n<li><b>Kontrola wilgotno\u015bci:<\/b> Przechowywanie w <b>suche \u015brodowisko<\/b> <span class=\"math-inline\" data-math=\"&lt;60%\">&lt;60%<\/span>\u00a0wilgotno\u015b\u0107 wzgl\u0119dna) jest niezb\u0119dna, aby zapobiec hydrolizie.<\/li>\n<li><b>Ochrona przed \u015bwiat\u0142em:<\/b> Granulki musz\u0105 <b>w nieprzezroczystych pojemnikach<\/b> i chronione przed bezpo\u015brednim dzia\u0142aniem promieni s\u0142onecznych.<\/li>\n<li><b>Oryginalne opakowanie:<\/b> Materia\u0142 powinien by\u0107 przechowywany do momentu u\u017cycia bezpo\u015brednio w <b>Oryginalne opakowanie<\/b> aby zapobiec zanieczyszczeniu.<\/li>\n<\/ul>\n<h2>Informacje o zam\u00f3wieniach i rygorystyczne wymogi dotycz\u0105ce zakup\u00f3w<\/h2>\n<p>Nabycie <b>Granulat 1D-LSD 225mcg<\/b> jest \u015bci\u015ble regulowana i wymaga dowodu kwalifikacji naukowych nabywcy, aby zapobiec niew\u0142a\u015bciwemu u\u017cyciu.<\/p>\n<h3>Ilo\u015bci dost\u0119pne do bada\u0144 naukowych<\/h3>\n<p>Oferujemy r\u00f3\u017cne ilo\u015bci granulatu, aby spe\u0142ni\u0107 r\u00f3\u017cne wymagania badawcze:<\/p>\n<ul>\n<li><b>Pr\u00f3bka badawcza:<\/b> 5 granulek - idealne do test\u00f3w pilota\u017cowych i opracowywania metod.<\/li>\n<li><b>Ma\u0142e opakowanie:<\/b> 10 granulek - do konkretnych bada\u0144 indywidualnych.<\/li>\n<li><b>Standardowe opakowanie:<\/b> 25 granulek - odpowiednie do bie\u017c\u0105cych, mniejszych projekt\u00f3w badawczych.<\/li>\n<li><b>Opakowanie zbiorcze:<\/b> 100 granulek - do obszernych bada\u0144 i por\u00f3wna\u0144.<\/li>\n<\/ul>\n<h3>\u00a0Niezb\u0119dne wymagania dotycz\u0105ce zam\u00f3wienia<\/h3>\n<ol start=\"1\">\n<li><b>Dow\u00f3d organizacji badawczej:<\/b> Tylko akredytowani <b>Instytuty badawcze, uniwersytety lub certyfikowane o\u015brodki analityczne<\/b> s\u0105 upowa\u017cnione do zakupu.<\/li>\n<li><b>Dow\u00f3d zamierzonego zastosowania:<\/b> Musi by\u0107 napisany, <b>Opis naukowy projektu badawczego<\/b> Firma przedstawi szczeg\u00f3\u0142owy raport na temat planowanego wykorzystania granulatu 1D-LSD.<\/li>\n<li><b>Potwierdzenie wiedzy na temat bezpiecze\u0144stwa:<\/b> Formalne potwierdzenie wiedzy i <b>Wdro\u017cenie protoko\u0142\u00f3w bezpiecze\u0144stwa<\/b> a kwalifikacje personelu naukowego s\u0105 obowi\u0105zkowe.<\/li>\n<\/ol>\n<h2>Informacja prawna<\/h2>\n<p>Ten produkt jest sprzedawany wy\u0142\u0105cznie jako <b>Materia\u0142 badawczy<\/b> dystrybuowane. Kupuj\u0105cy potwierdza poprzez zakup nieograniczon\u0105 zgodno\u015b\u0107 z nast\u0119puj\u0105cymi punktami:<\/p>\n<ul>\n<li>The <b>U\u017cywaj tylko w legalnych, autoryzowanych \u015brodowiskach badawczych<\/b>.<\/li>\n<li>The <b>Zgodno\u015b\u0107 ze wszystkimi obowi\u0105zuj\u0105cymi przepisami i regulacjami<\/b> odpowiednich przepis\u00f3w krajowych dotycz\u0105cych posiadania i obchodzenia si\u0119 z chemikaliami badawczymi.<\/li>\n<li>The <b>Wdro\u017cenie odpowiednich \u015brodk\u00f3w bezpiecze\u0144stwa<\/b> aby zminimalizowa\u0107 ryzyko.<\/li>\n<li>The <b>Zakaz nieautoryzowanego u\u017cytkowania<\/b>, w tym spo\u017cycie przez ludzi lub zwierz\u0119ta, jest \u015bci\u015ble przestrzegane.<\/li>\n<\/ul>","protected":false},"excerpt":{"rendered":"<p>Kup granulat 1D-LSD 225mcg: Badawcza substancja chemiczna w r\u00f3wnomiernie dozowanych granulkach do precyzyjnej pracy naukowej. Wy\u0142\u0105cznie do cel\u00f3w badawczych w \u015brodowiskach laboratoryjnych.<\/p>","protected":false},"featured_media":7243,"comment_status":"open","ping_status":"closed","template":"","meta":{"_joinchat":[]},"product_brand":[],"product_cat":[43,55],"product_tag":[2868,3110,3088,2907,2908,3086,3111,3084,3074,3087],"class_list":{"0":"post-7217","1":"product","2":"type-product","3":"status-publish","4":"has-post-thumbnail","6":"product_cat-chemgramx","7":"product_cat-lysergamides","8":"product_tag-1d-lsd","9":"product_tag-225mcg","10":"product_tag-dosierungsstudien","11":"product_tag-forschungschemikalie","12":"product_tag-laborbedarf","13":"product_tag-laborforschung","14":"product_tag-lysergamid","15":"product_tag-pellets","16":"product_tag-research-chemical","17":"product_tag-wissenschaftliche-analyse","19":"first","20":"instock","21":"shipping-taxable","22":"purchasable","23":"product-type-variable"},"yoast_head":"<!-- This site is optimized with the Yoast SEO plugin v27.5 - https:\/\/yoast.com\/product\/yoast-seo-wordpress\/ -->\n<title>1D-LSD Pellets Kaufen | 225mcg | Research Chemical<\/title>\n<meta name=\"description\" content=\"1D-LSD 225mcg Pellets kaufen - Forschungschemikalie in pelletierter Form. F\u00fcr wissenschaftliche Analysen. Laborgepr\u00fcft &amp; diskret.\" \/>\n<meta name=\"robots\" content=\"index, follow, max-snippet:-1, max-image-preview:large, max-video-preview:-1\" \/>\n<link rel=\"canonical\" href=\"https:\/\/chemgramx.com\/pl\/produkt-1\/kup-pellet-1d-lsd-225mcg\/\" \/>\n<meta property=\"og:locale\" content=\"pl_PL\" \/>\n<meta property=\"og:type\" content=\"article\" \/>\n<meta property=\"og:title\" content=\"1D-LSD Pellets Kaufen | 225mcg | Research Chemical\" \/>\n<meta property=\"og:description\" content=\"1D-LSD 225mcg Pellets kaufen - Forschungschemikalie in pelletierter Form. F\u00fcr wissenschaftliche Analysen. Laborgepr\u00fcft &amp; diskret.\" \/>\n<meta property=\"og:url\" content=\"https:\/\/chemgramx.com\/pl\/produkt-1\/kup-pellet-1d-lsd-225mcg\/\" \/>\n<meta property=\"og:site_name\" content=\"Chemgramx\" \/>\n<meta property=\"article:modified_time\" content=\"2025-12-09T08:07:32+00:00\" \/>\n<meta property=\"og:image\" content=\"https:\/\/chemgramx.com\/wp-content\/uploads\/2025\/11\/1d-lsd-225mcg-pellets-chem-store-online.png\" \/>\n\t<meta property=\"og:image:width\" content=\"563\" \/>\n\t<meta property=\"og:image:height\" content=\"438\" \/>\n\t<meta property=\"og:image:type\" content=\"image\/png\" \/>\n<meta name=\"twitter:card\" content=\"summary_large_image\" \/>\n<meta name=\"twitter:label1\" content=\"Szacowany czas czytania\" \/>\n\t<meta name=\"twitter:data1\" content=\"5 minut\" \/>\n<script type=\"application\/ld+json\" class=\"yoast-schema-graph\">{\"@context\":\"https:\\\/\\\/schema.org\",\"@graph\":[{\"@type\":\"WebPage\",\"@id\":\"https:\\\/\\\/chemgramx.com\\\/product\\\/1d-lsd-225mcg-pellets-kaufen\\\/\",\"url\":\"https:\\\/\\\/chemgramx.com\\\/product\\\/1d-lsd-225mcg-pellets-kaufen\\\/\",\"name\":\"1D-LSD Pellets Kaufen | 225mcg | Research Chemical\",\"isPartOf\":{\"@id\":\"https:\\\/\\\/chemgramx.com\\\/#website\"},\"primaryImageOfPage\":{\"@id\":\"https:\\\/\\\/chemgramx.com\\\/product\\\/1d-lsd-225mcg-pellets-kaufen\\\/#primaryimage\"},\"image\":{\"@id\":\"https:\\\/\\\/chemgramx.com\\\/product\\\/1d-lsd-225mcg-pellets-kaufen\\\/#primaryimage\"},\"thumbnailUrl\":\"https:\\\/\\\/chemgramx.com\\\/wp-content\\\/uploads\\\/2025\\\/11\\\/1d-lsd-225mcg-pellets-chem-store-online.png\",\"datePublished\":\"2025-11-21T11:13:35+00:00\",\"dateModified\":\"2025-12-09T08:07:32+00:00\",\"description\":\"1D-LSD 225mcg Pellets kaufen - Forschungschemikalie in pelletierter Form. F\u00fcr wissenschaftliche Analysen. Laborgepr\u00fcft & diskret.\",\"breadcrumb\":{\"@id\":\"https:\\\/\\\/chemgramx.com\\\/product\\\/1d-lsd-225mcg-pellets-kaufen\\\/#breadcrumb\"},\"inLanguage\":\"pl-PL\",\"potentialAction\":[{\"@type\":\"ReadAction\",\"target\":[\"https:\\\/\\\/chemgramx.com\\\/product\\\/1d-lsd-225mcg-pellets-kaufen\\\/\"]}]},{\"@type\":\"ImageObject\",\"inLanguage\":\"pl-PL\",\"@id\":\"https:\\\/\\\/chemgramx.com\\\/product\\\/1d-lsd-225mcg-pellets-kaufen\\\/#primaryimage\",\"url\":\"https:\\\/\\\/chemgramx.com\\\/wp-content\\\/uploads\\\/2025\\\/11\\\/1d-lsd-225mcg-pellets-chem-store-online.png\",\"contentUrl\":\"https:\\\/\\\/chemgramx.com\\\/wp-content\\\/uploads\\\/2025\\\/11\\\/1d-lsd-225mcg-pellets-chem-store-online.png\",\"width\":563,\"height\":438},{\"@type\":\"BreadcrumbList\",\"@id\":\"https:\\\/\\\/chemgramx.com\\\/product\\\/1d-lsd-225mcg-pellets-kaufen\\\/#breadcrumb\",\"itemListElement\":[{\"@type\":\"ListItem\",\"position\":1,\"name\":\"Home\",\"item\":\"https:\\\/\\\/chemgramx.com\\\/\"},{\"@type\":\"ListItem\",\"position\":2,\"name\":\"Shop\",\"item\":\"https:\\\/\\\/chemgramx.com\\\/shop\\\/\"},{\"@type\":\"ListItem\",\"position\":3,\"name\":\"1D-LSD 225mcg Pellets kaufen\"}]},{\"@type\":\"WebSite\",\"@id\":\"https:\\\/\\\/chemgramx.com\\\/#website\",\"url\":\"https:\\\/\\\/chemgramx.com\\\/\",\"name\":\"Chemgramx\",\"description\":\"\",\"publisher\":{\"@id\":\"https:\\\/\\\/chemgramx.com\\\/#organization\"},\"potentialAction\":[{\"@type\":\"SearchAction\",\"target\":{\"@type\":\"EntryPoint\",\"urlTemplate\":\"https:\\\/\\\/chemgramx.com\\\/?s={search_term_string}\"},\"query-input\":{\"@type\":\"PropertyValueSpecification\",\"valueRequired\":true,\"valueName\":\"search_term_string\"}}],\"inLanguage\":\"pl-PL\"},{\"@type\":\"Organization\",\"@id\":\"https:\\\/\\\/chemgramx.com\\\/#organization\",\"name\":\"Chemgramx\",\"url\":\"https:\\\/\\\/chemgramx.com\\\/\",\"logo\":{\"@type\":\"ImageObject\",\"inLanguage\":\"pl-PL\",\"@id\":\"https:\\\/\\\/chemgramx.com\\\/#\\\/schema\\\/logo\\\/image\\\/\",\"url\":\"https:\\\/\\\/chemgramx.com\\\/wp-content\\\/uploads\\\/2024\\\/10\\\/final-logo.png\",\"contentUrl\":\"https:\\\/\\\/chemgramx.com\\\/wp-content\\\/uploads\\\/2024\\\/10\\\/final-logo.png\",\"width\":250,\"height\":48,\"caption\":\"Chemgramx\"},\"image\":{\"@id\":\"https:\\\/\\\/chemgramx.com\\\/#\\\/schema\\\/logo\\\/image\\\/\"}}]}<\/script>\n<!-- \/ Yoast SEO plugin. -->","yoast_head_json":{"title":"Kup 1D-LSD Pellets | 225mcg | Research Chemical","description":"Kup granulat 1D-LSD 225mcg - Badawczy \u015brodek chemiczny w postaci granulatu. Do analiz naukowych. Testowana laboratoryjnie i dyskretna.","robots":{"index":"index","follow":"follow","max-snippet":"max-snippet:-1","max-image-preview":"max-image-preview:large","max-video-preview":"max-video-preview:-1"},"canonical":"https:\/\/chemgramx.com\/pl\/produkt-1\/kup-pellet-1d-lsd-225mcg\/","og_locale":"pl_PL","og_type":"article","og_title":"1D-LSD Pellets Kaufen | 225mcg | Research Chemical","og_description":"1D-LSD 225mcg Pellets kaufen - Forschungschemikalie in pelletierter Form. F\u00fcr wissenschaftliche Analysen. Laborgepr\u00fcft & diskret.","og_url":"https:\/\/chemgramx.com\/pl\/produkt-1\/kup-pellet-1d-lsd-225mcg\/","og_site_name":"Chemgramx","article_modified_time":"2025-12-09T08:07:32+00:00","og_image":[{"width":563,"height":438,"url":"https:\/\/chemgramx.com\/wp-content\/uploads\/2025\/11\/1d-lsd-225mcg-pellets-chem-store-online.png","type":"image\/png"}],"twitter_card":"summary_large_image","twitter_misc":{"Szacowany czas czytania":"5 minut"},"schema":{"@context":"https:\/\/schema.org","@graph":[{"@type":"WebPage","@id":"https:\/\/chemgramx.com\/product\/1d-lsd-225mcg-pellets-kaufen\/","url":"https:\/\/chemgramx.com\/product\/1d-lsd-225mcg-pellets-kaufen\/","name":"Kup 1D-LSD Pellets | 225mcg | Research Chemical","isPartOf":{"@id":"https:\/\/chemgramx.com\/#website"},"primaryImageOfPage":{"@id":"https:\/\/chemgramx.com\/product\/1d-lsd-225mcg-pellets-kaufen\/#primaryimage"},"image":{"@id":"https:\/\/chemgramx.com\/product\/1d-lsd-225mcg-pellets-kaufen\/#primaryimage"},"thumbnailUrl":"https:\/\/chemgramx.com\/wp-content\/uploads\/2025\/11\/1d-lsd-225mcg-pellets-chem-store-online.png","datePublished":"2025-11-21T11:13:35+00:00","dateModified":"2025-12-09T08:07:32+00:00","description":"Kup granulat 1D-LSD 225mcg - Badawczy \u015brodek chemiczny w postaci granulatu. Do analiz naukowych. Testowana laboratoryjnie i dyskretna.","breadcrumb":{"@id":"https:\/\/chemgramx.com\/product\/1d-lsd-225mcg-pellets-kaufen\/#breadcrumb"},"inLanguage":"pl-PL","potentialAction":[{"@type":"ReadAction","target":["https:\/\/chemgramx.com\/product\/1d-lsd-225mcg-pellets-kaufen\/"]}]},{"@type":"ImageObject","inLanguage":"pl-PL","@id":"https:\/\/chemgramx.com\/product\/1d-lsd-225mcg-pellets-kaufen\/#primaryimage","url":"https:\/\/chemgramx.com\/wp-content\/uploads\/2025\/11\/1d-lsd-225mcg-pellets-chem-store-online.png","contentUrl":"https:\/\/chemgramx.com\/wp-content\/uploads\/2025\/11\/1d-lsd-225mcg-pellets-chem-store-online.png","width":563,"height":438},{"@type":"BreadcrumbList","@id":"https:\/\/chemgramx.com\/product\/1d-lsd-225mcg-pellets-kaufen\/#breadcrumb","itemListElement":[{"@type":"ListItem","position":1,"name":"Home","item":"https:\/\/chemgramx.com\/"},{"@type":"ListItem","position":2,"name":"Shop","item":"https:\/\/chemgramx.com\/shop\/"},{"@type":"ListItem","position":3,"name":"1D-LSD 225mcg Pellets kaufen"}]},{"@type":"WebSite","@id":"https:\/\/chemgramx.com\/#website","url":"https:\/\/chemgramx.com\/","name":"Chemgramx","description":"","publisher":{"@id":"https:\/\/chemgramx.com\/#organization"},"potentialAction":[{"@type":"SearchAction","target":{"@type":"EntryPoint","urlTemplate":"https:\/\/chemgramx.com\/?s={search_term_string}"},"query-input":{"@type":"PropertyValueSpecification","valueRequired":true,"valueName":"search_term_string"}}],"inLanguage":"pl-PL"},{"@type":"Organization","@id":"https:\/\/chemgramx.com\/#organization","name":"Chemgramx","url":"https:\/\/chemgramx.com\/","logo":{"@type":"ImageObject","inLanguage":"pl-PL","@id":"https:\/\/chemgramx.com\/#\/schema\/logo\/image\/","url":"https:\/\/chemgramx.com\/wp-content\/uploads\/2024\/10\/final-logo.png","contentUrl":"https:\/\/chemgramx.com\/wp-content\/uploads\/2024\/10\/final-logo.png","width":250,"height":48,"caption":"Chemgramx"},"image":{"@id":"https:\/\/chemgramx.com\/#\/schema\/logo\/image\/"}}]}},"_links":{"self":[{"href":"https:\/\/chemgramx.com\/pl\/wp-json\/wp\/v2\/product\/7217","targetHints":{"allow":["GET"]}}],"collection":[{"href":"https:\/\/chemgramx.com\/pl\/wp-json\/wp\/v2\/product"}],"about":[{"href":"https:\/\/chemgramx.com\/pl\/wp-json\/wp\/v2\/types\/product"}],"replies":[{"embeddable":true,"href":"https:\/\/chemgramx.com\/pl\/wp-json\/wp\/v2\/comments?post=7217"}],"wp:featuredmedia":[{"embeddable":true,"href":"https:\/\/chemgramx.com\/pl\/wp-json\/wp\/v2\/media\/7243"}],"wp:attachment":[{"href":"https:\/\/chemgramx.com\/pl\/wp-json\/wp\/v2\/media?parent=7217"}],"wp:term":[{"taxonomy":"product_brand","embeddable":true,"href":"https:\/\/chemgramx.com\/pl\/wp-json\/wp\/v2\/product_brand?post=7217"},{"taxonomy":"product_cat","embeddable":true,"href":"https:\/\/chemgramx.com\/pl\/wp-json\/wp\/v2\/product_cat?post=7217"},{"taxonomy":"product_tag","embeddable":true,"href":"https:\/\/chemgramx.com\/pl\/wp-json\/wp\/v2\/product_tag?post=7217"}],"curies":[{"name":"wp","href":"https:\/\/api.w.org\/{rel}","templated":true}]}}