{"id":7219,"date":"2025-11-21T11:13:36","date_gmt":"2025-11-21T11:13:36","guid":{"rendered":"https:\/\/chemgramx.com\/?post_type=product&#038;p=7219"},"modified":"2025-12-09T07:29:03","modified_gmt":"2025-12-09T07:29:03","slug":"kup-blottery-1d-lsd-150mcg","status":"publish","type":"product","link":"https:\/\/chemgramx.com\/pl\/product\/1d-lsd-150mcg-blotters-kaufen\/","title":{"rendered":"Kup blottery 1D-LSD 150mcg"},"content":{"rendered":"<p>The <b>1D-LSD 150mcg Blotters<\/b> stanowi\u0105 wysoce czysty i niezawodny odczynnik <b>dietyloamidy kwasu 1D-lizergowego<\/b> jest idealnym rozwi\u0105zaniem. Produkt ten zosta\u0142 zaprojektowany specjalnie z my\u015bl\u0105 o wysokich wymaganiach rynku. <b>chemia analityczna, farmakologia i neurobiologia<\/b> zaprojektowany. Posta\u0107 dawkowania jako <b>Blotter (bibu\u0142a)<\/b> Umo\u017cliwia proste, ale bardzo precyzyjne dozowanie i obs\u0142ug\u0119, co jest idealne dla <b>kwalifikowane projekty badawcze<\/b> jest niezb\u0119dny. Nale\u017cy zdecydowanie podkre\u015bli\u0107, \u017ce materia\u0142 ten <b>wy\u0142\u0105cznie do analiz naukowych<\/b> a spo\u017cycie przez ludzi lub zwierz\u0119ta jest surowo zabronione.<\/p>\n<p>Instytuty badawcze, uniwersytety i prywatne laboratoria, kt\u00f3re stawiaj\u0105 najwy\u017csze wymagania w zakresie <b>Precyzja, czysto\u015b\u0107 i sp\u00f3jno\u015b\u0107 partii<\/b> wybierz te bibu\u0142ki. Z gwarantowan\u0105 dawk\u0105 <b>150 mikrogram\u00f3w <span class=\"math-inline\" data-math=\"text{mcg}\">mcg<\/span>\u00a0za bibu\u0142\u0119<\/b> Zapewniaj\u0105 one stabiln\u0105, znormalizowan\u0105 podstaw\u0119 do szczeg\u00f3\u0142owych bada\u0144. Kupuj\u0105c ten materia\u0142, badacze zobowi\u0105zuj\u0105 si\u0119 do \u015bcis\u0142ego przestrzegania wszystkich odpowiednich przepis\u00f3w bezpiecze\u0144stwa i prawnych.<\/p>\n<h2>Szczeg\u00f3\u0142owe informacje o produkcie i specyfikacje analityczne<\/h2>\n<p>Podstaw\u0105 rzetelnych bada\u0144 naukowych jest wysoka jako\u015b\u0107 wykorzystywanych materia\u0142\u00f3w. Nasz <b>1D-LSD Blotters<\/b> s\u0105 produkowane w najsurowszych warunkach laboratoryjnych, aby zapewni\u0107 najwy\u017csz\u0105 integralno\u015b\u0107 analityczn\u0105.<\/p>\n<h3>Specyfikacje analityczne i gwarancja czysto\u015bci<\/h3>\n<ul>\n<li><b>Oznaczenie substancji:<\/b> dietyloamid kwasu 1D-lizergowego (1D-LSD). Prawid\u0142owa to\u017csamo\u015b\u0107 chemiczna i struktura zosta\u0142y potwierdzone w dokumentacji naukowej.<\/li>\n<li><b>Posta\u0107 dawkowania:<\/b> <b>Bibu\u0142a\/Papier<\/b>. Ten kszta\u0142t jest praktyczny do przechowywania, transportu i pobierania dok\u0142adnych ilo\u015bci w laboratorium.<\/li>\n<li><b>Dawkowanie:<\/b> <b>150mcg <\/b>\u00a0na bibu\u0142\u0119. Ta wysoka dok\u0142adno\u015b\u0107 dozowania zapewnia niezwykle <b>Jednolita ilo\u015b\u0107 sk\u0142adnika aktywnego<\/b>, kt\u00f3re s\u0105 kluczowe dla odtwarzalno\u015bci <b>Badania dawkowania<\/b> jest.<\/li>\n<li><b>Stopie\u0144 czysto\u015bci:<\/b> Gwarantowane <b>Czysto\u015b\u0107<\/b> substancji czynnej. Kontrola jest przeprowadzana przez <b>Wysokosprawna chromatografia cieczowa (HPLC)<\/b>, aby zapewni\u0107 brak istotnych zanieczyszcze\u0144 i najwy\u017csz\u0105 jako\u015b\u0107.<\/li>\n<li><b>Stabilno\u015b\u0107:<\/b> Je\u015bli przestrzegane s\u0105 zalecane warunki przechowywania, produkt posiada <b>Optymalna stabilno\u015b\u0107<\/b> na.<\/li>\n<li><b>Dokumentacja:<\/b> Ka\u017cdej dostawie towarzyszy <b>Kompletny certyfikat analizy<\/b> co potwierdza czysto\u015b\u0107, st\u0119\u017cenie i sp\u00f3jno\u015b\u0107 partii.<\/li>\n<\/ul>\n<h3>Wysokiej jako\u015bci funkcje zapewniaj\u0105ce maksymaln\u0105 niezawodno\u015b\u0107 bada\u0144<\/h3>\n<p>Przydatno\u015b\u0107 naszych blotter\u00f3w 1D-LSD do wymagaj\u0105cych cel\u00f3w badawczych opiera si\u0119 na nast\u0119puj\u0105cych surowych kryteriach jako\u015bci:<\/p>\n<ol start=\"1\">\n<li><b>Precyzyjna kontrola dozowania:<\/b> Specjalistyczne techniki aplikacji s\u0105 wykorzystywane do <b>R\u00f3wnomierne rozprowadzanie sk\u0142adnik\u00f3w aktywnych<\/b> na materiale no\u015bnym. Ma to fundamentalne znaczenie dla precyzyjnych eksperyment\u00f3w ilo\u015bciowych.<\/li>\n<li><b>Dokumentacja analityczna:<\/b> Dostarczamy wszystkie istotne dane <b>Sp\u00f3jno\u015b\u0107 partii<\/b> oraz <b>Czysto\u015b\u0107 analityczna<\/b> aby naukowcy mogli udowodni\u0107 jako\u015b\u0107 odczynnika w swoich badaniach i publikacjach.<\/li>\n<li><b>Powtarzalna jako\u015b\u0107:<\/b> \u015acis\u0142e protoko\u0142y kontroli podczas produkcji gwarantuj\u0105 wysoki poziom jako\u015bci. <b>Powtarzalno\u015b\u0107 jako\u015bci ka\u017cdej partii<\/b>. Jest to podstawa wiarygodnych bada\u0144 d\u0142ugoterminowych.<\/li>\n<li><b>Kompleksowe dane dotycz\u0105ce stabilno\u015bci:<\/b> Istniej\u0105 <b>Udokumentowany okres trwa\u0142o\u015bci wynosz\u0105cy 24 miesi\u0105ce<\/b> przy prawid\u0142owym przechowywaniu pod <span class=\"math-inline\" data-math=\"8^circtext{C}\">$8^circtext{C}$<\/span> co umo\u017cliwia rzetelne planowanie d\u0142ugoterminowych projekt\u00f3w badawczych.<\/li>\n<\/ol>\n<h2>Zastosowania badawcze i obszary wykorzystania w laboratorium<\/h2>\n<p>The <b>1D-LSD 150mcg Blotters<\/b> s\u0142u\u017cy\u0107 jako niezb\u0119dny standard i materia\u0142 badawczy dla laboratori\u00f3w zajmuj\u0105cych si\u0119 badaniem lizergamid\u00f3w.<\/p>\n<h3>Mo\u017cliwe obszary zastosowania materia\u0142u badawczego<\/h3>\n<ul>\n<li><b>Badania dawkowania:<\/b> Dok\u0142adna dawka pozwala badaczom precyzyjnie <b>Zastosowanie sk\u0142adnik\u00f3w aktywnych<\/b> w ramach <i>In vitro<\/i>-Modele do badania wi\u0105zania receptor\u00f3w i zale\u017cno\u015bci st\u0119\u017cenie-odpowied\u017a.<\/li>\n<li><b>Badanie stabilno\u015bci:<\/b> Ukierunkowane <b>Testy trwa\u0142o\u015bci<\/b> w zmiennych warunkach klimatycznych (\u015bwiat\u0142o, temperatura, wilgotno\u015b\u0107) w celu zbadania kinetyki degradacji substancji i optymalizacji zalece\u0144 dotycz\u0105cych przechowywania.<\/li>\n<li><b>Analizy por\u00f3wnawcze:<\/b> Zastosowanie jako standard odniesienia dla <b>Por\u00f3wnanie metod<\/b> w chemii analitycznej i do kalibracji bardzo czu\u0142ych przyrz\u0105d\u00f3w pomiarowych. Szczeg\u00f3lny nacisk k\u0142adziony jest na <b>Por\u00f3wnanie z innymi lizergamidami<\/b> takich jak 1P-LSD lub samo LSD, w celu dopasowania ich profili.<\/li>\n<li><b>W\u0142a\u015bciwo\u015bci materia\u0142u:<\/b> Fizyczny <b>Charakterystyka kszta\u0142tu bibu\u0142y<\/b>, w tym wska\u017aniki rozpuszczalno\u015bci i profile uwalniania substancji czynnej z matrycy.<\/li>\n<li><b>Metabolizm i badania nad metabolitami:<\/b> Badanie chemicznej konwersji 1D-LSD do jego potencjalnych metabolit\u00f3w w odpowiednich warunkach <i>In vitro<\/i>-systemy.<\/li>\n<\/ul>\n<h2>Bezpiecze\u0144stwo, zgodno\u015b\u0107 z przepisami i optymalne przechowywanie<\/h2>\n<p>Obs\u0142uga <b>1D-LSD<\/b> jako chemikalia badawcze o wysokim stopniu czysto\u015bci wymagaj\u0105 najwy\u017cszej staranno\u015bci i \u015bcis\u0142ego przestrzegania wszystkich krajowych i instytutowych przepis\u00f3w bezpiecze\u0144stwa.<\/p>\n<h3>Wa\u017cne \u015brodki ostro\u017cno\u015bci i ochrona laboratorium<\/h3>\n<ul>\n<li><b>Wy\u0142\u0105cznie do cel\u00f3w badawczych:<\/b> Surowo zabrania si\u0119 wykorzystywania bibu\u0142y do jakichkolwiek analiz naukowych innych ni\u017c okre\u015blone w protokole bada\u0144. <b>Brak innych zastosowa\u0144<\/b> jest dozwolone.<\/li>\n<li><b>Kontrolowane warunki laboratoryjne:<\/b> Obs\u0142uga <b>1D-LSD Blotters<\/b> musi <b>wy\u0142\u0105cznie w autoryzowanych, kontrolowanych laboratoriach<\/b> mie\u0107 miejsce.<\/li>\n<li><b>Obowi\u0105zkowy sprz\u0119t ochronny:<\/b> Konieczne jest, aby personel naukowy <b>R\u0119kawice i okulary ochronne<\/b> aby zapobiec bezpo\u015bredniemu kontaktowi i ekspozycji na substancj\u0119 o wysokiej czysto\u015bci.<\/li>\n<li><b>Zgodno\u015b\u0107 z prawem:<\/b> Organizacja badawcza musi <b>Zgodno\u015b\u0107 ze wszystkimi lokalnymi i krajowymi przepisami i regulacjami<\/b> w odniesieniu do chemikali\u00f3w badawczych i lizergamid\u00f3w.<\/li>\n<\/ul>\n<h3>Optymalne warunki przechowywania dla maksymalnego okresu trwa\u0142o\u015bci<\/h3>\n<p>Chemiczna integralno\u015b\u0107 pochodnych kwasu lizergowego jest wra\u017cliwa na \u015bwiat\u0142o, ciep\u0142o i wilgo\u0107. Prawid\u0142owe przechowywanie ma kluczowe znaczenie dla integralno\u015bci materia\u0142u badawczego:<\/p>\n<ul>\n<li><b>Kontrola temperatury:<\/b> Idealnie sch\u0142odzone w temperaturze <b>\u00a0(Lod\u00f3wka)<\/b> aby spowolni\u0107 rozk\u0142ad chemiczny.<\/li>\n<li><b>Kontrola wilgotno\u015bci:<\/b> Przechowywanie w <b>suche \u015brodowisko<\/b> (<span class=\"math-inline\" data-math=\"&lt;60%\">&lt;60<\/span>\u00a0wilgotno\u015b\u0107 wzgl\u0119dna) jest niezb\u0119dna do ochrony pod\u0142o\u017ca i substancji.<\/li>\n<li><b>Ochrona przed \u015bwiat\u0142em:<\/b> Bibu\u0142ki musz\u0105 <b>w nieprzezroczystych pojemnikach<\/b> przechowywane i <b>od bezpo\u015bredniego \u015bwiat\u0142a s\u0142onecznego<\/b> by\u0107 chronione.<\/li>\n<li><b>Oryginalne opakowanie:<\/b> Materia\u0142 powinien by\u0107 przechowywany do momentu u\u017cycia bezpo\u015brednio w <b>Oryginalne opakowanie<\/b> aby zapobiec zanieczyszczeniu.<\/li>\n<\/ul>\n<h2>Informacje o zam\u00f3wieniach i rygorystyczne wymogi dotycz\u0105ce zakup\u00f3w<\/h2>\n<p>Zakup blotter\u00f3w 1D-LSD 150mcg jest \u015bci\u015ble ograniczony do instytucji naukowych i wymaga dowodu kwalifikacji naukowych nabywcy, aby zapobiec niew\u0142a\u015bciwemu u\u017cyciu.<\/p>\n<h3>Ilo\u015bci dost\u0119pne do bada\u0144 naukowych<\/h3>\n<p>Oferujemy r\u00f3\u017cne ilo\u015bci bibu\u0142ek, aby spe\u0142ni\u0107 r\u00f3\u017cne wymagania badawcze:<\/p>\n<ul>\n<li><b>Pr\u00f3bka badawcza:<\/b> 50 bibu\u0142ek - idealne do kalibracji i test\u00f3w.<\/li>\n<li><b>Ma\u0142e opakowanie:<\/b> 100 bibu\u0142ek - do konkretnych bada\u0144 indywidualnych.<\/li>\n<li><b>Standardowe opakowanie:<\/b> 200 bibu\u0142ek - odpowiednie do bie\u017c\u0105cych, mniejszych projekt\u00f3w badawczych.<\/li>\n<li><b>Opakowanie zbiorcze:<\/b> 500 bibu\u0142ek - do obszernych bada\u0144 i por\u00f3wna\u0144.<\/li>\n<\/ul>\n<h3>Niezb\u0119dne wymagania dotycz\u0105ce zam\u00f3wienia<\/h3>\n<ol start=\"1\">\n<li><b>Dow\u00f3d organizacji badawczej:<\/b> Tylko akredytowani <b>Instytuty badawcze, uniwersytety lub certyfikowane o\u015brodki analityczne<\/b> s\u0105 upowa\u017cnione do zakupu.<\/li>\n<li><b>Dow\u00f3d zamierzonego zastosowania:<\/b> Musi by\u0107 napisany, <b>naukowy <a href=\"\/product\/blackberry-kush-20-thc\/\">Opis projektu badawczego<\/a><\/b> Raport musi zosta\u0107 przed\u0142o\u017cony Federalnemu Ministerstwu Edukacji i Bada\u0144 Naukowych, kt\u00f3re szczeg\u00f3\u0142owo uzasadnia planowane wykorzystanie blotter\u00f3w 1D-LSD.<\/li>\n<li><b>Potwierdzenie wiedzy na temat bezpiecze\u0144stwa:<\/b> Formalne potwierdzenie wiedzy i <b>Wdro\u017cenie protoko\u0142\u00f3w bezpiecze\u0144stwa<\/b> a kwalifikacje personelu naukowego s\u0105 obowi\u0105zkowe.<\/li>\n<\/ol>\n<h2>Cz\u0119sto zadawane pytania (FAQ) dotycz\u0105ce wykorzystania w badaniach naukowych<\/h2>\n<p>Aby zapewni\u0107 maksymaln\u0105 przejrzysto\u015b\u0107, odpowiadamy na najcz\u0119\u015bciej zadawane pytania dotycz\u0105ce obs\u0142ugi i zgodno\u015bci:<\/p>\n<ul>\n<li>P: Czy bibu\u0142ki nadaj\u0105 si\u0119 do u\u017cytku przez ludzi? O: Nie, ten produkt jest przeznaczony wy\u0142\u0105cznie do cel\u00f3w badawczych w \u015brodowiskach laboratoryjnych i nie jest dopuszczony do spo\u017cycia.<\/li>\n<li>P: Jakie dane analityczne s\u0105 dostarczane? O: Zapewniamy pe\u0142ne analizy HPLC i dokumentacj\u0119 partii, aby udowodni\u0107 czysto\u015b\u0107 i st\u0119\u017cenie.<\/li>\n<li>P: Jaki jest okres trwa\u0142o\u015bci bibu\u0142ek? O: Okres trwa\u0142o\u015bci wynosi co najmniej 24 miesi\u0105ce, je\u015bli s\u0105 prawid\u0142owo przechowywane w temperaturze $8^circtext{C}$ i chronione przed \u015bwiat\u0142em.<\/li>\n<li>P: Czy potrzebuj\u0119 specjalnych licencji? O: Obiekty badawcze musz\u0105 by\u0107 zgodne z lokalnymi przepisami. Odpowiedzialno\u015b\u0107 za przestrzeganie prawa spoczywa na kupuj\u0105cym.<\/li>\n<li>P: Czy przesy\u0142ka jest dyskretna? O: Tak, przesy\u0142ka jest realizowana w neutralnym opakowaniu laboratoryjnym bez wskazania zawarto\u015bci, aby zapewni\u0107 bezpiecze\u0144stwo i dyskrecj\u0119.<\/li>\n<\/ul>\n<h2>Informacja prawna<\/h2>\n<p>Ten produkt jest <b>wy\u0142\u0105cznie do cel\u00f3w badawczych<\/b> ustalone. Dokonuj\u0105c zakupu, kupuj\u0105cy potwierdza bez zastrze\u017ce\u0144:<\/p>\n<ul>\n<li>The <b>U\u017cywaj tylko w legalnych, autoryzowanych \u015brodowiskach badawczych<\/b>.<\/li>\n<li>The <b>Zgodno\u015b\u0107 ze wszystkimi obowi\u0105zuj\u0105cymi przepisami i regulacjami<\/b> odpowiednich przepis\u00f3w krajowych dotycz\u0105cych chemikali\u00f3w badawczych i nowych substancji.<\/li>\n<li>The <b>Wdro\u017cenie odpowiednich \u015brodk\u00f3w bezpiecze\u0144stwa<\/b> w celu ochrony personelu i zminimalizowania ryzyka.<\/li>\n<li>The <b>Zakaz nieautoryzowanego u\u017cytkowania<\/b>, w tym spo\u017cycie przez ludzi lub zwierz\u0119ta, jest \u015bci\u015ble przestrzegane.<\/li>\n<\/ul>","protected":false},"excerpt":{"rendered":"<p>Kup bibu\u0142ki 1D-LSD 150mcg: Chemikalia badawcze w precyzyjnie dozowanych bibu\u0142kach do pracy naukowej. Wy\u0142\u0105cznie do cel\u00f3w badawczych w \u015brodowiskach laboratoryjnych.<\/p>","protected":false},"featured_media":7245,"comment_status":"open","ping_status":"closed","template":"","meta":{"_joinchat":[]},"product_brand":[],"product_cat":[43,55],"product_tag":[],"class_list":{"0":"post-7219","1":"product","2":"type-product","3":"status-publish","4":"has-post-thumbnail","6":"product_cat-chemgramx","7":"product_cat-lysergamides","9":"first","10":"instock","11":"shipping-taxable","12":"purchasable","13":"product-type-variable"},"yoast_head":"<!-- This site is optimized with the Yoast SEO plugin v27.5 - https:\/\/yoast.com\/product\/yoast-seo-wordpress\/ -->\n<title>1D-LSD Blotters Kaufen | 150mcg | Research ChemicalChemgramx<\/title>\n<meta name=\"description\" content=\"1D-LSD 150mcg Blotters kaufen - Forschungschemikalie in Blotter-Form. F\u00fcr wissenschaftliche Analysen. Laborgepr\u00fcft &amp; diskret.\" \/>\n<meta name=\"robots\" content=\"index, follow, max-snippet:-1, max-image-preview:large, max-video-preview:-1\" \/>\n<link rel=\"canonical\" href=\"https:\/\/chemgramx.com\/pl\/produkt-1\/kup-blottery-1d-lsd-150mcg\/\" \/>\n<meta property=\"og:locale\" content=\"pl_PL\" \/>\n<meta property=\"og:type\" content=\"article\" \/>\n<meta property=\"og:title\" content=\"1D-LSD Blotters Kaufen | 150mcg | Research ChemicalChemgramx\" \/>\n<meta property=\"og:description\" content=\"1D-LSD 150mcg Blotters kaufen - Forschungschemikalie in Blotter-Form. F\u00fcr wissenschaftliche Analysen. Laborgepr\u00fcft &amp; diskret.\" \/>\n<meta property=\"og:url\" content=\"https:\/\/chemgramx.com\/pl\/produkt-1\/kup-blottery-1d-lsd-150mcg\/\" \/>\n<meta property=\"og:site_name\" content=\"Chemgramx\" \/>\n<meta property=\"article:modified_time\" content=\"2025-12-09T07:29:03+00:00\" \/>\n<meta property=\"og:image\" content=\"https:\/\/chemgramx.com\/wp-content\/uploads\/2025\/11\/1d-lsd-150mcg-blotters-chem-store-online.png\" \/>\n\t<meta property=\"og:image:width\" content=\"659\" \/>\n\t<meta property=\"og:image:height\" content=\"561\" \/>\n\t<meta property=\"og:image:type\" content=\"image\/png\" \/>\n<meta name=\"twitter:card\" content=\"summary_large_image\" \/>\n<meta name=\"twitter:label1\" content=\"Szacowany czas czytania\" \/>\n\t<meta name=\"twitter:data1\" content=\"5 minut\" \/>\n<script type=\"application\/ld+json\" class=\"yoast-schema-graph\">{\"@context\":\"https:\\\/\\\/schema.org\",\"@graph\":[{\"@type\":\"WebPage\",\"@id\":\"https:\\\/\\\/chemgramx.com\\\/product\\\/1d-lsd-150mcg-blotters-kaufen\\\/\",\"url\":\"https:\\\/\\\/chemgramx.com\\\/product\\\/1d-lsd-150mcg-blotters-kaufen\\\/\",\"name\":\"1D-LSD Blotters Kaufen | 150mcg | Research ChemicalChemgramx\",\"isPartOf\":{\"@id\":\"https:\\\/\\\/chemgramx.com\\\/#website\"},\"primaryImageOfPage\":{\"@id\":\"https:\\\/\\\/chemgramx.com\\\/product\\\/1d-lsd-150mcg-blotters-kaufen\\\/#primaryimage\"},\"image\":{\"@id\":\"https:\\\/\\\/chemgramx.com\\\/product\\\/1d-lsd-150mcg-blotters-kaufen\\\/#primaryimage\"},\"thumbnailUrl\":\"https:\\\/\\\/chemgramx.com\\\/wp-content\\\/uploads\\\/2025\\\/11\\\/1d-lsd-150mcg-blotters-chem-store-online.png\",\"datePublished\":\"2025-11-21T11:13:36+00:00\",\"dateModified\":\"2025-12-09T07:29:03+00:00\",\"description\":\"1D-LSD 150mcg Blotters kaufen - Forschungschemikalie in Blotter-Form. F\u00fcr wissenschaftliche Analysen. Laborgepr\u00fcft & diskret.\",\"breadcrumb\":{\"@id\":\"https:\\\/\\\/chemgramx.com\\\/product\\\/1d-lsd-150mcg-blotters-kaufen\\\/#breadcrumb\"},\"inLanguage\":\"pl-PL\",\"potentialAction\":[{\"@type\":\"ReadAction\",\"target\":[\"https:\\\/\\\/chemgramx.com\\\/product\\\/1d-lsd-150mcg-blotters-kaufen\\\/\"]}]},{\"@type\":\"ImageObject\",\"inLanguage\":\"pl-PL\",\"@id\":\"https:\\\/\\\/chemgramx.com\\\/product\\\/1d-lsd-150mcg-blotters-kaufen\\\/#primaryimage\",\"url\":\"https:\\\/\\\/chemgramx.com\\\/wp-content\\\/uploads\\\/2025\\\/11\\\/1d-lsd-150mcg-blotters-chem-store-online.png\",\"contentUrl\":\"https:\\\/\\\/chemgramx.com\\\/wp-content\\\/uploads\\\/2025\\\/11\\\/1d-lsd-150mcg-blotters-chem-store-online.png\",\"width\":659,\"height\":561},{\"@type\":\"BreadcrumbList\",\"@id\":\"https:\\\/\\\/chemgramx.com\\\/product\\\/1d-lsd-150mcg-blotters-kaufen\\\/#breadcrumb\",\"itemListElement\":[{\"@type\":\"ListItem\",\"position\":1,\"name\":\"Home\",\"item\":\"https:\\\/\\\/chemgramx.com\\\/\"},{\"@type\":\"ListItem\",\"position\":2,\"name\":\"Shop\",\"item\":\"https:\\\/\\\/chemgramx.com\\\/shop\\\/\"},{\"@type\":\"ListItem\",\"position\":3,\"name\":\"1D-LSD 150mcg Blotters kaufen\"}]},{\"@type\":\"WebSite\",\"@id\":\"https:\\\/\\\/chemgramx.com\\\/#website\",\"url\":\"https:\\\/\\\/chemgramx.com\\\/\",\"name\":\"Chemgramx\",\"description\":\"\",\"publisher\":{\"@id\":\"https:\\\/\\\/chemgramx.com\\\/#organization\"},\"potentialAction\":[{\"@type\":\"SearchAction\",\"target\":{\"@type\":\"EntryPoint\",\"urlTemplate\":\"https:\\\/\\\/chemgramx.com\\\/?s={search_term_string}\"},\"query-input\":{\"@type\":\"PropertyValueSpecification\",\"valueRequired\":true,\"valueName\":\"search_term_string\"}}],\"inLanguage\":\"pl-PL\"},{\"@type\":\"Organization\",\"@id\":\"https:\\\/\\\/chemgramx.com\\\/#organization\",\"name\":\"Chemgramx\",\"url\":\"https:\\\/\\\/chemgramx.com\\\/\",\"logo\":{\"@type\":\"ImageObject\",\"inLanguage\":\"pl-PL\",\"@id\":\"https:\\\/\\\/chemgramx.com\\\/#\\\/schema\\\/logo\\\/image\\\/\",\"url\":\"https:\\\/\\\/chemgramx.com\\\/wp-content\\\/uploads\\\/2024\\\/10\\\/final-logo.png\",\"contentUrl\":\"https:\\\/\\\/chemgramx.com\\\/wp-content\\\/uploads\\\/2024\\\/10\\\/final-logo.png\",\"width\":250,\"height\":48,\"caption\":\"Chemgramx\"},\"image\":{\"@id\":\"https:\\\/\\\/chemgramx.com\\\/#\\\/schema\\\/logo\\\/image\\\/\"}}]}<\/script>\n<!-- \/ Yoast SEO plugin. -->","yoast_head_json":{"title":"Kup 1D-LSD Blotters | 150mcg | Research ChemicalChemgramx","description":"Kup 1D-LSD 150mcg Blotters - Badawczy \u015brodek chemiczny w formie blotter\u00f3w. Do analiz naukowych. Testowane laboratoryjnie i dyskretne.","robots":{"index":"index","follow":"follow","max-snippet":"max-snippet:-1","max-image-preview":"max-image-preview:large","max-video-preview":"max-video-preview:-1"},"canonical":"https:\/\/chemgramx.com\/pl\/produkt-1\/kup-blottery-1d-lsd-150mcg\/","og_locale":"pl_PL","og_type":"article","og_title":"1D-LSD Blotters Kaufen | 150mcg | Research ChemicalChemgramx","og_description":"1D-LSD 150mcg Blotters kaufen - Forschungschemikalie in Blotter-Form. F\u00fcr wissenschaftliche Analysen. Laborgepr\u00fcft & diskret.","og_url":"https:\/\/chemgramx.com\/pl\/produkt-1\/kup-blottery-1d-lsd-150mcg\/","og_site_name":"Chemgramx","article_modified_time":"2025-12-09T07:29:03+00:00","og_image":[{"width":659,"height":561,"url":"https:\/\/chemgramx.com\/wp-content\/uploads\/2025\/11\/1d-lsd-150mcg-blotters-chem-store-online.png","type":"image\/png"}],"twitter_card":"summary_large_image","twitter_misc":{"Szacowany czas czytania":"5 minut"},"schema":{"@context":"https:\/\/schema.org","@graph":[{"@type":"WebPage","@id":"https:\/\/chemgramx.com\/product\/1d-lsd-150mcg-blotters-kaufen\/","url":"https:\/\/chemgramx.com\/product\/1d-lsd-150mcg-blotters-kaufen\/","name":"Kup 1D-LSD Blotters | 150mcg | Research ChemicalChemgramx","isPartOf":{"@id":"https:\/\/chemgramx.com\/#website"},"primaryImageOfPage":{"@id":"https:\/\/chemgramx.com\/product\/1d-lsd-150mcg-blotters-kaufen\/#primaryimage"},"image":{"@id":"https:\/\/chemgramx.com\/product\/1d-lsd-150mcg-blotters-kaufen\/#primaryimage"},"thumbnailUrl":"https:\/\/chemgramx.com\/wp-content\/uploads\/2025\/11\/1d-lsd-150mcg-blotters-chem-store-online.png","datePublished":"2025-11-21T11:13:36+00:00","dateModified":"2025-12-09T07:29:03+00:00","description":"Kup 1D-LSD 150mcg Blotters - Badawczy \u015brodek chemiczny w formie blotter\u00f3w. Do analiz naukowych. Testowane laboratoryjnie i dyskretne.","breadcrumb":{"@id":"https:\/\/chemgramx.com\/product\/1d-lsd-150mcg-blotters-kaufen\/#breadcrumb"},"inLanguage":"pl-PL","potentialAction":[{"@type":"ReadAction","target":["https:\/\/chemgramx.com\/product\/1d-lsd-150mcg-blotters-kaufen\/"]}]},{"@type":"ImageObject","inLanguage":"pl-PL","@id":"https:\/\/chemgramx.com\/product\/1d-lsd-150mcg-blotters-kaufen\/#primaryimage","url":"https:\/\/chemgramx.com\/wp-content\/uploads\/2025\/11\/1d-lsd-150mcg-blotters-chem-store-online.png","contentUrl":"https:\/\/chemgramx.com\/wp-content\/uploads\/2025\/11\/1d-lsd-150mcg-blotters-chem-store-online.png","width":659,"height":561},{"@type":"BreadcrumbList","@id":"https:\/\/chemgramx.com\/product\/1d-lsd-150mcg-blotters-kaufen\/#breadcrumb","itemListElement":[{"@type":"ListItem","position":1,"name":"Home","item":"https:\/\/chemgramx.com\/"},{"@type":"ListItem","position":2,"name":"Shop","item":"https:\/\/chemgramx.com\/shop\/"},{"@type":"ListItem","position":3,"name":"1D-LSD 150mcg Blotters kaufen"}]},{"@type":"WebSite","@id":"https:\/\/chemgramx.com\/#website","url":"https:\/\/chemgramx.com\/","name":"Chemgramx","description":"","publisher":{"@id":"https:\/\/chemgramx.com\/#organization"},"potentialAction":[{"@type":"SearchAction","target":{"@type":"EntryPoint","urlTemplate":"https:\/\/chemgramx.com\/?s={search_term_string}"},"query-input":{"@type":"PropertyValueSpecification","valueRequired":true,"valueName":"search_term_string"}}],"inLanguage":"pl-PL"},{"@type":"Organization","@id":"https:\/\/chemgramx.com\/#organization","name":"Chemgramx","url":"https:\/\/chemgramx.com\/","logo":{"@type":"ImageObject","inLanguage":"pl-PL","@id":"https:\/\/chemgramx.com\/#\/schema\/logo\/image\/","url":"https:\/\/chemgramx.com\/wp-content\/uploads\/2024\/10\/final-logo.png","contentUrl":"https:\/\/chemgramx.com\/wp-content\/uploads\/2024\/10\/final-logo.png","width":250,"height":48,"caption":"Chemgramx"},"image":{"@id":"https:\/\/chemgramx.com\/#\/schema\/logo\/image\/"}}]}},"_links":{"self":[{"href":"https:\/\/chemgramx.com\/pl\/wp-json\/wp\/v2\/product\/7219","targetHints":{"allow":["GET"]}}],"collection":[{"href":"https:\/\/chemgramx.com\/pl\/wp-json\/wp\/v2\/product"}],"about":[{"href":"https:\/\/chemgramx.com\/pl\/wp-json\/wp\/v2\/types\/product"}],"replies":[{"embeddable":true,"href":"https:\/\/chemgramx.com\/pl\/wp-json\/wp\/v2\/comments?post=7219"}],"wp:featuredmedia":[{"embeddable":true,"href":"https:\/\/chemgramx.com\/pl\/wp-json\/wp\/v2\/media\/7245"}],"wp:attachment":[{"href":"https:\/\/chemgramx.com\/pl\/wp-json\/wp\/v2\/media?parent=7219"}],"wp:term":[{"taxonomy":"product_brand","embeddable":true,"href":"https:\/\/chemgramx.com\/pl\/wp-json\/wp\/v2\/product_brand?post=7219"},{"taxonomy":"product_cat","embeddable":true,"href":"https:\/\/chemgramx.com\/pl\/wp-json\/wp\/v2\/product_cat?post=7219"},{"taxonomy":"product_tag","embeddable":true,"href":"https:\/\/chemgramx.com\/pl\/wp-json\/wp\/v2\/product_tag?post=7219"}],"curies":[{"name":"wp","href":"https:\/\/api.w.org\/{rel}","templated":true}]}}