{"id":7220,"date":"2025-11-21T11:13:36","date_gmt":"2025-11-21T11:13:36","guid":{"rendered":"https:\/\/chemgramx.com\/?post_type=product&#038;p=7220"},"modified":"2025-11-21T11:14:56","modified_gmt":"2025-11-21T11:14:56","slug":"kupic-bc-premo-cured-hash","status":"publish","type":"product","link":"https:\/\/chemgramx.com\/pl\/product\/bc-premo-cured-hash-kaufen\/","title":{"rendered":"Kup suszony hasz BC Premo"},"content":{"rendered":"<p>Odkryj <b>BC Premo Cured Hash<\/b>, a <b>Starannie dojrzewaj\u0105cy haszysz premium<\/b>, kt\u00f3ra jest uznawana za wyj\u0105tkow\u0105 jako\u015b\u0107 i <b>Zr\u00f3wnowa\u017cony profil skuteczno\u015bci<\/b> jest dobrze znany. Ten wy\u015bmienity koncentrat pochodzi z <b>Kolumbia Brytyjska, Kanada<\/b>, regionu, kt\u00f3ry jest uznawany na ca\u0142ym \u015bwiecie za pierwszorz\u0119dne produkty z konopi indyjskich. Produkcja odbywa si\u0119 pod <b>najsurowsze standardy jako\u015bci<\/b>, co gwarantuje czysto\u015b\u0107 i sp\u00f3jno\u015b\u0107 tego produktu. Je\u015bli cenisz <b>Tradycyjna kultura haszyszowa<\/b> oraz <b>Intensywny, wielowarstwowy smak<\/b> BC Premo Cured Hash to idealny wyb\u00f3r. Oferuje unikalne po\u0142\u0105czenie <b>Jako\u015b\u0107 wykonania<\/b> i jeden <b>delikatny efekt<\/b>, \u017ce <b>Wszechstronny w u\u017cyciu<\/b> sprawia.<\/p>\n<p>Specjalno\u015b\u0107 tego haszyszu polega na jego <b>ostro\u017cne dojrzewanie<\/b>. W przeciwie\u0144stwie do odmian niedojrzewaj\u0105cych, BC Premo Cured Hash jest poddawany procesowi <b>Powolne, kontrolowane utwardzanie<\/b>, \u017ce <b>Smak<\/b> i <b>Efekt<\/b> zoptymalizowany. Ten proces dojrzewania, znany r\u00f3wnie\u017c jako \u201eutwardzanie\u201c, jest oznak\u0105 najwy\u017cszego poziomu optymalizacji. <b>Rzemios\u0142o<\/b> i prowadzi do <b>pe\u0142ny smak<\/b> i z\u0142o\u017cony profil smakowy, kt\u00f3ry tak bardzo doceniaj\u0105 koneserzy. Zam\u00f3w ten produkt premium ju\u017c teraz, aby do\u015bwiadczy\u0107 najwy\u017cszej kanadyjskiej jako\u015bci z pierwszej r\u0119ki.<\/p>\n<h2>Co sprawia, \u017ce BC Premo Cured Hash jest tak wyj\u0105tkowy?<\/h2>\n<p>BC Premo Cured Hash wyr\u00f3\u017cnia si\u0119 na tle innych odmian haszyszu dzi\u0119ki konsekwentnemu przestrzeganiu tradycyjnych metod i kanadyjskiemu pochodzeniu. Ka\u017cda z tych cech przyczynia si\u0119 do <b>Jako\u015b\u0107 premium<\/b> kt\u00f3ra zosta\u0142a za\u0142o\u017cona w Kolumbii Brytyjskiej.<\/p>\n<h3>Staranne dojrzewanie: klucz do jako\u015bci<\/h3>\n<p>Termin \u201eutwardzony\u201c opisuje rdze\u0144 procesu produkcyjnego. Opisuje on <b>Powolne, kontrolowane utwardzanie<\/b> przez okre\u015blony czas. Proces ten jest kluczowy, poniewa\u017c<\/p>\n<ul>\n<li>Wilgotno\u015b\u0107 produktu ko\u0144cowego stabilizuje si\u0119.<\/li>\n<li>The <b>Terpeny<\/b> dalej rozwijane i udoskonalane, w wyniku czego <b>intensywne i z\u0142o\u017cone <a href=\"\/product\/blackberry-kush-bubble-hash-kaufen\/\">Profil smakowy<\/a><\/b> prowadzi.<\/li>\n<li>The <b>Potencja<\/b> ustabilizowa\u0142 si\u0119 i <b>Profil efektu<\/b> zharmonizowane.<\/li>\n<\/ul>\n<p>To skupienie si\u0119 na <b>Staranne dojrzewanie<\/b> zapewnia, \u017ce haszysz <b>Optymalna jako\u015b\u0107<\/b> osi\u0105gni\u0119ty i <b>Pe\u0142ny smak<\/b> kt\u00f3ry jest powy\u017cej normy.<\/p>\n<h3>Perfekcja wykonania<\/h3>\n<p>The <b>Jako\u015b\u0107 wykonania<\/b> to kolejny kamie\u0144 w\u0119gielny tego produktu. B\u0119dzie to <b>Tradycyjne procesy produkcyjne<\/b> \u017bywica ro\u015blin jest starannie przetwarzana. Metody te gwarantuj\u0105 zachowanie wra\u017cliwych sk\u0142adnik\u00f3w i wysok\u0105 jako\u015b\u0107 produktu ko\u0144cowego. <b>Jednolita i jednorodna tekstura<\/b> pokazuje. Pochodzenie od <b>Kolumbia Brytyjska, Kanada<\/b>, gwarantuje zgodno\u015b\u0107 z rygorystycznymi, uznanymi na ca\u0142ym \u015bwiecie standardami. <b>Standardy jako\u015bci<\/b>.<\/p>\n<h3>Efekt i wszechstronno\u015b\u0107<\/h3>\n<p>BC Premo Cured Hash jest szczeg\u00f3lnie dobrze znany ze swojego <b>Delikatny efekt<\/b>. Jest to <b>Zr\u00f3wnowa\u017cony i wszechstronny<\/b>, co czyni j\u0105 idealn\u0105 na r\u00f3\u017cne okazje. Oferuje przyjemn\u0105 r\u00f3wnowag\u0119 mi\u0119dzy relaksem fizycznym a jasno\u015bci\u0105 umys\u0142u, dzi\u0119ki czemu jest odpowiedni zar\u00f3wno dla pocz\u0105tkuj\u0105cych, jak i do\u015bwiadczonych konsument\u00f3w, kt\u00f3rzy <b>Preferuj \u0142agodne odmiany<\/b>, to doskona\u0142y wyb\u00f3r.<\/p>\n<h2>Szczeg\u00f3\u0142y produktu w skr\u00f3cie<\/h2>\n<p>Specyfikacje BC Premo Cured Hash odzwierciedlaj\u0105 jego w\u0142a\u015bciwo\u015bci. <b>Jako\u015b\u0107 premium<\/b> i pom\u00f3c w rozpoznaniu specjalnych <b>W\u0142a\u015bciwo\u015bci<\/b> zrozumie\u0107.<\/p>\n<h3>W\u0142a\u015bciwo\u015bci<\/h3>\n<ul>\n<li><b>Pochodzenie:<\/b> Haszysz pochodzi z <b>Kolumbia Brytyjska, Kanada<\/b>, hotspot dla innowacji i jako\u015bci konopi indyjskich.<\/li>\n<li><b>Sp\u00f3jno\u015b\u0107:<\/b> The <b>Sp\u00f3jno\u015b\u0107<\/b> jest <b>Mocny, ale elastyczny<\/b>, co pozwala na \u0142atw\u0105 obs\u0142ug\u0119 i porcjowanie.<\/li>\n<li><b>Kolor:<\/b> Prezentuje si\u0119 w nast\u0119puj\u0105cy spos\u00f3b <b>Ciemnobr\u0105zowy kolor ze z\u0142otymi refleksami<\/b>, wizualny znak procesu dojrzewania i st\u0119\u017cenia \u017cywicy.<\/li>\n<li><b>Tekstura:<\/b> The <b>Tekstura<\/b> jest <b>Jednolity i jednorodny<\/b>, co przemawia na korzy\u015b\u0107 czystego i tradycyjnego przetwarzania.<\/li>\n<\/ul>\n<h3>Profil sensoryczny<\/h3>\n<p>The <b>Intensywny smak<\/b> i <b>z\u0142o\u017cony profil smakowy<\/b> s\u0105 wynikiem <b>Staranne dojrzewanie<\/b>.<\/p>\n<ul>\n<li><b>Smak:<\/b> The <b>Smak<\/b> jest <b>Ziemisto-korzenny z drzewnymi niuansami<\/b>, klasyczny i g\u0142\u0119boki profil zapachowy.<\/li>\n<li><b>Smak:<\/b> The <b>Smak<\/b> jest <b>Pe\u0142ny<\/b> i z\u0142o\u017cone, dope\u0142nione przez <b>S\u0142odkawy odcie\u0144<\/b>.<\/li>\n<li><b>Zachowania zwi\u0105zane z paleniem tytoniu:<\/b> The <b>Zachowania zwi\u0105zane z paleniem<\/b> jest <b>Delikatny i przyjemny<\/b> i <b>Spalanie<\/b> jest <b>Jednolity i czysty<\/b>, co przemawia za wysok\u0105 czysto\u015bci\u0105 i niskim zanieczyszczeniem produktu.<\/li>\n<\/ul>\n<h2>Profil dzia\u0142ania i zastosowanie<\/h2>\n<p>BC Premo Cured Hash zapewnia <b>zr\u00f3wnowa\u017cony i wszechstronny<\/b> skuteczny profil, kt\u00f3ry mo\u017cna idealnie zintegrowa\u0107 z codziennym \u017cyciem. The <b>D\u0142ugotrwa\u0142y efekt<\/b> zapewnia d\u0142ugotrwa\u0142\u0105 przyjemno\u015b\u0107 z u\u017cytkowania.<\/p>\n<h3>W\u0142a\u015bciwo\u015bci efektu<\/h3>\n<p>Haszysz charakteryzuje si\u0119 harmonijnym dzia\u0142aniem, kt\u00f3re odr\u00f3\u017cnia go od silnych, uspokajaj\u0105cych odmian.<\/p>\n<ul>\n<li><b>Pocz\u0105tek dzia\u0142ania:<\/b> The <b>Pocz\u0105tek dzia\u0142ania<\/b> jest <b>Delikatny i stopniowy<\/b>, co zapewnia dobr\u0105 sterowalno\u015b\u0107.<\/li>\n<li><b>Efekt cia\u0142a:<\/b> The <b>Efekt cia\u0142a<\/b> jest <b>Relaks i przytulno\u015b\u0107<\/b>, idealny do \u0142agodzenia napi\u0119cia.<\/li>\n<li><b>Efekt psychiczny:<\/b> The <b>Efekt psychiczny<\/b> jest <b>Przejrzysty i zr\u00f3wnowa\u017cony<\/b>, Promuje spok\u00f3j bez nadmiernego t\u0142umienia.<\/li>\n<li><b>Czas dzia\u0142ania:<\/b> The <b>Czas trwania dzia\u0142ania<\/b> jest <b>D\u0142ugotrwa\u0142y<\/b> (2-4 godziny), co pozwala na d\u0142ugotrwa\u0142\u0105 przyjemno\u015b\u0107.<\/li>\n<\/ul>\n<h3>Idealne obszary zastosowa\u0144<\/h3>\n<p>Dzi\u0119ki zr\u00f3wnowa\u017conemu profilowi, BC Premo Cured Hash nadaje si\u0119 do r\u00f3\u017cnych sytuacji:<\/p>\n<ul>\n<li><b>Relaks:<\/b> Jest to <b>Idealny po pracy<\/b>, aby zako\u0144czy\u0107 dzie\u0144 w mi\u0142ej atmosferze.<\/li>\n<li><b>Spotkania towarzyskie:<\/b> Idealny <b>Na relaksuj\u0105ce spotkania<\/b> z przyjaci\u00f3\u0142mi, poniewa\u017c efekt psychiczny <b>Przejrzysty i zr\u00f3wnowa\u017cony<\/b> pozostaje.<\/li>\n<li><b>Kreatywno\u015b\u0107:<\/b> Mo\u017ce by\u0107 u\u017cywany do <b>Promowanie przep\u0142ywu pomys\u0142\u00f3w<\/b> i uwolni\u0107 niewielkie blokady mentalne.<\/li>\n<li><b>Codzienne wsparcie:<\/b> Mo\u017ce by\u0107 u\u017cywany do obs\u0142ugi <b>W przypadku \u0142agodnych dolegliwo\u015bci<\/b> lub og\u00f3lny wzrost dobrego samopoczucia.<\/li>\n<\/ul>\n<h3>Metody konsumpcji<\/h3>\n<p>The <b>Twarda, ale g\u0142adka konsystencja<\/b> haszyszu sprawia, \u017ce nadaje si\u0119 on do r\u00f3\u017cnych <b>Metody konsumpcji<\/b> dost\u0119pne.<\/p>\n<h3>Tradycyjne sposoby<\/h3>\n<ul>\n<li><b>W stawie:<\/b> Ze wzgl\u0119du na <b>Nawet spalanie<\/b> idealnie nadaje si\u0119 do mieszania z zio\u0142ami.<\/li>\n<li><b>Rura:<\/b> Umo\u017cliwia <b>Bezpo\u015bredni rozw\u00f3j efektu<\/b> dla bardziej intensywnego smaku.<\/li>\n<li><b>Czysty:<\/b> Czy <b>Czysty smak<\/b> z <b>Pe\u0142ny<\/b> oraz <b>Ziemisto-korzenny<\/b> smaki.<\/li>\n<\/ul>\n<h3>Nowoczesna aplikacja<\/h3>\n<ul>\n<li><b>Waporyzator:<\/b> The <b>Delikatne odparowywanie<\/b> optymalnie zachowuje wra\u017cliwe terpeny i zapewnia najczystszy smak.<\/li>\n<li><b>Bong:<\/b> W\u0142\u0105cza <b>Ch\u0142odzona przyjemno\u015b\u0107<\/b> i delikatne wdychanie.<\/li>\n<li><b>Kuchnia:<\/b> Mo\u017ce r\u00f3wnie\u017c <b>Dla kulinarnych kreacji<\/b> aby osi\u0105gn\u0105\u0107 d\u0142ugotrwa\u0142y efekt.<\/li>\n<\/ul>\n<h2>Przechowywanie i \u015bwie\u017co\u015b\u0107<\/h2>\n<p>Prawo <b>Przechowywanie<\/b> ma kluczowe znaczenie dla <b>Minimalny okres przechowywania<\/b> i zagwarantowa\u0107 <b>Utrzymanie jako\u015bci<\/b> z <b>dojrza\u0142y haszysz premium<\/b> do zabezpieczenia.<\/p>\n<h3>Optymalne przechowywanie<\/h3>\n<p>Aby zoptymalizowa\u0107 <b>Optymalna jako\u015b\u0107<\/b> i <b>Pe\u0142ny smak<\/b> nale\u017cy przestrzega\u0107 nast\u0119puj\u0105cych warunk\u00f3w:<\/p>\n<ul>\n<li><b>Temperatura:<\/b> Ch\u0142odne przechowywanie pomi\u0119dzy <b>18-22\u00b0C<\/b> jest idealny do utrzymania konsystencji i \u015bwie\u017co\u015bci.<\/li>\n<li><b>Wilgotno\u015b\u0107:<\/b> Kontrolowany <b>Wilgotno\u015b\u0107 55-62%<\/b> zapobiega zar\u00f3wno wysychaniu, jak i rozwojowi ple\u015bni.<\/li>\n<li><b>Pojemnik:<\/b> Powinien on znajdowa\u0107 si\u0119 w <b>Pojemnik chroni\u0105cy smak<\/b> kt\u00f3ry zatrzymuje lotne aromaty i chroni produkt przed wp\u0142ywami \u015brodowiska.<\/li>\n<li><b>\u015awiat\u0142o:<\/b> Produkt musi <b>Chroni\u0107 przed bezpo\u015brednim dzia\u0142aniem promieni s\u0142onecznych<\/b> przechowywane, poniewa\u017c \u015bwiat\u0142o UV mo\u017ce rozk\u0142ada\u0107 kannabinoidy.<\/li>\n<\/ul>\n<h3>Trwa\u0142o\u015b\u0107<\/h3>\n<p>Je\u015bli zalecane warunki s\u0105 przestrzegane <b>Minimalny okres trwa\u0142o\u015bci 6-12 miesi\u0119cy<\/b> gwarantowane. The <b>Utrzymanie jako\u015bci<\/b> jest tylko <b>Przy odpowiednim przechowywaniu<\/b> zabezpieczone w tym d\u0142ugim okresie.<\/p>\n<h2>Cz\u0119sto zadawane pytania (FAQ)<\/h2>\n<p>Aby zapewni\u0107 wszystkie wa\u017cne informacje dotycz\u0105ce zakupu, odpowiadamy na najcz\u0119\u015bciej zadawane pytania dotycz\u0105ce <b>BC Premo Cured Hash<\/b>.<\/p>\n<p><b>P: Co oznacza \u201eutwardzony\u201c w przypadku haszyszu?<\/b><br \/>\nO: \u201eWyleczony\u201c odnosi si\u0119 do konkretnego <b>Proces dojrzewania<\/b>, przez kt\u00f3ry przechodzi haszysz. Ten proces, czyli <b>Powolne, kontrolowane utwardzanie<\/b>, jest przeznaczony do <b>Smak i efekt<\/b> produktu ko\u0144cowego w celu zintensyfikowania i ulepszenia <b>Optymalna jako\u015b\u0107<\/b> do osi\u0105gni\u0119cia.<\/p>\n<p><b>P: Dla kogo ten rodzaj haszyszu jest idealny?<br \/>\n<\/b> O: Ten haszysz nie jest odpowiedni dla <b>Delikatny efekt<\/b> i <b>zr\u00f3wnowa\u017cony profil skuteczno\u015bci<\/b> <b>Idealny dla pocz\u0105tkuj\u0105cych<\/b> i dla <b>ci, kt\u00f3rzy preferuj\u0105 \u0142agodne odmiany<\/b> i szukaj\u0105 wszechstronnego produktu.<\/p>\n<p><b>P: Jakie jest dzia\u0142anie BC Premo Cured Hash?<\/b><br \/>\nO: Efekt jest nast\u0119puj\u0105cy <b>Zr\u00f3wnowa\u017cony i wszechstronny<\/b>, z <b>\u0141agodny i stopniowy pocz\u0105tek dzia\u0142ania<\/b>. Charakteryzuje si\u0119 on <b>Relaksuj\u0105cy i przytulny efekt dla cia\u0142a<\/b> z jednoczesnym <b>Klarowno\u015b\u0107 i r\u00f3wnowaga<\/b> w obszarze mentalnym.<\/p>\n<p><b>P: Jaki spos\u00f3b konsumpcji jest szczeg\u00f3lnie zalecany w przypadku tego dojrza\u0142ego haszyszu?<\/b><br \/>\nO: Aby uzyska\u0107 najlepsze wra\u017cenia z tego <b>pe\u0142ny smak<\/b> aplikacja <b>Szczeg\u00f3lnie dobrze sprawdza si\u0119 w jointach lub waporyzatorach<\/b> zalecane. Waporyzator umo\u017cliwia <b>Delikatne odparowywanie<\/b>, w celu <b>Intensywny i z\u0142o\u017cony profil smakowy<\/b> rozwija\u0107 si\u0119 najlepiej.<\/p>\n<p><b>P: Jaki jest najlepszy spos\u00f3b dawkowania BC Premo Cured Hash?<\/b><br \/>\nO: Jest to og\u00f3lnie zalecane, <b>Zacznij od ma\u0142ych ilo\u015bci i zwi\u0119kszaj je ostro\u017cnie<\/b>, przeanalizowa\u0107 indywidualn\u0105 reakcj\u0119 na <b>Zr\u00f3wnowa\u017cony profil dzia\u0142ania<\/b> do przetestowania.<\/p>\n<h2>Obs\u0142uga i zamawianie<\/h2>\n<p>Gwarantujemy sprawny i godny zaufania proces zakupu, aby zapewni\u0107 Ci <b>BC Premo Cured Hash<\/b> z <b>Kolumbia Brytyjska<\/b> szybko i bezpiecznie.<\/p>\n<h4>Dyskretna obs\u0142uga<\/h4>\n<p>Tw\u00f3j <b>Dyskrecja<\/b> jest naszym priorytetem. Gwarantujemy <b>Dyskretna obs\u0142uga<\/b> poprzez wykorzystanie <b>Neutralne opakowanie<\/b>, tak, \u017ce zawarto\u015b\u0107 nie mo\u017ce by\u0107 rozpoznana z zewn\u0105trz. The <b>Bezpieczne przetwarzanie<\/b> ca\u0142ego procesu zamawiania chroni prywatno\u015b\u0107 u\u017cytkownika.<\/p>\n<h4>Zam\u00f3w korzy\u015bci<\/h4>\n<p>Oferujemy <b>Szybka wysy\u0142ka<\/b> oraz <b>Wsparcie osobiste<\/b> W razie jakichkolwiek pyta\u0144 prosimy o kontakt z naszym dzia\u0142em obs\u0142ugi klienta. The <b>\u0141atwe zamawianie<\/b> jest mo\u017cliwe w zaledwie kilku krokach.<\/p>\n<h4>\u0141atwe zamawianie<\/h4>\n<ol start=\"1\">\n<li><b>Wybierz ilo\u015b\u0107:<\/b> Do wyboru s\u0105 nast\u0119puj\u0105ce opcje <b>10g, 25g, 50g lub 100g<\/b> w zale\u017cno\u015bci od potrzeb.<\/li>\n<li><b>Dodaj do koszyka:<\/b> Dodaj <b>Dodaj \u017c\u0105dany produkt<\/b>.<\/li>\n<li><b>P\u0142atno\u015b\u0107:<\/b> The <b>P\u0142atno\u015b\u0107<\/b> odbywa si\u0119 za po\u015brednictwem <b>Bezpieczna transakcja<\/b>.<\/li>\n<li><b>Dostawa:<\/b> The <b>Dostawa<\/b> ma miejsce <b>Dyskretnie w ci\u0105gu 1-3 dni roboczych<\/b>.<\/li>\n<\/ol>\n<h3>Poznaj kanadyjskie rzemios\u0142o<\/h3>\n<p>The <b>BC Premo Cured Hash<\/b> jest symbolem <b>Jako\u015b\u0107 wykonania<\/b> oraz <b>Zr\u00f3wnowa\u017cony profil skuteczno\u015bci<\/b>, kt\u00f3re w <b>Kolumbia Brytyjska, Kanada<\/b>, zosta\u0142 udoskonalony. Jest <b>Idealny dla tych, kt\u00f3rzy ceni\u0105 sobie tradycyjn\u0105 kultur\u0119 haszyszow\u0105<\/b> i jednocze\u015bnie <b>Nacisk na \u0142agodne, wszechstronne odmiany<\/b>. Jest to produkt premium, kt\u00f3ry charakteryzuje si\u0119 <b>Staranne dojrzewanie<\/b> zapewnia niezapomniany smak i przyjemny efekt.<\/p>","protected":false},"excerpt":{"rendered":"<p><strong>Kup online BC Premo Cured Hash: Wysokiej jako\u015bci haszysz z Kolumbii Brytyjskiej, starannie suszony w celu uzyskania g\u0142adkiego, zr\u00f3wnowa\u017conego efektu i intensywnego smaku. Idealny do relaksu i przyjemno\u015bci. Dyskretny i bezpieczny.<\/strong><\/p>","protected":false},"featured_media":7246,"comment_status":"open","ping_status":"closed","template":"","meta":{"_joinchat":[]},"product_brand":[],"product_cat":[61],"product_tag":[2964,3153,3157,3047,2965,3155,3072,3154,3071,3156],"class_list":{"0":"post-7220","1":"product","2":"type-product","3":"status-publish","4":"has-post-thumbnail","6":"product_cat-hashish","7":"product_tag-ausgewogene-wirkung","8":"product_tag-bc-premo-cured-hash","9":"product_tag-british-columbia","10":"product_tag-cannabis","11":"product_tag-entspannend","12":"product_tag-gereift","13":"product_tag-handwerksqualitaet","14":"product_tag-kanadisches-haschisch","15":"product_tag-mild","16":"product_tag-premium-qualitaet","18":"first","19":"instock","20":"shipping-taxable","21":"purchasable","22":"product-type-variable"},"yoast_head":"<!-- This site is optimized with the Yoast SEO plugin v27.5 - https:\/\/yoast.com\/product\/yoast-seo-wordpress\/ -->\n<title>BC Premo Cured Hash Online Kaufen | Premium Qualit\u00e4t Chemgramx<\/title>\n<meta name=\"description\" content=\"BC Premo Cured Hash online kaufen - Hochwertiges, gereiftes Haschisch aus British Columbia. Sanfte Wirkung, intensives Aroma. Diskret &amp; frisch geliefert.\" \/>\n<meta name=\"robots\" content=\"index, follow, max-snippet:-1, max-image-preview:large, max-video-preview:-1\" \/>\n<link rel=\"canonical\" href=\"https:\/\/chemgramx.com\/pl\/produkt-1\/kupic-bc-premo-cured-hash\/\" \/>\n<meta property=\"og:locale\" content=\"pl_PL\" \/>\n<meta property=\"og:type\" content=\"article\" \/>\n<meta property=\"og:title\" content=\"BC Premo Cured Hash Online Kaufen | Premium Qualit\u00e4t Chemgramx\" \/>\n<meta property=\"og:description\" content=\"BC Premo Cured Hash online kaufen - Hochwertiges, gereiftes Haschisch aus British Columbia. Sanfte Wirkung, intensives Aroma. Diskret &amp; frisch geliefert.\" \/>\n<meta property=\"og:url\" content=\"https:\/\/chemgramx.com\/pl\/produkt-1\/kupic-bc-premo-cured-hash\/\" \/>\n<meta property=\"og:site_name\" content=\"Chemgramx\" \/>\n<meta property=\"article:modified_time\" content=\"2025-11-21T11:14:56+00:00\" \/>\n<meta property=\"og:image\" content=\"https:\/\/chemgramx.com\/wp-content\/uploads\/2025\/11\/bc-premo-cured-hash-online.png\" \/>\n\t<meta property=\"og:image:width\" content=\"250\" \/>\n\t<meta property=\"og:image:height\" content=\"237\" \/>\n\t<meta property=\"og:image:type\" content=\"image\/png\" \/>\n<meta name=\"twitter:card\" content=\"summary_large_image\" \/>\n<meta name=\"twitter:label1\" content=\"Szacowany czas czytania\" \/>\n\t<meta name=\"twitter:data1\" content=\"7 minut\" \/>\n<script type=\"application\/ld+json\" class=\"yoast-schema-graph\">{\"@context\":\"https:\\\/\\\/schema.org\",\"@graph\":[{\"@type\":\"WebPage\",\"@id\":\"https:\\\/\\\/chemgramx.com\\\/product\\\/bc-premo-cured-hash-kaufen\\\/\",\"url\":\"https:\\\/\\\/chemgramx.com\\\/product\\\/bc-premo-cured-hash-kaufen\\\/\",\"name\":\"BC Premo Cured Hash Online Kaufen | Premium Qualit\u00e4t Chemgramx\",\"isPartOf\":{\"@id\":\"https:\\\/\\\/chemgramx.com\\\/#website\"},\"primaryImageOfPage\":{\"@id\":\"https:\\\/\\\/chemgramx.com\\\/product\\\/bc-premo-cured-hash-kaufen\\\/#primaryimage\"},\"image\":{\"@id\":\"https:\\\/\\\/chemgramx.com\\\/product\\\/bc-premo-cured-hash-kaufen\\\/#primaryimage\"},\"thumbnailUrl\":\"https:\\\/\\\/chemgramx.com\\\/wp-content\\\/uploads\\\/2025\\\/11\\\/bc-premo-cured-hash-online.png\",\"datePublished\":\"2025-11-21T11:13:36+00:00\",\"dateModified\":\"2025-11-21T11:14:56+00:00\",\"description\":\"BC Premo Cured Hash online kaufen - Hochwertiges, gereiftes Haschisch aus British Columbia. Sanfte Wirkung, intensives Aroma. Diskret &amp; frisch geliefert.\",\"breadcrumb\":{\"@id\":\"https:\\\/\\\/chemgramx.com\\\/product\\\/bc-premo-cured-hash-kaufen\\\/#breadcrumb\"},\"inLanguage\":\"pl-PL\",\"potentialAction\":[{\"@type\":\"ReadAction\",\"target\":[\"https:\\\/\\\/chemgramx.com\\\/product\\\/bc-premo-cured-hash-kaufen\\\/\"]}]},{\"@type\":\"ImageObject\",\"inLanguage\":\"pl-PL\",\"@id\":\"https:\\\/\\\/chemgramx.com\\\/product\\\/bc-premo-cured-hash-kaufen\\\/#primaryimage\",\"url\":\"https:\\\/\\\/chemgramx.com\\\/wp-content\\\/uploads\\\/2025\\\/11\\\/bc-premo-cured-hash-online.png\",\"contentUrl\":\"https:\\\/\\\/chemgramx.com\\\/wp-content\\\/uploads\\\/2025\\\/11\\\/bc-premo-cured-hash-online.png\",\"width\":250,\"height\":237},{\"@type\":\"BreadcrumbList\",\"@id\":\"https:\\\/\\\/chemgramx.com\\\/product\\\/bc-premo-cured-hash-kaufen\\\/#breadcrumb\",\"itemListElement\":[{\"@type\":\"ListItem\",\"position\":1,\"name\":\"Home\",\"item\":\"https:\\\/\\\/chemgramx.com\\\/\"},{\"@type\":\"ListItem\",\"position\":2,\"name\":\"Shop\",\"item\":\"https:\\\/\\\/chemgramx.com\\\/shop\\\/\"},{\"@type\":\"ListItem\",\"position\":3,\"name\":\"BC Premo Cured Hash kaufen\"}]},{\"@type\":\"WebSite\",\"@id\":\"https:\\\/\\\/chemgramx.com\\\/#website\",\"url\":\"https:\\\/\\\/chemgramx.com\\\/\",\"name\":\"Chemgramx\",\"description\":\"\",\"publisher\":{\"@id\":\"https:\\\/\\\/chemgramx.com\\\/#organization\"},\"potentialAction\":[{\"@type\":\"SearchAction\",\"target\":{\"@type\":\"EntryPoint\",\"urlTemplate\":\"https:\\\/\\\/chemgramx.com\\\/?s={search_term_string}\"},\"query-input\":{\"@type\":\"PropertyValueSpecification\",\"valueRequired\":true,\"valueName\":\"search_term_string\"}}],\"inLanguage\":\"pl-PL\"},{\"@type\":\"Organization\",\"@id\":\"https:\\\/\\\/chemgramx.com\\\/#organization\",\"name\":\"Chemgramx\",\"url\":\"https:\\\/\\\/chemgramx.com\\\/\",\"logo\":{\"@type\":\"ImageObject\",\"inLanguage\":\"pl-PL\",\"@id\":\"https:\\\/\\\/chemgramx.com\\\/#\\\/schema\\\/logo\\\/image\\\/\",\"url\":\"https:\\\/\\\/chemgramx.com\\\/wp-content\\\/uploads\\\/2024\\\/10\\\/final-logo.png\",\"contentUrl\":\"https:\\\/\\\/chemgramx.com\\\/wp-content\\\/uploads\\\/2024\\\/10\\\/final-logo.png\",\"width\":250,\"height\":48,\"caption\":\"Chemgramx\"},\"image\":{\"@id\":\"https:\\\/\\\/chemgramx.com\\\/#\\\/schema\\\/logo\\\/image\\\/\"}}]}<\/script>\n<!-- \/ Yoast SEO plugin. -->","yoast_head_json":{"title":"BC Premo Cured Hash Kup online | Najwy\u017cszej jako\u015bci Chemgramx","description":"Kup online BC Premo Cured Hash - Wysokiej jako\u015bci, dojrza\u0142y haszysz z Kolumbii Brytyjskiej. Delikatny efekt, intensywny smak. Dyskretny i \u015bwie\u017co dostarczony.","robots":{"index":"index","follow":"follow","max-snippet":"max-snippet:-1","max-image-preview":"max-image-preview:large","max-video-preview":"max-video-preview:-1"},"canonical":"https:\/\/chemgramx.com\/pl\/produkt-1\/kupic-bc-premo-cured-hash\/","og_locale":"pl_PL","og_type":"article","og_title":"BC Premo Cured Hash Online Kaufen | Premium Qualit\u00e4t Chemgramx","og_description":"BC Premo Cured Hash online kaufen - Hochwertiges, gereiftes Haschisch aus British Columbia. Sanfte Wirkung, intensives Aroma. Diskret &amp; frisch geliefert.","og_url":"https:\/\/chemgramx.com\/pl\/produkt-1\/kupic-bc-premo-cured-hash\/","og_site_name":"Chemgramx","article_modified_time":"2025-11-21T11:14:56+00:00","og_image":[{"width":250,"height":237,"url":"https:\/\/chemgramx.com\/wp-content\/uploads\/2025\/11\/bc-premo-cured-hash-online.png","type":"image\/png"}],"twitter_card":"summary_large_image","twitter_misc":{"Szacowany czas czytania":"7 minut"},"schema":{"@context":"https:\/\/schema.org","@graph":[{"@type":"WebPage","@id":"https:\/\/chemgramx.com\/product\/bc-premo-cured-hash-kaufen\/","url":"https:\/\/chemgramx.com\/product\/bc-premo-cured-hash-kaufen\/","name":"BC Premo Cured Hash Kup online | Najwy\u017cszej jako\u015bci Chemgramx","isPartOf":{"@id":"https:\/\/chemgramx.com\/#website"},"primaryImageOfPage":{"@id":"https:\/\/chemgramx.com\/product\/bc-premo-cured-hash-kaufen\/#primaryimage"},"image":{"@id":"https:\/\/chemgramx.com\/product\/bc-premo-cured-hash-kaufen\/#primaryimage"},"thumbnailUrl":"https:\/\/chemgramx.com\/wp-content\/uploads\/2025\/11\/bc-premo-cured-hash-online.png","datePublished":"2025-11-21T11:13:36+00:00","dateModified":"2025-11-21T11:14:56+00:00","description":"Kup online BC Premo Cured Hash - Wysokiej jako\u015bci, dojrza\u0142y haszysz z Kolumbii Brytyjskiej. Delikatny efekt, intensywny smak. Dyskretny i \u015bwie\u017co dostarczony.","breadcrumb":{"@id":"https:\/\/chemgramx.com\/product\/bc-premo-cured-hash-kaufen\/#breadcrumb"},"inLanguage":"pl-PL","potentialAction":[{"@type":"ReadAction","target":["https:\/\/chemgramx.com\/product\/bc-premo-cured-hash-kaufen\/"]}]},{"@type":"ImageObject","inLanguage":"pl-PL","@id":"https:\/\/chemgramx.com\/product\/bc-premo-cured-hash-kaufen\/#primaryimage","url":"https:\/\/chemgramx.com\/wp-content\/uploads\/2025\/11\/bc-premo-cured-hash-online.png","contentUrl":"https:\/\/chemgramx.com\/wp-content\/uploads\/2025\/11\/bc-premo-cured-hash-online.png","width":250,"height":237},{"@type":"BreadcrumbList","@id":"https:\/\/chemgramx.com\/product\/bc-premo-cured-hash-kaufen\/#breadcrumb","itemListElement":[{"@type":"ListItem","position":1,"name":"Home","item":"https:\/\/chemgramx.com\/"},{"@type":"ListItem","position":2,"name":"Shop","item":"https:\/\/chemgramx.com\/shop\/"},{"@type":"ListItem","position":3,"name":"BC Premo Cured Hash kaufen"}]},{"@type":"WebSite","@id":"https:\/\/chemgramx.com\/#website","url":"https:\/\/chemgramx.com\/","name":"Chemgramx","description":"","publisher":{"@id":"https:\/\/chemgramx.com\/#organization"},"potentialAction":[{"@type":"SearchAction","target":{"@type":"EntryPoint","urlTemplate":"https:\/\/chemgramx.com\/?s={search_term_string}"},"query-input":{"@type":"PropertyValueSpecification","valueRequired":true,"valueName":"search_term_string"}}],"inLanguage":"pl-PL"},{"@type":"Organization","@id":"https:\/\/chemgramx.com\/#organization","name":"Chemgramx","url":"https:\/\/chemgramx.com\/","logo":{"@type":"ImageObject","inLanguage":"pl-PL","@id":"https:\/\/chemgramx.com\/#\/schema\/logo\/image\/","url":"https:\/\/chemgramx.com\/wp-content\/uploads\/2024\/10\/final-logo.png","contentUrl":"https:\/\/chemgramx.com\/wp-content\/uploads\/2024\/10\/final-logo.png","width":250,"height":48,"caption":"Chemgramx"},"image":{"@id":"https:\/\/chemgramx.com\/#\/schema\/logo\/image\/"}}]}},"_links":{"self":[{"href":"https:\/\/chemgramx.com\/pl\/wp-json\/wp\/v2\/product\/7220","targetHints":{"allow":["GET"]}}],"collection":[{"href":"https:\/\/chemgramx.com\/pl\/wp-json\/wp\/v2\/product"}],"about":[{"href":"https:\/\/chemgramx.com\/pl\/wp-json\/wp\/v2\/types\/product"}],"replies":[{"embeddable":true,"href":"https:\/\/chemgramx.com\/pl\/wp-json\/wp\/v2\/comments?post=7220"}],"wp:featuredmedia":[{"embeddable":true,"href":"https:\/\/chemgramx.com\/pl\/wp-json\/wp\/v2\/media\/7246"}],"wp:attachment":[{"href":"https:\/\/chemgramx.com\/pl\/wp-json\/wp\/v2\/media?parent=7220"}],"wp:term":[{"taxonomy":"product_brand","embeddable":true,"href":"https:\/\/chemgramx.com\/pl\/wp-json\/wp\/v2\/product_brand?post=7220"},{"taxonomy":"product_cat","embeddable":true,"href":"https:\/\/chemgramx.com\/pl\/wp-json\/wp\/v2\/product_cat?post=7220"},{"taxonomy":"product_tag","embeddable":true,"href":"https:\/\/chemgramx.com\/pl\/wp-json\/wp\/v2\/product_tag?post=7220"}],"curies":[{"name":"wp","href":"https:\/\/api.w.org\/{rel}","templated":true}]}}