{"id":7221,"date":"2025-11-21T11:13:36","date_gmt":"2025-11-21T11:13:36","guid":{"rendered":"https:\/\/chemgramx.com\/?post_type=product&#038;p=7221"},"modified":"2025-11-21T11:14:57","modified_gmt":"2025-11-21T11:14:57","slug":"kupic-alchemist-afghani-hash","status":"publish","type":"product","link":"https:\/\/chemgramx.com\/pl\/product\/alchemist-afghani-hash-kaufen\/","title":{"rendered":"Kup Alchemist Afghani Hash"},"content":{"rendered":"<p>Zanurz si\u0119 w wielowiekowej tradycji dzi\u0119ki <b>Alchemist Afghani Hash<\/b>, a <b>Haszysz premium<\/b>, kt\u00f3re wed\u0142ug <b>tradycyjne metody afga\u0144skie<\/b> jest produkowany. Ten produkt to co\u015b wi\u0119cej ni\u017c tylko koncentrat; to ho\u0142d z\u0142o\u017cony <b>Produkcja tradycyjna<\/b>, kt\u00f3ra jest uprawiana w g\u00f3rzystych regionach Afganistanu od pokole\u0144. Odmiana ta charakteryzuje si\u0119 <b>Wyj\u0105tkowa czysto\u015b\u0107<\/b> i ty <b>Autentyczny, intensywny smak<\/b>, kt\u00f3re doceniaj\u0105 koneserzy na ca\u0142ym \u015bwiecie.<\/p>\n<p>Kto to <b>Oryginalny produkt<\/b> to decyzja na korzy\u015b\u0107 kawa\u0142ka historii i bezkompromisowo\u015bci <b>Jako\u015b\u0107 marki<\/b>. Dla wymagaj\u0105cych konsument\u00f3w, kt\u00f3rzy chc\u0105 <b>Delikatny efekt<\/b> i g\u0142\u0119boki <b>Profil sensoryczny<\/b> Alchemist Afghani Hash jest pierwszym wyborem. Odkryj fascynacj\u0119 tym g\u0142\u0119boko relaksuj\u0105cym do\u015bwiadczeniem i zapewnij sobie to <b>Oryginalny produkt dost\u0119pny tylko tutaj!<\/b><\/p>\n<h2>Co sprawia, \u017ce Alchemist Afghani Hash jest wyj\u0105tkowy?<\/h2>\n<p>Specjalno\u015b\u0107 Alchemist Afghani Hash polega na po\u0142\u0105czeniu <b>Wysokiej jako\u015bci surowce<\/b> i proces produkcji, kt\u00f3ry nie dopuszcza \u017cadnych kompromis\u00f3w.<\/p>\n<h3>Tradycja i czysto\u015b\u0107 w produkcji<\/h3>\n<p>The <b>Produkcja tradycyjna<\/b> jest centralnym elementem jako\u015bci. Po <b>tradycyjne metody afga\u0144skie<\/b> \u017cywica jest starannie przetwarzana r\u0119cznie. Ten proces koncentracji i rafinacji \u017cywicy skutkuje uzyskaniem <b>wyj\u0105tkowa czysto\u015b\u0107<\/b>, kt\u00f3re mo\u017cna posmakowa\u0107 i poczu\u0107. Tylko <b>Wysokiej jako\u015bci surowce<\/b> z <b>wybrane odmiany konopi<\/b> kt\u00f3re s\u0105 znane ze swojej wytrzyma\u0142o\u015bci i intensywnego profilu terpenowego.<\/p>\n<p>To po\u0142\u0105czenie najlepszych podstaw genetycznych i <b>wielowiekowe tradycyjne metody<\/b> gwarantuje <b>Jako\u015b\u0107 marki<\/b>, kt\u00f3ra charakteryzuje Alchemist Afghani Hash. Ka\u017cda partia jest r\u00f3wnie\u017c <b>Testowane w laboratorium<\/b>, w celu potwierdzenia czysto\u015bci i konsystencji. <b>Testy laboratoryjne dost\u0119pne tylko tutaj!<\/b><\/p>\n<h3>Unikalny profil sensoryczny<\/h3>\n<p>Smak tego haszyszu to podr\u00f3\u017c dla zmys\u0142\u00f3w. Oferuje on <b>Intensywny smak<\/b>\u017ce <b>Pikantny z ziemistymi i s\u0142odkawymi nutami<\/b> to z\u0142o\u017cony i g\u0142\u0119boki profil, typowy dla tradycyjnego afga\u0144skiego haszyszu.<\/p>\n<p>The <b>Profil sensoryczny<\/b> jest realizowany przez <b>Smak<\/b> uzupe\u0142niony <b>Pe\u0142ny i trwa\u0142y<\/b> jest. Po spo\u017cyciu produkt charakteryzuje si\u0119 <b>G\u0142adkie i aromatyczne palenie<\/b> z. The <b>Spalanie<\/b> jest <b>R\u00f3wnomiernie i powoli<\/b>, co zapewnia d\u0142ugotrwa\u0142\u0105 przyjemno\u015b\u0107 i podkre\u015bla jako\u015b\u0107 materia\u0142u. W zestawie <b>Sp\u00f3jno\u015b\u0107<\/b> jest <b>Mi\u0119kki i elastyczny<\/b>, podczas gdy <b>Kolor Ciemnobr\u0105zowy do czarnego<\/b> jest wizualnym wska\u017anikiem starannego utwardzenia i bogactwa \u017cywicy.<\/p>\n<p>&nbsp;<\/p>\n<h2>Szczeg\u00f3\u0142y produktu w skr\u00f3cie<\/h2>\n<p>The Alchemist Afghani Hash prezentuje si\u0119 w nast\u0119puj\u0105cy spos\u00f3b <b>W\u0142a\u015bciwo\u015bci<\/b>, kt\u00f3re odzwierciedlaj\u0105 jego pochodzenie i staranne przetwarzanie.<\/p>\n<h3>W\u0142a\u015bciwo\u015bci<\/h3>\n<ul>\n<li><b>Pochodzenie:<\/b> <b>Tradycyjny afga\u0144ski<\/b>, Produkowane przy u\u017cyciu metod doskonalonych przez wiele pokole\u0144.<\/li>\n<li><b>Sp\u00f3jno\u015b\u0107:<\/b> <b>Mi\u0119kki i elastyczny<\/b>, co sprawia, \u017ce przetwarzanie i porcjowanie jest niezwykle \u0142atwe.<\/li>\n<li><b>Kolor:<\/b> Bogate, ciemne zabarwienie, kt\u00f3re charakteryzuje si\u0119 <b>Ciemnobr\u0105zowy do czarnego<\/b> jest oznak\u0105 tradycyjnego t\u0142oczenia.<\/li>\n<li><b>Tekstura:<\/b> The <b>Tekstura<\/b> jest <b>Jednolity i podatny na formowanie<\/b>, wska\u017anik wysokiego poziomu rzemios\u0142a.<\/li>\n<\/ul>\n<h3>Profil sensoryczny<\/h3>\n<ul>\n<li><b>Smak:<\/b> <b>Pikantny i ziemisty ze s\u0142odkimi nutami<\/b>, klasyczny i g\u0142\u0119boki smak.<\/li>\n<li><b>Smak:<\/b> <b>Pe\u0142ny i trwa\u0142y<\/b>, pozostaje przyjemny w ustach.<\/li>\n<li><b>Zachowania zwi\u0105zane z paleniem tytoniu:<\/b> <b>Delikatny i aromatyczny<\/b>, przyjemny podczas wdychania.<\/li>\n<li><b>Spalanie:<\/b> <b>R\u00f3wnomiernie i powoli<\/b>, maksymalizuje czas trwania przyjemno\u015bci.<\/li>\n<\/ul>\n<p>&nbsp;<\/p>\n<h2>Profil dzia\u0142ania i zastosowanie<\/h2>\n<p>The Alchemist Afghani Hash jest rozpoznawalny ze wzgl\u0119du na jego <b>Delikatny efekt<\/b> kt\u00f3ry koncentruje si\u0119 przede wszystkim na ciele i prowadzi do g\u0142\u0119bokiego relaksu.<\/p>\n<h3>W\u0142a\u015bciwo\u015bci efektu<\/h3>\n<p>Efekt jest nast\u0119puj\u0105cy <b>Zr\u00f3wnowa\u017cony i wszechstronny<\/b>, Idealny dla konsument\u00f3w poszukuj\u0105cych silnego relaksu fizycznego bez silnego obci\u0105\u017cenia psychicznego.<\/p>\n<ul>\n<li><b>Pocz\u0105tek dzia\u0142ania:<\/b> <b>Delikatny i stopniowy<\/b>, Idealny do wprowadzenia si\u0119 w relaksuj\u0105cy stan spokoju.<\/li>\n<li><b>Efekt cia\u0142a:<\/b> <b>G\u0142\u0119boki relaks<\/b>, \u0142agodzi napi\u0119cie i sprzyja przyjemnemu uczuciu ci\u0119\u017cko\u015bci.<\/li>\n<li><b>Efekt psychiczny:<\/b> <b>Uspokajaj\u0105cy i r\u00f3wnowa\u017c\u0105cy<\/b>, tworzy uczucie wewn\u0119trznego spokoju i wyciszenia.<\/li>\n<li><b>Czas dzia\u0142ania:<\/b> <b>D\u0142ugotrwa\u0142y (3-4 godziny)<\/b>, co pozwala na d\u0142u\u017cszy relaks.<\/li>\n<\/ul>\n<p>&nbsp;<\/p>\n<h3>Idealne obszary zastosowa\u0144<\/h3>\n<p>Profil g\u0142\u0119bokiego relaksu sprawia, \u017ce haszysz ten jest szczeg\u00f3lnie odpowiedni na spokojne, kontemplacyjne chwile:<\/p>\n<ul>\n<li><b>Wieczorny relaks:<\/b> <b>Idealny po d\u0142ugim dniu<\/b>, aby cia\u0142o odpocz\u0119\u0142o.<\/li>\n<li><b>Medytacja:<\/b> Obs\u0142ugiwane <b>Dla wewn\u0119trznej kontemplacji i spokoju<\/b> przez <b>Koj\u0105cy i r\u00f3wnowa\u017c\u0105cy<\/b> efekt psychiczny.<\/li>\n<li><b>Promocja snu:<\/b> Mo\u017ce obs\u0142ugiwa\u0107 <b>Na trudno\u015bci z zasypianiem<\/b> g\u0142\u0119boko relaksuj\u0105c cia\u0142o.<\/li>\n<li><b>Redukcja stresu:<\/b> Idealny <b>Aby si\u0119 wy\u0142\u0105czy\u0107 i zrelaksowa\u0107<\/b> od stres\u00f3w i napi\u0119\u0107 codziennego \u017cycia.<\/li>\n<\/ul>\n<p>&nbsp;<\/p>\n<h3>Metody konsumpcji<\/h3>\n<p>The <b>Mi\u0119kka i g\u0142adka konsystencja<\/b> Alchemist Afghani Hash umo\u017cliwia r\u00f3\u017cne <b>Metody konsumpcji<\/b>.<\/p>\n<h4>Tradycyjny<\/h4>\n<ul>\n<li><b>W stawie:<\/b> Klasyczny <b>Zmieszany z tytoniem<\/b>, w celu <b>Pikantny, ziemisty smak<\/b> cieszy\u0107 si\u0119.<\/li>\n<li><b>Rura:<\/b> The <b>Bezpo\u015brednie i intensywne<\/b> Metoda, aby uzyska\u0107 pe\u0142n\u0105 <b>Delikatny efekt<\/b> szybko si\u0119 rozwinie.<\/li>\n<li><b>Czysty:<\/b> Dla <b>Czysty smak<\/b> pe\u0142ny smak, szczeg\u00f3lnie dla do\u015bwiadczonych konsument\u00f3w.<\/li>\n<\/ul>\n<h4>Nowoczesny<\/h4>\n<ul>\n<li><b>Waporyzator:<\/b> <b>Kontrolowana temperatura<\/b> dla delikatnego uwalniania terpen\u00f3w i kannabinoid\u00f3w.<\/li>\n<li><b>Dab Rig:<\/b> Dla <b>Wysoka koncentracja<\/b> i szybki efekt, podkre\u015bla czysto\u015b\u0107 produktu.<\/li>\n<li><b>Produkty spo\u017cywcze:<\/b> Mo\u017ce by\u0107 u\u017cywany do produkcji <b>Jadalne<\/b> mo\u017ce by\u0107 u\u017cyty do utworzenia <b>D\u0142ugotrwa\u0142y<\/b> efekt.<\/li>\n<\/ul>\n<p>&nbsp;<\/p>\n<h2>Przechowywanie i \u015bwie\u017co\u015b\u0107: zachowanie tradycji<\/h2>\n<p>Aby zoptymalizowa\u0107 <b>Wyj\u0105tkowa czysto\u015b\u0107<\/b> i zachowa\u0107 g\u0142\u0119boki smak afga\u0144skiego haszyszu, prawid\u0142owe u\u017cycie haszyszu to <b>Przechowywanie<\/b> decyduj\u0105cy.<\/p>\n<h3>Optymalne warunki<\/h3>\n<ul>\n<li><b>Temperatura:<\/b> Ch\u0142odne \u015brodowisko pomi\u0119dzy <b>16-20\u00b0C<\/b> jest idealny dla <b>Mi\u0119kka i g\u0142adka konsystencja<\/b> do odbioru.<\/li>\n<li><b>Wilgotno\u015b\u0107:<\/b> Wilgotno\u015b\u0107 <b>55-62%<\/b> zapobiega zar\u00f3wno wysychaniu, jak i niepo\u017c\u0105danemu wch\u0142anianiu wilgoci.<\/li>\n<li><b>Pojemnik:<\/b> Powinien <b>Szczelny smak<\/b> by\u0107 zamkni\u0119te, aby zapobiec <b>Intensywny smak<\/b> ca\u0142kowicie.<\/li>\n<li><b>\u015awiat\u0142o:<\/b> Produkt musi <b>W pe\u0142ni chroniony<\/b> przechowywane z dala od bezpo\u015bredniego \u015bwiat\u0142a.<\/li>\n<\/ul>\n<p>&nbsp;<\/p>\n<h3>Trwa\u0142o\u015b\u0107<\/h3>\n<p>Zgodno\u015b\u0107 z niniejszym <b>Idealne przechowywanie<\/b> a <b>Minimalny okres trwa\u0142o\u015bci 6-12 miesi\u0119cy<\/b> osi\u0105gni\u0119ty. The <b>Utrzymanie jako\u015bci<\/b> jest gwarantowana tylko wtedy, gdy warunki s\u0105 dok\u0142adnie przestrzegane.<\/p>\n<p>&nbsp;<\/p>\n<h2>Cz\u0119sto zadawane pytania (FAQ)<\/h2>\n<p><b>P: Co sprawia, \u017ce afga\u0144ski haszysz jest tak wyj\u0105tkowy w por\u00f3wnaniu do innych odmian?<\/b><br \/>\nO: Specjalno\u015b\u0107 polega na po\u0142\u0105czeniu <b>tradycyjne metody produkcji<\/b> - cz\u0119sto r\u0119cznie ugniataj\u0105c i walcuj\u0105c \u017cywic\u0119 - oraz specyficzne odmiany konopi indyjskich, co skutkuje <b>G\u0142\u0119boko relaksuj\u0105cy efekt<\/b> i <b>wyj\u0105tkowy smak<\/b> prowadzi.<\/p>\n<p><b>P: Dla kogo przeznaczona jest ta odmiana Alchemist Afghani Hash?<br \/>\n<\/b> O: Jest <b>szczeg\u00f3lnie dla tych, kt\u00f3rzy ceni\u0105 sobie delikatny, podkre\u015blaj\u0105cy cia\u0142o efekt<\/b> i szukaj\u0105 produktu, kt\u00f3ry <b>Wieczorny relaks<\/b> oraz <b>wewn\u0119trzna kontemplacja<\/b> przyczynia si\u0119.<\/p>\n<p><b>P: Jaki jest szczeg\u00f3\u0142owy efekt dzia\u0142ania Alchemist Afghani Hash?<\/b><br \/>\nO: Efekt jest opisany jako <b>G\u0142\u0119boki relaks z uczuciem wewn\u0119trznego spokoju<\/b> opisane. Nacisk k\u0142adziony jest na <b>Efekt cia\u0142a<\/b>, podczas <b>Efekt psychiczny<\/b> Podstawowe <b>Uspokajaj\u0105cy i r\u00f3wnowa\u017c\u0105cy<\/b> jest.<\/p>\n<p><b>P: Jaka jest idealna metoda konsumpcji, aby do\u015bwiadczy\u0107 pe\u0142ni smaku?<\/b><br \/>\nO: Dla najczystszego do\u015bwiadczenia, aplikacja <b>Szczeg\u00f3lnie polecany w waporyzatorze lub w czystej postaci<\/b>, poniewa\u017c metody te minimalizuj\u0105 <b>Intensywny smak<\/b> w najlepszy mo\u017cliwy spos\u00f3b.<\/p>\n<p><b>P: Jak prawid\u0142owo dawkowa\u0107 afga\u0144ski haszysz, je\u015bli nie mam w tym do\u015bwiadczenia?<\/b><br \/>\nO: Jest to wskazane, <b>bardzo ekonomiczny na pocz\u0105tek<\/b>kt\u00f3ry <b>Poczekaj na efekt<\/b> a nast\u0119pnie <b>powoli wzrasta\u0107<\/b>, przeanalizowa\u0107 indywidualn\u0105 reakcj\u0119 na <b>D\u0142ugotrwa\u0142y efekt<\/b> do przetestowania.<\/p>\n<p>&nbsp;<\/p>\n<h2>Obs\u0142uga i porz\u0105dek: Bezpieczna podr\u00f3\u017c do tradycji<\/h2>\n<p>Tworzymy <b>Zakup<\/b> Alchemist Afghani Hash tak bezpieczne i nieskomplikowane, jak to tylko mo\u017cliwe. Mo\u017cesz <b>kup teraz<\/b> i skupi\u0107 si\u0119 na <b>bezpieczny, dyskretny<\/b> przetwarzanie.<\/p>\n<h3>Dyskretna obs\u0142uga i dostawa<\/h3>\n<p>Gwarantujemy <b>Zam\u00f3w 100% legalnie - anonimowo<\/b> oraz <b>dostarczane dyskretnie<\/b>. The <b>Neutralne opakowanie<\/b> i <b>Dyskretna obs\u0142uga<\/b> zapewniaj\u0105, \u017ce prywatno\u015b\u0107 u\u017cytkownika jest w pe\u0142ni chroniona. Dzi\u0119ki <b>Wysy\u0142ka ekspresowa<\/b> oraz <b>Szybka dostawa<\/b> w <b>Dostawa: dyskretnie w ci\u0105gu 1-3 dni roboczych<\/b>. The <b>Wysy\u0142ka do Niemiec bez problem\u00f3w<\/b>, do <b>Szwajcaria<\/b> i po <b>Austria<\/b> jest gwarantowana.<\/p>\n<h3>Bezpiecze\u0144stwo i zaufanie<\/h3>\n<p>Mo\u017cesz <b>zam\u00f3wienie bez recepty<\/b> oraz <b>bez recepty<\/b> to <b>Oryginalny produkt<\/b> naby\u0107. Gwarantujemy <b>Bezpieczna p\u0142atno\u015b\u0107<\/b> z opcjami takimi jak <b>P\u0142atno\u015b\u0107 za pomoc\u0105 Bitcoin<\/b>. Ka\u017cdy produkt jest opatrzony piecz\u0119ci\u0105 <b>Jako\u015b\u0107 marki<\/b> i jest <b>Testowane w laboratorium<\/b>, co nasz <b>100% Jako\u015b\u0107<\/b> udowadnia to. U\u017cyj <b>Spersonalizowane porady<\/b> w przypadku pyta\u0144.<\/p>\n<h3>\u0141atwe zamawianie<\/h3>\n<ol start=\"1\">\n<li><b>Wybierz ilo\u015b\u0107:<\/b> Wybierz \u017c\u0105dan\u0105 ilo\u015b\u0107 (<b>1g, 2g, 5g lub 10g<\/b>).<\/li>\n<li><b>Dodaj do koszyka:<\/b> <b>Dodaj \u017c\u0105dany produkt<\/b>.<\/li>\n<li><b>P\u0142atno\u015b\u0107:<\/b> <b>Bezpieczne przetwarzanie<\/b> dla p\u0142ynnej transakcji.<\/li>\n<li><b>Dostawa:<\/b> <b>Dyskretnie w ci\u0105gu 1-3 dni roboczych<\/b>.<\/li>\n<\/ol>\n<p><b>Poznaj afga\u0144sk\u0105 tradycj\u0119<\/b> z Alchemist Afghani Hash. Oferuje on <b>Intensywne wra\u017cenia sensoryczne<\/b> w po\u0142\u0105czeniu z <b>g\u0142\u0119boki, uspokajaj\u0105cy efekt<\/b>. Jest to idealne rozwi\u0105zanie <b>Wyb\u00f3r dla tych, kt\u00f3rzy ceni\u0105 sobie tradycyjne rzemios\u0142o i najwy\u017csz\u0105 jako\u015b\u0107.<\/b>. <b>Kup teraz<\/b> i <b>najlepsza cena<\/b> bezpieczne.<\/p>","protected":false},"excerpt":{"rendered":"<p>Kup Alchemist Afghani Hash: Wysokiej jako\u015bci haszysz w tradycyjnym afga\u0144skim stylu. Delikatny efekt, intensywny smak. Zam\u00f3w dyskretnie i bezpiecznie.<\/p>","protected":false},"featured_media":7247,"comment_status":"open","ping_status":"closed","template":"","meta":{"_joinchat":[]},"product_brand":[],"product_cat":[61],"product_tag":[3159,3158,3160,3047,2965,3058,3072,3059,3161,3043],"class_list":{"0":"post-7221","1":"product","2":"type-product","3":"status-publish","4":"has-post-thumbnail","6":"product_cat-hashish","7":"product_tag-afghanisches-haschisch","8":"product_tag-alchemist-afghani-hash","9":"product_tag-beruhigend","10":"product_tag-cannabis","11":"product_tag-entspannend","12":"product_tag-handgepresst","13":"product_tag-handwerksqualitaet","14":"product_tag-intensives-aroma","15":"product_tag-premium","16":"product_tag-traditionell","18":"first","19":"instock","20":"shipping-taxable","21":"purchasable","22":"product-type-variable"},"yoast_head":"<!-- This site is optimized with the Yoast SEO plugin v27.5 - https:\/\/yoast.com\/product\/yoast-seo-wordpress\/ -->\n<title>Alchemist Afghani Hash Kaufen | Traditionelle Qualit\u00e4t Chemgramx<\/title>\n<meta name=\"description\" content=\"Alchemist Afghani Hash kaufen - Hochwertiges Haschisch nach traditioneller afghanischer Art. Sanfte Wirkung, intensives Aroma. Diskret &amp; sicher bestellen.\" \/>\n<meta name=\"robots\" content=\"index, follow, max-snippet:-1, max-image-preview:large, max-video-preview:-1\" \/>\n<link rel=\"canonical\" href=\"https:\/\/chemgramx.com\/pl\/produkt-1\/kupic-alchemist-afghani-hash\/\" \/>\n<meta property=\"og:locale\" content=\"pl_PL\" \/>\n<meta property=\"og:type\" content=\"article\" \/>\n<meta property=\"og:title\" content=\"Alchemist Afghani Hash Kaufen | Traditionelle Qualit\u00e4t Chemgramx\" \/>\n<meta property=\"og:description\" content=\"Alchemist Afghani Hash kaufen - Hochwertiges Haschisch nach traditioneller afghanischer Art. Sanfte Wirkung, intensives Aroma. Diskret &amp; sicher bestellen.\" \/>\n<meta property=\"og:url\" content=\"https:\/\/chemgramx.com\/pl\/produkt-1\/kupic-alchemist-afghani-hash\/\" \/>\n<meta property=\"og:site_name\" content=\"Chemgramx\" \/>\n<meta property=\"article:modified_time\" content=\"2025-11-21T11:14:57+00:00\" \/>\n<meta property=\"og:image\" content=\"https:\/\/chemgramx.com\/wp-content\/uploads\/2025\/11\/alchemist-afghani-hash.jpg\" \/>\n\t<meta property=\"og:image:width\" content=\"1000\" \/>\n\t<meta property=\"og:image:height\" content=\"1000\" \/>\n\t<meta property=\"og:image:type\" content=\"image\/jpeg\" \/>\n<meta name=\"twitter:card\" content=\"summary_large_image\" \/>\n<meta name=\"twitter:label1\" content=\"Szacowany czas czytania\" \/>\n\t<meta name=\"twitter:data1\" content=\"6 minut\" \/>\n<script type=\"application\/ld+json\" class=\"yoast-schema-graph\">{\"@context\":\"https:\\\/\\\/schema.org\",\"@graph\":[{\"@type\":\"WebPage\",\"@id\":\"https:\\\/\\\/chemgramx.com\\\/product\\\/alchemist-afghani-hash-kaufen\\\/\",\"url\":\"https:\\\/\\\/chemgramx.com\\\/product\\\/alchemist-afghani-hash-kaufen\\\/\",\"name\":\"Alchemist Afghani Hash Kaufen | Traditionelle Qualit\u00e4t Chemgramx\",\"isPartOf\":{\"@id\":\"https:\\\/\\\/chemgramx.com\\\/#website\"},\"primaryImageOfPage\":{\"@id\":\"https:\\\/\\\/chemgramx.com\\\/product\\\/alchemist-afghani-hash-kaufen\\\/#primaryimage\"},\"image\":{\"@id\":\"https:\\\/\\\/chemgramx.com\\\/product\\\/alchemist-afghani-hash-kaufen\\\/#primaryimage\"},\"thumbnailUrl\":\"https:\\\/\\\/chemgramx.com\\\/wp-content\\\/uploads\\\/2025\\\/11\\\/alchemist-afghani-hash.jpg\",\"datePublished\":\"2025-11-21T11:13:36+00:00\",\"dateModified\":\"2025-11-21T11:14:57+00:00\",\"description\":\"Alchemist Afghani Hash kaufen - Hochwertiges Haschisch nach traditioneller afghanischer Art. Sanfte Wirkung, intensives Aroma. Diskret &amp; sicher bestellen.\",\"breadcrumb\":{\"@id\":\"https:\\\/\\\/chemgramx.com\\\/product\\\/alchemist-afghani-hash-kaufen\\\/#breadcrumb\"},\"inLanguage\":\"pl-PL\",\"potentialAction\":[{\"@type\":\"ReadAction\",\"target\":[\"https:\\\/\\\/chemgramx.com\\\/product\\\/alchemist-afghani-hash-kaufen\\\/\"]}]},{\"@type\":\"ImageObject\",\"inLanguage\":\"pl-PL\",\"@id\":\"https:\\\/\\\/chemgramx.com\\\/product\\\/alchemist-afghani-hash-kaufen\\\/#primaryimage\",\"url\":\"https:\\\/\\\/chemgramx.com\\\/wp-content\\\/uploads\\\/2025\\\/11\\\/alchemist-afghani-hash.jpg\",\"contentUrl\":\"https:\\\/\\\/chemgramx.com\\\/wp-content\\\/uploads\\\/2025\\\/11\\\/alchemist-afghani-hash.jpg\",\"width\":1000,\"height\":1000},{\"@type\":\"BreadcrumbList\",\"@id\":\"https:\\\/\\\/chemgramx.com\\\/product\\\/alchemist-afghani-hash-kaufen\\\/#breadcrumb\",\"itemListElement\":[{\"@type\":\"ListItem\",\"position\":1,\"name\":\"Home\",\"item\":\"https:\\\/\\\/chemgramx.com\\\/\"},{\"@type\":\"ListItem\",\"position\":2,\"name\":\"Shop\",\"item\":\"https:\\\/\\\/chemgramx.com\\\/shop\\\/\"},{\"@type\":\"ListItem\",\"position\":3,\"name\":\"Alchemist Afghani Hash kaufen\"}]},{\"@type\":\"WebSite\",\"@id\":\"https:\\\/\\\/chemgramx.com\\\/#website\",\"url\":\"https:\\\/\\\/chemgramx.com\\\/\",\"name\":\"Chemgramx\",\"description\":\"\",\"publisher\":{\"@id\":\"https:\\\/\\\/chemgramx.com\\\/#organization\"},\"potentialAction\":[{\"@type\":\"SearchAction\",\"target\":{\"@type\":\"EntryPoint\",\"urlTemplate\":\"https:\\\/\\\/chemgramx.com\\\/?s={search_term_string}\"},\"query-input\":{\"@type\":\"PropertyValueSpecification\",\"valueRequired\":true,\"valueName\":\"search_term_string\"}}],\"inLanguage\":\"pl-PL\"},{\"@type\":\"Organization\",\"@id\":\"https:\\\/\\\/chemgramx.com\\\/#organization\",\"name\":\"Chemgramx\",\"url\":\"https:\\\/\\\/chemgramx.com\\\/\",\"logo\":{\"@type\":\"ImageObject\",\"inLanguage\":\"pl-PL\",\"@id\":\"https:\\\/\\\/chemgramx.com\\\/#\\\/schema\\\/logo\\\/image\\\/\",\"url\":\"https:\\\/\\\/chemgramx.com\\\/wp-content\\\/uploads\\\/2024\\\/10\\\/final-logo.png\",\"contentUrl\":\"https:\\\/\\\/chemgramx.com\\\/wp-content\\\/uploads\\\/2024\\\/10\\\/final-logo.png\",\"width\":250,\"height\":48,\"caption\":\"Chemgramx\"},\"image\":{\"@id\":\"https:\\\/\\\/chemgramx.com\\\/#\\\/schema\\\/logo\\\/image\\\/\"}}]}<\/script>\n<!-- \/ Yoast SEO plugin. -->","yoast_head_json":{"title":"Alchemist Afghani Hash Buy | Tradycyjna jako\u015b\u0107 Chemgramx","description":"Kup Alchemist Afghani Hash - Wysokiej jako\u015bci haszysz w tradycyjnym afga\u0144skim stylu. Delikatny efekt, intensywny smak. Zam\u00f3w dyskretnie i bezpiecznie.","robots":{"index":"index","follow":"follow","max-snippet":"max-snippet:-1","max-image-preview":"max-image-preview:large","max-video-preview":"max-video-preview:-1"},"canonical":"https:\/\/chemgramx.com\/pl\/produkt-1\/kupic-alchemist-afghani-hash\/","og_locale":"pl_PL","og_type":"article","og_title":"Alchemist Afghani Hash Kaufen | Traditionelle Qualit\u00e4t Chemgramx","og_description":"Alchemist Afghani Hash kaufen - Hochwertiges Haschisch nach traditioneller afghanischer Art. Sanfte Wirkung, intensives Aroma. Diskret &amp; sicher bestellen.","og_url":"https:\/\/chemgramx.com\/pl\/produkt-1\/kupic-alchemist-afghani-hash\/","og_site_name":"Chemgramx","article_modified_time":"2025-11-21T11:14:57+00:00","og_image":[{"width":1000,"height":1000,"url":"https:\/\/chemgramx.com\/wp-content\/uploads\/2025\/11\/alchemist-afghani-hash.jpg","type":"image\/jpeg"}],"twitter_card":"summary_large_image","twitter_misc":{"Szacowany czas czytania":"6 minut"},"schema":{"@context":"https:\/\/schema.org","@graph":[{"@type":"WebPage","@id":"https:\/\/chemgramx.com\/product\/alchemist-afghani-hash-kaufen\/","url":"https:\/\/chemgramx.com\/product\/alchemist-afghani-hash-kaufen\/","name":"Alchemist Afghani Hash Buy | Tradycyjna jako\u015b\u0107 Chemgramx","isPartOf":{"@id":"https:\/\/chemgramx.com\/#website"},"primaryImageOfPage":{"@id":"https:\/\/chemgramx.com\/product\/alchemist-afghani-hash-kaufen\/#primaryimage"},"image":{"@id":"https:\/\/chemgramx.com\/product\/alchemist-afghani-hash-kaufen\/#primaryimage"},"thumbnailUrl":"https:\/\/chemgramx.com\/wp-content\/uploads\/2025\/11\/alchemist-afghani-hash.jpg","datePublished":"2025-11-21T11:13:36+00:00","dateModified":"2025-11-21T11:14:57+00:00","description":"Kup Alchemist Afghani Hash - Wysokiej jako\u015bci haszysz w tradycyjnym afga\u0144skim stylu. Delikatny efekt, intensywny smak. Zam\u00f3w dyskretnie i bezpiecznie.","breadcrumb":{"@id":"https:\/\/chemgramx.com\/product\/alchemist-afghani-hash-kaufen\/#breadcrumb"},"inLanguage":"pl-PL","potentialAction":[{"@type":"ReadAction","target":["https:\/\/chemgramx.com\/product\/alchemist-afghani-hash-kaufen\/"]}]},{"@type":"ImageObject","inLanguage":"pl-PL","@id":"https:\/\/chemgramx.com\/product\/alchemist-afghani-hash-kaufen\/#primaryimage","url":"https:\/\/chemgramx.com\/wp-content\/uploads\/2025\/11\/alchemist-afghani-hash.jpg","contentUrl":"https:\/\/chemgramx.com\/wp-content\/uploads\/2025\/11\/alchemist-afghani-hash.jpg","width":1000,"height":1000},{"@type":"BreadcrumbList","@id":"https:\/\/chemgramx.com\/product\/alchemist-afghani-hash-kaufen\/#breadcrumb","itemListElement":[{"@type":"ListItem","position":1,"name":"Home","item":"https:\/\/chemgramx.com\/"},{"@type":"ListItem","position":2,"name":"Shop","item":"https:\/\/chemgramx.com\/shop\/"},{"@type":"ListItem","position":3,"name":"Alchemist Afghani Hash kaufen"}]},{"@type":"WebSite","@id":"https:\/\/chemgramx.com\/#website","url":"https:\/\/chemgramx.com\/","name":"Chemgramx","description":"","publisher":{"@id":"https:\/\/chemgramx.com\/#organization"},"potentialAction":[{"@type":"SearchAction","target":{"@type":"EntryPoint","urlTemplate":"https:\/\/chemgramx.com\/?s={search_term_string}"},"query-input":{"@type":"PropertyValueSpecification","valueRequired":true,"valueName":"search_term_string"}}],"inLanguage":"pl-PL"},{"@type":"Organization","@id":"https:\/\/chemgramx.com\/#organization","name":"Chemgramx","url":"https:\/\/chemgramx.com\/","logo":{"@type":"ImageObject","inLanguage":"pl-PL","@id":"https:\/\/chemgramx.com\/#\/schema\/logo\/image\/","url":"https:\/\/chemgramx.com\/wp-content\/uploads\/2024\/10\/final-logo.png","contentUrl":"https:\/\/chemgramx.com\/wp-content\/uploads\/2024\/10\/final-logo.png","width":250,"height":48,"caption":"Chemgramx"},"image":{"@id":"https:\/\/chemgramx.com\/#\/schema\/logo\/image\/"}}]}},"_links":{"self":[{"href":"https:\/\/chemgramx.com\/pl\/wp-json\/wp\/v2\/product\/7221","targetHints":{"allow":["GET"]}}],"collection":[{"href":"https:\/\/chemgramx.com\/pl\/wp-json\/wp\/v2\/product"}],"about":[{"href":"https:\/\/chemgramx.com\/pl\/wp-json\/wp\/v2\/types\/product"}],"replies":[{"embeddable":true,"href":"https:\/\/chemgramx.com\/pl\/wp-json\/wp\/v2\/comments?post=7221"}],"wp:featuredmedia":[{"embeddable":true,"href":"https:\/\/chemgramx.com\/pl\/wp-json\/wp\/v2\/media\/7247"}],"wp:attachment":[{"href":"https:\/\/chemgramx.com\/pl\/wp-json\/wp\/v2\/media?parent=7221"}],"wp:term":[{"taxonomy":"product_brand","embeddable":true,"href":"https:\/\/chemgramx.com\/pl\/wp-json\/wp\/v2\/product_brand?post=7221"},{"taxonomy":"product_cat","embeddable":true,"href":"https:\/\/chemgramx.com\/pl\/wp-json\/wp\/v2\/product_cat?post=7221"},{"taxonomy":"product_tag","embeddable":true,"href":"https:\/\/chemgramx.com\/pl\/wp-json\/wp\/v2\/product_tag?post=7221"}],"curies":[{"name":"wp","href":"https:\/\/api.w.org\/{rel}","templated":true}]}}