{"id":7222,"date":"2025-11-21T11:13:36","date_gmt":"2025-11-21T11:13:36","guid":{"rendered":"https:\/\/chemgramx.com\/?post_type=product&#038;p=7222"},"modified":"2025-11-30T17:48:09","modified_gmt":"2025-11-30T17:48:09","slug":"kupic-afghani-dara-i-suf-hash","status":"publish","type":"product","link":"https:\/\/chemgramx.com\/pl\/product\/afghani-dara-i-suf-hash-kaufen\/","title":{"rendered":"Kup Afghani Dara-I Suf Hash"},"content":{"rendered":"<p>The <b>\u017bywica aromatyzowana Afghani Dara-I Suf<\/b> to najwy\u017cszej jako\u015bci produkt smakowy opracowany dla koneser\u00f3w, kt\u00f3rzy ceni\u0105 autentyczn\u0105, r\u0119cznie wytwarzan\u0105 jako\u015b\u0107. <b>Prosimy o zam\u00f3wienie<\/b> ta \u017cywica teraz <b>online<\/b> i skorzystaj z naszych <b>szybka i dyskretna obs\u0142uga<\/b> i <b>najlepsza cena<\/b>. Dostarczamy esencj\u0119 z tradycyjnego obszaru upraw Dara-I Suf w Afganistanie w postaci <b>testowane analitycznie<\/b> oraz <b>legalny<\/b> (zawarto\u015b\u0107 THC zgodna z normami UE). <b>Otrzymasz<\/b> <b>100% Jako\u015b\u0107<\/b> oraz <b>orygina\u0142<\/b> Produkt <b>bez recepty<\/b>.<\/p>\n<h2><b>Dziedzictwo Dara-I Suf: Wielowiekowe rzemios\u0142o<\/b><\/h2>\n<p>\u017bywica jest czym\u015b wi\u0119cej ni\u017c tylko produktem aromatyzuj\u0105cym; <b>uosabia<\/b> kawa\u0142ek wielowiekowej tradycji rzemie\u015blniczej.  Dara-I Suf w Afganistanie jest znane na ca\u0142ym \u015bwiecie ze swojej unikalnej kultury \u017cywicy. <b>Tam lokalni rzemie\u015blnicy<\/b> tradycyjne metody, <b>poniewa\u017c<\/b> Te tradycyjne procesy gwarantuj\u0105 wyj\u0105tkow\u0105 jako\u015b\u0107 i unikaln\u0105 tekstur\u0119. <b>W zwi\u0105zku z tym otrzymasz<\/b> kawa\u0142ek autentycznego rzemios\u0142a, kt\u00f3ry oddaje istot\u0119 regionu pochodzenia.<\/p>\n<p><b>Autentyczne pochodzenie jest dla nas wa\u017cne:<\/b> Szanujemy jako\u015b\u0107 inspirowan\u0105 tradycyjnym regionem uprawy Dara-I Suf. <b>Takie podej\u015bcie<\/b> zapewnia bezkonkurencyjny profil. U\u017cywamy <b>Wielowiekowa tradycja<\/b>, aby uzyska\u0107 mi\u0119kk\u0105 konsystencj\u0119 i intensywny smak. <b>Wynik jest nast\u0119puj\u0105cy<\/b> a <b>intensywny smak<\/b>, kt\u00f3ry ma pikantny, ziemisty i s\u0142odki smak, oraz <b>zr\u00f3wnowa\u017cony efekt<\/b> w sensie \u0142agodnego, zrelaksowanego uczucia. <a href=\"\/product\/kaufen-sie-niederlandisches-crystal-meth\/\"><b>Laboratoria badawcze<\/b><\/a> ka\u017cdej partii; <b>w ten spos\u00f3b zabezpieczamy<\/b> czysto\u015b\u0107 i legalno\u015b\u0107.<\/p>\n<h2><b>Szczeg\u00f3\u0142y produktu, dane analityczne i profil sensoryczny<\/b><\/h2>\n<h3><b>Pochodzenie, produkcja i sp\u00f3jno\u015b\u0107<\/b><\/h3>\n<p>Produkcja odbywa si\u0119 zgodnie z surowymi normami jako\u015bci, a tradycyjne techniki definiuj\u0105 charakterystyczny smak i konsystencj\u0119. <b>Region Dara-I Suf<\/b> s\u0142u\u017cy jako inspiracja dla naszego produktu. <b>Stosujemy<\/b> To rzemie\u015blnicza tradycja w procesie produkcji. <b>Dlatego<\/b> w <b>Sp\u00f3jno\u015b\u0107<\/b> mi\u0119kko\u015b\u0107 i elastyczno\u015b\u0107; <b>Umo\u017cliwia to<\/b> \u0142atwa obs\u0142uga i dozowanie. W przypadku <b>Kolor<\/b> jest zazwyczaj ciemnobr\u0105zowy, cz\u0119sto z delikatnymi zielonkawymi refleksami. <b>Dostarczamy<\/b> <b>Jako\u015b\u0107 marki<\/b>, <b>Oryginalny produkt<\/b> i gwarantowana czysto\u015b\u0107.<\/p>\n<h3><b>Intensywny profil sensoryczny<\/b><\/h3>\n<p>Aromatyzowana \u017cywica oferuje pe\u0142ne i z\u0142o\u017cone doznania smakowe. <b>Rozwija si\u0119<\/b> ca\u0142kowicie podczas waporyzacji lub aromatyzowania pomieszcze\u0144. <b>Smak jest<\/b> Intensywnie pikantny, zdominowany przez nuty ziemiste z odrobin\u0105 przypraw. <b>Smakuje dobrze, gdy si\u0119 go spr\u00f3buje<\/b> Pe\u0142ne i ziemiste, z subtelnym, s\u0142odkawym finiszem. <b>Zachowania zwi\u0105zane z paleniem<\/b> jest delikatny i aromatyczny, <b>dlatego idealny<\/b> dla puryst\u00f3w. <b>Spalanie<\/b> dzia\u0142a r\u00f3wnomiernie i czysto.<\/p>\n<h3><b>Analityka i zapewnienie jako\u015bci<\/b><\/h3>\n<p><b>Gwarantujemy<\/b> <b>100% Jako\u015b\u0107<\/b> poprzez kompleksowe testy laboratoryjne. <b>Testy te<\/b> nie tylko zabezpieczy\u0107 <b>Legalno\u015b\u0107<\/b> (Zgodno\u015b\u0107 z limitami THC w <b>Niemcy, Szwajcaria<\/b> oraz <b>Austria<\/b>), <b>ale<\/b> r\u00f3wnie\u017c <b>Czysto\u015b\u0107<\/b>. <b>Testy laboratoryjne wykaza\u0142y<\/b> brak pestycyd\u00f3w, metali ci\u0119\u017ckich i pozosta\u0142o\u015bci rozpuszczalnik\u00f3w. <b>Ka\u017cda partia produkcyjna<\/b> jest indywidualnie sprawdzana i dokumentowana. <b>Jeste\u015bmy niezawodni<\/b> w dostarczaniu tych danych.<\/p>\n<h2><b>Profil efektu i idealne opcje zastosowania<\/b><\/h2>\n<p>\u017bywica Afghani Dara-I Suf charakteryzuje si\u0119 nast\u0119puj\u0105cymi w\u0142a\u015bciwo\u015bciami <b>Zr\u00f3wnowa\u017cony i wszechstronny profil smakowy<\/b> od. <b>Jest to idealne rozwi\u0105zanie dla<\/b> dla r\u00f3\u017cnych sytuacji, w kt\u00f3rych wymagane jest delikatne wsparcie. <b>Pocz\u0105tek dzia\u0142ania<\/b> odbywa si\u0119 delikatnie i stopniowo. <b>Zapewnia to<\/b> dla g\u0142\u0119bokiego <b>relaksuj\u0105cy<\/b> i przytulne uczucie. <b>Efekt psychiczny<\/b> jest zr\u00f3wnowa\u017cony i wyra\u017any, o \u015bredniej trwa\u0142o\u015bci (oko\u0142o 2-3 godzin).<\/p>\n<p><b>Idealne obszary zastosowa\u0144 s\u0105 zr\u00f3\u017cnicowane:<\/b> <b>Jest idealny<\/b> dla relaksu po pracy. <b>Nadaje si\u0119 do<\/b> na towarzyskie, relaksuj\u0105ce spotkania. <b>Obs\u0142uguje r\u00f3wnie\u017c<\/b> wewn\u0119trzna kontemplacja podczas medytacji i mo\u017ce promowa\u0107 kreatywno\u015b\u0107.<\/p>\n<h3><b>\u00a0Metody konsumpcji i obs\u0142uga<\/b><\/h3>\n<p><b>Mo\u017cesz<\/b> U\u017cywaj naszej \u017cywicy w tradycyjny i nowoczesny spos\u00f3b, aby cieszy\u0107 si\u0119 pe\u0142ni\u0105 smaku.<\/p>\n<ul>\n<li><b>Tradycyjne sposoby:<\/b> <b>U\u017cyj go<\/b> w jointach (z legalnymi zio\u0142ami), w fajce dla bezpo\u015bredniego efektu lub w czystej postaci dla najczystszych dozna\u0144 smakowych.<\/li>\n<li><b>Nowoczesne zastosowanie:<\/b> <b>Zalecamy<\/b> waporyzator. <b>Delikatne odparowywanie<\/b> oferuje czyste i czyste doznania smakowe. <b>Alternatywnie mo\u017cna u\u017cy\u0107<\/b> bonga do sch\u0142odzonej przyjemno\u015bci lub kuchni do kulinarnych kreacji.<\/li>\n<\/ul>\n<h2><b>Obs\u0142uga, zamawianie i logistyka<\/b><\/h2>\n<p><b>Gwarantujemy<\/b> sprawny proces zamawiania i <b>Dyskretna dostawa<\/b>, szybka wysy\u0142ka.<\/p>\n<p><b>Nasza us\u0142uga jest dyskretna i szybka:<\/b> <b>Wysy\u0142amy<\/b> produkty <b>anonimowy<\/b> w <b>neutralne opakowanie<\/b>. <b>Oferujemy<\/b> <b>Wysy\u0142ka ekspresowa<\/b> oraz <b>Wysy\u0142ka 24h<\/b>. <b>Daje to<\/b> Twoje zam\u00f3wienie w <b>Niemcy<\/b>, <b>Austria<\/b> i <b>Szwajcaria<\/b> szybki i <b>Bezpieczna dostawa<\/b>. Przetwarzanie odbywa si\u0119 za po\u015brednictwem bezpiecznych kana\u0142\u00f3w transakcyjnych.<\/p>\n<h3><b>Zam\u00f3wienie i ilo\u015bci<\/b><\/h3>\n<p><b>Mo\u017cesz<\/b> <b>Kupuj bezpo\u015brednio<\/b>. <b>Proces ten jest prosty:<\/b> <b>Wybierz<\/b> Ilo\u015b\u0107 (25G, 50G, 100G, 250G). <b>Dodaj<\/b> doda\u0107 produkt do koszyka. <b>P\u0142atno\u015b\u0107 jest bezpieczna<\/b>. <b>Dostawa ma miejsce<\/b> dyskretnie w ci\u0105gu 1-3 dni roboczych. <b>Zysk z<\/b> z <b>Najwy\u017csze ceny<\/b> oraz <b>Oferty specjalne<\/b>. <b>Dost\u0119pno\u015b\u0107<\/b> jest cz\u0119sto <b>Ograniczony stan magazynowy<\/b>.<\/p>\n<h3><b>Gwarancja przechowywania i \u015bwie\u017co\u015bci<\/b><\/h3>\n<p>Aby zoptymalizowa\u0107 <b>100% Jako\u015b\u0107<\/b> i zachowa\u0107 pe\u0142ny smak \u017cywicy, <b>musisz<\/b> spe\u0142niaj\u0105 optymalne warunki przechowywania. <b>Optymalne przechowywanie<\/b> le\u017cy z <b>Temperatura<\/b> 18-22C i <b>Wilgotno\u015b\u0107 powietrza<\/b> z <span class=\"math-inline\" data-math=\"55text{\u2013}62%\">55-62%<\/span>. <b>U\u017cycie<\/b> szczelny smak <b>Pojemnik<\/b> oraz <b>chroni\u0107 go<\/b> od bezpo\u015bredniego \u015bwiat\u0142a. <b>Gwarantujemy<\/b> minimalny okres trwa\u0142o\u015bci 6-9 miesi\u0119cy.<\/p>\n<h2><b>Cz\u0119sto zadawane pytania (FAQ)<\/b><\/h2>\n<p><b>Odpowiadamy<\/b> najwa\u017cniejsze pytania dotycz\u0105ce naszego produktu:<\/p>\n<ul>\n<li><b>P: Co oznacza \u201eDara-I Suf\u201c?<\/b> <b>A:<\/b> Odnosi si\u0119 do s\u0142ynnego regionu haszyszowego w Afganistanie.<\/li>\n<li><b>P: Dla kogo przeznaczona jest ta odmiana?<\/b> <b>A:<\/b> Idealny dla pocz\u0105tkuj\u0105cych i tych, kt\u00f3rzy preferuj\u0105 \u0142agodne odmiany.<\/li>\n<li><b>P: Jaki jest efekt?<\/b> <b>A:<\/b> \u017bywica ma zr\u00f3wnowa\u017cony i wszechstronny smak.<\/li>\n<li><b>P: Jaka metoda konsumpcji jest zalecana?<\/b> <b>A:<\/b> Szczeg\u00f3lnie dobra w jointach (mieszanych) lub waporyzatorze.<\/li>\n<li><b>P: Jaki jest najlepszy spos\u00f3b dawkowania?<\/b> <b>A:<\/b> Zacznij od ma\u0142ych ilo\u015bci i zwi\u0119kszaj je ostro\u017cnie.<\/li>\n<\/ul>\n<h4><b>Poznaj afga\u0144sk\u0105 tradycj\u0119<\/b><\/h4>\n<p>\u017bywica aromatyczna Dara-I Suf oznacza autentyczn\u0105, r\u0119cznie wytwarzan\u0105 jako\u015b\u0107 i zr\u00f3wnowa\u017cony profil. <b>Jest idealny<\/b> dla tych, kt\u00f3rzy doceniaj\u0105 tradycyjn\u0105 kultur\u0119 \u017cywiczn\u0105 i ceni\u0105 \u0142agodne, wszechstronne odmiany. <b>Kup teraz online<\/b> i zabezpieczy\u0107 to <b>orygina\u0142<\/b> Produkt dla <b>najlepsza cena<\/b>.<\/p>","protected":false},"excerpt":{"rendered":"<p>Kup afga\u0144ski haszysz Dara-I Suf: wysokiej jako\u015bci haszysz z tradycyjnego regionu upraw Dara-I Suf w Afganistanie. Intensywny aromat, \u0142agodne dzia\u0142anie. Idealny do relaksu i przyjemno\u015bci.<\/p>","protected":false},"featured_media":7260,"comment_status":"open","ping_status":"closed","template":"","meta":{"_joinchat":[]},"product_brand":[],"product_cat":[61],"product_tag":[3162,3164,2964,3047,2965,3072,3071,3163,3053],"class_list":{"0":"post-7222","1":"product","2":"type-product","3":"status-publish","4":"has-post-thumbnail","6":"product_cat-hashish","7":"product_tag-afghani-dara-i-suf-hash","8":"product_tag-afghanisches-hasch","9":"product_tag-ausgewogene-wirkung","10":"product_tag-cannabis","11":"product_tag-entspannend","12":"product_tag-handwerksqualitaet","13":"product_tag-mild","14":"product_tag-traditionelles-haschisch","15":"product_tag-wuerzig","17":"first","18":"instock","19":"shipping-taxable","20":"purchasable","21":"product-type-variable"},"yoast_head":"<!-- This site is optimized with the Yoast SEO plugin v27.5 - https:\/\/yoast.com\/product\/yoast-seo-wordpress\/ -->\n<title>Afghani Dara-I Suf Hash Kaufen | Premium Qualit\u00e4t | Traditionell Chemgramx<\/title>\n<meta name=\"description\" content=\"Afghani Dara-I Suf Hash kaufen - Hochwertiges Haschisch aus dem Suf-Tal. Traditionelle Herstellung, intensives Aroma. Diskret &amp; sicher bestellen.\" \/>\n<meta name=\"robots\" content=\"index, follow, max-snippet:-1, max-image-preview:large, max-video-preview:-1\" \/>\n<link rel=\"canonical\" href=\"https:\/\/chemgramx.com\/pl\/produkt-1\/kupic-afghani-dara-i-suf-hash\/\" \/>\n<meta property=\"og:locale\" content=\"pl_PL\" \/>\n<meta property=\"og:type\" content=\"article\" \/>\n<meta property=\"og:title\" content=\"Afghani Dara-I Suf Hash Kaufen | Premium Qualit\u00e4t | Traditionell Chemgramx\" \/>\n<meta property=\"og:description\" content=\"Afghani Dara-I Suf Hash kaufen - Hochwertiges Haschisch aus dem Suf-Tal. Traditionelle Herstellung, intensives Aroma. Diskret &amp; sicher bestellen.\" \/>\n<meta property=\"og:url\" content=\"https:\/\/chemgramx.com\/pl\/produkt-1\/kupic-afghani-dara-i-suf-hash\/\" \/>\n<meta property=\"og:site_name\" content=\"Chemgramx\" \/>\n<meta property=\"article:modified_time\" content=\"2025-11-30T17:48:09+00:00\" \/>\n<meta property=\"og:image\" content=\"https:\/\/chemgramx.com\/wp-content\/uploads\/2025\/11\/afghani-dara-i-suf-hash.jpg\" \/>\n\t<meta property=\"og:image:width\" content=\"1000\" \/>\n\t<meta property=\"og:image:height\" content=\"1000\" \/>\n\t<meta property=\"og:image:type\" content=\"image\/jpeg\" \/>\n<meta name=\"twitter:card\" content=\"summary_large_image\" \/>\n<meta name=\"twitter:label1\" content=\"Szacowany czas czytania\" \/>\n\t<meta name=\"twitter:data1\" content=\"4 minuty\" \/>\n<script type=\"application\/ld+json\" class=\"yoast-schema-graph\">{\"@context\":\"https:\\\/\\\/schema.org\",\"@graph\":[{\"@type\":\"WebPage\",\"@id\":\"https:\\\/\\\/chemgramx.com\\\/product\\\/afghani-dara-i-suf-hash-kaufen\\\/\",\"url\":\"https:\\\/\\\/chemgramx.com\\\/product\\\/afghani-dara-i-suf-hash-kaufen\\\/\",\"name\":\"Afghani Dara-I Suf Hash Kaufen | Premium Qualit\u00e4t | Traditionell Chemgramx\",\"isPartOf\":{\"@id\":\"https:\\\/\\\/chemgramx.com\\\/#website\"},\"primaryImageOfPage\":{\"@id\":\"https:\\\/\\\/chemgramx.com\\\/product\\\/afghani-dara-i-suf-hash-kaufen\\\/#primaryimage\"},\"image\":{\"@id\":\"https:\\\/\\\/chemgramx.com\\\/product\\\/afghani-dara-i-suf-hash-kaufen\\\/#primaryimage\"},\"thumbnailUrl\":\"https:\\\/\\\/chemgramx.com\\\/wp-content\\\/uploads\\\/2025\\\/11\\\/afghani-dara-i-suf-hash.jpg\",\"datePublished\":\"2025-11-21T11:13:36+00:00\",\"dateModified\":\"2025-11-30T17:48:09+00:00\",\"description\":\"Afghani Dara-I Suf Hash kaufen - Hochwertiges Haschisch aus dem Suf-Tal. Traditionelle Herstellung, intensives Aroma. Diskret & sicher bestellen.\",\"breadcrumb\":{\"@id\":\"https:\\\/\\\/chemgramx.com\\\/product\\\/afghani-dara-i-suf-hash-kaufen\\\/#breadcrumb\"},\"inLanguage\":\"pl-PL\",\"potentialAction\":[{\"@type\":\"ReadAction\",\"target\":[\"https:\\\/\\\/chemgramx.com\\\/product\\\/afghani-dara-i-suf-hash-kaufen\\\/\"]}]},{\"@type\":\"ImageObject\",\"inLanguage\":\"pl-PL\",\"@id\":\"https:\\\/\\\/chemgramx.com\\\/product\\\/afghani-dara-i-suf-hash-kaufen\\\/#primaryimage\",\"url\":\"https:\\\/\\\/chemgramx.com\\\/wp-content\\\/uploads\\\/2025\\\/11\\\/afghani-dara-i-suf-hash.jpg\",\"contentUrl\":\"https:\\\/\\\/chemgramx.com\\\/wp-content\\\/uploads\\\/2025\\\/11\\\/afghani-dara-i-suf-hash.jpg\",\"width\":1000,\"height\":1000},{\"@type\":\"BreadcrumbList\",\"@id\":\"https:\\\/\\\/chemgramx.com\\\/product\\\/afghani-dara-i-suf-hash-kaufen\\\/#breadcrumb\",\"itemListElement\":[{\"@type\":\"ListItem\",\"position\":1,\"name\":\"Home\",\"item\":\"https:\\\/\\\/chemgramx.com\\\/\"},{\"@type\":\"ListItem\",\"position\":2,\"name\":\"Shop\",\"item\":\"https:\\\/\\\/chemgramx.com\\\/shop\\\/\"},{\"@type\":\"ListItem\",\"position\":3,\"name\":\"Afghani Dara-I Suf Hash kaufen\"}]},{\"@type\":\"WebSite\",\"@id\":\"https:\\\/\\\/chemgramx.com\\\/#website\",\"url\":\"https:\\\/\\\/chemgramx.com\\\/\",\"name\":\"Chemgramx\",\"description\":\"\",\"publisher\":{\"@id\":\"https:\\\/\\\/chemgramx.com\\\/#organization\"},\"potentialAction\":[{\"@type\":\"SearchAction\",\"target\":{\"@type\":\"EntryPoint\",\"urlTemplate\":\"https:\\\/\\\/chemgramx.com\\\/?s={search_term_string}\"},\"query-input\":{\"@type\":\"PropertyValueSpecification\",\"valueRequired\":true,\"valueName\":\"search_term_string\"}}],\"inLanguage\":\"pl-PL\"},{\"@type\":\"Organization\",\"@id\":\"https:\\\/\\\/chemgramx.com\\\/#organization\",\"name\":\"Chemgramx\",\"url\":\"https:\\\/\\\/chemgramx.com\\\/\",\"logo\":{\"@type\":\"ImageObject\",\"inLanguage\":\"pl-PL\",\"@id\":\"https:\\\/\\\/chemgramx.com\\\/#\\\/schema\\\/logo\\\/image\\\/\",\"url\":\"https:\\\/\\\/chemgramx.com\\\/wp-content\\\/uploads\\\/2024\\\/10\\\/final-logo.png\",\"contentUrl\":\"https:\\\/\\\/chemgramx.com\\\/wp-content\\\/uploads\\\/2024\\\/10\\\/final-logo.png\",\"width\":250,\"height\":48,\"caption\":\"Chemgramx\"},\"image\":{\"@id\":\"https:\\\/\\\/chemgramx.com\\\/#\\\/schema\\\/logo\\\/image\\\/\"}}]}<\/script>\n<!-- \/ Yoast SEO plugin. -->","yoast_head_json":{"title":"Kup afga\u0144ski Dara-I Suf Hash | Najwy\u017csza jako\u015b\u0107 | Tradycyjny Chemgramx","description":"Kup Afghani Dara-I Suf Hash - Wysokiej jako\u015bci haszysz z doliny Suf. Tradycyjna produkcja, intensywny smak. Zam\u00f3w dyskretnie i bezpiecznie.","robots":{"index":"index","follow":"follow","max-snippet":"max-snippet:-1","max-image-preview":"max-image-preview:large","max-video-preview":"max-video-preview:-1"},"canonical":"https:\/\/chemgramx.com\/pl\/produkt-1\/kupic-afghani-dara-i-suf-hash\/","og_locale":"pl_PL","og_type":"article","og_title":"Afghani Dara-I Suf Hash Kaufen | Premium Qualit\u00e4t | Traditionell Chemgramx","og_description":"Afghani Dara-I Suf Hash kaufen - Hochwertiges Haschisch aus dem Suf-Tal. Traditionelle Herstellung, intensives Aroma. Diskret & sicher bestellen.","og_url":"https:\/\/chemgramx.com\/pl\/produkt-1\/kupic-afghani-dara-i-suf-hash\/","og_site_name":"Chemgramx","article_modified_time":"2025-11-30T17:48:09+00:00","og_image":[{"width":1000,"height":1000,"url":"https:\/\/chemgramx.com\/wp-content\/uploads\/2025\/11\/afghani-dara-i-suf-hash.jpg","type":"image\/jpeg"}],"twitter_card":"summary_large_image","twitter_misc":{"Szacowany czas czytania":"4 minuty"},"schema":{"@context":"https:\/\/schema.org","@graph":[{"@type":"WebPage","@id":"https:\/\/chemgramx.com\/product\/afghani-dara-i-suf-hash-kaufen\/","url":"https:\/\/chemgramx.com\/product\/afghani-dara-i-suf-hash-kaufen\/","name":"Kup afga\u0144ski Dara-I Suf Hash | Najwy\u017csza jako\u015b\u0107 | Tradycyjny Chemgramx","isPartOf":{"@id":"https:\/\/chemgramx.com\/#website"},"primaryImageOfPage":{"@id":"https:\/\/chemgramx.com\/product\/afghani-dara-i-suf-hash-kaufen\/#primaryimage"},"image":{"@id":"https:\/\/chemgramx.com\/product\/afghani-dara-i-suf-hash-kaufen\/#primaryimage"},"thumbnailUrl":"https:\/\/chemgramx.com\/wp-content\/uploads\/2025\/11\/afghani-dara-i-suf-hash.jpg","datePublished":"2025-11-21T11:13:36+00:00","dateModified":"2025-11-30T17:48:09+00:00","description":"Kup Afghani Dara-I Suf Hash - Wysokiej jako\u015bci haszysz z doliny Suf. Tradycyjna produkcja, intensywny smak. Zam\u00f3w dyskretnie i bezpiecznie.","breadcrumb":{"@id":"https:\/\/chemgramx.com\/product\/afghani-dara-i-suf-hash-kaufen\/#breadcrumb"},"inLanguage":"pl-PL","potentialAction":[{"@type":"ReadAction","target":["https:\/\/chemgramx.com\/product\/afghani-dara-i-suf-hash-kaufen\/"]}]},{"@type":"ImageObject","inLanguage":"pl-PL","@id":"https:\/\/chemgramx.com\/product\/afghani-dara-i-suf-hash-kaufen\/#primaryimage","url":"https:\/\/chemgramx.com\/wp-content\/uploads\/2025\/11\/afghani-dara-i-suf-hash.jpg","contentUrl":"https:\/\/chemgramx.com\/wp-content\/uploads\/2025\/11\/afghani-dara-i-suf-hash.jpg","width":1000,"height":1000},{"@type":"BreadcrumbList","@id":"https:\/\/chemgramx.com\/product\/afghani-dara-i-suf-hash-kaufen\/#breadcrumb","itemListElement":[{"@type":"ListItem","position":1,"name":"Home","item":"https:\/\/chemgramx.com\/"},{"@type":"ListItem","position":2,"name":"Shop","item":"https:\/\/chemgramx.com\/shop\/"},{"@type":"ListItem","position":3,"name":"Afghani Dara-I Suf Hash kaufen"}]},{"@type":"WebSite","@id":"https:\/\/chemgramx.com\/#website","url":"https:\/\/chemgramx.com\/","name":"Chemgramx","description":"","publisher":{"@id":"https:\/\/chemgramx.com\/#organization"},"potentialAction":[{"@type":"SearchAction","target":{"@type":"EntryPoint","urlTemplate":"https:\/\/chemgramx.com\/?s={search_term_string}"},"query-input":{"@type":"PropertyValueSpecification","valueRequired":true,"valueName":"search_term_string"}}],"inLanguage":"pl-PL"},{"@type":"Organization","@id":"https:\/\/chemgramx.com\/#organization","name":"Chemgramx","url":"https:\/\/chemgramx.com\/","logo":{"@type":"ImageObject","inLanguage":"pl-PL","@id":"https:\/\/chemgramx.com\/#\/schema\/logo\/image\/","url":"https:\/\/chemgramx.com\/wp-content\/uploads\/2024\/10\/final-logo.png","contentUrl":"https:\/\/chemgramx.com\/wp-content\/uploads\/2024\/10\/final-logo.png","width":250,"height":48,"caption":"Chemgramx"},"image":{"@id":"https:\/\/chemgramx.com\/#\/schema\/logo\/image\/"}}]}},"_links":{"self":[{"href":"https:\/\/chemgramx.com\/pl\/wp-json\/wp\/v2\/product\/7222","targetHints":{"allow":["GET"]}}],"collection":[{"href":"https:\/\/chemgramx.com\/pl\/wp-json\/wp\/v2\/product"}],"about":[{"href":"https:\/\/chemgramx.com\/pl\/wp-json\/wp\/v2\/types\/product"}],"replies":[{"embeddable":true,"href":"https:\/\/chemgramx.com\/pl\/wp-json\/wp\/v2\/comments?post=7222"}],"wp:featuredmedia":[{"embeddable":true,"href":"https:\/\/chemgramx.com\/pl\/wp-json\/wp\/v2\/media\/7260"}],"wp:attachment":[{"href":"https:\/\/chemgramx.com\/pl\/wp-json\/wp\/v2\/media?parent=7222"}],"wp:term":[{"taxonomy":"product_brand","embeddable":true,"href":"https:\/\/chemgramx.com\/pl\/wp-json\/wp\/v2\/product_brand?post=7222"},{"taxonomy":"product_cat","embeddable":true,"href":"https:\/\/chemgramx.com\/pl\/wp-json\/wp\/v2\/product_cat?post=7222"},{"taxonomy":"product_tag","embeddable":true,"href":"https:\/\/chemgramx.com\/pl\/wp-json\/wp\/v2\/product_tag?post=7222"}],"curies":[{"name":"wp","href":"https:\/\/api.w.org\/{rel}","templated":true}]}}