{"id":7223,"date":"2025-11-21T11:13:36","date_gmt":"2025-11-21T11:13:36","guid":{"rendered":"https:\/\/chemgramx.com\/?post_type=product&#038;p=7223"},"modified":"2025-11-21T11:14:57","modified_gmt":"2025-11-21T11:14:57","slug":"kupic-czarne-zloto-haszysz","status":"publish","type":"product","link":"https:\/\/chemgramx.com\/pl\/product\/black-gold-hash-kaufen\/","title":{"rendered":"Kup Black Gold Hash"},"content":{"rendered":"<p>Zanurz si\u0119 w \u015bwiecie <b>Black Gold Hash<\/b> - a <b>Haszysz premium<\/b>, kt\u00f3ry zachwyca wymagaj\u0105cych koneser\u00f3w. Ten produkt zachwyca swoim <b>uderzaj\u0105cy wygl\u0105d<\/b>: jeden <b>g\u0142\u0119boki czarny kolor<\/b> z fascynuj\u0105cym <b>z\u0142ote refleksy<\/b> w \u015bwietle, kt\u00f3re nadaje jej nazw\u0119. Jest to idealny wyb\u00f3r dla ka\u017cdego, kto chce <b>Intensywny, wielowarstwowy smak<\/b> oraz <b>Silny efekt g\u0142\u0119bi podkre\u015blaj\u0105cy sylwetk\u0119<\/b> wyszukiwanie. Zam\u00f3w to <b>Oryginalny produkt<\/b> teraz <b>legalny<\/b>, <b>bez recepty<\/b> i z <b>Dyskretna obs\u0142uga<\/b> online. Gwarantujemy <b>Dostawa ekspresowa<\/b> oraz <b>100% dyskretny<\/b> Dostawa do <b>Niemcy<\/b>, do <b>Szwajcaria<\/b> i po <b>Austria<\/b>.<\/p>\n<p>Black Gold Hash \u0142\u0105czy w sobie <b>Jako\u015b\u0107 wykonania<\/b> z nowoczesnymi wymaganiami. Charakteryzuje si\u0119 <b>Staranna, tradycyjna produkcja<\/b> aby dostarczy\u0107 haszysz, kt\u00f3ry jest unikalny w swoim <b>Potencja<\/b> i jego <b>Profil sensoryczny<\/b> jest bezkonkurencyjny. Je\u015bli lubisz ten haszysz <b>Kup<\/b> lub <b>zam\u00f3wienie online<\/b> wybra\u0107 odmian\u0119, kt\u00f3ra jest odpowiednia nie tylko dla <b>Testowane w laboratorium<\/b> i najwy\u017cszy <b>Standardy jako\u015bci<\/b> odpowiada. Skorzystaj z tej mo\u017cliwo\u015bci, <b>bezpo\u015bredni <a href=\"\/product\/braunes-heroinpulver\/\">Kup<\/a><\/b> i zabezpieczy\u0107 <b>najlepsza cena<\/b> przez nasz obecny <b>Oferty specjalne<\/b>.<\/p>\n<h2>Co sprawia, \u017ce Black Gold Hash jest tak wyj\u0105tkowy<\/h2>\n<p>Wyj\u0105tkowo\u015b\u0107 Black Gold Hash polega na po\u0142\u0105czeniu estetyki wizualnej i warto\u015bci wewn\u0119trznych. Jest to <b>bardzo silny tradycyjny haszysz<\/b>, kt\u00f3re koneserzy natychmiast doceni\u0105.<\/p>\n<h3>Estetyka i tekstura<\/h3>\n<p>The <b>Uderzaj\u0105cy wygl\u0105d<\/b> z Black Gold Hash <b>G\u0142\u0119boki czarny kolor ze z\u0142oto-br\u0105zowymi refleksami<\/b>, jest natychmiast rozpoznawalny. The <b>Sp\u00f3jno\u015b\u0107<\/b> jest <b>Mi\u0119kki i lepki<\/b>, co <b>Obs\u0142uga<\/b> uproszczone. The <b>Tekstura<\/b> jest <b>Jednolite i daj\u0105ce si\u0119 formowa\u0107<\/b>, jakie r\u00f3\u017cne <b>Metody konsumpcji<\/b> zezwolenia. To <b>Jako\u015b\u0107 marki<\/b> i <b>Oryginalny produkt<\/b> s\u0105 dost\u0119pne tylko tutaj.<\/p>\n<h3>Aromat i smak<\/h3>\n<p>The <b>Intensywny smak<\/b> Black Gold Hash to <b>Bogactwo i z\u0142o\u017cono\u015b\u0107<\/b>. Jest to <b>Intensywnie pikantny<\/b> z wyra\u017anym <b>Nuty ziemiste i drzewne<\/b>. W <b>Smak<\/b> jest <b>Pe\u0142ny<\/b> oraz <b>ci\u0119\u017cki<\/b>, dope\u0142nione przyjemnym <b>S\u0142odkawy odcie\u0144<\/b>. The <b>Zachowania zwi\u0105zane z paleniem<\/b> jest <b>G\u0119sty i aromatyczny<\/b>, z <b>Powoli i stabilnie<\/b> bieganie <b>Spalanie<\/b>, co przed\u0142u\u017ca przyjemno\u015b\u0107.<\/p>\n<h2>Efekt g\u0142\u0119bi i aplikacja dla wymagaj\u0105cych koneser\u00f3w<\/h2>\n<p>Black Gold Hash jest znany ze swoich <b>Efekt g\u0142\u0119bi<\/b> znany. Jest to odmiana, kt\u00f3ra <b>Silny relaks fizyczny<\/b> i przede wszystkim dla <b>Do\u015bwiadczeni konsumenci<\/b> kt\u00f3rzy szukaj\u0105 silnego efektu.<\/p>\n<h4>W\u0142a\u015bciwo\u015bci efektu<\/h4>\n<ul>\n<li><b>Pocz\u0105tek dzia\u0142ania:<\/b> <b>Szybki i wydajny<\/b>, Efekt pojawia si\u0119 szybko.<\/li>\n<li><b>Efekt cia\u0142a:<\/b> <b>G\u0142\u0119boko relaksuj\u0105cy i ci\u0119\u017cki<\/b>, idealny do napinania.<\/li>\n<li><b>Efekt psychiczny:<\/b> <b>Uspokajaj\u0105cy i r\u00f3wnowa\u017c\u0105cy<\/b>, tworzy wewn\u0119trzny spok\u00f3j.<\/li>\n<li><b>Czas dzia\u0142ania:<\/b> <b>D\u0142ugotrwa\u0142y<\/b> 3-4 godzin, idealny do d\u0142u\u017cszej zabawy.<\/li>\n<\/ul>\n<h4>Idealne obszary zastosowa\u0144<\/h4>\n<ul>\n<li><b>Wieczorny relaks:<\/b> <b>Idealny na koniec dnia<\/b> po stresuj\u0105cym dniu.<\/li>\n<li><b>G\u0142\u0119boki relaks:<\/b> Wsparcie <b>Na napi\u0119cie i stres<\/b>.<\/li>\n<li><b>Promocja snu:<\/b> Czy <b>Aby zapewni\u0107 dobry sen<\/b> przyczyni\u0107 si\u0119.<\/li>\n<li><b>Praktyka medytacyjna:<\/b> Dla <b>G\u0142\u0119boka wewn\u0119trzna kontemplacja<\/b>.<\/li>\n<\/ul>\n<h4>Zalecane metody konsumpcji<\/h4>\n<p>Ze wzgl\u0119du na jego moc i konsystencj\u0119 zalecamy <b>Ekonomiczne dozowanie<\/b> zu\u017cycie.<\/p>\n<ul>\n<li><b>Tradycyjny:<\/b> <b>We wsp\u00f3lnym<\/b> (dawkowa\u0107 oszcz\u0119dnie), <b>Rura<\/b> (bezpo\u015brednie i intensywne), <b>Czysty<\/b> (dla do\u015bwiadczonych koneser\u00f3w).<\/li>\n<li><b>Nowoczesny:<\/b> <b>Waporyzator<\/b> (z kontrol\u0105 temperatury), <b>Dab Rig<\/b> (wysoce skoncentrowany), <b>Jadalne<\/b> (d\u0142ugotrwa\u0142y efekt).<\/li>\n<\/ul>\n<h2>Zam\u00f3w teraz: legalnie, anonimowo i ekspresowo<\/h2>\n<p>Twoje zadowolenie i <b>Dyskrecja jest gwarantowana<\/b>. Przy zakupie Black Gold Hash <b>zam\u00f3wienie bez recepty<\/b> oferujemy bezpieczn\u0105 i przejrzyst\u0105 us\u0142ug\u0119.<\/p>\n<h4>Wysy\u0142ka i dostawa<\/h4>\n<p>Oferujemy <b>Wysy\u0142ka ekspresowa<\/b> oraz <b>Dostawa ekspresowa<\/b> z <b>Wysy\u0142ka 24h<\/b> Przetwarzanie. Twoje towary b\u0119d\u0105 <b>100% dostarczany dyskretnie<\/b> w <b>neutralne opakowanie<\/b>.<\/p>\n<ul>\n<li><b>Wysy\u0142ka do Niemiec bez problem\u00f3w<\/b><\/li>\n<li><b>Bezproblemowa wysy\u0142ka do Szwajcarii<\/b><\/li>\n<li><b>Bezproblemowa wysy\u0142ka do Austrii<\/b><\/li>\n<\/ul>\n<p>&nbsp;<\/p>\n<h3>Legalno\u015b\u0107 i bezpiecze\u0144stwo<\/h3>\n<p>Mo\u017cesz <b>Zam\u00f3w 100% legalnie - bez recepty<\/b>. Gwarantujemy <b>anonimowe zam\u00f3wienie<\/b> i <b>Dyskretne przetwarzanie<\/b> p\u0142atno\u015b\u0107. <b>P\u0142atno\u015b\u0107 za pomoc\u0105 Bitcoin<\/b> jest jedn\u0105 z bezpiecznych opcji p\u0142atno\u015bci. <b>Kupuj bezpiecznie<\/b> Ty z nami <b>Testowane w laboratorium<\/b>i <b>Oryginalny produkt<\/b>. Obiecujemy <b>100% Jako\u015b\u0107<\/b>.<\/p>\n<p>&nbsp;<\/p>\n<h3>Ceny i dost\u0119pno\u015b\u0107<\/h3>\n<p>Produkt jest <b>kup teraz<\/b> oraz <b>natychmiast dost\u0119pny<\/b>. <b>Zam\u00f3w ju\u017c dzi\u015b i skorzystaj z najlepszych cen<\/b> i nasz <b>Oferty specjalne<\/b>. Nie przegap szansy na do\u015bwiadczenie tego <b>Oryginalny produkt dost\u0119pny tylko tutaj<\/b> do nabycia.<\/p>\n<p>&nbsp;<\/p>\n<h2>Przechowywanie i \u015bwie\u017co\u015b\u0107: jak utrzyma\u0107 jako\u015b\u0107<\/h2>\n<p>Aby zoptymalizowa\u0107 <b>100% Jako\u015b\u0107<\/b> i intensywny <b>W\u0142a\u015bciwo\u015bci sensoryczne<\/b> Black Gold Hash w d\u0142u\u017cszym okresie czasu jest w\u0142a\u015bciwym rozwi\u0105zaniem. <b>Przechowywanie<\/b> decyduj\u0105cy.<\/p>\n<h3>Optymalne warunki przechowywania<\/h3>\n<ul>\n<li><b>Temperatura:<\/b> Ch\u0142odna temperatura 16-20\u00b0C jest idealna.<\/li>\n<li><b>Wilgotno\u015b\u0107:<\/b> Wilgotno\u015b\u0107 wzgl\u0119dna na poziomie 55-62% chroni przed wysychaniem lub ple\u015bni\u0105.<\/li>\n<li><b>Pojemnik:<\/b> U\u017cyj <b>Szczelny pojemnik<\/b> do izolacji zapach\u00f3w i wilgoci.<\/li>\n<li><b>\u015awiat\u0142o:<\/b> Produkt musi <b>W pe\u0142ni chroniony<\/b> przechowywane z dala od bezpo\u015bredniego \u015bwiat\u0142a.<\/li>\n<\/ul>\n<p>Z <b>Idealne przechowywanie<\/b> le\u017cy <b>Minimalny okres przechowywania<\/b> w wieku 6-12 miesi\u0119cy, przy czym wysokie <b>Utrzymanie jako\u015bci<\/b> jest zabezpieczona.<\/p>\n<h2>Cz\u0119sto zadawane pytania (FAQ)<\/h2>\n<p><b>P: Dlaczego nazywa si\u0119 Black Gold Hash?<\/b><br \/>\nO: Nazwa pochodzi od <b>g\u0142\u0119boki czarny kolor z charakterystycznymi z\u0142otymi refleksami<\/b> kt\u00f3re czyni\u0105 j\u0105 wizualnie wyj\u0105tkow\u0105.<\/p>\n<p><b>P: Czy ta odmiana jest odpowiednia dla pocz\u0105tkuj\u0105cych?<\/b><br \/>\nProdukt jest <b>Bardzo silny<\/b> i zapewnia <b>Relaks z silnym naciskiem na cia\u0142o<\/b>. Jest to <b>g\u0142\u00f3wnie dla do\u015bwiadczonych konsument\u00f3w<\/b> kt\u00f3rzy ceni\u0105 sobie mocny efekt.<\/p>\n<p><b>P: Jakiego efektu mog\u0119 si\u0119 spodziewa\u0107?<\/b> A:<br \/>\nJeden <b>g\u0142\u0119boko relaksuj\u0105cy fizycznie<\/b> Efekt w po\u0142\u0105czeniu z <b>spok\u00f3j i r\u00f3wnowaga psychiczna<\/b>. Efekt jest nast\u0119puj\u0105cy <b>d\u0142ugotrwa\u0142y<\/b>.<\/p>\n<p><b>P: Jak prawid\u0142owo dawkowa\u0107 Black Gold Hash?<\/b><br \/>\nO: Jest to wskazane, <b>bardzo ekonomiczny na pocz\u0105tek<\/b>kt\u00f3ry <b>Poczekaj na efekt<\/b> a dopiero potem powoli j\u0105 zwi\u0119ksza\u0107.<\/p>\n<p><b>P: Jakie opcje p\u0142atno\u015bci oferujecie?<\/b><br \/>\nO: Oferujemy <b>Bezpieczne przetwarzanie<\/b> p\u0142atno\u015bci, w tym <b>P\u0142atno\u015b\u0107 za pomoc\u0105 Bitcoin<\/b>, dla maksymalnej dyskrecji.<\/p>\n<p>Do\u015bwiadczenie <b>Intensywny efekt<\/b> i unikalny <b>Wra\u017cenia sensoryczne<\/b> Black Gold Hash. Jest to wyra\u017any <b>Wyb\u00f3r dla tych, kt\u00f3rzy szukaj\u0105 czego\u015b wyj\u0105tkowego i ceni\u0105 sobie najwy\u017csz\u0105 jako\u015b\u0107.<\/b>. <b>Zam\u00f3w teraz<\/b> i korzysta\u0107 z naszych us\u0142ug.<\/p>","protected":false},"excerpt":{"rendered":"<p>Kup Black Gold Hash: Wysokiej jako\u015bci haszysz o charakterystycznym g\u0142\u0119bokim czarnym kolorze ze z\u0142otymi refleksami. Intensywny, wielowarstwowy smak i g\u0142\u0119boko relaksuj\u0105cy efekt. Zam\u00f3w dyskretnie i bezpiecznie.<\/p>","protected":false},"featured_media":7261,"comment_status":"open","ping_status":"closed","template":"","meta":{"_joinchat":[]},"product_brand":[],"product_cat":[61],"product_tag":[3165,3047,2965,3066,2899,3064,3156,3166,3163,3065],"class_list":{"0":"post-7223","1":"product","2":"type-product","3":"status-publish","4":"has-post-thumbnail","6":"product_cat-hashish","7":"product_tag-black-gold-hash","8":"product_tag-cannabis","9":"product_tag-entspannend","10":"product_tag-erfahrene-konsumenten","11":"product_tag-hochpotent","12":"product_tag-intensive-wirkung","13":"product_tag-premium-qualitaet","14":"product_tag-tiefschwarz","15":"product_tag-traditionelles-haschisch","16":"product_tag-wuerzig-erdig","18":"first","19":"instock","20":"shipping-taxable","21":"purchasable","22":"product-type-variable"},"yoast_head":"<!-- This site is optimized with the Yoast SEO plugin v27.5 - https:\/\/yoast.com\/product\/yoast-seo-wordpress\/ -->\n<title>Black Gold Hash Kaufen | Premium Qualit\u00e4t | Intensiv &amp; Aromatisch Chemgramx<\/title>\n<meta name=\"description\" content=\"Black Gold Hash kaufen - Hochwertiges Haschisch mit tiefschwarzer Farbe &amp; goldenen Reflexen. Intensive Wirkung, reichhaltiges Aroma. Diskret &amp; sicher.\" \/>\n<meta name=\"robots\" content=\"index, follow, max-snippet:-1, max-image-preview:large, max-video-preview:-1\" \/>\n<link rel=\"canonical\" href=\"https:\/\/chemgramx.com\/pl\/produkt-1\/kupic-czarne-zloto-haszysz\/\" \/>\n<meta property=\"og:locale\" content=\"pl_PL\" \/>\n<meta property=\"og:type\" content=\"article\" \/>\n<meta property=\"og:title\" content=\"Black Gold Hash Kaufen | Premium Qualit\u00e4t | Intensiv &amp; Aromatisch Chemgramx\" \/>\n<meta property=\"og:description\" content=\"Black Gold Hash kaufen - Hochwertiges Haschisch mit tiefschwarzer Farbe &amp; goldenen Reflexen. Intensive Wirkung, reichhaltiges Aroma. Diskret &amp; sicher.\" \/>\n<meta property=\"og:url\" content=\"https:\/\/chemgramx.com\/pl\/produkt-1\/kupic-czarne-zloto-haszysz\/\" \/>\n<meta property=\"og:site_name\" content=\"Chemgramx\" \/>\n<meta property=\"article:modified_time\" content=\"2025-11-21T11:14:57+00:00\" \/>\n<meta property=\"og:image\" content=\"https:\/\/chemgramx.com\/wp-content\/uploads\/2025\/11\/black-gold-hash.jpg\" \/>\n\t<meta property=\"og:image:width\" content=\"1000\" \/>\n\t<meta property=\"og:image:height\" content=\"1000\" \/>\n\t<meta property=\"og:image:type\" content=\"image\/jpeg\" \/>\n<meta name=\"twitter:card\" content=\"summary_large_image\" \/>\n<meta name=\"twitter:label1\" content=\"Szacowany czas czytania\" \/>\n\t<meta name=\"twitter:data1\" content=\"4 minuty\" \/>\n<script type=\"application\/ld+json\" class=\"yoast-schema-graph\">{\"@context\":\"https:\\\/\\\/schema.org\",\"@graph\":[{\"@type\":\"WebPage\",\"@id\":\"https:\\\/\\\/chemgramx.com\\\/product\\\/black-gold-hash-kaufen\\\/\",\"url\":\"https:\\\/\\\/chemgramx.com\\\/product\\\/black-gold-hash-kaufen\\\/\",\"name\":\"Black Gold Hash Kaufen | Premium Qualit\u00e4t | Intensiv &amp; Aromatisch Chemgramx\",\"isPartOf\":{\"@id\":\"https:\\\/\\\/chemgramx.com\\\/#website\"},\"primaryImageOfPage\":{\"@id\":\"https:\\\/\\\/chemgramx.com\\\/product\\\/black-gold-hash-kaufen\\\/#primaryimage\"},\"image\":{\"@id\":\"https:\\\/\\\/chemgramx.com\\\/product\\\/black-gold-hash-kaufen\\\/#primaryimage\"},\"thumbnailUrl\":\"https:\\\/\\\/chemgramx.com\\\/wp-content\\\/uploads\\\/2025\\\/11\\\/black-gold-hash.jpg\",\"datePublished\":\"2025-11-21T11:13:36+00:00\",\"dateModified\":\"2025-11-21T11:14:57+00:00\",\"description\":\"Black Gold Hash kaufen - Hochwertiges Haschisch mit tiefschwarzer Farbe &amp; goldenen Reflexen. Intensive Wirkung, reichhaltiges Aroma. Diskret &amp; sicher.\",\"breadcrumb\":{\"@id\":\"https:\\\/\\\/chemgramx.com\\\/product\\\/black-gold-hash-kaufen\\\/#breadcrumb\"},\"inLanguage\":\"pl-PL\",\"potentialAction\":[{\"@type\":\"ReadAction\",\"target\":[\"https:\\\/\\\/chemgramx.com\\\/product\\\/black-gold-hash-kaufen\\\/\"]}]},{\"@type\":\"ImageObject\",\"inLanguage\":\"pl-PL\",\"@id\":\"https:\\\/\\\/chemgramx.com\\\/product\\\/black-gold-hash-kaufen\\\/#primaryimage\",\"url\":\"https:\\\/\\\/chemgramx.com\\\/wp-content\\\/uploads\\\/2025\\\/11\\\/black-gold-hash.jpg\",\"contentUrl\":\"https:\\\/\\\/chemgramx.com\\\/wp-content\\\/uploads\\\/2025\\\/11\\\/black-gold-hash.jpg\",\"width\":1000,\"height\":1000},{\"@type\":\"BreadcrumbList\",\"@id\":\"https:\\\/\\\/chemgramx.com\\\/product\\\/black-gold-hash-kaufen\\\/#breadcrumb\",\"itemListElement\":[{\"@type\":\"ListItem\",\"position\":1,\"name\":\"Home\",\"item\":\"https:\\\/\\\/chemgramx.com\\\/\"},{\"@type\":\"ListItem\",\"position\":2,\"name\":\"Shop\",\"item\":\"https:\\\/\\\/chemgramx.com\\\/shop\\\/\"},{\"@type\":\"ListItem\",\"position\":3,\"name\":\"Black Gold Hash kaufen\"}]},{\"@type\":\"WebSite\",\"@id\":\"https:\\\/\\\/chemgramx.com\\\/#website\",\"url\":\"https:\\\/\\\/chemgramx.com\\\/\",\"name\":\"Chemgramx\",\"description\":\"\",\"publisher\":{\"@id\":\"https:\\\/\\\/chemgramx.com\\\/#organization\"},\"potentialAction\":[{\"@type\":\"SearchAction\",\"target\":{\"@type\":\"EntryPoint\",\"urlTemplate\":\"https:\\\/\\\/chemgramx.com\\\/?s={search_term_string}\"},\"query-input\":{\"@type\":\"PropertyValueSpecification\",\"valueRequired\":true,\"valueName\":\"search_term_string\"}}],\"inLanguage\":\"pl-PL\"},{\"@type\":\"Organization\",\"@id\":\"https:\\\/\\\/chemgramx.com\\\/#organization\",\"name\":\"Chemgramx\",\"url\":\"https:\\\/\\\/chemgramx.com\\\/\",\"logo\":{\"@type\":\"ImageObject\",\"inLanguage\":\"pl-PL\",\"@id\":\"https:\\\/\\\/chemgramx.com\\\/#\\\/schema\\\/logo\\\/image\\\/\",\"url\":\"https:\\\/\\\/chemgramx.com\\\/wp-content\\\/uploads\\\/2024\\\/10\\\/final-logo.png\",\"contentUrl\":\"https:\\\/\\\/chemgramx.com\\\/wp-content\\\/uploads\\\/2024\\\/10\\\/final-logo.png\",\"width\":250,\"height\":48,\"caption\":\"Chemgramx\"},\"image\":{\"@id\":\"https:\\\/\\\/chemgramx.com\\\/#\\\/schema\\\/logo\\\/image\\\/\"}}]}<\/script>\n<!-- \/ Yoast SEO plugin. -->","yoast_head_json":{"title":"Kup Black Gold Hash | Najwy\u017csza jako\u015b\u0107 | Intensywny i aromatyczny Chemgramx","description":"Kup Black Gold Hash - Wysokiej jako\u015bci haszysz o g\u0142\u0119bokim czarnym kolorze i z\u0142otych refleksach. Intensywny efekt, bogaty smak. Dyskretny i bezpieczny.","robots":{"index":"index","follow":"follow","max-snippet":"max-snippet:-1","max-image-preview":"max-image-preview:large","max-video-preview":"max-video-preview:-1"},"canonical":"https:\/\/chemgramx.com\/pl\/produkt-1\/kupic-czarne-zloto-haszysz\/","og_locale":"pl_PL","og_type":"article","og_title":"Black Gold Hash Kaufen | Premium Qualit\u00e4t | Intensiv &amp; Aromatisch Chemgramx","og_description":"Black Gold Hash kaufen - Hochwertiges Haschisch mit tiefschwarzer Farbe &amp; goldenen Reflexen. Intensive Wirkung, reichhaltiges Aroma. Diskret &amp; sicher.","og_url":"https:\/\/chemgramx.com\/pl\/produkt-1\/kupic-czarne-zloto-haszysz\/","og_site_name":"Chemgramx","article_modified_time":"2025-11-21T11:14:57+00:00","og_image":[{"width":1000,"height":1000,"url":"https:\/\/chemgramx.com\/wp-content\/uploads\/2025\/11\/black-gold-hash.jpg","type":"image\/jpeg"}],"twitter_card":"summary_large_image","twitter_misc":{"Szacowany czas czytania":"4 minuty"},"schema":{"@context":"https:\/\/schema.org","@graph":[{"@type":"WebPage","@id":"https:\/\/chemgramx.com\/product\/black-gold-hash-kaufen\/","url":"https:\/\/chemgramx.com\/product\/black-gold-hash-kaufen\/","name":"Kup Black Gold Hash | Najwy\u017csza jako\u015b\u0107 | Intensywny i aromatyczny Chemgramx","isPartOf":{"@id":"https:\/\/chemgramx.com\/#website"},"primaryImageOfPage":{"@id":"https:\/\/chemgramx.com\/product\/black-gold-hash-kaufen\/#primaryimage"},"image":{"@id":"https:\/\/chemgramx.com\/product\/black-gold-hash-kaufen\/#primaryimage"},"thumbnailUrl":"https:\/\/chemgramx.com\/wp-content\/uploads\/2025\/11\/black-gold-hash.jpg","datePublished":"2025-11-21T11:13:36+00:00","dateModified":"2025-11-21T11:14:57+00:00","description":"Kup Black Gold Hash - Wysokiej jako\u015bci haszysz o g\u0142\u0119bokim czarnym kolorze i z\u0142otych refleksach. Intensywny efekt, bogaty smak. Dyskretny i bezpieczny.","breadcrumb":{"@id":"https:\/\/chemgramx.com\/product\/black-gold-hash-kaufen\/#breadcrumb"},"inLanguage":"pl-PL","potentialAction":[{"@type":"ReadAction","target":["https:\/\/chemgramx.com\/product\/black-gold-hash-kaufen\/"]}]},{"@type":"ImageObject","inLanguage":"pl-PL","@id":"https:\/\/chemgramx.com\/product\/black-gold-hash-kaufen\/#primaryimage","url":"https:\/\/chemgramx.com\/wp-content\/uploads\/2025\/11\/black-gold-hash.jpg","contentUrl":"https:\/\/chemgramx.com\/wp-content\/uploads\/2025\/11\/black-gold-hash.jpg","width":1000,"height":1000},{"@type":"BreadcrumbList","@id":"https:\/\/chemgramx.com\/product\/black-gold-hash-kaufen\/#breadcrumb","itemListElement":[{"@type":"ListItem","position":1,"name":"Home","item":"https:\/\/chemgramx.com\/"},{"@type":"ListItem","position":2,"name":"Shop","item":"https:\/\/chemgramx.com\/shop\/"},{"@type":"ListItem","position":3,"name":"Black Gold Hash kaufen"}]},{"@type":"WebSite","@id":"https:\/\/chemgramx.com\/#website","url":"https:\/\/chemgramx.com\/","name":"Chemgramx","description":"","publisher":{"@id":"https:\/\/chemgramx.com\/#organization"},"potentialAction":[{"@type":"SearchAction","target":{"@type":"EntryPoint","urlTemplate":"https:\/\/chemgramx.com\/?s={search_term_string}"},"query-input":{"@type":"PropertyValueSpecification","valueRequired":true,"valueName":"search_term_string"}}],"inLanguage":"pl-PL"},{"@type":"Organization","@id":"https:\/\/chemgramx.com\/#organization","name":"Chemgramx","url":"https:\/\/chemgramx.com\/","logo":{"@type":"ImageObject","inLanguage":"pl-PL","@id":"https:\/\/chemgramx.com\/#\/schema\/logo\/image\/","url":"https:\/\/chemgramx.com\/wp-content\/uploads\/2024\/10\/final-logo.png","contentUrl":"https:\/\/chemgramx.com\/wp-content\/uploads\/2024\/10\/final-logo.png","width":250,"height":48,"caption":"Chemgramx"},"image":{"@id":"https:\/\/chemgramx.com\/#\/schema\/logo\/image\/"}}]}},"_links":{"self":[{"href":"https:\/\/chemgramx.com\/pl\/wp-json\/wp\/v2\/product\/7223","targetHints":{"allow":["GET"]}}],"collection":[{"href":"https:\/\/chemgramx.com\/pl\/wp-json\/wp\/v2\/product"}],"about":[{"href":"https:\/\/chemgramx.com\/pl\/wp-json\/wp\/v2\/types\/product"}],"replies":[{"embeddable":true,"href":"https:\/\/chemgramx.com\/pl\/wp-json\/wp\/v2\/comments?post=7223"}],"wp:featuredmedia":[{"embeddable":true,"href":"https:\/\/chemgramx.com\/pl\/wp-json\/wp\/v2\/media\/7261"}],"wp:attachment":[{"href":"https:\/\/chemgramx.com\/pl\/wp-json\/wp\/v2\/media?parent=7223"}],"wp:term":[{"taxonomy":"product_brand","embeddable":true,"href":"https:\/\/chemgramx.com\/pl\/wp-json\/wp\/v2\/product_brand?post=7223"},{"taxonomy":"product_cat","embeddable":true,"href":"https:\/\/chemgramx.com\/pl\/wp-json\/wp\/v2\/product_cat?post=7223"},{"taxonomy":"product_tag","embeddable":true,"href":"https:\/\/chemgramx.com\/pl\/wp-json\/wp\/v2\/product_tag?post=7223"}],"curies":[{"name":"wp","href":"https:\/\/api.w.org\/{rel}","templated":true}]}}