{"id":7224,"date":"2025-11-21T11:13:37","date_gmt":"2025-11-21T11:13:37","guid":{"rendered":"https:\/\/chemgramx.com\/?post_type=product&#038;p=7224"},"modified":"2025-11-21T11:15:08","modified_gmt":"2025-11-21T11:15:08","slug":"kupic-blackberry-kush-bubble-hash","status":"publish","type":"product","link":"https:\/\/chemgramx.com\/pl\/product\/blackberry-kush-bubble-hash-kaufen\/","title":{"rendered":"Kup Blackberry Kush Bubble Hash"},"content":{"rendered":"<p>Odkryj teraz <b>Blackberry Kush Bubble Hash<\/b>, niezwyk\u0142y <b>Premium Ice Water Hash<\/b>, kt\u00f3ry jest ceniony za wyj\u0105tkow\u0105 czysto\u015b\u0107 i intensywny smak popularnej odmiany Blackberry Kush. Koncentrat ten charakteryzuje si\u0119 <b>Delikatne odsysanie wody lodowej<\/b> proces znany jako \u201ebubble hash\u201c, kt\u00f3ry jest u\u017cywany do produkcji <b>najwy\u017csza czysto\u015b\u0107<\/b> produktu ko\u0144cowego. Jest to idealny wyb\u00f3r dla <b>wymagaj\u0105cy koneserzy<\/b>, kt\u00f3rzy ceni\u0105 sobie czyste, aromatyczne i skoncentrowane doznania. Mo\u017cesz cieszy\u0107 si\u0119 tym <b>Oryginalny produkt<\/b> z nami <b>zam\u00f3wienie online<\/b> i od <b>Najwy\u017csze ceny<\/b> i jeden <b>100% dyskretny<\/b> i bezpieczna dostawa.<\/p>\n<p>Zakup tego koncentratu to <b>legalny<\/b> oraz <b>bez recepty<\/b> mo\u017cliwe i gwarantujemy <b>100% Jako\u015b\u0107<\/b>. Upewniamy si\u0119, \u017ce wszystkie nasze produkty <b>Testowane w laboratorium<\/b> aby da\u0107 ci tylko <b>najlepszy<\/b> oraz <b>orygina\u0142<\/b> produkt. Mo\u017cesz <b>kup teraz<\/b> i to szybko, <b>anonimowe zam\u00f3wienie<\/b> oraz <b>Wysy\u0142ka ekspresowa<\/b> opu\u015bci\u0107.<\/p>\n<h2>Co wyr\u00f3\u017cnia Blackberry Kush Bubble Hash?<\/h2>\n<p>Blackberry Kush Bubble Hash charakteryzuje si\u0119 kilkoma wyj\u0105tkowymi cechami, kt\u00f3re odr\u00f3\u017cniaj\u0105 go od konwencjonalnego haszyszu:<\/p>\n<h3>Delikatna i czysta ekstrakcja<\/h3>\n<p>Podstaw\u0105 dla <b>Najwy\u017csza czysto\u015b\u0107<\/b> jest <b>Ekstrakcja wody lodowej<\/b> (bubble hash). Dzi\u0119ki tej metodzie, czysty <b>Trichomy<\/b> - gruczo\u0142\u00f3w \u017cywicznych, kt\u00f3re s\u0105 odpowiedzialne za moc i smak - za pomoc\u0105 lodowatej wody i sitka delikatnie z gruczo\u0142\u00f3w \u017cywicznych. <b>Materia\u0142 wyj\u015bciowy<\/b>, w <b>Czyste kwiaty Blackberry Kush<\/b>, wyizolowany. Proces ten pozwala unikn\u0105\u0107 stosowania agresywnych rozpuszczalnik\u00f3w chemicznych i daje w rezultacie koncentrat o wyj\u0105tkowych w\u0142a\u015bciwo\u015bciach. <b>100% Jako\u015b\u0107<\/b> ma. Jest to <b>Oryginalny produkt<\/b>\u017ce <b>Testowane w laboratorium<\/b> i kt\u00f3rego <b>Jako\u015b\u0107 marki<\/b> jest dost\u0119pna tylko tutaj.<\/p>\n<h3>Intensywny profil sensoryczny<\/h3>\n<p>Produkt zachwyca swoim <b>Intensywny smak<\/b> z charakterystyk\u0105 <b>Owocowe i jagodowe nuty Blackberry Kush<\/b>. Ten profil jest bogaty i uzupe\u0142niony subtelnymi ziemistymi nutami. The <b>Smak<\/b> jest <b>S\u0142odki<\/b> i czysty <b>jagoda<\/b>, z lekk\u0105 nut\u0105 klasycznej nuty Kush, co sprawia, \u017ce jest to <b>zmys\u0142owe do\u015bwiadczenie<\/b> sprawia. The <b>Zachowanie podczas dymienia\/parowania<\/b> jest <b>G\u0142adka i gustowna<\/b> co podkre\u015bla czysto\u015b\u0107 koncentratu.<\/p>\n<h3>Moc i sp\u00f3jno\u015b\u0107<\/h3>\n<p>Przez <b>Delikatna ekstrakcja<\/b> skr\u00f3t b\u0105belkowy ma warto\u015b\u0107 <b>Wysoka moc<\/b> poniewa\u017c sk\u0142ada si\u0119 prawie wy\u0142\u0105cznie z <b>czyste trichomy<\/b> istnieje. The <b>Sp\u00f3jno\u015b\u0107<\/b> mo\u017ce si\u0119 r\u00f3\u017cni\u0107 w zale\u017cno\u015bci od stopnia rozdrobnienia u\u017cytych sit, od <b>piaszczysty do lepkiego<\/b>. The <b>Kolor<\/b> jest zazwyczaj <b>Jasny do \u015brednio br\u0105zowego z delikatnymi z\u0142otymi refleksami<\/b>, wizualny znak koncentracji i czysto\u015bci.<\/p>\n<h2>Profil dzia\u0142ania i zastosowanie<\/h2>\n<p>Odmiana Blackberry Kush Bubble Hash oferuje <b>zr\u00f3wnowa\u017cony<\/b> i wszechstronny <b>Profil efektu<\/b>\u017ce <b>zar\u00f3wno fizycznie, jak i psychicznie<\/b> jest przyjemny.<\/p>\n<h3>W\u0142a\u015bciwo\u015bci efektu<\/h3>\n<p>The <b>Pocz\u0105tek dzia\u0142ania<\/b> jest <b>Szybko i przejrzy\u015bcie<\/b>, bez wywo\u0142ywania przyt\u0142aczaj\u0105cych wra\u017ce\u0144. The <b>Efekt cia\u0142a<\/b> jest <b>relaksuj\u0105cy<\/b>, ale <b>bez sedacji<\/b>, co czyni go idealnym do codziennego u\u017cytku. W zestawie <b>Efekt psychiczny<\/b> jest nazywany <b>Euforia i kreatywno\u015b\u0107<\/b> opisa\u0142, co <b>Promowanie skupienia i przep\u0142ywu pomys\u0142\u00f3w<\/b> przyczynia si\u0119. The <b>Czas trwania dzia\u0142ania<\/b> jest <b>d\u0142ugotrwa\u0142y<\/b>, zazwyczaj od 2-3 godzin.<\/p>\n<h3>Idealne obszary zastosowa\u0144<\/h3>\n<ul>\n<li><b>Kreatywne projekty:<\/b> The <b>Euforia i kreatywno\u015b\u0107<\/b> efekt jest idealny dla <b>Promowanie skupienia i przep\u0142ywu pomys\u0142\u00f3w<\/b>.<\/li>\n<li><b>Okazje towarzyskie:<\/b> Tworzy <b>Zrelaksowana, radosna atmosfera<\/b>, idealny na nieformalne spotkania.<\/li>\n<li><b>Relaks:<\/b> Idealny dla <b>R\u00f3wnowaga po d\u0142ugim dniu<\/b>, bez pogarszania jasno\u015bci umys\u0142u.<\/li>\n<li><b>Wra\u017cenia smakowe:<\/b> The <b>Smakowite do\u015bwiadczenie<\/b> sprawia, \u017ce jest to wyj\u0105tkowa, luksusowa \u017cywno\u015b\u0107.<\/li>\n<\/ul>\n<h2>Metody zu\u017cycia - Wszechstronne zastosowanie<\/h2>\n<p>Koncentrat jest idealny do <b>Wszechstronne zastosowanie<\/b> i szczeg\u00f3lnie nadaje si\u0119 do nowoczesnych urz\u0105dze\u0144 skoncentrowanych:<\/p>\n<h3>Zalecane dla urz\u0105dze\u0144 skoncentrowanych<\/h3>\n<ul>\n<li><b>Waporyzator:<\/b> Wykorzystanie w <b>specjalne komory lub podk\u0142adki na koncentrat<\/b> dla czystej i wydajnej waporyzacji.<\/li>\n<li><b>Dab Rig:<\/b> Czy <b>Najbardziej intensywne, najczystsze do\u015bwiadczenie<\/b> poprzez odparowanie w precyzyjnie kontrolowanej temperaturze.<\/li>\n<li><b>E-Nail:<\/b> W\u0142\u0105cza funkcj\u0119 <b>Precyzyjna kontrola temperatury<\/b> dla optymalnego smaku i efektu.<\/li>\n<\/ul>\n<h3>Metody tradycyjne (dawkowanie oszcz\u0119dne)<\/h3>\n<ul>\n<li><b>Polewa:<\/b> Niewielka ilo\u015b\u0107 mo\u017ce <b>Na kwiatach w stawie lub misce<\/b> aby zwi\u0119kszy\u0107 moc i smak.<\/li>\n<li><b>Moonrocks:<\/b> Mo\u017ce by\u0107 u\u017cywany do produkcji <b>Moonrocks<\/b>, gdzie kwiaty s\u0105 pokryte koncentratem.<\/li>\n<li><b>Rura:<\/b> Mo\u017ce by\u0107 u\u017cywany w <b>specjalny gwizdek koncentratu<\/b> by\u0107 zadowolonym.<\/li>\n<\/ul>\n<h2>Bezpieczny zakup i dyskretna obs\u0142uga<\/h2>\n<p>Oferujemy mo\u017cliwo\u015b\u0107 zakupu tego produktu premium <b>Kupuj bezpo\u015brednio<\/b> by\u0107 w stanie <b>Dyskrecja i bezpiecze\u0144stwo<\/b> maj\u0105 najwy\u017cszy priorytet.<\/p>\n<h3>Zam\u00f3wienie bez ryzyka<\/h3>\n<p>Mo\u017cesz u\u017cy\u0107 Blackberry Kush Bubble Hash <b>bez recepty<\/b> oraz <b>legalny<\/b> <b>zam\u00f3wienie online<\/b>. Gwarantujemy <b>anonimowe zam\u00f3wienie<\/b> i zgodno\u015b\u0107 z najwy\u017cszymi standardami w <b>Kupuj bezpiecznie<\/b>. Produkt jest <b>Zam\u00f3w 100% bezpiecznie - bez recepty<\/b> dost\u0119pne.<\/p>\n<h3>Wysy\u0142ka i dostawa<\/h3>\n<p>The <b>Wysy\u0142ka ekspresowa<\/b> gwarantuje <b>Szybka dostawa z mo\u017cliwo\u015bci\u0105 \u015bledzenia<\/b> w ci\u0105gu 1-3 dni roboczych. Us\u0142uga jest <b>Zam\u00f3w 100% dyskretnie - ekspresowa wysy\u0142ka<\/b>. Twoje zam\u00f3wienie zostanie przetworzone w <b>neutralne, hermetyczne opakowanie<\/b> dostarczane, poniewa\u017c nasze produkty s\u0105 <b>wys\u0142ane anonimowo<\/b> oraz <b>dostarczane dyskretnie<\/b> sta\u0107 si\u0119. Gwarantujemy <b>Wysy\u0142ka do Niemiec bez problem\u00f3w<\/b>, <b>Bezproblemowa wysy\u0142ka do Szwajcarii<\/b> oraz <b>Bezproblemowa wysy\u0142ka do Austrii<\/b>. Mo\u017cesz <b>kup teraz<\/b> i zysk.<\/p>\n<h3>Jako\u015b\u0107 i zaufanie<\/h3>\n<p>Oferujemy wy\u0142\u0105cznie <b>Testowane w laboratorium<\/b>produkt\u00f3w, co jest naszym zapewnieniem <b>Najwy\u017csza jako\u015b\u0107<\/b> oraz <b>100% Jako\u015b\u0107<\/b> podbudowany. Jest to <b>Oryginalny produkt<\/b>, kt\u00f3rego <b>Jako\u015b\u0107 marki<\/b> jest potwierdzona przez niezale\u017cne testy. Skorzystaj z naszego <b>\u0141atwe zamawianie<\/b> i <b>Bezpieczne przetwarzanie p\u0142atno\u015bci<\/b> (dost\u0119pne s\u0105 r\u00f3\u017cne opcje) i korzysta\u0107 z <b>kupowa\u0107 tanio<\/b> oraz <b>Najlepsza cena<\/b> poprzez nasz <b>Oferty specjalne<\/b>.<\/p>\n<p>&nbsp;<\/p>\n<h2>Prawid\u0142owe przechowywanie dla d\u0142ugotrwa\u0142ej przyjemno\u015bci<\/h2>\n<p>Ze wzgl\u0119du na czyst\u0105 form\u0119 koncentratu <b>Optymalne przechowywanie<\/b> ba\u0144ki <a href=\"\/product\/black-gold-hash-kaufen\/\">Hashs<\/a> decyduj\u0105ce dla <b>Trwa\u0142o\u015b\u0107<\/b> i <b>Utrzymanie jako\u015bci<\/b>.<\/p>\n<h3>Optymalne przechowywanie<\/h3>\n<ul>\n<li><b>Temperatura:<\/b> Koncentrat powinien <b>Sch\u0142odzi\u0107 (2-8\u00b0C w lod\u00f3wce)<\/b> by\u0107 przechowywane. Niskie temperatury zachowuj\u0105 <b>Terpeny<\/b> i zapobiegaj\u0105 degradacji kannabinoid\u00f3w.<\/li>\n<li><b>Pojemnik:<\/b> Musi <b>Szczelno\u015b\u0107<\/b> by\u0107 przechowywane, <b>Najlepiej szklane<\/b>, aby unikn\u0105\u0107 wilgoci i zanieczyszczenia.<\/li>\n<li><b>Ochrona przed \u015bwiat\u0142em:<\/b> Produkt jest <b>Ochrona przed promieniowaniem UV<\/b>, poniewa\u017c \u015bwiat\u0142o ma negatywny wp\u0142yw na moc.<\/li>\n<li><b>Obs\u0142uga:<\/b> Zawsze pracuj <b>Z czystymi narz\u0119dziami<\/b>, aby unikn\u0105\u0107 zanieczyszczenia.<\/li>\n<\/ul>\n<p>Z <b>prawid\u0142owe przechowywanie<\/b> mo\u017cna utworzy\u0107 <b>Minimalny okres trwa\u0142o\u015bci 12+ miesi\u0119cy<\/b> nale\u017cy oczekiwa\u0107 ch\u0142odnego, ciemnego i hermetycznego przechowywania. <b>decyduj\u0105cy<\/b> dla <b>Utrzymanie jako\u015bci<\/b> jest.<\/p>\n<p>&nbsp;<\/p>\n<h2>Cz\u0119sto zadawane pytania dotycz\u0105ce Ice Water Hash<\/h2>\n<p>Chcieliby\u015bmy zaprezentowa\u0107 <b>Kupuj bezpiecznie<\/b> proces tak przejrzysty, jak to tylko mo\u017cliwe.<\/p>\n<p><b>P: Czym dok\u0142adnie jest bubble hash?<\/b><br \/>\nO: Hash b\u0105belkowy to <b>czysta forma haszyszu<\/b>, kt\u00f3ry jest uzyskiwany w procesie mechanicznym <b>Przesiewanie zamro\u017conych konopi w wodzie z lodem<\/b>, w celu wyizolowania czystych, silnych trichom\u00f3w. Znany jest r\u00f3wnie\u017c jako Ice Water Hash.<\/p>\n<p><b>P: Dla kogo przeznaczony jest ten koncentrat?<\/b><br \/>\nO: Jest idealny <b>zar\u00f3wno dla do\u015bwiadczonych mi\u0142o\u015bnik\u00f3w koncentrat\u00f3w<\/b> jak r\u00f3wnie\u017c <b>dla tych, kt\u00f3rzy szukaj\u0105 czystego, aromatycznego do\u015bwiadczenia<\/b>. Jego <b>zr\u00f3wnowa\u017cony efekt<\/b> czyni go bardziej dost\u0119pnym ni\u017c niekt\u00f3re inne koncentraty o silnym dzia\u0142aniu.<\/p>\n<p><b>P: Czy efekt r\u00f3\u017cni si\u0119 od zwyk\u0142ego haszyszu?<\/b><br \/>\nO: Tak, efekt jest cz\u0119sto opisywany jako <b>Czystszy i bardziej aromatyczny<\/b> opisany, z <b>Wyra\u017any, silny efekt<\/b>, na kt\u00f3r\u0105 w mniejszym stopniu wp\u0142ywa materia\u0142 ro\u015blinny.<\/p>\n<p><b>P: Kt\u00f3ra metoda konsumpcji zapewnia najlepsze doznania z Blackberry Kush Bubble Hash?<\/b><br \/>\nA <b>Waporyzator do koncentrat\u00f3w lub dab rig<\/b> oferuj\u0105 najczystsze doznania, poniewa\u017c zawieraj\u0105 pe\u0142ny profil terpenowy i <b>Wysoka moc<\/b> w najlepszy mo\u017cliwy spos\u00f3b.<\/p>\n<p><b>P: Jak powinienem dawkowa\u0107 Bubble Hash?<\/b><br \/>\nO: Ze wzgl\u0119du na <b>Skoncentrowany efekt<\/b> przez czyste trichomy powiniene\u015b <b>Zacznij bardzo oszcz\u0119dnie<\/b> - Cz\u0119sto wiele <b>Rozmiar g\u0142\u00f3wki od szpilki<\/b> zalecane.<\/p>\n<p>Ciesz si\u0119 <b>Czysto\u015b\u0107 i smak<\/b> Blackberry Kush Bubble Hash. Oferuje on <b>Wyj\u0105tkowe doznania smakowe<\/b> oraz <b>Wszechstronny, zr\u00f3wnowa\u017cony efekt<\/b>. Idealny dla ka\u017cdego, kto kocha sztuk\u0119 koncentrat\u00f3w i <b>intensywne smaki<\/b> doceni\u0107. <b>Kupuj bezpo\u015brednio<\/b> i ciesz si\u0119 natychmiast.<\/p>","protected":false},"excerpt":{"rendered":"<p>Kup Blackberry Kush Bubble Hash: Wysokiej jako\u015bci hasz z wod\u0105 lodow\u0105 o intensywnym smaku je\u017cyn i zr\u00f3wnowa\u017conym dzia\u0142aniu. Delikatnie ekstrahowany przy u\u017cyciu ekstrakcji wod\u0105 z lodem. Idealny do waporyzator\u00f3w i urz\u0105dze\u0144 typu dab rig.<\/p>","protected":false},"featured_media":7262,"comment_status":"open","ping_status":"closed","template":"","meta":{"_joinchat":[]},"product_brand":[],"product_cat":[61],"product_tag":[3172,3167,3168,3173,3171,3169,3170,3174,3175,2897],"class_list":{"0":"post-7224","1":"product","2":"type-product","3":"status-publish","4":"has-post-thumbnail","6":"product_cat-hashish","7":"product_tag-beerig","8":"product_tag-blackberry-kush","9":"product_tag-bubble-hash","10":"product_tag-dab-rig","11":"product_tag-fruchtig","12":"product_tag-ice-water-hash","13":"product_tag-konzentrat","14":"product_tag-potent","15":"product_tag-schonende-extraktion","16":"product_tag-vaporizer","18":"first","19":"instock","20":"shipping-taxable","21":"purchasable","22":"product-type-variable"},"yoast_head":"<!-- This site is optimized with the Yoast SEO plugin v27.5 - https:\/\/yoast.com\/product\/yoast-seo-wordpress\/ -->\n<title>Blackberry Kush Bubble Hash Kaufen | Fruchtig &amp; Potent Chemgramx<\/title>\n<meta name=\"description\" content=\"Blackberry Kush Bubble Hash kaufen - Ice Water Hash mit fruchtigem Aroma und potenter Wirkung. Schonend hergestellt, diskret geliefert. Jetzt entdecken!\" \/>\n<meta name=\"robots\" content=\"index, follow, max-snippet:-1, max-image-preview:large, max-video-preview:-1\" \/>\n<link rel=\"canonical\" href=\"https:\/\/chemgramx.com\/pl\/produkt-1\/kupic-blackberry-kush-bubble-hash\/\" \/>\n<meta property=\"og:locale\" content=\"pl_PL\" \/>\n<meta property=\"og:type\" content=\"article\" \/>\n<meta property=\"og:title\" content=\"Blackberry Kush Bubble Hash Kaufen | Fruchtig &amp; Potent Chemgramx\" \/>\n<meta property=\"og:description\" content=\"Blackberry Kush Bubble Hash kaufen - Ice Water Hash mit fruchtigem Aroma und potenter Wirkung. Schonend hergestellt, diskret geliefert. Jetzt entdecken!\" \/>\n<meta property=\"og:url\" content=\"https:\/\/chemgramx.com\/pl\/produkt-1\/kupic-blackberry-kush-bubble-hash\/\" \/>\n<meta property=\"og:site_name\" content=\"Chemgramx\" \/>\n<meta property=\"article:modified_time\" content=\"2025-11-21T11:15:08+00:00\" \/>\n<meta property=\"og:image\" content=\"https:\/\/chemgramx.com\/wp-content\/uploads\/2025\/11\/blackberry-kush-bubble-hash.png\" \/>\n\t<meta property=\"og:image:width\" content=\"300\" \/>\n\t<meta property=\"og:image:height\" content=\"216\" \/>\n\t<meta property=\"og:image:type\" content=\"image\/png\" \/>\n<meta name=\"twitter:card\" content=\"summary_large_image\" \/>\n<meta name=\"twitter:label1\" content=\"Szacowany czas czytania\" \/>\n\t<meta name=\"twitter:data1\" content=\"6 minut\" \/>\n<script type=\"application\/ld+json\" class=\"yoast-schema-graph\">{\"@context\":\"https:\\\/\\\/schema.org\",\"@graph\":[{\"@type\":\"WebPage\",\"@id\":\"https:\\\/\\\/chemgramx.com\\\/product\\\/blackberry-kush-bubble-hash-kaufen\\\/\",\"url\":\"https:\\\/\\\/chemgramx.com\\\/product\\\/blackberry-kush-bubble-hash-kaufen\\\/\",\"name\":\"Blackberry Kush Bubble Hash Kaufen | Fruchtig &amp; Potent Chemgramx\",\"isPartOf\":{\"@id\":\"https:\\\/\\\/chemgramx.com\\\/#website\"},\"primaryImageOfPage\":{\"@id\":\"https:\\\/\\\/chemgramx.com\\\/product\\\/blackberry-kush-bubble-hash-kaufen\\\/#primaryimage\"},\"image\":{\"@id\":\"https:\\\/\\\/chemgramx.com\\\/product\\\/blackberry-kush-bubble-hash-kaufen\\\/#primaryimage\"},\"thumbnailUrl\":\"https:\\\/\\\/chemgramx.com\\\/wp-content\\\/uploads\\\/2025\\\/11\\\/blackberry-kush-bubble-hash.png\",\"datePublished\":\"2025-11-21T11:13:37+00:00\",\"dateModified\":\"2025-11-21T11:15:08+00:00\",\"description\":\"Blackberry Kush Bubble Hash kaufen - Ice Water Hash mit fruchtigem Aroma und potenter Wirkung. Schonend hergestellt, diskret geliefert. Jetzt entdecken!\",\"breadcrumb\":{\"@id\":\"https:\\\/\\\/chemgramx.com\\\/product\\\/blackberry-kush-bubble-hash-kaufen\\\/#breadcrumb\"},\"inLanguage\":\"pl-PL\",\"potentialAction\":[{\"@type\":\"ReadAction\",\"target\":[\"https:\\\/\\\/chemgramx.com\\\/product\\\/blackberry-kush-bubble-hash-kaufen\\\/\"]}]},{\"@type\":\"ImageObject\",\"inLanguage\":\"pl-PL\",\"@id\":\"https:\\\/\\\/chemgramx.com\\\/product\\\/blackberry-kush-bubble-hash-kaufen\\\/#primaryimage\",\"url\":\"https:\\\/\\\/chemgramx.com\\\/wp-content\\\/uploads\\\/2025\\\/11\\\/blackberry-kush-bubble-hash.png\",\"contentUrl\":\"https:\\\/\\\/chemgramx.com\\\/wp-content\\\/uploads\\\/2025\\\/11\\\/blackberry-kush-bubble-hash.png\",\"width\":300,\"height\":216},{\"@type\":\"BreadcrumbList\",\"@id\":\"https:\\\/\\\/chemgramx.com\\\/product\\\/blackberry-kush-bubble-hash-kaufen\\\/#breadcrumb\",\"itemListElement\":[{\"@type\":\"ListItem\",\"position\":1,\"name\":\"Home\",\"item\":\"https:\\\/\\\/chemgramx.com\\\/\"},{\"@type\":\"ListItem\",\"position\":2,\"name\":\"Shop\",\"item\":\"https:\\\/\\\/chemgramx.com\\\/shop\\\/\"},{\"@type\":\"ListItem\",\"position\":3,\"name\":\"Blackberry Kush Bubble Hash kaufen\"}]},{\"@type\":\"WebSite\",\"@id\":\"https:\\\/\\\/chemgramx.com\\\/#website\",\"url\":\"https:\\\/\\\/chemgramx.com\\\/\",\"name\":\"Chemgramx\",\"description\":\"\",\"publisher\":{\"@id\":\"https:\\\/\\\/chemgramx.com\\\/#organization\"},\"potentialAction\":[{\"@type\":\"SearchAction\",\"target\":{\"@type\":\"EntryPoint\",\"urlTemplate\":\"https:\\\/\\\/chemgramx.com\\\/?s={search_term_string}\"},\"query-input\":{\"@type\":\"PropertyValueSpecification\",\"valueRequired\":true,\"valueName\":\"search_term_string\"}}],\"inLanguage\":\"pl-PL\"},{\"@type\":\"Organization\",\"@id\":\"https:\\\/\\\/chemgramx.com\\\/#organization\",\"name\":\"Chemgramx\",\"url\":\"https:\\\/\\\/chemgramx.com\\\/\",\"logo\":{\"@type\":\"ImageObject\",\"inLanguage\":\"pl-PL\",\"@id\":\"https:\\\/\\\/chemgramx.com\\\/#\\\/schema\\\/logo\\\/image\\\/\",\"url\":\"https:\\\/\\\/chemgramx.com\\\/wp-content\\\/uploads\\\/2024\\\/10\\\/final-logo.png\",\"contentUrl\":\"https:\\\/\\\/chemgramx.com\\\/wp-content\\\/uploads\\\/2024\\\/10\\\/final-logo.png\",\"width\":250,\"height\":48,\"caption\":\"Chemgramx\"},\"image\":{\"@id\":\"https:\\\/\\\/chemgramx.com\\\/#\\\/schema\\\/logo\\\/image\\\/\"}}]}<\/script>\n<!-- \/ Yoast SEO plugin. -->","yoast_head_json":{"title":"Kup Blackberry Kush Bubble Hash | Owocowy i silny Chemgramx","description":"Kup Blackberry Kush Bubble Hash - Ice Water Hash o owocowym smaku i silnym dzia\u0142aniu. Starannie wyprodukowany, dyskretnie dostarczony. Odkryj teraz!","robots":{"index":"index","follow":"follow","max-snippet":"max-snippet:-1","max-image-preview":"max-image-preview:large","max-video-preview":"max-video-preview:-1"},"canonical":"https:\/\/chemgramx.com\/pl\/produkt-1\/kupic-blackberry-kush-bubble-hash\/","og_locale":"pl_PL","og_type":"article","og_title":"Blackberry Kush Bubble Hash Kaufen | Fruchtig &amp; Potent Chemgramx","og_description":"Blackberry Kush Bubble Hash kaufen - Ice Water Hash mit fruchtigem Aroma und potenter Wirkung. Schonend hergestellt, diskret geliefert. Jetzt entdecken!","og_url":"https:\/\/chemgramx.com\/pl\/produkt-1\/kupic-blackberry-kush-bubble-hash\/","og_site_name":"Chemgramx","article_modified_time":"2025-11-21T11:15:08+00:00","og_image":[{"width":300,"height":216,"url":"https:\/\/chemgramx.com\/wp-content\/uploads\/2025\/11\/blackberry-kush-bubble-hash.png","type":"image\/png"}],"twitter_card":"summary_large_image","twitter_misc":{"Szacowany czas czytania":"6 minut"},"schema":{"@context":"https:\/\/schema.org","@graph":[{"@type":"WebPage","@id":"https:\/\/chemgramx.com\/product\/blackberry-kush-bubble-hash-kaufen\/","url":"https:\/\/chemgramx.com\/product\/blackberry-kush-bubble-hash-kaufen\/","name":"Kup Blackberry Kush Bubble Hash | Owocowy i silny Chemgramx","isPartOf":{"@id":"https:\/\/chemgramx.com\/#website"},"primaryImageOfPage":{"@id":"https:\/\/chemgramx.com\/product\/blackberry-kush-bubble-hash-kaufen\/#primaryimage"},"image":{"@id":"https:\/\/chemgramx.com\/product\/blackberry-kush-bubble-hash-kaufen\/#primaryimage"},"thumbnailUrl":"https:\/\/chemgramx.com\/wp-content\/uploads\/2025\/11\/blackberry-kush-bubble-hash.png","datePublished":"2025-11-21T11:13:37+00:00","dateModified":"2025-11-21T11:15:08+00:00","description":"Kup Blackberry Kush Bubble Hash - Ice Water Hash o owocowym smaku i silnym dzia\u0142aniu. Starannie wyprodukowany, dyskretnie dostarczony. Odkryj teraz!","breadcrumb":{"@id":"https:\/\/chemgramx.com\/product\/blackberry-kush-bubble-hash-kaufen\/#breadcrumb"},"inLanguage":"pl-PL","potentialAction":[{"@type":"ReadAction","target":["https:\/\/chemgramx.com\/product\/blackberry-kush-bubble-hash-kaufen\/"]}]},{"@type":"ImageObject","inLanguage":"pl-PL","@id":"https:\/\/chemgramx.com\/product\/blackberry-kush-bubble-hash-kaufen\/#primaryimage","url":"https:\/\/chemgramx.com\/wp-content\/uploads\/2025\/11\/blackberry-kush-bubble-hash.png","contentUrl":"https:\/\/chemgramx.com\/wp-content\/uploads\/2025\/11\/blackberry-kush-bubble-hash.png","width":300,"height":216},{"@type":"BreadcrumbList","@id":"https:\/\/chemgramx.com\/product\/blackberry-kush-bubble-hash-kaufen\/#breadcrumb","itemListElement":[{"@type":"ListItem","position":1,"name":"Home","item":"https:\/\/chemgramx.com\/"},{"@type":"ListItem","position":2,"name":"Shop","item":"https:\/\/chemgramx.com\/shop\/"},{"@type":"ListItem","position":3,"name":"Blackberry Kush Bubble Hash kaufen"}]},{"@type":"WebSite","@id":"https:\/\/chemgramx.com\/#website","url":"https:\/\/chemgramx.com\/","name":"Chemgramx","description":"","publisher":{"@id":"https:\/\/chemgramx.com\/#organization"},"potentialAction":[{"@type":"SearchAction","target":{"@type":"EntryPoint","urlTemplate":"https:\/\/chemgramx.com\/?s={search_term_string}"},"query-input":{"@type":"PropertyValueSpecification","valueRequired":true,"valueName":"search_term_string"}}],"inLanguage":"pl-PL"},{"@type":"Organization","@id":"https:\/\/chemgramx.com\/#organization","name":"Chemgramx","url":"https:\/\/chemgramx.com\/","logo":{"@type":"ImageObject","inLanguage":"pl-PL","@id":"https:\/\/chemgramx.com\/#\/schema\/logo\/image\/","url":"https:\/\/chemgramx.com\/wp-content\/uploads\/2024\/10\/final-logo.png","contentUrl":"https:\/\/chemgramx.com\/wp-content\/uploads\/2024\/10\/final-logo.png","width":250,"height":48,"caption":"Chemgramx"},"image":{"@id":"https:\/\/chemgramx.com\/#\/schema\/logo\/image\/"}}]}},"_links":{"self":[{"href":"https:\/\/chemgramx.com\/pl\/wp-json\/wp\/v2\/product\/7224","targetHints":{"allow":["GET"]}}],"collection":[{"href":"https:\/\/chemgramx.com\/pl\/wp-json\/wp\/v2\/product"}],"about":[{"href":"https:\/\/chemgramx.com\/pl\/wp-json\/wp\/v2\/types\/product"}],"replies":[{"embeddable":true,"href":"https:\/\/chemgramx.com\/pl\/wp-json\/wp\/v2\/comments?post=7224"}],"wp:featuredmedia":[{"embeddable":true,"href":"https:\/\/chemgramx.com\/pl\/wp-json\/wp\/v2\/media\/7262"}],"wp:attachment":[{"href":"https:\/\/chemgramx.com\/pl\/wp-json\/wp\/v2\/media?parent=7224"}],"wp:term":[{"taxonomy":"product_brand","embeddable":true,"href":"https:\/\/chemgramx.com\/pl\/wp-json\/wp\/v2\/product_brand?post=7224"},{"taxonomy":"product_cat","embeddable":true,"href":"https:\/\/chemgramx.com\/pl\/wp-json\/wp\/v2\/product_cat?post=7224"},{"taxonomy":"product_tag","embeddable":true,"href":"https:\/\/chemgramx.com\/pl\/wp-json\/wp\/v2\/product_tag?post=7224"}],"curies":[{"name":"wp","href":"https:\/\/api.w.org\/{rel}","templated":true}]}}