{"id":7225,"date":"2025-11-21T11:13:37","date_gmt":"2025-11-21T11:13:37","guid":{"rendered":"https:\/\/chemgramx.com\/?post_type=product&#038;p=7225"},"modified":"2025-11-21T11:15:08","modified_gmt":"2025-11-21T11:15:08","slug":"kupic-haszysz-camel-stamp","status":"publish","type":"product","link":"https:\/\/chemgramx.com\/pl\/product\/camel-stamp-hash-kaufen\/","title":{"rendered":"Kup Camel Stamp Hash"},"content":{"rendered":"<p>Szukasz <b>tradycyjny maroka\u0144ski haszysz<\/b> z <b>najlepsza jako\u015b\u0107<\/b>? Wi\u0119c to jest <b>Camel Stamp Hash<\/b> co\u015b w sam raz dla Ciebie. Odkryj <b>Oryginalny produkt<\/b>, kt\u00f3ry jest g\u0142\u0119boko zakorzeniony w rzemio\u015ble Afryki P\u00f3\u0142nocnej i charakteryzuje si\u0119 <b>Autentyczne t\u0142oczenie wielb\u0142\u0105da<\/b> urzeka. Zam\u00f3w ten produkt premium ju\u017c teraz <b>legalny<\/b> oraz <b>bez recepty<\/b> online. Gwarantujemy <b>Wysy\u0142ka ekspresowa<\/b> oraz <b>100% dyskretny<\/b> Dostawa do <b>Niemcy<\/b>, do <b>Szwajcaria<\/b> i po <b>Austria<\/b>.<\/p>\n<p>Camel Stamp Hash to nie tylko produkt, to kawa\u0142ek tradycji. Jest symbolem <b>oryginalne metody produkcji<\/b> i ostro\u017cno\u015b\u0107 <b>rzemios\u0142o<\/b>, kt\u00f3re by\u0142y doskonalone przez pokolenia w Maroku. Charakterystyczne t\u0142oczenie jest znakiem <b>Jako\u015b\u0107 marki<\/b> oraz <b>Autentyczno\u015b\u0107<\/b>. Kim jest ten haszysz <b>Kup<\/b> lub <b>zam\u00f3wienie online<\/b> wybiera odmian\u0119, kt\u00f3ra charakteryzuje si\u0119 <b>Mi\u0119kka konsystencja<\/b> i ty <b>Zr\u00f3wnowa\u017cony profil skuteczno\u015bci<\/b> przekonany. Tutaj dowiesz si\u0119 wszystkiego o pochodzeniu, specjalnych cechach i zaletach tego produktu. <b>bezpieczny zakup<\/b> z nami.<\/p>\n<h2>Autentyczne pochodzenie i tradycja Camel Stamp Hash<\/h2>\n<p>Warto\u015b\u0107 Camel Stamp Hash polega na jego <b>pochodzenia maroka\u0144skiego<\/b>. B\u0119dzie to <b>sprawdzone techniki produkcji<\/b> produkowane, przy czym <b>Tradycyjne metody t\u0142oczenia<\/b> s\u0105 u\u017cywane. S\u0105 to <b>Produkcja r\u0119czna<\/b> zapewnia <b>Mi\u0119kka konsystencja<\/b> i \u0142atw\u0105 w obr\u00f3bce tekstur\u0119, kt\u00f3ra jest znakiem jako\u015bci dla koneser\u00f3w. The <b>Charakterystyczne t\u0142oczenie z motywem wielb\u0142\u0105da<\/b> s\u0142u\u017cy jako certyfikat autentyczno\u015bci i wyr\u00f3\u017cnia <b>Oryginalny produkt<\/b> imitacji. Zapewniamy: <b>Oryginalny produkt dost\u0119pny tylko tutaj!<\/b><\/p>\n<p>Pochodzenie z tradycyjnych obszar\u00f3w uprawy w Maroku gwarantuje, \u017ce <b>Autentyczno\u015b\u0107<\/b> i <b>Autentyczno\u015b\u0107<\/b> jako\u015b\u0107. W procesie produkcji <b>Staranny dob\u00f3r materia\u0142\u00f3w<\/b> przestrzegane w celu <b>Sp\u00f3jne standardy jako\u015bci<\/b> aby zapewni\u0107, \u017ce Zanim produkt zostanie <b>Wysy\u0142ka ekspresowa<\/b> b\u0119dzie <a href=\"\/product\/black-gold-hash-kaufen\/\"><b>Testowane w laboratorium<\/b><\/a>aby zoptymalizowa\u0107 <b>100% Jako\u015b\u0107<\/b> aby potwierdzi\u0107. Mo\u017cesz zam\u00f3wi\u0107 ten produkt ju\u017c teraz <b>Kupuj bezpo\u015brednio<\/b> i ciesz si\u0119 na wyj\u0105tkowe do\u015bwiadczenie charakteryzuj\u0105ce si\u0119 g\u0142\u0119bokim po\u0142\u0105czeniem z kultur\u0105 haszyszow\u0105 Maroka.<\/p>\n<h2>Zmys\u0142y i tekstura: do\u015bwiadczenie dla zmys\u0142\u00f3w<\/h2>\n<p>Camel Stamp Hash nie tylko imponuje swoim pochodzeniem, ale tak\u017ce swoim <b>W\u0142a\u015bciwo\u015bci sensoryczne<\/b>. Po otwarciu dyskretnego opakowania odkryjesz <b>Smak<\/b>\u017ce <b>Pikantny z ziemistymi nutami<\/b> to klasyczny profil, kt\u00f3ry koneserzy natychmiast doceni\u0105. The <b>Smak<\/b> jest <b>\u0141agodny i zr\u00f3wnowa\u017cony<\/b>, co sprawia, \u017ce konsumpcja jest wyj\u0105tkowo przyjemna.<\/p>\n<p>Wizualnie haszysz prezentuje si\u0119 w postaci <b>Kolor<\/b> z <b>jasny do \u015brednio br\u0105zowego<\/b>. The <b>Tekstura<\/b> jest <b>Jednolite i daj\u0105ce si\u0119 formowa\u0107<\/b>, co <b>Proste porcjowanie<\/b> oraz <b>Obs\u0142uga<\/b> jest mo\u017cliwe. Wspomniane ju\u017c <b>Mi\u0119kka konsystencja<\/b> sprawia, \u017ce jest elastyczny i \u0142atwy w obr\u00f3bce, niezale\u017cnie od <b>Metody konsumpcji<\/b> Ty wolisz. Niezale\u017cnie od tego, czy chodzi o tradycyjne metody, takie jak joint lub fajka, czy te\u017c nowoczesne zastosowania, takie jak waporyzator - jako\u015b\u0107 jest zawsze zachowana. To <b>R\u00f3\u017cnorodno\u015b\u0107<\/b> w aplikacji, w po\u0142\u0105czeniu z <b>Jako\u015b\u0107 marki<\/b>, sprawia, \u017ce Camel Stamp Hash jest pierwszorz\u0119dnym wyborem. <b>Markowa jako\u015b\u0107 dost\u0119pna tylko tutaj!<\/b><\/p>\n<h2>Zr\u00f3wnowa\u017cony profil dzia\u0142ania i zastosowanie<\/h2>\n<p>The <b>Profil efektu<\/b> Camel Stamp Hash jest jednym z jego najwi\u0119kszych atut\u00f3w. Jest idealny dla wszystkich, kt\u00f3rzy chc\u0105 odmiany z <b>Harmonijny profil efektu<\/b> wyszukiwanie. The <b>Pocz\u0105tek dzia\u0142ania<\/b> jest <b>delikatnie i stopniowo<\/b>, co pozwala unikn\u0105\u0107 przyt\u0142aczaj\u0105cego uczucia. The <b>Efekt cia\u0142a<\/b> jest nazywany <b>Relaksuj\u0105cy i przytulny<\/b> idealny na chwile spokoju. Jednocze\u015bnie <b>Efekt psychiczny<\/b> \u017ce konsument <b>Przejrzysty i zr\u00f3wnowa\u017cony<\/b> pozostaje tym, co <b>Wszechstronno\u015b\u0107<\/b> odmiany. The <b>Czas trwania dzia\u0142ania<\/b> jest <b>\u015brednia d\u0142ugo\u015b\u0107<\/b> (oko\u0142o 2-3 godzin), co czyni go idealnym do codziennego u\u017cytku.<\/p>\n<h3>Idealne obszary zastosowa\u0144:<\/h3>\n<ul>\n<li><b>Relaks:<\/b> Jest to <b>Idealny po pracy<\/b> aby promowa\u0107 spok\u00f3j i pogod\u0119 ducha.<\/li>\n<li><b>Spotkania towarzyskie:<\/b> Idealny <b>Na relaksuj\u0105ce spotkania<\/b> z przyjaci\u00f3\u0142mi.<\/li>\n<li><b>Kreatywno\u015b\u0107:<\/b> Mo\u017ce by\u0107 u\u017cywany do <b>Promowanie przep\u0142ywu pomys\u0142\u00f3w<\/b> przyczyni\u0107 si\u0119.<\/li>\n<li><b>Codzienne wsparcie:<\/b> Mo\u017ce by\u0107 stosowany do \u0142agodzenia <b>W przypadku \u0142agodnych dolegliwo\u015bci<\/b> maj\u0105 dzia\u0142anie wspieraj\u0105ce.<\/li>\n<\/ul>\n<h3>Metody konsumpcji:<\/h3>\n<p>Produkt oferuje <b>R\u00f3\u017cnorodno\u015b\u0107<\/b> z <b>Metody konsumpcji<\/b>:<\/p>\n<ul>\n<li><b>W stawie:<\/b> Dla <b>Nawet spalanie<\/b>.<\/li>\n<li><b>Rura:<\/b> Dla <b>Bezpo\u015bredni rozw\u00f3j efektu<\/b>.<\/li>\n<li><b>Czysty:<\/b> Dla <b>Czysty smak<\/b>.<\/li>\n<li><b>Waporyzator:<\/b> Dla <b>Delikatne odparowywanie<\/b>.<\/li>\n<li><b>Bong:<\/b> Dla <b>Ch\u0142odzona przyjemno\u015b\u0107<\/b>.<\/li>\n<li><b>Kuchnia:<\/b> Nadaje si\u0119 r\u00f3wnie\u017c do <b>Dla kulinarnych kreacji<\/b>.<\/li>\n<\/ul>\n<h2>Kupuj bezpiecznie, legalnie i anonimowo<\/h2>\n<p>Przywi\u0105zujemy du\u017c\u0105 wag\u0119 do Twojego bezpiecze\u0144stwa i dyskrecji. Kiedy zamawiasz Camel Stamp Hash <b>Kup<\/b> gwarantujemy, \u017ce otrzymasz <b>bezpieczny zakup<\/b> oraz <b>100% zam\u00f3wienie dyskretne<\/b>. Produkt jest <b>legalny<\/b> oraz <b>bez recepty<\/b> dost\u0119pne.<\/p>\n<h3>Korzy\u015bci z zamawiania w skr\u00f3cie:<\/h3>\n<ul>\n<li><b>Bez recepty i legalnie:<\/b> Mo\u017cesz u\u017cy\u0107 tego produktu <b>bez recepty<\/b> oraz <b>legalny<\/b> w ca\u0142ej Europie. Oferujemy mo\u017cliwo\u015b\u0107, <b>Zam\u00f3w 100% legalnie - bez recepty<\/b>.<\/li>\n<li><b>Dyskrecja:<\/b> Twoje zam\u00f3wienie zostanie <b>100% dostarczany dyskretnie<\/b> w <b>neutralne opakowanie<\/b>. Gwarantujemy <b>anonimowa dostawa<\/b> oraz <b>Bezpieczne przetwarzanie<\/b>.<\/li>\n<li><b>Wysy\u0142ka:<\/b> Oferujemy <b>Wysy\u0142ka ekspresowa<\/b> oraz <b>Bezpieczna dostawa<\/b> w ci\u0105gu 1-3 dni roboczych. The <b>Wysy\u0142ka do Niemiec bez problem\u00f3w<\/b>w <b>Bezproblemowa wysy\u0142ka do Szwajcarii<\/b> i <b>Bezproblemowa wysy\u0142ka do Austrii<\/b> s\u0105 dla nas standardem.<\/li>\n<li><b>Cena i dost\u0119pno\u015b\u0107:<\/b> Z produktu mo\u017cna korzysta\u0107 <b>kupowa\u0107 tanio<\/b> i skorzystaj z naszych <b>najlepsza cena<\/b>. Zwr\u00f3\u0107 uwag\u0119 na nasze <b>Oferty specjalne<\/b>. Produkt jest <b>natychmiast dost\u0119pny<\/b>.<\/li>\n<li><b>Zapewnienie jako\u015bci:<\/b> To jest <b>Oryginalny produkt<\/b>\u017ce <b>Testowane w laboratorium<\/b> i najwy\u017cszy <b>Jako\u015b\u0107 marki<\/b> ma. <b>100% Jako\u015b\u0107<\/b> to nasza obietnica.<\/li>\n<\/ul>\n<p>Mo\u017cesz zam\u00f3wi\u0107 ten produkt ju\u017c teraz <b>Kup teraz<\/b> lub <b>Zam\u00f3w natychmiast<\/b>. Skorzystaj z okazji, aby <b>Najwy\u017csze ceny<\/b> i nasz <b>Oferty specjalne<\/b> do odbioru.<\/p>\n<h2>Przechowywanie i \u015bwie\u017co\u015b\u0107: jak utrzyma\u0107 produkt w najlepszej formie?<\/h2>\n<p>Aby zoptymalizowa\u0107 <b>100% Jako\u015b\u0107<\/b> i pe\u0142ny smak Camel Stamp Hash, prawo <b>Przechowywanie<\/b> niezb\u0119dne.<\/p>\n<h3>Optymalne warunki dla d\u0142ugiego okresu przechowywania:<\/h3>\n<ul>\n<li><b>Temperatura:<\/b> Idealna temperatura wynosi 18-22\u00b0C.<\/li>\n<li><b>Wilgotno\u015b\u0107:<\/b> Wilgotno\u015b\u0107 50-60% jest optymalna.<\/li>\n<li><b>Pojemnik:<\/b> U\u017cyj <b>Ochrona smaku<\/b> pojemnik, aby zachowa\u0107 \u015bwie\u017co\u015b\u0107.<\/li>\n<li><b>\u015awiat\u0142o:<\/b> Produkt powinien <b>Chroni\u0107 przed bezpo\u015brednim dzia\u0142aniem promieni s\u0142onecznych<\/b> by\u0107 przechowywane.<\/li>\n<\/ul>\n<p>Z <b>W\u0142a\u015bciwe przechowywanie<\/b> mo\u017cna utworzy\u0107 <b>Minimalny okres przechowywania<\/b> 6-9 miesi\u0119cy, przy czym <b>Utrzymanie jako\u015bci<\/b> jest zabezpieczona.<\/p>\n<h2>Cz\u0119sto zadawane pytania (FAQ) dotycz\u0105ce Camel Stamp Hash<\/h2>\n<p>Chcieliby\u015bmy zaprezentowa\u0107 <b>Zakup<\/b> tak proste i przejrzyste, jak to tylko mo\u017cliwe. Tutaj znajdziesz odpowiedzi na najwa\u017cniejsze pytania:<\/p>\n<p><b>P: Co dok\u0142adnie oznacza znaczek wielb\u0142\u0105da?<\/b><br \/>\nO: T\u0142oczenie charakteryzuje <b>Tradycyjne maroka\u0144skie pochodzenie<\/b> i <b>jako\u015b\u0107<\/b> haszyszu. Jest to gwarancja, \u017ce jest to <b>Oryginalny produkt<\/b> oferty.<\/p>\n<p><b>P: Dla kogo przeznaczony jest ten rodzaj haszyszu?<\/b><br \/>\nO: Ona jest <b>Idealny dla pocz\u0105tkuj\u0105cych<\/b> i dla wszystkich, <b>kt\u00f3rzy preferuj\u0105 \u0142agodne odmiany<\/b> oraz <b>zr\u00f3wnowa\u017cony<\/b> Szacunkowy profil efekt\u00f3w.<\/p>\n<p><b>P: Jaka jest natura efektu i jakiego rodzaju efektu mog\u0119 si\u0119 spodziewa\u0107?<\/b><br \/>\nO: Efekt jest nast\u0119puj\u0105cy <b>Zr\u00f3wnowa\u017cony i wszechstronny<\/b>, charakteryzuj\u0105cy si\u0119 <b>Relaksuj\u0105cy efekt dla cia\u0142a<\/b> oraz <b>Wyra\u017any, zr\u00f3wnowa\u017cony efekt umys\u0142owy<\/b>.<\/p>\n<p><b>P: Jaka jest zalecana metoda konsumpcji Camel Stamp Hash?<\/b><br \/>\nZe wzgl\u0119du na jego <b>Mi\u0119kka konsystencja<\/b> jest <b>Szczeg\u00f3lnie dobrze sprawdza si\u0119 w jointach lub waporyzatorach<\/b> ale wszystkie inne metody konsumpcji s\u0105 r\u00f3wnie\u017c mo\u017cliwe bez \u017cadnych problem\u00f3w.<\/p>\n<p><b>P: Jaki jest najlepszy spos\u00f3b dawkowania dla pocz\u0105tkuj\u0105cych?<\/b><br \/>\nO: Jest to zalecane, <b>zacz\u0105\u0107 od ma\u0142ych ilo\u015bci i ostro\u017cnie je zwi\u0119ksza\u0107<\/b>, aby pozna\u0107 indywidualny profil efektu.<\/p>\n<p><strong>P: Jak dzia\u0142a wysy\u0142ka, zw\u0142aszcza do Szwajcarii i Austrii? <\/strong><br \/>\nO: Wysy\u0142amy <b>100% dyskretny<\/b> z <b>Wysy\u0142ka ekspresowa<\/b> do wszystkich wymienionych kraj\u00f3w. The <b>Bezproblemowa wysy\u0142ka do Austrii<\/b> i <b>Bezproblemowa wysy\u0142ka do Szwajcarii<\/b> s\u0105 dla nas standardowymi procesami, podobnie jak <b>Dostawa do Niemiec<\/b>.<\/p>\n<h2>Obs\u0142uga i proste zam\u00f3wienie<\/h2>\n<p>Tw\u00f3j <b>Bezpieczny zakup<\/b> i Twoje zadowolenie s\u0105 naszym celem. Oferujemy <b>Wsparcie osobiste<\/b> oraz <b>Proste zamawianie<\/b> w zaledwie kilku krokach:<\/p>\n<ol start=\"1\">\n<li><b>Wybierz ilo\u015b\u0107:<\/b> Wybierz \u017c\u0105dan\u0105 ilo\u015b\u0107 (np. 25G, 50G, 100G, 250G).<\/li>\n<li><b>Dodaj do koszyka:<\/b> Dodaj \u017c\u0105dany produkt.<\/li>\n<li><b>P\u0142atno\u015b\u0107:<\/b> Skorzystaj z naszego <b>Bezpieczna transakcja<\/b> dla <b>P\u0142atno\u015b\u0107<\/b>.<\/li>\n<li><b>Dostawa:<\/b> Twoje zam\u00f3wienie zostanie <b>dyskretnie w ci\u0105gu 1-3 dni roboczych<\/b> dostarczone - dzi\u0119ki <b>Wysy\u0142ka ekspresowa<\/b>.<\/li>\n<\/ol>\n<p>Do\u015bwiadczenie <b>Maroka\u0144ska tradycja<\/b> Camel Stamp Hash. Oznacza on <b>Autentyczna, r\u0119cznie wykonana jako\u015b\u0107<\/b> oraz <b>Zr\u00f3wnowa\u017cony profil skuteczno\u015bci<\/b>. Idealny dla wszystkich, kt\u00f3rzy <b>doceni\u0107 tradycyjn\u0105 kultur\u0119 haszyszu<\/b> i warto\u015b\u0107 na <b>\u0141agodne, wszechstronne odmiany<\/b> \u015bwiecki. <b>Kup teraz<\/b> i <b>najlepsza cena<\/b> bezpieczny!<\/p>","protected":false},"excerpt":{"rendered":"<p>Kup Camel Stamp Hash: Tradycyjny maroka\u0144ski haszysz z charakterystycznym wielb\u0142\u0105dzim t\u0142oczeniem. Mi\u0119kkie, aromatyczne p\u0142yty o zr\u00f3wnowa\u017conym dzia\u0142aniu. Idealny dla koneser\u00f3w tradycyjnej jako\u015bci.<\/p>","protected":false},"featured_media":7263,"comment_status":"open","ping_status":"closed","template":"","meta":{"_joinchat":[]},"product_brand":[],"product_cat":[61],"product_tag":[2964,3067,3047,2975,3072,3069,3068,3071,3043,3070],"class_list":{"0":"post-7225","1":"product","2":"type-product","3":"status-publish","4":"has-post-thumbnail","6":"product_cat-hashish","7":"product_tag-ausgewogene-wirkung","8":"product_tag-camel-stamp-hash","9":"product_tag-cannabis","10":"product_tag-entspannung","11":"product_tag-handwerksqualitaet","12":"product_tag-kamel-stempel","13":"product_tag-marokkanisches-haschisch","14":"product_tag-mild","15":"product_tag-traditionell","16":"product_tag-weiche-konsistenz","18":"first","19":"instock","20":"shipping-taxable","21":"purchasable","22":"product-type-variable"},"yoast_head":"<!-- This site is optimized with the Yoast SEO plugin v27.5 - https:\/\/yoast.com\/product\/yoast-seo-wordpress\/ -->\n<title>Camel Stamp Hash Kaufen | Traditionelle Qualit\u00e4t | Marokkanisch Chemgramx<\/title>\n<meta name=\"description\" content=\"Camel Stamp Hash kaufen - Authentisches marokkanisches Haschisch mit traditioneller Kamel-Stempelung. Weiche Konsistenz, aromatisch. Diskret &amp; sicher.\" \/>\n<meta name=\"robots\" content=\"index, follow, max-snippet:-1, max-image-preview:large, max-video-preview:-1\" \/>\n<link rel=\"canonical\" href=\"https:\/\/chemgramx.com\/pl\/produkt-1\/kupic-haszysz-camel-stamp\/\" \/>\n<meta property=\"og:locale\" content=\"pl_PL\" \/>\n<meta property=\"og:type\" content=\"article\" \/>\n<meta property=\"og:title\" content=\"Camel Stamp Hash Kaufen | Traditionelle Qualit\u00e4t | Marokkanisch Chemgramx\" \/>\n<meta property=\"og:description\" content=\"Camel Stamp Hash kaufen - Authentisches marokkanisches Haschisch mit traditioneller Kamel-Stempelung. Weiche Konsistenz, aromatisch. Diskret &amp; sicher.\" \/>\n<meta property=\"og:url\" content=\"https:\/\/chemgramx.com\/pl\/produkt-1\/kupic-haszysz-camel-stamp\/\" \/>\n<meta property=\"og:site_name\" content=\"Chemgramx\" \/>\n<meta property=\"article:modified_time\" content=\"2025-11-21T11:15:08+00:00\" \/>\n<meta property=\"og:image\" content=\"https:\/\/chemgramx.com\/wp-content\/uploads\/2025\/11\/camel-stamp-hash-online.jpg\" \/>\n\t<meta property=\"og:image:width\" content=\"1000\" \/>\n\t<meta property=\"og:image:height\" content=\"1000\" \/>\n\t<meta property=\"og:image:type\" content=\"image\/jpeg\" \/>\n<meta name=\"twitter:card\" content=\"summary_large_image\" \/>\n<meta name=\"twitter:label1\" content=\"Szacowany czas czytania\" \/>\n\t<meta name=\"twitter:data1\" content=\"6 minut\" \/>\n<script type=\"application\/ld+json\" class=\"yoast-schema-graph\">{\"@context\":\"https:\\\/\\\/schema.org\",\"@graph\":[{\"@type\":\"WebPage\",\"@id\":\"https:\\\/\\\/chemgramx.com\\\/product\\\/camel-stamp-hash-kaufen\\\/\",\"url\":\"https:\\\/\\\/chemgramx.com\\\/product\\\/camel-stamp-hash-kaufen\\\/\",\"name\":\"Camel Stamp Hash Kaufen | Traditionelle Qualit\u00e4t | Marokkanisch Chemgramx\",\"isPartOf\":{\"@id\":\"https:\\\/\\\/chemgramx.com\\\/#website\"},\"primaryImageOfPage\":{\"@id\":\"https:\\\/\\\/chemgramx.com\\\/product\\\/camel-stamp-hash-kaufen\\\/#primaryimage\"},\"image\":{\"@id\":\"https:\\\/\\\/chemgramx.com\\\/product\\\/camel-stamp-hash-kaufen\\\/#primaryimage\"},\"thumbnailUrl\":\"https:\\\/\\\/chemgramx.com\\\/wp-content\\\/uploads\\\/2025\\\/11\\\/camel-stamp-hash-online.jpg\",\"datePublished\":\"2025-11-21T11:13:37+00:00\",\"dateModified\":\"2025-11-21T11:15:08+00:00\",\"description\":\"Camel Stamp Hash kaufen - Authentisches marokkanisches Haschisch mit traditioneller Kamel-Stempelung. Weiche Konsistenz, aromatisch. Diskret &amp; sicher.\",\"breadcrumb\":{\"@id\":\"https:\\\/\\\/chemgramx.com\\\/product\\\/camel-stamp-hash-kaufen\\\/#breadcrumb\"},\"inLanguage\":\"pl-PL\",\"potentialAction\":[{\"@type\":\"ReadAction\",\"target\":[\"https:\\\/\\\/chemgramx.com\\\/product\\\/camel-stamp-hash-kaufen\\\/\"]}]},{\"@type\":\"ImageObject\",\"inLanguage\":\"pl-PL\",\"@id\":\"https:\\\/\\\/chemgramx.com\\\/product\\\/camel-stamp-hash-kaufen\\\/#primaryimage\",\"url\":\"https:\\\/\\\/chemgramx.com\\\/wp-content\\\/uploads\\\/2025\\\/11\\\/camel-stamp-hash-online.jpg\",\"contentUrl\":\"https:\\\/\\\/chemgramx.com\\\/wp-content\\\/uploads\\\/2025\\\/11\\\/camel-stamp-hash-online.jpg\",\"width\":1000,\"height\":1000},{\"@type\":\"BreadcrumbList\",\"@id\":\"https:\\\/\\\/chemgramx.com\\\/product\\\/camel-stamp-hash-kaufen\\\/#breadcrumb\",\"itemListElement\":[{\"@type\":\"ListItem\",\"position\":1,\"name\":\"Home\",\"item\":\"https:\\\/\\\/chemgramx.com\\\/\"},{\"@type\":\"ListItem\",\"position\":2,\"name\":\"Shop\",\"item\":\"https:\\\/\\\/chemgramx.com\\\/shop\\\/\"},{\"@type\":\"ListItem\",\"position\":3,\"name\":\"Camel Stamp Hash Kaufen\"}]},{\"@type\":\"WebSite\",\"@id\":\"https:\\\/\\\/chemgramx.com\\\/#website\",\"url\":\"https:\\\/\\\/chemgramx.com\\\/\",\"name\":\"Chemgramx\",\"description\":\"\",\"publisher\":{\"@id\":\"https:\\\/\\\/chemgramx.com\\\/#organization\"},\"potentialAction\":[{\"@type\":\"SearchAction\",\"target\":{\"@type\":\"EntryPoint\",\"urlTemplate\":\"https:\\\/\\\/chemgramx.com\\\/?s={search_term_string}\"},\"query-input\":{\"@type\":\"PropertyValueSpecification\",\"valueRequired\":true,\"valueName\":\"search_term_string\"}}],\"inLanguage\":\"pl-PL\"},{\"@type\":\"Organization\",\"@id\":\"https:\\\/\\\/chemgramx.com\\\/#organization\",\"name\":\"Chemgramx\",\"url\":\"https:\\\/\\\/chemgramx.com\\\/\",\"logo\":{\"@type\":\"ImageObject\",\"inLanguage\":\"pl-PL\",\"@id\":\"https:\\\/\\\/chemgramx.com\\\/#\\\/schema\\\/logo\\\/image\\\/\",\"url\":\"https:\\\/\\\/chemgramx.com\\\/wp-content\\\/uploads\\\/2024\\\/10\\\/final-logo.png\",\"contentUrl\":\"https:\\\/\\\/chemgramx.com\\\/wp-content\\\/uploads\\\/2024\\\/10\\\/final-logo.png\",\"width\":250,\"height\":48,\"caption\":\"Chemgramx\"},\"image\":{\"@id\":\"https:\\\/\\\/chemgramx.com\\\/#\\\/schema\\\/logo\\\/image\\\/\"}}]}<\/script>\n<!-- \/ Yoast SEO plugin. -->","yoast_head_json":{"title":"Kup Camel Stamp Hash | Tradycyjna jako\u015b\u0107 | Maroka\u0144ski Chemgramx","description":"Kup Camel Stamp Hash - Autentyczny maroka\u0144ski haszysz z tradycyjnym t\u0142oczeniem wielb\u0142\u0105da. Mi\u0119kka konsystencja, aromatyczny. Dyskretny i bezpieczny.","robots":{"index":"index","follow":"follow","max-snippet":"max-snippet:-1","max-image-preview":"max-image-preview:large","max-video-preview":"max-video-preview:-1"},"canonical":"https:\/\/chemgramx.com\/pl\/produkt-1\/kupic-haszysz-camel-stamp\/","og_locale":"pl_PL","og_type":"article","og_title":"Camel Stamp Hash Kaufen | Traditionelle Qualit\u00e4t | Marokkanisch Chemgramx","og_description":"Camel Stamp Hash kaufen - Authentisches marokkanisches Haschisch mit traditioneller Kamel-Stempelung. Weiche Konsistenz, aromatisch. Diskret &amp; sicher.","og_url":"https:\/\/chemgramx.com\/pl\/produkt-1\/kupic-haszysz-camel-stamp\/","og_site_name":"Chemgramx","article_modified_time":"2025-11-21T11:15:08+00:00","og_image":[{"width":1000,"height":1000,"url":"https:\/\/chemgramx.com\/wp-content\/uploads\/2025\/11\/camel-stamp-hash-online.jpg","type":"image\/jpeg"}],"twitter_card":"summary_large_image","twitter_misc":{"Szacowany czas czytania":"6 minut"},"schema":{"@context":"https:\/\/schema.org","@graph":[{"@type":"WebPage","@id":"https:\/\/chemgramx.com\/product\/camel-stamp-hash-kaufen\/","url":"https:\/\/chemgramx.com\/product\/camel-stamp-hash-kaufen\/","name":"Kup Camel Stamp Hash | Tradycyjna jako\u015b\u0107 | Maroka\u0144ski Chemgramx","isPartOf":{"@id":"https:\/\/chemgramx.com\/#website"},"primaryImageOfPage":{"@id":"https:\/\/chemgramx.com\/product\/camel-stamp-hash-kaufen\/#primaryimage"},"image":{"@id":"https:\/\/chemgramx.com\/product\/camel-stamp-hash-kaufen\/#primaryimage"},"thumbnailUrl":"https:\/\/chemgramx.com\/wp-content\/uploads\/2025\/11\/camel-stamp-hash-online.jpg","datePublished":"2025-11-21T11:13:37+00:00","dateModified":"2025-11-21T11:15:08+00:00","description":"Kup Camel Stamp Hash - Autentyczny maroka\u0144ski haszysz z tradycyjnym t\u0142oczeniem wielb\u0142\u0105da. Mi\u0119kka konsystencja, aromatyczny. Dyskretny i bezpieczny.","breadcrumb":{"@id":"https:\/\/chemgramx.com\/product\/camel-stamp-hash-kaufen\/#breadcrumb"},"inLanguage":"pl-PL","potentialAction":[{"@type":"ReadAction","target":["https:\/\/chemgramx.com\/product\/camel-stamp-hash-kaufen\/"]}]},{"@type":"ImageObject","inLanguage":"pl-PL","@id":"https:\/\/chemgramx.com\/product\/camel-stamp-hash-kaufen\/#primaryimage","url":"https:\/\/chemgramx.com\/wp-content\/uploads\/2025\/11\/camel-stamp-hash-online.jpg","contentUrl":"https:\/\/chemgramx.com\/wp-content\/uploads\/2025\/11\/camel-stamp-hash-online.jpg","width":1000,"height":1000},{"@type":"BreadcrumbList","@id":"https:\/\/chemgramx.com\/product\/camel-stamp-hash-kaufen\/#breadcrumb","itemListElement":[{"@type":"ListItem","position":1,"name":"Home","item":"https:\/\/chemgramx.com\/"},{"@type":"ListItem","position":2,"name":"Shop","item":"https:\/\/chemgramx.com\/shop\/"},{"@type":"ListItem","position":3,"name":"Camel Stamp Hash Kaufen"}]},{"@type":"WebSite","@id":"https:\/\/chemgramx.com\/#website","url":"https:\/\/chemgramx.com\/","name":"Chemgramx","description":"","publisher":{"@id":"https:\/\/chemgramx.com\/#organization"},"potentialAction":[{"@type":"SearchAction","target":{"@type":"EntryPoint","urlTemplate":"https:\/\/chemgramx.com\/?s={search_term_string}"},"query-input":{"@type":"PropertyValueSpecification","valueRequired":true,"valueName":"search_term_string"}}],"inLanguage":"pl-PL"},{"@type":"Organization","@id":"https:\/\/chemgramx.com\/#organization","name":"Chemgramx","url":"https:\/\/chemgramx.com\/","logo":{"@type":"ImageObject","inLanguage":"pl-PL","@id":"https:\/\/chemgramx.com\/#\/schema\/logo\/image\/","url":"https:\/\/chemgramx.com\/wp-content\/uploads\/2024\/10\/final-logo.png","contentUrl":"https:\/\/chemgramx.com\/wp-content\/uploads\/2024\/10\/final-logo.png","width":250,"height":48,"caption":"Chemgramx"},"image":{"@id":"https:\/\/chemgramx.com\/#\/schema\/logo\/image\/"}}]}},"_links":{"self":[{"href":"https:\/\/chemgramx.com\/pl\/wp-json\/wp\/v2\/product\/7225","targetHints":{"allow":["GET"]}}],"collection":[{"href":"https:\/\/chemgramx.com\/pl\/wp-json\/wp\/v2\/product"}],"about":[{"href":"https:\/\/chemgramx.com\/pl\/wp-json\/wp\/v2\/types\/product"}],"replies":[{"embeddable":true,"href":"https:\/\/chemgramx.com\/pl\/wp-json\/wp\/v2\/comments?post=7225"}],"wp:featuredmedia":[{"embeddable":true,"href":"https:\/\/chemgramx.com\/pl\/wp-json\/wp\/v2\/media\/7263"}],"wp:attachment":[{"href":"https:\/\/chemgramx.com\/pl\/wp-json\/wp\/v2\/media?parent=7225"}],"wp:term":[{"taxonomy":"product_brand","embeddable":true,"href":"https:\/\/chemgramx.com\/pl\/wp-json\/wp\/v2\/product_brand?post=7225"},{"taxonomy":"product_cat","embeddable":true,"href":"https:\/\/chemgramx.com\/pl\/wp-json\/wp\/v2\/product_cat?post=7225"},{"taxonomy":"product_tag","embeddable":true,"href":"https:\/\/chemgramx.com\/pl\/wp-json\/wp\/v2\/product_tag?post=7225"}],"curies":[{"name":"wp","href":"https:\/\/api.w.org\/{rel}","templated":true}]}}