{"id":7227,"date":"2025-11-21T11:13:37","date_gmt":"2025-11-21T11:13:37","guid":{"rendered":"https:\/\/chemgramx.com\/?post_type=product&#038;p=7227"},"modified":"2025-12-09T07:15:11","modified_gmt":"2025-12-09T07:15:11","slug":"kup-1p-lsd-150mcg-granulki","status":"publish","type":"product","link":"https:\/\/chemgramx.com\/pl\/product\/1p-lsd-150mcg-pellets-kaufen\/","title":{"rendered":"Kup granulat 1P-LSD 150mcg"},"content":{"rendered":"<p data-start=\"570\" data-end=\"888\"><strong data-start=\"570\" data-end=\"595\">Granulat 1P-LSD 150mcg<\/strong> s\u0105 precyzyjnie opracowan\u0105 form\u0105 dawkowania do cel\u00f3w badawczych, kt\u00f3ra umo\u017cliwia dok\u0142adne dozowanie i bezpieczn\u0105 obs\u0142ug\u0119 w \u015brodowiskach laboratoryjnych. Te granulki o wysokiej czysto\u015bci s\u0105 wykorzystywane wy\u0142\u0105cznie do analiz naukowych i bada\u0144 eksperymentalnych w kontrolowanych warunkach.<\/p>\n<p data-start=\"890\" data-end=\"1261\">Produkt jest przeznaczony dla instytucji badawczych, instytut\u00f3w akademickich i laboratori\u00f3w, kt\u00f3re chc\u0105 bada\u0107 zachowanie pochodnych lizergamidu, takich jak 1P-LSD, w kontek\u015bcie bada\u0144 neurochemicznych lub farmakologicznych. Dzi\u0119ki znormalizowanej dawce <strong data-start=\"1149\" data-end=\"1178\">150 mikrogram\u00f3w na peletk\u0119<\/strong> zapewnia niezawodne i powtarzalne eksperymenty.<\/p>\n<h2 data-start=\"1268\" data-end=\"1297\">Informacje o produkcie<\/h2>\n<p data-start=\"1299\" data-end=\"1608\"><strong data-start=\"1299\" data-end=\"1346\">1P-LSD (dietyloamid kwasu 1-propionylo-lizergowego)<\/strong> jest pochodn\u0105 lizergamidu i jest chemicznie blisko spokrewniony z <a href=\"\/product\/kolumbianisches-kokain-96-rein\/\">Po\u0142\u0105czenie<\/a> Jest on wykorzystywany w nowoczesnych badaniach do badania interakcji receptor\u00f3w, mechanizm\u00f3w farmakologicznych i zale\u017cno\u015bci struktura-aktywno\u015b\u0107 w grupie lizergamid\u00f3w.<\/p>\n<p data-start=\"1610\" data-end=\"1876\">Kszta\u0142t granulatu zapewnia praktyczny i r\u00f3wnomierny spos\u00f3b precyzyjnego dozowania ilo\u015bci substancji. Ta precyzja sprawia, \u017ce s\u0105 one szczeg\u00f3lnie przydatne do <strong data-start=\"1780\" data-end=\"1806\">Badania dawka-odpowied\u017a<\/strong>, <strong data-start=\"1808\" data-end=\"1828\">Testy stabilno\u015bci<\/strong> i analityczny <strong data-start=\"1845\" data-end=\"1873\">Badania por\u00f3wnawcze<\/strong>.<\/p>\n<h2 data-start=\"1883\" data-end=\"1914\">Specyfikacja produktu<\/h2>\n<p data-start=\"1916\" data-end=\"1939\"><strong data-start=\"1916\" data-end=\"1937\">Dane techniczne:<\/strong><\/p>\n<ul data-start=\"1940\" data-end=\"2201\">\n<li data-start=\"1940\" data-end=\"2001\">\n<p data-start=\"1942\" data-end=\"2001\"><strong data-start=\"1942\" data-end=\"1955\">Substancja:<\/strong> dietyloamid kwasu 1-propionylo-lizergowego (1P-LSD)<\/p>\n<\/li>\n<li data-start=\"2002\" data-end=\"2053\">\n<p data-start=\"2004\" data-end=\"2053\"><strong data-start=\"2004\" data-end=\"2025\">Posta\u0107 dawkowania:<\/strong> Pelet z mikrotabletek<\/p>\n<\/li>\n<li data-start=\"2054\" data-end=\"2099\">\n<p data-start=\"2056\" data-end=\"2099\"><strong data-start=\"2056\" data-end=\"2070\">Dawkowanie:<\/strong> 150 mcg \u00b1 5 mcg na peletk\u0119<\/p>\n<\/li>\n<li data-start=\"2100\" data-end=\"2139\">\n<p data-start=\"2102\" data-end=\"2139\"><strong data-start=\"2102\" data-end=\"2115\">Czysto\u015b\u0107:<\/strong> \u2265 98 % (testowane metod\u0105 HPLC)<\/p>\n<\/li>\n<li data-start=\"2140\" data-end=\"2201\">\n<p data-start=\"2142\" data-end=\"2201\"><strong data-start=\"2142\" data-end=\"2157\">Stabilno\u015b\u0107:<\/strong> D\u0142ugotrwa\u0142a stabilno\u015b\u0107 przy odpowiednim przechowywaniu<\/p>\n<\/li>\n<\/ul>\n<p data-start=\"2203\" data-end=\"2318\">Cechy te gwarantuj\u0105 sta\u0142\u0105 jako\u015b\u0107 i u\u0142atwiaj\u0105 odtwarzalno\u015b\u0107 danych eksperymentalnych.<\/p>\n<h2 data-start=\"2325\" data-end=\"2351\">Cechy jako\u015bciowe<\/h2>\n<p data-start=\"2353\" data-end=\"2573\">Granulki 1P-LSD 150mcg s\u0105 produkowane w kontrolowanych warunkach laboratoryjnych i poddawane wielu testom analitycznym. Ka\u017cda partia jest starannie dokumentowana, aby zapewni\u0107 maksymaln\u0105 przejrzysto\u015b\u0107 i identyfikowalno\u015b\u0107.<\/p>\n<p data-start=\"2575\" data-end=\"2608\"><strong data-start=\"2575\" data-end=\"2606\">Wa\u017cne czynniki jako\u015bciowe:<\/strong><\/p>\n<ul data-start=\"2609\" data-end=\"2911\">\n<li data-start=\"2609\" data-end=\"2679\">\n<p data-start=\"2611\" data-end=\"2679\"><strong data-start=\"2611\" data-end=\"2633\">Precyzyjne dozowanie:<\/strong> R\u00f3wnomierne rozmieszczenie sk\u0142adnik\u00f3w aktywnych w peletce<\/p>\n<\/li>\n<li data-start=\"2680\" data-end=\"2750\">\n<p data-start=\"2682\" data-end=\"2750\"><strong data-start=\"2682\" data-end=\"2712\">Dokumentacja analityczna:<\/strong> Kompleksowy certyfikat analizy (COA)<\/p>\n<\/li>\n<li data-start=\"2751\" data-end=\"2833\">\n<p data-start=\"2753\" data-end=\"2833\"><strong data-start=\"2753\" data-end=\"2775\">Sp\u00f3jno\u015b\u0107 partii:<\/strong> Powtarzalna jako\u015b\u0107 w kilku cyklach produkcyjnych<\/p>\n<\/li>\n<li data-start=\"2834\" data-end=\"2911\">\n<p data-start=\"2836\" data-end=\"2911\"><strong data-start=\"2836\" data-end=\"2860\">Dow\u00f3d stabilno\u015bci:<\/strong> Udokumentowany okres trwa\u0142o\u015bci w warunkach laboratoryjnych<\/p>\n<\/li>\n<\/ul>\n<p data-start=\"2913\" data-end=\"3041\">Te parametry jako\u015bciowe s\u0105 kluczowe, aby m\u00f3c <strong data-start=\"2999\" data-end=\"3026\"><a href=\"\/product\/columbia-kokainblocke\/\">niezawodny<\/a> Wyniki<\/strong> do osi\u0105gni\u0119cia.<\/p>\n<h2 data-start=\"3048\" data-end=\"3078\">Zastosowania badawcze<\/h2>\n<p data-start=\"3080\" data-end=\"3277\"><strong data-start=\"3080\" data-end=\"3105\">Granulat 1P-LSD 150mcg<\/strong> s\u0105 wykorzystywane w r\u00f3\u017cnych dziedzinach bada\u0144 naukowych. Dzi\u0119ki precyzyjnemu dozowaniu idealnie nadaj\u0105 si\u0119 do analiz ilo\u015bciowych i jako\u015bciowych.<\/p>\n<p data-start=\"3279\" data-end=\"3316\"><strong data-start=\"3279\" data-end=\"3314\">Mo\u017cliwe zastosowania badawcze:<\/strong><\/p>\n<ul data-start=\"3317\" data-end=\"3676\">\n<li data-start=\"3317\" data-end=\"3403\">\n<p data-start=\"3319\" data-end=\"3403\"><strong data-start=\"3319\" data-end=\"3341\">Badania dawkowania:<\/strong> Badanie dok\u0142adnego zastosowania sk\u0142adnik\u00f3w aktywnych i skuteczno\u015bci<\/p>\n<\/li>\n<li data-start=\"3404\" data-end=\"3501\">\n<p data-start=\"3406\" data-end=\"3501\"><strong data-start=\"3406\" data-end=\"3431\">Badanie stabilno\u015bci:<\/strong> Analiza trwa\u0142o\u015bci chemikali\u00f3w w r\u00f3\u017cnych warunkach przechowywania<\/p>\n<\/li>\n<li data-start=\"3502\" data-end=\"3587\">\n<p data-start=\"3504\" data-end=\"3587\"><strong data-start=\"3504\" data-end=\"3531\">Analizy por\u00f3wnawcze:<\/strong> Por\u00f3wnanie 1P-LSD i innych lizergamid\u00f3w<\/p>\n<\/li>\n<li data-start=\"3588\" data-end=\"3676\">\n<p data-start=\"3590\" data-end=\"3676\"><strong data-start=\"3590\" data-end=\"3616\">W\u0142a\u015bciwo\u015bci materia\u0142u:<\/strong> Charakterystyka parametr\u00f3w fizycznych i chemicznych<\/p>\n<\/li>\n<\/ul>\n<p data-start=\"3678\" data-end=\"3812\">Standaryzowana posta\u0107 granulatu minimalizuje ryzyko b\u0142\u0119d\u00f3w dozowania, co zwi\u0119ksza wiarygodno\u015b\u0107 naukow\u0105.<\/p>\n<h2 data-start=\"3819\" data-end=\"3847\">Instrukcje bezpiecze\u0144stwa<\/h2>\n<p data-start=\"3849\" data-end=\"4069\">Obs\u0142uga <strong data-start=\"3868\" data-end=\"3893\">Granulat 1P-LSD 150mcg<\/strong> wymaga \u015bcis\u0142ego przestrzegania wytycznych dotycz\u0105cych bezpiecze\u0144stwa. Jest to wysoce skuteczny preparat badawczy, kt\u00f3ry <strong data-start=\"4014\" data-end=\"4053\">nie do spo\u017cycia przez ludzi<\/strong> jest zamierzone.<\/p>\n<p data-start=\"4071\" data-end=\"4110\"><strong data-start=\"4071\" data-end=\"4108\">Wa\u017cne \u015brodki ostro\u017cno\u015bci:<\/strong><\/p>\n<ul data-start=\"4111\" data-end=\"4468\">\n<li data-start=\"4111\" data-end=\"4185\">\n<p data-start=\"4113\" data-end=\"4185\"><strong data-start=\"4113\" data-end=\"4142\">Wy\u0142\u0105cznie do cel\u00f3w badawczych:<\/strong> Brak zu\u017cycia lub innego wykorzystania<\/p>\n<\/li>\n<li data-start=\"4186\" data-end=\"4269\">\n<p data-start=\"4188\" data-end=\"4269\"><strong data-start=\"4188\" data-end=\"4209\">Warunki laboratoryjne:<\/strong> U\u017cywanie wy\u0142\u0105cznie w wykwalifikowanych obiektach<\/p>\n<\/li>\n<li data-start=\"4270\" data-end=\"4362\">\n<p data-start=\"4272\" data-end=\"4362\"><strong data-start=\"4272\" data-end=\"4305\">\u015arodki ochrony osobistej:<\/strong> Fartuch laboratoryjny, r\u0119kawice i okulary ochronne obowi\u0105zkowe<\/p>\n<\/li>\n<li data-start=\"4363\" data-end=\"4468\">\n<p data-start=\"4365\" data-end=\"4468\"><strong data-start=\"4365\" data-end=\"4391\">Zgodno\u015b\u0107 z prawem:<\/strong> Nale\u017cy przestrzega\u0107 wszystkich lokalnych przepis\u00f3w i zasad bezpiecze\u0144stwa<\/p>\n<\/li>\n<\/ul>\n<p data-start=\"4470\" data-end=\"4584\">Zgodno\u015b\u0107 z tymi wytycznymi chroni zar\u00f3wno badaczy, jak i integralno\u015b\u0107 procesu naukowego.<\/p>\n<h2 data-start=\"4591\" data-end=\"4623\">T\u00e1rol\u00e1s \u00e9s kezel\u00e9s<\/h2>\n<p data-start=\"4625\" data-end=\"4759\">Dla d\u0142ugoterminowej stabilno\u015bci i integralno\u015bci chemicznej <strong data-start=\"4686\" data-end=\"4711\">Granulat 1P-LSD 150mcg<\/strong> odpowiednie warunki przechowywania s\u0105 kluczowe.<\/p>\n<p data-start=\"4761\" data-end=\"4791\"><strong data-start=\"4761\" data-end=\"4789\">Optymalne parametry przechowywania:<\/strong><\/p>\n<ul data-start=\"4792\" data-end=\"5026\">\n<li data-start=\"4792\" data-end=\"4840\">\n<p data-start=\"4794\" data-end=\"4840\"><strong data-start=\"4794\" data-end=\"4809\">Temperatura:<\/strong> 2-8 \u00b0C (przechowywanie w lod\u00f3wce)<\/p>\n<\/li>\n<li data-start=\"4841\" data-end=\"4895\">\n<p data-start=\"4843\" data-end=\"4895\"><strong data-start=\"4843\" data-end=\"4860\">Wilgotno\u015b\u0107:<\/strong> &lt; 60 % wilgotno\u015b\u0107 wzgl\u0119dna<\/p>\n<\/li>\n<li data-start=\"4896\" data-end=\"4957\">\n<p data-start=\"4898\" data-end=\"4957\"><strong data-start=\"4898\" data-end=\"4914\">Ochrona przed \u015bwiat\u0142em:<\/strong> Chroni\u0107 przed bezpo\u015brednim dzia\u0142aniem promieni s\u0142onecznych<\/p>\n<\/li>\n<li data-start=\"4958\" data-end=\"5026\">\n<p data-start=\"4960\" data-end=\"5026\"><strong data-start=\"4960\" data-end=\"4975\">Opakowanie:<\/strong> Przechowywa\u0107 szczelnie zamkni\u0119te w oryginalnym opakowaniu<\/p>\n<\/li>\n<\/ul>\n<p data-start=\"5028\" data-end=\"5167\">Warunki te gwarantuj\u0105 okres przydatno\u015bci do spo\u017cycia wynosz\u0105cy co najmniej <strong data-start=\"5092\" data-end=\"5106\">24 miesi\u0105ce<\/strong>, bez wp\u0142ywu na jako\u015b\u0107 lub czysto\u015b\u0107.<\/p>\n<h2 data-start=\"5174\" data-end=\"5203\">Informacje o zam\u00f3wieniu<\/h2>\n<p data-start=\"5205\" data-end=\"5237\"><strong data-start=\"5205\" data-end=\"5235\">Dost\u0119pne rozmiary opakowa\u0144:<\/strong><\/p>\n<ul data-start=\"5238\" data-end=\"5349\">\n<li data-start=\"5238\" data-end=\"5273\">\n<p data-start=\"5240\" data-end=\"5273\"><strong data-start=\"5240\" data-end=\"5260\">Standardowe opakowanie:<\/strong> 25 granulek<\/p>\n<\/li>\n<li data-start=\"5274\" data-end=\"5306\">\n<p data-start=\"5276\" data-end=\"5306\"><strong data-start=\"5276\" data-end=\"5292\">Opakowanie zbiorcze:<\/strong> 100 granulek<\/p>\n<\/li>\n<li data-start=\"5307\" data-end=\"5349\">\n<p data-start=\"5309\" data-end=\"5349\"><strong data-start=\"5309\" data-end=\"5335\">Opakowanie zbiorcze do bada\u0144:<\/strong> 250 granulek<\/p>\n<\/li>\n<\/ul>\n<p data-start=\"5351\" data-end=\"5392\"><strong data-start=\"5351\" data-end=\"5390\">Wymagania dotycz\u0105ce zam\u00f3wienia:<\/strong><\/p>\n<ul data-start=\"5393\" data-end=\"5579\">\n<li data-start=\"5393\" data-end=\"5447\">\n<p data-start=\"5395\" data-end=\"5447\">Dow\u00f3d zarejestrowanej organizacji badawczej<\/p>\n<\/li>\n<li data-start=\"5448\" data-end=\"5505\">\n<p data-start=\"5450\" data-end=\"5505\">Opis celu naukowego<\/p>\n<\/li>\n<li data-start=\"5506\" data-end=\"5579\">\n<p data-start=\"5508\" data-end=\"5579\">Potwierdzenie znajomo\u015bci wytycznych dotycz\u0105cych bezpiecze\u0144stwa i obs\u0142ugi<\/p>\n<\/li>\n<\/ul>\n<p data-start=\"5581\" data-end=\"5686\">Sprzeda\u017c odbywa si\u0119 wy\u0142\u0105cznie na rzecz wykwalifikowanych instytucji z mo\u017cliwym do zweryfikowania zezwoleniem na prowadzenie bada\u0144.<\/p>\n<h2 data-start=\"5693\" data-end=\"5730\">Cz\u0119sto zadawane pytania (FAQ)<\/h2>\n<p data-start=\"5732\" data-end=\"5888\"><strong data-start=\"5732\" data-end=\"5805\">P: Czy granulki 1P-LSD 150mcg s\u0105 odpowiednie do stosowania u ludzi?<\/strong><br data-start=\"5805\" data-end=\"5808\" \/>Te granulki s\u0105 przeznaczone wy\u0142\u0105cznie do bada\u0144 i analiz.<\/p>\n<p data-start=\"5890\" data-end=\"6036\"><strong data-start=\"5890\" data-end=\"5937\">P: Jakie dane analityczne s\u0105 dostarczane?<\/strong><br data-start=\"5937\" data-end=\"5940\" \/>O: Ka\u017cda partia zawiera dane HPLC, certyfikaty czysto\u015bci i pe\u0142n\u0105 dokumentacj\u0119 partii.<\/p>\n<p data-start=\"6038\" data-end=\"6161\"><strong data-start=\"6038\" data-end=\"6080\">P: Jaki jest okres trwa\u0142o\u015bci granulek?<\/strong><br data-start=\"6080\" data-end=\"6083\" \/>O: Co najmniej 24 miesi\u0105ce, je\u015bli jest prawid\u0142owo przechowywany (2-8 \u00b0C, chroniony przed \u015bwiat\u0142em).<\/p>\n<p data-start=\"6163\" data-end=\"6324\"><strong data-start=\"6163\" data-end=\"6210\">P: Czy potrzebuj\u0119 specjalnej licencji?<\/strong><br data-start=\"6210\" data-end=\"6213\" \/>O: Plac\u00f3wki badawcze musz\u0105 przestrzega\u0107 obowi\u0105zuj\u0105cych przepis\u00f3w i, w razie potrzeby, przedstawia\u0107 zezwolenia.<\/p>\n<p data-start=\"6326\" data-end=\"6469\"><strong data-start=\"6326\" data-end=\"6361\">P: Czy wysy\u0142ka jest dyskretna?<\/strong><br data-start=\"6361\" data-end=\"6364\" \/>Tak. Dostarczany w neutralnym, niepozornym opakowaniu laboratoryjnym bez widocznych informacji o produkcie.<\/p>\n<h2 data-start=\"6476\" data-end=\"6504\">Informacja prawna<\/h2>\n<p data-start=\"6506\" data-end=\"6613\">Ten produkt jest <strong data-start=\"6525\" data-end=\"6564\">wy\u0142\u0105cznie do cel\u00f3w badawczych<\/strong> zamierzone. Wraz z zakupem kupuj\u0105cy potwierdza:<\/p>\n<ul data-start=\"6614\" data-end=\"6873\">\n<li data-start=\"6614\" data-end=\"6690\">\n<p data-start=\"6616\" data-end=\"6690\">Jest on u\u017cywany wy\u0142\u0105cznie w instytucjach zajmuj\u0105cych si\u0119 badaniami prawnymi<\/p>\n<\/li>\n<li data-start=\"6691\" data-end=\"6755\">\n<p data-start=\"6693\" data-end=\"6755\">Przestrzegane s\u0105 wszystkie obowi\u0105zuj\u0105ce przepisy prawa i regulacje<\/p>\n<\/li>\n<li data-start=\"6756\" data-end=\"6816\">\n<p data-start=\"6758\" data-end=\"6816\">\u015arodki bezpiecze\u0144stwa s\u0105 wdra\u017cane i dokumentowane<\/p>\n<\/li>\n<li data-start=\"6817\" data-end=\"6873\">\n<p data-start=\"6819\" data-end=\"6873\">Jakiekolwiek nieautoryzowane u\u017cycie jest zabronione<\/p>\n<\/li>\n<\/ul>\n<p data-start=\"6875\" data-end=\"6998\">Warunki te s\u0142u\u017c\u0105 zapewnieniu bezpiecznego i zgodnego z prawem wykorzystania w projektach naukowych.<\/p>","protected":false},"excerpt":{"rendered":"<p>Kup granulat 1P-LSD 150mcg: Chemikalia badawcze w r\u00f3wnomiernie dozowanych granulkach do precyzyjnej pracy naukowej. Wy\u0142\u0105cznie do cel\u00f3w badawczych w \u015brodowiskach laboratoryjnych.<\/p>","protected":false},"featured_media":7270,"comment_status":"open","ping_status":"closed","template":"","meta":{"_joinchat":[]},"product_brand":[],"product_cat":[43,55],"product_tag":[3109,179,3088,2907,2908,3086,3084,3074,3087],"class_list":{"0":"post-7227","1":"product","2":"type-product","3":"status-publish","4":"has-post-thumbnail","6":"product_cat-chemgramx","7":"product_cat-lysergamides","8":"product_tag-150mcg","9":"product_tag-1p-lsd","10":"product_tag-dosierungsstudien","11":"product_tag-forschungschemikalie","12":"product_tag-laborbedarf","13":"product_tag-laborforschung","14":"product_tag-pellets","15":"product_tag-research-chemical","16":"product_tag-wissenschaftliche-analyse","18":"first","19":"instock","20":"shipping-taxable","21":"purchasable","22":"product-type-variable"},"yoast_head":"<!-- This site is optimized with the Yoast SEO plugin v27.5 - https:\/\/yoast.com\/product\/yoast-seo-wordpress\/ -->\n<title>1P-LSD Pellets Kaufen | 150mcg | Research Chemical<\/title>\n<meta name=\"description\" content=\"1P-LSD 150mcg Pellets kaufen - Forschungschemikalie in pelletierter Form. F\u00fcr wissenschaftliche Analysen. Laborgepr\u00fcft &amp; diskret.\" \/>\n<meta name=\"robots\" content=\"index, follow, max-snippet:-1, max-image-preview:large, max-video-preview:-1\" \/>\n<link rel=\"canonical\" href=\"https:\/\/chemgramx.com\/pl\/produkt-1\/kup-1p-lsd-150mcg-granulki\/\" \/>\n<meta property=\"og:locale\" content=\"pl_PL\" \/>\n<meta property=\"og:type\" content=\"article\" \/>\n<meta property=\"og:title\" content=\"1P-LSD Pellets Kaufen | 150mcg | Research Chemical\" \/>\n<meta property=\"og:description\" content=\"1P-LSD 150mcg Pellets kaufen - Forschungschemikalie in pelletierter Form. F\u00fcr wissenschaftliche Analysen. Laborgepr\u00fcft &amp; diskret.\" \/>\n<meta property=\"og:url\" content=\"https:\/\/chemgramx.com\/pl\/produkt-1\/kup-1p-lsd-150mcg-granulki\/\" \/>\n<meta property=\"og:site_name\" content=\"Chemgramx\" \/>\n<meta property=\"article:modified_time\" content=\"2025-12-09T07:15:11+00:00\" \/>\n<meta property=\"og:image\" content=\"https:\/\/chemgramx.com\/wp-content\/uploads\/2025\/11\/1p-lsd-150-mcg-pellets-chem-store-online.png\" \/>\n\t<meta property=\"og:image:width\" content=\"632\" \/>\n\t<meta property=\"og:image:height\" content=\"528\" \/>\n\t<meta property=\"og:image:type\" content=\"image\/png\" \/>\n<meta name=\"twitter:card\" content=\"summary_large_image\" \/>\n<meta name=\"twitter:label1\" content=\"Szacowany czas czytania\" \/>\n\t<meta name=\"twitter:data1\" content=\"3 minuty\" \/>\n<script type=\"application\/ld+json\" class=\"yoast-schema-graph\">{\"@context\":\"https:\\\/\\\/schema.org\",\"@graph\":[{\"@type\":\"WebPage\",\"@id\":\"https:\\\/\\\/chemgramx.com\\\/product\\\/1p-lsd-150mcg-pellets-kaufen\\\/\",\"url\":\"https:\\\/\\\/chemgramx.com\\\/product\\\/1p-lsd-150mcg-pellets-kaufen\\\/\",\"name\":\"1P-LSD Pellets Kaufen | 150mcg | Research Chemical\",\"isPartOf\":{\"@id\":\"https:\\\/\\\/chemgramx.com\\\/#website\"},\"primaryImageOfPage\":{\"@id\":\"https:\\\/\\\/chemgramx.com\\\/product\\\/1p-lsd-150mcg-pellets-kaufen\\\/#primaryimage\"},\"image\":{\"@id\":\"https:\\\/\\\/chemgramx.com\\\/product\\\/1p-lsd-150mcg-pellets-kaufen\\\/#primaryimage\"},\"thumbnailUrl\":\"https:\\\/\\\/chemgramx.com\\\/wp-content\\\/uploads\\\/2025\\\/11\\\/1p-lsd-150-mcg-pellets-chem-store-online.png\",\"datePublished\":\"2025-11-21T11:13:37+00:00\",\"dateModified\":\"2025-12-09T07:15:11+00:00\",\"description\":\"1P-LSD 150mcg Pellets kaufen - Forschungschemikalie in pelletierter Form. F\u00fcr wissenschaftliche Analysen. Laborgepr\u00fcft & diskret.\",\"breadcrumb\":{\"@id\":\"https:\\\/\\\/chemgramx.com\\\/product\\\/1p-lsd-150mcg-pellets-kaufen\\\/#breadcrumb\"},\"inLanguage\":\"pl-PL\",\"potentialAction\":[{\"@type\":\"ReadAction\",\"target\":[\"https:\\\/\\\/chemgramx.com\\\/product\\\/1p-lsd-150mcg-pellets-kaufen\\\/\"]}]},{\"@type\":\"ImageObject\",\"inLanguage\":\"pl-PL\",\"@id\":\"https:\\\/\\\/chemgramx.com\\\/product\\\/1p-lsd-150mcg-pellets-kaufen\\\/#primaryimage\",\"url\":\"https:\\\/\\\/chemgramx.com\\\/wp-content\\\/uploads\\\/2025\\\/11\\\/1p-lsd-150-mcg-pellets-chem-store-online.png\",\"contentUrl\":\"https:\\\/\\\/chemgramx.com\\\/wp-content\\\/uploads\\\/2025\\\/11\\\/1p-lsd-150-mcg-pellets-chem-store-online.png\",\"width\":632,\"height\":528},{\"@type\":\"BreadcrumbList\",\"@id\":\"https:\\\/\\\/chemgramx.com\\\/product\\\/1p-lsd-150mcg-pellets-kaufen\\\/#breadcrumb\",\"itemListElement\":[{\"@type\":\"ListItem\",\"position\":1,\"name\":\"Home\",\"item\":\"https:\\\/\\\/chemgramx.com\\\/\"},{\"@type\":\"ListItem\",\"position\":2,\"name\":\"Shop\",\"item\":\"https:\\\/\\\/chemgramx.com\\\/shop\\\/\"},{\"@type\":\"ListItem\",\"position\":3,\"name\":\"1P-LSD 150mcg Pellets kaufen\"}]},{\"@type\":\"WebSite\",\"@id\":\"https:\\\/\\\/chemgramx.com\\\/#website\",\"url\":\"https:\\\/\\\/chemgramx.com\\\/\",\"name\":\"Chemgramx\",\"description\":\"\",\"publisher\":{\"@id\":\"https:\\\/\\\/chemgramx.com\\\/#organization\"},\"potentialAction\":[{\"@type\":\"SearchAction\",\"target\":{\"@type\":\"EntryPoint\",\"urlTemplate\":\"https:\\\/\\\/chemgramx.com\\\/?s={search_term_string}\"},\"query-input\":{\"@type\":\"PropertyValueSpecification\",\"valueRequired\":true,\"valueName\":\"search_term_string\"}}],\"inLanguage\":\"pl-PL\"},{\"@type\":\"Organization\",\"@id\":\"https:\\\/\\\/chemgramx.com\\\/#organization\",\"name\":\"Chemgramx\",\"url\":\"https:\\\/\\\/chemgramx.com\\\/\",\"logo\":{\"@type\":\"ImageObject\",\"inLanguage\":\"pl-PL\",\"@id\":\"https:\\\/\\\/chemgramx.com\\\/#\\\/schema\\\/logo\\\/image\\\/\",\"url\":\"https:\\\/\\\/chemgramx.com\\\/wp-content\\\/uploads\\\/2024\\\/10\\\/final-logo.png\",\"contentUrl\":\"https:\\\/\\\/chemgramx.com\\\/wp-content\\\/uploads\\\/2024\\\/10\\\/final-logo.png\",\"width\":250,\"height\":48,\"caption\":\"Chemgramx\"},\"image\":{\"@id\":\"https:\\\/\\\/chemgramx.com\\\/#\\\/schema\\\/logo\\\/image\\\/\"}}]}<\/script>\n<!-- \/ Yoast SEO plugin. -->","yoast_head_json":{"title":"Kup 1P-LSD Pellets | 150mcg | Research Chemical","description":"Kup granulat 1P-LSD 150mcg - chemikalia badawcze w postaci granulatu. Do analiz naukowych. Testowany laboratoryjnie i dyskretny.","robots":{"index":"index","follow":"follow","max-snippet":"max-snippet:-1","max-image-preview":"max-image-preview:large","max-video-preview":"max-video-preview:-1"},"canonical":"https:\/\/chemgramx.com\/pl\/produkt-1\/kup-1p-lsd-150mcg-granulki\/","og_locale":"pl_PL","og_type":"article","og_title":"1P-LSD Pellets Kaufen | 150mcg | Research Chemical","og_description":"1P-LSD 150mcg Pellets kaufen - Forschungschemikalie in pelletierter Form. F\u00fcr wissenschaftliche Analysen. Laborgepr\u00fcft & diskret.","og_url":"https:\/\/chemgramx.com\/pl\/produkt-1\/kup-1p-lsd-150mcg-granulki\/","og_site_name":"Chemgramx","article_modified_time":"2025-12-09T07:15:11+00:00","og_image":[{"width":632,"height":528,"url":"https:\/\/chemgramx.com\/wp-content\/uploads\/2025\/11\/1p-lsd-150-mcg-pellets-chem-store-online.png","type":"image\/png"}],"twitter_card":"summary_large_image","twitter_misc":{"Szacowany czas czytania":"3 minuty"},"schema":{"@context":"https:\/\/schema.org","@graph":[{"@type":"WebPage","@id":"https:\/\/chemgramx.com\/product\/1p-lsd-150mcg-pellets-kaufen\/","url":"https:\/\/chemgramx.com\/product\/1p-lsd-150mcg-pellets-kaufen\/","name":"Kup 1P-LSD Pellets | 150mcg | Research Chemical","isPartOf":{"@id":"https:\/\/chemgramx.com\/#website"},"primaryImageOfPage":{"@id":"https:\/\/chemgramx.com\/product\/1p-lsd-150mcg-pellets-kaufen\/#primaryimage"},"image":{"@id":"https:\/\/chemgramx.com\/product\/1p-lsd-150mcg-pellets-kaufen\/#primaryimage"},"thumbnailUrl":"https:\/\/chemgramx.com\/wp-content\/uploads\/2025\/11\/1p-lsd-150-mcg-pellets-chem-store-online.png","datePublished":"2025-11-21T11:13:37+00:00","dateModified":"2025-12-09T07:15:11+00:00","description":"Kup granulat 1P-LSD 150mcg - chemikalia badawcze w postaci granulatu. Do analiz naukowych. Testowany laboratoryjnie i dyskretny.","breadcrumb":{"@id":"https:\/\/chemgramx.com\/product\/1p-lsd-150mcg-pellets-kaufen\/#breadcrumb"},"inLanguage":"pl-PL","potentialAction":[{"@type":"ReadAction","target":["https:\/\/chemgramx.com\/product\/1p-lsd-150mcg-pellets-kaufen\/"]}]},{"@type":"ImageObject","inLanguage":"pl-PL","@id":"https:\/\/chemgramx.com\/product\/1p-lsd-150mcg-pellets-kaufen\/#primaryimage","url":"https:\/\/chemgramx.com\/wp-content\/uploads\/2025\/11\/1p-lsd-150-mcg-pellets-chem-store-online.png","contentUrl":"https:\/\/chemgramx.com\/wp-content\/uploads\/2025\/11\/1p-lsd-150-mcg-pellets-chem-store-online.png","width":632,"height":528},{"@type":"BreadcrumbList","@id":"https:\/\/chemgramx.com\/product\/1p-lsd-150mcg-pellets-kaufen\/#breadcrumb","itemListElement":[{"@type":"ListItem","position":1,"name":"Home","item":"https:\/\/chemgramx.com\/"},{"@type":"ListItem","position":2,"name":"Shop","item":"https:\/\/chemgramx.com\/shop\/"},{"@type":"ListItem","position":3,"name":"1P-LSD 150mcg Pellets kaufen"}]},{"@type":"WebSite","@id":"https:\/\/chemgramx.com\/#website","url":"https:\/\/chemgramx.com\/","name":"Chemgramx","description":"","publisher":{"@id":"https:\/\/chemgramx.com\/#organization"},"potentialAction":[{"@type":"SearchAction","target":{"@type":"EntryPoint","urlTemplate":"https:\/\/chemgramx.com\/?s={search_term_string}"},"query-input":{"@type":"PropertyValueSpecification","valueRequired":true,"valueName":"search_term_string"}}],"inLanguage":"pl-PL"},{"@type":"Organization","@id":"https:\/\/chemgramx.com\/#organization","name":"Chemgramx","url":"https:\/\/chemgramx.com\/","logo":{"@type":"ImageObject","inLanguage":"pl-PL","@id":"https:\/\/chemgramx.com\/#\/schema\/logo\/image\/","url":"https:\/\/chemgramx.com\/wp-content\/uploads\/2024\/10\/final-logo.png","contentUrl":"https:\/\/chemgramx.com\/wp-content\/uploads\/2024\/10\/final-logo.png","width":250,"height":48,"caption":"Chemgramx"},"image":{"@id":"https:\/\/chemgramx.com\/#\/schema\/logo\/image\/"}}]}},"_links":{"self":[{"href":"https:\/\/chemgramx.com\/pl\/wp-json\/wp\/v2\/product\/7227","targetHints":{"allow":["GET"]}}],"collection":[{"href":"https:\/\/chemgramx.com\/pl\/wp-json\/wp\/v2\/product"}],"about":[{"href":"https:\/\/chemgramx.com\/pl\/wp-json\/wp\/v2\/types\/product"}],"replies":[{"embeddable":true,"href":"https:\/\/chemgramx.com\/pl\/wp-json\/wp\/v2\/comments?post=7227"}],"wp:featuredmedia":[{"embeddable":true,"href":"https:\/\/chemgramx.com\/pl\/wp-json\/wp\/v2\/media\/7270"}],"wp:attachment":[{"href":"https:\/\/chemgramx.com\/pl\/wp-json\/wp\/v2\/media?parent=7227"}],"wp:term":[{"taxonomy":"product_brand","embeddable":true,"href":"https:\/\/chemgramx.com\/pl\/wp-json\/wp\/v2\/product_brand?post=7227"},{"taxonomy":"product_cat","embeddable":true,"href":"https:\/\/chemgramx.com\/pl\/wp-json\/wp\/v2\/product_cat?post=7227"},{"taxonomy":"product_tag","embeddable":true,"href":"https:\/\/chemgramx.com\/pl\/wp-json\/wp\/v2\/product_tag?post=7227"}],"curies":[{"name":"wp","href":"https:\/\/api.w.org\/{rel}","templated":true}]}}