{"id":7228,"date":"2025-11-21T11:13:38","date_gmt":"2025-11-21T11:13:38","guid":{"rendered":"https:\/\/chemgramx.com\/?post_type=product&#038;p=7228"},"modified":"2025-11-21T11:15:09","modified_gmt":"2025-11-21T11:15:09","slug":"zamowienie-na-ciasteczka-z-czarnobyla","status":"publish","type":"product","link":"https:\/\/chemgramx.com\/pl\/product\/chernobyl-cookies-bestellung\/","title":{"rendered":"Zam\u00f3wienie na ciasteczka z Czarnobyla"},"content":{"rendered":"<p>Zanurz si\u0119 w intensywnym do\u015bwiadczeniu <b>Chernobyl Cookies Hash<\/b> - wyj\u0105tkowa hybrydowa krzy\u017c\u00f3wka, kt\u00f3ra oferuje zmys\u0142om niezapomniane wra\u017cenia. Ta specjalna odmiana \u0142\u0105czy w sobie <b>wybuchowy smak<\/b> i z\u0142o\u017cone smaki z g\u0142\u0119bok\u0105 nut\u0105, <b>zr\u00f3wnowa\u017cony efekt<\/b>. Jest to idealny wyb\u00f3r dla wymagaj\u0105cych koneser\u00f3w, kt\u00f3rzy szukaj\u0105 czego\u015b wyj\u0105tkowego i warto\u015bciowego <b>Wysokiej jako\u015bci t\u0142oczenie r\u0119czne<\/b> lay. Ciasteczka z Czarnobyla <a href=\"https:\/\/chemgramx.com\/product\/dragon-full-melt-hash-kaufen\/\">Hash<\/a> jest <b>Oryginalny produkt<\/b> i oznacza warto\u015b\u0107 bezwzgl\u0119dn\u0105 <b>Jako\u015b\u0107 marki<\/b>. Mo\u017cna u\u017cywa\u0107 tego produktu <b>zam\u00f3wienie online<\/b> i b\u0119dzie <b>dostarczane dyskretnie<\/b>. <b>Zam\u00f3w ju\u017c dzi\u015b i skorzystaj ze specjalnych ofert i szybkiej wysy\u0142ki!<\/b> Mo\u017cesz u\u017cy\u0107 tego produktu <b>kup teraz<\/b> i b\u0119dzie <b>bez recepty<\/b> wys\u0142ane do Ciebie.<\/p>\n<h2>Co sprawia, \u017ce Chernobyl Cookies Hash jest wyj\u0105tkowy: genetyka i potencja\u0142<\/h2>\n<p>Unikalny charakter Chernobyl Cookies Hash opiera si\u0119 na jego specjalnej genetyce, kt\u00f3ra umo\u017cliwia szeroki zakres efekt\u00f3w i smak\u00f3w. To <b>Specjalne przej\u015bcie dla plik\u00f3w cookie<\/b> oferuje harmonijn\u0105 r\u00f3wnowag\u0119, kt\u00f3ra jest zar\u00f3wno rewitalizuj\u0105ca, jak i relaksuj\u0105ca.<\/p>\n<h3>Genetyka i produkcja<\/h3>\n<p>Chernobyl Cookies Hash to doskonale zbalansowany <b>50% Indica \/ 50% Sativa Hybryda<\/b>. Ta r\u00f3wnowaga zapewnia <b>Harmonijna r\u00f3wnowaga cia\u0142a i umys\u0142u<\/b>. The <b>Produkcja<\/b> pod\u0105\u017ca za <b>R\u0119cznie t\u0142oczona tradycja<\/b>, znak <b>Najwy\u017csza jako\u015b\u0107<\/b> i rzemios\u0142o. Surowce to <b>wybrany r\u0119cznie<\/b> i wybrane wed\u0142ug \u015bcis\u0142ych kryteri\u00f3w. Rezultatem jest <b>Wysoko skoncentrowana jako\u015b\u0107<\/b> i mi\u0119kki, elastyczny <b>Sp\u00f3jno\u015b\u0107<\/b>, kt\u00f3ry jest \u0142atwy w przetwarzaniu. Ka\u017cda partia jest dok\u0142adnie sprawdzana; jest to <b>Testowane w laboratorium<\/b>-produkt w celu optymalizacji <b>100% Jako\u015b\u0107<\/b> do zabezpieczenia.<\/p>\n<h3>Profil sensoryczny i smakowy<\/h3>\n<p>Do\u015bwiadczenie Chernobyl Cookies Hash zaczyna si\u0119 od jego <b>wybuchowy smak<\/b>Jest to intensywny, wielowarstwowy zapach, kt\u00f3ry \u0142\u0105czy w sobie zar\u00f3wno korzenno-s\u0142odkie, jak i ziemiste nuty. Zapach <b>Smak<\/b> jest <b>z\u0142o\u017cony<\/b> oraz <b>wielowymiarowy<\/b>, z wyra\u017anymi nutami charakterystycznych ciasteczek. The <b>Kolor<\/b> Kolor haszyszu jest ciemnobr\u0105zowy ze z\u0142otymi refleksami, co odzwierciedla jego czysto\u015b\u0107 i jako\u015b\u0107. Kolor <b>Tekstura<\/b> jest jednolita i podatna na formowanie, co u\u0142atwia <b>Obs\u0142uga<\/b> oraz <b>Porcjowanie<\/b> gwarantowane.<\/p>\n<h2>Profil efektu i zastosowanie: g\u0142\u0119bia i wszechstronno\u015b\u0107<\/h2>\n<p>Profil skuteczno\u015bci jest nast\u0119puj\u0105cy <b>Zr\u00f3wnowa\u017cony i wszechstronny<\/b>, kt\u00f3ry predestynuje Chernobyl Cookies Hash do r\u00f3\u017cnych sytuacji.<\/p>\n<h3>Szczeg\u00f3\u0142owe w\u0142a\u015bciwo\u015bci efektu<\/h3>\n<p>The <b>Pocz\u0105tek dzia\u0142ania<\/b> jest <b>delikatnie i stopniowo<\/b>, nie przyt\u0142aczaj\u0105ca. The <b>Efekt szczytowy<\/b> jest g\u0142\u0119boka i otulaj\u0105ca, oferuj\u0105c zar\u00f3wno relaks, jak i subteln\u0105 jasno\u015b\u0107 umys\u0142u. The <b>Czas trwania dzia\u0142ania<\/b> jest <b>d\u0142ugotrwa\u0142y<\/b> i wynosi zwykle 3-4 godziny. The <b>Og\u00f3lne wra\u017cenie<\/b> jest harmonijna i wszechstronna.<\/p>\n<h3>Optymalne mo\u017cliwo\u015bci zastosowania<\/h3>\n<p>Zr\u00f3wnowa\u017cony efekt sprawia, \u017ce Chernobyl Cookies Hash jest idealny dla:<\/p>\n<ul>\n<li><b>Wieczorny relaks:<\/b> Idealny do relaksu po d\u0142ugim dniu.<\/li>\n<li><b>Kreatywne impulsy:<\/b> Promowanie przep\u0142ywu pomys\u0142\u00f3w i stymulacji umys\u0142owej.<\/li>\n<li><b>Okazje towarzyskie:<\/b> Do relaksuj\u0105cych spotka\u0144 towarzyskich bez nadmiernego uspokojenia.<\/li>\n<li><b>Chwile medytacji:<\/b> Aby pog\u0142\u0119bi\u0107 do\u015bwiadczenie i wewn\u0119trzn\u0105 kontemplacj\u0119.<\/li>\n<li><b>R\u00f3\u017cnorodno\u015b\u0107:<\/b> The <b>Uniwersalno\u015b\u0107<\/b> efekt jest odpowiedni dla r\u00f3\u017cnych preferencji konsumpcyjnych.<\/li>\n<\/ul>\n<h2>Metody konsumpcji i zapewnienie jako\u015bci<\/h2>\n<p>Chernobyl Cookies Hash ma wszechstronne zastosowanie, a jego produkcja odzwierciedla <b>Rzemios\u0142o<\/b> echo.<\/p>\n<h3>Tradycyjne i nowoczesne kana\u0142y konsumpcji<\/h3>\n<p>Jego g\u0142adka konsystencja sprawia, \u017ce nadaje si\u0119 do wszystkich popularnych metod:<\/p>\n<ul>\n<li><b>Tradycyjne sposoby:<\/b> W po\u0142\u0105czeniu a <b>Nawet spalanie<\/b> jest gwarantowana; w fajce lub bongu a <b>Efekt bezpo\u015bredni<\/b> osi\u0105gni\u0119ty. Czysta konsumpcja oferuje r\u00f3wnie\u017c intensywne doznania smakowe.<\/li>\n<li><b>Nowoczesne metody:<\/b> The <b>Waporyzator<\/b> umo\u017cliwia delikatne parowanie, podczas gdy <b>Dab rig<\/b> oferuje wysoce skoncentrowane doznania. Aby uzyska\u0107 szczeg\u00f3lnie d\u0142ugotrwa\u0142y efekt, mo\u017ce by\u0107 r\u00f3wnie\u017c stosowany do <b>Jadalne<\/b> mo\u017ce by\u0107 u\u017cyty.<\/li>\n<\/ul>\n<h3>Jako\u015b\u0107 i wykonanie<\/h3>\n<p>The <b>100% Jako\u015b\u0107<\/b> tego produktu jest \u015bci\u015ble kontrolowana <b>Proces produkcji<\/b> zabezpieczone. U\u017cywamy <b>Tradycyjne metody t\u0142oczenia<\/b> i prowadzi\u0107 <b>Staranna kontrola jako\u015bci<\/b> oraz <b>Sp\u00f3jne testowanie partii<\/b> przez. The <b>Czysto\u015b\u0107<\/b> jest <b>Wysoka koncentracja<\/b>, i otrzymasz prawdziwy <b>Oryginalny produkt<\/b> w testach <b>Jako\u015b\u0107 marki<\/b>.<\/p>\n<h2>Przechowywanie i \u015bwie\u017co\u015b\u0107: d\u0142ugotrwa\u0142a najwy\u017csza jako\u015b\u0107<\/h2>\n<p>W\u0142a\u015bciwe przechowywanie ma kluczowe znaczenie dla zachowania unikalnych w\u0142a\u015bciwo\u015bci i smaku Chernobyl Cookies Hash.<\/p>\n<h3>Optymalne warunki przechowywania<\/h3>\n<p>Dla <b>D\u0142ugi okres trwa\u0142o\u015bci<\/b> i <b>Utrzymanie jako\u015bci<\/b> s\u0105 <b>optymalne warunki<\/b> wa\u017cne:<\/p>\n<ul>\n<li><b>Temperatura:<\/b> Przechowywa\u0107 w ch\u0142odnym miejscu, najlepiej w temperaturze od 16\u00b0C do 21\u00b0C.<\/li>\n<li><b>Wilgotno\u015b\u0107:<\/b> Niski poziom wilgotno\u015bci (55-60%) w urz\u0105dzeniu <b>Szczelny pojemnik<\/b> jest wskazane.<\/li>\n<li><b>Ochrona przed \u015bwiat\u0142em:<\/b> Produkt musi <b>Ca\u0142kowita ochrona przed promieniowaniem UV<\/b> aby zapobiec degradacji sk\u0142adnik\u00f3w aktywnych.<\/li>\n<\/ul>\n<p>The <b>Minimalny okres przechowywania<\/b> wynosi 6-12 miesi\u0119cy w idealnych warunkach przechowywania.<\/p>\n<h2>Obs\u0142uga, zamawianie i wysy\u0142ka: dyskrecja w regionie DACH<\/h2>\n<p>Gwarantujemy p\u0142ynne dzia\u0142anie, <b>anonimowy<\/b> oraz <b>bezpieczny zakup<\/b>.<\/p>\n<h3>Szybkie i dyskretne przetwarzanie<\/h3>\n<p>Oferujemy <b>Dyskretna obs\u0142uga<\/b> oraz <b>Neutralne opakowanie<\/b> dla ka\u017cdego zam\u00f3wienia. Otrzymasz <b>Dostawa ekspresowa<\/b> oraz <b>szybka wysy\u0142ka<\/b> w ramach <b>1-3 dni robocze<\/b>.<\/p>\n<ul>\n<li><b>Wysy\u0142ka do regionu DACH:<\/b> Gwarantujemy <b>niezawodny<\/b> w <b>Wysy\u0142ka do Niemiec bez problem\u00f3w<\/b>, w <b>Bezproblemowa wysy\u0142ka do Szwajcarii<\/b> i <b>Bezproblemowa wysy\u0142ka do Austrii<\/b>.<\/li>\n<li><b>Bezpieczne przetwarzanie:<\/b> Dbamy o <b>Bezpieczne przetwarzanie<\/b> w <b>P\u0142atno\u015b\u0107<\/b> i oferowa\u0107 <b>Wsparcie osobiste<\/b> w przypadku pyta\u0144.<\/li>\n<\/ul>\n<h3>Prosty proces zamawiania<\/h3>\n<p>Mo\u017cesz u\u017cy\u0107 tego produktu <b>Kupuj bezpo\u015brednio<\/b> oraz <b>kupowa\u0107 tanio<\/b>. Wybierz <b>Ilo\u015b\u0107<\/b> (1g, 2g, 5g lub 10g), doda\u0107 do <b>Koszyk na zakupy<\/b> i wykona\u0107 <b>Bezpieczna transakcja<\/b> przez. Mo\u017cesz <b>zam\u00f3wienie bez recepty<\/b> oraz <b>Zam\u00f3w 100% zgodnie z prawem<\/b> (nale\u017cy przestrzega\u0107 lokalnych przepis\u00f3w).<\/p>\n<h2>Cz\u0119sto zadawane pytania (FAQ) - wszystkie odpowiedzi w skr\u00f3cie<\/h2>\n<h4><b>Co jest takiego wyj\u0105tkowego w Chernobyl Cookies Hash?<\/b><\/h4>\n<p>Unikalna kombinacja genetyczna jako zr\u00f3wnowa\u017cona hybryda i z\u0142o\u017cony, wybuchowy profil smakowy sprawiaj\u0105, \u017ce odmiana ta jest wyj\u0105tkowa.<\/p>\n<h4><b>Dla kogo przeznaczona jest ta odmiana?<\/b><\/h4>\n<p>Szczeg\u00f3lnie dla do\u015bwiadczonych koneser\u00f3w, kt\u00f3rzy doceniaj\u0105 z\u0142o\u017cone smaki i szukaj\u0105 zr\u00f3wnowa\u017conego, d\u0142ugotrwa\u0142ego efektu.<\/p>\n<h4><b>Jaki jest efekt?<\/b><\/h4>\n<p>Efekt jest zr\u00f3wnowa\u017cony, harmonijny i g\u0142\u0119boki, zar\u00f3wno psychiczny, jak i fizyczny (efekt hybrydowy).<\/p>\n<h4><b>Kt\u00f3ra metoda konsumpcji jest zalecana?<\/b><\/h4>\n<p>Wszystkie metody s\u0105 odpowiednie, ale szczeg\u00f3lnie zalecamy metod\u0119 <b>Waporyzator<\/b> dla delikatnego rozwoju z\u0142o\u017conego smaku.<\/p>\n<h4><b>Jaki jest najlepszy spos\u00f3b dawkowania?<\/b><\/h4>\n<p>Zacznij od ma\u0142ych ilo\u015bci i ostro\u017cnie zwi\u0119kszaj, aby znale\u017a\u0107 optymaln\u0105 dawk\u0119 dla swoich potrzeb.<\/p>\n<h4><b>Czy zam\u00f3wienie jest naprawd\u0119 anonimowe?<\/b><\/h4>\n<p>Tak, gwarantujemy <b>Zam\u00f3w dyskretnie 100%<\/b> i wysy\u0142amy w neutralnym opakowaniu.<\/p>\n<h4><b>Czy mog\u0119 go kupi\u0107 bez recepty?<\/b><\/h4>\n<p>Tak, mo\u017cesz <b>zam\u00f3wienie online<\/b> i jest <b>bez recepty<\/b> dost\u0119pne.<\/p>\n<h2>Podsumowanie: Dlaczego ciasteczka z Czarnobyla s\u0105 haszowane?<\/h2>\n<p>Ta wyj\u0105tkowa odmiana oferuje niezr\u00f3wnane doznania sensoryczne w po\u0142\u0105czeniu z g\u0142\u0119bokim, wszechstronnym efektem. Jest idealna dla tych, kt\u00f3rzy szukaj\u0105 czego\u015b wyj\u0105tkowego i warto\u015bciowego <b>Jako\u015b\u0107 wykonania<\/b> oraz <b>Najwy\u017csza jako\u015b\u0107<\/b> \u015bwiecki.<\/p>","protected":false},"excerpt":{"rendered":"<p>Kup Chernobyl Cookies Hash: Unikalna krzy\u017c\u00f3wka hybrydowa o intensywnym, z\u0142o\u017conym smaku i silnym, zr\u00f3wnowa\u017conym dzia\u0142aniu. Wysokiej jako\u015bci r\u0119czne t\u0142oczenie, idealne dla do\u015bwiadczonych koneser\u00f3w. Dyskretny i bezpieczny.<\/p>","protected":false},"featured_media":7271,"comment_status":"open","ping_status":"closed","template":"","meta":{"_joinchat":[]},"product_brand":[],"product_cat":[61],"product_tag":[2964,3047,3055,3057,2975,3060,3058,3056,3059,3040],"class_list":{"0":"post-7228","1":"product","2":"type-product","3":"status-publish","4":"has-post-thumbnail","6":"product_cat-hashish","7":"product_tag-ausgewogene-wirkung","8":"product_tag-cannabis","9":"product_tag-chernobyl-cookies-hash","10":"product_tag-cookies-genetik","11":"product_tag-entspannung","12":"product_tag-geschmacksprofil","13":"product_tag-handgepresst","14":"product_tag-hybrid-haschisch","15":"product_tag-intensives-aroma","16":"product_tag-premium-hasch","18":"first","19":"instock","20":"shipping-taxable","21":"purchasable","22":"product-type-variable"},"yoast_head":"<!-- This site is optimized with the Yoast SEO plugin v27.5 - https:\/\/yoast.com\/product\/yoast-seo-wordpress\/ -->\n<title>Chernobyl Cookies Hash Kaufen | Potente Hybrid Sorte | Chemgramx<\/title>\n<meta name=\"description\" content=\"Chernobyl Cookies Hash kaufen - Einzigartige Hybrid-Kreuzung mit intensivem Geschmack. Potente Wirkung, diskret verpackt. Jetzt online bestellen!\" \/>\n<meta name=\"robots\" content=\"index, follow, max-snippet:-1, max-image-preview:large, max-video-preview:-1\" \/>\n<link rel=\"canonical\" href=\"https:\/\/chemgramx.com\/pl\/produkt-1\/zamowienie-na-ciasteczka-z-czarnobyla\/\" \/>\n<meta property=\"og:locale\" content=\"pl_PL\" \/>\n<meta property=\"og:type\" content=\"article\" \/>\n<meta property=\"og:title\" content=\"Chernobyl Cookies Hash Kaufen | Potente Hybrid Sorte | Chemgramx\" \/>\n<meta property=\"og:description\" content=\"Chernobyl Cookies Hash kaufen - Einzigartige Hybrid-Kreuzung mit intensivem Geschmack. Potente Wirkung, diskret verpackt. Jetzt online bestellen!\" \/>\n<meta property=\"og:url\" content=\"https:\/\/chemgramx.com\/pl\/produkt-1\/zamowienie-na-ciasteczka-z-czarnobyla\/\" \/>\n<meta property=\"og:site_name\" content=\"Chemgramx\" \/>\n<meta property=\"article:modified_time\" content=\"2025-11-21T11:15:09+00:00\" \/>\n<meta property=\"og:image\" content=\"https:\/\/chemgramx.com\/wp-content\/uploads\/2025\/11\/chernobyl-cookies-hash.jpg\" \/>\n\t<meta property=\"og:image:width\" content=\"1000\" \/>\n\t<meta property=\"og:image:height\" content=\"1000\" \/>\n\t<meta property=\"og:image:type\" content=\"image\/jpeg\" \/>\n<meta name=\"twitter:card\" content=\"summary_large_image\" \/>\n<meta name=\"twitter:label1\" content=\"Szacowany czas czytania\" \/>\n\t<meta name=\"twitter:data1\" content=\"5 minut\" \/>\n<script type=\"application\/ld+json\" class=\"yoast-schema-graph\">{\"@context\":\"https:\\\/\\\/schema.org\",\"@graph\":[{\"@type\":\"WebPage\",\"@id\":\"https:\\\/\\\/chemgramx.com\\\/product\\\/chernobyl-cookies-bestellung\\\/\",\"url\":\"https:\\\/\\\/chemgramx.com\\\/product\\\/chernobyl-cookies-bestellung\\\/\",\"name\":\"Chernobyl Cookies Hash Kaufen | Potente Hybrid Sorte | Chemgramx\",\"isPartOf\":{\"@id\":\"https:\\\/\\\/chemgramx.com\\\/#website\"},\"primaryImageOfPage\":{\"@id\":\"https:\\\/\\\/chemgramx.com\\\/product\\\/chernobyl-cookies-bestellung\\\/#primaryimage\"},\"image\":{\"@id\":\"https:\\\/\\\/chemgramx.com\\\/product\\\/chernobyl-cookies-bestellung\\\/#primaryimage\"},\"thumbnailUrl\":\"https:\\\/\\\/chemgramx.com\\\/wp-content\\\/uploads\\\/2025\\\/11\\\/chernobyl-cookies-hash.jpg\",\"datePublished\":\"2025-11-21T11:13:38+00:00\",\"dateModified\":\"2025-11-21T11:15:09+00:00\",\"description\":\"Chernobyl Cookies Hash kaufen - Einzigartige Hybrid-Kreuzung mit intensivem Geschmack. Potente Wirkung, diskret verpackt. Jetzt online bestellen!\",\"breadcrumb\":{\"@id\":\"https:\\\/\\\/chemgramx.com\\\/product\\\/chernobyl-cookies-bestellung\\\/#breadcrumb\"},\"inLanguage\":\"pl-PL\",\"potentialAction\":[{\"@type\":\"ReadAction\",\"target\":[\"https:\\\/\\\/chemgramx.com\\\/product\\\/chernobyl-cookies-bestellung\\\/\"]}]},{\"@type\":\"ImageObject\",\"inLanguage\":\"pl-PL\",\"@id\":\"https:\\\/\\\/chemgramx.com\\\/product\\\/chernobyl-cookies-bestellung\\\/#primaryimage\",\"url\":\"https:\\\/\\\/chemgramx.com\\\/wp-content\\\/uploads\\\/2025\\\/11\\\/chernobyl-cookies-hash.jpg\",\"contentUrl\":\"https:\\\/\\\/chemgramx.com\\\/wp-content\\\/uploads\\\/2025\\\/11\\\/chernobyl-cookies-hash.jpg\",\"width\":1000,\"height\":1000},{\"@type\":\"BreadcrumbList\",\"@id\":\"https:\\\/\\\/chemgramx.com\\\/product\\\/chernobyl-cookies-bestellung\\\/#breadcrumb\",\"itemListElement\":[{\"@type\":\"ListItem\",\"position\":1,\"name\":\"Home\",\"item\":\"https:\\\/\\\/chemgramx.com\\\/\"},{\"@type\":\"ListItem\",\"position\":2,\"name\":\"Shop\",\"item\":\"https:\\\/\\\/chemgramx.com\\\/shop\\\/\"},{\"@type\":\"ListItem\",\"position\":3,\"name\":\"Chernobyl Cookies Bestellung\"}]},{\"@type\":\"WebSite\",\"@id\":\"https:\\\/\\\/chemgramx.com\\\/#website\",\"url\":\"https:\\\/\\\/chemgramx.com\\\/\",\"name\":\"Chemgramx\",\"description\":\"\",\"publisher\":{\"@id\":\"https:\\\/\\\/chemgramx.com\\\/#organization\"},\"potentialAction\":[{\"@type\":\"SearchAction\",\"target\":{\"@type\":\"EntryPoint\",\"urlTemplate\":\"https:\\\/\\\/chemgramx.com\\\/?s={search_term_string}\"},\"query-input\":{\"@type\":\"PropertyValueSpecification\",\"valueRequired\":true,\"valueName\":\"search_term_string\"}}],\"inLanguage\":\"pl-PL\"},{\"@type\":\"Organization\",\"@id\":\"https:\\\/\\\/chemgramx.com\\\/#organization\",\"name\":\"Chemgramx\",\"url\":\"https:\\\/\\\/chemgramx.com\\\/\",\"logo\":{\"@type\":\"ImageObject\",\"inLanguage\":\"pl-PL\",\"@id\":\"https:\\\/\\\/chemgramx.com\\\/#\\\/schema\\\/logo\\\/image\\\/\",\"url\":\"https:\\\/\\\/chemgramx.com\\\/wp-content\\\/uploads\\\/2024\\\/10\\\/final-logo.png\",\"contentUrl\":\"https:\\\/\\\/chemgramx.com\\\/wp-content\\\/uploads\\\/2024\\\/10\\\/final-logo.png\",\"width\":250,\"height\":48,\"caption\":\"Chemgramx\"},\"image\":{\"@id\":\"https:\\\/\\\/chemgramx.com\\\/#\\\/schema\\\/logo\\\/image\\\/\"}}]}<\/script>\n<!-- \/ Yoast SEO plugin. -->","yoast_head_json":{"title":"Kup Chernobyl Cookies Hash | Silny szczep hybrydowy | Chemgramx","description":"Kup Chernobyl Cookies Hash - Unikalna hybrydowa krzy\u017c\u00f3wka o intensywnym smaku. Silny efekt, dyskretne opakowanie. Zam\u00f3w online ju\u017c teraz!","robots":{"index":"index","follow":"follow","max-snippet":"max-snippet:-1","max-image-preview":"max-image-preview:large","max-video-preview":"max-video-preview:-1"},"canonical":"https:\/\/chemgramx.com\/pl\/produkt-1\/zamowienie-na-ciasteczka-z-czarnobyla\/","og_locale":"pl_PL","og_type":"article","og_title":"Chernobyl Cookies Hash Kaufen | Potente Hybrid Sorte | Chemgramx","og_description":"Chernobyl Cookies Hash kaufen - Einzigartige Hybrid-Kreuzung mit intensivem Geschmack. Potente Wirkung, diskret verpackt. Jetzt online bestellen!","og_url":"https:\/\/chemgramx.com\/pl\/produkt-1\/zamowienie-na-ciasteczka-z-czarnobyla\/","og_site_name":"Chemgramx","article_modified_time":"2025-11-21T11:15:09+00:00","og_image":[{"width":1000,"height":1000,"url":"https:\/\/chemgramx.com\/wp-content\/uploads\/2025\/11\/chernobyl-cookies-hash.jpg","type":"image\/jpeg"}],"twitter_card":"summary_large_image","twitter_misc":{"Szacowany czas czytania":"5 minut"},"schema":{"@context":"https:\/\/schema.org","@graph":[{"@type":"WebPage","@id":"https:\/\/chemgramx.com\/product\/chernobyl-cookies-bestellung\/","url":"https:\/\/chemgramx.com\/product\/chernobyl-cookies-bestellung\/","name":"Kup Chernobyl Cookies Hash | Silny szczep hybrydowy | Chemgramx","isPartOf":{"@id":"https:\/\/chemgramx.com\/#website"},"primaryImageOfPage":{"@id":"https:\/\/chemgramx.com\/product\/chernobyl-cookies-bestellung\/#primaryimage"},"image":{"@id":"https:\/\/chemgramx.com\/product\/chernobyl-cookies-bestellung\/#primaryimage"},"thumbnailUrl":"https:\/\/chemgramx.com\/wp-content\/uploads\/2025\/11\/chernobyl-cookies-hash.jpg","datePublished":"2025-11-21T11:13:38+00:00","dateModified":"2025-11-21T11:15:09+00:00","description":"Kup Chernobyl Cookies Hash - Unikalna hybrydowa krzy\u017c\u00f3wka o intensywnym smaku. Silny efekt, dyskretne opakowanie. Zam\u00f3w online ju\u017c teraz!","breadcrumb":{"@id":"https:\/\/chemgramx.com\/product\/chernobyl-cookies-bestellung\/#breadcrumb"},"inLanguage":"pl-PL","potentialAction":[{"@type":"ReadAction","target":["https:\/\/chemgramx.com\/product\/chernobyl-cookies-bestellung\/"]}]},{"@type":"ImageObject","inLanguage":"pl-PL","@id":"https:\/\/chemgramx.com\/product\/chernobyl-cookies-bestellung\/#primaryimage","url":"https:\/\/chemgramx.com\/wp-content\/uploads\/2025\/11\/chernobyl-cookies-hash.jpg","contentUrl":"https:\/\/chemgramx.com\/wp-content\/uploads\/2025\/11\/chernobyl-cookies-hash.jpg","width":1000,"height":1000},{"@type":"BreadcrumbList","@id":"https:\/\/chemgramx.com\/product\/chernobyl-cookies-bestellung\/#breadcrumb","itemListElement":[{"@type":"ListItem","position":1,"name":"Home","item":"https:\/\/chemgramx.com\/"},{"@type":"ListItem","position":2,"name":"Shop","item":"https:\/\/chemgramx.com\/shop\/"},{"@type":"ListItem","position":3,"name":"Chernobyl Cookies Bestellung"}]},{"@type":"WebSite","@id":"https:\/\/chemgramx.com\/#website","url":"https:\/\/chemgramx.com\/","name":"Chemgramx","description":"","publisher":{"@id":"https:\/\/chemgramx.com\/#organization"},"potentialAction":[{"@type":"SearchAction","target":{"@type":"EntryPoint","urlTemplate":"https:\/\/chemgramx.com\/?s={search_term_string}"},"query-input":{"@type":"PropertyValueSpecification","valueRequired":true,"valueName":"search_term_string"}}],"inLanguage":"pl-PL"},{"@type":"Organization","@id":"https:\/\/chemgramx.com\/#organization","name":"Chemgramx","url":"https:\/\/chemgramx.com\/","logo":{"@type":"ImageObject","inLanguage":"pl-PL","@id":"https:\/\/chemgramx.com\/#\/schema\/logo\/image\/","url":"https:\/\/chemgramx.com\/wp-content\/uploads\/2024\/10\/final-logo.png","contentUrl":"https:\/\/chemgramx.com\/wp-content\/uploads\/2024\/10\/final-logo.png","width":250,"height":48,"caption":"Chemgramx"},"image":{"@id":"https:\/\/chemgramx.com\/#\/schema\/logo\/image\/"}}]}},"_links":{"self":[{"href":"https:\/\/chemgramx.com\/pl\/wp-json\/wp\/v2\/product\/7228","targetHints":{"allow":["GET"]}}],"collection":[{"href":"https:\/\/chemgramx.com\/pl\/wp-json\/wp\/v2\/product"}],"about":[{"href":"https:\/\/chemgramx.com\/pl\/wp-json\/wp\/v2\/types\/product"}],"replies":[{"embeddable":true,"href":"https:\/\/chemgramx.com\/pl\/wp-json\/wp\/v2\/comments?post=7228"}],"wp:featuredmedia":[{"embeddable":true,"href":"https:\/\/chemgramx.com\/pl\/wp-json\/wp\/v2\/media\/7271"}],"wp:attachment":[{"href":"https:\/\/chemgramx.com\/pl\/wp-json\/wp\/v2\/media?parent=7228"}],"wp:term":[{"taxonomy":"product_brand","embeddable":true,"href":"https:\/\/chemgramx.com\/pl\/wp-json\/wp\/v2\/product_brand?post=7228"},{"taxonomy":"product_cat","embeddable":true,"href":"https:\/\/chemgramx.com\/pl\/wp-json\/wp\/v2\/product_cat?post=7228"},{"taxonomy":"product_tag","embeddable":true,"href":"https:\/\/chemgramx.com\/pl\/wp-json\/wp\/v2\/product_tag?post=7228"}],"curies":[{"name":"wp","href":"https:\/\/api.w.org\/{rel}","templated":true}]}}