{"id":7230,"date":"2025-11-21T11:13:38","date_gmt":"2025-11-21T11:13:38","guid":{"rendered":"https:\/\/chemgramx.com\/?post_type=product&#038;p=7230"},"modified":"2025-11-21T11:15:09","modified_gmt":"2025-11-21T11:15:09","slug":"diplomat-hash-zamowienie-online","status":"publish","type":"product","link":"https:\/\/chemgramx.com\/pl\/product\/diplomat-hash-online-bestellung\/","title":{"rendered":"Diplomat Hash Zam\u00f3wienie online"},"content":{"rendered":"<p>Odkryj <b>Diplomat Hash<\/b>, Odmiana premium haszyszu, kt\u00f3ra jest najlepsza pod wzgl\u0119dem <b>Wyj\u0105tkowa jako\u015b\u0107<\/b> oraz <b>Zr\u00f3wnowa\u017cony profil skuteczno\u015bci<\/b> wyznacza nowe standardy. Opracowany specjalnie dla wymagaj\u0105cych koneser\u00f3w, kt\u00f3rzy przywi\u0105zuj\u0105 najwy\u017csz\u0105 wag\u0119 do standard\u00f3w czysto\u015bci, <b>intensywny smak<\/b> i niezr\u00f3wnane do\u015bwiadczenie. Diplomat Hash uciele\u015bnia idealn\u0105 syntez\u0119 tradycyjnego rzemios\u0142a i nowoczesnej kontroli jako\u015bci. Jest to pierwszy wyb\u00f3r dla ka\u017cdego, kto chce <b>Oryginalny produkt<\/b> i tylko z <b>najlepsza jako\u015b\u0107<\/b> s\u0105 spe\u0142nione.<\/p>\n<p><b>Zam\u00f3w teraz i skorzystaj z naszych atrakcyjnych ofert specjalnych. Gwarantujemy anonimowe zamawianie i dyskretn\u0105 dostaw\u0119 bezpo\u015brednio do domu.<\/b><\/p>\n<h2>\u00a0Pochodzenie i produkcja: sekret jako\u015bci<\/h2>\n<p>Unikalny charakter Diplomat Hash zaczyna si\u0119 od <b>Pochodzenie<\/b> i ostro\u017cno\u015b\u0107 <b>Proces produkcji<\/b>. Jest to produkt, kt\u00f3ry jest g\u0142\u0119boko zakorzeniony w tradycji, ale zosta\u0142 udoskonalony zgodnie z najnowocze\u015bniejszymi standardami.<\/p>\n<h3>Tradycyjne rzemios\u0142o spe\u0142nia nowoczesne standardy<\/h3>\n<p>Diplomat Hash jest tworzony przy u\u017cyciu <b>tradycyjne procesy produkcyjne<\/b> kt\u00f3re by\u0142y udoskonalane przez pokolenia. Do produkcji trafiaj\u0105 tylko najlepsze surowce, pozyskiwane z wybranych region\u00f3w. To staranne rzemios\u0142o gwarantuje <b>Jednolita konsystencja<\/b> i g\u0142\u0119boki, bogaty smak, kt\u00f3ry tak bardzo doceniaj\u0105 koneserzy.<\/p>\n<h3>Czyste standardy produkcji i czysto\u015bci<\/h3>\n<p>Nasze zaanga\u017cowanie w <b>100% Jako\u015b\u0107<\/b> oznacza, \u017ce produkcja w ramach <b>najsurowsze kontrole jako\u015bci<\/b> ma miejsce. Polegamy na czystych procesach, aby wykluczy\u0107 zanieczyszczenia. Ka\u017cda partia jest dok\u0142adnie sprawdzana, co gwarantuje wysok\u0105 czysto\u015b\u0107 i jako\u015b\u0107. <b>Sta\u0142a jako\u015b\u0107 partii<\/b> zapewnia. Otrzymujesz wysoce skoncentrowany produkt, kt\u00f3ry jest wolny od niepo\u017c\u0105danych dodatk\u00f3w.<\/p>\n<h3>Znaczenie wyboru surowc\u00f3w<\/h3>\n<p>Diplomat Hash to specjalnie wyselekcjonowane ro\u015bliny. Surowce s\u0105 wybierane wed\u0142ug \u015bcis\u0142ych kryteri\u00f3w pod wzgl\u0119dem mocy, profilu smakowego i czysto\u015bci. Tylko w ten spos\u00f3b mo\u017cna <b>orygina\u0142<\/b> i intensywne doznania smakowe, kt\u00f3re charakteryzuj\u0105 Diplomat Hash.<\/p>\n<h2>Szczeg\u00f3\u0142y produktu w skr\u00f3cie: W\u0142a\u015bciwo\u015bci sensoryczne i konsystencja<\/h2>\n<p>Wizualny, zapachowy i dotykowy profil Diplomat Hash jest znakiem rozpoznawczym tego produktu. <b>Produkcja premium<\/b> i odr\u00f3\u017cnia go od produkt\u00f3w gorszej jako\u015bci.<\/p>\n<h3>W\u0142a\u015bciwo\u015bci wizualne i dotykowe<\/h3>\n<ul>\n<li><b>Typ:<\/b> Wysokiej jako\u015bci tradycyjny haszysz.<\/li>\n<li><b>Kolor:<\/b> G\u0142\u0119boki <b>Ciemnobr\u0105zowy<\/b> z subtelnym <b>z\u0142ote refleksy<\/b> na ci\u0119tych powierzchniach, co jest wska\u017anikiem najwy\u017cszej jako\u015bci i czysto\u015bci.<\/li>\n<li><b>Sp\u00f3jno\u015b\u0107:<\/b> <b>Mocny, ale elastyczny<\/b> i \u0142atwe do wyrabiania w temperaturze pokojowej. Idealny do \u0142atwego porcjowania i przygotowania.<\/li>\n<li><b>Tekstura:<\/b> <b>Jednolity i jednorodny<\/b>, bez cia\u0142 obcych i gruboziarnistych cz\u0105stek.<\/li>\n<li><b>Obs\u0142uga:<\/b> \u0141atwy do porcjowania, zachowuje idealn\u0105 struktur\u0119 przy prawid\u0142owym przechowywaniu.<\/li>\n<\/ul>\n<h3>Intensywny profil sensoryczny<\/h3>\n<p>Aromat i smak Diplomat Hash s\u0105 z\u0142o\u017cone i pe\u0142ne, co sprawia, \u017ce <b>Jako\u015b\u0107 marki<\/b>-do\u015bwiadczenie.<\/p>\n<ul>\n<li><b>Smak:<\/b> Intensywny <b>pikantny<\/b> z g\u0142\u0119bokim <b>ziemisty<\/b> i ciep\u0142y <a href=\"https:\/\/chemgramx.com\/product\/death-star-hash-online\/\"><b>drzewne niuanse<\/b><\/a>. Zapach, kt\u00f3ry natychmiast ujawnia swoj\u0105 ekskluzywno\u015b\u0107.<\/li>\n<li><b>Smak:<\/b> <b>Pe\u0142ny<\/b> i z\u0142o\u017cone w ustach, z charakterystycznym, lekko <b>s\u0142odkawy finisz<\/b>, kt\u00f3ry dzia\u0142a przez d\u0142ugi czas.<\/li>\n<li><b>Zachowania zwi\u0105zane z paleniem tytoniu:<\/b> <b>Delikatny i przyjemny<\/b> dla dr\u00f3g oddechowych.<\/li>\n<li><b>Spalanie:<\/b> <b>Jednolity i czysty<\/b>, co wskazuje na wysok\u0105 czysto\u015b\u0107 i brak dodatk\u00f3w chemicznych.<\/li>\n<\/ul>\n<h2>\u00a0Profil efektu i zastosowanie: R\u00f3wnowaga na ka\u017cd\u0105 okazj\u0119<\/h2>\n<p>Aktywny profil Diplomat Hash to <b>Zr\u00f3wnowa\u017cony i wszechstronny<\/b>, Idealny dla do\u015bwiadczonych koneser\u00f3w poszukuj\u0105cych d\u0142ugotrwa\u0142ych i kontrolowanych dozna\u0144.<\/p>\n<h3>W\u0142a\u015bciwo\u015bci efektu<\/h3>\n<ul>\n<li><b>Efekt:<\/b> <b>Zr\u00f3wnowa\u017cony<\/b> i wszechstronny. Oferuje zar\u00f3wno dog\u0142\u0119bn\u0105 <b>Relaks<\/b> a tak\u017ce wyra\u017ane skupienie, w zale\u017cno\u015bci od dawki.<\/li>\n<li><b>Pocz\u0105tek dzia\u0142ania:<\/b> <b>Delikatny i stopniowy<\/b>, Nie jest to efekt nag\u0142y ani przyt\u0142aczaj\u0105cy.<\/li>\n<li><b>Czas dzia\u0142ania:<\/b> <b>D\u0142ugotrwa\u0142y<\/b> (zazwyczaj 2-4 godziny), co czyni j\u0105 szczeg\u00f3lnie ekonomiczn\u0105.<\/li>\n<li><b>Zakres zastosowania:<\/b> Idealny na przyjemne wieczory, kreatywne projekty lub po prostu do g\u0142\u0119bokiego relaksu po stresuj\u0105cym dniu.<\/li>\n<\/ul>\n<h3>Optymalne metody konsumpcji<\/h3>\n<p>Dzi\u0119ki <b>jednolita konsystencja<\/b> Diplomat Hash jest odpowiedni dla r\u00f3\u017cnych preferencji konsument\u00f3w:<\/p>\n<ol start=\"1\">\n<li><b>Tradycyjnie w jointach\/spliffach:<\/b> Twarda, ale g\u0142adka tekstura zapewnia <b>Doskona\u0142a mieszalno\u015b\u0107<\/b> z innymi zio\u0142ami i powolne, r\u00f3wnomierne spalanie.<\/li>\n<li><b>W rurze:<\/b> Dla <b>bezpo\u015bredni i intensywny<\/b> efekt i pe\u0142ne doznania smakowe.<\/li>\n<li><b>Z parownikiem (waporyzacj\u0105):<\/b> W odpowiedniej temperaturze odparowanie zapewnia <b>delikatny i aromatyczny<\/b> Konsumpcja, w kt\u00f3rej uwalniany jest pe\u0142ny profil terpenowy.<\/li>\n<li><b>W bongu:<\/b> Dla <b>Przejrzysty i szybki<\/b> efekt, kt\u00f3ry jest szczeg\u00f3lnie skuteczny w ma\u0142ych ilo\u015bciach.<\/li>\n<\/ol>\n<h2>\u00a0Obs\u0142uga i zamawianie: Dyskrecja i ekspresowa wysy\u0142ka<\/h2>\n<p>Przywi\u0105zujemy du\u017c\u0105 wag\u0119 do Twojej satysfakcji i bezpiecze\u0144stwa podczas zakup\u00f3w. Nasz serwis to <b>Maksymalna dyskrecja<\/b> oraz <b>Szybkie przetwarzanie<\/b> zaprojektowany.<\/p>\n<h3>Maksymalna dyskrecja i anonimowo\u015b\u0107<\/h3>\n<ul>\n<li><b>Neutralne opakowanie:<\/b> Produkt jest dostarczany w niepozornym opakowaniu, <b>neutralne opakowanie<\/b> co nie pozwala na wyci\u0105gni\u0119cie jakichkolwiek wniosk\u00f3w na temat tre\u015bci (<b>Dyskretna dostawa<\/b>).<\/li>\n<li><b>Anonimowe zam\u00f3wienie:<\/b> Twoje dane b\u0119d\u0105 traktowane z zachowaniem \u015bcis\u0142ej poufno\u015bci. Oferujemy <b>P\u0142atno\u015b\u0107 za pomoc\u0105 Bitcoin<\/b> dla maksimum <b>Anonimowo\u015b\u0107<\/b> i bezpiecze\u0144stwo.<\/li>\n<li><b>Bezpieczne przetwarzanie p\u0142atno\u015bci:<\/b> Wszystkie transakcje s\u0105 przeprowadzane za po\u015brednictwem bezpiecznych kana\u0142\u00f3w. <b>Kupuj bezpiecznie<\/b> jest nasz\u0105 obietnic\u0105.<\/li>\n<\/ul>\n<h3>Szybka dostawa do regionu DACH<\/h3>\n<ul>\n<li><b>Wysy\u0142ka ekspresowa:<\/b> Wszystkie zam\u00f3wienia wysy\u0142amy z <b>Wysy\u0142ka ekspresowa<\/b>, aby jak najszybciej otrzyma\u0107 Diplomat Hash w swoje r\u0119ce.<\/li>\n<li><b>Wysy\u0142ka do Niemiec bez \u017cadnych problem\u00f3w:<\/b> Niezawodna i szybka dostawa do wszystkich region\u00f3w.<\/li>\n<li><b>Wysy\u0142ka do Szwajcarii bez \u017cadnych problem\u00f3w:<\/b> Dbamy o sprawne przetwarzanie.<\/li>\n<li><b>Wysy\u0142ka do Austrii bez \u017cadnych problem\u00f3w:<\/b> Szybka dostawa na terenie ca\u0142ej Republiki Alpejskiej.<\/li>\n<\/ul>\n<h3>Prosty proces zamawiania<\/h3>\n<ol start=\"1\">\n<li><b>Wybierz ilo\u015b\u0107:<\/b> Okre\u015bl \u017c\u0105dany rozmiar (<b>1g, 2g, 5g lub 10g<\/b>). Oferujemy mo\u017cliwo\u015b\u0107, <b>kupowa\u0107 tanio<\/b> szczeg\u00f3lnie w przypadku wi\u0119kszych ilo\u015bci.<\/li>\n<li><b>Dodaj do koszyka:<\/b> Dodaj produkty.<\/li>\n<li><b>P\u0142atno\u015b\u0107:<\/b> Wybierz swoj\u0105 ulubion\u0105, <b>bezpieczna transakcja<\/b>-metoda.<\/li>\n<li><b>Dostawa:<\/b> The <b>Dyskretna dostawa<\/b> Towar zazwyczaj dociera w ci\u0105gu 1-3 dni roboczych.<\/li>\n<\/ol>\n<h2>\u00a0Przechowywanie i \u015bwie\u017co\u015b\u0107: jak utrzyma\u0107 Diplomat Hash w idealnym stanie?<\/h2>\n<p>Aby zoptymalizowa\u0107 <b>100% Jako\u015b\u0107<\/b> i zachowa\u0107 wyj\u0105tkowy smak w d\u0142u\u017cszej perspektywie, kluczowe znaczenie ma prawid\u0142owe przechowywanie.<\/p>\n<h3>Optymalne warunki<\/h3>\n<ul>\n<li><b>Temperatura:<\/b> Idealne s\u0105 niskie temperatury, pomi\u0119dzy <b>16\u00b0C i 20\u00b0C<\/b>. Unika\u0107 ekstremalnych upa\u0142\u00f3w.<\/li>\n<li><b>Wilgotno\u015b\u0107:<\/b> Wilgotno\u015b\u0107 wzgl\u0119dna wynosz\u0105ca <b>55-62%<\/b> jest idealny do zapobiegania odwodnieniu lub rozwojowi ple\u015bni.<\/li>\n<li><b>Pojemnik:<\/b> Zastosowanie do <b>hermetyczne przechowywanie<\/b> najlepiej szklany lub metalowy pojemnik ze szczeln\u0105 pokrywk\u0105.<\/li>\n<li><b>Ochrona przed \u015bwiat\u0142em:<\/b> Chroni\u0107 produkt przed <b>bezpo\u015brednie \u015bwiat\u0142o s\u0142oneczne<\/b>, poniewa\u017c \u015bwiat\u0142o UV obni\u017ca jako\u015b\u0107 i spektrum dzia\u0142ania.<\/li>\n<\/ul>\n<h3>Trwa\u0142o\u015b\u0107<\/h3>\n<p>Przy prawid\u0142owym przechowywaniu, Diplomat Hash ma warto\u015b\u0107 <b>Minimalny okres trwa\u0142o\u015bci 6-12 miesi\u0119cy<\/b> i zachowuje swoj\u0105 \u015bwie\u017co\u015b\u0107 i moc przez ca\u0142y ten okres.<\/p>\n<h2>Dlaczego warto u nas zamawia\u0107: Nasza obietnica jako\u015bci<\/h2>\n<p>Jeste\u015bmy niezawodnym partnerem w zakresie zakupu wysokiej jako\u015bci haszyszu. Nasz sukces opiera si\u0119 na trzech filarach:<\/p>\n<ol start=\"1\">\n<li><b>Najwy\u017csze standardy jako\u015bci:<\/b> Gwarantujemy <b>100% Jako\u015b\u0107<\/b> i oferuj\u0105 tylko <b>Oryginalne produkty<\/b> kt\u00f3re s\u0105 produkowane w najsurowszych warunkach. <b>Markowa jako\u015b\u0107 dost\u0119pna tylko tutaj!<\/b><\/li>\n<li><b>Dyskrecja gwarantowana:<\/b> Od <b>anonimowe zam\u00f3wienie<\/b> do <b>Dyskretna dostawa<\/b> Towary - Twoja prywatno\u015b\u0107 jest naszym priorytetem. <b>Zam\u00f3w 100% bezpiecznie - anonimowo.<\/b><\/li>\n<li><b>Obs\u0142uga klienta i do\u015bwiadczenie:<\/b> Dzi\u0119ki wieloletniemu do\u015bwiadczeniu w wysy\u0142kach do regionu DACH zapewniamy sprawne przetwarzanie i <b>zadowoleni klienci<\/b>.<\/li>\n<\/ol>\n<h2>Wniosek: Odkryj ekskluzywno\u015b\u0107<\/h2>\n<p>Diplomat Hash oferuje wyj\u0105tkowe doznania smakowe po\u0142\u0105czone ze zr\u00f3wnowa\u017conym, d\u0142ugotrwa\u0142ym efektem. Jest idealny dla ka\u017cdego, kto szuka czego\u015b wyj\u0105tkowego i ceni sobie najwy\u017csze standardy.<\/p>\n<p><b>Zam\u00f3w Diplomat Hash online ju\u017c teraz i przekonaj si\u0119 sam!<\/b> Skorzystaj z okazji, aby <b>Oryginalny produkt<\/b> do <b>najlepsza cena<\/b> do <b>Kupuj bezpo\u015brednio<\/b>.<\/p>","protected":false},"excerpt":{"rendered":"<p>Kup Diplomat Hash online: Ekskluzywna odmiana haszyszu o wyj\u0105tkowej jako\u015bci i zr\u00f3wnowa\u017conym profilu smakowym. Idealna dla koneser\u00f3w, kt\u00f3rzy ceni\u0105 sobie maksymaln\u0105 czysto\u015b\u0107 i intensywny smak. Dyskretna i bezpieczna.<\/p>","protected":false},"featured_media":7273,"comment_status":"open","ping_status":"closed","template":"","meta":{"_joinchat":[]},"product_brand":[],"product_cat":[61],"product_tag":[2964,3047,3049,2965,3051,3054,3052,3050,3043,3053],"class_list":{"0":"post-7230","1":"product","2":"type-product","3":"status-publish","4":"has-post-thumbnail","6":"product_cat-hashish","7":"product_tag-ausgewogene-wirkung","8":"product_tag-cannabis","9":"product_tag-diplomat-hash","10":"product_tag-entspannend","11":"product_tag-exklusiv","12":"product_tag-genuss","13":"product_tag-hochwertig","14":"product_tag-premium-haschisch","15":"product_tag-traditionell","16":"product_tag-wuerzig","18":"first","19":"instock","20":"shipping-taxable","21":"purchasable","22":"product-type-variable"},"yoast_head":"<!-- This site is optimized with the Yoast SEO plugin v27.5 - https:\/\/yoast.com\/product\/yoast-seo-wordpress\/ -->\n<title>Diplomat Hash Online Kaufen | Premium Qualit\u00e4t | Diskret &amp; Sicher<\/title>\n<meta name=\"description\" content=\"Diplomat Hash online kaufen - Exklusive Haschischsorte mit diplomatischer Qualit\u00e4t. Diskret verpackt, schneller Versand. Jetzt Premium-Hasch entdecken!\" \/>\n<meta name=\"robots\" content=\"index, follow, max-snippet:-1, max-image-preview:large, max-video-preview:-1\" \/>\n<link rel=\"canonical\" href=\"https:\/\/chemgramx.com\/pl\/produkt-1\/diplomat-hash-zamowienie-online\/\" \/>\n<meta property=\"og:locale\" content=\"pl_PL\" \/>\n<meta property=\"og:type\" content=\"article\" \/>\n<meta property=\"og:title\" content=\"Diplomat Hash Online Kaufen | Premium Qualit\u00e4t | Diskret &amp; Sicher\" \/>\n<meta property=\"og:description\" content=\"Diplomat Hash online kaufen - Exklusive Haschischsorte mit diplomatischer Qualit\u00e4t. Diskret verpackt, schneller Versand. Jetzt Premium-Hasch entdecken!\" \/>\n<meta property=\"og:url\" content=\"https:\/\/chemgramx.com\/pl\/produkt-1\/diplomat-hash-zamowienie-online\/\" \/>\n<meta property=\"og:site_name\" content=\"Chemgramx\" \/>\n<meta property=\"article:modified_time\" content=\"2025-11-21T11:15:09+00:00\" \/>\n<meta property=\"og:image\" content=\"https:\/\/chemgramx.com\/wp-content\/uploads\/2025\/11\/diplomat-hash-online.jpg\" \/>\n\t<meta property=\"og:image:width\" content=\"1000\" \/>\n\t<meta property=\"og:image:height\" content=\"1000\" \/>\n\t<meta property=\"og:image:type\" content=\"image\/jpeg\" \/>\n<meta name=\"twitter:card\" content=\"summary_large_image\" \/>\n<meta name=\"twitter:label1\" content=\"Szacowany czas czytania\" \/>\n\t<meta name=\"twitter:data1\" content=\"5 minut\" \/>\n<script type=\"application\/ld+json\" class=\"yoast-schema-graph\">{\"@context\":\"https:\\\/\\\/schema.org\",\"@graph\":[{\"@type\":\"WebPage\",\"@id\":\"https:\\\/\\\/chemgramx.com\\\/product\\\/diplomat-hash-online-bestellung\\\/\",\"url\":\"https:\\\/\\\/chemgramx.com\\\/product\\\/diplomat-hash-online-bestellung\\\/\",\"name\":\"Diplomat Hash Online Kaufen | Premium Qualit\u00e4t | Diskret &amp; Sicher\",\"isPartOf\":{\"@id\":\"https:\\\/\\\/chemgramx.com\\\/#website\"},\"primaryImageOfPage\":{\"@id\":\"https:\\\/\\\/chemgramx.com\\\/product\\\/diplomat-hash-online-bestellung\\\/#primaryimage\"},\"image\":{\"@id\":\"https:\\\/\\\/chemgramx.com\\\/product\\\/diplomat-hash-online-bestellung\\\/#primaryimage\"},\"thumbnailUrl\":\"https:\\\/\\\/chemgramx.com\\\/wp-content\\\/uploads\\\/2025\\\/11\\\/diplomat-hash-online.jpg\",\"datePublished\":\"2025-11-21T11:13:38+00:00\",\"dateModified\":\"2025-11-21T11:15:09+00:00\",\"description\":\"Diplomat Hash online kaufen - Exklusive Haschischsorte mit diplomatischer Qualit\u00e4t. Diskret verpackt, schneller Versand. Jetzt Premium-Hasch entdecken!\",\"breadcrumb\":{\"@id\":\"https:\\\/\\\/chemgramx.com\\\/product\\\/diplomat-hash-online-bestellung\\\/#breadcrumb\"},\"inLanguage\":\"pl-PL\",\"potentialAction\":[{\"@type\":\"ReadAction\",\"target\":[\"https:\\\/\\\/chemgramx.com\\\/product\\\/diplomat-hash-online-bestellung\\\/\"]}]},{\"@type\":\"ImageObject\",\"inLanguage\":\"pl-PL\",\"@id\":\"https:\\\/\\\/chemgramx.com\\\/product\\\/diplomat-hash-online-bestellung\\\/#primaryimage\",\"url\":\"https:\\\/\\\/chemgramx.com\\\/wp-content\\\/uploads\\\/2025\\\/11\\\/diplomat-hash-online.jpg\",\"contentUrl\":\"https:\\\/\\\/chemgramx.com\\\/wp-content\\\/uploads\\\/2025\\\/11\\\/diplomat-hash-online.jpg\",\"width\":1000,\"height\":1000},{\"@type\":\"BreadcrumbList\",\"@id\":\"https:\\\/\\\/chemgramx.com\\\/product\\\/diplomat-hash-online-bestellung\\\/#breadcrumb\",\"itemListElement\":[{\"@type\":\"ListItem\",\"position\":1,\"name\":\"Home\",\"item\":\"https:\\\/\\\/chemgramx.com\\\/\"},{\"@type\":\"ListItem\",\"position\":2,\"name\":\"Shop\",\"item\":\"https:\\\/\\\/chemgramx.com\\\/shop\\\/\"},{\"@type\":\"ListItem\",\"position\":3,\"name\":\"Diplomat Hash Online Bestellung\"}]},{\"@type\":\"WebSite\",\"@id\":\"https:\\\/\\\/chemgramx.com\\\/#website\",\"url\":\"https:\\\/\\\/chemgramx.com\\\/\",\"name\":\"Chemgramx\",\"description\":\"\",\"publisher\":{\"@id\":\"https:\\\/\\\/chemgramx.com\\\/#organization\"},\"potentialAction\":[{\"@type\":\"SearchAction\",\"target\":{\"@type\":\"EntryPoint\",\"urlTemplate\":\"https:\\\/\\\/chemgramx.com\\\/?s={search_term_string}\"},\"query-input\":{\"@type\":\"PropertyValueSpecification\",\"valueRequired\":true,\"valueName\":\"search_term_string\"}}],\"inLanguage\":\"pl-PL\"},{\"@type\":\"Organization\",\"@id\":\"https:\\\/\\\/chemgramx.com\\\/#organization\",\"name\":\"Chemgramx\",\"url\":\"https:\\\/\\\/chemgramx.com\\\/\",\"logo\":{\"@type\":\"ImageObject\",\"inLanguage\":\"pl-PL\",\"@id\":\"https:\\\/\\\/chemgramx.com\\\/#\\\/schema\\\/logo\\\/image\\\/\",\"url\":\"https:\\\/\\\/chemgramx.com\\\/wp-content\\\/uploads\\\/2024\\\/10\\\/final-logo.png\",\"contentUrl\":\"https:\\\/\\\/chemgramx.com\\\/wp-content\\\/uploads\\\/2024\\\/10\\\/final-logo.png\",\"width\":250,\"height\":48,\"caption\":\"Chemgramx\"},\"image\":{\"@id\":\"https:\\\/\\\/chemgramx.com\\\/#\\\/schema\\\/logo\\\/image\\\/\"}}]}<\/script>\n<!-- \/ Yoast SEO plugin. -->","yoast_head_json":{"title":"Kup Diplomat Hash Online | Najwy\u017csza jako\u015b\u0107 | Dyskretny i bezpieczny","description":"Kup Diplomat Hash online - Ekskluzywna odmiana haszyszu o dyplomatycznej jako\u015bci. Dyskretne opakowanie, szybka wysy\u0142ka. Odkryj haszysz premium ju\u017c teraz!","robots":{"index":"index","follow":"follow","max-snippet":"max-snippet:-1","max-image-preview":"max-image-preview:large","max-video-preview":"max-video-preview:-1"},"canonical":"https:\/\/chemgramx.com\/pl\/produkt-1\/diplomat-hash-zamowienie-online\/","og_locale":"pl_PL","og_type":"article","og_title":"Diplomat Hash Online Kaufen | Premium Qualit\u00e4t | Diskret &amp; Sicher","og_description":"Diplomat Hash online kaufen - Exklusive Haschischsorte mit diplomatischer Qualit\u00e4t. Diskret verpackt, schneller Versand. Jetzt Premium-Hasch entdecken!","og_url":"https:\/\/chemgramx.com\/pl\/produkt-1\/diplomat-hash-zamowienie-online\/","og_site_name":"Chemgramx","article_modified_time":"2025-11-21T11:15:09+00:00","og_image":[{"width":1000,"height":1000,"url":"https:\/\/chemgramx.com\/wp-content\/uploads\/2025\/11\/diplomat-hash-online.jpg","type":"image\/jpeg"}],"twitter_card":"summary_large_image","twitter_misc":{"Szacowany czas czytania":"5 minut"},"schema":{"@context":"https:\/\/schema.org","@graph":[{"@type":"WebPage","@id":"https:\/\/chemgramx.com\/product\/diplomat-hash-online-bestellung\/","url":"https:\/\/chemgramx.com\/product\/diplomat-hash-online-bestellung\/","name":"Kup Diplomat Hash Online | Najwy\u017csza jako\u015b\u0107 | Dyskretny i bezpieczny","isPartOf":{"@id":"https:\/\/chemgramx.com\/#website"},"primaryImageOfPage":{"@id":"https:\/\/chemgramx.com\/product\/diplomat-hash-online-bestellung\/#primaryimage"},"image":{"@id":"https:\/\/chemgramx.com\/product\/diplomat-hash-online-bestellung\/#primaryimage"},"thumbnailUrl":"https:\/\/chemgramx.com\/wp-content\/uploads\/2025\/11\/diplomat-hash-online.jpg","datePublished":"2025-11-21T11:13:38+00:00","dateModified":"2025-11-21T11:15:09+00:00","description":"Kup Diplomat Hash online - Ekskluzywna odmiana haszyszu o dyplomatycznej jako\u015bci. Dyskretne opakowanie, szybka wysy\u0142ka. Odkryj haszysz premium ju\u017c teraz!","breadcrumb":{"@id":"https:\/\/chemgramx.com\/product\/diplomat-hash-online-bestellung\/#breadcrumb"},"inLanguage":"pl-PL","potentialAction":[{"@type":"ReadAction","target":["https:\/\/chemgramx.com\/product\/diplomat-hash-online-bestellung\/"]}]},{"@type":"ImageObject","inLanguage":"pl-PL","@id":"https:\/\/chemgramx.com\/product\/diplomat-hash-online-bestellung\/#primaryimage","url":"https:\/\/chemgramx.com\/wp-content\/uploads\/2025\/11\/diplomat-hash-online.jpg","contentUrl":"https:\/\/chemgramx.com\/wp-content\/uploads\/2025\/11\/diplomat-hash-online.jpg","width":1000,"height":1000},{"@type":"BreadcrumbList","@id":"https:\/\/chemgramx.com\/product\/diplomat-hash-online-bestellung\/#breadcrumb","itemListElement":[{"@type":"ListItem","position":1,"name":"Home","item":"https:\/\/chemgramx.com\/"},{"@type":"ListItem","position":2,"name":"Shop","item":"https:\/\/chemgramx.com\/shop\/"},{"@type":"ListItem","position":3,"name":"Diplomat Hash Online Bestellung"}]},{"@type":"WebSite","@id":"https:\/\/chemgramx.com\/#website","url":"https:\/\/chemgramx.com\/","name":"Chemgramx","description":"","publisher":{"@id":"https:\/\/chemgramx.com\/#organization"},"potentialAction":[{"@type":"SearchAction","target":{"@type":"EntryPoint","urlTemplate":"https:\/\/chemgramx.com\/?s={search_term_string}"},"query-input":{"@type":"PropertyValueSpecification","valueRequired":true,"valueName":"search_term_string"}}],"inLanguage":"pl-PL"},{"@type":"Organization","@id":"https:\/\/chemgramx.com\/#organization","name":"Chemgramx","url":"https:\/\/chemgramx.com\/","logo":{"@type":"ImageObject","inLanguage":"pl-PL","@id":"https:\/\/chemgramx.com\/#\/schema\/logo\/image\/","url":"https:\/\/chemgramx.com\/wp-content\/uploads\/2024\/10\/final-logo.png","contentUrl":"https:\/\/chemgramx.com\/wp-content\/uploads\/2024\/10\/final-logo.png","width":250,"height":48,"caption":"Chemgramx"},"image":{"@id":"https:\/\/chemgramx.com\/#\/schema\/logo\/image\/"}}]}},"_links":{"self":[{"href":"https:\/\/chemgramx.com\/pl\/wp-json\/wp\/v2\/product\/7230","targetHints":{"allow":["GET"]}}],"collection":[{"href":"https:\/\/chemgramx.com\/pl\/wp-json\/wp\/v2\/product"}],"about":[{"href":"https:\/\/chemgramx.com\/pl\/wp-json\/wp\/v2\/types\/product"}],"replies":[{"embeddable":true,"href":"https:\/\/chemgramx.com\/pl\/wp-json\/wp\/v2\/comments?post=7230"}],"wp:featuredmedia":[{"embeddable":true,"href":"https:\/\/chemgramx.com\/pl\/wp-json\/wp\/v2\/media\/7273"}],"wp:attachment":[{"href":"https:\/\/chemgramx.com\/pl\/wp-json\/wp\/v2\/media?parent=7230"}],"wp:term":[{"taxonomy":"product_brand","embeddable":true,"href":"https:\/\/chemgramx.com\/pl\/wp-json\/wp\/v2\/product_brand?post=7230"},{"taxonomy":"product_cat","embeddable":true,"href":"https:\/\/chemgramx.com\/pl\/wp-json\/wp\/v2\/product_cat?post=7230"},{"taxonomy":"product_tag","embeddable":true,"href":"https:\/\/chemgramx.com\/pl\/wp-json\/wp\/v2\/product_tag?post=7230"}],"curies":[{"name":"wp","href":"https:\/\/api.w.org\/{rel}","templated":true}]}}