{"id":7231,"date":"2025-11-21T11:13:38","date_gmt":"2025-11-21T11:13:38","guid":{"rendered":"https:\/\/chemgramx.com\/?post_type=product&#038;p=7231"},"modified":"2025-11-21T11:15:09","modified_gmt":"2025-11-21T11:15:09","slug":"kupic-bezclowy-haszysz","status":"publish","type":"product","link":"https:\/\/chemgramx.com\/pl\/product\/duty-free-hash-kaufen\/","title":{"rendered":"Kup bezc\u0142owy haszysz"},"content":{"rendered":"<p data-start=\"598\" data-end=\"1012\"><strong data-start=\"598\" data-end=\"616\">Duty Free Hash<\/strong> oznacza wysokiej jako\u015bci rzemios\u0142o, najlepsze smaki i bezkompromisow\u0105 czysto\u015b\u0107. Ka\u017cda partia jest produkowana w \u015bci\u015ble kontrolowanych warunkach, a nast\u0119pnie testowana laboratoryjnie, aby zagwarantowa\u0107 sta\u0142\u0105 jako\u015b\u0107. Rezultatem jest produkt, kt\u00f3ry zachwyca zar\u00f3wno koneser\u00f3w, jak i pocz\u0105tkuj\u0105cych - haszysz, kt\u00f3ry doskonale \u0142\u0105czy autentyczno\u015b\u0107, tradycj\u0119 i nowoczesne standardy.<\/p>\n<p data-start=\"1014\" data-end=\"1398\">Ten wysokiej jako\u015bci haszysz zachwyca g\u0119st\u0105, aromatyczn\u0105 struktur\u0105, g\u0142adk\u0105 konsystencj\u0105 i przyjemnym, ziemistym zapachem. Oferuje harmonijne, d\u0142ugotrwa\u0142e doznania, kt\u00f3re s\u0105 zar\u00f3wno relaksuj\u0105ce, jak i odpr\u0119\u017caj\u0105ce. Kto <strong data-start=\"1254\" data-end=\"1286\">Kup Duty Free Hash online<\/strong> Produkt charakteryzuje si\u0119 przejrzysto\u015bci\u0105, zweryfikowanym pochodzeniem i absolutn\u0105 legalno\u015bci\u0105.<\/p>\n<h2 data-start=\"1405\" data-end=\"1460\">Najwy\u017csza jako\u015b\u0107 i certyfikowana produkcja<\/h2>\n<p data-start=\"1462\" data-end=\"1852\">Duty Free Hash jest produkowany zgodnie z farmaceutycznymi standardami laboratoryjnymi. Ka\u017cda partia jest testowana pod k\u0105tem czysto\u015bci, bezpiecze\u0144stwa mikrobiologicznego i zawarto\u015bci sk\u0142adnik\u00f3w aktywnych, zanim trafi do sprzeda\u017cy. Takie zapewnienie jako\u015bci gwarantuje, \u017ce konsumenci otrzymuj\u0105 produkt wolny od szkodliwych substancji, pozosta\u0142o\u015bci rozpuszczalnik\u00f3w czy syntetycznych dodatk\u00f3w.<\/p>\n<p data-start=\"1854\" data-end=\"2235\">Haszysz jest wytwarzany z naturalnych surowc\u00f3w, a nast\u0119pnie t\u0142oczony na zimno w celu zachowania pe\u0142nego profilu smakowego. Ten delikatny proces zapewnia zachowanie terpen\u00f3w i kannabinoid\u00f3w w ich naturalnym sk\u0142adzie. Rezultatem jest \u0142agodny smak, <a href=\"\/product\/cocaine-powder-online-kaufen\/\">elastyczny<\/a> Haszysz o klasycznym, pikantnym aromacie i r\u00f3wnomiernie tl\u0105cej si\u0119 strukturze spalania.<\/p>\n<h2 data-start=\"2242\" data-end=\"2288\">W\u0142a\u015bciwo\u015bci i profil sensoryczny<\/h2>\n<p data-start=\"2290\" data-end=\"2628\">Duty Free Hash charakteryzuje si\u0119 kolorem od ciemnobr\u0105zowego do prawie czarnego oraz elastyczn\u0105, ale zwart\u0105 konsystencj\u0105. Po zmieleniu uzyskuje intensywny, lekko ziemisty smak z ciep\u0142ymi, \u017cywicznymi nutami. Te w\u0142a\u015bciwo\u015bci sensoryczne sprawiaj\u0105, \u017ce jest on wyj\u0105tkowo przyjemny w smaku i oferuje wszechstronne doznania podczas palenia.<\/p>\n<p data-start=\"2630\" data-end=\"2984\">Efekt ten jest cz\u0119sto opisywany jako <strong data-start=\"2658\" data-end=\"2688\">Zr\u00f3wnowa\u017cony i koj\u0105cy<\/strong> relaksuj\u0105cy, ale nie m\u0119cz\u0105cy. Tworzy spokojny, skoncentrowany nastr\u00f3j, kt\u00f3ry nadaje si\u0119 zar\u00f3wno na wiecz\u00f3r, jak i na towarzyskie chwile. Ze wzgl\u0119du na d\u0142ugotrwa\u0142e dzia\u0142anie, produkt jest bardzo ekonomiczny i zapewnia sp\u00f3jne wra\u017cenia przy ka\u017cdym u\u017cyciu.<\/p>\n<h2 data-start=\"2991\" data-end=\"3040\">Bezpiecze\u0144stwo i przejrzysto\u015b\u0107 przetestowane laboratoryjnie<\/h2>\n<p data-start=\"3042\" data-end=\"3345\">Kluczow\u0105 cech\u0105 Duty Free Hash jest pe\u0142na identyfikowalno\u015b\u0107. Ka\u017cdy produkt jest oznaczony etykiet\u0105 <strong data-start=\"3153\" data-end=\"3178\">Certyfikat laboratoryjny (COA)<\/strong> co potwierdza czysto\u015b\u0107 i sk\u0142ad. Ta przejrzysto\u015b\u0107 wzbudza zaufanie i pokazuje, \u017ce producent przestrzega najwy\u017cszych standard\u00f3w jako\u015bci.<\/p>\n<p data-start=\"3347\" data-end=\"3378\">Analizy laboratoryjne testuj\u0105 pod k\u0105tem:<\/p>\n<ul data-start=\"3379\" data-end=\"3532\">\n<li data-start=\"3379\" data-end=\"3422\">\n<p data-start=\"3381\" data-end=\"3422\">Zawarto\u015b\u0107 THC, CBD i profil terpenowy<\/p>\n<\/li>\n<li data-start=\"3423\" data-end=\"3476\">\n<p data-start=\"3425\" data-end=\"3476\">Pozosta\u0142o\u015bci rozpuszczalnik\u00f3w lub metali ci\u0119\u017ckich<\/p>\n<\/li>\n<li data-start=\"3477\" data-end=\"3532\">\n<p data-start=\"3479\" data-end=\"3532\">Czysto\u015b\u0107 mikrobiologiczna i zawarto\u015b\u0107 wilgoci<\/p>\n<\/li>\n<\/ul>\n<p data-start=\"3534\" data-end=\"3655\">Konsumenci mog\u0105 by\u0107 zatem pewni, \u017ce otrzymuj\u0105 <strong data-start=\"3582\" data-end=\"3643\">Czysty, legalny i nieszkodliwy produkt<\/strong> otrzymane.<\/p>\n<h2 data-start=\"3662\" data-end=\"3699\">Zastosowanie i wszechstronno\u015b\u0107<\/h2>\n<p data-start=\"3701\" data-end=\"3942\">Duty Free Hash nadaje si\u0119 do r\u00f3\u017cnych metod konsumpcji i jest \u0142atwy w obr\u00f3bce. Jego \u015brednio mocna struktura pozwala na \u0142atwe kruszenie materia\u0142u lub stosowanie go w po\u0142\u0105czeniu z tytoniem lub mieszankami zio\u0142owymi.<\/p>\n<p data-start=\"3944\" data-end=\"3976\"><strong data-start=\"3944\" data-end=\"3974\">Popularne formy aplikacji:<\/strong><\/p>\n<ul data-start=\"3977\" data-end=\"4196\">\n<li data-start=\"3977\" data-end=\"4055\">\n<p data-start=\"3979\" data-end=\"4055\"><strong data-start=\"3979\" data-end=\"4002\">Stawy lub st\u0119pienia:<\/strong> Klasyczny i aromatyczny z r\u00f3wnomiernym spalaniem<\/p>\n<\/li>\n<li data-start=\"4056\" data-end=\"4123\">\n<p data-start=\"4058\" data-end=\"4123\"><strong data-start=\"4058\" data-end=\"4079\">Fajka lub bong:<\/strong> Intensywny smak z delikatnym rysunkiem<\/p>\n<\/li>\n<li data-start=\"4124\" data-end=\"4196\">\n<p data-start=\"4126\" data-end=\"4196\"><strong data-start=\"4126\" data-end=\"4140\">Waporyzator:<\/strong> Idealny do delikatnej waporyzacji o czystym smaku<\/p>\n<\/li>\n<\/ul>\n<p data-start=\"4198\" data-end=\"4332\">Dzi\u0119ki r\u00f3wnomiernej strukturze wypalania nie ma grudek ani pozosta\u0142o\u015bci, co gwarantuje czyste i przyjemne doznania.<\/p>\n<h2 data-start=\"4339\" data-end=\"4372\">Przechowywanie i okres trwa\u0142o\u015bci<\/h2>\n<p data-start=\"4374\" data-end=\"4709\">Aby zachowa\u0107 smak i jako\u015b\u0107 przez d\u0142ugi czas, Duty Free Hash powinien by\u0107 przechowywany w optymalnych warunkach. Suche, chronione przed \u015bwiat\u0142em miejsce o sta\u0142ej temperaturze pokojowej pomi\u0119dzy <strong data-start=\"4585\" data-end=\"4601\">18 i 22 \u00b0C<\/strong>. Produkt powinien zawsze <strong data-start=\"4628\" data-end=\"4654\">hermetycznie zamkni\u0119ty<\/strong> aby unikn\u0105\u0107 utleniania i utraty smaku.<\/p>\n<p data-start=\"4711\" data-end=\"4942\">W tych warunkach pozostaje <strong data-start=\"4746\" data-end=\"4772\">co najmniej 6-12 miesi\u0119cy<\/strong> zachowuje swoj\u0105 konsystencj\u0119 i charakterystyczny smak. Do d\u0142ugotrwa\u0142ego przechowywania zaleca si\u0119 ma\u0142y szklany pojemnik z silikonow\u0105 lub korkow\u0105 uszczelk\u0105.<\/p>\n<h2 data-start=\"4949\" data-end=\"4978\">Cz\u0119sto zadawane pytania (FAQ)<\/h2>\n<p data-start=\"4980\" data-end=\"5169\"><strong data-start=\"4980\" data-end=\"5023\">Co oznacza \u201ebezc\u0142owy\u201c dla haszyszu?<\/strong><br data-start=\"5023\" data-end=\"5026\" \/>Termin ten opisuje kontrolowany, bezc\u0142owy proces produkcji premium, w kt\u00f3rym czysto\u015b\u0107, konsystencja i jako\u015b\u0107 s\u0105 w pe\u0142ni sprawdzane.<\/p>\n<p data-start=\"5171\" data-end=\"5305\"><strong data-start=\"5171\" data-end=\"5222\">Do jakich rodzaj\u00f3w konsumpcji przeznaczony jest produkt?<\/strong><br data-start=\"5222\" data-end=\"5225\" \/>Haszysz jest uniwersalny - idealny do joint\u00f3w, fajek lub waporyzator\u00f3w.<\/p>\n<p data-start=\"5307\" data-end=\"5406\"><strong data-start=\"5307\" data-end=\"5331\">Jaki jest efekt?<\/strong><br data-start=\"5331\" data-end=\"5334\" \/>Zr\u00f3wnowa\u017cony, relaksuj\u0105cy i czysty, bez przeci\u0105\u017cenia i efekt\u00f3w ubocznych.<\/p>\n<p data-start=\"5408\" data-end=\"5599\"><strong data-start=\"5408\" data-end=\"5440\">Czy mog\u0119 zam\u00f3wi\u0107 go legalnie?<\/strong><br data-start=\"5440\" data-end=\"5443\" \/>Tak, <strong data-start=\"5447\" data-end=\"5479\">Kup Duty Free Hash online<\/strong> jest ca\u0142kowicie legalny, dyskretny i dost\u0119pny bez recepty - wysy\u0142ka jest anonimowa w Niemczech, Austrii i Szwajcarii.<\/p>\n<h2 data-start=\"5606\" data-end=\"5637\">Zamawianie i wysy\u0142ka<\/h2>\n<p data-start=\"5639\" data-end=\"5898\">Proces zamawiania jest prosty i bezpieczny. Klienci mog\u0105 wybiera\u0107 pomi\u0119dzy <strong data-start=\"5705\" data-end=\"5732\">1 g, 3 g, 5 g lub 10 g<\/strong> Wybierz przedmiot, dodaj go do koszyka i zap\u0142a\u0107 wygodnie online. Wszystkie transakcje s\u0105 przeprowadzane za po\u015brednictwem <strong data-start=\"5837\" data-end=\"5868\">Szyfrowane metody p\u0142atno\u015bci<\/strong> w celu ochrony danych klient\u00f3w.<\/p>\n<p data-start=\"5900\" data-end=\"6202\">Po zakupie produkt jest <strong data-start=\"5931\" data-end=\"5972\">neutralnie zapakowane i wysy\u0142ane anonimowo<\/strong>, zazwyczaj w ci\u0105gu <strong data-start=\"6001\" data-end=\"6022\">1 do 3 dni roboczych<\/strong>. A <strong data-start=\"6028\" data-end=\"6046\">Wysy\u0142ka ekspresowa<\/strong> w ci\u0105gu 24 godzin jest r\u00f3wnie\u017c dost\u0119pna. Wysy\u0142ka do <strong data-start=\"6118\" data-end=\"6157\">Szwajcaria, Niemcy i Austria<\/strong> odbywa si\u0119 bez \u017cadnych problem\u00f3w ze \u015bledzeniem przesy\u0142ki.<\/p>\n<h3>Dlaczego klienci nam ufaj\u0105<\/h3>\n<p data-start=\"6246\" data-end=\"6440\">Nasza marka od lat jest synonimem jako\u015bci, dyskrecji i zadowolenia klient\u00f3w. Liczni stali klienci potwierdzaj\u0105 niezmiennie wysok\u0105 jako\u015b\u0107 produkt\u00f3w, szybk\u0105 dostaw\u0119 i uczciwe ceny.<\/p>\n<p data-start=\"6442\" data-end=\"6475\">Konsumenci szczeg\u00f3lnie doceniaj\u0105:<\/p>\n<ul data-start=\"6476\" data-end=\"6662\">\n<li data-start=\"6476\" data-end=\"6525\">\n<p data-start=\"6478\" data-end=\"6525\">Przejrzyste certyfikaty produkcyjne i laboratoryjne<\/p>\n<\/li>\n<li data-start=\"6526\" data-end=\"6565\">\n<p data-start=\"6528\" data-end=\"6565\">Dyskretne, anonimowe przetwarzanie wysy\u0142ek<\/p>\n<\/li>\n<li data-start=\"6566\" data-end=\"6617\">\n<p data-start=\"6568\" data-end=\"6617\">Szybka dostawa i nieskomplikowana p\u0142atno\u015b\u0107<\/p>\n<\/li>\n<li data-start=\"6618\" data-end=\"6662\">\n<p data-start=\"6620\" data-end=\"6662\">Uczciwe ceny i oferty specjalne<\/p>\n<\/li>\n<\/ul>\n<p data-start=\"6664\" data-end=\"6790\">Te warto\u015bci sprawi\u0142y, \u017ce jeste\u015bmy jednym z najbardziej godnych zaufania dostawc\u00f3w legalnych produkt\u00f3w haszyszowych w niemieckoj\u0119zycznym \u015bwiecie.<\/p>\n<h3 data-start=\"6797\" data-end=\"6858\">Wnioski<\/h3>\n<p data-start=\"6860\" data-end=\"7123\"><strong data-start=\"6860\" data-end=\"6878\">Duty Free Hash<\/strong> \u0142\u0105czy w sobie najwy\u017csze standardy jako\u015bci z tradycyjnym smakiem i nowoczesnym bezpiecze\u0144stwem laboratoryjnym. Oferuje niezafa\u0142szowany smak, \u0142agodne dzia\u0142anie i absolutn\u0105 czysto\u015b\u0107 - idealny dla ka\u017cdego, kto ceni autentyczno\u015b\u0107 i sprawdzon\u0105 jako\u015b\u0107.<\/p>\n<p data-start=\"7125\" data-end=\"7284\">Z <strong data-start=\"7129\" data-end=\"7150\">Dyskretna wysy\u0142ka<\/strong>, <strong data-start=\"7152\" data-end=\"7175\">Szybka dostawa<\/strong> oraz <strong data-start=\"7180\" data-end=\"7198\">uczciwe ceny<\/strong> Jest to idealny wyb\u00f3r dla konsument\u00f3w poszukuj\u0105cych legalnych i bezpiecznych alternatyw.<\/p>\n<p data-start=\"7286\" data-end=\"7384\"><strong data-start=\"7286\" data-end=\"7382\">Kup Duty Free Hash online teraz - legalnie, anonimowo i bezpo\u015brednio od certyfikowanego producenta.<\/strong><\/p>\n<p data-start=\"7386\" data-end=\"7555\">Do\u015bwiadcz prawdziwej przyjemno\u015bci premium, autentycznego smaku i bezpiecznych zakup\u00f3w - dostawa do Niemiec, Austrii i Szwajcarii mo\u017cliwa w ka\u017cdej chwili.<\/p>","protected":false},"excerpt":{"rendered":"<p>Kup bezc\u0142owy haszysz: Wysokiej jako\u015bci haszysz z bezc\u0142owej produkcji o sta\u0142ej jako\u015bci. Idealny do wszystkich metod konsumpcji. Dyskretnie zapakowany i szybko dostarczony.<\/p>","protected":false},"featured_media":7274,"comment_status":"open","ping_status":"closed","template":"","meta":{"_joinchat":[]},"product_brand":[],"product_cat":[61],"product_tag":[2964,3046,3047,3042,3036,3044,3045,3048,3043,2897],"class_list":{"0":"post-7231","1":"product","2":"type-product","3":"status-publish","4":"has-post-thumbnail","6":"product_cat-hashish","7":"product_tag-ausgewogene-wirkung","8":"product_tag-bong","9":"product_tag-cannabis","10":"product_tag-duty-free-hash","11":"product_tag-haschisch","12":"product_tag-joint","13":"product_tag-pfeife","14":"product_tag-raucherlebnis","15":"product_tag-traditionell","16":"product_tag-vaporizer","18":"first","19":"instock","20":"shipping-taxable","21":"purchasable","22":"product-type-variable"},"yoast_head":"<!-- This site is optimized with the Yoast SEO plugin v27.5 - https:\/\/yoast.com\/product\/yoast-seo-wordpress\/ -->\n<title>Duty Free Hash Kaufen | Premium Qualit\u00e4t | Zollfrei &amp; Diskret<\/title>\n<meta name=\"description\" content=\"Duty Free Hash kaufen - Hochwertiges Haschisch aus zollfreier Produktion. Diskret &amp; sicher geliefert. Beste Qualit\u00e4t zum fairen Preis. Jetzt entdecken!\" \/>\n<meta name=\"robots\" content=\"index, follow, max-snippet:-1, max-image-preview:large, max-video-preview:-1\" \/>\n<link rel=\"canonical\" href=\"https:\/\/chemgramx.com\/pl\/produkt-1\/kupic-bezclowy-haszysz\/\" \/>\n<meta property=\"og:locale\" content=\"pl_PL\" \/>\n<meta property=\"og:type\" content=\"article\" \/>\n<meta property=\"og:title\" content=\"Duty Free Hash Kaufen | Premium Qualit\u00e4t | Zollfrei &amp; Diskret\" \/>\n<meta property=\"og:description\" content=\"Duty Free Hash kaufen - Hochwertiges Haschisch aus zollfreier Produktion. Diskret &amp; sicher geliefert. Beste Qualit\u00e4t zum fairen Preis. Jetzt entdecken!\" \/>\n<meta property=\"og:url\" content=\"https:\/\/chemgramx.com\/pl\/produkt-1\/kupic-bezclowy-haszysz\/\" \/>\n<meta property=\"og:site_name\" content=\"Chemgramx\" \/>\n<meta property=\"article:modified_time\" content=\"2025-11-21T11:15:09+00:00\" \/>\n<meta property=\"og:image\" content=\"https:\/\/chemgramx.com\/wp-content\/uploads\/2025\/11\/duty-free-hash.jpg\" \/>\n\t<meta property=\"og:image:width\" content=\"1000\" \/>\n\t<meta property=\"og:image:height\" content=\"1000\" \/>\n\t<meta property=\"og:image:type\" content=\"image\/jpeg\" \/>\n<meta name=\"twitter:card\" content=\"summary_large_image\" \/>\n<meta name=\"twitter:label1\" content=\"Szacowany czas czytania\" \/>\n\t<meta name=\"twitter:data1\" content=\"4 minuty\" \/>\n<script type=\"application\/ld+json\" class=\"yoast-schema-graph\">{\"@context\":\"https:\\\/\\\/schema.org\",\"@graph\":[{\"@type\":\"WebPage\",\"@id\":\"https:\\\/\\\/chemgramx.com\\\/product\\\/duty-free-hash-kaufen\\\/\",\"url\":\"https:\\\/\\\/chemgramx.com\\\/product\\\/duty-free-hash-kaufen\\\/\",\"name\":\"Duty Free Hash Kaufen | Premium Qualit\u00e4t | Zollfrei &amp; Diskret\",\"isPartOf\":{\"@id\":\"https:\\\/\\\/chemgramx.com\\\/#website\"},\"primaryImageOfPage\":{\"@id\":\"https:\\\/\\\/chemgramx.com\\\/product\\\/duty-free-hash-kaufen\\\/#primaryimage\"},\"image\":{\"@id\":\"https:\\\/\\\/chemgramx.com\\\/product\\\/duty-free-hash-kaufen\\\/#primaryimage\"},\"thumbnailUrl\":\"https:\\\/\\\/chemgramx.com\\\/wp-content\\\/uploads\\\/2025\\\/11\\\/duty-free-hash.jpg\",\"datePublished\":\"2025-11-21T11:13:38+00:00\",\"dateModified\":\"2025-11-21T11:15:09+00:00\",\"description\":\"Duty Free Hash kaufen - Hochwertiges Haschisch aus zollfreier Produktion. Diskret &amp; sicher geliefert. Beste Qualit\u00e4t zum fairen Preis. Jetzt entdecken!\",\"breadcrumb\":{\"@id\":\"https:\\\/\\\/chemgramx.com\\\/product\\\/duty-free-hash-kaufen\\\/#breadcrumb\"},\"inLanguage\":\"pl-PL\",\"potentialAction\":[{\"@type\":\"ReadAction\",\"target\":[\"https:\\\/\\\/chemgramx.com\\\/product\\\/duty-free-hash-kaufen\\\/\"]}]},{\"@type\":\"ImageObject\",\"inLanguage\":\"pl-PL\",\"@id\":\"https:\\\/\\\/chemgramx.com\\\/product\\\/duty-free-hash-kaufen\\\/#primaryimage\",\"url\":\"https:\\\/\\\/chemgramx.com\\\/wp-content\\\/uploads\\\/2025\\\/11\\\/duty-free-hash.jpg\",\"contentUrl\":\"https:\\\/\\\/chemgramx.com\\\/wp-content\\\/uploads\\\/2025\\\/11\\\/duty-free-hash.jpg\",\"width\":1000,\"height\":1000},{\"@type\":\"BreadcrumbList\",\"@id\":\"https:\\\/\\\/chemgramx.com\\\/product\\\/duty-free-hash-kaufen\\\/#breadcrumb\",\"itemListElement\":[{\"@type\":\"ListItem\",\"position\":1,\"name\":\"Home\",\"item\":\"https:\\\/\\\/chemgramx.com\\\/\"},{\"@type\":\"ListItem\",\"position\":2,\"name\":\"Shop\",\"item\":\"https:\\\/\\\/chemgramx.com\\\/shop\\\/\"},{\"@type\":\"ListItem\",\"position\":3,\"name\":\"Duty Free Hash Kaufen\"}]},{\"@type\":\"WebSite\",\"@id\":\"https:\\\/\\\/chemgramx.com\\\/#website\",\"url\":\"https:\\\/\\\/chemgramx.com\\\/\",\"name\":\"Chemgramx\",\"description\":\"\",\"publisher\":{\"@id\":\"https:\\\/\\\/chemgramx.com\\\/#organization\"},\"potentialAction\":[{\"@type\":\"SearchAction\",\"target\":{\"@type\":\"EntryPoint\",\"urlTemplate\":\"https:\\\/\\\/chemgramx.com\\\/?s={search_term_string}\"},\"query-input\":{\"@type\":\"PropertyValueSpecification\",\"valueRequired\":true,\"valueName\":\"search_term_string\"}}],\"inLanguage\":\"pl-PL\"},{\"@type\":\"Organization\",\"@id\":\"https:\\\/\\\/chemgramx.com\\\/#organization\",\"name\":\"Chemgramx\",\"url\":\"https:\\\/\\\/chemgramx.com\\\/\",\"logo\":{\"@type\":\"ImageObject\",\"inLanguage\":\"pl-PL\",\"@id\":\"https:\\\/\\\/chemgramx.com\\\/#\\\/schema\\\/logo\\\/image\\\/\",\"url\":\"https:\\\/\\\/chemgramx.com\\\/wp-content\\\/uploads\\\/2024\\\/10\\\/final-logo.png\",\"contentUrl\":\"https:\\\/\\\/chemgramx.com\\\/wp-content\\\/uploads\\\/2024\\\/10\\\/final-logo.png\",\"width\":250,\"height\":48,\"caption\":\"Chemgramx\"},\"image\":{\"@id\":\"https:\\\/\\\/chemgramx.com\\\/#\\\/schema\\\/logo\\\/image\\\/\"}}]}<\/script>\n<!-- \/ Yoast SEO plugin. -->","yoast_head_json":{"title":"Kup Duty Free Hash | Najwy\u017csza jako\u015b\u0107 | Bezc\u0142owy i dyskretny","description":"Kup Duty Free Hash - Wysokiej jako\u015bci haszysz z bezc\u0142owej produkcji. Dyskretna i bezpieczna dostawa. Najlepsza jako\u015b\u0107 w uczciwej cenie. Odkryj teraz!","robots":{"index":"index","follow":"follow","max-snippet":"max-snippet:-1","max-image-preview":"max-image-preview:large","max-video-preview":"max-video-preview:-1"},"canonical":"https:\/\/chemgramx.com\/pl\/produkt-1\/kupic-bezclowy-haszysz\/","og_locale":"pl_PL","og_type":"article","og_title":"Duty Free Hash Kaufen | Premium Qualit\u00e4t | Zollfrei &amp; Diskret","og_description":"Duty Free Hash kaufen - Hochwertiges Haschisch aus zollfreier Produktion. Diskret &amp; sicher geliefert. Beste Qualit\u00e4t zum fairen Preis. Jetzt entdecken!","og_url":"https:\/\/chemgramx.com\/pl\/produkt-1\/kupic-bezclowy-haszysz\/","og_site_name":"Chemgramx","article_modified_time":"2025-11-21T11:15:09+00:00","og_image":[{"width":1000,"height":1000,"url":"https:\/\/chemgramx.com\/wp-content\/uploads\/2025\/11\/duty-free-hash.jpg","type":"image\/jpeg"}],"twitter_card":"summary_large_image","twitter_misc":{"Szacowany czas czytania":"4 minuty"},"schema":{"@context":"https:\/\/schema.org","@graph":[{"@type":"WebPage","@id":"https:\/\/chemgramx.com\/product\/duty-free-hash-kaufen\/","url":"https:\/\/chemgramx.com\/product\/duty-free-hash-kaufen\/","name":"Kup Duty Free Hash | Najwy\u017csza jako\u015b\u0107 | Bezc\u0142owy i dyskretny","isPartOf":{"@id":"https:\/\/chemgramx.com\/#website"},"primaryImageOfPage":{"@id":"https:\/\/chemgramx.com\/product\/duty-free-hash-kaufen\/#primaryimage"},"image":{"@id":"https:\/\/chemgramx.com\/product\/duty-free-hash-kaufen\/#primaryimage"},"thumbnailUrl":"https:\/\/chemgramx.com\/wp-content\/uploads\/2025\/11\/duty-free-hash.jpg","datePublished":"2025-11-21T11:13:38+00:00","dateModified":"2025-11-21T11:15:09+00:00","description":"Kup Duty Free Hash - Wysokiej jako\u015bci haszysz z bezc\u0142owej produkcji. Dyskretna i bezpieczna dostawa. Najlepsza jako\u015b\u0107 w uczciwej cenie. Odkryj teraz!","breadcrumb":{"@id":"https:\/\/chemgramx.com\/product\/duty-free-hash-kaufen\/#breadcrumb"},"inLanguage":"pl-PL","potentialAction":[{"@type":"ReadAction","target":["https:\/\/chemgramx.com\/product\/duty-free-hash-kaufen\/"]}]},{"@type":"ImageObject","inLanguage":"pl-PL","@id":"https:\/\/chemgramx.com\/product\/duty-free-hash-kaufen\/#primaryimage","url":"https:\/\/chemgramx.com\/wp-content\/uploads\/2025\/11\/duty-free-hash.jpg","contentUrl":"https:\/\/chemgramx.com\/wp-content\/uploads\/2025\/11\/duty-free-hash.jpg","width":1000,"height":1000},{"@type":"BreadcrumbList","@id":"https:\/\/chemgramx.com\/product\/duty-free-hash-kaufen\/#breadcrumb","itemListElement":[{"@type":"ListItem","position":1,"name":"Home","item":"https:\/\/chemgramx.com\/"},{"@type":"ListItem","position":2,"name":"Shop","item":"https:\/\/chemgramx.com\/shop\/"},{"@type":"ListItem","position":3,"name":"Duty Free Hash Kaufen"}]},{"@type":"WebSite","@id":"https:\/\/chemgramx.com\/#website","url":"https:\/\/chemgramx.com\/","name":"Chemgramx","description":"","publisher":{"@id":"https:\/\/chemgramx.com\/#organization"},"potentialAction":[{"@type":"SearchAction","target":{"@type":"EntryPoint","urlTemplate":"https:\/\/chemgramx.com\/?s={search_term_string}"},"query-input":{"@type":"PropertyValueSpecification","valueRequired":true,"valueName":"search_term_string"}}],"inLanguage":"pl-PL"},{"@type":"Organization","@id":"https:\/\/chemgramx.com\/#organization","name":"Chemgramx","url":"https:\/\/chemgramx.com\/","logo":{"@type":"ImageObject","inLanguage":"pl-PL","@id":"https:\/\/chemgramx.com\/#\/schema\/logo\/image\/","url":"https:\/\/chemgramx.com\/wp-content\/uploads\/2024\/10\/final-logo.png","contentUrl":"https:\/\/chemgramx.com\/wp-content\/uploads\/2024\/10\/final-logo.png","width":250,"height":48,"caption":"Chemgramx"},"image":{"@id":"https:\/\/chemgramx.com\/#\/schema\/logo\/image\/"}}]}},"_links":{"self":[{"href":"https:\/\/chemgramx.com\/pl\/wp-json\/wp\/v2\/product\/7231","targetHints":{"allow":["GET"]}}],"collection":[{"href":"https:\/\/chemgramx.com\/pl\/wp-json\/wp\/v2\/product"}],"about":[{"href":"https:\/\/chemgramx.com\/pl\/wp-json\/wp\/v2\/types\/product"}],"replies":[{"embeddable":true,"href":"https:\/\/chemgramx.com\/pl\/wp-json\/wp\/v2\/comments?post=7231"}],"wp:featuredmedia":[{"embeddable":true,"href":"https:\/\/chemgramx.com\/pl\/wp-json\/wp\/v2\/media\/7274"}],"wp:attachment":[{"href":"https:\/\/chemgramx.com\/pl\/wp-json\/wp\/v2\/media?parent=7231"}],"wp:term":[{"taxonomy":"product_brand","embeddable":true,"href":"https:\/\/chemgramx.com\/pl\/wp-json\/wp\/v2\/product_brand?post=7231"},{"taxonomy":"product_cat","embeddable":true,"href":"https:\/\/chemgramx.com\/pl\/wp-json\/wp\/v2\/product_cat?post=7231"},{"taxonomy":"product_tag","embeddable":true,"href":"https:\/\/chemgramx.com\/pl\/wp-json\/wp\/v2\/product_tag?post=7231"}],"curies":[{"name":"wp","href":"https:\/\/api.w.org\/{rel}","templated":true}]}}