{"id":7232,"date":"2025-11-21T11:13:38","date_gmt":"2025-11-21T11:13:38","guid":{"rendered":"https:\/\/chemgramx.com\/?post_type=product&#038;p=7232"},"modified":"2025-11-30T17:59:58","modified_gmt":"2025-11-30T17:59:58","slug":"kupic-dragon-full-melt-hash","status":"publish","type":"product","link":"https:\/\/chemgramx.com\/pl\/product\/dragon-full-melt-hash-kaufen\/","title":{"rendered":"Kup Dragon Full Melt Hash"},"content":{"rendered":"<p data-start=\"90\" data-end=\"499\"><strong data-start=\"90\" data-end=\"115\">Dragon Full Melt Hash<\/strong> oznacza bezkompromisow\u0105 jako\u015b\u0107, intensywny efekt i niezr\u00f3wnany smak. Ta wysokiej jako\u015bci odmiana haszyszu jest produkowana w \u015bci\u015ble kontrolowanych warunkach, aby zapewni\u0107 maksymaln\u0105 czysto\u015b\u0107 i konsystencj\u0119. Jego cech\u0105 charakterystyczn\u0105 jest pe\u0142ne stopienie - rozpuszcza si\u0119 ca\u0142kowicie po podgrzaniu, nie pozostawiaj\u0105c \u017cadnych pozosta\u0142o\u015bci.<\/p>\n<p data-start=\"501\" data-end=\"897\">Ten produkt jest skierowany do do\u015bwiadczonych konsument\u00f3w, kt\u00f3rzy ceni\u0105 sobie czyste, autentyczne wra\u017cenia. <strong data-start=\"612\" data-end=\"637\">Dragon Full Melt Hash<\/strong> jest idealny do dab rig\u00f3w, waporyzator\u00f3w lub klasycznego u\u017cycia w joincie lub fajce. Doskona\u0142a jako\u015b\u0107 wykonania, sprawdzona czysto\u015b\u0107 i dyskretna dostawa sprawiaj\u0105, \u017ce jest to idealny wyb\u00f3r dla ka\u017cdego, kto ceni sobie jako\u015b\u0107 i niezawodno\u015b\u0107.<\/p>\n<h2 data-start=\"904\" data-end=\"946\">Czym charakteryzuje si\u0119 Dragon Full Melt Hash<\/h2>\n<p data-start=\"948\" data-end=\"1272\"><strong data-start=\"948\" data-end=\"973\">Dragon Full Melt Hash<\/strong> to jedna z najwy\u017cszej jako\u015bci odmian haszyszu na rynku. Dzi\u0119ki skomplikowanemu procesowi ekstrakcji wszystkie cenne kannabinoidy i terpeny s\u0105 w pe\u0142ni zachowane. Rezultatem jest produkt o mi\u0119kkiej, plastycznej konsystencji, z\u0142ocistym do bursztynowego kolorze i z\u0142o\u017conym, pikantnym, ziemistym aromacie.<\/p>\n<p data-start=\"1274\" data-end=\"1585\">Okre\u015blenie \u201eFull Melt\u201c oznacza, \u017ce haszysz ten topi si\u0119 ca\u0142kowicie w kontakcie z ciep\u0142em, nie pozostawiaj\u0105c popio\u0142u ani pozosta\u0142o\u015bci - jest to wyra\u017any znak najwy\u017cszej czysto\u015bci i najlepszego przetwarzania. Ka\u017cda partia jest testowana laboratoryjnie, aby zagwarantowa\u0107 jako\u015b\u0107, bezpiecze\u0144stwo i bezpiecze\u0144stwo. <a href=\"\/product\/kolumbianisches-kokain-96-rein\/\">Sk\u0142ad<\/a> aby potwierdzi\u0107.<\/p>\n<h2 data-start=\"1592\" data-end=\"1614\">Cechy jako\u015bciowe<\/h2>\n<ul data-start=\"1616\" data-end=\"1930\">\n<li data-start=\"1616\" data-end=\"1711\">\n<p data-start=\"1618\" data-end=\"1711\"><strong data-start=\"1618\" data-end=\"1631\">Czysto\u015b\u0107:<\/strong> 100 Czysta \u017cywica %, wolna od pozosta\u0142o\u015bci ro\u015blinnych lub rozpuszczalnik\u00f3w<\/p>\n<\/li>\n<li data-start=\"1712\" data-end=\"1769\">\n<p data-start=\"1714\" data-end=\"1769\"><strong data-start=\"1714\" data-end=\"1729\">Sp\u00f3jno\u015b\u0107:<\/strong> Mi\u0119kka, elastyczna i \u0142atwa do formowania<\/p>\n<\/li>\n<li data-start=\"1770\" data-end=\"1810\">\n<p data-start=\"1772\" data-end=\"1810\"><strong data-start=\"1772\" data-end=\"1782\">Kolor:<\/strong> Kolor od z\u0142otego do bursztynowego<\/p>\n<\/li>\n<li data-start=\"1811\" data-end=\"1858\">\n<p data-start=\"1813\" data-end=\"1858\"><strong data-start=\"1813\" data-end=\"1823\">Smak:<\/strong> Z\u0142o\u017cony, pikantny i ziemisty profil<\/p>\n<\/li>\n<li data-start=\"1859\" data-end=\"1930\">\n<p data-start=\"1861\" data-end=\"1930\"><strong data-start=\"1861\" data-end=\"1886\">Certyfikat bada\u0144 laboratoryjnych:<\/strong> Ka\u017cda partia jest sprawdzana i dokumentowana<\/p>\n<\/li>\n<\/ul>\n<p data-start=\"1932\" data-end=\"2098\">Te cechy sprawiaj\u0105, \u017ce <strong data-start=\"1954\" data-end=\"1979\">Dragon Full Melt Hash<\/strong> sta\u0142 si\u0119 jednym z najbardziej poszukiwanych produkt\u00f3w premium dla wymagaj\u0105cych konsument\u00f3w w Niemczech, Szwajcarii i Austrii.<\/p>\n<h2 data-start=\"2105\" data-end=\"2120\">Profil efektu<\/h2>\n<p data-start=\"2122\" data-end=\"2323\">The <strong data-start=\"2126\" data-end=\"2146\">Spektrum dzia\u0142ania<\/strong> Dragon Full Melt Hash jest zr\u00f3wnowa\u017cony i przyjemny. \u0141\u0105czy fizyczny relaks z wyra\u017anym skupieniem umys\u0142u, nie powoduj\u0105c nadmiernego zm\u0119czenia.<\/p>\n<ul data-start=\"2325\" data-end=\"2478\">\n<li data-start=\"2325\" data-end=\"2371\">\n<p data-start=\"2327\" data-end=\"2371\"><strong data-start=\"2327\" data-end=\"2348\">Pocz\u0105tek dzia\u0142ania:<\/strong> Natychmiast po podgrzaniu<\/p>\n<\/li>\n<li data-start=\"2372\" data-end=\"2421\">\n<p data-start=\"2374\" data-end=\"2421\"><strong data-start=\"2374\" data-end=\"2388\">Czas dzia\u0142ania:<\/strong> 2-4 godziny, w zale\u017cno\u015bci od dawki<\/p>\n<\/li>\n<li data-start=\"2422\" data-end=\"2478\">\n<p data-start=\"2424\" data-end=\"2478\"><strong data-start=\"2424\" data-end=\"2439\">Zawarto\u015b\u0107 THC:<\/strong> Wysoka, r\u00f3\u017cni si\u0119 nieznacznie w zale\u017cno\u015bci od partii<\/p>\n<\/li>\n<\/ul>\n<p data-start=\"2480\" data-end=\"2624\">Ta r\u00f3wnowaga zapewnia d\u0142ugotrwa\u0142e, harmonijne do\u015bwiadczenie, kt\u00f3re jest odpowiednie zar\u00f3wno do relaksu, jak i kreatywnych dzia\u0142a\u0144.<\/p>\n<h2 data-start=\"2631\" data-end=\"2654\">Metody aplikacji<\/h2>\n<p data-start=\"2656\" data-end=\"2869\"><strong data-start=\"2656\" data-end=\"2681\">Dragon Full Melt Hash<\/strong> jest wszechstronny i oferuje elastyczno\u015b\u0107 w zastosowaniu. Mo\u017ce by\u0107 stosowany w nowoczesnych konfiguracjach dabbingu lub w tradycyjnych metodach, w zale\u017cno\u015bci od osobistych preferencji.<\/p>\n<h3 data-start=\"2871\" data-end=\"2889\">Dla zestaw\u00f3w Dab<\/h3>\n<p data-start=\"2890\" data-end=\"3068\">Idealny w niskich temperaturach, aby rozwin\u0105\u0107 pe\u0142ny profil smakowy. Temperatura topnienia gwarantuje czyst\u0105 waporyzacj\u0119 bez pozosta\u0142o\u015bci po spalaniu.<\/p>\n<h3 data-start=\"3070\" data-end=\"3089\">Dla waporyzator\u00f3w<\/h3>\n<p data-start=\"3090\" data-end=\"3244\">Nadaje si\u0119 do urz\u0105dze\u0144 z komorami na koncentraty. Haszysz odparowuje r\u00f3wnomiernie i umo\u017cliwia uzyskanie maksymalnej wydajno\u015bci sk\u0142adnik\u00f3w aktywnych przy delikatnej aplikacji.<\/p>\n<h3 data-start=\"3246\" data-end=\"3275\">Dla klasycznych metod<\/h3>\n<p data-start=\"3276\" data-end=\"3453\">Idealny r\u00f3wnie\u017c do tradycyjnego u\u017cytku: czysty w jointach, fajkach lub bongach. Mo\u017ce by\u0107 r\u00f3wnie\u017c stosowany jako polewa do kwiat\u00f3w lub w produktach spo\u017cywczych.<\/p>\n<h2 data-start=\"3460\" data-end=\"3489\">Przechowywanie i okres trwa\u0142o\u015bci<\/h2>\n<p data-start=\"3491\" data-end=\"3609\">W celu zachowania jako\u015bci i smaku w d\u0142u\u017cszej perspektywie czasowej <strong data-start=\"3545\" data-end=\"3570\">Dragon Full Melt Hash<\/strong> musz\u0105 by\u0107 zawsze odpowiednio przechowywane.<\/p>\n<ul data-start=\"3611\" data-end=\"3856\">\n<li data-start=\"3611\" data-end=\"3670\">\n<p data-start=\"3613\" data-end=\"3670\"><strong data-start=\"3613\" data-end=\"3626\">Pojemnik:<\/strong> Szczelne szklane pojemniki lub silikonowe s\u0142oiki<\/p>\n<\/li>\n<li data-start=\"3671\" data-end=\"3724\">\n<p data-start=\"3673\" data-end=\"3724\"><strong data-start=\"3673\" data-end=\"3688\">Temperatura:<\/strong> Przechowywa\u0107 w ch\u0142odnym i ciemnym miejscu (10-20 \u00b0C).<\/p>\n<\/li>\n<li data-start=\"3725\" data-end=\"3797\">\n<p data-start=\"3727\" data-end=\"3797\"><strong data-start=\"3727\" data-end=\"3744\">Wilgotno\u015b\u0107:<\/strong> Przechowywa\u0107 w suchym miejscu, unika\u0107 kontaktu z wilgoci\u0105<\/p>\n<\/li>\n<li data-start=\"3798\" data-end=\"3856\">\n<p data-start=\"3800\" data-end=\"3856\"><strong data-start=\"3800\" data-end=\"3816\">Trwa\u0142o\u015b\u0107:<\/strong> Kilka miesi\u0119cy przy prawid\u0142owym przechowywaniu<\/p>\n<\/li>\n<\/ul>\n<p data-start=\"3858\" data-end=\"3942\">\u015arodki te zapewniaj\u0105 zachowanie sp\u00f3jno\u015bci, zapachu i efektu.<\/p>\n<h2 data-start=\"3949\" data-end=\"3983\">Cz\u0119sto zadawane pytania (FAQ)<\/h2>\n<p data-start=\"3985\" data-end=\"4157\"><strong data-start=\"3985\" data-end=\"4014\">Co oznacza \u201epe\u0142ne stopienie\u201c?<\/strong><br data-start=\"4014\" data-end=\"4017\" \/>\u201eFull melt\u201c opisuje haszysz, kt\u00f3ry topi si\u0119 ca\u0142kowicie po podgrzaniu i nie pozostawia \u017cadnych pozosta\u0142o\u015bci - jest to oznaka najwy\u017cszej czysto\u015bci.<\/p>\n<p data-start=\"4159\" data-end=\"4270\"><strong data-start=\"4159\" data-end=\"4201\">Do jakich rodzaj\u00f3w konsumpcji jest odpowiedni?<\/strong><br data-start=\"4201\" data-end=\"4204\" \/>Idealny do dab rig\u00f3w, waporyzator\u00f3w, fajek lub klasycznych joint\u00f3w.<\/p>\n<p data-start=\"4272\" data-end=\"4424\"><strong data-start=\"4272\" data-end=\"4325\">Czym r\u00f3\u017cni si\u0119 od zwyk\u0142ego haszyszu?<\/strong><br data-start=\"4325\" data-end=\"4328\" \/>Ze wzgl\u0119du na ca\u0142kowite stopienie, brak pozosta\u0142o\u015bci i wyj\u0105tkow\u0105 czysto\u015b\u0107.<\/p>\n<p data-start=\"4426\" data-end=\"4543\"><strong data-start=\"4426\" data-end=\"4454\">Jak prawid\u0142owo dawkowa\u0107?<\/strong><br data-start=\"4454\" data-end=\"4457\" \/>Najlepiej zacz\u0105\u0107 od ma\u0142ych ilo\u015bci (mniej wi\u0119cej wielko\u015bci ziarenka ry\u017cu) i dostosowywa\u0107 je indywidualnie.<\/p>\n<p data-start=\"4545\" data-end=\"4660\"><strong data-start=\"4545\" data-end=\"4578\">Czy nadaje si\u0119 dla pocz\u0105tkuj\u0105cych?<\/strong><br data-start=\"4578\" data-end=\"4581\" \/>Ze wzgl\u0119du na wysok\u0105 moc zaleca si\u0119 ostro\u017cno\u015b\u0107 - zalecane dla do\u015bwiadczonych u\u017cytkownik\u00f3w.<\/p>\n<h2 data-start=\"4667\" data-end=\"4692\">Obietnica jako\u015bci<\/h2>\n<p data-start=\"4694\" data-end=\"4884\"><strong data-start=\"4694\" data-end=\"4719\">Dragon Full Melt Hash<\/strong> jest produkowana r\u0119cznie i regularnie poddawana rygorystycznym kontrolom jako\u015bci. Sprzedawane s\u0105 tylko wybrane partie o udokumentowanej czysto\u015bci.<\/p>\n<ul data-start=\"4886\" data-end=\"5026\">\n<li data-start=\"4886\" data-end=\"4916\">\n<p data-start=\"4888\" data-end=\"4916\">Produkcja r\u0119czna<\/p>\n<\/li>\n<li data-start=\"4917\" data-end=\"4946\">\n<p data-start=\"4919\" data-end=\"4946\">Regularne analizy laboratoryjne<\/p>\n<\/li>\n<li data-start=\"4947\" data-end=\"4978\">\n<p data-start=\"4949\" data-end=\"4978\">Sta\u0142a jako\u015b\u0107 partii<\/p>\n<\/li>\n<li data-start=\"4979\" data-end=\"5026\">\n<p data-start=\"4981\" data-end=\"5026\">Przejrzyste pochodzenie i sprawdzona czysto\u015b\u0107<\/p>\n<\/li>\n<\/ul>\n<p data-start=\"5028\" data-end=\"5136\">Te cechy jako\u015bciowe oznaczaj\u0105 oryginalny produkt, kt\u00f3ry jest dost\u0119pny tylko z certyfikowanych \u017ar\u00f3de\u0142.<\/p>\n<h2 data-start=\"5143\" data-end=\"5162\">Proces zamawiania<\/h2>\n<p data-start=\"5164\" data-end=\"5341\">Proces zakupu jest bezpieczny, legalny i ca\u0142kowicie anonimowy. Klienci z Niemiec, Austrii i Szwajcarii mog\u0105 wygodnie zamawia\u0107 online i korzysta\u0107 z ekspresowej dostawy.<\/p>\n<ol data-start=\"5343\" data-end=\"5648\">\n<li data-start=\"5343\" data-end=\"5392\">\n<p data-start=\"5346\" data-end=\"5392\"><strong data-start=\"5346\" data-end=\"5366\">Wybierz ilo\u015b\u0107:<\/strong>\u00a0 \u00a025 g, 50 g, 100 g, 250 g, 500 g lub 1000 g<\/p>\n<\/li>\n<li data-start=\"5393\" data-end=\"5453\">\n<p data-start=\"5396\" data-end=\"5453\"><strong data-start=\"5396\" data-end=\"5423\">Dodaj do koszyka:<\/strong> Dodaj \u017c\u0105dan\u0105 ilo\u015b\u0107<\/p>\n<\/li>\n<li data-start=\"5454\" data-end=\"5529\">\n<p data-start=\"5457\" data-end=\"5529\"><strong data-start=\"5457\" data-end=\"5477\">P\u0142a\u0107 bezpiecznie:<\/strong> Szyfrowana p\u0142atno\u015b\u0107 - mo\u017cliwa r\u00f3wnie\u017c za pomoc\u0105 Bitcoina<\/p>\n<\/li>\n<li data-start=\"5530\" data-end=\"5598\">\n<p data-start=\"5533\" data-end=\"5598\"><strong data-start=\"5533\" data-end=\"5555\">Dyskretna wysy\u0142ka:<\/strong> Neutralne opakowanie w ci\u0105gu 1-3 dni<\/p>\n<\/li>\n<li data-start=\"5599\" data-end=\"5648\">\n<p data-start=\"5602\" data-end=\"5648\"><strong data-start=\"5602\" data-end=\"5616\">Dostawa:<\/strong> Wysy\u0142ka ekspresowa dost\u0119pna 24 godziny na dob\u0119<\/p>\n<\/li>\n<\/ol>\n<p data-start=\"5650\" data-end=\"5770\">Wszystkie zam\u00f3wienia s\u0105 przetwarzane niezawodnie, pakowane dyskretnie i wysy\u0142ane bez rozpoznawalnych etykiet produkt\u00f3w.<\/p>\n<h2 data-start=\"5777\" data-end=\"5814\">Do\u015bwiadcz jako\u015bci premium<\/h2>\n<p data-start=\"5816\" data-end=\"6022\"><strong data-start=\"5816\" data-end=\"5841\">Dragon Full Melt Hash<\/strong> oferuje wyj\u0105tkowe doznania dla koneser\u00f3w i mi\u0142o\u015bnik\u00f3w najlepszych odmian haszyszu. Po\u0142\u0105czenie czysto\u015bci, smaku i efektu sprawia, \u017ce jest to produkt najwy\u017cszej klasy.<\/p>\n<p data-start=\"6024\" data-end=\"6199\">Zamawiaj bezpiecznie, legalnie i anonimowo ju\u017c teraz. Korzystaj ze sprawdzonej jako\u015bci marki, uczciwych cen i ekspresowej dostawy w <strong data-start=\"6153\" data-end=\"6196\">Niemcy, Austria i Szwajcaria<\/strong>.<\/p>\n<p data-start=\"6201\" data-end=\"6406\"><strong data-start=\"6201\" data-end=\"6287\">Kup Dragon Full Melt Hash - oryginalny produkt, dostarczany dyskretnie, jako\u015b\u0107 100 %.<\/strong><br data-start=\"6287\" data-end=\"6290\" \/>Zam\u00f3w online ju\u017c teraz i do\u015bwiadcz przyjemno\u015bci premium - bez recepty, z bezpieczn\u0105 p\u0142atno\u015bci\u0105 i gwarantowan\u0105 dyskrecj\u0105.<\/p>","protected":false},"excerpt":{"rendered":"<p>Kup Dragon Full Melt Hash: Wysokiej jako\u015bci haszysz Full Melt do dab rig\u00f3w i waporyzator\u00f3w. Wysoce skoncentrowany, aromatyczny i czysty 100%. Zam\u00f3w dyskretnie i bezpiecznie.<\/p>","protected":false},"featured_media":7275,"comment_status":"open","ping_status":"closed","template":"","meta":{"_joinchat":[]},"product_brand":[],"product_cat":[61],"product_tag":[3041,3039,3035,3037,3036,2899,3038,3040,2967,2897],"class_list":{"0":"post-7232","1":"product","2":"type-product","3":"status-publish","4":"has-post-thumbnail","6":"product_cat-hashish","7":"product_tag-cannabis-konzentrate","8":"product_tag-dab-rigs","9":"product_tag-dragon-full-melt-hash","10":"product_tag-full-melt","11":"product_tag-haschisch","12":"product_tag-hochpotent","13":"product_tag-konzentrate","14":"product_tag-premium-hasch","15":"product_tag-thc","16":"product_tag-vaporizer","18":"first","19":"instock","20":"shipping-taxable","21":"purchasable","22":"product-type-variable"},"yoast_head":"<!-- This site is optimized with the Yoast SEO plugin v27.5 - https:\/\/yoast.com\/product\/yoast-seo-wordpress\/ -->\n<title>Dragon Full Melt Hash Kaufen | Premium Qualit\u00e4t | 100% Rein<\/title>\n<meta name=\"description\" content=\"Dragon Full Melt Hash kaufen - Hochwertiges Haschisch mit exzellenter Schmelze. Perfekt f\u00fcr Dab-Rigs &amp; Vaporizer. Diskret &amp; frisch geliefert.\" \/>\n<meta name=\"robots\" content=\"index, follow, max-snippet:-1, max-image-preview:large, max-video-preview:-1\" \/>\n<link rel=\"canonical\" href=\"https:\/\/chemgramx.com\/pl\/produkt-1\/kupic-dragon-full-melt-hash\/\" \/>\n<meta property=\"og:locale\" content=\"pl_PL\" \/>\n<meta property=\"og:type\" content=\"article\" \/>\n<meta property=\"og:title\" content=\"Dragon Full Melt Hash Kaufen | Premium Qualit\u00e4t | 100% Rein\" \/>\n<meta property=\"og:description\" content=\"Dragon Full Melt Hash kaufen - Hochwertiges Haschisch mit exzellenter Schmelze. Perfekt f\u00fcr Dab-Rigs &amp; Vaporizer. Diskret &amp; frisch geliefert.\" \/>\n<meta property=\"og:url\" content=\"https:\/\/chemgramx.com\/pl\/produkt-1\/kupic-dragon-full-melt-hash\/\" \/>\n<meta property=\"og:site_name\" content=\"Chemgramx\" \/>\n<meta property=\"article:modified_time\" content=\"2025-11-30T17:59:58+00:00\" \/>\n<meta property=\"og:image\" content=\"https:\/\/chemgramx.com\/wp-content\/uploads\/2025\/11\/dragon-full-melt-hash-europe-nugs.jpg\" \/>\n\t<meta property=\"og:image:width\" content=\"1000\" \/>\n\t<meta property=\"og:image:height\" content=\"1000\" \/>\n\t<meta property=\"og:image:type\" content=\"image\/jpeg\" \/>\n<meta name=\"twitter:card\" content=\"summary_large_image\" \/>\n<meta name=\"twitter:label1\" content=\"Szacowany czas czytania\" \/>\n\t<meta name=\"twitter:data1\" content=\"4 minuty\" \/>\n<script type=\"application\/ld+json\" class=\"yoast-schema-graph\">{\"@context\":\"https:\\\/\\\/schema.org\",\"@graph\":[{\"@type\":\"WebPage\",\"@id\":\"https:\\\/\\\/chemgramx.com\\\/product\\\/dragon-full-melt-hash-kaufen\\\/\",\"url\":\"https:\\\/\\\/chemgramx.com\\\/product\\\/dragon-full-melt-hash-kaufen\\\/\",\"name\":\"Dragon Full Melt Hash Kaufen | Premium Qualit\u00e4t | 100% Rein\",\"isPartOf\":{\"@id\":\"https:\\\/\\\/chemgramx.com\\\/#website\"},\"primaryImageOfPage\":{\"@id\":\"https:\\\/\\\/chemgramx.com\\\/product\\\/dragon-full-melt-hash-kaufen\\\/#primaryimage\"},\"image\":{\"@id\":\"https:\\\/\\\/chemgramx.com\\\/product\\\/dragon-full-melt-hash-kaufen\\\/#primaryimage\"},\"thumbnailUrl\":\"https:\\\/\\\/chemgramx.com\\\/wp-content\\\/uploads\\\/2025\\\/11\\\/dragon-full-melt-hash-europe-nugs.jpg\",\"datePublished\":\"2025-11-21T11:13:38+00:00\",\"dateModified\":\"2025-11-30T17:59:58+00:00\",\"description\":\"Dragon Full Melt Hash kaufen - Hochwertiges Haschisch mit exzellenter Schmelze. Perfekt f\u00fcr Dab-Rigs & Vaporizer. Diskret & frisch geliefert.\",\"breadcrumb\":{\"@id\":\"https:\\\/\\\/chemgramx.com\\\/product\\\/dragon-full-melt-hash-kaufen\\\/#breadcrumb\"},\"inLanguage\":\"pl-PL\",\"potentialAction\":[{\"@type\":\"ReadAction\",\"target\":[\"https:\\\/\\\/chemgramx.com\\\/product\\\/dragon-full-melt-hash-kaufen\\\/\"]}]},{\"@type\":\"ImageObject\",\"inLanguage\":\"pl-PL\",\"@id\":\"https:\\\/\\\/chemgramx.com\\\/product\\\/dragon-full-melt-hash-kaufen\\\/#primaryimage\",\"url\":\"https:\\\/\\\/chemgramx.com\\\/wp-content\\\/uploads\\\/2025\\\/11\\\/dragon-full-melt-hash-europe-nugs.jpg\",\"contentUrl\":\"https:\\\/\\\/chemgramx.com\\\/wp-content\\\/uploads\\\/2025\\\/11\\\/dragon-full-melt-hash-europe-nugs.jpg\",\"width\":1000,\"height\":1000},{\"@type\":\"BreadcrumbList\",\"@id\":\"https:\\\/\\\/chemgramx.com\\\/product\\\/dragon-full-melt-hash-kaufen\\\/#breadcrumb\",\"itemListElement\":[{\"@type\":\"ListItem\",\"position\":1,\"name\":\"Home\",\"item\":\"https:\\\/\\\/chemgramx.com\\\/\"},{\"@type\":\"ListItem\",\"position\":2,\"name\":\"Shop\",\"item\":\"https:\\\/\\\/chemgramx.com\\\/shop\\\/\"},{\"@type\":\"ListItem\",\"position\":3,\"name\":\"Dragon Full Melt Hash Kaufen\"}]},{\"@type\":\"WebSite\",\"@id\":\"https:\\\/\\\/chemgramx.com\\\/#website\",\"url\":\"https:\\\/\\\/chemgramx.com\\\/\",\"name\":\"Chemgramx\",\"description\":\"\",\"publisher\":{\"@id\":\"https:\\\/\\\/chemgramx.com\\\/#organization\"},\"potentialAction\":[{\"@type\":\"SearchAction\",\"target\":{\"@type\":\"EntryPoint\",\"urlTemplate\":\"https:\\\/\\\/chemgramx.com\\\/?s={search_term_string}\"},\"query-input\":{\"@type\":\"PropertyValueSpecification\",\"valueRequired\":true,\"valueName\":\"search_term_string\"}}],\"inLanguage\":\"pl-PL\"},{\"@type\":\"Organization\",\"@id\":\"https:\\\/\\\/chemgramx.com\\\/#organization\",\"name\":\"Chemgramx\",\"url\":\"https:\\\/\\\/chemgramx.com\\\/\",\"logo\":{\"@type\":\"ImageObject\",\"inLanguage\":\"pl-PL\",\"@id\":\"https:\\\/\\\/chemgramx.com\\\/#\\\/schema\\\/logo\\\/image\\\/\",\"url\":\"https:\\\/\\\/chemgramx.com\\\/wp-content\\\/uploads\\\/2024\\\/10\\\/final-logo.png\",\"contentUrl\":\"https:\\\/\\\/chemgramx.com\\\/wp-content\\\/uploads\\\/2024\\\/10\\\/final-logo.png\",\"width\":250,\"height\":48,\"caption\":\"Chemgramx\"},\"image\":{\"@id\":\"https:\\\/\\\/chemgramx.com\\\/#\\\/schema\\\/logo\\\/image\\\/\"}}]}<\/script>\n<!-- \/ Yoast SEO plugin. -->","yoast_head_json":{"title":"Kup Dragon Full Melt Hash | Najwy\u017csza jako\u015b\u0107 | 100% czysto\u015bci","description":"Kup Dragon Full Melt Hash \u2013 Wysokiej jako\u015bci haszysz o doskona\u0142ej rozpuszczalno\u015bci. Idealny do dab\u00f3w i waporyzator\u00f3w. Dostarczany dyskretnie i \u015bwie\u017co.","robots":{"index":"index","follow":"follow","max-snippet":"max-snippet:-1","max-image-preview":"max-image-preview:large","max-video-preview":"max-video-preview:-1"},"canonical":"https:\/\/chemgramx.com\/pl\/produkt-1\/kupic-dragon-full-melt-hash\/","og_locale":"pl_PL","og_type":"article","og_title":"Dragon Full Melt Hash Kaufen | Premium Qualit\u00e4t | 100% Rein","og_description":"Dragon Full Melt Hash kaufen - Hochwertiges Haschisch mit exzellenter Schmelze. Perfekt f\u00fcr Dab-Rigs & Vaporizer. Diskret & frisch geliefert.","og_url":"https:\/\/chemgramx.com\/pl\/produkt-1\/kupic-dragon-full-melt-hash\/","og_site_name":"Chemgramx","article_modified_time":"2025-11-30T17:59:58+00:00","og_image":[{"width":1000,"height":1000,"url":"https:\/\/chemgramx.com\/wp-content\/uploads\/2025\/11\/dragon-full-melt-hash-europe-nugs.jpg","type":"image\/jpeg"}],"twitter_card":"summary_large_image","twitter_misc":{"Szacowany czas czytania":"4 minuty"},"schema":{"@context":"https:\/\/schema.org","@graph":[{"@type":"WebPage","@id":"https:\/\/chemgramx.com\/product\/dragon-full-melt-hash-kaufen\/","url":"https:\/\/chemgramx.com\/product\/dragon-full-melt-hash-kaufen\/","name":"Kup Dragon Full Melt Hash | Najwy\u017csza jako\u015b\u0107 | 100% czysto\u015bci","isPartOf":{"@id":"https:\/\/chemgramx.com\/#website"},"primaryImageOfPage":{"@id":"https:\/\/chemgramx.com\/product\/dragon-full-melt-hash-kaufen\/#primaryimage"},"image":{"@id":"https:\/\/chemgramx.com\/product\/dragon-full-melt-hash-kaufen\/#primaryimage"},"thumbnailUrl":"https:\/\/chemgramx.com\/wp-content\/uploads\/2025\/11\/dragon-full-melt-hash-europe-nugs.jpg","datePublished":"2025-11-21T11:13:38+00:00","dateModified":"2025-11-30T17:59:58+00:00","description":"Kup Dragon Full Melt Hash \u2013 Wysokiej jako\u015bci haszysz o doskona\u0142ej rozpuszczalno\u015bci. Idealny do dab\u00f3w i waporyzator\u00f3w. Dostarczany dyskretnie i \u015bwie\u017co.","breadcrumb":{"@id":"https:\/\/chemgramx.com\/product\/dragon-full-melt-hash-kaufen\/#breadcrumb"},"inLanguage":"pl-PL","potentialAction":[{"@type":"ReadAction","target":["https:\/\/chemgramx.com\/product\/dragon-full-melt-hash-kaufen\/"]}]},{"@type":"ImageObject","inLanguage":"pl-PL","@id":"https:\/\/chemgramx.com\/product\/dragon-full-melt-hash-kaufen\/#primaryimage","url":"https:\/\/chemgramx.com\/wp-content\/uploads\/2025\/11\/dragon-full-melt-hash-europe-nugs.jpg","contentUrl":"https:\/\/chemgramx.com\/wp-content\/uploads\/2025\/11\/dragon-full-melt-hash-europe-nugs.jpg","width":1000,"height":1000},{"@type":"BreadcrumbList","@id":"https:\/\/chemgramx.com\/product\/dragon-full-melt-hash-kaufen\/#breadcrumb","itemListElement":[{"@type":"ListItem","position":1,"name":"Home","item":"https:\/\/chemgramx.com\/"},{"@type":"ListItem","position":2,"name":"Shop","item":"https:\/\/chemgramx.com\/shop\/"},{"@type":"ListItem","position":3,"name":"Dragon Full Melt Hash Kaufen"}]},{"@type":"WebSite","@id":"https:\/\/chemgramx.com\/#website","url":"https:\/\/chemgramx.com\/","name":"Chemgramx","description":"","publisher":{"@id":"https:\/\/chemgramx.com\/#organization"},"potentialAction":[{"@type":"SearchAction","target":{"@type":"EntryPoint","urlTemplate":"https:\/\/chemgramx.com\/?s={search_term_string}"},"query-input":{"@type":"PropertyValueSpecification","valueRequired":true,"valueName":"search_term_string"}}],"inLanguage":"pl-PL"},{"@type":"Organization","@id":"https:\/\/chemgramx.com\/#organization","name":"Chemgramx","url":"https:\/\/chemgramx.com\/","logo":{"@type":"ImageObject","inLanguage":"pl-PL","@id":"https:\/\/chemgramx.com\/#\/schema\/logo\/image\/","url":"https:\/\/chemgramx.com\/wp-content\/uploads\/2024\/10\/final-logo.png","contentUrl":"https:\/\/chemgramx.com\/wp-content\/uploads\/2024\/10\/final-logo.png","width":250,"height":48,"caption":"Chemgramx"},"image":{"@id":"https:\/\/chemgramx.com\/#\/schema\/logo\/image\/"}}]}},"_links":{"self":[{"href":"https:\/\/chemgramx.com\/pl\/wp-json\/wp\/v2\/product\/7232","targetHints":{"allow":["GET"]}}],"collection":[{"href":"https:\/\/chemgramx.com\/pl\/wp-json\/wp\/v2\/product"}],"about":[{"href":"https:\/\/chemgramx.com\/pl\/wp-json\/wp\/v2\/types\/product"}],"replies":[{"embeddable":true,"href":"https:\/\/chemgramx.com\/pl\/wp-json\/wp\/v2\/comments?post=7232"}],"wp:featuredmedia":[{"embeddable":true,"href":"https:\/\/chemgramx.com\/pl\/wp-json\/wp\/v2\/media\/7275"}],"wp:attachment":[{"href":"https:\/\/chemgramx.com\/pl\/wp-json\/wp\/v2\/media?parent=7232"}],"wp:term":[{"taxonomy":"product_brand","embeddable":true,"href":"https:\/\/chemgramx.com\/pl\/wp-json\/wp\/v2\/product_brand?post=7232"},{"taxonomy":"product_cat","embeddable":true,"href":"https:\/\/chemgramx.com\/pl\/wp-json\/wp\/v2\/product_cat?post=7232"},{"taxonomy":"product_tag","embeddable":true,"href":"https:\/\/chemgramx.com\/pl\/wp-json\/wp\/v2\/product_tag?post=7232"}],"curies":[{"name":"wp","href":"https:\/\/api.w.org\/{rel}","templated":true}]}}