{"id":7329,"date":"2025-11-21T11:15:12","date_gmt":"2025-11-21T11:15:12","guid":{"rendered":"https:\/\/chemgramx.com\/?post_type=product&#038;p=7329"},"modified":"2025-11-21T11:17:03","modified_gmt":"2025-11-21T11:17:03","slug":"jednorazowe-vape-uwell-dp6000","status":"publish","type":"product","link":"https:\/\/chemgramx.com\/pl\/product\/uwell-dp6000-disposable-vape\/","title":{"rendered":"Vape jednorazowe Uwell DP6000"},"content":{"rendered":"<p>The <b>Vape jednorazowe Uwell DP6000<\/b> reprezentuje kategori\u0119 <b>Jednorazowe e-papierosy<\/b> lub <b>Vape jednorazowe<\/b>. <b>Te<\/b> Produkty s\u0105 przeznaczone do <b>wygodny i natychmiast gotowy do u\u017cycia<\/b> metoda inhalacji nikotyny i aromatyzowanych aerozoli. <b>W rzeczywisto\u015bci<\/b> Szybkie rozprzestrzenianie si\u0119 tych jednorazowych system\u00f3w <b>Uwaga regulacyjna i naukowa<\/b> Nacisk k\u0142adziony jest na sk\u0142ad chemiczny e-liquid\u00f3w i wp\u0142yw urz\u0105dze\u0144 jednorazowego u\u017cytku na \u015brodowisko. <b>Dlatego<\/b> Konieczna jest szczeg\u00f3\u0142owa analiza sk\u0142adnik\u00f3w, sk\u0142adu chemicznego aerozolu i odpowiednich przepis\u00f3w prawnych.<\/p>\n<h2><b>Chemiczne zasady powstawania aerozoli<\/b><\/h2>\n<p>E-papierosy, w tym modele jednorazowe, takie jak DP6000, nie wytwarzaj\u0105 dymu, lecz <b>Aerozol<\/b> poprzez podgrzanie e-cieczy. <b>To<\/b> P\u0142yn sk\u0142ada si\u0119 z kilku podstawowych sk\u0142adnik\u00f3w:<\/p>\n<h4><b>Substancje no\u015bne i ich stabilno\u015b\u0107 termiczna<\/b><\/h4>\n<ul>\n<li><b>Glikol propylenowy (PG):<\/b> <b>PG<\/b> s\u0142u\u017cy jako no\u015bnik i wzmacniacz smaku. <b>To<\/b> jest odpowiedzialny za \u201eThroat Hit\u201c.<\/li>\n<li><b>Gliceryna ro\u015blinna (VG):<\/b> <b>VG<\/b> jest przeznaczony g\u0142\u00f3wnie dla <b><a href=\"\/product\/5-meo-dmt-hydrochloride-kaufen\/\">Rozw\u00f3j opar\u00f3w<\/a> (ilo\u015b\u0107 aerozolu)<\/b> odpowiedzialny.<\/li>\n<li><b>Obci\u0105\u017cenie termiczne:<\/b> <b>Podczas ogrzewania<\/b> PG i VG mo\u017ce wyst\u0105pi\u0107 w niekorzystnych warunkach (przegrzanie lub \u201esuche spalanie\u201c). <b>Toksyczne zwi\u0105zki karbonylowe<\/b> s\u0105 tworzone. <b>W tym celu<\/b> liczy\u0107 <b>Formaldehyd, aldehyd octowy i akroleina<\/b>. <b>Dlatego<\/b> jest <b>Jako\u015b\u0107 element\u00f3w grzejnych<\/b> i <b>Kontrola temperatury<\/b> decyduj\u0105ce dla profili emisji.<\/li>\n<\/ul>\n<h4><b>Nikotyna i \u015brodki aromatyzuj\u0105ce<\/b><\/h4>\n<ul>\n<li><b>Nikotyna:<\/b> <b>Pod warunkiem, \u017ce<\/b> produkt zawiera nikotyn\u0119, jest to <b>silnie uzale\u017cniaj\u0105cy g\u0142\u00f3wny sk\u0142adnik aktywny<\/b>. <b>The<\/b> St\u0119\u017cenie nikotyny jest regulowane w UE przez <b>Dyrektywa w sprawie wyrob\u00f3w tytoniowych (TPD2)<\/b> do maksymalnie <b>20 mg\/ml<\/b> ograniczone.<\/li>\n<li><b>Aromaty:<\/b> <b>Te<\/b> nada\u0107 aerozolowi po\u017c\u0105dany smak (owocowy, s\u0142odki itp.). <b>Chocia\u017c<\/b> Wiele z tych substancji jest uwa\u017canych za bezpieczne dla <b>spo\u017cycie doustne<\/b> s\u0105 ich <b>D\u0142ugoterminowe skutki wdychania<\/b> w wysokich st\u0119\u017ceniach <b>nie zosta\u0142y jeszcze ostatecznie zbadane<\/b>. <b>Na przyk\u0142ad<\/b> diacetyl, \u015brodek aromatyzuj\u0105cy (aromat ma\u015blany), jest podejrzewany o powodowanie powa\u017cnych uszkodze\u0144 p\u0142uc.<\/li>\n<\/ul>\n<h2><b>Problemy zdrowotne i farmakologia<\/b><\/h2>\n<p>Wdychanie aerozoli z e-papieros\u00f3w wi\u0105\u017ce si\u0119 z okre\u015blonymi zagro\u017ceniami, kt\u00f3re r\u00f3\u017cni\u0105 si\u0119 od tych zwi\u0105zanych z dymem tytoniowym.<\/p>\n<ul>\n<li><b>Potencja\u0142 uzale\u017cniaj\u0105cy:<\/b> <b>The<\/b> Konsumpcja waporyzator\u00f3w zawieraj\u0105cych nikotyn\u0119 prowadzi do <b>Uzale\u017cnienie od nikotyny<\/b>. <b>To<\/b> jest wzmacniany przez szybkie wch\u0142anianie przez p\u0142uca i wynikaj\u0105ce z tego uwalnianie dopaminy w m\u00f3zgu.<\/li>\n<li><b>Emisja cz\u0105stek sta\u0142ych:<\/b> <b>The<\/b> Aerozol zawiera <b>ultradrobne cz\u0105stki<\/b>, kt\u00f3re mog\u0105 przenika\u0107 g\u0142\u0119boko do p\u0142uc. <b>Ty<\/b> puszka <b>Reakcje zapalne<\/b> i spowodowa\u0107 uszkodzenie p\u0119cherzyk\u00f3w p\u0142ucnych.<\/li>\n<li><b>Uraz p\u0142uc zwi\u0105zany z parownikiem (EVALI):<\/b> <b>W<\/b> w przesz\u0142o\u015bci <b>powa\u017cne uszkodzenie p\u0142uc<\/b> zwi\u0105zanych z e-papierosami. <b>Te<\/b> by\u0142y cz\u0119sto zwi\u0105zane ze stosowaniem niedozwolonych dodatk\u00f3w, takich jak. <b>Octan witaminy E<\/b>, kt\u00f3ry zosta\u0142 znaleziony w niekt\u00f3rych nielegalnych produktach do waporyzacji THC. <b>Dlatego<\/b> s\u0105 <b>Sk\u0142adniki testowane laboratoryjnie<\/b> niezb\u0119dne dla bezpiecze\u0144stwa.<\/li>\n<\/ul>\n<h2><b>Zgodno\u015b\u0107 z przepisami i aspekty \u015brodowiskowe<\/b><\/h2>\n<p>Jednorazowe e-papierosy podlegaj\u0105 surowym przepisom w Niemczech i UE.<\/p>\n<ul>\n<li><b>Dyrektywa w sprawie wyrob\u00f3w tytoniowych (TPD2):<\/b> <b>To<\/b> Prawo okre\u015bla surowe wymagania. <b>Ponadto<\/b> obejmuj\u0105:\n<ul>\n<li><b>Limit nikotyny:<\/b> Maksimum <b>20 mg\/ml<\/b>.<\/li>\n<li><b>Rozmiar zbiornika:<\/b> Maksymalna ilo\u015b\u0107 nape\u0142nienia <b>2 ml<\/b>.<\/li>\n<li><b>Obowi\u0105zkowa rejestracja:<\/b> Wszystkie produkty musz\u0105 zosta\u0107 zarejestrowane przez odpowiednie organy przed wprowadzeniem ich na rynek.<\/li>\n<\/ul>\n<\/li>\n<li><b>Wp\u0142yw na \u015brodowisko:<\/b> <b>Jednorazowe waporyzatory<\/b> dostosowanie <b>Znacz\u0105cy problem \u015brodowiskowy<\/b> reprezentuj\u0105. <b>Ty<\/b> zawiera\u0107 <b>Akumulatory litowo-jonowe<\/b>, plastiku i cz\u0119sto pozosta\u0142o\u015bci nikotyny. <b>Dlatego<\/b> s\u0105 one obj\u0119te <b>Ustawa o sprz\u0119cie elektrycznym i elektronicznym (ElektroG)<\/b> i musi <b>Prawid\u0142owa utylizacja<\/b> sta\u0107 si\u0119. <b>The<\/b> Reklamowane \u201eproste zastosowanie\u201c stoi w sprzeczno\u015bci z konieczn\u0105, z\u0142o\u017con\u0105 utylizacj\u0105 jako odpad niebezpieczny.<\/li>\n<\/ul>","protected":false},"excerpt":{"rendered":"<p data-start=\"2091\" data-end=\"2218\">Uwell DP6000 - jednorazowy waporyzator gotowy do natychmiastowego u\u017cycia. Aromatyczna, nasycona para w kompaktowej konstrukcji do u\u017cytku w podr\u00f3\u017cy.<\/p>","protected":false},"featured_media":7354,"comment_status":"open","ping_status":"closed","template":"","meta":{"_joinchat":[]},"product_brand":[],"product_cat":[62],"product_tag":[],"class_list":{"0":"post-7329","1":"product","2":"type-product","3":"status-publish","4":"has-post-thumbnail","6":"product_cat-marijuana","8":"first","9":"instock","10":"shipping-taxable","11":"purchasable","12":"product-type-variable"},"yoast_head":"<!-- This site is optimized with the Yoast SEO plugin v27.5 - https:\/\/yoast.com\/product\/yoast-seo-wordpress\/ -->\n<title>Uwell DP6000 Disposable Vape online kaufen<\/title>\n<meta name=\"description\" content=\"Uwell DP6000 Disposable Vape kaufen \u2013 kompakt, aromatisch und sofort einsatzbereit. Diskreter Versand in Deutschland &amp; EU f\u00fcr Dampferlebnis unterwegs.\" \/>\n<meta name=\"robots\" content=\"index, follow, max-snippet:-1, max-image-preview:large, max-video-preview:-1\" \/>\n<link rel=\"canonical\" href=\"https:\/\/chemgramx.com\/pl\/produkt-1\/jednorazowe-vape-uwell-dp6000\/\" \/>\n<meta property=\"og:locale\" content=\"pl_PL\" \/>\n<meta property=\"og:type\" content=\"article\" \/>\n<meta property=\"og:title\" content=\"Uwell DP6000 Disposable Vape online kaufen\" \/>\n<meta property=\"og:description\" content=\"Uwell DP6000 Disposable Vape kaufen \u2013 kompakt, aromatisch und sofort einsatzbereit. Diskreter Versand in Deutschland &amp; EU f\u00fcr Dampferlebnis unterwegs.\" \/>\n<meta property=\"og:url\" content=\"https:\/\/chemgramx.com\/pl\/produkt-1\/jednorazowe-vape-uwell-dp6000\/\" \/>\n<meta property=\"og:site_name\" content=\"Chemgramx\" \/>\n<meta property=\"article:modified_time\" content=\"2025-11-21T11:17:03+00:00\" \/>\n<meta property=\"og:image\" content=\"https:\/\/chemgramx.com\/wp-content\/uploads\/2025\/11\/uwell-dp6000-disposable-vape.webp\" \/>\n\t<meta property=\"og:image:width\" content=\"900\" \/>\n\t<meta property=\"og:image:height\" content=\"900\" \/>\n\t<meta property=\"og:image:type\" content=\"image\/webp\" \/>\n<meta name=\"twitter:card\" content=\"summary_large_image\" \/>\n<meta name=\"twitter:label1\" content=\"Szacowany czas czytania\" \/>\n\t<meta name=\"twitter:data1\" content=\"3 minuty\" \/>\n<script type=\"application\/ld+json\" class=\"yoast-schema-graph\">{\"@context\":\"https:\\\/\\\/schema.org\",\"@graph\":[{\"@type\":\"WebPage\",\"@id\":\"https:\\\/\\\/chemgramx.com\\\/product\\\/uwell-dp6000-disposable-vape\\\/\",\"url\":\"https:\\\/\\\/chemgramx.com\\\/product\\\/uwell-dp6000-disposable-vape\\\/\",\"name\":\"Uwell DP6000 Disposable Vape online kaufen\",\"isPartOf\":{\"@id\":\"https:\\\/\\\/chemgramx.com\\\/#website\"},\"primaryImageOfPage\":{\"@id\":\"https:\\\/\\\/chemgramx.com\\\/product\\\/uwell-dp6000-disposable-vape\\\/#primaryimage\"},\"image\":{\"@id\":\"https:\\\/\\\/chemgramx.com\\\/product\\\/uwell-dp6000-disposable-vape\\\/#primaryimage\"},\"thumbnailUrl\":\"https:\\\/\\\/chemgramx.com\\\/wp-content\\\/uploads\\\/2025\\\/11\\\/uwell-dp6000-disposable-vape.webp\",\"datePublished\":\"2025-11-21T11:15:12+00:00\",\"dateModified\":\"2025-11-21T11:17:03+00:00\",\"description\":\"Uwell DP6000 Disposable Vape kaufen \u2013 kompakt, aromatisch und sofort einsatzbereit. Diskreter Versand in Deutschland &amp; EU f\u00fcr Dampferlebnis unterwegs.\",\"breadcrumb\":{\"@id\":\"https:\\\/\\\/chemgramx.com\\\/product\\\/uwell-dp6000-disposable-vape\\\/#breadcrumb\"},\"inLanguage\":\"pl-PL\",\"potentialAction\":[{\"@type\":\"ReadAction\",\"target\":[\"https:\\\/\\\/chemgramx.com\\\/product\\\/uwell-dp6000-disposable-vape\\\/\"]}]},{\"@type\":\"ImageObject\",\"inLanguage\":\"pl-PL\",\"@id\":\"https:\\\/\\\/chemgramx.com\\\/product\\\/uwell-dp6000-disposable-vape\\\/#primaryimage\",\"url\":\"https:\\\/\\\/chemgramx.com\\\/wp-content\\\/uploads\\\/2025\\\/11\\\/uwell-dp6000-disposable-vape.webp\",\"contentUrl\":\"https:\\\/\\\/chemgramx.com\\\/wp-content\\\/uploads\\\/2025\\\/11\\\/uwell-dp6000-disposable-vape.webp\",\"width\":900,\"height\":900},{\"@type\":\"BreadcrumbList\",\"@id\":\"https:\\\/\\\/chemgramx.com\\\/product\\\/uwell-dp6000-disposable-vape\\\/#breadcrumb\",\"itemListElement\":[{\"@type\":\"ListItem\",\"position\":1,\"name\":\"Home\",\"item\":\"https:\\\/\\\/chemgramx.com\\\/\"},{\"@type\":\"ListItem\",\"position\":2,\"name\":\"Shop\",\"item\":\"https:\\\/\\\/chemgramx.com\\\/shop\\\/\"},{\"@type\":\"ListItem\",\"position\":3,\"name\":\"Uwell DP6000 Disposable Vape\"}]},{\"@type\":\"WebSite\",\"@id\":\"https:\\\/\\\/chemgramx.com\\\/#website\",\"url\":\"https:\\\/\\\/chemgramx.com\\\/\",\"name\":\"Chemgramx\",\"description\":\"\",\"publisher\":{\"@id\":\"https:\\\/\\\/chemgramx.com\\\/#organization\"},\"potentialAction\":[{\"@type\":\"SearchAction\",\"target\":{\"@type\":\"EntryPoint\",\"urlTemplate\":\"https:\\\/\\\/chemgramx.com\\\/?s={search_term_string}\"},\"query-input\":{\"@type\":\"PropertyValueSpecification\",\"valueRequired\":true,\"valueName\":\"search_term_string\"}}],\"inLanguage\":\"pl-PL\"},{\"@type\":\"Organization\",\"@id\":\"https:\\\/\\\/chemgramx.com\\\/#organization\",\"name\":\"Chemgramx\",\"url\":\"https:\\\/\\\/chemgramx.com\\\/\",\"logo\":{\"@type\":\"ImageObject\",\"inLanguage\":\"pl-PL\",\"@id\":\"https:\\\/\\\/chemgramx.com\\\/#\\\/schema\\\/logo\\\/image\\\/\",\"url\":\"https:\\\/\\\/chemgramx.com\\\/wp-content\\\/uploads\\\/2024\\\/10\\\/final-logo.png\",\"contentUrl\":\"https:\\\/\\\/chemgramx.com\\\/wp-content\\\/uploads\\\/2024\\\/10\\\/final-logo.png\",\"width\":250,\"height\":48,\"caption\":\"Chemgramx\"},\"image\":{\"@id\":\"https:\\\/\\\/chemgramx.com\\\/#\\\/schema\\\/logo\\\/image\\\/\"}}]}<\/script>\n<!-- \/ Yoast SEO plugin. -->","yoast_head_json":{"title":"Kup jednorazowe vape Uwell DP6000 online","description":"Kup jednorazowy waporyzator Uwell DP6000 - kompaktowy, aromatyczny i gotowy do u\u017cycia. Dyskretna wysy\u0142ka na terenie Niemiec i UE umo\u017cliwiaj\u0105ca waporyzacj\u0119 w podr\u00f3\u017cy.","robots":{"index":"index","follow":"follow","max-snippet":"max-snippet:-1","max-image-preview":"max-image-preview:large","max-video-preview":"max-video-preview:-1"},"canonical":"https:\/\/chemgramx.com\/pl\/produkt-1\/jednorazowe-vape-uwell-dp6000\/","og_locale":"pl_PL","og_type":"article","og_title":"Uwell DP6000 Disposable Vape online kaufen","og_description":"Uwell DP6000 Disposable Vape kaufen \u2013 kompakt, aromatisch und sofort einsatzbereit. Diskreter Versand in Deutschland &amp; EU f\u00fcr Dampferlebnis unterwegs.","og_url":"https:\/\/chemgramx.com\/pl\/produkt-1\/jednorazowe-vape-uwell-dp6000\/","og_site_name":"Chemgramx","article_modified_time":"2025-11-21T11:17:03+00:00","og_image":[{"width":900,"height":900,"url":"https:\/\/chemgramx.com\/wp-content\/uploads\/2025\/11\/uwell-dp6000-disposable-vape.webp","type":"image\/webp"}],"twitter_card":"summary_large_image","twitter_misc":{"Szacowany czas czytania":"3 minuty"},"schema":{"@context":"https:\/\/schema.org","@graph":[{"@type":"WebPage","@id":"https:\/\/chemgramx.com\/product\/uwell-dp6000-disposable-vape\/","url":"https:\/\/chemgramx.com\/product\/uwell-dp6000-disposable-vape\/","name":"Kup jednorazowe vape Uwell DP6000 online","isPartOf":{"@id":"https:\/\/chemgramx.com\/#website"},"primaryImageOfPage":{"@id":"https:\/\/chemgramx.com\/product\/uwell-dp6000-disposable-vape\/#primaryimage"},"image":{"@id":"https:\/\/chemgramx.com\/product\/uwell-dp6000-disposable-vape\/#primaryimage"},"thumbnailUrl":"https:\/\/chemgramx.com\/wp-content\/uploads\/2025\/11\/uwell-dp6000-disposable-vape.webp","datePublished":"2025-11-21T11:15:12+00:00","dateModified":"2025-11-21T11:17:03+00:00","description":"Kup jednorazowy waporyzator Uwell DP6000 - kompaktowy, aromatyczny i gotowy do u\u017cycia. Dyskretna wysy\u0142ka na terenie Niemiec i UE umo\u017cliwiaj\u0105ca waporyzacj\u0119 w podr\u00f3\u017cy.","breadcrumb":{"@id":"https:\/\/chemgramx.com\/product\/uwell-dp6000-disposable-vape\/#breadcrumb"},"inLanguage":"pl-PL","potentialAction":[{"@type":"ReadAction","target":["https:\/\/chemgramx.com\/product\/uwell-dp6000-disposable-vape\/"]}]},{"@type":"ImageObject","inLanguage":"pl-PL","@id":"https:\/\/chemgramx.com\/product\/uwell-dp6000-disposable-vape\/#primaryimage","url":"https:\/\/chemgramx.com\/wp-content\/uploads\/2025\/11\/uwell-dp6000-disposable-vape.webp","contentUrl":"https:\/\/chemgramx.com\/wp-content\/uploads\/2025\/11\/uwell-dp6000-disposable-vape.webp","width":900,"height":900},{"@type":"BreadcrumbList","@id":"https:\/\/chemgramx.com\/product\/uwell-dp6000-disposable-vape\/#breadcrumb","itemListElement":[{"@type":"ListItem","position":1,"name":"Home","item":"https:\/\/chemgramx.com\/"},{"@type":"ListItem","position":2,"name":"Shop","item":"https:\/\/chemgramx.com\/shop\/"},{"@type":"ListItem","position":3,"name":"Uwell DP6000 Disposable Vape"}]},{"@type":"WebSite","@id":"https:\/\/chemgramx.com\/#website","url":"https:\/\/chemgramx.com\/","name":"Chemgramx","description":"","publisher":{"@id":"https:\/\/chemgramx.com\/#organization"},"potentialAction":[{"@type":"SearchAction","target":{"@type":"EntryPoint","urlTemplate":"https:\/\/chemgramx.com\/?s={search_term_string}"},"query-input":{"@type":"PropertyValueSpecification","valueRequired":true,"valueName":"search_term_string"}}],"inLanguage":"pl-PL"},{"@type":"Organization","@id":"https:\/\/chemgramx.com\/#organization","name":"Chemgramx","url":"https:\/\/chemgramx.com\/","logo":{"@type":"ImageObject","inLanguage":"pl-PL","@id":"https:\/\/chemgramx.com\/#\/schema\/logo\/image\/","url":"https:\/\/chemgramx.com\/wp-content\/uploads\/2024\/10\/final-logo.png","contentUrl":"https:\/\/chemgramx.com\/wp-content\/uploads\/2024\/10\/final-logo.png","width":250,"height":48,"caption":"Chemgramx"},"image":{"@id":"https:\/\/chemgramx.com\/#\/schema\/logo\/image\/"}}]}},"_links":{"self":[{"href":"https:\/\/chemgramx.com\/pl\/wp-json\/wp\/v2\/product\/7329","targetHints":{"allow":["GET"]}}],"collection":[{"href":"https:\/\/chemgramx.com\/pl\/wp-json\/wp\/v2\/product"}],"about":[{"href":"https:\/\/chemgramx.com\/pl\/wp-json\/wp\/v2\/types\/product"}],"replies":[{"embeddable":true,"href":"https:\/\/chemgramx.com\/pl\/wp-json\/wp\/v2\/comments?post=7329"}],"wp:featuredmedia":[{"embeddable":true,"href":"https:\/\/chemgramx.com\/pl\/wp-json\/wp\/v2\/media\/7354"}],"wp:attachment":[{"href":"https:\/\/chemgramx.com\/pl\/wp-json\/wp\/v2\/media?parent=7329"}],"wp:term":[{"taxonomy":"product_brand","embeddable":true,"href":"https:\/\/chemgramx.com\/pl\/wp-json\/wp\/v2\/product_brand?post=7329"},{"taxonomy":"product_cat","embeddable":true,"href":"https:\/\/chemgramx.com\/pl\/wp-json\/wp\/v2\/product_cat?post=7329"},{"taxonomy":"product_tag","embeddable":true,"href":"https:\/\/chemgramx.com\/pl\/wp-json\/wp\/v2\/product_tag?post=7329"}],"curies":[{"name":"wp","href":"https:\/\/api.w.org\/{rel}","templated":true}]}}