{"id":7330,"date":"2025-11-21T11:15:12","date_gmt":"2025-11-21T11:15:12","guid":{"rendered":"https:\/\/chemgramx.com\/?post_type=product&#038;p=7330"},"modified":"2025-11-21T11:17:03","modified_gmt":"2025-11-21T11:17:03","slug":"buddha-boys-thc-gummies-2000mg","status":"publish","type":"product","link":"https:\/\/chemgramx.com\/pl\/product\/buddha-boys-thc-gummies-2000mg\/","title":{"rendered":"Buddha Boys THC Gummies 2000mg"},"content":{"rendered":"<p>The <b>Buddha Boys THC Gummies 2000mg<\/b> reprezentowa\u0107 <b>Wysoce skoncentrowany produkt<\/b> do doustnego przyjmowania tetrahydrokannabinolu (THC). <b>Przy ca\u0142kowitym st\u0119\u017ceniu<\/b> z <b>2000 mg THC na opakowanie<\/b> ten produkt jest jednym z <b>Najsilniejsze produkty spo\u017cywcze<\/b> na rynku. <b>Dlatego<\/b> jest to wa\u017cne dla naukowej obserwacji <b>Farmakokinetyka<\/b> i <b>Ocena ryzyka<\/b> Szczeg\u00f3lnie interesuj\u0105ce jest doustne przyjmowanie THC. <b>Niezale\u017cnie od<\/b> spo\u015br\u00f3d reklamowanych \u201epysznych\u201c smak\u00f3w, jest to smak \"pyszny\". <b>kontrolowana substancja psychoaktywna<\/b>. <b>W konsekwencji<\/b> Posiadanie, handel i konsumpcja podlegaj\u0105 najsurowszym przepisom w Niemczech i wielu innych krajach. <b>Jeden<\/b> szczeg\u00f3\u0142owa analiza musi koncentrowa\u0107 si\u0119 na <b>Op\u00f3\u017aniony efekt<\/b>\u017ce <b>Wysokie ryzyko przedawkowania<\/b> i <b>Konsekwencje wynikaj\u0105ce z prawa karnego<\/b> koncentrat.<\/p>\n<h2><b>Farmakokinetyka doustnego THC (produkty spo\u017cywcze)<\/b><\/h2>\n<p>Dzia\u0142anie THC przyjmowanego doustnie jest r\u00f3\u017cne <b>fundamenta<\/b>l efektu podczas palenia lub waporyzacji. <b>To<\/b> wynika z tzw. <b>Metabolizm pierwszego przej\u015bcia<\/b> w w\u0105trobie.<\/p>\n<h4><b>Efekt pierwszego przej\u015bcia i 11-hydroksy-THC<\/b><\/h4>\n<ul>\n<li><b>Op\u00f3\u017aniony efekt:<\/b> <b>Przede wszystkim<\/b> THC musi zosta\u0107 strawione w przewodzie pokarmowym. <b>Nast\u0119pnie<\/b> dociera do w\u0105troby przez \u017cy\u0142\u0119 wrotn\u0105. <b>Dlatego<\/b> efekt zaczyna si\u0119 <b>Znacznie wolniej<\/b>, zwykle dopiero po <b>30 do 90 minut<\/b>. <b>The<\/b> Szczyt jest cz\u0119sto osi\u0105gany dopiero po <b>od dw\u00f3ch do czterech godzin<\/b> osi\u0105gni\u0119ty.<\/li>\n<li><b>Metabolizm:<\/b> <b>Podczas gdy<\/b> Podczas przechodzenia przez w\u0105trob\u0119 du\u017ca cz\u0119\u015b\u0107 THC jest przekszta\u0142cana w metabolit <b>11-hydroksy-THC (11-OH-THC)<\/b> przekszta\u0142cone. <b>To<\/b> Metabolit to <b>znacznie bardziej psychoaktywne<\/b> i mo\u017ce przechodzi\u0107 przez barier\u0119 krew-m\u00f3zg bardziej efektywnie ni\u017c oryginalny THC (<span class=\"math-inline\" data-math=\"Delta^9\">$Delta^9$<\/span>-THC).<\/li>\n<li><b>Intensywno\u015b\u0107 i czas trwania:<\/b> <b>The<\/b> wynikaj\u0105cy z tego wysoki jest <b><a href=\"\/product\/oxycontin-oc-40mg\/\">wolniejszy<\/a> zatrudnienie<\/b>, ale cz\u0119sto <b>Bardziej intensywne, g\u0142\u0119bsze i znacznie trwalsze<\/b> (do 8 godzin lub d\u0142u\u017cej) ni\u017c efekt inhalacji.<\/li>\n<\/ul>\n<h2><b>Ocena ryzyka: problem przedawkowania<\/b><\/h2>\n<p>Wysokie ca\u0142kowite st\u0119\u017cenie <b>2000 mg THC<\/b> w jednym opakowaniu zawiera <b>Znaczne ryzyko ostrego przedawkowania<\/b>znany r\u00f3wnie\u017c jako <b>\u201eB\u0142\u0105d jadalny\u201c<\/b>.<\/p>\n<h4><b>Ryzyko przedawkowania<\/b><\/h4>\n<ul>\n<li><b>Moc:<\/b> <b>Przyj\u0119te<\/b>, 2000 mg THC jest roz\u0142o\u017cone na 10 \u017celk\u00f3w. <b>W rezultacie<\/b> zawiera ka\u017cd\u0105 gum\u0119 <b>200 mg THC<\/b>. <b>To<\/b> jest <b>Niezwykle wysoka pojedyncza dawka<\/b>. <b>Nawet<\/b> Po roz\u0142o\u017ceniu na 20 \u017celk\u00f3w (100 mg ka\u017cdy), dawka przekracza zalecan\u0105 dawk\u0119 pocz\u0105tkow\u0105 THC (zazwyczaj od 2,5 mg do 10 mg) dziesi\u0119ciokrotnie lub wi\u0119cej.<\/li>\n<li><b>\u0179r\u00f3d\u0142o b\u0142\u0119du:<\/b> <b>Ze wzgl\u0119du na<\/b> Powolny pocz\u0105tek dzia\u0142ania sprzyja niedo\u015bwiadczonym konsumentom, <b>do\u0142adowa\u0107 zbyt wcze\u015bnie<\/b>, poniewa\u017c nie odczuwaj\u0105 po\u017c\u0105danego efektu. <b>Kiedy<\/b> efekt pierwszej dawki (i kolejnej dawki) zaczyna si\u0119 w tym samym czasie, co szybko prowadzi do <b>Przedawkowanie<\/b>.<\/li>\n<li><b>Konsekwencje przedawkowania:<\/b> <b>Jeden<\/b> Ostre przedawkowanie THC mo\u017ce prowadzi\u0107 do <b>silny niepok\u00f3j (paranoja), ataki paniki, psychoza, ko\u0142atanie serca i silne halucynacje<\/b> prowadzi\u0107. <b>Chocia\u017c<\/b> \u015bmiertelna dawka jest ma\u0142o prawdopodobna, do\u015bwiadczenie mo\u017ce by\u0107 <b>Nag\u0142e przypadki psychologiczne<\/b> i wymagaj\u0105 pomocy medycznej.<\/li>\n<\/ul>\n<h2><b>Sk\u0142adniki, czysto\u015b\u0107 i bezpiecze\u0144stwo produktu<\/b><\/h2>\n<p>Reklamowane sk\u0142adniki obejmuj\u0105 THC, naturalne aromaty owocowe i cukier. <b>Chocia\u017c<\/b> test laboratoryjny dla <b>Dawkowanie i czysto\u015b\u0107<\/b> jest <b>Bezpiecze\u0144stwo produktu<\/b> na nieuregulowanym rynku jest w\u0105tpliwa.<\/p>\n<ul>\n<li><b>Ryzyko podrabiania:<\/b> <b>The<\/b> nielegalny rynek online jest <b>Podrobione produkty<\/b> przenikn\u0105\u0142. <b>Dlatego<\/b> istnieje ryzyko, \u017ce rzeczywiste st\u0119\u017cenie THC jest inne lub \u017ce zawiera niebezpieczne, niezadeklarowane syntetyczne kannabinoidy.<\/li>\n<li><b>Bezpiecze\u0144stwo \u017cywno\u015bci:<\/b> <b>Od<\/b> \u017belki THC jako <b>\u017bywno\u015b\u0107<\/b> zaprojektowane, podlegaj\u0105 \u015bcis\u0142ym <b>Kontrola \u017cywno\u015bci<\/b>. <b>Te<\/b> Kontrole nie s\u0105 gwarantowane w przypadku nielegalnych zakup\u00f3w online.<\/li>\n<\/ul>\n<h2><b>Zgodno\u015b\u0107 z prawem i odpowiedzialno\u015b\u0107 karna w Niemczech<\/b><\/h2>\n<p>G\u0142\u00f3wn\u0105 i najwa\u017cniejsz\u0105 informacj\u0105 jest <b>Sytuacja prawna w Niemczech i UE<\/b>.<\/p>\n<ul>\n<li><b>\u015acis\u0142a nielegalno\u015b\u0107:<\/b> <b>THC<\/b> (tetrahydrokannabinol) jest produktem leczniczym w Niemczech. <b>kontrolowane \u015brodki odurzaj\u0105ce<\/b>. <b>The<\/b> Posiadanie, import, handel i dystrybucja produkt\u00f3w zawieraj\u0105cych THC, kt\u00f3re nie s\u0105 dopuszczone do obrotu medycznego to <b>Nielegalne i karalne<\/b>.<\/li>\n<li><b>Consumer Cannabis Act (KCanG):<\/b> <b>Chocia\u017c<\/b> nowe KCanG uregulowa\u0142o posiadanie niewielkich ilo\u015bci na w\u0142asny u\u017cytek, reklamowane <b>Dzia\u0142alno\u015b\u0107 handlowa<\/b> i <b>Zakup online<\/b> wysoce skoncentrowanych produkt\u00f3w, takich jak \u017celki 2000 mg THC, wyra\u017anie w <b>nielegalny obszar<\/b> i rysuje <b>Konsekwencje karne<\/b> w rezultacie.<\/li>\n<li><b>Nie ma wyj\u0105tku dla produkt\u00f3w spo\u017cywczych:<\/b> <b>To<\/b> Nie ma wyj\u0105tku dla \u017cywno\u015bci zawieraj\u0105cej THC. <b>Ty<\/b> s\u0105 uwa\u017cane za nielegalne narkotyki.<\/li>\n<\/ul>","protected":false},"excerpt":{"rendered":"<p data-start=\"2219\" data-end=\"2346\">Buddha Boys THC Gummies 2000mg - owocowe, silne i testowane laboratoryjnie. Idealne do d\u0142ugotrwa\u0142ego relaksu i przyjemnego haju.<\/p>","protected":false},"featured_media":7355,"comment_status":"open","ping_status":"closed","template":"","meta":{"_joinchat":[]},"product_brand":[],"product_cat":[62],"product_tag":[],"class_list":{"0":"post-7330","1":"product","2":"type-product","3":"status-publish","4":"has-post-thumbnail","6":"product_cat-marijuana","8":"first","9":"instock","10":"shipping-taxable","11":"purchasable","12":"product-type-variable"},"yoast_head":"<!-- This site is optimized with the Yoast SEO plugin v27.5 - https:\/\/yoast.com\/product\/yoast-seo-wordpress\/ -->\n<title>Buddha Boys THC Gummies 2000mg online kaufen<\/title>\n<meta name=\"description\" content=\"Buddha Boys THC Gummies 2000mg kaufen \u2013 fruchtig, potent und laborgepr\u00fcft. Diskreter Versand in Deutschland &amp; EU f\u00fcr entspannte Momente.\" \/>\n<meta name=\"robots\" content=\"index, follow, max-snippet:-1, max-image-preview:large, max-video-preview:-1\" \/>\n<link rel=\"canonical\" href=\"https:\/\/chemgramx.com\/pl\/produkt-1\/buddha-boys-thc-gummies-2000mg\/\" \/>\n<meta property=\"og:locale\" content=\"pl_PL\" \/>\n<meta property=\"og:type\" content=\"article\" \/>\n<meta property=\"og:title\" content=\"Buddha Boys THC Gummies 2000mg online kaufen\" \/>\n<meta property=\"og:description\" content=\"Buddha Boys THC Gummies 2000mg kaufen \u2013 fruchtig, potent und laborgepr\u00fcft. Diskreter Versand in Deutschland &amp; EU f\u00fcr entspannte Momente.\" \/>\n<meta property=\"og:url\" content=\"https:\/\/chemgramx.com\/pl\/produkt-1\/buddha-boys-thc-gummies-2000mg\/\" \/>\n<meta property=\"og:site_name\" content=\"Chemgramx\" \/>\n<meta property=\"article:modified_time\" content=\"2025-11-21T11:17:03+00:00\" \/>\n<meta property=\"og:image\" content=\"https:\/\/chemgramx.com\/wp-content\/uploads\/2025\/11\/buddha-boys-thc-gummies-2000mg.webp\" \/>\n\t<meta property=\"og:image:width\" content=\"480\" \/>\n\t<meta property=\"og:image:height\" content=\"644\" \/>\n\t<meta property=\"og:image:type\" content=\"image\/webp\" \/>\n<meta name=\"twitter:card\" content=\"summary_large_image\" \/>\n<meta name=\"twitter:label1\" content=\"Szacowany czas czytania\" \/>\n\t<meta name=\"twitter:data1\" content=\"3 minuty\" \/>\n<script type=\"application\/ld+json\" class=\"yoast-schema-graph\">{\"@context\":\"https:\\\/\\\/schema.org\",\"@graph\":[{\"@type\":\"WebPage\",\"@id\":\"https:\\\/\\\/chemgramx.com\\\/product\\\/buddha-boys-thc-gummies-2000mg\\\/\",\"url\":\"https:\\\/\\\/chemgramx.com\\\/product\\\/buddha-boys-thc-gummies-2000mg\\\/\",\"name\":\"Buddha Boys THC Gummies 2000mg online kaufen\",\"isPartOf\":{\"@id\":\"https:\\\/\\\/chemgramx.com\\\/#website\"},\"primaryImageOfPage\":{\"@id\":\"https:\\\/\\\/chemgramx.com\\\/product\\\/buddha-boys-thc-gummies-2000mg\\\/#primaryimage\"},\"image\":{\"@id\":\"https:\\\/\\\/chemgramx.com\\\/product\\\/buddha-boys-thc-gummies-2000mg\\\/#primaryimage\"},\"thumbnailUrl\":\"https:\\\/\\\/chemgramx.com\\\/wp-content\\\/uploads\\\/2025\\\/11\\\/buddha-boys-thc-gummies-2000mg.webp\",\"datePublished\":\"2025-11-21T11:15:12+00:00\",\"dateModified\":\"2025-11-21T11:17:03+00:00\",\"description\":\"Buddha Boys THC Gummies 2000mg kaufen \u2013 fruchtig, potent und laborgepr\u00fcft. Diskreter Versand in Deutschland &amp; EU f\u00fcr entspannte Momente.\",\"breadcrumb\":{\"@id\":\"https:\\\/\\\/chemgramx.com\\\/product\\\/buddha-boys-thc-gummies-2000mg\\\/#breadcrumb\"},\"inLanguage\":\"pl-PL\",\"potentialAction\":[{\"@type\":\"ReadAction\",\"target\":[\"https:\\\/\\\/chemgramx.com\\\/product\\\/buddha-boys-thc-gummies-2000mg\\\/\"]}]},{\"@type\":\"ImageObject\",\"inLanguage\":\"pl-PL\",\"@id\":\"https:\\\/\\\/chemgramx.com\\\/product\\\/buddha-boys-thc-gummies-2000mg\\\/#primaryimage\",\"url\":\"https:\\\/\\\/chemgramx.com\\\/wp-content\\\/uploads\\\/2025\\\/11\\\/buddha-boys-thc-gummies-2000mg.webp\",\"contentUrl\":\"https:\\\/\\\/chemgramx.com\\\/wp-content\\\/uploads\\\/2025\\\/11\\\/buddha-boys-thc-gummies-2000mg.webp\",\"width\":480,\"height\":644},{\"@type\":\"BreadcrumbList\",\"@id\":\"https:\\\/\\\/chemgramx.com\\\/product\\\/buddha-boys-thc-gummies-2000mg\\\/#breadcrumb\",\"itemListElement\":[{\"@type\":\"ListItem\",\"position\":1,\"name\":\"Home\",\"item\":\"https:\\\/\\\/chemgramx.com\\\/\"},{\"@type\":\"ListItem\",\"position\":2,\"name\":\"Shop\",\"item\":\"https:\\\/\\\/chemgramx.com\\\/shop\\\/\"},{\"@type\":\"ListItem\",\"position\":3,\"name\":\"Buddha Boys THC Gummies 2000mg\"}]},{\"@type\":\"WebSite\",\"@id\":\"https:\\\/\\\/chemgramx.com\\\/#website\",\"url\":\"https:\\\/\\\/chemgramx.com\\\/\",\"name\":\"Chemgramx\",\"description\":\"\",\"publisher\":{\"@id\":\"https:\\\/\\\/chemgramx.com\\\/#organization\"},\"potentialAction\":[{\"@type\":\"SearchAction\",\"target\":{\"@type\":\"EntryPoint\",\"urlTemplate\":\"https:\\\/\\\/chemgramx.com\\\/?s={search_term_string}\"},\"query-input\":{\"@type\":\"PropertyValueSpecification\",\"valueRequired\":true,\"valueName\":\"search_term_string\"}}],\"inLanguage\":\"pl-PL\"},{\"@type\":\"Organization\",\"@id\":\"https:\\\/\\\/chemgramx.com\\\/#organization\",\"name\":\"Chemgramx\",\"url\":\"https:\\\/\\\/chemgramx.com\\\/\",\"logo\":{\"@type\":\"ImageObject\",\"inLanguage\":\"pl-PL\",\"@id\":\"https:\\\/\\\/chemgramx.com\\\/#\\\/schema\\\/logo\\\/image\\\/\",\"url\":\"https:\\\/\\\/chemgramx.com\\\/wp-content\\\/uploads\\\/2024\\\/10\\\/final-logo.png\",\"contentUrl\":\"https:\\\/\\\/chemgramx.com\\\/wp-content\\\/uploads\\\/2024\\\/10\\\/final-logo.png\",\"width\":250,\"height\":48,\"caption\":\"Chemgramx\"},\"image\":{\"@id\":\"https:\\\/\\\/chemgramx.com\\\/#\\\/schema\\\/logo\\\/image\\\/\"}}]}<\/script>\n<!-- \/ Yoast SEO plugin. -->","yoast_head_json":{"title":"Kup Buddha Boys THC Gummies 2000mg online","description":"Buddha Boys THC Gummies 2000mg kaufen \u2013 fruchtig, potent und laborgepr\u00fcft. Diskreter Versand in Deutschland &amp; EU f\u00fcr entspannte Momente.","robots":{"index":"index","follow":"follow","max-snippet":"max-snippet:-1","max-image-preview":"max-image-preview:large","max-video-preview":"max-video-preview:-1"},"canonical":"https:\/\/chemgramx.com\/pl\/produkt-1\/buddha-boys-thc-gummies-2000mg\/","og_locale":"pl_PL","og_type":"article","og_title":"Buddha Boys THC Gummies 2000mg online kaufen","og_description":"Buddha Boys THC Gummies 2000mg kaufen \u2013 fruchtig, potent und laborgepr\u00fcft. Diskreter Versand in Deutschland &amp; EU f\u00fcr entspannte Momente.","og_url":"https:\/\/chemgramx.com\/pl\/produkt-1\/buddha-boys-thc-gummies-2000mg\/","og_site_name":"Chemgramx","article_modified_time":"2025-11-21T11:17:03+00:00","og_image":[{"width":480,"height":644,"url":"https:\/\/chemgramx.com\/wp-content\/uploads\/2025\/11\/buddha-boys-thc-gummies-2000mg.webp","type":"image\/webp"}],"twitter_card":"summary_large_image","twitter_misc":{"Szacowany czas czytania":"3 minuty"},"schema":{"@context":"https:\/\/schema.org","@graph":[{"@type":"WebPage","@id":"https:\/\/chemgramx.com\/product\/buddha-boys-thc-gummies-2000mg\/","url":"https:\/\/chemgramx.com\/product\/buddha-boys-thc-gummies-2000mg\/","name":"Kup Buddha Boys THC Gummies 2000mg online","isPartOf":{"@id":"https:\/\/chemgramx.com\/#website"},"primaryImageOfPage":{"@id":"https:\/\/chemgramx.com\/product\/buddha-boys-thc-gummies-2000mg\/#primaryimage"},"image":{"@id":"https:\/\/chemgramx.com\/product\/buddha-boys-thc-gummies-2000mg\/#primaryimage"},"thumbnailUrl":"https:\/\/chemgramx.com\/wp-content\/uploads\/2025\/11\/buddha-boys-thc-gummies-2000mg.webp","datePublished":"2025-11-21T11:15:12+00:00","dateModified":"2025-11-21T11:17:03+00:00","description":"Buddha Boys THC Gummies 2000mg kaufen \u2013 fruchtig, potent und laborgepr\u00fcft. Diskreter Versand in Deutschland &amp; EU f\u00fcr entspannte Momente.","breadcrumb":{"@id":"https:\/\/chemgramx.com\/product\/buddha-boys-thc-gummies-2000mg\/#breadcrumb"},"inLanguage":"pl-PL","potentialAction":[{"@type":"ReadAction","target":["https:\/\/chemgramx.com\/product\/buddha-boys-thc-gummies-2000mg\/"]}]},{"@type":"ImageObject","inLanguage":"pl-PL","@id":"https:\/\/chemgramx.com\/product\/buddha-boys-thc-gummies-2000mg\/#primaryimage","url":"https:\/\/chemgramx.com\/wp-content\/uploads\/2025\/11\/buddha-boys-thc-gummies-2000mg.webp","contentUrl":"https:\/\/chemgramx.com\/wp-content\/uploads\/2025\/11\/buddha-boys-thc-gummies-2000mg.webp","width":480,"height":644},{"@type":"BreadcrumbList","@id":"https:\/\/chemgramx.com\/product\/buddha-boys-thc-gummies-2000mg\/#breadcrumb","itemListElement":[{"@type":"ListItem","position":1,"name":"Home","item":"https:\/\/chemgramx.com\/"},{"@type":"ListItem","position":2,"name":"Shop","item":"https:\/\/chemgramx.com\/shop\/"},{"@type":"ListItem","position":3,"name":"Buddha Boys THC Gummies 2000mg"}]},{"@type":"WebSite","@id":"https:\/\/chemgramx.com\/#website","url":"https:\/\/chemgramx.com\/","name":"Chemgramx","description":"","publisher":{"@id":"https:\/\/chemgramx.com\/#organization"},"potentialAction":[{"@type":"SearchAction","target":{"@type":"EntryPoint","urlTemplate":"https:\/\/chemgramx.com\/?s={search_term_string}"},"query-input":{"@type":"PropertyValueSpecification","valueRequired":true,"valueName":"search_term_string"}}],"inLanguage":"pl-PL"},{"@type":"Organization","@id":"https:\/\/chemgramx.com\/#organization","name":"Chemgramx","url":"https:\/\/chemgramx.com\/","logo":{"@type":"ImageObject","inLanguage":"pl-PL","@id":"https:\/\/chemgramx.com\/#\/schema\/logo\/image\/","url":"https:\/\/chemgramx.com\/wp-content\/uploads\/2024\/10\/final-logo.png","contentUrl":"https:\/\/chemgramx.com\/wp-content\/uploads\/2024\/10\/final-logo.png","width":250,"height":48,"caption":"Chemgramx"},"image":{"@id":"https:\/\/chemgramx.com\/#\/schema\/logo\/image\/"}}]}},"_links":{"self":[{"href":"https:\/\/chemgramx.com\/pl\/wp-json\/wp\/v2\/product\/7330","targetHints":{"allow":["GET"]}}],"collection":[{"href":"https:\/\/chemgramx.com\/pl\/wp-json\/wp\/v2\/product"}],"about":[{"href":"https:\/\/chemgramx.com\/pl\/wp-json\/wp\/v2\/types\/product"}],"replies":[{"embeddable":true,"href":"https:\/\/chemgramx.com\/pl\/wp-json\/wp\/v2\/comments?post=7330"}],"wp:featuredmedia":[{"embeddable":true,"href":"https:\/\/chemgramx.com\/pl\/wp-json\/wp\/v2\/media\/7355"}],"wp:attachment":[{"href":"https:\/\/chemgramx.com\/pl\/wp-json\/wp\/v2\/media?parent=7330"}],"wp:term":[{"taxonomy":"product_brand","embeddable":true,"href":"https:\/\/chemgramx.com\/pl\/wp-json\/wp\/v2\/product_brand?post=7330"},{"taxonomy":"product_cat","embeddable":true,"href":"https:\/\/chemgramx.com\/pl\/wp-json\/wp\/v2\/product_cat?post=7330"},{"taxonomy":"product_tag","embeddable":true,"href":"https:\/\/chemgramx.com\/pl\/wp-json\/wp\/v2\/product_tag?post=7330"}],"curies":[{"name":"wp","href":"https:\/\/api.w.org\/{rel}","templated":true}]}}