{"id":7333,"date":"2025-11-21T11:15:13","date_gmt":"2025-11-21T11:15:13","guid":{"rendered":"https:\/\/chemgramx.com\/?post_type=product&#038;p=7333"},"modified":"2025-11-21T14:28:13","modified_gmt":"2025-11-21T14:28:13","slug":"czarny-olej-cbd","status":"publish","type":"product","link":"https:\/\/chemgramx.com\/pl\/product\/black-cbd-oil\/","title":{"rendered":"Czarny olej CBD"},"content":{"rendered":"<p><b>Czarny olej CBD 5000mg<\/b> reprezentuje <b>Wysoce skoncentrowana forma<\/b> ekstraktu kannabidiolu (CBD). <b>Te<\/b> Koncentracja jest na rynku jako <b>szczeg\u00f3lnie silny<\/b> ustawione. <b>Termin \u201eczarny olej CBD\u201c<\/b> zazwyczaj odnosi si\u0119 do <b>Niefiltrowany lub tylko minimalnie oczyszczony surowy ekstrakt<\/b>. <b>To<\/b> zachowuje ciemny kolor oryginalnego materia\u0142u ro\u015blinnego. <b>W konsekwencji<\/b> Opr\u00f3cz CBD zawiera du\u017c\u0105 liczb\u0119 wt\u00f3rnych substancji ro\u015blinnych. <b>Ponadto<\/b> obejmuj\u0105 chlorofile, woski i lipidy. <b>Taki produkt<\/b> s\u0142u\u017cy jako wa\u017cny obiekt bada\u0144. <b>To<\/b> umo\u017cliwia sprawdzenie <b>Efekt otoczenia<\/b> przy ekstremalnie wysokich st\u0119\u017ceniach CBD (5000 mg na butelk\u0119). <b>Dlatego<\/b> Niezb\u0119dne jest szczeg\u00f3\u0142owe rozwa\u017cenie chemii ekstrakcji, spektrum farmakologicznego i zgodno\u015bci z prawem.<\/p>\n<h2><b>Chemia stoj\u0105ca za ekstraktem \u201eBlack\u201c<\/b><\/h2>\n<p>Ciemne zabarwienie <b>\u201eCzarny olej CBD\u201c<\/b> jest bezpo\u015brednim wynikiem procesu ekstrakcji i wybranego stopnia czysto\u015bci.<\/p>\n<h4><b>Surowy ekstrakt i r\u00f3\u017cnorodno\u015b\u0107 fitochemiczna<\/b><\/h4>\n<ul>\n<li><b>Metody ekstrakcji:<\/b> <b>Przede wszystkim<\/b> Materia\u0142 konopny jest zazwyczaj przetwarzany przy u\u017cyciu <b>Etanol-<\/b> lub <b>Ekstrakcja CO2<\/b> traktowane. <b>Ekstrakcja CO2<\/b>, zw\u0142aszcza pod wysokim ci\u015bnieniem, rozpuszcza ca\u0142e lipofilowe spektrum ro\u015bliny.<\/li>\n<li><b>Kolor \u201eczarny\u201c:<\/b> <b>The<\/b> Ciemny, prawie czarny kolor wynika g\u0142\u00f3wnie z <b>wsp\u00f3\u0142ekstrahowane chlorofile<\/b> przypisywalne. <b>Te<\/b> nadaj\u0105 olejowi intensywny, cz\u0119sto gorzki lub trawiasty smak. <b>Natomiast<\/b> Ponadto z\u0142ote lub bezbarwne oleje s\u0105 stosowane w dodatkowym etapie - <b>Zimowanie<\/b> oraz <b>Filtracja<\/b> - chlorofil i woski zosta\u0142y usuni\u0119te.<\/li>\n<li><b>Pe\u0142ne spektrum vs. szerokie spektrum:<\/b> <b>\u201eCzarny olej CBD\u201c<\/b> jest zazwyczaj <b>Ekstrakt o pe\u0142nym spektrum dzia\u0142ania<\/b>. <b>The<\/b> Oznacza to, \u017ce zawiera pe\u0142ne spektrum kannabinoid\u00f3w (CBN, CBG, THCV opr\u00f3cz CBD) oraz bogat\u0105 mieszank\u0119 <b>Terpeny i flawonoidy<\/b>. <b>Oleje o szerokim spektrum dzia\u0142ania<\/b> (Broad-Spectrum) to <b>r\u00f3wnie\u017c ekstrakty o pe\u0142nym spektrum<\/b>. <b>Jednak\u017ce<\/b> Zosta\u0142y one ca\u0142kowicie pozbawione wykrywalnego THC poprzez dodatkowy etap oczyszczania (chromatografi\u0119), podczas gdy wt\u00f3rne kannabinoidy i terpeny zosta\u0142y zachowane.<\/li>\n<\/ul>\n<h2><b>Potencja i farmakologia: st\u0119\u017cenie 5000 mg<\/b><\/h2>\n<p>St\u0119\u017cenie <b>5000 mg CBD na butelk\u0119<\/b> (zazwyczaj 10 ml) reprezentuje <b>Bardzo wysoka moc<\/b> reprezentuj\u0105. <b>Te<\/b> st\u0119\u017cenie ma znacz\u0105cy wp\u0142yw na dawkowanie i dzia\u0142anie.<\/p>\n<h4><b>Zale\u017cno\u015b\u0107 dawka-odpowied\u017a<\/b><\/h4>\n<ul>\n<li><b>Obliczenia:<\/b> <b>W butelce o pojemno\u015bci 10 ml<\/b> z 5000 mg CBD, ka\u017cdy mililitr odpowiada st\u0119\u017ceniu 500 mg CBD. <b>Przyj\u0119te<\/b>, Jedna kropla odpowiada oko\u0142o 0,05 ml. <b>Z tego wynika<\/b>, \u017ce <b>jedna kropla<\/b> tego oleju ok. <b>25 mg CBD<\/b> zawiera.<\/li>\n<li><b>Intensywny efekt:<\/b> <b>Te<\/b> Wysokie st\u0119\u017cenie umo\u017cliwia u\u017cytkownikom osi\u0105gni\u0119cie <b>Wysoka dawka dzienna<\/b> z zaledwie kilkoma kroplami. <b>W badaniach<\/b> Taka moc jest u\u017cywana do okre\u015blenia <b>Pr\u00f3g<\/b> dla potencjalnych efekt\u00f3w terapeutycznych w bardziej z\u0142o\u017conych warunkach.<\/li>\n<li><b>Spektrum dzia\u0142ania:<\/b> <b>CBD<\/b> dzia\u0142a poprzez uk\u0142ad endokannabinoidowy <b>(ECS)<\/b> w <b>og\u00f3lne samopoczucie<\/b>. <b>To<\/b> dzia\u0142a po\u015brednio na r\u00f3\u017cne receptory w organizmie. <b>The<\/b> zg\u0142aszane efekty obejmuj\u0105 <b><a href=\"\/product\/boh-2c-b-hcl-kaufen\/\">Wsparcie dla<\/a> dla redukcji stresu<\/b>kt\u00f3ry <b>Promowanie wewn\u0119trznego spokoju<\/b> i potencjaln\u0105 rol\u0119 w <b>Ulga od dyskomfortu<\/b> (dolegliwo\u015bci mi\u0119\u015bni i staw\u00f3w).<\/li>\n<\/ul>\n<h2><b>Wyzwania regulacyjne i standardy jako\u015bci w Niemczech<\/b><\/h2>\n<p>Zbywalno\u015b\u0107 olej\u00f3w CBD, zw\u0142aszcza wysoce skoncentrowanych produkt\u00f3w o pe\u0142nym spektrum dzia\u0142ania, nie jest jeszcze dozwolona w UE i Niemczech. <b>\u015aci\u015ble regulowane i z\u0142o\u017cone<\/b>.<\/p>\n<h4><b>Zgodno\u015b\u0107 z limitami THC<\/b><\/h4>\n<ul>\n<li><b>Zgodno\u015b\u0107:<\/b> <b>Wysoko skoncentrowane oleje o pe\u0142nym spektrum dzia\u0142ania<\/b> musi spe\u0142nia\u0107 <b>prawny limit THC<\/b> \u015bci\u015ble przestrzega\u0107. <b>To<\/b> jest bardzo niski w Niemczech (obecnie cz\u0119sto interpretowany jako 0,2 % w gotowym produkcie lub technicznie niewykrywalny, w zale\u017cno\u015bci od sytuacji prawnej i kontekstu). <b>The<\/b> Organy regulacyjne skrupulatnie zapewniaj\u0105, \u017ce korzystanie z tych produkt\u00f3w <b>Brak efektu psychoaktywnego<\/b> wyst\u0119puje.<\/li>\n<li><b>Wykrywanie przez CoA:<\/b> <b>The<\/b> reklamowany <b>\u201esprawdzona czysto\u015b\u0107\u201c<\/b> musi przej\u015b\u0107 przez <b>Niezale\u017cne analizy laboratoryjne<\/b> (certyfikaty CoA). <b>Te<\/b> dokumentuj\u0105 nie tylko <b>Dok\u0142adna zawarto\u015b\u0107 CBD (5000 mg)<\/b>, ale tak\u017ce <b>Zgodno\u015b\u0107 zawarto\u015bci THC<\/b> i <b>Brak szkodliwych substancji<\/b> (pestycydy, metale ci\u0119\u017ckie, rozpuszczalniki).<\/li>\n<\/ul>\n<h4><b>Nowe przepisy dotycz\u0105ce \u017cywno\u015bci<\/b><\/h4>\n<p><b>Ponadto<\/b> podlegaj\u0105 olejom CBD, kt\u00f3re <b>spo\u017cycie doustne<\/b> s\u0105 zamierzone <b>Rozporz\u0105dzenie UE w sprawie nowej \u017cywno\u015bci<\/b>. <b>To<\/b> oznacza, \u017ce produkt mo\u017ce by\u0107 legalnie dystrybuowany tylko wtedy, gdy zawiera <b>Status zatwierdzonej nowej \u017cywno\u015bci<\/b> w\u0142asne. <b>Dlatego<\/b> etykietowanie jako suplement diety bez odpowiedniego zezwolenia jest w wielu przypadkach niezgodne z przepisami. <b>The<\/b> Producenci wysoko skoncentrowanych olej\u00f3w musz\u0105 przestrzega\u0107 tych z\u0142o\u017conych ram prawnych.<\/p>\n<h2><b>Zastosowanie i aspekty bezpiecze\u0144stwa<\/b><\/h2>\n<p>Olej jest zwykle stosowany <b>podj\u0119zykowy<\/b> (pod j\u0119zykiem). <b>To<\/b> umo\u017cliwia stosunkowo szybkie wch\u0142anianie przez b\u0142on\u0119 \u015bluzow\u0105 jamy ustnej.<\/p>\n<ul>\n<li><b>Precyzja dozowania:<\/b> <b>Ze wzgl\u0119du na<\/b> ekstremalnie wysokie st\u0119\u017cenie jest <b>Precyzyjne dozowanie<\/b> niezb\u0119dne. <b>The<\/b> zalecany <b>powolny wzrost<\/b> dawki jest wa\u017cnym wskazaniem. <b>Ty<\/b> s\u0142u\u017cy unikni\u0119ciu niepo\u017c\u0105danych skutk\u00f3w ubocznych.<\/li>\n<li><b>Olej no\u015bnikowy:<\/b> <b>The<\/b> Wykorzystanie <b>Olej z nasion konopi lub olej MCT<\/b> (\u015brednio\u0142a\u0144cuchowe tr\u00f3jglicerydy) jako olej no\u015bnikowy poprawia <b>Dost\u0119pno\u015b\u0107 biologiczna<\/b> rozpuszczalnego w t\u0142uszczach CBD w organizmie.<\/li>\n<\/ul>","protected":false},"excerpt":{"rendered":"<p data-start=\"2518\" data-end=\"2657\">Black CBD Oil 5000mg - wysoce skoncentrowany CBD dla maksymalnego relaksu, z\u0142agodzenia stresu i dobrego samopoczucia. Testowany laboratoryjnie i dostarczany w dyskretny spos\u00f3b.<\/p>","protected":false},"featured_media":7358,"comment_status":"open","ping_status":"closed","template":"","meta":{"_joinchat":[]},"product_brand":[],"product_cat":[53,62],"product_tag":[],"class_list":{"0":"post-7333","1":"product","2":"type-product","3":"status-publish","4":"has-post-thumbnail","6":"product_cat-dissociatives","7":"product_cat-marijuana","9":"first","10":"instock","11":"shipping-taxable","12":"purchasable","13":"product-type-variable"},"yoast_head":"<!-- This site is optimized with the Yoast SEO plugin v27.5 - https:\/\/yoast.com\/product\/yoast-seo-wordpress\/ -->\n<title>Black CBD Oil 5000mg kaufen | Hochkonzentriert &amp; Laborgepr\u00fcft<\/title>\n<meta name=\"description\" content=\"Black CBD Oil 5000mg online kaufen. Starkes CBD, laborgepr\u00fcft, f\u00fcr Entspannung, Stressabbau und Wohlbefinden. Diskreter Versand in Deutschland &amp; EU.\" \/>\n<meta name=\"robots\" content=\"index, follow, max-snippet:-1, max-image-preview:large, max-video-preview:-1\" \/>\n<link rel=\"canonical\" href=\"https:\/\/chemgramx.com\/pl\/produkt-1\/czarny-olej-cbd\/\" \/>\n<meta property=\"og:locale\" content=\"pl_PL\" \/>\n<meta property=\"og:type\" content=\"article\" \/>\n<meta property=\"og:title\" content=\"Black CBD Oil 5000mg kaufen | Hochkonzentriert &amp; Laborgepr\u00fcft\" \/>\n<meta property=\"og:description\" content=\"Black CBD Oil 5000mg online kaufen. Starkes CBD, laborgepr\u00fcft, f\u00fcr Entspannung, Stressabbau und Wohlbefinden. Diskreter Versand in Deutschland &amp; EU.\" \/>\n<meta property=\"og:url\" content=\"https:\/\/chemgramx.com\/pl\/produkt-1\/czarny-olej-cbd\/\" \/>\n<meta property=\"og:site_name\" content=\"Chemgramx\" \/>\n<meta property=\"article:modified_time\" content=\"2025-11-21T14:28:13+00:00\" \/>\n<meta property=\"og:image\" content=\"https:\/\/chemgramx.com\/wp-content\/uploads\/2025\/11\/black-cbd-oil-5000mg.webp\" \/>\n\t<meta property=\"og:image:width\" content=\"2560\" \/>\n\t<meta property=\"og:image:height\" content=\"2560\" \/>\n\t<meta property=\"og:image:type\" content=\"image\/webp\" \/>\n<meta name=\"twitter:card\" content=\"summary_large_image\" \/>\n<meta name=\"twitter:label1\" content=\"Szacowany czas czytania\" \/>\n\t<meta name=\"twitter:data1\" content=\"4 minuty\" \/>\n<script type=\"application\/ld+json\" class=\"yoast-schema-graph\">{\"@context\":\"https:\\\/\\\/schema.org\",\"@graph\":[{\"@type\":\"WebPage\",\"@id\":\"https:\\\/\\\/chemgramx.com\\\/product\\\/black-cbd-oil\\\/\",\"url\":\"https:\\\/\\\/chemgramx.com\\\/product\\\/black-cbd-oil\\\/\",\"name\":\"Black CBD Oil 5000mg kaufen | Hochkonzentriert &amp; Laborgepr\u00fcft\",\"isPartOf\":{\"@id\":\"https:\\\/\\\/chemgramx.com\\\/#website\"},\"primaryImageOfPage\":{\"@id\":\"https:\\\/\\\/chemgramx.com\\\/product\\\/black-cbd-oil\\\/#primaryimage\"},\"image\":{\"@id\":\"https:\\\/\\\/chemgramx.com\\\/product\\\/black-cbd-oil\\\/#primaryimage\"},\"thumbnailUrl\":\"https:\\\/\\\/chemgramx.com\\\/wp-content\\\/uploads\\\/2025\\\/11\\\/black-cbd-oil-5000mg.webp\",\"datePublished\":\"2025-11-21T11:15:13+00:00\",\"dateModified\":\"2025-11-21T14:28:13+00:00\",\"description\":\"Black CBD Oil 5000mg online kaufen. Starkes CBD, laborgepr\u00fcft, f\u00fcr Entspannung, Stressabbau und Wohlbefinden. Diskreter Versand in Deutschland &amp; EU.\",\"breadcrumb\":{\"@id\":\"https:\\\/\\\/chemgramx.com\\\/product\\\/black-cbd-oil\\\/#breadcrumb\"},\"inLanguage\":\"pl-PL\",\"potentialAction\":[{\"@type\":\"ReadAction\",\"target\":[\"https:\\\/\\\/chemgramx.com\\\/product\\\/black-cbd-oil\\\/\"]}]},{\"@type\":\"ImageObject\",\"inLanguage\":\"pl-PL\",\"@id\":\"https:\\\/\\\/chemgramx.com\\\/product\\\/black-cbd-oil\\\/#primaryimage\",\"url\":\"https:\\\/\\\/chemgramx.com\\\/wp-content\\\/uploads\\\/2025\\\/11\\\/black-cbd-oil-5000mg.webp\",\"contentUrl\":\"https:\\\/\\\/chemgramx.com\\\/wp-content\\\/uploads\\\/2025\\\/11\\\/black-cbd-oil-5000mg.webp\",\"width\":2560,\"height\":2560},{\"@type\":\"BreadcrumbList\",\"@id\":\"https:\\\/\\\/chemgramx.com\\\/product\\\/black-cbd-oil\\\/#breadcrumb\",\"itemListElement\":[{\"@type\":\"ListItem\",\"position\":1,\"name\":\"Home\",\"item\":\"https:\\\/\\\/chemgramx.com\\\/\"},{\"@type\":\"ListItem\",\"position\":2,\"name\":\"Shop\",\"item\":\"https:\\\/\\\/chemgramx.com\\\/shop\\\/\"},{\"@type\":\"ListItem\",\"position\":3,\"name\":\"Black CBD Oil\"}]},{\"@type\":\"WebSite\",\"@id\":\"https:\\\/\\\/chemgramx.com\\\/#website\",\"url\":\"https:\\\/\\\/chemgramx.com\\\/\",\"name\":\"Chemgramx\",\"description\":\"\",\"publisher\":{\"@id\":\"https:\\\/\\\/chemgramx.com\\\/#organization\"},\"potentialAction\":[{\"@type\":\"SearchAction\",\"target\":{\"@type\":\"EntryPoint\",\"urlTemplate\":\"https:\\\/\\\/chemgramx.com\\\/?s={search_term_string}\"},\"query-input\":{\"@type\":\"PropertyValueSpecification\",\"valueRequired\":true,\"valueName\":\"search_term_string\"}}],\"inLanguage\":\"pl-PL\"},{\"@type\":\"Organization\",\"@id\":\"https:\\\/\\\/chemgramx.com\\\/#organization\",\"name\":\"Chemgramx\",\"url\":\"https:\\\/\\\/chemgramx.com\\\/\",\"logo\":{\"@type\":\"ImageObject\",\"inLanguage\":\"pl-PL\",\"@id\":\"https:\\\/\\\/chemgramx.com\\\/#\\\/schema\\\/logo\\\/image\\\/\",\"url\":\"https:\\\/\\\/chemgramx.com\\\/wp-content\\\/uploads\\\/2024\\\/10\\\/final-logo.png\",\"contentUrl\":\"https:\\\/\\\/chemgramx.com\\\/wp-content\\\/uploads\\\/2024\\\/10\\\/final-logo.png\",\"width\":250,\"height\":48,\"caption\":\"Chemgramx\"},\"image\":{\"@id\":\"https:\\\/\\\/chemgramx.com\\\/#\\\/schema\\\/logo\\\/image\\\/\"}}]}<\/script>\n<!-- \/ Yoast SEO plugin. -->","yoast_head_json":{"title":"Kup czarny olej CBD 5000mg | Wysoce skoncentrowany i przetestowany laboratoryjnie","description":"Kup czarny olej CBD 5000mg online. Silne CBD, testowane laboratoryjnie, dla relaksu, redukcji stresu i dobrego samopoczucia. Dyskretna wysy\u0142ka na terenie Niemiec i UE.","robots":{"index":"index","follow":"follow","max-snippet":"max-snippet:-1","max-image-preview":"max-image-preview:large","max-video-preview":"max-video-preview:-1"},"canonical":"https:\/\/chemgramx.com\/pl\/produkt-1\/czarny-olej-cbd\/","og_locale":"pl_PL","og_type":"article","og_title":"Black CBD Oil 5000mg kaufen | Hochkonzentriert &amp; Laborgepr\u00fcft","og_description":"Black CBD Oil 5000mg online kaufen. Starkes CBD, laborgepr\u00fcft, f\u00fcr Entspannung, Stressabbau und Wohlbefinden. Diskreter Versand in Deutschland &amp; EU.","og_url":"https:\/\/chemgramx.com\/pl\/produkt-1\/czarny-olej-cbd\/","og_site_name":"Chemgramx","article_modified_time":"2025-11-21T14:28:13+00:00","og_image":[{"width":2560,"height":2560,"url":"https:\/\/chemgramx.com\/wp-content\/uploads\/2025\/11\/black-cbd-oil-5000mg.webp","type":"image\/webp"}],"twitter_card":"summary_large_image","twitter_misc":{"Szacowany czas czytania":"4 minuty"},"schema":{"@context":"https:\/\/schema.org","@graph":[{"@type":"WebPage","@id":"https:\/\/chemgramx.com\/product\/black-cbd-oil\/","url":"https:\/\/chemgramx.com\/product\/black-cbd-oil\/","name":"Kup czarny olej CBD 5000mg | Wysoce skoncentrowany i przetestowany laboratoryjnie","isPartOf":{"@id":"https:\/\/chemgramx.com\/#website"},"primaryImageOfPage":{"@id":"https:\/\/chemgramx.com\/product\/black-cbd-oil\/#primaryimage"},"image":{"@id":"https:\/\/chemgramx.com\/product\/black-cbd-oil\/#primaryimage"},"thumbnailUrl":"https:\/\/chemgramx.com\/wp-content\/uploads\/2025\/11\/black-cbd-oil-5000mg.webp","datePublished":"2025-11-21T11:15:13+00:00","dateModified":"2025-11-21T14:28:13+00:00","description":"Kup czarny olej CBD 5000mg online. Silne CBD, testowane laboratoryjnie, dla relaksu, redukcji stresu i dobrego samopoczucia. Dyskretna wysy\u0142ka na terenie Niemiec i UE.","breadcrumb":{"@id":"https:\/\/chemgramx.com\/product\/black-cbd-oil\/#breadcrumb"},"inLanguage":"pl-PL","potentialAction":[{"@type":"ReadAction","target":["https:\/\/chemgramx.com\/product\/black-cbd-oil\/"]}]},{"@type":"ImageObject","inLanguage":"pl-PL","@id":"https:\/\/chemgramx.com\/product\/black-cbd-oil\/#primaryimage","url":"https:\/\/chemgramx.com\/wp-content\/uploads\/2025\/11\/black-cbd-oil-5000mg.webp","contentUrl":"https:\/\/chemgramx.com\/wp-content\/uploads\/2025\/11\/black-cbd-oil-5000mg.webp","width":2560,"height":2560},{"@type":"BreadcrumbList","@id":"https:\/\/chemgramx.com\/product\/black-cbd-oil\/#breadcrumb","itemListElement":[{"@type":"ListItem","position":1,"name":"Home","item":"https:\/\/chemgramx.com\/"},{"@type":"ListItem","position":2,"name":"Shop","item":"https:\/\/chemgramx.com\/shop\/"},{"@type":"ListItem","position":3,"name":"Black CBD Oil"}]},{"@type":"WebSite","@id":"https:\/\/chemgramx.com\/#website","url":"https:\/\/chemgramx.com\/","name":"Chemgramx","description":"","publisher":{"@id":"https:\/\/chemgramx.com\/#organization"},"potentialAction":[{"@type":"SearchAction","target":{"@type":"EntryPoint","urlTemplate":"https:\/\/chemgramx.com\/?s={search_term_string}"},"query-input":{"@type":"PropertyValueSpecification","valueRequired":true,"valueName":"search_term_string"}}],"inLanguage":"pl-PL"},{"@type":"Organization","@id":"https:\/\/chemgramx.com\/#organization","name":"Chemgramx","url":"https:\/\/chemgramx.com\/","logo":{"@type":"ImageObject","inLanguage":"pl-PL","@id":"https:\/\/chemgramx.com\/#\/schema\/logo\/image\/","url":"https:\/\/chemgramx.com\/wp-content\/uploads\/2024\/10\/final-logo.png","contentUrl":"https:\/\/chemgramx.com\/wp-content\/uploads\/2024\/10\/final-logo.png","width":250,"height":48,"caption":"Chemgramx"},"image":{"@id":"https:\/\/chemgramx.com\/#\/schema\/logo\/image\/"}}]}},"_links":{"self":[{"href":"https:\/\/chemgramx.com\/pl\/wp-json\/wp\/v2\/product\/7333","targetHints":{"allow":["GET"]}}],"collection":[{"href":"https:\/\/chemgramx.com\/pl\/wp-json\/wp\/v2\/product"}],"about":[{"href":"https:\/\/chemgramx.com\/pl\/wp-json\/wp\/v2\/types\/product"}],"replies":[{"embeddable":true,"href":"https:\/\/chemgramx.com\/pl\/wp-json\/wp\/v2\/comments?post=7333"}],"wp:featuredmedia":[{"embeddable":true,"href":"https:\/\/chemgramx.com\/pl\/wp-json\/wp\/v2\/media\/7358"}],"wp:attachment":[{"href":"https:\/\/chemgramx.com\/pl\/wp-json\/wp\/v2\/media?parent=7333"}],"wp:term":[{"taxonomy":"product_brand","embeddable":true,"href":"https:\/\/chemgramx.com\/pl\/wp-json\/wp\/v2\/product_brand?post=7333"},{"taxonomy":"product_cat","embeddable":true,"href":"https:\/\/chemgramx.com\/pl\/wp-json\/wp\/v2\/product_cat?post=7333"},{"taxonomy":"product_tag","embeddable":true,"href":"https:\/\/chemgramx.com\/pl\/wp-json\/wp\/v2\/product_tag?post=7333"}],"curies":[{"name":"wp","href":"https:\/\/api.w.org\/{rel}","templated":true}]}}