{"id":7334,"date":"2025-11-21T11:15:13","date_gmt":"2025-11-21T11:15:13","guid":{"rendered":"https:\/\/chemgramx.com\/?post_type=product&#038;p=7334"},"modified":"2025-11-21T11:17:03","modified_gmt":"2025-11-21T11:17:03","slug":"afghani-kush-17-25-thc","status":"publish","type":"product","link":"https:\/\/chemgramx.com\/pl\/product\/afghani-kush-17-25-thc\/","title":{"rendered":"Afghani kush 17 - 25% THC"},"content":{"rendered":"<p><b>Afghani Kush<\/b> to znacznie wi\u0119cej ni\u017c tylko odmiana konopi; <b>oni<\/b> jest <b>\u017bywe \u015bwiadectwo historii konopi indyjskich<\/b>. <b>Ty<\/b> jest jednym z <b>najstarsze i najbardziej znane czyste rasy Indica<\/b> na ca\u0142ym \u015bwiecie. <b>Tw\u00f3j<\/b> Jego pocz\u0105tki si\u0119gaj\u0105 niego\u015bcinnych, wysoko po\u0142o\u017conych g\u00f3rskich region\u00f3w Afganistanu, a dok\u0142adniej <b>G\u00f3ry Hindukusz<\/b>. <b>Te<\/b> kultowa odmiana s\u0142ynie z <b>\u017cywiczne, g\u0119ste kwiaty<\/b>, ich g\u0142\u0119boki, ziemisty smak i ich <b>Bezkonkurencyjny, silny efekt uspokajaj\u0105cy<\/b>. <b>W konsekwencji<\/b> Afghani Kush s\u0142u\u017cy jako podstawa genetyczna dla niezliczonych nowoczesnych szczep\u00f3w hybrydowych z dominacj\u0105 Indica i dlatego jest wa\u017cnym obiektem bada\u0144. <b>W rzeczywisto\u015bci<\/b> Oferuje siln\u0105 zawarto\u015b\u0107 THC pomi\u0119dzy <b>17 % i 25 %<\/b> g\u0142\u0119boki relaks fizyczny, kt\u00f3ry oddaje istot\u0119 tradycyjnej kultury Indica.<\/p>\n<h2><b>Genetyka odporno\u015bci: ewolucja w Hindukuszu<\/b><\/h2>\n<p>Afghani Kush to prawie <b>100 % czysta odmiana l\u0105dowa Indica<\/b>. <b>Ty<\/b> jest uprawiana w niezmienionej formie w regionie, z kt\u00f3rego pochodzi, od stuleci. <b>Tw\u00f3j<\/b> Genetyka jest bezpo\u015brednim wynikiem <b>ekstremalne warunki \u015brodowiskowe<\/b> w wysokich g\u00f3rach.<\/p>\n<h4><b>Adaptacja do klimatu wysokog\u00f3rskiego<\/b><\/h4>\n<ul>\n<li><b>Wysoka wytrzyma\u0142o\u015b\u0107:<\/b> Surowy klimat regionu wysokog\u00f3rskiego, charakteryzuj\u0105cy si\u0119 <b>Kr\u00f3tkie lata i zimne noce<\/b>, zmusi\u0142a ro\u015bliny do rozwini\u0119cia wyj\u0105tkowej wytrzyma\u0142o\u015bci. <b>Dlatego<\/b> ro\u015bliny s\u0105 z natury <b>kr\u00f3tki, krzaczasty<\/b> i odporne na szkodniki i ple\u015b\u0144.<\/li>\n<li><b>Wysoka produkcja \u017cywicy (trichomy):<\/b> Jako biologiczny mechanizm obronny przed ekstremalnym promieniowaniem UV i susz\u0105 na wy\u017cynach, Afghani Kush rozwin\u0119\u0142o <b>wyj\u0105tkowo g\u0119sty, lepki <a href=\"\/product\/ultimate-mushroom-kaufen\/\">Warstwa \u017cywicy<\/a><\/b>. <b>Te<\/b> Trichomy to miejsca produkcji kannabinoid\u00f3w i terpen\u00f3w. <b>Dlatego<\/b> Ta genetyka historycznie tworzy <b>Podstawa<\/b> do produkcji tradycyjnego haszyszu (takiego jak <b>Charas<\/b>) w regionie.<\/li>\n<li><b>Podstawy wsp\u00f3\u0142czesnej genetyki:<\/b> Czysto\u015b\u0107 genetyczna i stabilno\u015b\u0107 Afghani Kush s\u0105 nieocenione. <b>Ty<\/b> tworzy <b>podstawy ewolucyjne i hodowlane<\/b> dla niezliczonych nowoczesnych odmian hybrydowych z dominacj\u0105 Indica na ca\u0142ym \u015bwiecie. <b>Kto<\/b> Je\u015bli chcesz zrozumie\u0107 korzenie kultury Indica, musisz przestudiowa\u0107 t\u0119 odmian\u0119.<\/li>\n<\/ul>\n<h2><b>Smak, terpeny i autentyczny zapach Kush<\/b><\/h2>\n<p>Smak Afghani Kush jest jednym z jego <b>Charakterystyka definiuj\u0105ca<\/b> - autentyczny, prawdziwy i g\u0142\u0119boki. <b>To<\/b> to zapach, kt\u00f3ry opowiada o szorstkiej ziemi i \u017cywicznych lasach swojej ojczyzny. <b>To<\/b> O intensywnym, ciep\u0142ym smaku decyduj\u0105 przede wszystkim trzy dominuj\u0105ce terpeny, kt\u00f3re w znacznym stopniu przyczyniaj\u0105 si\u0119 do efektu:<\/p>\n<ul>\n<li><b>Myrcene (ziemisty, uspokajaj\u0105cy):<\/b> <b>Jak<\/b> mircen, najobficiej wyst\u0119puj\u0105cy terpen w konopiach indyjskich, odgrywa kluczow\u0105 rol\u0119. <b>To<\/b> jest dla <b>klasyczna ziemista i lekko s\u0142odka nuta bazy<\/b> i jest farmakologicznie silnie zwi\u0105zany z <b>dzia\u0142anie uspokajaj\u0105ce, uspokajaj\u0105ce<\/b> zwi\u0105zane z nim.<\/li>\n<li><b>Beta-kariofilen (ostry, przeciwzapalny):<\/b> <b>To<\/b> Terpen nadaje tej odmianie jej <b>korzenne, drzewne nuty<\/b>. <b>To<\/b> jest jedynym terpenem, kt\u00f3ry wi\u0105\u017ce si\u0119 bezpo\u015brednio z receptorami kannabinoidowymi (CB2), dlatego jest tak wa\u017cny ze wzgl\u0119du na swoje w\u0142a\u015bciwo\u015bci. <b>Potencjalne w\u0142a\u015bciwo\u015bci przeciwzapalne<\/b> jest analizowany.<\/li>\n<li><b>Limonene \/ Pinene (\u017cywiczny, \u015bwie\u017cy):<\/b> <b>Nuty<\/b> Sosna i \u015bwie\u017ce zio\u0142a dope\u0142niaj\u0105 profil. <b>Te<\/b> wskazuje na <b>Wysokie st\u0119\u017cenie \u017cywicy<\/b> kwiat\u00f3w.<\/li>\n<\/ul>\n<p><b>Zu\u017cycie<\/b> rozwija si\u0119 g\u0142\u0119boki, naturalny smak, kt\u00f3ry przypomina <b>\u015bwie\u017ca ziemia i s\u0142odka \u017cywica haszyszowa<\/b> przypomina. <b>W konsekwencji<\/b> Ten autentyczny profil terpenowy zapewnia d\u0142ugotrwa\u0142e doznania sensoryczne.<\/p>\n<h2><b>Efekt, moc THC i \u201ehaj cia\u0142a\u201c<\/b><\/h2>\n<p>Z zawarto\u015bci\u0105 THC pomi\u0119dzy <b>17 % i 25 %<\/b> k\u0142amstwa, Afghani Kush to <b>pot\u0119\u017cna r\u00f3\u017cnorodno\u015b\u0107<\/b>. <b>Tw\u00f3j<\/b> Zestawy efekt\u00f3w <b>Mocny, szybki i trwa\u0142y<\/b> w. <b>Ty<\/b> jest uosobieniem indica i oznacza ca\u0142kowite fizyczne odpr\u0119\u017cenie, tzw. <b>\u201eBody-High\u201c<\/b>.<\/p>\n<ul>\n<li><b>G\u0142\u0119boki relaks:<\/b> <b>Ju\u017c<\/b> Po kr\u00f3tkim czasie <b>G\u0142\u0119boki, uspokajaj\u0105cy efekt<\/b> kt\u00f3re wielu u\u017cytkownik\u00f3w opisuje jako intensywny fizyczny spok\u00f3j.<\/li>\n<li><b>Redukcja stresu i napi\u0119cia:<\/b> <b>The<\/b> odmiana jest idealna dla <b>Stres, wewn\u0119trzne napi\u0119cie i nerwowo\u015b\u0107<\/b> zauwa\u017calnie i zach\u0119caj\u0105 do wy\u0142\u0105czenia.<\/li>\n<li><b>Promocja snu:<\/b> <b>Ze wzgl\u0119du na<\/b> jego silne w\u0142a\u015bciwo\u015bci uspokajaj\u0105ce, jest cz\u0119sto stosowany wyra\u017anie ze wzgl\u0119du na jego <b>efekt promuj\u0105cy sen<\/b> doceniane, co sprawia, \u017ce <b>idealne urozmaicenie na wiecz\u00f3r<\/b> sprawia.<\/li>\n<li><b>Stymulacja apetytu:<\/b> <b>Ponadto<\/b> mo\u017ce przyczynia\u0107 si\u0119 do zwi\u0119kszenia apetytu (efekt munchies).<\/li>\n<\/ul>\n<p><b>Wysoka moc<\/b> nie nale\u017cy lekcewa\u017cy\u0107. <b>Ty<\/b> gwarantuje <b>Sp\u00f3jno\u015b\u0107 i g\u0142\u0119bia efektu<\/b>, co nowoczesne, cz\u0119sto rozwodnione odmiany hybrydowe rzadko osi\u0105gaj\u0105.<\/p>\n<h2><b>Standardy jako\u015bci i zgodno\u015b\u0107 z przepisami<\/b><\/h2>\n<p><b>Do bada\u0144<\/b> Aby zachowa\u0107 zgodno\u015b\u0107 z przepisami prawa, niezb\u0119dne jest przestrzeganie rygorystycznych norm jako\u015bci. <b>Dlatego<\/b> musi by\u0107 <b>Czysto\u015b\u0107 genetyczna<\/b> i <b>Zgodno\u015b\u0107 z zawarto\u015bci\u0105 THC<\/b> mo\u017cna udowodni\u0107.<\/p>\n<ul>\n<li><b>Przejrzysto\u015b\u0107 analityczna:<\/b> <b>Prawdziwy<\/b> Wymagane s\u0105 certyfikaty analizy (CoA). <b>Te<\/b> gwarantuj\u0105 deklarowan\u0105 zawarto\u015b\u0107 THC i <b>Brak szkodliwych substancji<\/b> (pestycydy, metale ci\u0119\u017ckie).<\/li>\n<li><b>Sytuacja prawna w Niemczech:<\/b> Nale\u017cy jednoznacznie podkre\u015bli\u0107, \u017ce <b>Afghani Kush<\/b> ze wzgl\u0119du na zawarto\u015b\u0107 THC w Niemczech w ramach <b>Ustawa o \u015brodkach odurzaj\u0105cych (BtMG)<\/b> lub <b>Ustawa o konopiach indyjskich dla konsument\u00f3w (KCanG)<\/b> spada. <b>Z tego wynika<\/b>, \u017ce <b>Nabycie, posiadanie lub handel nielegalne<\/b> chyba \u017ce istnieje recepta lekarska lub oficjalne zezwolenie. <b>Dlatego<\/b> te szczeg\u00f3\u0142owe informacje <b>cele czysto naukowe, botaniczne i informacyjne<\/b>. <b>Ty<\/b> zastosowanie <b>ani konsumpcja, ani nielegalne nabycie<\/b>.<\/li>\n<\/ul>","protected":false},"excerpt":{"rendered":"<p data-start=\"3534\" data-end=\"3671\">Afghani Kush - czysta Indica z 17-25 % THC. Ziemisty smak, g\u0142\u0119boki relaks i tradycyjna jako\u015b\u0107 z g\u00f3r Hindukusz.<\/p>","protected":false},"featured_media":7359,"comment_status":"open","ping_status":"closed","template":"","meta":{"_joinchat":[]},"product_brand":[],"product_cat":[62],"product_tag":[],"class_list":{"0":"post-7334","1":"product","2":"type-product","3":"status-publish","4":"has-post-thumbnail","6":"product_cat-marijuana","8":"first","9":"instock","10":"shipping-taxable","11":"purchasable","12":"product-type-variable"},"yoast_head":"<!-- This site is optimized with the Yoast SEO plugin v27.5 - https:\/\/yoast.com\/product\/yoast-seo-wordpress\/ -->\n<title>Afghani Kush kaufen | 17\u201325% THC reine Indica<\/title>\n<meta name=\"description\" content=\"Afghani Kush kaufen \u2013 17\u201325% THC, erdig-w\u00fcrziges Aroma und tiefe Entspannung. Reine Indica mit traditioneller Qualit\u00e4t, diskret geliefert.\" \/>\n<meta name=\"robots\" content=\"index, follow, max-snippet:-1, max-image-preview:large, max-video-preview:-1\" \/>\n<link rel=\"canonical\" href=\"https:\/\/chemgramx.com\/pl\/produkt-1\/afghani-kush-17-25-thc\/\" \/>\n<meta property=\"og:locale\" content=\"pl_PL\" \/>\n<meta property=\"og:type\" content=\"article\" \/>\n<meta property=\"og:title\" content=\"Afghani Kush kaufen | 17\u201325% THC reine Indica\" \/>\n<meta property=\"og:description\" content=\"Afghani Kush kaufen \u2013 17\u201325% THC, erdig-w\u00fcrziges Aroma und tiefe Entspannung. Reine Indica mit traditioneller Qualit\u00e4t, diskret geliefert.\" \/>\n<meta property=\"og:url\" content=\"https:\/\/chemgramx.com\/pl\/produkt-1\/afghani-kush-17-25-thc\/\" \/>\n<meta property=\"og:site_name\" content=\"Chemgramx\" \/>\n<meta property=\"article:modified_time\" content=\"2025-11-21T11:17:03+00:00\" \/>\n<meta property=\"og:image\" content=\"https:\/\/chemgramx.com\/wp-content\/uploads\/2025\/11\/afghani-kush-17-25-thc.jpg\" \/>\n\t<meta property=\"og:image:width\" content=\"800\" \/>\n\t<meta property=\"og:image:height\" content=\"800\" \/>\n\t<meta property=\"og:image:type\" content=\"image\/jpeg\" \/>\n<meta name=\"twitter:card\" content=\"summary_large_image\" \/>\n<meta name=\"twitter:label1\" content=\"Szacowany czas czytania\" \/>\n\t<meta name=\"twitter:data1\" content=\"4 minuty\" \/>\n<script type=\"application\/ld+json\" class=\"yoast-schema-graph\">{\"@context\":\"https:\\\/\\\/schema.org\",\"@graph\":[{\"@type\":\"WebPage\",\"@id\":\"https:\\\/\\\/chemgramx.com\\\/product\\\/afghani-kush-17-25-thc\\\/\",\"url\":\"https:\\\/\\\/chemgramx.com\\\/product\\\/afghani-kush-17-25-thc\\\/\",\"name\":\"Afghani Kush kaufen | 17\u201325% THC reine Indica\",\"isPartOf\":{\"@id\":\"https:\\\/\\\/chemgramx.com\\\/#website\"},\"primaryImageOfPage\":{\"@id\":\"https:\\\/\\\/chemgramx.com\\\/product\\\/afghani-kush-17-25-thc\\\/#primaryimage\"},\"image\":{\"@id\":\"https:\\\/\\\/chemgramx.com\\\/product\\\/afghani-kush-17-25-thc\\\/#primaryimage\"},\"thumbnailUrl\":\"https:\\\/\\\/chemgramx.com\\\/wp-content\\\/uploads\\\/2025\\\/11\\\/afghani-kush-17-25-thc.jpg\",\"datePublished\":\"2025-11-21T11:15:13+00:00\",\"dateModified\":\"2025-11-21T11:17:03+00:00\",\"description\":\"Afghani Kush kaufen \u2013 17\u201325% THC, erdig-w\u00fcrziges Aroma und tiefe Entspannung. Reine Indica mit traditioneller Qualit\u00e4t, diskret geliefert.\",\"breadcrumb\":{\"@id\":\"https:\\\/\\\/chemgramx.com\\\/product\\\/afghani-kush-17-25-thc\\\/#breadcrumb\"},\"inLanguage\":\"pl-PL\",\"potentialAction\":[{\"@type\":\"ReadAction\",\"target\":[\"https:\\\/\\\/chemgramx.com\\\/product\\\/afghani-kush-17-25-thc\\\/\"]}]},{\"@type\":\"ImageObject\",\"inLanguage\":\"pl-PL\",\"@id\":\"https:\\\/\\\/chemgramx.com\\\/product\\\/afghani-kush-17-25-thc\\\/#primaryimage\",\"url\":\"https:\\\/\\\/chemgramx.com\\\/wp-content\\\/uploads\\\/2025\\\/11\\\/afghani-kush-17-25-thc.jpg\",\"contentUrl\":\"https:\\\/\\\/chemgramx.com\\\/wp-content\\\/uploads\\\/2025\\\/11\\\/afghani-kush-17-25-thc.jpg\",\"width\":800,\"height\":800},{\"@type\":\"BreadcrumbList\",\"@id\":\"https:\\\/\\\/chemgramx.com\\\/product\\\/afghani-kush-17-25-thc\\\/#breadcrumb\",\"itemListElement\":[{\"@type\":\"ListItem\",\"position\":1,\"name\":\"Home\",\"item\":\"https:\\\/\\\/chemgramx.com\\\/\"},{\"@type\":\"ListItem\",\"position\":2,\"name\":\"Shop\",\"item\":\"https:\\\/\\\/chemgramx.com\\\/shop\\\/\"},{\"@type\":\"ListItem\",\"position\":3,\"name\":\"Afghani kush 17 \u2013 25% THC\"}]},{\"@type\":\"WebSite\",\"@id\":\"https:\\\/\\\/chemgramx.com\\\/#website\",\"url\":\"https:\\\/\\\/chemgramx.com\\\/\",\"name\":\"Chemgramx\",\"description\":\"\",\"publisher\":{\"@id\":\"https:\\\/\\\/chemgramx.com\\\/#organization\"},\"potentialAction\":[{\"@type\":\"SearchAction\",\"target\":{\"@type\":\"EntryPoint\",\"urlTemplate\":\"https:\\\/\\\/chemgramx.com\\\/?s={search_term_string}\"},\"query-input\":{\"@type\":\"PropertyValueSpecification\",\"valueRequired\":true,\"valueName\":\"search_term_string\"}}],\"inLanguage\":\"pl-PL\"},{\"@type\":\"Organization\",\"@id\":\"https:\\\/\\\/chemgramx.com\\\/#organization\",\"name\":\"Chemgramx\",\"url\":\"https:\\\/\\\/chemgramx.com\\\/\",\"logo\":{\"@type\":\"ImageObject\",\"inLanguage\":\"pl-PL\",\"@id\":\"https:\\\/\\\/chemgramx.com\\\/#\\\/schema\\\/logo\\\/image\\\/\",\"url\":\"https:\\\/\\\/chemgramx.com\\\/wp-content\\\/uploads\\\/2024\\\/10\\\/final-logo.png\",\"contentUrl\":\"https:\\\/\\\/chemgramx.com\\\/wp-content\\\/uploads\\\/2024\\\/10\\\/final-logo.png\",\"width\":250,\"height\":48,\"caption\":\"Chemgramx\"},\"image\":{\"@id\":\"https:\\\/\\\/chemgramx.com\\\/#\\\/schema\\\/logo\\\/image\\\/\"}}]}<\/script>\n<!-- \/ Yoast SEO plugin. -->","yoast_head_json":{"title":"Kup Afghani Kush | 17-25% THC czysta Indica","description":"Kup Afghani Kush - 17-25% THC, ziemisto-korzenny smak i g\u0142\u0119boki relaks. Czysta Indica o tradycyjnej jako\u015bci, dostarczana dyskretnie.","robots":{"index":"index","follow":"follow","max-snippet":"max-snippet:-1","max-image-preview":"max-image-preview:large","max-video-preview":"max-video-preview:-1"},"canonical":"https:\/\/chemgramx.com\/pl\/produkt-1\/afghani-kush-17-25-thc\/","og_locale":"pl_PL","og_type":"article","og_title":"Afghani Kush kaufen | 17\u201325% THC reine Indica","og_description":"Afghani Kush kaufen \u2013 17\u201325% THC, erdig-w\u00fcrziges Aroma und tiefe Entspannung. Reine Indica mit traditioneller Qualit\u00e4t, diskret geliefert.","og_url":"https:\/\/chemgramx.com\/pl\/produkt-1\/afghani-kush-17-25-thc\/","og_site_name":"Chemgramx","article_modified_time":"2025-11-21T11:17:03+00:00","og_image":[{"width":800,"height":800,"url":"https:\/\/chemgramx.com\/wp-content\/uploads\/2025\/11\/afghani-kush-17-25-thc.jpg","type":"image\/jpeg"}],"twitter_card":"summary_large_image","twitter_misc":{"Szacowany czas czytania":"4 minuty"},"schema":{"@context":"https:\/\/schema.org","@graph":[{"@type":"WebPage","@id":"https:\/\/chemgramx.com\/product\/afghani-kush-17-25-thc\/","url":"https:\/\/chemgramx.com\/product\/afghani-kush-17-25-thc\/","name":"Kup Afghani Kush | 17-25% THC czysta Indica","isPartOf":{"@id":"https:\/\/chemgramx.com\/#website"},"primaryImageOfPage":{"@id":"https:\/\/chemgramx.com\/product\/afghani-kush-17-25-thc\/#primaryimage"},"image":{"@id":"https:\/\/chemgramx.com\/product\/afghani-kush-17-25-thc\/#primaryimage"},"thumbnailUrl":"https:\/\/chemgramx.com\/wp-content\/uploads\/2025\/11\/afghani-kush-17-25-thc.jpg","datePublished":"2025-11-21T11:15:13+00:00","dateModified":"2025-11-21T11:17:03+00:00","description":"Kup Afghani Kush - 17-25% THC, ziemisto-korzenny smak i g\u0142\u0119boki relaks. Czysta Indica o tradycyjnej jako\u015bci, dostarczana dyskretnie.","breadcrumb":{"@id":"https:\/\/chemgramx.com\/product\/afghani-kush-17-25-thc\/#breadcrumb"},"inLanguage":"pl-PL","potentialAction":[{"@type":"ReadAction","target":["https:\/\/chemgramx.com\/product\/afghani-kush-17-25-thc\/"]}]},{"@type":"ImageObject","inLanguage":"pl-PL","@id":"https:\/\/chemgramx.com\/product\/afghani-kush-17-25-thc\/#primaryimage","url":"https:\/\/chemgramx.com\/wp-content\/uploads\/2025\/11\/afghani-kush-17-25-thc.jpg","contentUrl":"https:\/\/chemgramx.com\/wp-content\/uploads\/2025\/11\/afghani-kush-17-25-thc.jpg","width":800,"height":800},{"@type":"BreadcrumbList","@id":"https:\/\/chemgramx.com\/product\/afghani-kush-17-25-thc\/#breadcrumb","itemListElement":[{"@type":"ListItem","position":1,"name":"Home","item":"https:\/\/chemgramx.com\/"},{"@type":"ListItem","position":2,"name":"Shop","item":"https:\/\/chemgramx.com\/shop\/"},{"@type":"ListItem","position":3,"name":"Afghani kush 17 \u2013 25% THC"}]},{"@type":"WebSite","@id":"https:\/\/chemgramx.com\/#website","url":"https:\/\/chemgramx.com\/","name":"Chemgramx","description":"","publisher":{"@id":"https:\/\/chemgramx.com\/#organization"},"potentialAction":[{"@type":"SearchAction","target":{"@type":"EntryPoint","urlTemplate":"https:\/\/chemgramx.com\/?s={search_term_string}"},"query-input":{"@type":"PropertyValueSpecification","valueRequired":true,"valueName":"search_term_string"}}],"inLanguage":"pl-PL"},{"@type":"Organization","@id":"https:\/\/chemgramx.com\/#organization","name":"Chemgramx","url":"https:\/\/chemgramx.com\/","logo":{"@type":"ImageObject","inLanguage":"pl-PL","@id":"https:\/\/chemgramx.com\/#\/schema\/logo\/image\/","url":"https:\/\/chemgramx.com\/wp-content\/uploads\/2024\/10\/final-logo.png","contentUrl":"https:\/\/chemgramx.com\/wp-content\/uploads\/2024\/10\/final-logo.png","width":250,"height":48,"caption":"Chemgramx"},"image":{"@id":"https:\/\/chemgramx.com\/#\/schema\/logo\/image\/"}}]}},"_links":{"self":[{"href":"https:\/\/chemgramx.com\/pl\/wp-json\/wp\/v2\/product\/7334","targetHints":{"allow":["GET"]}}],"collection":[{"href":"https:\/\/chemgramx.com\/pl\/wp-json\/wp\/v2\/product"}],"about":[{"href":"https:\/\/chemgramx.com\/pl\/wp-json\/wp\/v2\/types\/product"}],"replies":[{"embeddable":true,"href":"https:\/\/chemgramx.com\/pl\/wp-json\/wp\/v2\/comments?post=7334"}],"wp:featuredmedia":[{"embeddable":true,"href":"https:\/\/chemgramx.com\/pl\/wp-json\/wp\/v2\/media\/7359"}],"wp:attachment":[{"href":"https:\/\/chemgramx.com\/pl\/wp-json\/wp\/v2\/media?parent=7334"}],"wp:term":[{"taxonomy":"product_brand","embeddable":true,"href":"https:\/\/chemgramx.com\/pl\/wp-json\/wp\/v2\/product_brand?post=7334"},{"taxonomy":"product_cat","embeddable":true,"href":"https:\/\/chemgramx.com\/pl\/wp-json\/wp\/v2\/product_cat?post=7334"},{"taxonomy":"product_tag","embeddable":true,"href":"https:\/\/chemgramx.com\/pl\/wp-json\/wp\/v2\/product_tag?post=7334"}],"curies":[{"name":"wp","href":"https:\/\/api.w.org\/{rel}","templated":true}]}}